{"id":20293,"date":"2022-04-28T17:15:03","date_gmt":"2022-04-28T15:15:03","guid":{"rendered":"https:\/\/sonimat.com\/?page_id=20293"},"modified":"2024-12-10T14:06:43","modified_gmt":"2024-12-10T13:06:43","slug":"recycling-composite-materials","status":"publish","type":"page","link":"https:\/\/sonimat.com\/en\/composite-cutting-and-welding\/recycling-composite-materials\/","title":{"rendered":"Recycling composite materials"},"content":{"rendered":"<div class=\"wpb-content-wrapper\"><p>[vc_row][vc_column][vc_row_inner content_placement=&#8221;middle&#8221; gap=&#8221;35&#8243;][vc_column_inner width=&#8221;2\/3&#8243;][vc_column_text]<\/p>\n<h2>Recycling composite materials<\/h2>\n<p>Composite materials are used in many high-tech sectors such as energy, aerospace, defence as well as sports and leisure. Indeed, they have <strong>great mechanical properties, such as solidity, strength and lightness<\/strong>, characteristics sought after by these sectors.<\/p>\n<p>However, composite materials generate a large amount of waste during manufacturing (scrap material, consumables, etc.) as well as during the dismantling\/scrapping of parts.<\/p>\n<p>So the question of recycling these heterogeneous and complex materials arises, and <strong>there are solutions to give them a second life<\/strong>.[\/vc_column_text][vc_column_text]<\/p>\n<h3><span lang=\"EN-GB\">WHY CHOOSE SONIMAT?<\/span><\/h3>\n<ul>\n<li>30 years of know-how in the cutting and assembly of composite materials<\/li>\n<li>Expert in the design and manufacture of specially designed machines<\/li>\n<li>Mastery of the composite materials transformation processes<\/li>\n<\/ul>\n<p>[\/vc_column_text][\/vc_column_inner][vc_column_inner width=&#8221;1\/3&#8243;]<div class=\"ult-content-box-container downloadform\" >\t<a class=\"ult-content-box-anchor\" href=\"https:\/\/sonimat.com\/telechargements\/\" title=\"T\u00e9l\u00e9chargez notre flyer d\u00e9di\u00e9 sur le recyclage des composites!\" target=\"_blank\" rel=\"noopener\" >\t\t<div class=\"ult-content-box\" style=\"background-color:rgba(0,157,224,0.15);box-shadow: px px px px none;padding:15px;margin-top:5px;margin-right:15px;margin-bottom:5px;margin-left:15px;min-height:250px;-webkit-transition: all 700ms ease;-moz-transition: all 700ms ease;-ms-transition: all 700ms ease;-o-transition: all 700ms ease;transition: all 700ms ease;\"  data-hover_bg_color=\"rgba(205,91,27,0.15)\"  data-hover_box_shadow=\"none\"    data-normal_margins=\"margin-top:5px;margin-right:15px;margin-bottom:5px;margin-left:15px;\"   data-bg=\"rgba(0,157,224,0.15)\" >[vc_single_image image=&#8221;30128&#8243; img_size=&#8221;150&#215;212&#8243; alignment=&#8221;center&#8221;][vc_column_text]<\/p>\n<p style=\"text-align: center;\"><span style=\"color: #2f3787;\"><strong>Download our complete brochure on the recycling of composite materials<\/strong><\/span><\/p>\n<p>[\/vc_column_text][vc_btn title=&#8221;Download&#8221; style=&#8221;custom&#8221; custom_background=&#8221;#cd5b1b&#8221; custom_text=&#8221;#ffffff&#8221; size=&#8221;lg&#8221; align=&#8221;center&#8221; i_icon_fontawesome=&#8221;fas fa-file-download&#8221; add_icon=&#8221;true&#8221; link=&#8221;url:https%3A%2F%2Fsonimat.com%2Fen%2Fdownloads%2F|title:T%C3%A9l%C3%A9charger&#8221;]\t\t<\/div>\t<\/a><\/div>[\/vc_column_inner][\/vc_row_inner][\/vc_column][\/vc_row][vc_row bg_type=&#8221;bg_color&#8221; bg_override=&#8221;full&#8221; bg_color_value=&#8221;#f2f2f2&#8243;][vc_column][vc_empty_space][vc_row_inner content_placement=&#8221;middle&#8221;][vc_column_inner width=&#8221;1\/6&#8243;][vc_icon icon_fontawesome=&#8221;fas fa-leaf&#8221; color=&#8221;custom&#8221; size=&#8221;xl&#8221; align=&#8221;center&#8221; custom_color=&#8221;#1c8c5b&#8221;][\/vc_column_inner][vc_column_inner width=&#8221;5\/6&#8243;][vc_custom_heading text=&#8221;SONIMAT is your ideal partner for the recycling of composite materials! We support manufacturers of materials and parts via various modules and recycling machines depending on the transformation process required.&#8221; font_container=&#8221;tag:p|font_size:23|text_align:left|color:%231c8c5b|line_height:1%2C8&#8243; google_fonts=&#8221;font_family:Source%20Sans%20Pro%3A200%2C200italic%2C300%2C300italic%2Cregular%2Citalic%2C600%2C600italic%2C700%2C700italic%2C900%2C900italic|font_style:600%20bold%20regular%3A600%3Anormal&#8221;][\/vc_column_inner][\/vc_row_inner][vc_empty_space height=&#8221;15px&#8221;][\/vc_column][\/vc_row][vc_row][vc_column][vc_empty_space height=&#8221;64px&#8221;][vc_column_text]<\/p>\n<h3>Our expertise :<\/h3>\n<p>[\/vc_column_text][vc_row_inner][vc_column_inner width=&#8221;1\/3&#8243;][vc_single_image image=&#8221;19823&#8243; img_size=&#8221;250&#215;250&#8243; alignment=&#8221;center&#8221; image_hover=&#8221;image&#8221; image_hover_src=&#8221;19828&#8243;][vc_column_text]<\/p>\n<p style=\"text-align: center;\"><span style=\"color: #2f3787;\">Composite cutting solutions<\/span><\/p>\n<p>[\/vc_column_text][\/vc_column_inner][vc_column_inner width=&#8221;1\/3&#8243;][vc_single_image image=&#8221;19825&#8243; img_size=&#8221;250&#215;250&#8243; alignment=&#8221;center&#8221; image_hover=&#8221;image&#8221; image_hover_src=&#8221;19830&#8243;][vc_column_text]<\/p>\n<p style=\"text-align: center;\"><span style=\"color: #2f3787;\">Raw material and part assembly solutions<\/span><\/p>\n<p>[\/vc_column_text][\/vc_column_inner][vc_column_inner width=&#8221;1\/3&#8243;][vc_single_image image=&#8221;19818&#8243; img_size=&#8221;250&#215;250&#8243; alignment=&#8221;center&#8221; image_hover=&#8221;image&#8221; image_hover_src=&#8221;19832&#8243;][vc_column_text]<\/p>\n<p style=\"text-align: center;\"><span style=\"color: #2f3787;\">Manufacture of specially designed machines<\/span><\/p>\n<p>[\/vc_column_text][\/vc_column_inner][\/vc_row_inner][\/vc_column][\/vc_row][vc_row][vc_column][vc_empty_space height=&#8221;64px&#8221;][vc_column_text]<\/p>\n<h3><span lang=\"EN-GB\">OUR SOLUTIONS FOR COMPOSITE RECYCLING:<\/span><\/h3>\n<ul>\n<li>Our <strong>cutting and welding<\/strong> processes<\/li>\n<li>Construction of machines\/lines integrating <strong>our<\/strong> processes<\/li>\n<li>Construction of machines\/lines integrating <strong>your<\/strong> processes<\/li>\n<\/ul>\n<p>[\/vc_column_text][\/vc_column][\/vc_row][vc_row][vc_column][vc_empty_space height=&#8221;64px&#8221;][vc_column_text]<\/p>\n<h2><span lang=\"EN-GB\">Example: recycling of composite material scraps<\/span><\/h2>\n<p>[\/vc_column_text][vc_column_text]<strong>Input products concerned:<\/strong><\/p>\n<p>\u2022 Textile\/UD prepreg thermoset composite<br \/>\n\u2022 Textile\/UD thermoplastic composite<br \/>\n\u2022 Consolidated thermoplastic part[\/vc_column_text]<div class=\"smile-icon-timeline-wrap csstime  timeline-custom-width tl-animation-slide-out\" data-timeline-cutom-width=\"400\" data-time_sep_bg_color=&quot;#009de0&quot; data-time_block_bg_color=&quot;#f2f2f2&quot; data-time_sep_color=&quot;#009de0&quot; style=\"\"><div class=\"timeline-line \" style=\"border-right-color:#2f3787;\"><span><\/span><\/div><div class=\"timeline-wrapper\"><div class=\"timeline-block \"><div class=\"timeline-dot\"><\/div><div class=\"ult-timeline-arrow\"><s><\/s><l><\/l><\/div><div class=\"timeline-icon-block\"><div class=\"ult-timeline-icon tl-icon-no-bg\" style=\"   \"><\/div> <!-- icon --><\/div><div class=\"timeline-header-block\" >\n\t\t\t\t\t\t\t<div id=\"timeline-item-6510\" class=\"timeline-header\" style=\"\"><p class=\"ult-timeline-title ult-responsive\"  data-ultimate-target='#timeline-item-6510 .ult-timeline-title'  data-responsive-json-new='{\"font-size\":\"desktop:20px;\",\"line-height\":\"\"}'  style=\"font-weight:bold;color:#cd5b1b;\">Step 1: Material preparation<\/p><div class=\"ult-responsive timeline-item-spt\"  data-ultimate-target='#timeline-item-6510 .timeline-item-spt'  data-responsive-json-new='{\"font-size\":\"\",\"line-height\":\"\"}'  style=\"\"><\/p>\n<p style=\"text-align: left;\"><span style=\"font-size: 1.2em;\">Removal of separator films<\/span><\/p>\n<p style=\"text-align: left;\"><span style=\"font-size: 1.2em;\">Ply delamination<\/span><\/p>\n<p style=\"text-align: left;\"><span style=\"font-size: 1.2em;\">Material shaping<\/span><\/p>\n<p style=\"text-align: left;\"><span style=\"font-size: 1.2em;\">Setting the width of the strips (tape)<\/span><\/p>\n<p><\/div><\/div> <!-- header --><\/div><\/div><div class=\"timeline-block \"><div class=\"timeline-dot\"><\/div><div class=\"ult-timeline-arrow\"><s><\/s><l><\/l><\/div><div class=\"timeline-icon-block\"><div class=\"ult-timeline-icon tl-icon-no-bg\" style=\"   \"><\/div> <!-- icon --><\/div><div class=\"timeline-header-block\" >\n\t\t\t\t\t\t\t<div id=\"timeline-item-8231\" class=\"timeline-header\" style=\"\"><p class=\"ult-timeline-title ult-responsive\"  data-ultimate-target='#timeline-item-8231 .ult-timeline-title'  data-responsive-json-new='{\"font-size\":\"desktop:20px;\",\"line-height\":\"\"}'  style=\"font-weight:bold;color:#cd5b1b;\">Step 2: Transformation of material via different processes<\/p><div class=\"ult-responsive timeline-item-spt\"  data-ultimate-target='#timeline-item-8231 .timeline-item-spt'  data-responsive-json-new='{\"font-size\":\"\",\"line-height\":\"\"}'  style=\"\"><\/p>\n<p style=\"text-align: left;\"><span style=\"font-size: 1.2em;\">Preparing the patches<\/span><\/p>\n<p style=\"text-align: left;\"><span style=\"font-size: 1.2em;\">Preparation of lengths<\/span><\/p>\n<p style=\"text-align: left;\"><span style=\"font-size: 1.2em;\">Resin sublimation<\/span><\/p>\n<p style=\"text-align: left;\"><span style=\"font-size: 1.2em;\">Etc.<\/span><\/p>\n<p><\/div><\/div> <!-- header --><\/div><\/div><div class=\"timeline-block \"><div class=\"timeline-dot\"><\/div><div class=\"ult-timeline-arrow\"><s><\/s><l><\/l><\/div><div class=\"timeline-icon-block\"><div class=\"ult-timeline-icon tl-icon-no-bg\" style=\"   \"><\/div> <!-- icon --><\/div><div class=\"timeline-header-block\" >\n\t\t\t\t\t\t\t<div id=\"timeline-item-5634\" class=\"timeline-header\" style=\"\"><p class=\"ult-timeline-title ult-responsive\"  data-ultimate-target='#timeline-item-5634 .ult-timeline-title'  data-responsive-json-new='{\"font-size\":\"desktop:20px;\",\"line-height\":\"\"}'  style=\"font-weight:bold;color:#cd5b1b;\">\u00c9tape 3 : Conformage du produit<\/p><div class=\"ult-responsive timeline-item-spt\"  data-ultimate-target='#timeline-item-5634 .timeline-item-spt'  data-responsive-json-new='{\"font-size\":\"\",\"line-height\":\"\"}'  style=\"\"><\/p>\n<p style=\"text-align: left;\"><span style=\"font-size: 1.2em;\">Ordered layers<\/span><\/p>\n<p style=\"text-align: left;\"><span style=\"font-size: 1.2em;\">Random layers<\/span><\/p>\n<p style=\"text-align: left;\"><span style=\"font-size: 1.2em;\">Tape\/fibre splicing<\/span><\/p>\n<p><\/div><\/div> <!-- header --><\/div><\/div><div class=\"timeline-block \"><div class=\"timeline-dot\"><\/div><div class=\"ult-timeline-arrow\"><s><\/s><l><\/l><\/div><div class=\"timeline-icon-block\"><div class=\"ult-timeline-icon tl-icon-no-bg\" style=\"   \"><\/div> <!-- icon --><\/div><div class=\"timeline-header-block\" >\n\t\t\t\t\t\t\t<div id=\"timeline-item-6230\" class=\"timeline-header\" style=\"\"><p class=\"ult-timeline-title ult-responsive\"  data-ultimate-target='#timeline-item-6230 .ult-timeline-title'  data-responsive-json-new='{\"font-size\":\"desktop:20px;\",\"line-height\":\"\"}'  style=\"font-weight:bold;color:#cd5b1b;\">Step 4: Preparation of output material<\/p><div class=\"ult-responsive timeline-item-spt\"  data-ultimate-target='#timeline-item-6230 .timeline-item-spt'  data-responsive-json-new='{\"font-size\":\"\",\"line-height\":\"\"}'  style=\"\"><span style=\"font-size: 1.2em;\">Density control (cutting, weighing, removal, pick and place, etc.)<\/span><\/p>\n<p><span style=\"font-size: 1.2em;\">Addition of separator films<\/span><\/p>\n<p><span style=\"font-size: 1.2em;\">Shaping new rolls\/spools<\/span><\/div><\/div> <!-- header --><\/div><\/div><\/div><\/div>[\/vc_column][\/vc_row][vc_row][vc_column][vc_empty_space][vc_btn title=&#8221;To find out more about recycling composite materials, download our information leaflet!&#8221; style=&#8221;custom&#8221; custom_background=&#8221;#cd5b1b&#8221; custom_text=&#8221;#ffffff&#8221; size=&#8221;lg&#8221; align=&#8221;center&#8221; i_icon_fontawesome=&#8221;fas fa-file-download&#8221; css_animation=&#8221;bounceIn&#8221; button_block=&#8221;true&#8221; add_icon=&#8221;true&#8221; el_class=&#8221;downloadform&#8221;][vc_empty_space][\/vc_column][\/vc_row]<\/p>\n<\/div>","protected":false},"excerpt":{"rendered":"<p>[vc_row][vc_column][vc_row_inner content_placement=&#8221;middle&#8221; gap=&#8221;35&#8243;][vc_column_inner width=&#8221;2\/3&#8243;][vc_column_text] Recycling composite materials Composite materials are used in many high-tech sectors such as energy, aerospace, defence as well as sports and leisure. Indeed, they have great&hellip;<\/p>\n","protected":false},"author":2,"featured_media":15464,"parent":16581,"menu_order":0,"comment_status":"closed","ping_status":"closed","template":"","meta":{"_acf_changed":false,"footnotes":""},"class_list":["post-20293","page","type-page","status-publish","has-post-thumbnail","hentry"],"acf":[],"yoast_head":"<title>Recycling composite materials - SONIMAT<\/title>\n<meta name=\"robots\" content=\"index, follow, max-snippet:-1, max-image-preview:large, max-video-preview:-1\" \/>\n<link rel=\"canonical\" href=\"https:\/\/sonimat.com\/en\/composite-cutting-and-welding\/recycling-composite-materials\/\" \/>\n<meta property=\"og:locale\" content=\"en_US\" \/>\n<meta property=\"og:type\" content=\"article\" \/>\n<meta property=\"og:title\" content=\"Recycling composite materials - SONIMAT\" \/>\n<meta property=\"og:description\" content=\"[vc_row][vc_column][vc_row_inner content_placement=&#8221;middle&#8221; gap=&#8221;35&#8243;][vc_column_inner width=&#8221;2\/3&#8243;][vc_column_text] Recycling composite materials Composite materials are used in many high-tech sectors such as energy, aerospace, defence as well as sports and leisure. Indeed, they have great&hellip;\" \/>\n<meta property=\"og:url\" content=\"https:\/\/sonimat.com\/en\/composite-cutting-and-welding\/recycling-composite-materials\/\" \/>\n<meta property=\"og:site_name\" content=\"SONIMAT\" \/>\n<meta property=\"article:modified_time\" content=\"2024-12-10T13:06:43+00:00\" \/>\n<meta property=\"og:image\" content=\"https:\/\/sonimat.com\/wp-content\/uploads\/sites\/9\/2019\/11\/Machine-sp\u00e9ciale-soudure-et-d\u00e9coupe-composite-SONIMAT-1.jpg\" \/>\n\t<meta property=\"og:image:width\" content=\"2000\" \/>\n\t<meta property=\"og:image:height\" content=\"1000\" \/>\n\t<meta property=\"og:image:type\" content=\"image\/jpeg\" \/>\n<meta name=\"twitter:card\" content=\"summary_large_image\" \/>\n<meta name=\"twitter:site\" content=\"@EuropeTechno\" \/>\n<meta name=\"twitter:label1\" content=\"Est. reading time\" \/>\n\t<meta name=\"twitter:data1\" content=\"5 minutes\" \/>\n<script type=\"application\/ld+json\" class=\"yoast-schema-graph\">{\"@context\":\"https:\\\/\\\/schema.org\",\"@graph\":[{\"@type\":\"WebPage\",\"@id\":\"https:\\\/\\\/sonimat.com\\\/en\\\/composite-cutting-and-welding\\\/recycling-composite-materials\\\/\",\"url\":\"https:\\\/\\\/sonimat.com\\\/en\\\/composite-cutting-and-welding\\\/recycling-composite-materials\\\/\",\"name\":\"Recycling composite materials - SONIMAT\",\"isPartOf\":{\"@id\":\"https:\\\/\\\/sonimat.com\\\/#website\"},\"primaryImageOfPage\":{\"@id\":\"https:\\\/\\\/sonimat.com\\\/en\\\/composite-cutting-and-welding\\\/recycling-composite-materials\\\/#primaryimage\"},\"image\":{\"@id\":\"https:\\\/\\\/sonimat.com\\\/en\\\/composite-cutting-and-welding\\\/recycling-composite-materials\\\/#primaryimage\"},\"thumbnailUrl\":\"https:\\\/\\\/sonimat.com\\\/wp-content\\\/uploads\\\/sites\\\/9\\\/2019\\\/11\\\/Machine-sp\u00e9ciale-soudure-et-d\u00e9coupe-composite-SONIMAT-1.jpg\",\"datePublished\":\"2022-04-28T15:15:03+00:00\",\"dateModified\":\"2024-12-10T13:06:43+00:00\",\"breadcrumb\":{\"@id\":\"https:\\\/\\\/sonimat.com\\\/en\\\/composite-cutting-and-welding\\\/recycling-composite-materials\\\/#breadcrumb\"},\"inLanguage\":\"en-US\",\"potentialAction\":[{\"@type\":\"ReadAction\",\"target\":[\"https:\\\/\\\/sonimat.com\\\/en\\\/composite-cutting-and-welding\\\/recycling-composite-materials\\\/\"]}]},{\"@type\":\"ImageObject\",\"inLanguage\":\"en-US\",\"@id\":\"https:\\\/\\\/sonimat.com\\\/en\\\/composite-cutting-and-welding\\\/recycling-composite-materials\\\/#primaryimage\",\"url\":\"https:\\\/\\\/sonimat.com\\\/wp-content\\\/uploads\\\/sites\\\/9\\\/2019\\\/11\\\/Machine-sp\u00e9ciale-soudure-et-d\u00e9coupe-composite-SONIMAT-1.jpg\",\"contentUrl\":\"https:\\\/\\\/sonimat.com\\\/wp-content\\\/uploads\\\/sites\\\/9\\\/2019\\\/11\\\/Machine-sp\u00e9ciale-soudure-et-d\u00e9coupe-composite-SONIMAT-1.jpg\",\"width\":2000,\"height\":1000,\"caption\":\"customized machines for composite manufacturing\"},{\"@type\":\"BreadcrumbList\",\"@id\":\"https:\\\/\\\/sonimat.com\\\/en\\\/composite-cutting-and-welding\\\/recycling-composite-materials\\\/#breadcrumb\",\"itemListElement\":[{\"@type\":\"ListItem\",\"position\":1,\"name\":\"Accueil\",\"item\":\"https:\\\/\\\/sonimat.com\\\/en\\\/\"},{\"@type\":\"ListItem\",\"position\":2,\"name\":\"Composites\",\"item\":\"https:\\\/\\\/sonimat.com\\\/composites\\\/\"},{\"@type\":\"ListItem\",\"position\":3,\"name\":\"Recycling composite materials\"}]},{\"@type\":\"WebSite\",\"@id\":\"https:\\\/\\\/sonimat.com\\\/#website\",\"url\":\"https:\\\/\\\/sonimat.com\\\/\",\"name\":\"SONIMAT\",\"description\":\"\",\"potentialAction\":[{\"@type\":\"SearchAction\",\"target\":{\"@type\":\"EntryPoint\",\"urlTemplate\":\"https:\\\/\\\/sonimat.com\\\/?s={search_term_string}\"},\"query-input\":{\"@type\":\"PropertyValueSpecification\",\"valueRequired\":true,\"valueName\":\"search_term_string\"}}],\"inLanguage\":\"en-US\"}]}<\/script>","yoast_head_json":{"title":"Recycling composite materials - SONIMAT","robots":{"index":"index","follow":"follow","max-snippet":"max-snippet:-1","max-image-preview":"max-image-preview:large","max-video-preview":"max-video-preview:-1"},"canonical":"https:\/\/sonimat.com\/en\/composite-cutting-and-welding\/recycling-composite-materials\/","og_locale":"en_US","og_type":"article","og_title":"Recycling composite materials - SONIMAT","og_description":"[vc_row][vc_column][vc_row_inner content_placement=&#8221;middle&#8221; gap=&#8221;35&#8243;][vc_column_inner width=&#8221;2\/3&#8243;][vc_column_text] Recycling composite materials Composite materials are used in many high-tech sectors such as energy, aerospace, defence as well as sports and leisure. Indeed, they have great&hellip;","og_url":"https:\/\/sonimat.com\/en\/composite-cutting-and-welding\/recycling-composite-materials\/","og_site_name":"SONIMAT","article_modified_time":"2024-12-10T13:06:43+00:00","og_image":[{"width":2000,"height":1000,"url":"https:\/\/sonimat.com\/wp-content\/uploads\/sites\/9\/2019\/11\/Machine-sp\u00e9ciale-soudure-et-d\u00e9coupe-composite-SONIMAT-1.jpg","type":"image\/jpeg"}],"twitter_card":"summary_large_image","twitter_site":"@EuropeTechno","twitter_misc":{"Est. reading time":"5 minutes"},"schema":{"@context":"https:\/\/schema.org","@graph":[{"@type":"WebPage","@id":"https:\/\/sonimat.com\/en\/composite-cutting-and-welding\/recycling-composite-materials\/","url":"https:\/\/sonimat.com\/en\/composite-cutting-and-welding\/recycling-composite-materials\/","name":"Recycling composite materials - SONIMAT","isPartOf":{"@id":"https:\/\/sonimat.com\/#website"},"primaryImageOfPage":{"@id":"https:\/\/sonimat.com\/en\/composite-cutting-and-welding\/recycling-composite-materials\/#primaryimage"},"image":{"@id":"https:\/\/sonimat.com\/en\/composite-cutting-and-welding\/recycling-composite-materials\/#primaryimage"},"thumbnailUrl":"https:\/\/sonimat.com\/wp-content\/uploads\/sites\/9\/2019\/11\/Machine-sp\u00e9ciale-soudure-et-d\u00e9coupe-composite-SONIMAT-1.jpg","datePublished":"2022-04-28T15:15:03+00:00","dateModified":"2024-12-10T13:06:43+00:00","breadcrumb":{"@id":"https:\/\/sonimat.com\/en\/composite-cutting-and-welding\/recycling-composite-materials\/#breadcrumb"},"inLanguage":"en-US","potentialAction":[{"@type":"ReadAction","target":["https:\/\/sonimat.com\/en\/composite-cutting-and-welding\/recycling-composite-materials\/"]}]},{"@type":"ImageObject","inLanguage":"en-US","@id":"https:\/\/sonimat.com\/en\/composite-cutting-and-welding\/recycling-composite-materials\/#primaryimage","url":"https:\/\/sonimat.com\/wp-content\/uploads\/sites\/9\/2019\/11\/Machine-sp\u00e9ciale-soudure-et-d\u00e9coupe-composite-SONIMAT-1.jpg","contentUrl":"https:\/\/sonimat.com\/wp-content\/uploads\/sites\/9\/2019\/11\/Machine-sp\u00e9ciale-soudure-et-d\u00e9coupe-composite-SONIMAT-1.jpg","width":2000,"height":1000,"caption":"customized machines for composite manufacturing"},{"@type":"BreadcrumbList","@id":"https:\/\/sonimat.com\/en\/composite-cutting-and-welding\/recycling-composite-materials\/#breadcrumb","itemListElement":[{"@type":"ListItem","position":1,"name":"Accueil","item":"https:\/\/sonimat.com\/en\/"},{"@type":"ListItem","position":2,"name":"Composites","item":"https:\/\/sonimat.com\/composites\/"},{"@type":"ListItem","position":3,"name":"Recycling composite materials"}]},{"@type":"WebSite","@id":"https:\/\/sonimat.com\/#website","url":"https:\/\/sonimat.com\/","name":"SONIMAT","description":"","potentialAction":[{"@type":"SearchAction","target":{"@type":"EntryPoint","urlTemplate":"https:\/\/sonimat.com\/?s={search_term_string}"},"query-input":{"@type":"PropertyValueSpecification","valueRequired":true,"valueName":"search_term_string"}}],"inLanguage":"en-US"}]}},"_links":{"self":[{"href":"https:\/\/sonimat.com\/en\/wp-json\/wp\/v2\/pages\/20293","targetHints":{"allow":["GET"]}}],"collection":[{"href":"https:\/\/sonimat.com\/en\/wp-json\/wp\/v2\/pages"}],"about":[{"href":"https:\/\/sonimat.com\/en\/wp-json\/wp\/v2\/types\/page"}],"author":[{"embeddable":true,"href":"https:\/\/sonimat.com\/en\/wp-json\/wp\/v2\/users\/2"}],"replies":[{"embeddable":true,"href":"https:\/\/sonimat.com\/en\/wp-json\/wp\/v2\/comments?post=20293"}],"version-history":[{"count":5,"href":"https:\/\/sonimat.com\/en\/wp-json\/wp\/v2\/pages\/20293\/revisions"}],"predecessor-version":[{"id":30250,"href":"https:\/\/sonimat.com\/en\/wp-json\/wp\/v2\/pages\/20293\/revisions\/30250"}],"up":[{"embeddable":true,"href":"https:\/\/sonimat.com\/en\/wp-json\/wp\/v2\/pages\/16581"}],"wp:featuredmedia":[{"embeddable":true,"href":"https:\/\/sonimat.com\/en\/wp-json\/wp\/v2\/media\/15464"}],"wp:attachment":[{"href":"https:\/\/sonimat.com\/en\/wp-json\/wp\/v2\/media?parent=20293"}],"curies":[{"name":"wp","href":"https:\/\/api.w.org\/{rel}","templated":true}]}}