{"id":17621,"date":"2020-04-08T22:44:58","date_gmt":"2020-04-08T20:44:58","guid":{"rendered":"https:\/\/sonimat.com\/?page_id=17621"},"modified":"2023-10-13T16:14:48","modified_gmt":"2023-10-13T14:14:48","slug":"test-and-engineering-center","status":"publish","type":"page","link":"https:\/\/sonimat.com\/en\/composite-cutting-and-welding\/test-and-engineering-center\/","title":{"rendered":"Technical center"},"content":{"rendered":"<div class=\"wpb-content-wrapper\"><p>[vc_row][vc_column][vc_column_text]<\/p>\n<h2>Test center and engineering for the finishing of composite materials<\/h2>\n<p>[\/vc_column_text][vc_column_text]In order to support our customers, we have significant means of testing, feasibility, studies and development.[\/vc_column_text][\/vc_column][\/vc_row][vc_row gap=&#8221;2&#8243; equal_height=&#8221;yes&#8221;][vc_column width=&#8221;1\/2&#8243; css=&#8221;.vc_custom_1585056475851{background-color: #f2f2f2 !important;}&#8221;][vc_column_text css=&#8221;.vc_custom_1586378553389{padding-top: 10px !important;padding-right: 10px !important;padding-bottom: 10px !important;padding-left: 10px !important;}&#8221;]For our entire range of <a href=\"https:\/\/sonimat.com\/en\/composite-cutting-and-welding\/products\/soniblade-embeddable-end-effector-for-ultrasonic-cutting\/\">SONIBLADE<\/a> ultrasonic cutting, we have available :<\/p>\n<ul>\n<li><span style=\"font-size: 0.8em;\">XY table<\/span><\/li>\n<li><span style=\"font-size: 0.8em;\">KUKA robot<\/span><\/li>\n<li><span style=\"font-size: 0.8em;\">CNC machines fleet (under our brand <a href=\"https:\/\/oratech-et.fr\/en\/\">ORATECH<\/a>)<\/span><\/li>\n<li><span style=\"font-size: 0.8em;\">SSP cutting equipment<\/span><\/li>\n<\/ul>\n<p>[\/vc_column_text][\/vc_column][vc_column width=&#8221;1\/2&#8243; css=&#8221;.vc_custom_1585056507131{background-color: #dddddd !important;}&#8221;][vc_column_text css=&#8221;.vc_custom_1586378543436{padding-top: 10px !important;padding-right: 10px !important;padding-bottom: 10px !important;padding-left: 10px !important;}&#8221;]For support on composite welding processes :<\/p>\n<ul>\n<li><span style=\"font-size: 0.8em;\">Ultrasonic welding press<\/span><\/li>\n<li><span style=\"font-size: 0.8em;\">Spin welding machine<\/span><\/li>\n<li><span style=\"font-size: 0.8em;\">Laser welding machine<\/span><\/li>\n<li><span style=\"font-size: 0.8em;\">Infrared welding machine<\/span><\/li>\n<li><span style=\"font-size: 0.8em;\">SSP welding equipment<\/span><\/li>\n<\/ul>\n<p>[\/vc_column_text][\/vc_column][\/vc_row][vc_row][vc_column][vc_empty_space height=&#8221;42px&#8221;][\/vc_column][\/vc_row][vc_row equal_height=&#8221;yes&#8221; content_placement=&#8221;middle&#8221;][vc_column width=&#8221;2\/3&#8243;][vc_column_text]In addition to the manufacture and sale of our standard equipment, we also position ourselves upstream of your projects in order to support you and allow you to benefit from our expertise on the cutting and welding processes of composite materials and honeycombs.<\/p>\n<p>With SONIMAT, you have the assurance of a complete service greatly promoting the success of your project :<\/p>\n<ul>\n<li><span style=\"font-size: 0.8em;\">Support on technology and process adapted to your needs<\/span><\/li>\n<li><span style=\"font-size: 0.8em;\">Force of proposal on the design of the part, its joint plan<\/span><\/li>\n<li><span style=\"font-size: 0.8em;\">Feasibility tests on materials<\/span><\/li>\n<li><span style=\"font-size: 0.8em;\">Manufacture of test pieces \/ coupons<\/span><\/li>\n<li><span style=\"font-size: 0.8em;\">Characterization of the tests (mechanical, physico-chemical, micrographic analysis)<\/span><\/li>\n<li><span style=\"font-size: 0.8em;\">Feasibility and integration study on existing means and machines<\/span><\/li>\n<li><span style=\"font-size: 0.8em;\">Support in determining the best cutting and welding parameters and conditions<\/span><\/li>\n<li><span style=\"font-size: 0.8em;\">Tool life tests on your application<\/span><\/li>\n<li><span style=\"font-size: 0.8em;\">Development of non-standard tools and blades, tailor-made for your application<\/span><\/li>\n<\/ul>\n<p>[\/vc_column_text][\/vc_column][vc_column width=&#8221;1\/3&#8243; css=&#8221;.vc_custom_1585326994689{background-image: url(https:\/\/sonimat.com\/wp-content\/uploads\/sites\/9\/2020\/02\/Effecteur-L-de-d\u00e9coupe-ultrasons-de-Nid-dabeille.jpg?id=16000) !important;background-position: center !important;background-repeat: no-repeat !important;background-size: cover !important;}&#8221;][\/vc_column][\/vc_row][vc_row][vc_column][vc_empty_space height=&#8221;42px&#8221;][vc_cta h2=&#8221;&#8221; shape=&#8221;square&#8221; add_button=&#8221;right&#8221; btn_title=&#8221;Contact us !&#8221; btn_style=&#8221;custom&#8221; btn_custom_background=&#8221;#a21c26&#8243; btn_custom_text=&#8221;#ffffff&#8221; btn_i_align=&#8221;right&#8221; btn_i_icon_fontawesome=&#8221;fas fa-envelope&#8221; btn_add_icon=&#8221;true&#8221; btn_link=&#8221;url:https%3A%2F%2Fsonimat.com%2Fen%2Fcontact%2F|title:Contact||&#8221;]Need expertise or support on composite cutting and welding processes or simply guarantee the success of your project?[\/vc_cta][\/vc_column][\/vc_row]<\/p>\n<\/div>","protected":false},"excerpt":{"rendered":"<p>[vc_row][vc_column][vc_column_text] Test center and engineering for the finishing of composite materials [\/vc_column_text][vc_column_text]In order to support our customers, we have significant means of testing, feasibility, studies and development.[\/vc_column_text][\/vc_column][\/vc_row][vc_row gap=&#8221;2&#8243; equal_height=&#8221;yes&#8221;][vc_column width=&#8221;1\/2&#8243;&hellip;<\/p>\n","protected":false},"author":1,"featured_media":16943,"parent":16581,"menu_order":0,"comment_status":"closed","ping_status":"closed","template":"","meta":{"_acf_changed":false,"footnotes":""},"class_list":["post-17621","page","type-page","status-publish","has-post-thumbnail","hentry"],"acf":[],"yoast_head":"<title>Test and engineering center for composite cutting and welding - SONIMAT<\/title>\n<meta name=\"robots\" content=\"index, follow, max-snippet:-1, max-image-preview:large, max-video-preview:-1\" \/>\n<link rel=\"canonical\" href=\"https:\/\/sonimat.com\/en\/composite-cutting-and-welding\/test-and-engineering-center\/\" \/>\n<meta property=\"og:locale\" content=\"en_US\" \/>\n<meta property=\"og:type\" content=\"article\" \/>\n<meta property=\"og:title\" content=\"Test and engineering center for composite cutting and welding - SONIMAT\" \/>\n<meta property=\"og:description\" content=\"[vc_row][vc_column][vc_column_text] Test center and engineering for the finishing of composite materials [\/vc_column_text][vc_column_text]In order to support our customers, we have significant means of testing, feasibility, studies and development.[\/vc_column_text][\/vc_column][\/vc_row][vc_row gap=&#8221;2&#8243; equal_height=&#8221;yes&#8221;][vc_column width=&#8221;1\/2&#8243;&hellip;\" \/>\n<meta property=\"og:url\" content=\"https:\/\/sonimat.com\/en\/composite-cutting-and-welding\/test-and-engineering-center\/\" \/>\n<meta property=\"og:site_name\" content=\"SONIMAT\" \/>\n<meta property=\"article:modified_time\" content=\"2023-10-13T14:14:48+00:00\" \/>\n<meta property=\"og:image\" content=\"https:\/\/sonimat.com\/wp-content\/uploads\/sites\/9\/2020\/03\/ing\u00e9nierie-parach\u00e8vement-composite.jpg\" \/>\n\t<meta property=\"og:image:width\" content=\"2000\" \/>\n\t<meta property=\"og:image:height\" content=\"1000\" \/>\n\t<meta property=\"og:image:type\" content=\"image\/jpeg\" \/>\n<meta name=\"twitter:card\" content=\"summary_large_image\" \/>\n<meta name=\"twitter:site\" content=\"@EuropeTechno\" \/>\n<meta name=\"twitter:label1\" content=\"Est. reading time\" \/>\n\t<meta name=\"twitter:data1\" content=\"2 minutes\" \/>\n<script type=\"application\/ld+json\" class=\"yoast-schema-graph\">{\"@context\":\"https:\\\/\\\/schema.org\",\"@graph\":[{\"@type\":\"WebPage\",\"@id\":\"https:\\\/\\\/sonimat.com\\\/en\\\/composite-cutting-and-welding\\\/test-and-engineering-center\\\/\",\"url\":\"https:\\\/\\\/sonimat.com\\\/en\\\/composite-cutting-and-welding\\\/test-and-engineering-center\\\/\",\"name\":\"Test and engineering center for composite cutting and welding - SONIMAT\",\"isPartOf\":{\"@id\":\"https:\\\/\\\/sonimat.com\\\/#website\"},\"primaryImageOfPage\":{\"@id\":\"https:\\\/\\\/sonimat.com\\\/en\\\/composite-cutting-and-welding\\\/test-and-engineering-center\\\/#primaryimage\"},\"image\":{\"@id\":\"https:\\\/\\\/sonimat.com\\\/en\\\/composite-cutting-and-welding\\\/test-and-engineering-center\\\/#primaryimage\"},\"thumbnailUrl\":\"https:\\\/\\\/sonimat.com\\\/wp-content\\\/uploads\\\/sites\\\/9\\\/2020\\\/03\\\/ing\u00e9nierie-parach\u00e8vement-composite.jpg\",\"datePublished\":\"2020-04-08T20:44:58+00:00\",\"dateModified\":\"2023-10-13T14:14:48+00:00\",\"breadcrumb\":{\"@id\":\"https:\\\/\\\/sonimat.com\\\/en\\\/composite-cutting-and-welding\\\/test-and-engineering-center\\\/#breadcrumb\"},\"inLanguage\":\"en-US\",\"potentialAction\":[{\"@type\":\"ReadAction\",\"target\":[\"https:\\\/\\\/sonimat.com\\\/en\\\/composite-cutting-and-welding\\\/test-and-engineering-center\\\/\"]}]},{\"@type\":\"ImageObject\",\"inLanguage\":\"en-US\",\"@id\":\"https:\\\/\\\/sonimat.com\\\/en\\\/composite-cutting-and-welding\\\/test-and-engineering-center\\\/#primaryimage\",\"url\":\"https:\\\/\\\/sonimat.com\\\/wp-content\\\/uploads\\\/sites\\\/9\\\/2020\\\/03\\\/ing\u00e9nierie-parach\u00e8vement-composite.jpg\",\"contentUrl\":\"https:\\\/\\\/sonimat.com\\\/wp-content\\\/uploads\\\/sites\\\/9\\\/2020\\\/03\\\/ing\u00e9nierie-parach\u00e8vement-composite.jpg\",\"width\":2000,\"height\":1000,\"caption\":\"ing\u00e9nierie parach\u00e8vement composite\"},{\"@type\":\"BreadcrumbList\",\"@id\":\"https:\\\/\\\/sonimat.com\\\/en\\\/composite-cutting-and-welding\\\/test-and-engineering-center\\\/#breadcrumb\",\"itemListElement\":[{\"@type\":\"ListItem\",\"position\":1,\"name\":\"Accueil\",\"item\":\"https:\\\/\\\/sonimat.com\\\/en\\\/\"},{\"@type\":\"ListItem\",\"position\":2,\"name\":\"Composites\",\"item\":\"https:\\\/\\\/sonimat.com\\\/composites\\\/\"},{\"@type\":\"ListItem\",\"position\":3,\"name\":\"Technical center\"}]},{\"@type\":\"WebSite\",\"@id\":\"https:\\\/\\\/sonimat.com\\\/#website\",\"url\":\"https:\\\/\\\/sonimat.com\\\/\",\"name\":\"SONIMAT\",\"description\":\"\",\"potentialAction\":[{\"@type\":\"SearchAction\",\"target\":{\"@type\":\"EntryPoint\",\"urlTemplate\":\"https:\\\/\\\/sonimat.com\\\/?s={search_term_string}\"},\"query-input\":{\"@type\":\"PropertyValueSpecification\",\"valueRequired\":true,\"valueName\":\"search_term_string\"}}],\"inLanguage\":\"en-US\"}]}<\/script>","yoast_head_json":{"title":"Test and engineering center for composite cutting and welding - SONIMAT","robots":{"index":"index","follow":"follow","max-snippet":"max-snippet:-1","max-image-preview":"max-image-preview:large","max-video-preview":"max-video-preview:-1"},"canonical":"https:\/\/sonimat.com\/en\/composite-cutting-and-welding\/test-and-engineering-center\/","og_locale":"en_US","og_type":"article","og_title":"Test and engineering center for composite cutting and welding - SONIMAT","og_description":"[vc_row][vc_column][vc_column_text] Test center and engineering for the finishing of composite materials [\/vc_column_text][vc_column_text]In order to support our customers, we have significant means of testing, feasibility, studies and development.[\/vc_column_text][\/vc_column][\/vc_row][vc_row gap=&#8221;2&#8243; equal_height=&#8221;yes&#8221;][vc_column width=&#8221;1\/2&#8243;&hellip;","og_url":"https:\/\/sonimat.com\/en\/composite-cutting-and-welding\/test-and-engineering-center\/","og_site_name":"SONIMAT","article_modified_time":"2023-10-13T14:14:48+00:00","og_image":[{"width":2000,"height":1000,"url":"https:\/\/sonimat.com\/wp-content\/uploads\/sites\/9\/2020\/03\/ing\u00e9nierie-parach\u00e8vement-composite.jpg","type":"image\/jpeg"}],"twitter_card":"summary_large_image","twitter_site":"@EuropeTechno","twitter_misc":{"Est. reading time":"2 minutes"},"schema":{"@context":"https:\/\/schema.org","@graph":[{"@type":"WebPage","@id":"https:\/\/sonimat.com\/en\/composite-cutting-and-welding\/test-and-engineering-center\/","url":"https:\/\/sonimat.com\/en\/composite-cutting-and-welding\/test-and-engineering-center\/","name":"Test and engineering center for composite cutting and welding - SONIMAT","isPartOf":{"@id":"https:\/\/sonimat.com\/#website"},"primaryImageOfPage":{"@id":"https:\/\/sonimat.com\/en\/composite-cutting-and-welding\/test-and-engineering-center\/#primaryimage"},"image":{"@id":"https:\/\/sonimat.com\/en\/composite-cutting-and-welding\/test-and-engineering-center\/#primaryimage"},"thumbnailUrl":"https:\/\/sonimat.com\/wp-content\/uploads\/sites\/9\/2020\/03\/ing\u00e9nierie-parach\u00e8vement-composite.jpg","datePublished":"2020-04-08T20:44:58+00:00","dateModified":"2023-10-13T14:14:48+00:00","breadcrumb":{"@id":"https:\/\/sonimat.com\/en\/composite-cutting-and-welding\/test-and-engineering-center\/#breadcrumb"},"inLanguage":"en-US","potentialAction":[{"@type":"ReadAction","target":["https:\/\/sonimat.com\/en\/composite-cutting-and-welding\/test-and-engineering-center\/"]}]},{"@type":"ImageObject","inLanguage":"en-US","@id":"https:\/\/sonimat.com\/en\/composite-cutting-and-welding\/test-and-engineering-center\/#primaryimage","url":"https:\/\/sonimat.com\/wp-content\/uploads\/sites\/9\/2020\/03\/ing\u00e9nierie-parach\u00e8vement-composite.jpg","contentUrl":"https:\/\/sonimat.com\/wp-content\/uploads\/sites\/9\/2020\/03\/ing\u00e9nierie-parach\u00e8vement-composite.jpg","width":2000,"height":1000,"caption":"ing\u00e9nierie parach\u00e8vement composite"},{"@type":"BreadcrumbList","@id":"https:\/\/sonimat.com\/en\/composite-cutting-and-welding\/test-and-engineering-center\/#breadcrumb","itemListElement":[{"@type":"ListItem","position":1,"name":"Accueil","item":"https:\/\/sonimat.com\/en\/"},{"@type":"ListItem","position":2,"name":"Composites","item":"https:\/\/sonimat.com\/composites\/"},{"@type":"ListItem","position":3,"name":"Technical center"}]},{"@type":"WebSite","@id":"https:\/\/sonimat.com\/#website","url":"https:\/\/sonimat.com\/","name":"SONIMAT","description":"","potentialAction":[{"@type":"SearchAction","target":{"@type":"EntryPoint","urlTemplate":"https:\/\/sonimat.com\/?s={search_term_string}"},"query-input":{"@type":"PropertyValueSpecification","valueRequired":true,"valueName":"search_term_string"}}],"inLanguage":"en-US"}]}},"_links":{"self":[{"href":"https:\/\/sonimat.com\/en\/wp-json\/wp\/v2\/pages\/17621","targetHints":{"allow":["GET"]}}],"collection":[{"href":"https:\/\/sonimat.com\/en\/wp-json\/wp\/v2\/pages"}],"about":[{"href":"https:\/\/sonimat.com\/en\/wp-json\/wp\/v2\/types\/page"}],"author":[{"embeddable":true,"href":"https:\/\/sonimat.com\/en\/wp-json\/wp\/v2\/users\/1"}],"replies":[{"embeddable":true,"href":"https:\/\/sonimat.com\/en\/wp-json\/wp\/v2\/comments?post=17621"}],"version-history":[{"count":3,"href":"https:\/\/sonimat.com\/en\/wp-json\/wp\/v2\/pages\/17621\/revisions"}],"predecessor-version":[{"id":17636,"href":"https:\/\/sonimat.com\/en\/wp-json\/wp\/v2\/pages\/17621\/revisions\/17636"}],"up":[{"embeddable":true,"href":"https:\/\/sonimat.com\/en\/wp-json\/wp\/v2\/pages\/16581"}],"wp:featuredmedia":[{"embeddable":true,"href":"https:\/\/sonimat.com\/en\/wp-json\/wp\/v2\/media\/16943"}],"wp:attachment":[{"href":"https:\/\/sonimat.com\/en\/wp-json\/wp\/v2\/media?parent=17621"}],"curies":[{"name":"wp","href":"https:\/\/api.w.org\/{rel}","templated":true}]}}