{"id":24366,"date":"2018-10-15T13:55:08","date_gmt":"2018-10-15T11:55:08","guid":{"rendered":"https:\/\/sonimat.com\/plasturgie\/technologies\/soudure-par-rotation\/"},"modified":"2024-11-14T15:16:16","modified_gmt":"2024-11-14T14:16:16","slug":"rotationsschweissen","status":"publish","type":"page","link":"https:\/\/sonimat.com\/de\/schweissen-kunststoffen\/technologien\/rotationsschweissen\/","title":{"rendered":"Rotationsschwei\u00dfen"},"content":{"rendered":"<div class=\"wpb-content-wrapper\"><p>[vc_row][vc_column][vc_column_text]<\/p>\n<h2>Rotationsschwei\u00dfen von thermoplastischen Kunststoffen<\/h2>\n<p>[\/vc_column_text][vc_row_inner content_placement=&#8220;middle&#8220; gap=&#8220;35&#8243;][vc_column_inner width=&#8220;2\/3&#8243;][vc_column_text]Das Rotationsschwei\u00dfen von Kunststoffen wird zum F\u00fcgen von rotationssymmetrischen Teilen eingesetzt.<\/p>\n<p>Zum Verschwei\u00dfen der beiden Teile werden Rotation und Druck kombiniert. Die entstehende Reibungsw\u00e4rme f\u00fchrt zum Schmelzen und zur Fusion der Teile. Mit diesem Verfahren lassen sich pr\u00e4zise, dauerhafte (hohe mechanische Festigkeit) und absolut dichte Schwei\u00dfverbindungen erzielen.<\/p>\n<p>Die Qualit\u00e4t der Schwei\u00dfverbindung h\u00e4ngt von mehreren Faktoren ab:<\/p>\n<ul>\n<li><span style=\"font-size: 0.8em;\">Perfekte Kontrolle der Bewegungsgeschwindigkeit zwischen den beiden zu verschwei\u00dfenden Teilen<\/span><\/li>\n<li><span style=\"font-size: 0.8em;\">Berechnung des Reibbeiwerts der Werkstoffe<\/span><\/li>\n<li><span style=\"font-size: 0.8em;\">Beherrschung der beim Schwei\u00dfen ausge\u00fcbten Druckkraft<\/span><\/li>\n<\/ul>\n<p>Das Ultraschallschwei\u00dfen ist auch zum F\u00fcgen von sehr feinen Teilen geeignet.[\/vc_column_text][\/vc_column_inner][vc_column_inner width=&#8220;1\/3&#8243;]<div class=\"ult-content-box-container \" >\t<a class=\"ult-content-box-anchor\" href=\"https:\/\/sonimat.com\/de\/schweissen-kunststoffen\/produkte\/rotation-schweissmaschinen\/\" title=\"Entdecken Sie unsere L\u00f6sung f\u00fcr das Rotationsschwei\u00dfen\" >\t\t<div class=\"ult-content-box\" style=\"background-color:#f2f2f2;box-shadow: px px px px none;padding:25px;-webkit-transition: all 700ms ease;-moz-transition: all 700ms ease;-ms-transition: all 700ms ease;-o-transition: all 700ms ease;transition: all 700ms ease;\"  data-hover_bg_color=\"#f9f9f9\"  data-hover_box_shadow=\"none\"     data-bg=\"#f2f2f2\" >[vc_single_image image=&#8220;30244&#8243; img_size=&#8220;150*200&#8243; alignment=&#8220;center&#8220; css=&#8220;&#8220;][vc_column_text]<\/p>\n<p style=\"text-align: center;\">Entdecken Sie unsere L\u00f6sung RSW zum Rotationsschwei\u00dfen von Kunststoffen<\/p>\n<p>[\/vc_column_text]\t\t<\/div>\t<\/a><\/div>[\/vc_column_inner][\/vc_row_inner][\/vc_column][\/vc_row][vc_row][vc_column][vc_empty_space][\/vc_column][\/vc_row]<\/p>\n<\/div>","protected":false},"excerpt":{"rendered":"<p>[vc_row][vc_column][vc_column_text] Rotationsschwei\u00dfen von thermoplastischen Kunststoffen [\/vc_column_text][vc_row_inner content_placement=&#8220;middle&#8220; gap=&#8220;35&#8243;][vc_column_inner width=&#8220;2\/3&#8243;][vc_column_text]Das Rotationsschwei\u00dfen von Kunststoffen wird zum F\u00fcgen von rotationssymmetrischen Teilen eingesetzt. Zum Verschwei\u00dfen der beiden Teile werden Rotation und Druck kombiniert. Die&hellip;<\/p>\n","protected":false},"author":1,"featured_media":22974,"parent":22982,"menu_order":0,"comment_status":"closed","ping_status":"closed","template":"","meta":{"_acf_changed":false,"footnotes":""},"class_list":["post-24366","page","type-page","status-publish","has-post-thumbnail","hentry"],"acf":[],"yoast_head":"<title>Rotationsschwei\u00dfen von Kunststoffen - Prinzipe und Maschine | SONIMAT<\/title>\n<meta name=\"description\" content=\"Das Kunststoff-Rotationsschwei\u00dfen sichert Ihnen Pr\u00e4zision, Haltbarkeit und Dichtigkeit. Erfahren Sie mehr \u00fcber unsere robusten Schwei\u00dfger\u00e4te.\" \/>\n<meta name=\"robots\" content=\"index, follow, max-snippet:-1, max-image-preview:large, max-video-preview:-1\" \/>\n<link rel=\"canonical\" href=\"https:\/\/sonimat.com\/de\/schweissen-kunststoffen\/technologien\/rotationsschweissen\/\" \/>\n<meta property=\"og:locale\" content=\"de_DE\" \/>\n<meta property=\"og:type\" content=\"article\" \/>\n<meta property=\"og:title\" content=\"Rotationsschwei\u00dfen von Kunststoffen - Prinzipe und Maschine | SONIMAT\" \/>\n<meta property=\"og:description\" content=\"Das Kunststoff-Rotationsschwei\u00dfen sichert Ihnen Pr\u00e4zision, Haltbarkeit und Dichtigkeit. Erfahren Sie mehr \u00fcber unsere robusten Schwei\u00dfger\u00e4te.\" \/>\n<meta property=\"og:url\" content=\"https:\/\/sonimat.com\/de\/schweissen-kunststoffen\/technologien\/rotationsschweissen\/\" \/>\n<meta property=\"og:site_name\" content=\"SONIMAT\" \/>\n<meta property=\"article:modified_time\" content=\"2024-11-14T14:16:16+00:00\" \/>\n<meta property=\"og:image\" content=\"https:\/\/sonimat.com\/wp-content\/uploads\/sites\/9\/2018\/12\/soudure-plastique-rotation.jpg\" \/>\n\t<meta property=\"og:image:width\" content=\"2000\" \/>\n\t<meta property=\"og:image:height\" content=\"1000\" \/>\n\t<meta property=\"og:image:type\" content=\"image\/jpeg\" \/>\n<meta name=\"twitter:card\" content=\"summary_large_image\" \/>\n<meta name=\"twitter:site\" content=\"@EuropeTechno\" \/>\n<meta name=\"twitter:label1\" content=\"Gesch\u00e4tzte Lesezeit\" \/>\n\t<meta name=\"twitter:data1\" content=\"1\u00a0Minute\" \/>\n<script type=\"application\/ld+json\" class=\"yoast-schema-graph\">{\"@context\":\"https:\\\/\\\/schema.org\",\"@graph\":[{\"@type\":\"WebPage\",\"@id\":\"https:\\\/\\\/sonimat.com\\\/de\\\/schweissen-kunststoffen\\\/technologien\\\/rotationsschweissen\\\/\",\"url\":\"https:\\\/\\\/sonimat.com\\\/de\\\/schweissen-kunststoffen\\\/technologien\\\/rotationsschweissen\\\/\",\"name\":\"Rotationsschwei\u00dfen von Kunststoffen - Prinzipe und Maschine | SONIMAT\",\"isPartOf\":{\"@id\":\"https:\\\/\\\/sonimat.com\\\/#website\"},\"primaryImageOfPage\":{\"@id\":\"https:\\\/\\\/sonimat.com\\\/de\\\/schweissen-kunststoffen\\\/technologien\\\/rotationsschweissen\\\/#primaryimage\"},\"image\":{\"@id\":\"https:\\\/\\\/sonimat.com\\\/de\\\/schweissen-kunststoffen\\\/technologien\\\/rotationsschweissen\\\/#primaryimage\"},\"thumbnailUrl\":\"https:\\\/\\\/sonimat.com\\\/wp-content\\\/uploads\\\/sites\\\/9\\\/2018\\\/12\\\/soudure-plastique-rotation.jpg\",\"datePublished\":\"2018-10-15T11:55:08+00:00\",\"dateModified\":\"2024-11-14T14:16:16+00:00\",\"description\":\"Das Kunststoff-Rotationsschwei\u00dfen sichert Ihnen Pr\u00e4zision, Haltbarkeit und Dichtigkeit. Erfahren Sie mehr \u00fcber unsere robusten Schwei\u00dfger\u00e4te.\",\"breadcrumb\":{\"@id\":\"https:\\\/\\\/sonimat.com\\\/de\\\/schweissen-kunststoffen\\\/technologien\\\/rotationsschweissen\\\/#breadcrumb\"},\"inLanguage\":\"de\",\"potentialAction\":[{\"@type\":\"ReadAction\",\"target\":[\"https:\\\/\\\/sonimat.com\\\/de\\\/schweissen-kunststoffen\\\/technologien\\\/rotationsschweissen\\\/\"]}]},{\"@type\":\"ImageObject\",\"inLanguage\":\"de\",\"@id\":\"https:\\\/\\\/sonimat.com\\\/de\\\/schweissen-kunststoffen\\\/technologien\\\/rotationsschweissen\\\/#primaryimage\",\"url\":\"https:\\\/\\\/sonimat.com\\\/wp-content\\\/uploads\\\/sites\\\/9\\\/2018\\\/12\\\/soudure-plastique-rotation.jpg\",\"contentUrl\":\"https:\\\/\\\/sonimat.com\\\/wp-content\\\/uploads\\\/sites\\\/9\\\/2018\\\/12\\\/soudure-plastique-rotation.jpg\",\"width\":2000,\"height\":1000,\"caption\":\"RSW\"},{\"@type\":\"BreadcrumbList\",\"@id\":\"https:\\\/\\\/sonimat.com\\\/de\\\/schweissen-kunststoffen\\\/technologien\\\/rotationsschweissen\\\/#breadcrumb\",\"itemListElement\":[{\"@type\":\"ListItem\",\"position\":1,\"name\":\"Accueil\",\"item\":\"https:\\\/\\\/sonimat.com\\\/de\\\/\"},{\"@type\":\"ListItem\",\"position\":2,\"name\":\"Schweissen von Kunststoffen\",\"item\":\"https:\\\/\\\/sonimat.com\\\/plasturgie\\\/\"},{\"@type\":\"ListItem\",\"position\":3,\"name\":\"Technologien\",\"item\":\"https:\\\/\\\/sonimat.com\\\/de\\\/schweissen-kunststoffen\\\/technologien\\\/\"},{\"@type\":\"ListItem\",\"position\":4,\"name\":\"Rotationsschwei\u00dfen\"}]},{\"@type\":\"WebSite\",\"@id\":\"https:\\\/\\\/sonimat.com\\\/#website\",\"url\":\"https:\\\/\\\/sonimat.com\\\/\",\"name\":\"SONIMAT\",\"description\":\"\",\"potentialAction\":[{\"@type\":\"SearchAction\",\"target\":{\"@type\":\"EntryPoint\",\"urlTemplate\":\"https:\\\/\\\/sonimat.com\\\/?s={search_term_string}\"},\"query-input\":{\"@type\":\"PropertyValueSpecification\",\"valueRequired\":true,\"valueName\":\"search_term_string\"}}],\"inLanguage\":\"de\"}]}<\/script>","yoast_head_json":{"title":"Rotationsschwei\u00dfen von Kunststoffen - Prinzipe und Maschine | SONIMAT","description":"Das Kunststoff-Rotationsschwei\u00dfen sichert Ihnen Pr\u00e4zision, Haltbarkeit und Dichtigkeit. Erfahren Sie mehr \u00fcber unsere robusten Schwei\u00dfger\u00e4te.","robots":{"index":"index","follow":"follow","max-snippet":"max-snippet:-1","max-image-preview":"max-image-preview:large","max-video-preview":"max-video-preview:-1"},"canonical":"https:\/\/sonimat.com\/de\/schweissen-kunststoffen\/technologien\/rotationsschweissen\/","og_locale":"de_DE","og_type":"article","og_title":"Rotationsschwei\u00dfen von Kunststoffen - Prinzipe und Maschine | SONIMAT","og_description":"Das Kunststoff-Rotationsschwei\u00dfen sichert Ihnen Pr\u00e4zision, Haltbarkeit und Dichtigkeit. Erfahren Sie mehr \u00fcber unsere robusten Schwei\u00dfger\u00e4te.","og_url":"https:\/\/sonimat.com\/de\/schweissen-kunststoffen\/technologien\/rotationsschweissen\/","og_site_name":"SONIMAT","article_modified_time":"2024-11-14T14:16:16+00:00","og_image":[{"width":2000,"height":1000,"url":"https:\/\/sonimat.com\/wp-content\/uploads\/sites\/9\/2018\/12\/soudure-plastique-rotation.jpg","type":"image\/jpeg"}],"twitter_card":"summary_large_image","twitter_site":"@EuropeTechno","twitter_misc":{"Gesch\u00e4tzte Lesezeit":"1\u00a0Minute"},"schema":{"@context":"https:\/\/schema.org","@graph":[{"@type":"WebPage","@id":"https:\/\/sonimat.com\/de\/schweissen-kunststoffen\/technologien\/rotationsschweissen\/","url":"https:\/\/sonimat.com\/de\/schweissen-kunststoffen\/technologien\/rotationsschweissen\/","name":"Rotationsschwei\u00dfen von Kunststoffen - Prinzipe und Maschine | SONIMAT","isPartOf":{"@id":"https:\/\/sonimat.com\/#website"},"primaryImageOfPage":{"@id":"https:\/\/sonimat.com\/de\/schweissen-kunststoffen\/technologien\/rotationsschweissen\/#primaryimage"},"image":{"@id":"https:\/\/sonimat.com\/de\/schweissen-kunststoffen\/technologien\/rotationsschweissen\/#primaryimage"},"thumbnailUrl":"https:\/\/sonimat.com\/wp-content\/uploads\/sites\/9\/2018\/12\/soudure-plastique-rotation.jpg","datePublished":"2018-10-15T11:55:08+00:00","dateModified":"2024-11-14T14:16:16+00:00","description":"Das Kunststoff-Rotationsschwei\u00dfen sichert Ihnen Pr\u00e4zision, Haltbarkeit und Dichtigkeit. Erfahren Sie mehr \u00fcber unsere robusten Schwei\u00dfger\u00e4te.","breadcrumb":{"@id":"https:\/\/sonimat.com\/de\/schweissen-kunststoffen\/technologien\/rotationsschweissen\/#breadcrumb"},"inLanguage":"de","potentialAction":[{"@type":"ReadAction","target":["https:\/\/sonimat.com\/de\/schweissen-kunststoffen\/technologien\/rotationsschweissen\/"]}]},{"@type":"ImageObject","inLanguage":"de","@id":"https:\/\/sonimat.com\/de\/schweissen-kunststoffen\/technologien\/rotationsschweissen\/#primaryimage","url":"https:\/\/sonimat.com\/wp-content\/uploads\/sites\/9\/2018\/12\/soudure-plastique-rotation.jpg","contentUrl":"https:\/\/sonimat.com\/wp-content\/uploads\/sites\/9\/2018\/12\/soudure-plastique-rotation.jpg","width":2000,"height":1000,"caption":"RSW"},{"@type":"BreadcrumbList","@id":"https:\/\/sonimat.com\/de\/schweissen-kunststoffen\/technologien\/rotationsschweissen\/#breadcrumb","itemListElement":[{"@type":"ListItem","position":1,"name":"Accueil","item":"https:\/\/sonimat.com\/de\/"},{"@type":"ListItem","position":2,"name":"Schweissen von Kunststoffen","item":"https:\/\/sonimat.com\/plasturgie\/"},{"@type":"ListItem","position":3,"name":"Technologien","item":"https:\/\/sonimat.com\/de\/schweissen-kunststoffen\/technologien\/"},{"@type":"ListItem","position":4,"name":"Rotationsschwei\u00dfen"}]},{"@type":"WebSite","@id":"https:\/\/sonimat.com\/#website","url":"https:\/\/sonimat.com\/","name":"SONIMAT","description":"","potentialAction":[{"@type":"SearchAction","target":{"@type":"EntryPoint","urlTemplate":"https:\/\/sonimat.com\/?s={search_term_string}"},"query-input":{"@type":"PropertyValueSpecification","valueRequired":true,"valueName":"search_term_string"}}],"inLanguage":"de"}]}},"_links":{"self":[{"href":"https:\/\/sonimat.com\/de\/wp-json\/wp\/v2\/pages\/24366","targetHints":{"allow":["GET"]}}],"collection":[{"href":"https:\/\/sonimat.com\/de\/wp-json\/wp\/v2\/pages"}],"about":[{"href":"https:\/\/sonimat.com\/de\/wp-json\/wp\/v2\/types\/page"}],"author":[{"embeddable":true,"href":"https:\/\/sonimat.com\/de\/wp-json\/wp\/v2\/users\/1"}],"replies":[{"embeddable":true,"href":"https:\/\/sonimat.com\/de\/wp-json\/wp\/v2\/comments?post=24366"}],"version-history":[{"count":949,"href":"https:\/\/sonimat.com\/de\/wp-json\/wp\/v2\/pages\/24366\/revisions"}],"predecessor-version":[{"id":30002,"href":"https:\/\/sonimat.com\/de\/wp-json\/wp\/v2\/pages\/24366\/revisions\/30002"}],"up":[{"embeddable":true,"href":"https:\/\/sonimat.com\/de\/wp-json\/wp\/v2\/pages\/22982"}],"wp:featuredmedia":[{"embeddable":true,"href":"https:\/\/sonimat.com\/de\/wp-json\/wp\/v2\/media\/22974"}],"wp:attachment":[{"href":"https:\/\/sonimat.com\/de\/wp-json\/wp\/v2\/media?parent=24366"}],"curies":[{"name":"wp","href":"https:\/\/api.w.org\/{rel}","templated":true}]}}