{"id":24359,"date":"2018-10-15T13:55:09","date_gmt":"2018-10-15T11:55:09","guid":{"rendered":"https:\/\/sonimat.com\/plasturgie\/technologies\/soudure-laser-plastique\/"},"modified":"2024-11-14T15:13:13","modified_gmt":"2024-11-14T14:13:13","slug":"laserschweissen-von-kunststoffen","status":"publish","type":"page","link":"https:\/\/sonimat.com\/de\/schweissen-kunststoffen\/technologien\/laserschweissen-von-kunststoffen\/","title":{"rendered":"Laserschwei\u00dfen von Kunststoffen"},"content":{"rendered":"<div class=\"wpb-content-wrapper\"><p>[vc_row content_placement=&#8220;top&#8220;][vc_column][vc_column_text]<\/p>\n<h2><span lang=\"DE\">Laserschwei\u00dfen von Kunststoffen<\/span><\/h2>\n<p>[\/vc_column_text][vc_row_inner content_placement=&#8220;top&#8220; gap=&#8220;35&#8243;][vc_column_inner width=&#8220;2\/3&#8243;][vc_column_text]Unsere L\u00f6sung SONIMAT LSW zum Laserschwei\u00dfen von Kunststoffen basiert auf einem Laserstrahl, der \u00fcber eine Transportfaser zur Optik geleitet wird. Die Optik konzentriert den Strahl auf einen Spot, an <strong>dem das kontaktlose Schwei\u00dfen <\/strong>der Kunststoffteile erfolgt.<\/p>\n<p><strong>Das Laserschwei\u00dfen basiert auf der Transparenz von zwei \u00fcbereinander liegenden Materialien:<\/strong><\/p>\n<ul>\n<li>das eine ist f\u00fcr die Laserstrahlung durchl\u00e4ssig,<\/li>\n<li>das andere absorbiert den Laserstrahl.<\/li>\n<\/ul>\n<p>Der an der Verbindungsstelle der beiden Teile fokussierte Laserstrahl durchdringt das transparente Material und bringt anschlie\u00dfend das absorbierende Material zum Schmelzen. Durch das schnelle Erkalten der Schwei\u00dfnaht nach dem Laserschwei\u00dfen entsteht eine feste Verbindung zwischen den Kunststoffteilen.<\/p>\n<p>Unsere Technologie zum Laserschwei\u00dfen von Kunststoffen zeichnet sich durch folgende Vorteile aus:<\/p>\n<ul>\n<li><span style=\"font-size: 0.8em;\">Zuverl\u00e4ssigkeit<\/span><\/li>\n<li><span style=\"font-size: 0.8em;\">Robustheit<\/span><\/li>\n<li><span style=\"font-size: 0.8em;\">Verf\u00fcgbarkeit<\/span><\/li>\n<li><span style=\"font-size: 0.8em;\">Kompakte Generatoren und Miniaturk\u00f6pfe<\/span><\/li>\n<\/ul>\n<p>[\/vc_column_text][\/vc_column_inner][vc_column_inner width=&#8220;1\/3&#8243;]<div class=\"ult-content-box-container \" >\t<a class=\"ult-content-box-anchor\" href=\"https:\/\/sonimat.com\/de\/schweissen-kunststoffen\/produkte\/laserschweissmaschinen\/\" title=\"Entdecken Sie unsere LSW-Laserschwei\u00dfl\u00f6sung\" >\t\t<div class=\"ult-content-box\" style=\"background-color:#f2f2f2;box-shadow: px px px px none;padding:25px;-webkit-transition: all 700ms ease;-moz-transition: all 700ms ease;-ms-transition: all 700ms ease;-o-transition: all 700ms ease;transition: all 700ms ease;\"  data-hover_bg_color=\"#f9f9f9\"  data-hover_box_shadow=\"none\"     data-bg=\"#f2f2f2\" >[vc_single_image image=&#8220;30054&#8243; img_size=&#8220;150*150&#8243; alignment=&#8220;center&#8220; css=&#8220;&#8220;][vc_column_text]<\/p>\n<p style=\"text-align: center;\">Entdecken Sie unsere L\u00f6sung LSW zum Laserschwei\u00dfen von Kunststoffen<\/p>\n<p>[\/vc_column_text]\t\t<\/div>\t<\/a><\/div>[vc_empty_space][vc_video link=&#8220;https:\/\/youtu.be\/LSbSsPhzgyc&#8220; align=&#8220;center&#8220;][\/vc_column_inner][\/vc_row_inner][\/vc_column][\/vc_row][vc_row][vc_column][vc_empty_space][\/vc_column][\/vc_row]<\/p>\n<\/div>","protected":false},"excerpt":{"rendered":"<p>[vc_row content_placement=&#8220;top&#8220;][vc_column][vc_column_text] Laserschwei\u00dfen von Kunststoffen [\/vc_column_text][vc_row_inner content_placement=&#8220;top&#8220; gap=&#8220;35&#8243;][vc_column_inner width=&#8220;2\/3&#8243;][vc_column_text]Unsere L\u00f6sung SONIMAT LSW zum Laserschwei\u00dfen von Kunststoffen basiert auf einem Laserstrahl, der \u00fcber eine Transportfaser zur Optik geleitet wird. Die Optik&hellip;<\/p>\n","protected":false},"author":1,"featured_media":22961,"parent":22982,"menu_order":0,"comment_status":"closed","ping_status":"closed","template":"","meta":{"_acf_changed":false,"footnotes":""},"class_list":["post-24359","page","type-page","status-publish","has-post-thumbnail","hentry"],"acf":[],"yoast_head":"<title>Laserschwei\u00dfen von Kunststoffen &amp; Thermoplasten - Prinzipe | SONIMAT<\/title>\n<meta name=\"description\" content=\"Das Laserschwei\u00dfen von Kunststoffen garantiert Ihnen Zuverl\u00e4ssigkeit und Robustheit. Erfahren Sie hier mehr \u00fcber unsere Industriel\u00f6sungen.\" \/>\n<meta name=\"robots\" content=\"index, follow, max-snippet:-1, max-image-preview:large, max-video-preview:-1\" \/>\n<link rel=\"canonical\" href=\"https:\/\/sonimat.com\/de\/schweissen-kunststoffen\/technologien\/laserschweissen-von-kunststoffen\/\" \/>\n<meta property=\"og:locale\" content=\"de_DE\" \/>\n<meta property=\"og:type\" content=\"article\" \/>\n<meta property=\"og:title\" content=\"Laserschwei\u00dfen von Kunststoffen &amp; Thermoplasten - Prinzipe | SONIMAT\" \/>\n<meta property=\"og:description\" content=\"Das Laserschwei\u00dfen von Kunststoffen garantiert Ihnen Zuverl\u00e4ssigkeit und Robustheit. Erfahren Sie hier mehr \u00fcber unsere Industriel\u00f6sungen.\" \/>\n<meta property=\"og:url\" content=\"https:\/\/sonimat.com\/de\/schweissen-kunststoffen\/technologien\/laserschweissen-von-kunststoffen\/\" \/>\n<meta property=\"og:site_name\" content=\"SONIMAT\" \/>\n<meta property=\"article:modified_time\" content=\"2024-11-14T14:13:13+00:00\" \/>\n<meta property=\"og:image\" content=\"https:\/\/sonimat.com\/wp-content\/uploads\/sites\/9\/2019\/01\/Outillages-LSW.jpg\" \/>\n\t<meta property=\"og:image:width\" content=\"4288\" \/>\n\t<meta property=\"og:image:height\" content=\"2848\" \/>\n\t<meta property=\"og:image:type\" content=\"image\/jpeg\" \/>\n<meta name=\"twitter:card\" content=\"summary_large_image\" \/>\n<meta name=\"twitter:site\" content=\"@EuropeTechno\" \/>\n<meta name=\"twitter:label1\" content=\"Gesch\u00e4tzte Lesezeit\" \/>\n\t<meta name=\"twitter:data1\" content=\"1\u00a0Minute\" \/>\n<script type=\"application\/ld+json\" class=\"yoast-schema-graph\">{\"@context\":\"https:\\\/\\\/schema.org\",\"@graph\":[{\"@type\":\"WebPage\",\"@id\":\"https:\\\/\\\/sonimat.com\\\/de\\\/schweissen-kunststoffen\\\/technologien\\\/laserschweissen-von-kunststoffen\\\/\",\"url\":\"https:\\\/\\\/sonimat.com\\\/de\\\/schweissen-kunststoffen\\\/technologien\\\/laserschweissen-von-kunststoffen\\\/\",\"name\":\"Laserschwei\u00dfen von Kunststoffen & Thermoplasten - Prinzipe | SONIMAT\",\"isPartOf\":{\"@id\":\"https:\\\/\\\/sonimat.com\\\/#website\"},\"primaryImageOfPage\":{\"@id\":\"https:\\\/\\\/sonimat.com\\\/de\\\/schweissen-kunststoffen\\\/technologien\\\/laserschweissen-von-kunststoffen\\\/#primaryimage\"},\"image\":{\"@id\":\"https:\\\/\\\/sonimat.com\\\/de\\\/schweissen-kunststoffen\\\/technologien\\\/laserschweissen-von-kunststoffen\\\/#primaryimage\"},\"thumbnailUrl\":\"https:\\\/\\\/sonimat.com\\\/wp-content\\\/uploads\\\/sites\\\/9\\\/2019\\\/01\\\/Outillages-LSW.jpg\",\"datePublished\":\"2018-10-15T11:55:09+00:00\",\"dateModified\":\"2024-11-14T14:13:13+00:00\",\"description\":\"Das Laserschwei\u00dfen von Kunststoffen garantiert Ihnen Zuverl\u00e4ssigkeit und Robustheit. Erfahren Sie hier mehr \u00fcber unsere Industriel\u00f6sungen.\",\"breadcrumb\":{\"@id\":\"https:\\\/\\\/sonimat.com\\\/de\\\/schweissen-kunststoffen\\\/technologien\\\/laserschweissen-von-kunststoffen\\\/#breadcrumb\"},\"inLanguage\":\"de\",\"potentialAction\":[{\"@type\":\"ReadAction\",\"target\":[\"https:\\\/\\\/sonimat.com\\\/de\\\/schweissen-kunststoffen\\\/technologien\\\/laserschweissen-von-kunststoffen\\\/\"]}]},{\"@type\":\"ImageObject\",\"inLanguage\":\"de\",\"@id\":\"https:\\\/\\\/sonimat.com\\\/de\\\/schweissen-kunststoffen\\\/technologien\\\/laserschweissen-von-kunststoffen\\\/#primaryimage\",\"url\":\"https:\\\/\\\/sonimat.com\\\/wp-content\\\/uploads\\\/sites\\\/9\\\/2019\\\/01\\\/Outillages-LSW.jpg\",\"contentUrl\":\"https:\\\/\\\/sonimat.com\\\/wp-content\\\/uploads\\\/sites\\\/9\\\/2019\\\/01\\\/Outillages-LSW.jpg\",\"width\":4288,\"height\":2848},{\"@type\":\"BreadcrumbList\",\"@id\":\"https:\\\/\\\/sonimat.com\\\/de\\\/schweissen-kunststoffen\\\/technologien\\\/laserschweissen-von-kunststoffen\\\/#breadcrumb\",\"itemListElement\":[{\"@type\":\"ListItem\",\"position\":1,\"name\":\"Accueil\",\"item\":\"https:\\\/\\\/sonimat.com\\\/de\\\/\"},{\"@type\":\"ListItem\",\"position\":2,\"name\":\"Schweissen von Kunststoffen\",\"item\":\"https:\\\/\\\/sonimat.com\\\/plasturgie\\\/\"},{\"@type\":\"ListItem\",\"position\":3,\"name\":\"Technologien\",\"item\":\"https:\\\/\\\/sonimat.com\\\/de\\\/schweissen-kunststoffen\\\/technologien\\\/\"},{\"@type\":\"ListItem\",\"position\":4,\"name\":\"Laserschwei\u00dfen von Kunststoffen\"}]},{\"@type\":\"WebSite\",\"@id\":\"https:\\\/\\\/sonimat.com\\\/#website\",\"url\":\"https:\\\/\\\/sonimat.com\\\/\",\"name\":\"SONIMAT\",\"description\":\"\",\"potentialAction\":[{\"@type\":\"SearchAction\",\"target\":{\"@type\":\"EntryPoint\",\"urlTemplate\":\"https:\\\/\\\/sonimat.com\\\/?s={search_term_string}\"},\"query-input\":{\"@type\":\"PropertyValueSpecification\",\"valueRequired\":true,\"valueName\":\"search_term_string\"}}],\"inLanguage\":\"de\"}]}<\/script>","yoast_head_json":{"title":"Laserschwei\u00dfen von Kunststoffen & Thermoplasten - Prinzipe | SONIMAT","description":"Das Laserschwei\u00dfen von Kunststoffen garantiert Ihnen Zuverl\u00e4ssigkeit und Robustheit. Erfahren Sie hier mehr \u00fcber unsere Industriel\u00f6sungen.","robots":{"index":"index","follow":"follow","max-snippet":"max-snippet:-1","max-image-preview":"max-image-preview:large","max-video-preview":"max-video-preview:-1"},"canonical":"https:\/\/sonimat.com\/de\/schweissen-kunststoffen\/technologien\/laserschweissen-von-kunststoffen\/","og_locale":"de_DE","og_type":"article","og_title":"Laserschwei\u00dfen von Kunststoffen & Thermoplasten - Prinzipe | SONIMAT","og_description":"Das Laserschwei\u00dfen von Kunststoffen garantiert Ihnen Zuverl\u00e4ssigkeit und Robustheit. Erfahren Sie hier mehr \u00fcber unsere Industriel\u00f6sungen.","og_url":"https:\/\/sonimat.com\/de\/schweissen-kunststoffen\/technologien\/laserschweissen-von-kunststoffen\/","og_site_name":"SONIMAT","article_modified_time":"2024-11-14T14:13:13+00:00","og_image":[{"width":4288,"height":2848,"url":"https:\/\/sonimat.com\/wp-content\/uploads\/sites\/9\/2019\/01\/Outillages-LSW.jpg","type":"image\/jpeg"}],"twitter_card":"summary_large_image","twitter_site":"@EuropeTechno","twitter_misc":{"Gesch\u00e4tzte Lesezeit":"1\u00a0Minute"},"schema":{"@context":"https:\/\/schema.org","@graph":[{"@type":"WebPage","@id":"https:\/\/sonimat.com\/de\/schweissen-kunststoffen\/technologien\/laserschweissen-von-kunststoffen\/","url":"https:\/\/sonimat.com\/de\/schweissen-kunststoffen\/technologien\/laserschweissen-von-kunststoffen\/","name":"Laserschwei\u00dfen von Kunststoffen & Thermoplasten - Prinzipe | SONIMAT","isPartOf":{"@id":"https:\/\/sonimat.com\/#website"},"primaryImageOfPage":{"@id":"https:\/\/sonimat.com\/de\/schweissen-kunststoffen\/technologien\/laserschweissen-von-kunststoffen\/#primaryimage"},"image":{"@id":"https:\/\/sonimat.com\/de\/schweissen-kunststoffen\/technologien\/laserschweissen-von-kunststoffen\/#primaryimage"},"thumbnailUrl":"https:\/\/sonimat.com\/wp-content\/uploads\/sites\/9\/2019\/01\/Outillages-LSW.jpg","datePublished":"2018-10-15T11:55:09+00:00","dateModified":"2024-11-14T14:13:13+00:00","description":"Das Laserschwei\u00dfen von Kunststoffen garantiert Ihnen Zuverl\u00e4ssigkeit und Robustheit. Erfahren Sie hier mehr \u00fcber unsere Industriel\u00f6sungen.","breadcrumb":{"@id":"https:\/\/sonimat.com\/de\/schweissen-kunststoffen\/technologien\/laserschweissen-von-kunststoffen\/#breadcrumb"},"inLanguage":"de","potentialAction":[{"@type":"ReadAction","target":["https:\/\/sonimat.com\/de\/schweissen-kunststoffen\/technologien\/laserschweissen-von-kunststoffen\/"]}]},{"@type":"ImageObject","inLanguage":"de","@id":"https:\/\/sonimat.com\/de\/schweissen-kunststoffen\/technologien\/laserschweissen-von-kunststoffen\/#primaryimage","url":"https:\/\/sonimat.com\/wp-content\/uploads\/sites\/9\/2019\/01\/Outillages-LSW.jpg","contentUrl":"https:\/\/sonimat.com\/wp-content\/uploads\/sites\/9\/2019\/01\/Outillages-LSW.jpg","width":4288,"height":2848},{"@type":"BreadcrumbList","@id":"https:\/\/sonimat.com\/de\/schweissen-kunststoffen\/technologien\/laserschweissen-von-kunststoffen\/#breadcrumb","itemListElement":[{"@type":"ListItem","position":1,"name":"Accueil","item":"https:\/\/sonimat.com\/de\/"},{"@type":"ListItem","position":2,"name":"Schweissen von Kunststoffen","item":"https:\/\/sonimat.com\/plasturgie\/"},{"@type":"ListItem","position":3,"name":"Technologien","item":"https:\/\/sonimat.com\/de\/schweissen-kunststoffen\/technologien\/"},{"@type":"ListItem","position":4,"name":"Laserschwei\u00dfen von Kunststoffen"}]},{"@type":"WebSite","@id":"https:\/\/sonimat.com\/#website","url":"https:\/\/sonimat.com\/","name":"SONIMAT","description":"","potentialAction":[{"@type":"SearchAction","target":{"@type":"EntryPoint","urlTemplate":"https:\/\/sonimat.com\/?s={search_term_string}"},"query-input":{"@type":"PropertyValueSpecification","valueRequired":true,"valueName":"search_term_string"}}],"inLanguage":"de"}]}},"_links":{"self":[{"href":"https:\/\/sonimat.com\/de\/wp-json\/wp\/v2\/pages\/24359","targetHints":{"allow":["GET"]}}],"collection":[{"href":"https:\/\/sonimat.com\/de\/wp-json\/wp\/v2\/pages"}],"about":[{"href":"https:\/\/sonimat.com\/de\/wp-json\/wp\/v2\/types\/page"}],"author":[{"embeddable":true,"href":"https:\/\/sonimat.com\/de\/wp-json\/wp\/v2\/users\/1"}],"replies":[{"embeddable":true,"href":"https:\/\/sonimat.com\/de\/wp-json\/wp\/v2\/comments?post=24359"}],"version-history":[{"count":949,"href":"https:\/\/sonimat.com\/de\/wp-json\/wp\/v2\/pages\/24359\/revisions"}],"predecessor-version":[{"id":30001,"href":"https:\/\/sonimat.com\/de\/wp-json\/wp\/v2\/pages\/24359\/revisions\/30001"}],"up":[{"embeddable":true,"href":"https:\/\/sonimat.com\/de\/wp-json\/wp\/v2\/pages\/22982"}],"wp:featuredmedia":[{"embeddable":true,"href":"https:\/\/sonimat.com\/de\/wp-json\/wp\/v2\/media\/22961"}],"wp:attachment":[{"href":"https:\/\/sonimat.com\/de\/wp-json\/wp\/v2\/media?parent=24359"}],"curies":[{"name":"wp","href":"https:\/\/api.w.org\/{rel}","templated":true}]}}