{"id":24344,"date":"2018-10-15T13:55:10","date_gmt":"2018-10-15T11:55:10","guid":{"rendered":"https:\/\/sonimat.com\/plasturgie\/technologies\/soudure-infrarouge-plastique\/"},"modified":"2024-11-14T15:10:40","modified_gmt":"2024-11-14T14:10:40","slug":"infrarottechnologie","status":"publish","type":"page","link":"https:\/\/sonimat.com\/de\/schweissen-kunststoffen\/technologien\/infrarottechnologie\/","title":{"rendered":"Infrarottechnologie zum Schwei\u00dfen von Kunststoffen"},"content":{"rendered":"<div class=\"wpb-content-wrapper\"><p>[vc_row][vc_column][vc_column_text css=&#8220;&#8220;]<\/p>\n<h2>Infrarottechnologie zum Schwei\u00dfen von Kunststoffen<\/h2>\n<p>[\/vc_column_text][vc_row_inner content_placement=&#8220;middle&#8220; gap=&#8220;35&#8243;][vc_column_inner width=&#8220;2\/3&#8243;][vc_column_text css=&#8220;&#8220;]Neben der Verwendung von Heizelement k\u00f6nnen Kunststoffe auch kontaktlos durch Infrarottechnologie verbunden werden.<\/p>\n<p>Mithilfe dieser Technologie k\u00f6nnen Teile mit gro\u00dfen Abmessungen oder komplexer Geometrie sowie Teile aus elastischen Werkstoffen verschwei\u00dft werden.<\/p>\n<p><strong>Das Infrarotschwei\u00dfen erfolgt kontaktlos und erzeugt deshalb keine Verunreinigungen.<\/strong> Es ruft au\u00dferdem keine Farbver\u00e4nderungen an den Teilen oder Verschmutzungen am Heizwerkzeug hervor. Schlie\u00dflich bietet es breitere Anwendungsm\u00f6glichkeiten als das Heizplattenschwei\u00dfen, da das Material durch geb\u00fcndelte Strahlung geschmolzen wird.<\/p>\n<p>Die Hitze konzentriert sich nur auf den Schwei\u00dfpunkt. <strong>Der Stromverbrauch ist bis zu 10-mal geringer als bei einem herk\u00f6mmlichen System.<\/strong><\/p>\n<p><span style=\"color: #009de0;\">Beispiele von Kunststoffteilen, die mit der Infrarottechnologie geschwei\u00dft werden k\u00f6nnen:<\/span> Scheinwerfer, Tanks, Filter, K\u00fchlwasserschl\u00e4uche usw.[\/vc_column_text][\/vc_column_inner][vc_column_inner width=&#8220;1\/3&#8243;]<div class=\"ult-content-box-container \" >\t<a class=\"ult-content-box-anchor\" href=\"https:\/\/sonimat.com\/de\/schweissen-kunststoffen\/produkte\/infrarotschweissmaschinen\/\" title=\"Entdecken Sie unsere L\u00f6sung f\u00fcr das Infrarotschwei\u00dfen\" target=\"_blank\" rel=\"noopener\" >\t\t<div class=\"ult-content-box\" style=\"background-color:#F2F2F200;box-shadow: px px px px none;padding-top:15px;padding-right:25px;padding-bottom:10px;padding-left:25px;-webkit-transition: all 700ms ease;-moz-transition: all 700ms ease;-ms-transition: all 700ms ease;-o-transition: all 700ms ease;transition: all 700ms ease;\"  data-hover_bg_color=\"#FFFFFF00\"  data-hover_box_shadow=\"none\"     data-bg=\"#F2F2F200\" >[vc_single_image image=&#8220;30988&#8243; img_size=&#8220;100&#215;100&#8243; alignment=&#8220;center&#8220; css=&#8220;&#8220; image_hover=&#8220;&#8220;][vc_column_text css=&#8220;&#8220;]<\/p>\n<p style=\"text-align: center;\">Entdecken Sie unsere HPW-Maschine aktiviert mit Infrarotschwei\u00dfen.<\/p>\n<p>[\/vc_column_text]\t\t<\/div>\t<\/a><\/div>[\/vc_column_inner][\/vc_row_inner][vc_empty_space][\/vc_column][\/vc_row]<\/p>\n<\/div>","protected":false},"excerpt":{"rendered":"<p>[vc_row][vc_column][vc_column_text css=&#8220;&#8220;] Infrarottechnologie zum Schwei\u00dfen von Kunststoffen [\/vc_column_text][vc_row_inner content_placement=&#8220;middle&#8220; gap=&#8220;35&#8243;][vc_column_inner width=&#8220;2\/3&#8243;][vc_column_text css=&#8220;&#8220;]Neben der Verwendung von Heizelement k\u00f6nnen Kunststoffe auch kontaktlos durch Infrarottechnologie verbunden werden. Mithilfe dieser Technologie k\u00f6nnen Teile mit&hellip;<\/p>\n","protected":false},"author":1,"featured_media":30737,"parent":22982,"menu_order":0,"comment_status":"closed","ping_status":"closed","template":"","meta":{"_acf_changed":false,"footnotes":""},"class_list":["post-24344","page","type-page","status-publish","has-post-thumbnail","hentry"],"acf":[],"yoast_head":"<title>Infrarottechnologie zum Schweissen von Kunststoffen | SONIMAT<\/title>\n<meta name=\"description\" content=\"Mit der Technologie des Infrarotschwei\u00dfens, einem ber\u00fchrungslosen Verfahren, lassen sich gro\u00dfe Teile mit komplexer Geometrie schwei\u00dfen. Mehr lesen.\" \/>\n<meta name=\"robots\" content=\"index, follow, max-snippet:-1, max-image-preview:large, max-video-preview:-1\" \/>\n<link rel=\"canonical\" href=\"https:\/\/sonimat.com\/de\/schweissen-kunststoffen\/technologien\/infrarottechnologie\/\" \/>\n<meta property=\"og:locale\" content=\"de_DE\" \/>\n<meta property=\"og:type\" content=\"article\" \/>\n<meta property=\"og:title\" content=\"Infrarottechnologie zum Schweissen von Kunststoffen | SONIMAT\" \/>\n<meta property=\"og:description\" content=\"Mit der Technologie des Infrarotschwei\u00dfens, einem ber\u00fchrungslosen Verfahren, lassen sich gro\u00dfe Teile mit komplexer Geometrie schwei\u00dfen. Mehr lesen.\" \/>\n<meta property=\"og:url\" content=\"https:\/\/sonimat.com\/de\/schweissen-kunststoffen\/technologien\/infrarottechnologie\/\" \/>\n<meta property=\"og:site_name\" content=\"SONIMAT\" \/>\n<meta property=\"article:modified_time\" content=\"2024-11-14T14:10:40+00:00\" \/>\n<meta property=\"og:image\" content=\"https:\/\/sonimat.com\/wp-content\/uploads\/sites\/9\/2024\/05\/Procede-de-soudage-par-infrarouge-SONIMAT.jpg\" \/>\n\t<meta property=\"og:image:width\" content=\"2000\" \/>\n\t<meta property=\"og:image:height\" content=\"900\" \/>\n\t<meta property=\"og:image:type\" content=\"image\/jpeg\" \/>\n<meta name=\"twitter:card\" content=\"summary_large_image\" \/>\n<meta name=\"twitter:site\" content=\"@EuropeTechno\" \/>\n<meta name=\"twitter:label1\" content=\"Gesch\u00e4tzte Lesezeit\" \/>\n\t<meta name=\"twitter:data1\" content=\"1\u00a0Minute\" \/>\n<script type=\"application\/ld+json\" class=\"yoast-schema-graph\">{\"@context\":\"https:\\\/\\\/schema.org\",\"@graph\":[{\"@type\":\"WebPage\",\"@id\":\"https:\\\/\\\/sonimat.com\\\/de\\\/schweissen-kunststoffen\\\/technologien\\\/infrarottechnologie\\\/\",\"url\":\"https:\\\/\\\/sonimat.com\\\/de\\\/schweissen-kunststoffen\\\/technologien\\\/infrarottechnologie\\\/\",\"name\":\"Infrarottechnologie zum Schweissen von Kunststoffen | SONIMAT\",\"isPartOf\":{\"@id\":\"https:\\\/\\\/sonimat.com\\\/#website\"},\"primaryImageOfPage\":{\"@id\":\"https:\\\/\\\/sonimat.com\\\/de\\\/schweissen-kunststoffen\\\/technologien\\\/infrarottechnologie\\\/#primaryimage\"},\"image\":{\"@id\":\"https:\\\/\\\/sonimat.com\\\/de\\\/schweissen-kunststoffen\\\/technologien\\\/infrarottechnologie\\\/#primaryimage\"},\"thumbnailUrl\":\"https:\\\/\\\/sonimat.com\\\/wp-content\\\/uploads\\\/sites\\\/9\\\/2024\\\/05\\\/Procede-de-soudage-par-infrarouge-SONIMAT.jpg\",\"datePublished\":\"2018-10-15T11:55:10+00:00\",\"dateModified\":\"2024-11-14T14:10:40+00:00\",\"description\":\"Mit der Technologie des Infrarotschwei\u00dfens, einem ber\u00fchrungslosen Verfahren, lassen sich gro\u00dfe Teile mit komplexer Geometrie schwei\u00dfen. Mehr lesen.\",\"breadcrumb\":{\"@id\":\"https:\\\/\\\/sonimat.com\\\/de\\\/schweissen-kunststoffen\\\/technologien\\\/infrarottechnologie\\\/#breadcrumb\"},\"inLanguage\":\"de\",\"potentialAction\":[{\"@type\":\"ReadAction\",\"target\":[\"https:\\\/\\\/sonimat.com\\\/de\\\/schweissen-kunststoffen\\\/technologien\\\/infrarottechnologie\\\/\"]}]},{\"@type\":\"ImageObject\",\"inLanguage\":\"de\",\"@id\":\"https:\\\/\\\/sonimat.com\\\/de\\\/schweissen-kunststoffen\\\/technologien\\\/infrarottechnologie\\\/#primaryimage\",\"url\":\"https:\\\/\\\/sonimat.com\\\/wp-content\\\/uploads\\\/sites\\\/9\\\/2024\\\/05\\\/Procede-de-soudage-par-infrarouge-SONIMAT.jpg\",\"contentUrl\":\"https:\\\/\\\/sonimat.com\\\/wp-content\\\/uploads\\\/sites\\\/9\\\/2024\\\/05\\\/Procede-de-soudage-par-infrarouge-SONIMAT.jpg\",\"width\":2000,\"height\":900,\"caption\":\"Solutions de soudure pour les thermoplastiques\"},{\"@type\":\"BreadcrumbList\",\"@id\":\"https:\\\/\\\/sonimat.com\\\/de\\\/schweissen-kunststoffen\\\/technologien\\\/infrarottechnologie\\\/#breadcrumb\",\"itemListElement\":[{\"@type\":\"ListItem\",\"position\":1,\"name\":\"Accueil\",\"item\":\"https:\\\/\\\/sonimat.com\\\/de\\\/\"},{\"@type\":\"ListItem\",\"position\":2,\"name\":\"Schweissen von Kunststoffen\",\"item\":\"https:\\\/\\\/sonimat.com\\\/plasturgie\\\/\"},{\"@type\":\"ListItem\",\"position\":3,\"name\":\"Technologien\",\"item\":\"https:\\\/\\\/sonimat.com\\\/de\\\/schweissen-kunststoffen\\\/technologien\\\/\"},{\"@type\":\"ListItem\",\"position\":4,\"name\":\"Infrarottechnologie zum Schwei\u00dfen von Kunststoffen\"}]},{\"@type\":\"WebSite\",\"@id\":\"https:\\\/\\\/sonimat.com\\\/#website\",\"url\":\"https:\\\/\\\/sonimat.com\\\/\",\"name\":\"SONIMAT\",\"description\":\"\",\"potentialAction\":[{\"@type\":\"SearchAction\",\"target\":{\"@type\":\"EntryPoint\",\"urlTemplate\":\"https:\\\/\\\/sonimat.com\\\/?s={search_term_string}\"},\"query-input\":{\"@type\":\"PropertyValueSpecification\",\"valueRequired\":true,\"valueName\":\"search_term_string\"}}],\"inLanguage\":\"de\"}]}<\/script>","yoast_head_json":{"title":"Infrarottechnologie zum Schweissen von Kunststoffen | SONIMAT","description":"Mit der Technologie des Infrarotschwei\u00dfens, einem ber\u00fchrungslosen Verfahren, lassen sich gro\u00dfe Teile mit komplexer Geometrie schwei\u00dfen. Mehr lesen.","robots":{"index":"index","follow":"follow","max-snippet":"max-snippet:-1","max-image-preview":"max-image-preview:large","max-video-preview":"max-video-preview:-1"},"canonical":"https:\/\/sonimat.com\/de\/schweissen-kunststoffen\/technologien\/infrarottechnologie\/","og_locale":"de_DE","og_type":"article","og_title":"Infrarottechnologie zum Schweissen von Kunststoffen | SONIMAT","og_description":"Mit der Technologie des Infrarotschwei\u00dfens, einem ber\u00fchrungslosen Verfahren, lassen sich gro\u00dfe Teile mit komplexer Geometrie schwei\u00dfen. Mehr lesen.","og_url":"https:\/\/sonimat.com\/de\/schweissen-kunststoffen\/technologien\/infrarottechnologie\/","og_site_name":"SONIMAT","article_modified_time":"2024-11-14T14:10:40+00:00","og_image":[{"width":2000,"height":900,"url":"https:\/\/sonimat.com\/wp-content\/uploads\/sites\/9\/2024\/05\/Procede-de-soudage-par-infrarouge-SONIMAT.jpg","type":"image\/jpeg"}],"twitter_card":"summary_large_image","twitter_site":"@EuropeTechno","twitter_misc":{"Gesch\u00e4tzte Lesezeit":"1\u00a0Minute"},"schema":{"@context":"https:\/\/schema.org","@graph":[{"@type":"WebPage","@id":"https:\/\/sonimat.com\/de\/schweissen-kunststoffen\/technologien\/infrarottechnologie\/","url":"https:\/\/sonimat.com\/de\/schweissen-kunststoffen\/technologien\/infrarottechnologie\/","name":"Infrarottechnologie zum Schweissen von Kunststoffen | SONIMAT","isPartOf":{"@id":"https:\/\/sonimat.com\/#website"},"primaryImageOfPage":{"@id":"https:\/\/sonimat.com\/de\/schweissen-kunststoffen\/technologien\/infrarottechnologie\/#primaryimage"},"image":{"@id":"https:\/\/sonimat.com\/de\/schweissen-kunststoffen\/technologien\/infrarottechnologie\/#primaryimage"},"thumbnailUrl":"https:\/\/sonimat.com\/wp-content\/uploads\/sites\/9\/2024\/05\/Procede-de-soudage-par-infrarouge-SONIMAT.jpg","datePublished":"2018-10-15T11:55:10+00:00","dateModified":"2024-11-14T14:10:40+00:00","description":"Mit der Technologie des Infrarotschwei\u00dfens, einem ber\u00fchrungslosen Verfahren, lassen sich gro\u00dfe Teile mit komplexer Geometrie schwei\u00dfen. Mehr lesen.","breadcrumb":{"@id":"https:\/\/sonimat.com\/de\/schweissen-kunststoffen\/technologien\/infrarottechnologie\/#breadcrumb"},"inLanguage":"de","potentialAction":[{"@type":"ReadAction","target":["https:\/\/sonimat.com\/de\/schweissen-kunststoffen\/technologien\/infrarottechnologie\/"]}]},{"@type":"ImageObject","inLanguage":"de","@id":"https:\/\/sonimat.com\/de\/schweissen-kunststoffen\/technologien\/infrarottechnologie\/#primaryimage","url":"https:\/\/sonimat.com\/wp-content\/uploads\/sites\/9\/2024\/05\/Procede-de-soudage-par-infrarouge-SONIMAT.jpg","contentUrl":"https:\/\/sonimat.com\/wp-content\/uploads\/sites\/9\/2024\/05\/Procede-de-soudage-par-infrarouge-SONIMAT.jpg","width":2000,"height":900,"caption":"Solutions de soudure pour les thermoplastiques"},{"@type":"BreadcrumbList","@id":"https:\/\/sonimat.com\/de\/schweissen-kunststoffen\/technologien\/infrarottechnologie\/#breadcrumb","itemListElement":[{"@type":"ListItem","position":1,"name":"Accueil","item":"https:\/\/sonimat.com\/de\/"},{"@type":"ListItem","position":2,"name":"Schweissen von Kunststoffen","item":"https:\/\/sonimat.com\/plasturgie\/"},{"@type":"ListItem","position":3,"name":"Technologien","item":"https:\/\/sonimat.com\/de\/schweissen-kunststoffen\/technologien\/"},{"@type":"ListItem","position":4,"name":"Infrarottechnologie zum Schwei\u00dfen von Kunststoffen"}]},{"@type":"WebSite","@id":"https:\/\/sonimat.com\/#website","url":"https:\/\/sonimat.com\/","name":"SONIMAT","description":"","potentialAction":[{"@type":"SearchAction","target":{"@type":"EntryPoint","urlTemplate":"https:\/\/sonimat.com\/?s={search_term_string}"},"query-input":{"@type":"PropertyValueSpecification","valueRequired":true,"valueName":"search_term_string"}}],"inLanguage":"de"}]}},"_links":{"self":[{"href":"https:\/\/sonimat.com\/de\/wp-json\/wp\/v2\/pages\/24344","targetHints":{"allow":["GET"]}}],"collection":[{"href":"https:\/\/sonimat.com\/de\/wp-json\/wp\/v2\/pages"}],"about":[{"href":"https:\/\/sonimat.com\/de\/wp-json\/wp\/v2\/types\/page"}],"author":[{"embeddable":true,"href":"https:\/\/sonimat.com\/de\/wp-json\/wp\/v2\/users\/1"}],"replies":[{"embeddable":true,"href":"https:\/\/sonimat.com\/de\/wp-json\/wp\/v2\/comments?post=24344"}],"version-history":[{"count":949,"href":"https:\/\/sonimat.com\/de\/wp-json\/wp\/v2\/pages\/24344\/revisions"}],"predecessor-version":[{"id":29999,"href":"https:\/\/sonimat.com\/de\/wp-json\/wp\/v2\/pages\/24344\/revisions\/29999"}],"up":[{"embeddable":true,"href":"https:\/\/sonimat.com\/de\/wp-json\/wp\/v2\/pages\/22982"}],"wp:featuredmedia":[{"embeddable":true,"href":"https:\/\/sonimat.com\/de\/wp-json\/wp\/v2\/media\/30737"}],"wp:attachment":[{"href":"https:\/\/sonimat.com\/de\/wp-json\/wp\/v2\/media?parent=24344"}],"curies":[{"name":"wp","href":"https:\/\/api.w.org\/{rel}","templated":true}]}}