{"id":24342,"date":"2018-10-15T13:55:11","date_gmt":"2018-10-15T11:55:11","guid":{"rendered":"https:\/\/sonimat.com\/plasturgie\/technologies\/soudure-ultrason-plastique\/"},"modified":"2024-11-13T15:37:50","modified_gmt":"2024-11-13T14:37:50","slug":"ultraschallschweissen-kunststoff","status":"publish","type":"page","link":"https:\/\/sonimat.com\/de\/schweissen-kunststoffen\/technologien\/ultraschallschweissen-kunststoff\/","title":{"rendered":"Ultraschallschwei\u00dfen von Kunststoffen"},"content":{"rendered":"<div class=\"wpb-content-wrapper\"><p>[vc_row][vc_column][vc_column_text]<\/p>\n<h2><span lang=\"DE\">Ultraschallschwei\u00dfen von Kunststoffen \u2013 Funktionsprinzip<\/span><\/h2>\n<p>[\/vc_column_text][vc_row_inner content_placement=&#8220;middle&#8220; gap=&#8220;35&#8243;][vc_column_inner width=&#8220;2\/3&#8243;][vc_column_text]Anwendung. Wie funktioniert diese Technologie?<\/p>\n<p>Ultraschall entsteht durch mechanische Schwingungen, \u00e4hnlich wie sie von jedem Musikinstrument erzeugt werden. Diese Schwingungen werden als Ultraschall bezeichnet, da ihre Frequenz den H\u00f6rbereich des menschlichen Ohrs \u00fcbersteigt (mehr als 16 kHz).<\/p>\n<p>In einem akustischen Element werden diese Druckwellen von einem Generator erzeugt. Dieser liefert einen Wechselstrom mit derselben Frequenz wie der Wandler (oder Transducer).<\/p>\n<p>Ein Wandler, der aus piezoelektrischen Keramiken besteht, wandelt diese Energie anschlie\u00dfend in mechanische Schwingungen um.<\/p>\n<p>Die mechanischen Schwingungen erzeugen Reibungsw\u00e4rme im Kunststoff und erregen seine Molek\u00fcle, die sich ihrerseits in Bewegung setzen. Der Kunststoff weicht auf und schmilzt, sodass sich die Komponenten verbinden k\u00f6nnen. Der Schwei\u00dfvorgang erfolgt durch die Sonotrode.<\/p>\n<p>Das Ultraschallschwei\u00dfen von Kunststoffen ist hervorragend zum thermischen Nieten von Kunststoffen geeignet.[\/vc_column_text][\/vc_column_inner][vc_column_inner width=&#8220;1\/3&#8243;]<div class=\"ult-content-box-container \" >\t<a class=\"ult-content-box-anchor\" href=\"https:\/\/sonimat.com\/de\/schweissen-kunststoffen\/produkte\/ultraschall-schweissmaschine\/\" title=\"Entdecken Sie unsere Ultraschallschweissl\u00f6sung - ESW udage par ultrasons ESW\" >\t\t<div class=\"ult-content-box\" style=\"background-color:#f2f2f2;box-shadow: px px px px none;padding:25px;-webkit-transition: all 700ms ease;-moz-transition: all 700ms ease;-ms-transition: all 700ms ease;-o-transition: all 700ms ease;transition: all 700ms ease;\"  data-hover_bg_color=\"#f9f9f9\"  data-hover_box_shadow=\"none\"     data-bg=\"#f2f2f2\" >[vc_single_image image=&#8220;24353&#8243; img_size=&#8220;100&#215;100&#8243; alignment=&#8220;center&#8220;][vc_column_text]<\/p>\n<p style=\"text-align: center;\">Entdecken Sie unsere Ultraschallschwei\u00dfl\u00f6sung ESW<\/p>\n<p>[\/vc_column_text]\t\t<\/div>\t<\/a><\/div>[\/vc_column_inner][\/vc_row_inner][vc_row_inner content_placement=&#8220;middle&#8220;][vc_column_inner width=&#8220;1\/2&#8243;][vc_single_image image=&#8220;24343&#8243; img_size=&#8220;full&#8220; alignment=&#8220;center&#8220;][\/vc_column_inner][vc_column_inner width=&#8220;1\/2&#8243;][vc_column_text]<\/p>\n<h3>AKUSTISCHES ELEMENT ZUM ULTRASCHALLSCHWEI\u1e9eEN VON KUNSTSTOFFEN<\/h3>\n<p>Der <strong>Generator<\/strong> wandelt die elektrische Netzfrequenz (50\/60 Hz) in hochfrequente elektrische Energie um, die in diesem Schema 20.000\u00a0Hz betr\u00e4gt.<\/p>\n<p>Anschlie\u00dfend wandelt der <strong>piezoelektrische Wandler<\/strong> (oder Transducer) die erzeugte elektrische Frequenz von 20.000\u00a0Hz in mechanische Schwingungen mit derselben Frequenz um. Nun handelt es sich um mechanische Energie.<\/p>\n<p>Der<strong> Booster oder Amplitudenverst\u00e4rker <\/strong>dient dazu, die vom Wandler erzeugte Amplitude zu vergr\u00f6\u00dfern oder zu verkleinern.<\/p>\n<p>Als letztes Element der akustischen Kette \u00fcbertr\u00e4gt die<strong> Sonotrode<\/strong> die Ultraschallenergie auf das zu schwei\u00dfende Teil.[\/vc_column_text][vc_column_text]SONIMAT ist weit mehr als ein Ger\u00e4tehersteller. Wir bieten Ihnen eine Reihe von L\u00f6sungen zum Verbinden von Kunststoffen mit Ultraschall an: <strong>Punktschwei\u00dfen, Nahtschwei\u00dfen, Hei\u00dfnieten, Nieten, B\u00f6rdeln, Einlegen usw.<\/strong>[\/vc_column_text][\/vc_column_inner][\/vc_row_inner][vc_column_text]<\/p>\n<div id=\"cadre_titre_page\">\n<h3>VON DER NATUR ZUR INDUSTRIE<\/h3>\n<p>Ultraschall gibt es in der Natur schon seit Urzeiten. Flederm\u00e4use nutzen ihn zum Beispiel, um sich im Flug zu orientieren. Sie senden kurze Ultraschallimpulse mit einer Dauer von weniger als 1\/1000\u00a0s und einer Frequenz von 50.000 Hertz aus, um Hindernisse oder auch Insekten zu orten, die ihnen als Nahrung dienen. Delfine und Blauwale sind ebenfalls in der Lage, sich mithilfe von akustischen Signalen zu orientieren. Sie verwenden eine Frequenz von 170.000 Hertz, die nur f\u00fcr ihr Innenohr h\u00f6rbar ist.<\/p>\n<p>Anfang der 1960er-Jahre erlebte die Kunststoff verarbeitende Industrie einen rasanten Aufschwung. Unter Zuhilfenahme des nat\u00fcrlichen akustischen Ph\u00e4nomens wurde die Ultraschallschwei\u00dfmaschine zum Verbinden von Kunststoffkomponenten entwickelt und spielte bald eine vorherrschende Rolle.<\/p>\n<p>SONIMAT nutzte die Ultraschalltechnologie schon sehr bald f\u00fcr Verbindungs-, Schwei\u00df- und Schneideaufgaben in der Industrie. Auch andere Branchen entdeckten die Vorteile dieser Technologie:<\/p>\n<ul>\n<li><span style=\"font-size: 0.8em;\"><strong>Medizin:<\/strong> haupts\u00e4chlich f\u00fcr Ultraschalluntersuchungen und die Ultraschall-W\u00e4rmetherapie.<\/span><\/li>\n<li><span style=\"font-size: 0.8em;\"><strong>Labore:<\/strong> Durch Beschallung k\u00f6nnen Zellmembranen durchtrennt werden. Ultraschall wird auch zur Reinigung und Desinfektion von Materialien eingesetzt.<\/span><\/li>\n<li><span style=\"font-size: 0.8em;\"><strong>Fernerkundung und Telemetrie:<\/strong> Sonar und Entfernungsmessung.<\/span><\/li>\n<li><span style=\"font-size: 0.8em;\"><strong>Automobilindustrie:<\/strong> Einparkhilfe, Kollisionswarner.<\/span><\/li>\n<li><span style=\"font-size: 0.8em;\"><strong>Industrie:<\/strong> zerst\u00f6rungsfreie Werkstoffpr\u00fcfungen.<\/span><\/li>\n<li><span style=\"font-size: 0.8em;\"><strong>Freizeit und Alltag:<\/strong> Sch\u00e4dlingsbek\u00e4mpfungsger\u00e4te, Zerst\u00e4uber.<\/span><\/li>\n<li><span style=\"font-size: 0.8em;\"><strong>Friseurhandwerk:<\/strong> Implantate f\u00fcr Haarverl\u00e4ngerungen.<\/span><\/li>\n<\/ul>\n<\/div>\n<p>[\/vc_column_text][vc_column_text]<\/p>\n<h3>ANWENDUNGSM\u00d6GLICHKEITEN DER ULTRASCHALLSCHWEI\u1e9eTECHNOLOGIE<\/h3>\n<h4>Ultraschallschwei\u00dfen<\/h4>\n<p>Verbindung mithilfe eines \u201eEnergiekonzentrators\u201c. Wird haupts\u00e4chlich f\u00fcr amorphe Thermoplaste verwendet. Das Ultraschallschwei\u00dfen erfolgt mit hoher Geschwindigkeit (weniger als 1\u00a0Sekunde) ohne Materialzugabe.<\/p>\n<h4>Punktschwei\u00dfen mit Ultraschall<\/h4>\n<p>Das Ultraschall-Punktschwei\u00dfen eignet sich besonders f\u00fcr warmumgeformte Teile ohne Verbindungsprofil oder f\u00fcr Teile, bei denen herk\u00f6mmliche Schwei\u00dfverfahren aufgrund der Bedingungen und der Geometrie der Teile nicht in Frage kommen.<\/p>\n<h4>Kontinuierliches Ultraschallschwei\u00dfen<\/h4>\n<p>Das kontinuierliche Ultraschallschwei\u00dfen ist ein Hochgeschwindigkeitsverfahren, das bei Verpackungen und Vliesstoffen zum Einsatz kommt.<\/p>\n<h4>Ultraschallnieten<\/h4>\n<p>Der Hauptvorteil dieses Verfahrens besteht darin, dass es die Verbindung unterschiedlicher Kunststoffteile erlaubt.<\/p>\n<h4>B\u00f6rdeln<\/h4>\n<p>Bei dieser Technik wird ein Teil durch Verformung des Materials in ein v\u00f6llig anderes Material eingeschlossen.<\/p>\n<h4>Einlegen<\/h4>\n<p>Das Einf\u00fcgen von Metalleinlagen mittels Ultraschall erm\u00f6glicht es, die beim Umspritzen verursachten Belastungen zu vermeiden, die Einspritzgeschwindigkeiten zu erh\u00f6hen und die Herstellung der Spritzgie\u00dfwerkzeuge zu vereinfachen.[\/vc_column_text][\/vc_column][\/vc_row][vc_row][vc_column][vc_empty_space height=&#8220;60px&#8220;][\/vc_column][\/vc_row]<\/p>\n<\/div>","protected":false},"excerpt":{"rendered":"<p>[vc_row][vc_column][vc_column_text] Ultraschallschwei\u00dfen von Kunststoffen \u2013 Funktionsprinzip [\/vc_column_text][vc_row_inner content_placement=&#8220;middle&#8220; gap=&#8220;35&#8243;][vc_column_inner width=&#8220;2\/3&#8243;][vc_column_text]Anwendung. Wie funktioniert diese Technologie? Ultraschall entsteht durch mechanische Schwingungen, \u00e4hnlich wie sie von jedem Musikinstrument erzeugt werden. Diese Schwingungen werden&hellip;<\/p>\n","protected":false},"author":1,"featured_media":20744,"parent":22982,"menu_order":0,"comment_status":"closed","ping_status":"closed","template":"","meta":{"_acf_changed":false,"footnotes":""},"class_list":["post-24342","page","type-page","status-publish","has-post-thumbnail","hentry"],"acf":[],"yoast_head":"<title>Ultraschallschwei\u00dfen von Kunststoffen | SONIMAT<\/title>\n<meta name=\"description\" content=\"Erfahren Sie mehr \u00fcber das Prinzip des Kunststoff-Ultraschallschwei\u00dfens und anderen L\u00f6sungen : Punktschwei\u00dfen, Nahtschwei\u00dfen, Hei\u00dfnieten, Nieten, B\u00f6rdeln...\" \/>\n<meta name=\"robots\" content=\"index, follow, max-snippet:-1, max-image-preview:large, max-video-preview:-1\" \/>\n<link rel=\"canonical\" href=\"https:\/\/sonimat.com\/de\/schweissen-kunststoffen\/technologien\/ultraschallschweissen-kunststoff\/\" \/>\n<meta property=\"og:locale\" content=\"de_DE\" \/>\n<meta property=\"og:type\" content=\"article\" \/>\n<meta property=\"og:title\" content=\"Ultraschallschwei\u00dfen von Kunststoffen | SONIMAT\" \/>\n<meta property=\"og:description\" content=\"Erfahren Sie mehr \u00fcber das Prinzip des Kunststoff-Ultraschallschwei\u00dfens und anderen L\u00f6sungen : Punktschwei\u00dfen, Nahtschwei\u00dfen, Hei\u00dfnieten, Nieten, B\u00f6rdeln...\" \/>\n<meta property=\"og:url\" content=\"https:\/\/sonimat.com\/de\/schweissen-kunststoffen\/technologien\/ultraschallschweissen-kunststoff\/\" \/>\n<meta property=\"og:site_name\" content=\"SONIMAT\" \/>\n<meta property=\"article:modified_time\" content=\"2024-11-13T14:37:50+00:00\" \/>\n<meta property=\"og:image\" content=\"https:\/\/sonimat.com\/wp-content\/uploads\/sites\/9\/2018\/12\/soudure-plastique-ultrasons.jpg\" \/>\n\t<meta property=\"og:image:width\" content=\"2000\" \/>\n\t<meta property=\"og:image:height\" content=\"1000\" \/>\n\t<meta property=\"og:image:type\" content=\"image\/jpeg\" \/>\n<meta name=\"twitter:card\" content=\"summary_large_image\" \/>\n<meta name=\"twitter:site\" content=\"@EuropeTechno\" \/>\n<meta name=\"twitter:label1\" content=\"Gesch\u00e4tzte Lesezeit\" \/>\n\t<meta name=\"twitter:data1\" content=\"4\u00a0Minuten\" \/>\n<script type=\"application\/ld+json\" class=\"yoast-schema-graph\">{\"@context\":\"https:\\\/\\\/schema.org\",\"@graph\":[{\"@type\":\"WebPage\",\"@id\":\"https:\\\/\\\/sonimat.com\\\/de\\\/schweissen-kunststoffen\\\/technologien\\\/ultraschallschweissen-kunststoff\\\/\",\"url\":\"https:\\\/\\\/sonimat.com\\\/de\\\/schweissen-kunststoffen\\\/technologien\\\/ultraschallschweissen-kunststoff\\\/\",\"name\":\"Ultraschallschwei\u00dfen von Kunststoffen | SONIMAT\",\"isPartOf\":{\"@id\":\"https:\\\/\\\/sonimat.com\\\/#website\"},\"primaryImageOfPage\":{\"@id\":\"https:\\\/\\\/sonimat.com\\\/de\\\/schweissen-kunststoffen\\\/technologien\\\/ultraschallschweissen-kunststoff\\\/#primaryimage\"},\"image\":{\"@id\":\"https:\\\/\\\/sonimat.com\\\/de\\\/schweissen-kunststoffen\\\/technologien\\\/ultraschallschweissen-kunststoff\\\/#primaryimage\"},\"thumbnailUrl\":\"https:\\\/\\\/sonimat.com\\\/wp-content\\\/uploads\\\/sites\\\/9\\\/2018\\\/12\\\/soudure-plastique-ultrasons.jpg\",\"datePublished\":\"2018-10-15T11:55:11+00:00\",\"dateModified\":\"2024-11-13T14:37:50+00:00\",\"description\":\"Erfahren Sie mehr \u00fcber das Prinzip des Kunststoff-Ultraschallschwei\u00dfens und anderen L\u00f6sungen : Punktschwei\u00dfen, Nahtschwei\u00dfen, Hei\u00dfnieten, Nieten, B\u00f6rdeln...\",\"breadcrumb\":{\"@id\":\"https:\\\/\\\/sonimat.com\\\/de\\\/schweissen-kunststoffen\\\/technologien\\\/ultraschallschweissen-kunststoff\\\/#breadcrumb\"},\"inLanguage\":\"de\",\"potentialAction\":[{\"@type\":\"ReadAction\",\"target\":[\"https:\\\/\\\/sonimat.com\\\/de\\\/schweissen-kunststoffen\\\/technologien\\\/ultraschallschweissen-kunststoff\\\/\"]}]},{\"@type\":\"ImageObject\",\"inLanguage\":\"de\",\"@id\":\"https:\\\/\\\/sonimat.com\\\/de\\\/schweissen-kunststoffen\\\/technologien\\\/ultraschallschweissen-kunststoff\\\/#primaryimage\",\"url\":\"https:\\\/\\\/sonimat.com\\\/wp-content\\\/uploads\\\/sites\\\/9\\\/2018\\\/12\\\/soudure-plastique-ultrasons.jpg\",\"contentUrl\":\"https:\\\/\\\/sonimat.com\\\/wp-content\\\/uploads\\\/sites\\\/9\\\/2018\\\/12\\\/soudure-plastique-ultrasons.jpg\",\"width\":2000,\"height\":1000,\"caption\":\"ESW\"},{\"@type\":\"BreadcrumbList\",\"@id\":\"https:\\\/\\\/sonimat.com\\\/de\\\/schweissen-kunststoffen\\\/technologien\\\/ultraschallschweissen-kunststoff\\\/#breadcrumb\",\"itemListElement\":[{\"@type\":\"ListItem\",\"position\":1,\"name\":\"Accueil\",\"item\":\"https:\\\/\\\/sonimat.com\\\/de\\\/\"},{\"@type\":\"ListItem\",\"position\":2,\"name\":\"Schweissen von Kunststoffen\",\"item\":\"https:\\\/\\\/sonimat.com\\\/plasturgie\\\/\"},{\"@type\":\"ListItem\",\"position\":3,\"name\":\"Technologien\",\"item\":\"https:\\\/\\\/sonimat.com\\\/de\\\/schweissen-kunststoffen\\\/technologien\\\/\"},{\"@type\":\"ListItem\",\"position\":4,\"name\":\"Ultraschallschwei\u00dfen von Kunststoffen\"}]},{\"@type\":\"WebSite\",\"@id\":\"https:\\\/\\\/sonimat.com\\\/#website\",\"url\":\"https:\\\/\\\/sonimat.com\\\/\",\"name\":\"SONIMAT\",\"description\":\"\",\"potentialAction\":[{\"@type\":\"SearchAction\",\"target\":{\"@type\":\"EntryPoint\",\"urlTemplate\":\"https:\\\/\\\/sonimat.com\\\/?s={search_term_string}\"},\"query-input\":{\"@type\":\"PropertyValueSpecification\",\"valueRequired\":true,\"valueName\":\"search_term_string\"}}],\"inLanguage\":\"de\"}]}<\/script>","yoast_head_json":{"title":"Ultraschallschwei\u00dfen von Kunststoffen | SONIMAT","description":"Erfahren Sie mehr \u00fcber das Prinzip des Kunststoff-Ultraschallschwei\u00dfens und anderen L\u00f6sungen : Punktschwei\u00dfen, Nahtschwei\u00dfen, Hei\u00dfnieten, Nieten, B\u00f6rdeln...","robots":{"index":"index","follow":"follow","max-snippet":"max-snippet:-1","max-image-preview":"max-image-preview:large","max-video-preview":"max-video-preview:-1"},"canonical":"https:\/\/sonimat.com\/de\/schweissen-kunststoffen\/technologien\/ultraschallschweissen-kunststoff\/","og_locale":"de_DE","og_type":"article","og_title":"Ultraschallschwei\u00dfen von Kunststoffen | SONIMAT","og_description":"Erfahren Sie mehr \u00fcber das Prinzip des Kunststoff-Ultraschallschwei\u00dfens und anderen L\u00f6sungen : Punktschwei\u00dfen, Nahtschwei\u00dfen, Hei\u00dfnieten, Nieten, B\u00f6rdeln...","og_url":"https:\/\/sonimat.com\/de\/schweissen-kunststoffen\/technologien\/ultraschallschweissen-kunststoff\/","og_site_name":"SONIMAT","article_modified_time":"2024-11-13T14:37:50+00:00","og_image":[{"width":2000,"height":1000,"url":"https:\/\/sonimat.com\/wp-content\/uploads\/sites\/9\/2018\/12\/soudure-plastique-ultrasons.jpg","type":"image\/jpeg"}],"twitter_card":"summary_large_image","twitter_site":"@EuropeTechno","twitter_misc":{"Gesch\u00e4tzte Lesezeit":"4\u00a0Minuten"},"schema":{"@context":"https:\/\/schema.org","@graph":[{"@type":"WebPage","@id":"https:\/\/sonimat.com\/de\/schweissen-kunststoffen\/technologien\/ultraschallschweissen-kunststoff\/","url":"https:\/\/sonimat.com\/de\/schweissen-kunststoffen\/technologien\/ultraschallschweissen-kunststoff\/","name":"Ultraschallschwei\u00dfen von Kunststoffen | SONIMAT","isPartOf":{"@id":"https:\/\/sonimat.com\/#website"},"primaryImageOfPage":{"@id":"https:\/\/sonimat.com\/de\/schweissen-kunststoffen\/technologien\/ultraschallschweissen-kunststoff\/#primaryimage"},"image":{"@id":"https:\/\/sonimat.com\/de\/schweissen-kunststoffen\/technologien\/ultraschallschweissen-kunststoff\/#primaryimage"},"thumbnailUrl":"https:\/\/sonimat.com\/wp-content\/uploads\/sites\/9\/2018\/12\/soudure-plastique-ultrasons.jpg","datePublished":"2018-10-15T11:55:11+00:00","dateModified":"2024-11-13T14:37:50+00:00","description":"Erfahren Sie mehr \u00fcber das Prinzip des Kunststoff-Ultraschallschwei\u00dfens und anderen L\u00f6sungen : Punktschwei\u00dfen, Nahtschwei\u00dfen, Hei\u00dfnieten, Nieten, B\u00f6rdeln...","breadcrumb":{"@id":"https:\/\/sonimat.com\/de\/schweissen-kunststoffen\/technologien\/ultraschallschweissen-kunststoff\/#breadcrumb"},"inLanguage":"de","potentialAction":[{"@type":"ReadAction","target":["https:\/\/sonimat.com\/de\/schweissen-kunststoffen\/technologien\/ultraschallschweissen-kunststoff\/"]}]},{"@type":"ImageObject","inLanguage":"de","@id":"https:\/\/sonimat.com\/de\/schweissen-kunststoffen\/technologien\/ultraschallschweissen-kunststoff\/#primaryimage","url":"https:\/\/sonimat.com\/wp-content\/uploads\/sites\/9\/2018\/12\/soudure-plastique-ultrasons.jpg","contentUrl":"https:\/\/sonimat.com\/wp-content\/uploads\/sites\/9\/2018\/12\/soudure-plastique-ultrasons.jpg","width":2000,"height":1000,"caption":"ESW"},{"@type":"BreadcrumbList","@id":"https:\/\/sonimat.com\/de\/schweissen-kunststoffen\/technologien\/ultraschallschweissen-kunststoff\/#breadcrumb","itemListElement":[{"@type":"ListItem","position":1,"name":"Accueil","item":"https:\/\/sonimat.com\/de\/"},{"@type":"ListItem","position":2,"name":"Schweissen von Kunststoffen","item":"https:\/\/sonimat.com\/plasturgie\/"},{"@type":"ListItem","position":3,"name":"Technologien","item":"https:\/\/sonimat.com\/de\/schweissen-kunststoffen\/technologien\/"},{"@type":"ListItem","position":4,"name":"Ultraschallschwei\u00dfen von Kunststoffen"}]},{"@type":"WebSite","@id":"https:\/\/sonimat.com\/#website","url":"https:\/\/sonimat.com\/","name":"SONIMAT","description":"","potentialAction":[{"@type":"SearchAction","target":{"@type":"EntryPoint","urlTemplate":"https:\/\/sonimat.com\/?s={search_term_string}"},"query-input":{"@type":"PropertyValueSpecification","valueRequired":true,"valueName":"search_term_string"}}],"inLanguage":"de"}]}},"_links":{"self":[{"href":"https:\/\/sonimat.com\/de\/wp-json\/wp\/v2\/pages\/24342","targetHints":{"allow":["GET"]}}],"collection":[{"href":"https:\/\/sonimat.com\/de\/wp-json\/wp\/v2\/pages"}],"about":[{"href":"https:\/\/sonimat.com\/de\/wp-json\/wp\/v2\/types\/page"}],"author":[{"embeddable":true,"href":"https:\/\/sonimat.com\/de\/wp-json\/wp\/v2\/users\/1"}],"replies":[{"embeddable":true,"href":"https:\/\/sonimat.com\/de\/wp-json\/wp\/v2\/comments?post=24342"}],"version-history":[{"count":950,"href":"https:\/\/sonimat.com\/de\/wp-json\/wp\/v2\/pages\/24342\/revisions"}],"predecessor-version":[{"id":29998,"href":"https:\/\/sonimat.com\/de\/wp-json\/wp\/v2\/pages\/24342\/revisions\/29998"}],"up":[{"embeddable":true,"href":"https:\/\/sonimat.com\/de\/wp-json\/wp\/v2\/pages\/22982"}],"wp:featuredmedia":[{"embeddable":true,"href":"https:\/\/sonimat.com\/de\/wp-json\/wp\/v2\/media\/20744"}],"wp:attachment":[{"href":"https:\/\/sonimat.com\/de\/wp-json\/wp\/v2\/media?parent=24342"}],"curies":[{"name":"wp","href":"https:\/\/api.w.org\/{rel}","templated":true}]}}