{"id":24337,"date":"2018-10-15T14:16:30","date_gmt":"2018-10-15T12:16:30","guid":{"rendered":"https:\/\/sonimat.com\/nos-marches\/naval-nautisme\/"},"modified":"2024-11-14T16:29:43","modified_gmt":"2024-11-14T15:29:43","slug":"naval-nautik","status":"publish","type":"page","link":"https:\/\/sonimat.com\/de\/unsere-maerkte\/naval-nautik\/","title":{"rendered":"Naval Nautik"},"content":{"rendered":"<div class=\"wpb-content-wrapper\"><p>[vc_row][vc_column][vc_column_text]<\/p>\n<h2><span lang=\"DE\">Ultraschallschwei\u00dfen und Ultraschallschneiden f\u00fcr die Schiffbauindustrie<\/span><\/h2>\n<p>[\/vc_column_text][vc_column_text]Wie in der Luft- und Raumfahrt werden auch in der Schiffbauindustrie seit langem Verbundwerkstoffe f\u00fcr die Herstellung von Bauteilen eingesetzt. Vorteile wie hohe Leistungsf\u00e4higkeit, Steifigkeit, geringes Gewicht, flexibles Design und Erm\u00fcdungsfestigkeit haben dazu gef\u00fchrt, dass sich Verbundstoffe, Karbon, Aluminiumwaben und Nomex, Thermoplaste sowie diverse Fasern und Prepregs zunehmender Beliebtheit bei den Herstellern und gro\u00dfen Auftraggebern erfreuen.<\/p>\n<p>SONIMAT begleitet seine Kunden in diesem Sektor bei der Entwicklung und Umsetzung <strong>von Ultraschalll\u00f6sungen zur Bearbeitung<\/strong> und <strong>zum F\u00fcgen von Verbundstoffen und Thermoplasten<\/strong>.<\/p>\n<p>Ihr Bedarf geht \u00fcber ein Standardprodukt hinaus? Wir entwickeln L\u00f6sungen. Wir sind in der Lage, unsere Schneid- und Schwei\u00dfverfahren zu optimieren, um sie an Ihre Anforderungen anzupassen. Neben unseren Standardl\u00f6sungen k\u00f6nnen wir Ihnen manuelle, maschinen- und robotergest\u00fctzte Anlagen oder nach Ihren W\u00fcnschen personalisierte Sondermaschinen anbieten. Als kompetenter Partner sind wir au\u00dferdem in der Lage, einen hohen Automatisierungs- und Robotisierungsgrad sicherzustellen, um eine optimale Integration unserer L\u00f6sungen in Ihre Produktionsanlagen zu erm\u00f6glichen.[\/vc_column_text][\/vc_column][\/vc_row][vc_row][vc_column][vc_empty_space][\/vc_column][\/vc_row]<\/p>\n<\/div>","protected":false},"excerpt":{"rendered":"<p>[vc_row][vc_column][vc_column_text] Ultraschallschwei\u00dfen und Ultraschallschneiden f\u00fcr die Schiffbauindustrie [\/vc_column_text][vc_column_text]Wie in der Luft- und Raumfahrt werden auch in der Schiffbauindustrie seit langem Verbundwerkstoffe f\u00fcr die Herstellung von Bauteilen eingesetzt. Vorteile wie hohe&hellip;<\/p>\n","protected":false},"author":1,"featured_media":24339,"parent":23211,"menu_order":0,"comment_status":"closed","ping_status":"closed","template":"","meta":{"_acf_changed":false,"footnotes":""},"class_list":["post-24337","page","type-page","status-publish","has-post-thumbnail","hentry"],"acf":[],"yoast_head":"<title>Schwei\u00dfen und Schneiden f\u00fcr die Schiffbauindustrie | SONIMAT<\/title>\n<meta name=\"description\" content=\"SONIMAT bietet L\u00f6sungen f\u00fcr die ultraschallgest\u00fctzte Fertigstellung von Verbundwerkstoffen und die Montage von Verbundwerkstoffen und Thermoplasten f\u00fcr die Schiffsindustrie.\" \/>\n<meta name=\"robots\" content=\"index, follow, max-snippet:-1, max-image-preview:large, max-video-preview:-1\" \/>\n<link rel=\"canonical\" href=\"https:\/\/sonimat.com\/de\/unsere-maerkte\/naval-nautik\/\" \/>\n<meta property=\"og:locale\" content=\"de_DE\" \/>\n<meta property=\"og:type\" content=\"article\" \/>\n<meta property=\"og:title\" content=\"Schwei\u00dfen und Schneiden f\u00fcr die Schiffbauindustrie | SONIMAT\" \/>\n<meta property=\"og:description\" content=\"SONIMAT bietet L\u00f6sungen f\u00fcr die ultraschallgest\u00fctzte Fertigstellung von Verbundwerkstoffen und die Montage von Verbundwerkstoffen und Thermoplasten f\u00fcr die Schiffsindustrie.\" \/>\n<meta property=\"og:url\" content=\"https:\/\/sonimat.com\/de\/unsere-maerkte\/naval-nautik\/\" \/>\n<meta property=\"og:site_name\" content=\"SONIMAT\" \/>\n<meta property=\"article:modified_time\" content=\"2024-11-14T15:29:43+00:00\" \/>\n<meta property=\"og:image\" content=\"https:\/\/sonimat.com\/wp-content\/uploads\/sites\/9\/2020\/07\/March\u00e9-nautique-SONIMAT-3.jpg\" \/>\n\t<meta property=\"og:image:width\" content=\"2000\" \/>\n\t<meta property=\"og:image:height\" content=\"836\" \/>\n\t<meta property=\"og:image:type\" content=\"image\/jpeg\" \/>\n<meta name=\"twitter:card\" content=\"summary_large_image\" \/>\n<meta name=\"twitter:site\" content=\"@EuropeTechno\" \/>\n<meta name=\"twitter:label1\" content=\"Gesch\u00e4tzte Lesezeit\" \/>\n\t<meta name=\"twitter:data1\" content=\"1\u00a0Minute\" \/>\n<script type=\"application\/ld+json\" class=\"yoast-schema-graph\">{\"@context\":\"https:\\\/\\\/schema.org\",\"@graph\":[{\"@type\":\"WebPage\",\"@id\":\"https:\\\/\\\/sonimat.com\\\/de\\\/unsere-maerkte\\\/naval-nautik\\\/\",\"url\":\"https:\\\/\\\/sonimat.com\\\/de\\\/unsere-maerkte\\\/naval-nautik\\\/\",\"name\":\"Schwei\u00dfen und Schneiden f\u00fcr die Schiffbauindustrie | SONIMAT\",\"isPartOf\":{\"@id\":\"https:\\\/\\\/sonimat.com\\\/#website\"},\"primaryImageOfPage\":{\"@id\":\"https:\\\/\\\/sonimat.com\\\/de\\\/unsere-maerkte\\\/naval-nautik\\\/#primaryimage\"},\"image\":{\"@id\":\"https:\\\/\\\/sonimat.com\\\/de\\\/unsere-maerkte\\\/naval-nautik\\\/#primaryimage\"},\"thumbnailUrl\":\"https:\\\/\\\/sonimat.com\\\/wp-content\\\/uploads\\\/sites\\\/9\\\/2020\\\/07\\\/March\u00e9-nautique-SONIMAT-3.jpg\",\"datePublished\":\"2018-10-15T12:16:30+00:00\",\"dateModified\":\"2024-11-14T15:29:43+00:00\",\"description\":\"SONIMAT bietet L\u00f6sungen f\u00fcr die ultraschallgest\u00fctzte Fertigstellung von Verbundwerkstoffen und die Montage von Verbundwerkstoffen und Thermoplasten f\u00fcr die Schiffsindustrie.\",\"breadcrumb\":{\"@id\":\"https:\\\/\\\/sonimat.com\\\/de\\\/unsere-maerkte\\\/naval-nautik\\\/#breadcrumb\"},\"inLanguage\":\"de\",\"potentialAction\":[{\"@type\":\"ReadAction\",\"target\":[\"https:\\\/\\\/sonimat.com\\\/de\\\/unsere-maerkte\\\/naval-nautik\\\/\"]}]},{\"@type\":\"ImageObject\",\"inLanguage\":\"de\",\"@id\":\"https:\\\/\\\/sonimat.com\\\/de\\\/unsere-maerkte\\\/naval-nautik\\\/#primaryimage\",\"url\":\"https:\\\/\\\/sonimat.com\\\/wp-content\\\/uploads\\\/sites\\\/9\\\/2020\\\/07\\\/March\u00e9-nautique-SONIMAT-3.jpg\",\"contentUrl\":\"https:\\\/\\\/sonimat.com\\\/wp-content\\\/uploads\\\/sites\\\/9\\\/2020\\\/07\\\/March\u00e9-nautique-SONIMAT-3.jpg\",\"width\":2000,\"height\":836,\"caption\":\"March\u00e9-nautique-SONIMAT\"},{\"@type\":\"BreadcrumbList\",\"@id\":\"https:\\\/\\\/sonimat.com\\\/de\\\/unsere-maerkte\\\/naval-nautik\\\/#breadcrumb\",\"itemListElement\":[{\"@type\":\"ListItem\",\"position\":1,\"name\":\"Accueil\",\"item\":\"https:\\\/\\\/sonimat.com\\\/de\\\/\"},{\"@type\":\"ListItem\",\"position\":2,\"name\":\"M\u00e4rkte\",\"item\":\"https:\\\/\\\/sonimat.com\\\/de\\\/unsere-maerkte\\\/\"},{\"@type\":\"ListItem\",\"position\":3,\"name\":\"Naval Nautik\"}]},{\"@type\":\"WebSite\",\"@id\":\"https:\\\/\\\/sonimat.com\\\/#website\",\"url\":\"https:\\\/\\\/sonimat.com\\\/\",\"name\":\"SONIMAT\",\"description\":\"\",\"potentialAction\":[{\"@type\":\"SearchAction\",\"target\":{\"@type\":\"EntryPoint\",\"urlTemplate\":\"https:\\\/\\\/sonimat.com\\\/?s={search_term_string}\"},\"query-input\":{\"@type\":\"PropertyValueSpecification\",\"valueRequired\":true,\"valueName\":\"search_term_string\"}}],\"inLanguage\":\"de\"}]}<\/script>","yoast_head_json":{"title":"Schwei\u00dfen und Schneiden f\u00fcr die Schiffbauindustrie | SONIMAT","description":"SONIMAT bietet L\u00f6sungen f\u00fcr die ultraschallgest\u00fctzte Fertigstellung von Verbundwerkstoffen und die Montage von Verbundwerkstoffen und Thermoplasten f\u00fcr die Schiffsindustrie.","robots":{"index":"index","follow":"follow","max-snippet":"max-snippet:-1","max-image-preview":"max-image-preview:large","max-video-preview":"max-video-preview:-1"},"canonical":"https:\/\/sonimat.com\/de\/unsere-maerkte\/naval-nautik\/","og_locale":"de_DE","og_type":"article","og_title":"Schwei\u00dfen und Schneiden f\u00fcr die Schiffbauindustrie | SONIMAT","og_description":"SONIMAT bietet L\u00f6sungen f\u00fcr die ultraschallgest\u00fctzte Fertigstellung von Verbundwerkstoffen und die Montage von Verbundwerkstoffen und Thermoplasten f\u00fcr die Schiffsindustrie.","og_url":"https:\/\/sonimat.com\/de\/unsere-maerkte\/naval-nautik\/","og_site_name":"SONIMAT","article_modified_time":"2024-11-14T15:29:43+00:00","og_image":[{"width":2000,"height":836,"url":"https:\/\/sonimat.com\/wp-content\/uploads\/sites\/9\/2020\/07\/March\u00e9-nautique-SONIMAT-3.jpg","type":"image\/jpeg"}],"twitter_card":"summary_large_image","twitter_site":"@EuropeTechno","twitter_misc":{"Gesch\u00e4tzte Lesezeit":"1\u00a0Minute"},"schema":{"@context":"https:\/\/schema.org","@graph":[{"@type":"WebPage","@id":"https:\/\/sonimat.com\/de\/unsere-maerkte\/naval-nautik\/","url":"https:\/\/sonimat.com\/de\/unsere-maerkte\/naval-nautik\/","name":"Schwei\u00dfen und Schneiden f\u00fcr die Schiffbauindustrie | SONIMAT","isPartOf":{"@id":"https:\/\/sonimat.com\/#website"},"primaryImageOfPage":{"@id":"https:\/\/sonimat.com\/de\/unsere-maerkte\/naval-nautik\/#primaryimage"},"image":{"@id":"https:\/\/sonimat.com\/de\/unsere-maerkte\/naval-nautik\/#primaryimage"},"thumbnailUrl":"https:\/\/sonimat.com\/wp-content\/uploads\/sites\/9\/2020\/07\/March\u00e9-nautique-SONIMAT-3.jpg","datePublished":"2018-10-15T12:16:30+00:00","dateModified":"2024-11-14T15:29:43+00:00","description":"SONIMAT bietet L\u00f6sungen f\u00fcr die ultraschallgest\u00fctzte Fertigstellung von Verbundwerkstoffen und die Montage von Verbundwerkstoffen und Thermoplasten f\u00fcr die Schiffsindustrie.","breadcrumb":{"@id":"https:\/\/sonimat.com\/de\/unsere-maerkte\/naval-nautik\/#breadcrumb"},"inLanguage":"de","potentialAction":[{"@type":"ReadAction","target":["https:\/\/sonimat.com\/de\/unsere-maerkte\/naval-nautik\/"]}]},{"@type":"ImageObject","inLanguage":"de","@id":"https:\/\/sonimat.com\/de\/unsere-maerkte\/naval-nautik\/#primaryimage","url":"https:\/\/sonimat.com\/wp-content\/uploads\/sites\/9\/2020\/07\/March\u00e9-nautique-SONIMAT-3.jpg","contentUrl":"https:\/\/sonimat.com\/wp-content\/uploads\/sites\/9\/2020\/07\/March\u00e9-nautique-SONIMAT-3.jpg","width":2000,"height":836,"caption":"March\u00e9-nautique-SONIMAT"},{"@type":"BreadcrumbList","@id":"https:\/\/sonimat.com\/de\/unsere-maerkte\/naval-nautik\/#breadcrumb","itemListElement":[{"@type":"ListItem","position":1,"name":"Accueil","item":"https:\/\/sonimat.com\/de\/"},{"@type":"ListItem","position":2,"name":"M\u00e4rkte","item":"https:\/\/sonimat.com\/de\/unsere-maerkte\/"},{"@type":"ListItem","position":3,"name":"Naval Nautik"}]},{"@type":"WebSite","@id":"https:\/\/sonimat.com\/#website","url":"https:\/\/sonimat.com\/","name":"SONIMAT","description":"","potentialAction":[{"@type":"SearchAction","target":{"@type":"EntryPoint","urlTemplate":"https:\/\/sonimat.com\/?s={search_term_string}"},"query-input":{"@type":"PropertyValueSpecification","valueRequired":true,"valueName":"search_term_string"}}],"inLanguage":"de"}]}},"_links":{"self":[{"href":"https:\/\/sonimat.com\/de\/wp-json\/wp\/v2\/pages\/24337","targetHints":{"allow":["GET"]}}],"collection":[{"href":"https:\/\/sonimat.com\/de\/wp-json\/wp\/v2\/pages"}],"about":[{"href":"https:\/\/sonimat.com\/de\/wp-json\/wp\/v2\/types\/page"}],"author":[{"embeddable":true,"href":"https:\/\/sonimat.com\/de\/wp-json\/wp\/v2\/users\/1"}],"replies":[{"embeddable":true,"href":"https:\/\/sonimat.com\/de\/wp-json\/wp\/v2\/comments?post=24337"}],"version-history":[{"count":3,"href":"https:\/\/sonimat.com\/de\/wp-json\/wp\/v2\/pages\/24337\/revisions"}],"predecessor-version":[{"id":30070,"href":"https:\/\/sonimat.com\/de\/wp-json\/wp\/v2\/pages\/24337\/revisions\/30070"}],"up":[{"embeddable":true,"href":"https:\/\/sonimat.com\/de\/wp-json\/wp\/v2\/pages\/23211"}],"wp:featuredmedia":[{"embeddable":true,"href":"https:\/\/sonimat.com\/de\/wp-json\/wp\/v2\/media\/24339"}],"wp:attachment":[{"href":"https:\/\/sonimat.com\/de\/wp-json\/wp\/v2\/media?parent=24337"}],"curies":[{"name":"wp","href":"https:\/\/api.w.org\/{rel}","templated":true}]}}