{"id":24330,"date":"2020-02-11T17:26:22","date_gmt":"2020-02-11T16:26:22","guid":{"rendered":"https:\/\/sonimat.com\/plasturgie\/technologies\/soudure-miroir-lame-chauffante\/"},"modified":"2024-11-14T15:11:51","modified_gmt":"2024-11-14T14:11:51","slug":"heizelementscheissen","status":"publish","type":"page","link":"https:\/\/sonimat.com\/de\/schweissen-kunststoffen\/technologien\/heizelementscheissen\/","title":{"rendered":"Heizelementschwei\u00dfen und Spiegelschwei\u00dfen"},"content":{"rendered":"<div class=\"wpb-content-wrapper\"><p>[vc_row][vc_column][vc_column_text css=&#8220;&#8220;]<\/p>\n<h2>Heizelementschwei\u00dfen und Spiegelschwei\u00dfe von Kunststoffen<\/h2>\n<p>[\/vc_column_text][vc_row_inner content_placement=&#8220;middle&#8220; gap=&#8220;35&#8243;][vc_column_inner width=&#8220;2\/3&#8243;][vc_column_text css=&#8220;&#8220;]Kunststoffe k\u00f6nnen mithilfe von Heizplatten geschwei\u00dft werden. F\u00fcr dieses Verfahren sind mehrere Bezeichnungen gebr\u00e4uchlich: <strong>Hei\u00dfspiegelschwei\u00dfen, Heizelementschwei\u00dfen, Spiegelschwei\u00dfen oder Heizplattenschwei\u00dfen. <\/strong><\/p>\n<p>Dieses Schwei\u00dfverfahren eignet sich besonders f\u00fcr das F\u00fcgen von Kunststoffteilen mit gro\u00dfen Abmessungen und komplexer Geometrie oder f\u00fcr flexible Werkstoffe. Es erzeugt sowohl technische als auch optisch ansprechende Verbindungen.<\/p>\n<p><strong>Es handelt sich um eine Kontaktschwei\u00dfung:<\/strong> Die Kunststoffteile kommen mit der Heizplatte in Ber\u00fchrung, die die W\u00e4rmeenergie auf die zu verbindenden Teile \u00fcbertr\u00e4gt.<\/p>\n<p>Sobald der Schmelzpunkt der Werkstoffe erreicht ist, wird die Heizelement entfernt. Die Kunststoffteile sind nun miteinander verbunden. Mit dieser Technologie k\u00f6nnen dichte, untrennbare Verbindungen erzielt werden, die hohen mechanischen Beanspruchungen standhalten.<\/p>\n<p><span style=\"color: #009de0;\">Beispiele von Kunststoffteilen, die mit der Heizelementtechnologie geschwei\u00dft werden k\u00f6nnen:<\/span> Scheinwerfer, Tanks, Filter, Gef\u00e4\u00dfe, Rohre, Luftverteiler, Spielzeug, Haushaltsger\u00e4te usw.[\/vc_column_text][\/vc_column_inner][vc_column_inner width=&#8220;1\/3&#8243;]<div class=\"ult-content-box-container \" >\t<a class=\"ult-content-box-anchor\" href=\"https:\/\/sonimat.com\/de\/schweissen-kunststoffen\/produkte\/infrarotschweissmaschinen\/\" title=\"Entdecken Sie unsere HPW-L\u00f6sung f\u00fcr das Infrarotschwei\u00dfen\" >\t\t<div class=\"ult-content-box\" style=\"background-color:#f2f2f2;box-shadow: px px px px none;padding-top:15px;padding-right:25px;padding-bottom:10px;padding-left:25px;-webkit-transition: all 700ms ease;-moz-transition: all 700ms ease;-ms-transition: all 700ms ease;-o-transition: all 700ms ease;transition: all 700ms ease;\"  data-hover_bg_color=\"#f9f9f9\"  data-hover_box_shadow=\"none\"     data-bg=\"#f2f2f2\" >[vc_single_image image=&#8220;24336&#8243; img_size=&#8220;100&#215;100&#8243; alignment=&#8220;center&#8220;][vc_column_text css=&#8220;&#8220;]<\/p>\n<p style=\"text-align: center;\">Entdecken Sie unsere L\u00f6sung HPW zum Heizelementschwei\u00dfen von Kunststoffen<\/p>\n<p>[\/vc_column_text]\t\t<\/div>\t<\/a><\/div>[\/vc_column_inner][\/vc_row_inner][\/vc_column][\/vc_row][vc_row][vc_column][vc_empty_space height=&#8220;64px&#8220;][\/vc_column][\/vc_row]<\/p>\n<\/div>","protected":false},"excerpt":{"rendered":"<p>[vc_row][vc_column][vc_column_text css=&#8220;&#8220;] Heizelementschwei\u00dfen und Spiegelschwei\u00dfe von Kunststoffen [\/vc_column_text][vc_row_inner content_placement=&#8220;middle&#8220; gap=&#8220;35&#8243;][vc_column_inner width=&#8220;2\/3&#8243;][vc_column_text css=&#8220;&#8220;]Kunststoffe k\u00f6nnen mithilfe von Heizplatten geschwei\u00dft werden. F\u00fcr dieses Verfahren sind mehrere Bezeichnungen gebr\u00e4uchlich: Hei\u00dfspiegelschwei\u00dfen, Heizelementschwei\u00dfen, Spiegelschwei\u00dfen oder Heizplattenschwei\u00dfen.&hellip;<\/p>\n","protected":false},"author":1,"featured_media":24332,"parent":22982,"menu_order":0,"comment_status":"closed","ping_status":"closed","template":"","meta":{"_acf_changed":false,"footnotes":""},"class_list":["post-24330","page","type-page","status-publish","has-post-thumbnail","hentry"],"acf":[],"yoast_head":"<title>Heizelementschwei\u00dfen von Kunststoffen - Prinzipe | SONIMAT<\/title>\n<meta name=\"description\" content=\"Das Heizelementschwei\u00dfen oder Spiegelschwei\u00dfen erm\u00f6glicht technische und \u00e4sthetische Verbindungen von Kunststoffen. Mehr zu unseren L\u00f6sungen lesen.\" \/>\n<meta name=\"robots\" content=\"index, follow, max-snippet:-1, max-image-preview:large, max-video-preview:-1\" \/>\n<link rel=\"canonical\" href=\"https:\/\/sonimat.com\/de\/schweissen-kunststoffen\/technologien\/heizelementscheissen\/\" \/>\n<meta property=\"og:locale\" content=\"de_DE\" \/>\n<meta property=\"og:type\" content=\"article\" \/>\n<meta property=\"og:title\" content=\"Heizelementschwei\u00dfen von Kunststoffen - Prinzipe | SONIMAT\" \/>\n<meta property=\"og:description\" content=\"Das Heizelementschwei\u00dfen oder Spiegelschwei\u00dfen erm\u00f6glicht technische und \u00e4sthetische Verbindungen von Kunststoffen. Mehr zu unseren L\u00f6sungen lesen.\" \/>\n<meta property=\"og:url\" content=\"https:\/\/sonimat.com\/de\/schweissen-kunststoffen\/technologien\/heizelementscheissen\/\" \/>\n<meta property=\"og:site_name\" content=\"SONIMAT\" \/>\n<meta property=\"article:modified_time\" content=\"2024-11-14T14:11:51+00:00\" \/>\n<meta property=\"og:image\" content=\"https:\/\/sonimat.com\/wp-content\/uploads\/sites\/9\/2018\/12\/soudure-plastique-lame-chaude.jpg\" \/>\n\t<meta property=\"og:image:width\" content=\"2000\" \/>\n\t<meta property=\"og:image:height\" content=\"1000\" \/>\n\t<meta property=\"og:image:type\" content=\"image\/jpeg\" \/>\n<meta name=\"twitter:card\" content=\"summary_large_image\" \/>\n<meta name=\"twitter:site\" content=\"@EuropeTechno\" \/>\n<meta name=\"twitter:label1\" content=\"Gesch\u00e4tzte Lesezeit\" \/>\n\t<meta name=\"twitter:data1\" content=\"2\u00a0Minuten\" \/>\n<script type=\"application\/ld+json\" class=\"yoast-schema-graph\">{\"@context\":\"https:\\\/\\\/schema.org\",\"@graph\":[{\"@type\":\"WebPage\",\"@id\":\"https:\\\/\\\/sonimat.com\\\/de\\\/schweissen-kunststoffen\\\/technologien\\\/heizelementscheissen\\\/\",\"url\":\"https:\\\/\\\/sonimat.com\\\/de\\\/schweissen-kunststoffen\\\/technologien\\\/heizelementscheissen\\\/\",\"name\":\"Heizelementschwei\u00dfen von Kunststoffen - Prinzipe | SONIMAT\",\"isPartOf\":{\"@id\":\"https:\\\/\\\/sonimat.com\\\/#website\"},\"primaryImageOfPage\":{\"@id\":\"https:\\\/\\\/sonimat.com\\\/de\\\/schweissen-kunststoffen\\\/technologien\\\/heizelementscheissen\\\/#primaryimage\"},\"image\":{\"@id\":\"https:\\\/\\\/sonimat.com\\\/de\\\/schweissen-kunststoffen\\\/technologien\\\/heizelementscheissen\\\/#primaryimage\"},\"thumbnailUrl\":\"https:\\\/\\\/sonimat.com\\\/wp-content\\\/uploads\\\/sites\\\/9\\\/2018\\\/12\\\/soudure-plastique-lame-chaude.jpg\",\"datePublished\":\"2020-02-11T16:26:22+00:00\",\"dateModified\":\"2024-11-14T14:11:51+00:00\",\"description\":\"Das Heizelementschwei\u00dfen oder Spiegelschwei\u00dfen erm\u00f6glicht technische und \u00e4sthetische Verbindungen von Kunststoffen. Mehr zu unseren L\u00f6sungen lesen.\",\"breadcrumb\":{\"@id\":\"https:\\\/\\\/sonimat.com\\\/de\\\/schweissen-kunststoffen\\\/technologien\\\/heizelementscheissen\\\/#breadcrumb\"},\"inLanguage\":\"de\",\"potentialAction\":[{\"@type\":\"ReadAction\",\"target\":[\"https:\\\/\\\/sonimat.com\\\/de\\\/schweissen-kunststoffen\\\/technologien\\\/heizelementscheissen\\\/\"]}]},{\"@type\":\"ImageObject\",\"inLanguage\":\"de\",\"@id\":\"https:\\\/\\\/sonimat.com\\\/de\\\/schweissen-kunststoffen\\\/technologien\\\/heizelementscheissen\\\/#primaryimage\",\"url\":\"https:\\\/\\\/sonimat.com\\\/wp-content\\\/uploads\\\/sites\\\/9\\\/2018\\\/12\\\/soudure-plastique-lame-chaude.jpg\",\"contentUrl\":\"https:\\\/\\\/sonimat.com\\\/wp-content\\\/uploads\\\/sites\\\/9\\\/2018\\\/12\\\/soudure-plastique-lame-chaude.jpg\",\"width\":2000,\"height\":1000,\"caption\":\"soudure plastique lame chaude\"},{\"@type\":\"BreadcrumbList\",\"@id\":\"https:\\\/\\\/sonimat.com\\\/de\\\/schweissen-kunststoffen\\\/technologien\\\/heizelementscheissen\\\/#breadcrumb\",\"itemListElement\":[{\"@type\":\"ListItem\",\"position\":1,\"name\":\"Accueil\",\"item\":\"https:\\\/\\\/sonimat.com\\\/de\\\/\"},{\"@type\":\"ListItem\",\"position\":2,\"name\":\"Schweissen von Kunststoffen\",\"item\":\"https:\\\/\\\/sonimat.com\\\/plasturgie\\\/\"},{\"@type\":\"ListItem\",\"position\":3,\"name\":\"Technologien\",\"item\":\"https:\\\/\\\/sonimat.com\\\/de\\\/schweissen-kunststoffen\\\/technologien\\\/\"},{\"@type\":\"ListItem\",\"position\":4,\"name\":\"Heizelementschwei\u00dfen und Spiegelschwei\u00dfen\"}]},{\"@type\":\"WebSite\",\"@id\":\"https:\\\/\\\/sonimat.com\\\/#website\",\"url\":\"https:\\\/\\\/sonimat.com\\\/\",\"name\":\"SONIMAT\",\"description\":\"\",\"potentialAction\":[{\"@type\":\"SearchAction\",\"target\":{\"@type\":\"EntryPoint\",\"urlTemplate\":\"https:\\\/\\\/sonimat.com\\\/?s={search_term_string}\"},\"query-input\":{\"@type\":\"PropertyValueSpecification\",\"valueRequired\":true,\"valueName\":\"search_term_string\"}}],\"inLanguage\":\"de\"}]}<\/script>","yoast_head_json":{"title":"Heizelementschwei\u00dfen von Kunststoffen - Prinzipe | SONIMAT","description":"Das Heizelementschwei\u00dfen oder Spiegelschwei\u00dfen erm\u00f6glicht technische und \u00e4sthetische Verbindungen von Kunststoffen. Mehr zu unseren L\u00f6sungen lesen.","robots":{"index":"index","follow":"follow","max-snippet":"max-snippet:-1","max-image-preview":"max-image-preview:large","max-video-preview":"max-video-preview:-1"},"canonical":"https:\/\/sonimat.com\/de\/schweissen-kunststoffen\/technologien\/heizelementscheissen\/","og_locale":"de_DE","og_type":"article","og_title":"Heizelementschwei\u00dfen von Kunststoffen - Prinzipe | SONIMAT","og_description":"Das Heizelementschwei\u00dfen oder Spiegelschwei\u00dfen erm\u00f6glicht technische und \u00e4sthetische Verbindungen von Kunststoffen. Mehr zu unseren L\u00f6sungen lesen.","og_url":"https:\/\/sonimat.com\/de\/schweissen-kunststoffen\/technologien\/heizelementscheissen\/","og_site_name":"SONIMAT","article_modified_time":"2024-11-14T14:11:51+00:00","og_image":[{"width":2000,"height":1000,"url":"https:\/\/sonimat.com\/wp-content\/uploads\/sites\/9\/2018\/12\/soudure-plastique-lame-chaude.jpg","type":"image\/jpeg"}],"twitter_card":"summary_large_image","twitter_site":"@EuropeTechno","twitter_misc":{"Gesch\u00e4tzte Lesezeit":"2\u00a0Minuten"},"schema":{"@context":"https:\/\/schema.org","@graph":[{"@type":"WebPage","@id":"https:\/\/sonimat.com\/de\/schweissen-kunststoffen\/technologien\/heizelementscheissen\/","url":"https:\/\/sonimat.com\/de\/schweissen-kunststoffen\/technologien\/heizelementscheissen\/","name":"Heizelementschwei\u00dfen von Kunststoffen - Prinzipe | SONIMAT","isPartOf":{"@id":"https:\/\/sonimat.com\/#website"},"primaryImageOfPage":{"@id":"https:\/\/sonimat.com\/de\/schweissen-kunststoffen\/technologien\/heizelementscheissen\/#primaryimage"},"image":{"@id":"https:\/\/sonimat.com\/de\/schweissen-kunststoffen\/technologien\/heizelementscheissen\/#primaryimage"},"thumbnailUrl":"https:\/\/sonimat.com\/wp-content\/uploads\/sites\/9\/2018\/12\/soudure-plastique-lame-chaude.jpg","datePublished":"2020-02-11T16:26:22+00:00","dateModified":"2024-11-14T14:11:51+00:00","description":"Das Heizelementschwei\u00dfen oder Spiegelschwei\u00dfen erm\u00f6glicht technische und \u00e4sthetische Verbindungen von Kunststoffen. Mehr zu unseren L\u00f6sungen lesen.","breadcrumb":{"@id":"https:\/\/sonimat.com\/de\/schweissen-kunststoffen\/technologien\/heizelementscheissen\/#breadcrumb"},"inLanguage":"de","potentialAction":[{"@type":"ReadAction","target":["https:\/\/sonimat.com\/de\/schweissen-kunststoffen\/technologien\/heizelementscheissen\/"]}]},{"@type":"ImageObject","inLanguage":"de","@id":"https:\/\/sonimat.com\/de\/schweissen-kunststoffen\/technologien\/heizelementscheissen\/#primaryimage","url":"https:\/\/sonimat.com\/wp-content\/uploads\/sites\/9\/2018\/12\/soudure-plastique-lame-chaude.jpg","contentUrl":"https:\/\/sonimat.com\/wp-content\/uploads\/sites\/9\/2018\/12\/soudure-plastique-lame-chaude.jpg","width":2000,"height":1000,"caption":"soudure plastique lame chaude"},{"@type":"BreadcrumbList","@id":"https:\/\/sonimat.com\/de\/schweissen-kunststoffen\/technologien\/heizelementscheissen\/#breadcrumb","itemListElement":[{"@type":"ListItem","position":1,"name":"Accueil","item":"https:\/\/sonimat.com\/de\/"},{"@type":"ListItem","position":2,"name":"Schweissen von Kunststoffen","item":"https:\/\/sonimat.com\/plasturgie\/"},{"@type":"ListItem","position":3,"name":"Technologien","item":"https:\/\/sonimat.com\/de\/schweissen-kunststoffen\/technologien\/"},{"@type":"ListItem","position":4,"name":"Heizelementschwei\u00dfen und Spiegelschwei\u00dfen"}]},{"@type":"WebSite","@id":"https:\/\/sonimat.com\/#website","url":"https:\/\/sonimat.com\/","name":"SONIMAT","description":"","potentialAction":[{"@type":"SearchAction","target":{"@type":"EntryPoint","urlTemplate":"https:\/\/sonimat.com\/?s={search_term_string}"},"query-input":{"@type":"PropertyValueSpecification","valueRequired":true,"valueName":"search_term_string"}}],"inLanguage":"de"}]}},"_links":{"self":[{"href":"https:\/\/sonimat.com\/de\/wp-json\/wp\/v2\/pages\/24330","targetHints":{"allow":["GET"]}}],"collection":[{"href":"https:\/\/sonimat.com\/de\/wp-json\/wp\/v2\/pages"}],"about":[{"href":"https:\/\/sonimat.com\/de\/wp-json\/wp\/v2\/types\/page"}],"author":[{"embeddable":true,"href":"https:\/\/sonimat.com\/de\/wp-json\/wp\/v2\/users\/1"}],"replies":[{"embeddable":true,"href":"https:\/\/sonimat.com\/de\/wp-json\/wp\/v2\/comments?post=24330"}],"version-history":[{"count":949,"href":"https:\/\/sonimat.com\/de\/wp-json\/wp\/v2\/pages\/24330\/revisions"}],"predecessor-version":[{"id":30000,"href":"https:\/\/sonimat.com\/de\/wp-json\/wp\/v2\/pages\/24330\/revisions\/30000"}],"up":[{"embeddable":true,"href":"https:\/\/sonimat.com\/de\/wp-json\/wp\/v2\/pages\/22982"}],"wp:featuredmedia":[{"embeddable":true,"href":"https:\/\/sonimat.com\/de\/wp-json\/wp\/v2\/media\/24332"}],"wp:attachment":[{"href":"https:\/\/sonimat.com\/de\/wp-json\/wp\/v2\/media?parent=24330"}],"curies":[{"name":"wp","href":"https:\/\/api.w.org\/{rel}","templated":true}]}}