{"id":24291,"date":"2017-11-08T16:27:27","date_gmt":"2017-11-08T15:27:27","guid":{"rendered":"https:\/\/sonimat.com\/soudure-packaging\/technologies\/scellage-ultrasons\/"},"modified":"2024-11-13T15:16:17","modified_gmt":"2024-11-13T14:16:17","slug":"ultraschallversiegelung","status":"publish","type":"page","link":"https:\/\/sonimat.com\/de\/verpackung-schweissen\/technologie\/ultraschallversiegelung\/","title":{"rendered":"Ultraschallversiegelung"},"content":{"rendered":"<div class=\"wpb-content-wrapper\"><p>[vc_row][vc_column][vc_column_text]<\/p>\n<h2><span lang=\"DE\">Ultraschallversiegelung von Verpackungen<\/span><\/h2>\n<h3><span lang=\"DE\">F\u00dcR FLEXIBLE UND STARRE VERPACKUNGEN<\/span><\/h3>\n<p>[\/vc_column_text][vc_row_inner content_placement=&#8220;middle&#8220; gap=&#8220;35&#8243;][vc_column_inner width=&#8220;2\/3&#8243;][vc_column_text]<strong>Unsere Ultraschalltechnologie zur Versiegelung von Verpackungen garantiert eine optimale Reproduzierbarkeit des Schwei\u00dfprozesses und tr\u00e4gt so zur Senkung der Undichtheitsraten bei.<\/strong><\/p>\n<p>Die Undichtheitsrate spielt in der Verpackungsindustrie im Allgemeinen und insbesondere in der Lebensmittelindustrie eine gro\u00dfe Rolle.<\/p>\n<p>Ein weiterer Vorteil der Ultraschallschwei\u00dftechnik besteht darin, dass Verunreinigungen in der Schwei\u00dfzone das Verfahren nicht beeintr\u00e4chtigen.<\/p>\n<p>Selbst in Bereichen, die durch das Produkt \u201everschmutzt\u201c sind, erm\u00f6glicht diese Technologie also eine dichte Versiegelung der Verpackung. Dabei kann es sich beispielsweise um So\u00dfen, Pulver, Reste von geriebenem K\u00e4se oder Salat handeln.<\/p>\n<p>Die Ultraschallversiegelung erm\u00f6glicht auf diese Weise eine Erh\u00f6hung der Produktivit\u00e4t Ihrer Werke. Sie tr\u00e4gt zur Senkung der Instandhaltungskosten bei und verringert Ihren Bedarf an Verbrauchsg\u00fctern (geringerer Energieverbrauch, feine Schwei\u00dfnaht und damit weniger Folienverbrauch usw.).<\/p>\n<p>Ferner k\u00f6nnen die bei diesem Verfahren verwendeten kalten Werkzeuge keine Sch\u00e4den an den Produkten oder der Folie hervorrufen, selbst im Fall eines Maschinenstillstands bei laufendem Ultraschallbetrieb.[\/vc_column_text][\/vc_column_inner][vc_column_inner width=&#8220;1\/3&#8243; css=&#8220;.vc_custom_1731507290929{padding-top: 25px !important;padding-right: 30px !important;padding-bottom: 25px !important;padding-left: 30px !important;background-color: #009DE042 !important;}&#8220;][vc_single_image image=&#8220;24302&#8243; img_size=&#8220;100&#215;100&#8243; alignment=&#8220;center&#8220;][vc_column_text css=&#8220;&#8220;]<\/p>\n<p style=\"text-align: center;\">Entdecken Sie unsere ultraschallbasierten Versiegelungsl\u00f6sungen: integrierbares kontinuierliches Modul, <a href=\"https:\/\/sonimat.com\/de\/schlauchbeutelmaschine\/\">integrierbares intermittierendes Modul<\/a> und unsere Abf\u00fcllmaschine VPACKSONIC<\/p>\n<p>[\/vc_column_text][\/vc_column_inner][\/vc_row_inner][vc_column_text css=&#8220;&#8220;]<\/p>\n<h3>ULTRASCHALLVERSIEGELUNG \u2013 INTEGRIERBARE MODULE UND VERPACKUNGSMASCHINEN<\/h3>\n<p><strong>SONIMAT hat zwei Standardmodule entwickelt, die auf dieser Versiegelungstechnik f\u00fcr Verpackungen basieren und auch in unsere Abf\u00fcllmaschinen integriert werden k\u00f6nnen:<\/strong><\/p>\n<ul>\n<li><span style=\"font-size: 0.8em;\">Kontinuierliches Schwei\u00dfen mit hoher Geschwindigkeit \u2013 bis zu 80\u00a0m\/min bzw. 530 Beutel\/min<\/span><\/li>\n<li><span style=\"font-size: 0.8em;\">Intermittierendes Schwei\u00dfen \u2013 bis zu 120 Beutel\/min<\/span><\/li>\n<\/ul>\n<p>Die h\u00e4ufigsten Anwendungen finden sich in der Lebensmittelindustrie: geriebener K\u00e4se, Mozzarella, So\u00dfen, Schmelzk\u00e4se, Oliven und Tierfutter.<\/p>\n<p>Unsere Ultraschallschwei\u00dfmodule sind f\u00fcr horizontale Maschinen (HFFS) und vertikale Maschinen (VFFS) geeignet und k\u00f6nnen entweder nachger\u00fcstet werden oder Bestandteil eines kompletten Maschinenkonzepts sein.<\/p>\n<p>Sie passen sich au\u00dferdem an unterschiedliche Arten von Beuteln an: Doypack, Flowpack usw.[\/vc_column_text][vc_row_inner gap=&#8220;35&#8243;][vc_column_inner width=&#8220;1\/2&#8243;][vc_column_text css=&#8220;&#8220;]<\/p>\n<h4>Weitere Vorteile der Ultraschallversiegelung:<\/h4>\n<ul>\n<li><span style=\"font-size: 0.8em;\">Interferenzschutz (z.B. bei Blisterpackungen)<\/span><\/li>\n<li><span style=\"font-size: 0.8em;\">Unsichtbare Schwei\u00dfnaht<\/span><\/li>\n<li><span style=\"font-size: 0.8em;\">Punktschwei\u00dfen<\/span><\/li>\n<li><span style=\"font-size: 0.8em;\">Karton auf Plastik<\/span><\/li>\n<li><span style=\"font-size: 0.8em;\">Reaktivierung des Klebstoffs<\/span><\/li>\n<\/ul>\n<p>Mit unserer Ultraschallschwei\u00dftechnologie f\u00fcr Verpackungen geben wir Ihnen ein leistungsstarkes, wettbewerbsf\u00e4higes Schwei\u00dfsystem an die Hand. Es kommt sowohl in der Lebensmittelindustrie als auch in anderen Bereichen wie der Kosmetik oder Medizin usw. zur Anwendung.[\/vc_column_text][\/vc_column_inner][vc_column_inner width=&#8220;1\/2&#8243;][vc_video link=&#8220;https:\/\/youtu.be\/WR4UtDYyRmQ?t=100&#8243; align=&#8220;center&#8220;][\/vc_column_inner][\/vc_row_inner][vc_empty_space][\/vc_column][\/vc_row][vc_row][vc_column][vc_column_text]<\/p>\n<h2 style=\"text-align: center;\"><span lang=\"DE\">Beispiele f\u00fcr mit Ultraschall verschwei\u00dfte Verpackungen<\/span><\/h2>\n<p>[\/vc_column_text][vc_empty_space][\/vc_column][\/vc_row][vc_row content_placement=&#8220;middle&#8220;][vc_column][vc_row_inner content_placement=&#8220;middle&#8220;][vc_column_inner width=&#8220;1\/5&#8243;][vc_single_image image=&#8220;24300&#8243; img_size=&#8220;medium&#8220; alignment=&#8220;center&#8220; css=&#8220;&#8220;][\/vc_column_inner][vc_column_inner width=&#8220;1\/5&#8243;][vc_single_image image=&#8220;24299&#8243; img_size=&#8220;medium&#8220; alignment=&#8220;center&#8220; css=&#8220;&#8220;][\/vc_column_inner][vc_column_inner width=&#8220;1\/5&#8243;][vc_single_image image=&#8220;24298&#8243; img_size=&#8220;medium&#8220; alignment=&#8220;center&#8220; css=&#8220;&#8220;][\/vc_column_inner][vc_column_inner width=&#8220;1\/5&#8243;][vc_single_image image=&#8220;24297&#8243; img_size=&#8220;medium&#8220; alignment=&#8220;center&#8220; css=&#8220;&#8220;][\/vc_column_inner][vc_column_inner width=&#8220;1\/5&#8243;][vc_single_image image=&#8220;24292&#8243; img_size=&#8220;medium&#8220; alignment=&#8220;center&#8220; css=&#8220;&#8220;][\/vc_column_inner][\/vc_row_inner][vc_empty_space height=&#8220;60px&#8220;][\/vc_column][\/vc_row]<\/p>\n<\/div>","protected":false},"excerpt":{"rendered":"<p>[vc_row][vc_column][vc_column_text] Ultraschallversiegelung von Verpackungen F\u00dcR FLEXIBLE UND STARRE VERPACKUNGEN [\/vc_column_text][vc_row_inner content_placement=&#8220;middle&#8220; gap=&#8220;35&#8243;][vc_column_inner width=&#8220;2\/3&#8243;][vc_column_text]Unsere Ultraschalltechnologie zur Versiegelung von Verpackungen garantiert eine optimale Reproduzierbarkeit des Schwei\u00dfprozesses und tr\u00e4gt so zur Senkung der&hellip;<\/p>\n","protected":false},"author":1,"featured_media":23155,"parent":23201,"menu_order":0,"comment_status":"closed","ping_status":"closed","template":"","meta":{"_acf_changed":false,"footnotes":""},"class_list":["post-24291","page","type-page","status-publish","has-post-thumbnail","hentry"],"acf":[],"yoast_head":"<title>Ultraschallversiegelung - Verpackungen | SONIMAT<\/title>\n<meta name=\"description\" content=\"Unsere Ultraschall-Schwei\u00dftechnologie erm\u00f6glicht eine optimale Wiederholbarkeit der Schwei\u00dfnaht, um ein hohes Ma\u00df an Wasserdichtigkeit zu gew\u00e4hrleisten.\" \/>\n<meta name=\"robots\" content=\"index, follow, max-snippet:-1, max-image-preview:large, max-video-preview:-1\" \/>\n<link rel=\"canonical\" href=\"https:\/\/sonimat.com\/de\/verpackung-schweissen\/technologie\/ultraschallversiegelung\/\" \/>\n<meta property=\"og:locale\" content=\"de_DE\" \/>\n<meta property=\"og:type\" content=\"article\" \/>\n<meta property=\"og:title\" content=\"Ultraschallversiegelung - Verpackungen | SONIMAT\" \/>\n<meta property=\"og:description\" content=\"Unsere Ultraschall-Schwei\u00dftechnologie erm\u00f6glicht eine optimale Wiederholbarkeit der Schwei\u00dfnaht, um ein hohes Ma\u00df an Wasserdichtigkeit zu gew\u00e4hrleisten.\" \/>\n<meta property=\"og:url\" content=\"https:\/\/sonimat.com\/de\/verpackung-schweissen\/technologie\/ultraschallversiegelung\/\" \/>\n<meta property=\"og:site_name\" content=\"SONIMAT\" \/>\n<meta property=\"article:modified_time\" content=\"2024-11-13T14:16:17+00:00\" \/>\n<meta property=\"og:image\" content=\"https:\/\/sonimat.com\/wp-content\/uploads\/sites\/9\/2019\/03\/sonicell-scellage-ultrasons-coup-par-coup.jpg\" \/>\n\t<meta property=\"og:image:width\" content=\"2000\" \/>\n\t<meta property=\"og:image:height\" content=\"1000\" \/>\n\t<meta property=\"og:image:type\" content=\"image\/jpeg\" \/>\n<meta name=\"twitter:card\" content=\"summary_large_image\" \/>\n<meta name=\"twitter:site\" content=\"@EuropeTechno\" \/>\n<meta name=\"twitter:label1\" content=\"Gesch\u00e4tzte Lesezeit\" \/>\n\t<meta name=\"twitter:data1\" content=\"3\u00a0Minuten\" \/>\n<script type=\"application\/ld+json\" class=\"yoast-schema-graph\">{\"@context\":\"https:\\\/\\\/schema.org\",\"@graph\":[{\"@type\":\"WebPage\",\"@id\":\"https:\\\/\\\/sonimat.com\\\/de\\\/verpackung-schweissen\\\/technologie\\\/ultraschallversiegelung\\\/\",\"url\":\"https:\\\/\\\/sonimat.com\\\/de\\\/verpackung-schweissen\\\/technologie\\\/ultraschallversiegelung\\\/\",\"name\":\"Ultraschallversiegelung - Verpackungen | SONIMAT\",\"isPartOf\":{\"@id\":\"https:\\\/\\\/sonimat.com\\\/#website\"},\"primaryImageOfPage\":{\"@id\":\"https:\\\/\\\/sonimat.com\\\/de\\\/verpackung-schweissen\\\/technologie\\\/ultraschallversiegelung\\\/#primaryimage\"},\"image\":{\"@id\":\"https:\\\/\\\/sonimat.com\\\/de\\\/verpackung-schweissen\\\/technologie\\\/ultraschallversiegelung\\\/#primaryimage\"},\"thumbnailUrl\":\"https:\\\/\\\/sonimat.com\\\/wp-content\\\/uploads\\\/sites\\\/9\\\/2019\\\/03\\\/sonicell-scellage-ultrasons-coup-par-coup.jpg\",\"datePublished\":\"2017-11-08T15:27:27+00:00\",\"dateModified\":\"2024-11-13T14:16:17+00:00\",\"description\":\"Unsere Ultraschall-Schwei\u00dftechnologie erm\u00f6glicht eine optimale Wiederholbarkeit der Schwei\u00dfnaht, um ein hohes Ma\u00df an Wasserdichtigkeit zu gew\u00e4hrleisten.\",\"breadcrumb\":{\"@id\":\"https:\\\/\\\/sonimat.com\\\/de\\\/verpackung-schweissen\\\/technologie\\\/ultraschallversiegelung\\\/#breadcrumb\"},\"inLanguage\":\"de\",\"potentialAction\":[{\"@type\":\"ReadAction\",\"target\":[\"https:\\\/\\\/sonimat.com\\\/de\\\/verpackung-schweissen\\\/technologie\\\/ultraschallversiegelung\\\/\"]}]},{\"@type\":\"ImageObject\",\"inLanguage\":\"de\",\"@id\":\"https:\\\/\\\/sonimat.com\\\/de\\\/verpackung-schweissen\\\/technologie\\\/ultraschallversiegelung\\\/#primaryimage\",\"url\":\"https:\\\/\\\/sonimat.com\\\/wp-content\\\/uploads\\\/sites\\\/9\\\/2019\\\/03\\\/sonicell-scellage-ultrasons-coup-par-coup.jpg\",\"contentUrl\":\"https:\\\/\\\/sonimat.com\\\/wp-content\\\/uploads\\\/sites\\\/9\\\/2019\\\/03\\\/sonicell-scellage-ultrasons-coup-par-coup.jpg\",\"width\":2000,\"height\":1000,\"caption\":\"sonicell - scellage ultrasons coup par coup - SONIMAT\"},{\"@type\":\"BreadcrumbList\",\"@id\":\"https:\\\/\\\/sonimat.com\\\/de\\\/verpackung-schweissen\\\/technologie\\\/ultraschallversiegelung\\\/#breadcrumb\",\"itemListElement\":[{\"@type\":\"ListItem\",\"position\":1,\"name\":\"Accueil\",\"item\":\"https:\\\/\\\/sonimat.com\\\/de\\\/\"},{\"@type\":\"ListItem\",\"position\":2,\"name\":\"Verpackung\",\"item\":\"https:\\\/\\\/sonimat.com\\\/de\\\/verpackung-schweissen\\\/\"},{\"@type\":\"ListItem\",\"position\":3,\"name\":\"Technologie\",\"item\":\"https:\\\/\\\/sonimat.com\\\/de\\\/verpackung-schweissen\\\/technologie\\\/\"},{\"@type\":\"ListItem\",\"position\":4,\"name\":\"Ultraschallversiegelung\"}]},{\"@type\":\"WebSite\",\"@id\":\"https:\\\/\\\/sonimat.com\\\/#website\",\"url\":\"https:\\\/\\\/sonimat.com\\\/\",\"name\":\"SONIMAT\",\"description\":\"\",\"potentialAction\":[{\"@type\":\"SearchAction\",\"target\":{\"@type\":\"EntryPoint\",\"urlTemplate\":\"https:\\\/\\\/sonimat.com\\\/?s={search_term_string}\"},\"query-input\":{\"@type\":\"PropertyValueSpecification\",\"valueRequired\":true,\"valueName\":\"search_term_string\"}}],\"inLanguage\":\"de\"}]}<\/script>","yoast_head_json":{"title":"Ultraschallversiegelung - Verpackungen | SONIMAT","description":"Unsere Ultraschall-Schwei\u00dftechnologie erm\u00f6glicht eine optimale Wiederholbarkeit der Schwei\u00dfnaht, um ein hohes Ma\u00df an Wasserdichtigkeit zu gew\u00e4hrleisten.","robots":{"index":"index","follow":"follow","max-snippet":"max-snippet:-1","max-image-preview":"max-image-preview:large","max-video-preview":"max-video-preview:-1"},"canonical":"https:\/\/sonimat.com\/de\/verpackung-schweissen\/technologie\/ultraschallversiegelung\/","og_locale":"de_DE","og_type":"article","og_title":"Ultraschallversiegelung - Verpackungen | SONIMAT","og_description":"Unsere Ultraschall-Schwei\u00dftechnologie erm\u00f6glicht eine optimale Wiederholbarkeit der Schwei\u00dfnaht, um ein hohes Ma\u00df an Wasserdichtigkeit zu gew\u00e4hrleisten.","og_url":"https:\/\/sonimat.com\/de\/verpackung-schweissen\/technologie\/ultraschallversiegelung\/","og_site_name":"SONIMAT","article_modified_time":"2024-11-13T14:16:17+00:00","og_image":[{"width":2000,"height":1000,"url":"https:\/\/sonimat.com\/wp-content\/uploads\/sites\/9\/2019\/03\/sonicell-scellage-ultrasons-coup-par-coup.jpg","type":"image\/jpeg"}],"twitter_card":"summary_large_image","twitter_site":"@EuropeTechno","twitter_misc":{"Gesch\u00e4tzte Lesezeit":"3\u00a0Minuten"},"schema":{"@context":"https:\/\/schema.org","@graph":[{"@type":"WebPage","@id":"https:\/\/sonimat.com\/de\/verpackung-schweissen\/technologie\/ultraschallversiegelung\/","url":"https:\/\/sonimat.com\/de\/verpackung-schweissen\/technologie\/ultraschallversiegelung\/","name":"Ultraschallversiegelung - Verpackungen | SONIMAT","isPartOf":{"@id":"https:\/\/sonimat.com\/#website"},"primaryImageOfPage":{"@id":"https:\/\/sonimat.com\/de\/verpackung-schweissen\/technologie\/ultraschallversiegelung\/#primaryimage"},"image":{"@id":"https:\/\/sonimat.com\/de\/verpackung-schweissen\/technologie\/ultraschallversiegelung\/#primaryimage"},"thumbnailUrl":"https:\/\/sonimat.com\/wp-content\/uploads\/sites\/9\/2019\/03\/sonicell-scellage-ultrasons-coup-par-coup.jpg","datePublished":"2017-11-08T15:27:27+00:00","dateModified":"2024-11-13T14:16:17+00:00","description":"Unsere Ultraschall-Schwei\u00dftechnologie erm\u00f6glicht eine optimale Wiederholbarkeit der Schwei\u00dfnaht, um ein hohes Ma\u00df an Wasserdichtigkeit zu gew\u00e4hrleisten.","breadcrumb":{"@id":"https:\/\/sonimat.com\/de\/verpackung-schweissen\/technologie\/ultraschallversiegelung\/#breadcrumb"},"inLanguage":"de","potentialAction":[{"@type":"ReadAction","target":["https:\/\/sonimat.com\/de\/verpackung-schweissen\/technologie\/ultraschallversiegelung\/"]}]},{"@type":"ImageObject","inLanguage":"de","@id":"https:\/\/sonimat.com\/de\/verpackung-schweissen\/technologie\/ultraschallversiegelung\/#primaryimage","url":"https:\/\/sonimat.com\/wp-content\/uploads\/sites\/9\/2019\/03\/sonicell-scellage-ultrasons-coup-par-coup.jpg","contentUrl":"https:\/\/sonimat.com\/wp-content\/uploads\/sites\/9\/2019\/03\/sonicell-scellage-ultrasons-coup-par-coup.jpg","width":2000,"height":1000,"caption":"sonicell - scellage ultrasons coup par coup - SONIMAT"},{"@type":"BreadcrumbList","@id":"https:\/\/sonimat.com\/de\/verpackung-schweissen\/technologie\/ultraschallversiegelung\/#breadcrumb","itemListElement":[{"@type":"ListItem","position":1,"name":"Accueil","item":"https:\/\/sonimat.com\/de\/"},{"@type":"ListItem","position":2,"name":"Verpackung","item":"https:\/\/sonimat.com\/de\/verpackung-schweissen\/"},{"@type":"ListItem","position":3,"name":"Technologie","item":"https:\/\/sonimat.com\/de\/verpackung-schweissen\/technologie\/"},{"@type":"ListItem","position":4,"name":"Ultraschallversiegelung"}]},{"@type":"WebSite","@id":"https:\/\/sonimat.com\/#website","url":"https:\/\/sonimat.com\/","name":"SONIMAT","description":"","potentialAction":[{"@type":"SearchAction","target":{"@type":"EntryPoint","urlTemplate":"https:\/\/sonimat.com\/?s={search_term_string}"},"query-input":{"@type":"PropertyValueSpecification","valueRequired":true,"valueName":"search_term_string"}}],"inLanguage":"de"}]}},"_links":{"self":[{"href":"https:\/\/sonimat.com\/de\/wp-json\/wp\/v2\/pages\/24291","targetHints":{"allow":["GET"]}}],"collection":[{"href":"https:\/\/sonimat.com\/de\/wp-json\/wp\/v2\/pages"}],"about":[{"href":"https:\/\/sonimat.com\/de\/wp-json\/wp\/v2\/types\/page"}],"author":[{"embeddable":true,"href":"https:\/\/sonimat.com\/de\/wp-json\/wp\/v2\/users\/1"}],"replies":[{"embeddable":true,"href":"https:\/\/sonimat.com\/de\/wp-json\/wp\/v2\/comments?post=24291"}],"version-history":[{"count":4,"href":"https:\/\/sonimat.com\/de\/wp-json\/wp\/v2\/pages\/24291\/revisions"}],"predecessor-version":[{"id":29958,"href":"https:\/\/sonimat.com\/de\/wp-json\/wp\/v2\/pages\/24291\/revisions\/29958"}],"up":[{"embeddable":true,"href":"https:\/\/sonimat.com\/de\/wp-json\/wp\/v2\/pages\/23201"}],"wp:featuredmedia":[{"embeddable":true,"href":"https:\/\/sonimat.com\/de\/wp-json\/wp\/v2\/media\/23155"}],"wp:attachment":[{"href":"https:\/\/sonimat.com\/de\/wp-json\/wp\/v2\/media?parent=24291"}],"curies":[{"name":"wp","href":"https:\/\/api.w.org\/{rel}","templated":true}]}}