{"id":24259,"date":"2017-11-08T17:18:36","date_gmt":"2017-11-08T16:18:36","guid":{"rendered":"https:\/\/sonimat.com\/nos-marches\/electronique\/"},"modified":"2024-11-14T16:18:15","modified_gmt":"2024-11-14T15:18:15","slug":"elektronik","status":"publish","type":"page","link":"https:\/\/sonimat.com\/de\/unsere-maerkte\/elektronik\/","title":{"rendered":"Elektronik"},"content":{"rendered":"<div class=\"wpb-content-wrapper\"><p>[vc_row][vc_column][vc_column_text]<\/p>\n<h2><span lang=\"DE\">Schwei\u00dfen von Bauelementen f\u00fcr die Elektronikindustrie<\/span><\/h2>\n<p>[\/vc_column_text][vc_column_text]Die Produktion von hohen St\u00fcckzahlen f\u00fcr diesen \u201eMassenmarkt\u201c erfordert bew\u00e4hrte Schwei\u00dfverfahren, die vor allem reproduzierbar sind. Die von uns entwickelten Maschinen erf\u00fcllen diese Kriterien und bieten den Vorteil, dass sie keine Zusatzwerkstoffe oder Kleber ben\u00f6tigen, die kritische Inhaltsstoffe enthalten k\u00f6nnen.<\/p>\n<p><strong>Die F\u00fcgel\u00f6sungen<\/strong> von SONIMAT garantieren eine hohe Pr\u00e4zision und Qualit\u00e4t der Verbindungen. Au\u00dferdem wird auch unser Know-how im Bereich des <strong>Ultraschallschwei\u00dfens von Metallen<\/strong> in der Elektronikindustrie genutzt.[\/vc_column_text][vc_row_inner][vc_column_inner width=&#8220;1\/4&#8243;][vc_single_image image=&#8220;24262&#8243; img_size=&#8220;full&#8220;][\/vc_column_inner][vc_column_inner width=&#8220;1\/4&#8243;][vc_single_image image=&#8220;24263&#8243; img_size=&#8220;full&#8220;][\/vc_column_inner][vc_column_inner width=&#8220;1\/4&#8243;][vc_single_image image=&#8220;24264&#8243; img_size=&#8220;full&#8220;][\/vc_column_inner][vc_column_inner width=&#8220;1\/4&#8243;][\/vc_column_inner][\/vc_row_inner][vc_column_text]<\/p>\n<hr \/>\n<p><span style=\"color: #009de0;\"><strong>Beispiele von geschwei\u00dften Teilen aus thermoplastischen Kunststoffen:<\/strong> <\/span><em>Schaltsch\u00fctze, Kabel, Batterien, Telefone, Chipkarten, Tintenpatronen, Tastaturen usw.<\/em>[\/vc_column_text][\/vc_column][\/vc_row][vc_row][vc_column][vc_empty_space][\/vc_column][\/vc_row]<\/p>\n<\/div>","protected":false},"excerpt":{"rendered":"<p>[vc_row][vc_column][vc_column_text] Schwei\u00dfen von Bauelementen f\u00fcr die Elektronikindustrie [\/vc_column_text][vc_column_text]Die Produktion von hohen St\u00fcckzahlen f\u00fcr diesen \u201eMassenmarkt\u201c erfordert bew\u00e4hrte Schwei\u00dfverfahren, die vor allem reproduzierbar sind. Die von uns entwickelten Maschinen erf\u00fcllen diese&hellip;<\/p>\n","protected":false},"author":1,"featured_media":24260,"parent":23211,"menu_order":0,"comment_status":"closed","ping_status":"closed","template":"","meta":{"_acf_changed":false,"footnotes":""},"class_list":["post-24259","page","type-page","status-publish","has-post-thumbnail","hentry"],"acf":[],"yoast_head":"<title>Schwei\u00dfen von Bauelementen f\u00fcr die Elektronikindustrie | SONIMAT<\/title>\n<meta name=\"description\" content=\"Die Hochgeschwindigkeitsproduktion f\u00fcr diesen \u201eMassenmarkt\u201c erfordert bew\u00e4hrte und wiederholbare Schwei\u00dfl\u00f6sungen, wie wir sie anbieten.\" \/>\n<meta name=\"robots\" content=\"index, follow, max-snippet:-1, max-image-preview:large, max-video-preview:-1\" \/>\n<link rel=\"canonical\" href=\"https:\/\/sonimat.com\/de\/unsere-maerkte\/elektronik\/\" \/>\n<meta property=\"og:locale\" content=\"de_DE\" \/>\n<meta property=\"og:type\" content=\"article\" \/>\n<meta property=\"og:title\" content=\"Schwei\u00dfen von Bauelementen f\u00fcr die Elektronikindustrie | SONIMAT\" \/>\n<meta property=\"og:description\" content=\"Die Hochgeschwindigkeitsproduktion f\u00fcr diesen \u201eMassenmarkt\u201c erfordert bew\u00e4hrte und wiederholbare Schwei\u00dfl\u00f6sungen, wie wir sie anbieten.\" \/>\n<meta property=\"og:url\" content=\"https:\/\/sonimat.com\/de\/unsere-maerkte\/elektronik\/\" \/>\n<meta property=\"og:site_name\" content=\"SONIMAT\" \/>\n<meta property=\"article:modified_time\" content=\"2024-11-14T15:18:15+00:00\" \/>\n<meta property=\"og:image\" content=\"https:\/\/sonimat.com\/wp-content\/uploads\/sites\/9\/2018\/12\/\u00c9lectronique.jpg\" \/>\n\t<meta property=\"og:image:width\" content=\"2000\" \/>\n\t<meta property=\"og:image:height\" content=\"1000\" \/>\n\t<meta property=\"og:image:type\" content=\"image\/jpeg\" \/>\n<meta name=\"twitter:card\" content=\"summary_large_image\" \/>\n<meta name=\"twitter:site\" content=\"@EuropeTechno\" \/>\n<meta name=\"twitter:label1\" content=\"Gesch\u00e4tzte Lesezeit\" \/>\n\t<meta name=\"twitter:data1\" content=\"1\u00a0Minute\" \/>\n<script type=\"application\/ld+json\" class=\"yoast-schema-graph\">{\"@context\":\"https:\\\/\\\/schema.org\",\"@graph\":[{\"@type\":\"WebPage\",\"@id\":\"https:\\\/\\\/sonimat.com\\\/de\\\/unsere-maerkte\\\/elektronik\\\/\",\"url\":\"https:\\\/\\\/sonimat.com\\\/de\\\/unsere-maerkte\\\/elektronik\\\/\",\"name\":\"Schwei\u00dfen von Bauelementen f\u00fcr die Elektronikindustrie | SONIMAT\",\"isPartOf\":{\"@id\":\"https:\\\/\\\/sonimat.com\\\/#website\"},\"primaryImageOfPage\":{\"@id\":\"https:\\\/\\\/sonimat.com\\\/de\\\/unsere-maerkte\\\/elektronik\\\/#primaryimage\"},\"image\":{\"@id\":\"https:\\\/\\\/sonimat.com\\\/de\\\/unsere-maerkte\\\/elektronik\\\/#primaryimage\"},\"thumbnailUrl\":\"https:\\\/\\\/sonimat.com\\\/wp-content\\\/uploads\\\/sites\\\/9\\\/2018\\\/12\\\/\u00c9lectronique.jpg\",\"datePublished\":\"2017-11-08T16:18:36+00:00\",\"dateModified\":\"2024-11-14T15:18:15+00:00\",\"description\":\"Die Hochgeschwindigkeitsproduktion f\u00fcr diesen \u201eMassenmarkt\u201c erfordert bew\u00e4hrte und wiederholbare Schwei\u00dfl\u00f6sungen, wie wir sie anbieten.\",\"breadcrumb\":{\"@id\":\"https:\\\/\\\/sonimat.com\\\/de\\\/unsere-maerkte\\\/elektronik\\\/#breadcrumb\"},\"inLanguage\":\"de\",\"potentialAction\":[{\"@type\":\"ReadAction\",\"target\":[\"https:\\\/\\\/sonimat.com\\\/de\\\/unsere-maerkte\\\/elektronik\\\/\"]}]},{\"@type\":\"ImageObject\",\"inLanguage\":\"de\",\"@id\":\"https:\\\/\\\/sonimat.com\\\/de\\\/unsere-maerkte\\\/elektronik\\\/#primaryimage\",\"url\":\"https:\\\/\\\/sonimat.com\\\/wp-content\\\/uploads\\\/sites\\\/9\\\/2018\\\/12\\\/\u00c9lectronique.jpg\",\"contentUrl\":\"https:\\\/\\\/sonimat.com\\\/wp-content\\\/uploads\\\/sites\\\/9\\\/2018\\\/12\\\/\u00c9lectronique.jpg\",\"width\":2000,\"height\":1000},{\"@type\":\"BreadcrumbList\",\"@id\":\"https:\\\/\\\/sonimat.com\\\/de\\\/unsere-maerkte\\\/elektronik\\\/#breadcrumb\",\"itemListElement\":[{\"@type\":\"ListItem\",\"position\":1,\"name\":\"Accueil\",\"item\":\"https:\\\/\\\/sonimat.com\\\/de\\\/\"},{\"@type\":\"ListItem\",\"position\":2,\"name\":\"M\u00e4rkte\",\"item\":\"https:\\\/\\\/sonimat.com\\\/de\\\/unsere-maerkte\\\/\"},{\"@type\":\"ListItem\",\"position\":3,\"name\":\"Elektronik\"}]},{\"@type\":\"WebSite\",\"@id\":\"https:\\\/\\\/sonimat.com\\\/#website\",\"url\":\"https:\\\/\\\/sonimat.com\\\/\",\"name\":\"SONIMAT\",\"description\":\"\",\"potentialAction\":[{\"@type\":\"SearchAction\",\"target\":{\"@type\":\"EntryPoint\",\"urlTemplate\":\"https:\\\/\\\/sonimat.com\\\/?s={search_term_string}\"},\"query-input\":{\"@type\":\"PropertyValueSpecification\",\"valueRequired\":true,\"valueName\":\"search_term_string\"}}],\"inLanguage\":\"de\"}]}<\/script>","yoast_head_json":{"title":"Schwei\u00dfen von Bauelementen f\u00fcr die Elektronikindustrie | SONIMAT","description":"Die Hochgeschwindigkeitsproduktion f\u00fcr diesen \u201eMassenmarkt\u201c erfordert bew\u00e4hrte und wiederholbare Schwei\u00dfl\u00f6sungen, wie wir sie anbieten.","robots":{"index":"index","follow":"follow","max-snippet":"max-snippet:-1","max-image-preview":"max-image-preview:large","max-video-preview":"max-video-preview:-1"},"canonical":"https:\/\/sonimat.com\/de\/unsere-maerkte\/elektronik\/","og_locale":"de_DE","og_type":"article","og_title":"Schwei\u00dfen von Bauelementen f\u00fcr die Elektronikindustrie | SONIMAT","og_description":"Die Hochgeschwindigkeitsproduktion f\u00fcr diesen \u201eMassenmarkt\u201c erfordert bew\u00e4hrte und wiederholbare Schwei\u00dfl\u00f6sungen, wie wir sie anbieten.","og_url":"https:\/\/sonimat.com\/de\/unsere-maerkte\/elektronik\/","og_site_name":"SONIMAT","article_modified_time":"2024-11-14T15:18:15+00:00","og_image":[{"width":2000,"height":1000,"url":"https:\/\/sonimat.com\/wp-content\/uploads\/sites\/9\/2018\/12\/\u00c9lectronique.jpg","type":"image\/jpeg"}],"twitter_card":"summary_large_image","twitter_site":"@EuropeTechno","twitter_misc":{"Gesch\u00e4tzte Lesezeit":"1\u00a0Minute"},"schema":{"@context":"https:\/\/schema.org","@graph":[{"@type":"WebPage","@id":"https:\/\/sonimat.com\/de\/unsere-maerkte\/elektronik\/","url":"https:\/\/sonimat.com\/de\/unsere-maerkte\/elektronik\/","name":"Schwei\u00dfen von Bauelementen f\u00fcr die Elektronikindustrie | SONIMAT","isPartOf":{"@id":"https:\/\/sonimat.com\/#website"},"primaryImageOfPage":{"@id":"https:\/\/sonimat.com\/de\/unsere-maerkte\/elektronik\/#primaryimage"},"image":{"@id":"https:\/\/sonimat.com\/de\/unsere-maerkte\/elektronik\/#primaryimage"},"thumbnailUrl":"https:\/\/sonimat.com\/wp-content\/uploads\/sites\/9\/2018\/12\/\u00c9lectronique.jpg","datePublished":"2017-11-08T16:18:36+00:00","dateModified":"2024-11-14T15:18:15+00:00","description":"Die Hochgeschwindigkeitsproduktion f\u00fcr diesen \u201eMassenmarkt\u201c erfordert bew\u00e4hrte und wiederholbare Schwei\u00dfl\u00f6sungen, wie wir sie anbieten.","breadcrumb":{"@id":"https:\/\/sonimat.com\/de\/unsere-maerkte\/elektronik\/#breadcrumb"},"inLanguage":"de","potentialAction":[{"@type":"ReadAction","target":["https:\/\/sonimat.com\/de\/unsere-maerkte\/elektronik\/"]}]},{"@type":"ImageObject","inLanguage":"de","@id":"https:\/\/sonimat.com\/de\/unsere-maerkte\/elektronik\/#primaryimage","url":"https:\/\/sonimat.com\/wp-content\/uploads\/sites\/9\/2018\/12\/\u00c9lectronique.jpg","contentUrl":"https:\/\/sonimat.com\/wp-content\/uploads\/sites\/9\/2018\/12\/\u00c9lectronique.jpg","width":2000,"height":1000},{"@type":"BreadcrumbList","@id":"https:\/\/sonimat.com\/de\/unsere-maerkte\/elektronik\/#breadcrumb","itemListElement":[{"@type":"ListItem","position":1,"name":"Accueil","item":"https:\/\/sonimat.com\/de\/"},{"@type":"ListItem","position":2,"name":"M\u00e4rkte","item":"https:\/\/sonimat.com\/de\/unsere-maerkte\/"},{"@type":"ListItem","position":3,"name":"Elektronik"}]},{"@type":"WebSite","@id":"https:\/\/sonimat.com\/#website","url":"https:\/\/sonimat.com\/","name":"SONIMAT","description":"","potentialAction":[{"@type":"SearchAction","target":{"@type":"EntryPoint","urlTemplate":"https:\/\/sonimat.com\/?s={search_term_string}"},"query-input":{"@type":"PropertyValueSpecification","valueRequired":true,"valueName":"search_term_string"}}],"inLanguage":"de"}]}},"_links":{"self":[{"href":"https:\/\/sonimat.com\/de\/wp-json\/wp\/v2\/pages\/24259","targetHints":{"allow":["GET"]}}],"collection":[{"href":"https:\/\/sonimat.com\/de\/wp-json\/wp\/v2\/pages"}],"about":[{"href":"https:\/\/sonimat.com\/de\/wp-json\/wp\/v2\/types\/page"}],"author":[{"embeddable":true,"href":"https:\/\/sonimat.com\/de\/wp-json\/wp\/v2\/users\/1"}],"replies":[{"embeddable":true,"href":"https:\/\/sonimat.com\/de\/wp-json\/wp\/v2\/comments?post=24259"}],"version-history":[{"count":4,"href":"https:\/\/sonimat.com\/de\/wp-json\/wp\/v2\/pages\/24259\/revisions"}],"predecessor-version":[{"id":30066,"href":"https:\/\/sonimat.com\/de\/wp-json\/wp\/v2\/pages\/24259\/revisions\/30066"}],"up":[{"embeddable":true,"href":"https:\/\/sonimat.com\/de\/wp-json\/wp\/v2\/pages\/23211"}],"wp:featuredmedia":[{"embeddable":true,"href":"https:\/\/sonimat.com\/de\/wp-json\/wp\/v2\/media\/24260"}],"wp:attachment":[{"href":"https:\/\/sonimat.com\/de\/wp-json\/wp\/v2\/media?parent=24259"}],"curies":[{"name":"wp","href":"https:\/\/api.w.org\/{rel}","templated":true}]}}