{"id":24246,"date":"2017-11-08T17:18:47","date_gmt":"2017-11-08T16:18:47","guid":{"rendered":"https:\/\/sonimat.com\/nos-marches\/filtration\/"},"modified":"2024-11-14T16:22:28","modified_gmt":"2024-11-14T15:22:28","slug":"automobil-filter","status":"publish","type":"page","link":"https:\/\/sonimat.com\/de\/unsere-maerkte\/automobil-filter\/","title":{"rendered":"Filterindustrie"},"content":{"rendered":"<div class=\"wpb-content-wrapper\"><p>[vc_row][vc_column][vc_row_inner content_placement=&#8220;bottom&#8220; gap=&#8220;35&#8243;][vc_column_inner width=&#8220;2\/3&#8243;][vc_column_text]<\/p>\n<h2>Schwei\u00dfen f\u00fcr die Filterindustrie<\/h2>\n<p>Bei der Herstellung von Filterelementen, ob f\u00fcr die Automobilindustrie, Haushaltsger\u00e4te oder Industrieanlagen, m\u00fcssen meistens Filtermembranen aus Zellulose mit thermoplastischen Teilen verbunden werden.[\/vc_column_text][\/vc_column_inner][vc_column_inner width=&#8220;1\/3&#8243;]<div class=\" ubtn-ctn-center \"><a class=\"ubtn-link ult-adjust-bottom-margin ubtn-center ubtn-large \" href=\"https:\/\/sonimat.com\/en\/downloads\/\" target=\"_blank\" rel=\"noopener\" ><button type=\"button\" id=\"ubtn-8197\"  class=\"ubtn ult-adjust-bottom-margin ult-responsive ubtn-large ubtn-fade-bg  ulta-shrink  ubtn-sep-icon ubtn-sep-icon-at-left  ubtn-center   tooltip-69e0e6188a292 ubtn-tooltip bottom\" data-toggle=\"tooltip\" data-placement=\"bottom\" title=\"Flyer num\u00e9ro 7 de la rubrique plasturgie\" data-hover=\"#ffffff\" data-border-color=\"#cd5b1b\" data-bg=\"#cd5b1b\" data-hover-bg=\"#cd5b1b\" data-border-hover=\"#cd5b1b\" data-shadow-hover=\"\" data-shadow-click=\"none\" data-shadow=\"\" data-shd-shadow=\"\"  data-ultimate-target='#ubtn-8197'  data-responsive-json-new='{\"font-size\":\"desktop:16px;\",\"line-height\":\"\"}'  style=\"font-weight:normal;border-radius:10px;border-width:1px;border-color:#cd5b1b;border-style:solid;background: #cd5b1b;color: #ffffff;\"><span class=\"ubtn-data ubtn-icon\"><i class=\"Defaults-download\" style=\"font-size:40px;color:#ffffff;\"><\/i><\/span><span class=\"ubtn-hover\" style=\"background-color:#cd5b1b\"><\/span><span class=\"ubtn-data ubtn-text \" >Downloaden Sie unsere Brosch\u00fcre, um mehr \u00fcber Schwei\u00dfanwendungen in der Filterindustrie zu erfahren<\/span><\/button><\/a><\/div>[\/vc_column_inner][\/vc_row_inner][vc_column_text]SONIMAT verf\u00fcgt \u00fcber ein umfassendes Know-how in diesem Bereich und hat sich als Hersteller von Standardmaschinen und ma\u00dfgeschneiderten L\u00f6sungen zum Schwei\u00dfen von Thermoplasten einen Namen gemacht. Wir bieten Schwei\u00dftechnologien an, die auf die Anforderungen der Filterindustrie perfekt abgestimmt sind: <strong>Infrarot- und Heizplattenschwei\u00dfen (HPW), Ultraschallschwei\u00dfen (ESW), Laserschwei\u00dfen (LSW), Rotationsschwei\u00dfen (RSW) oder auch Hei\u00dfnieten.<\/strong>[\/vc_column_text][vc_column_text]<\/p>\n<h3>F\u00dcR JEDES PROJEKT DIE RICHTIGE SCHWEI\u1e9eTECHNOLOGIE!<\/h3>\n<p>F\u00fcr jede Anwendung, jeden Werkstoff und jedes Budget gibt es die passende Schwei\u00dftechnologie! SONIMAT unterst\u00fctzt Sie bei der Auswahl der Ausr\u00fcstung, die am besten f\u00fcr Ihren Bedarf geeignet ist.<\/p>\n<p>Gemeinsam pr\u00fcfen wir die spezifischen Anforderungen Ihres Projekts und definieren eine L\u00f6sung, die diese erf\u00fcllt. Verschiedene Faktoren sind dabei entscheidend: <strong>Produktspezifikation, Funktionsanforderungen, verwendete Werkstoffe, Gr\u00f6\u00dfe und Geometrie der Teile, St\u00fcckzahlen, Automatisierungsgrad und Gesamtkosten.<\/strong>[\/vc_column_text][\/vc_column][\/vc_row][vc_row][vc_column][vc_empty_space][vc_column_text]<\/p>\n<h2 style=\"text-align: center;\"><span lang=\"DE\">Anwendungsbeispiele<\/span><\/h2>\n<p>[\/vc_column_text][vc_row_inner content_placement=&#8220;middle&#8220; el_class=&#8220;range-alternance&#8220;][vc_column_inner width=&#8220;1\/2&#8243;][vc_column_text]<\/p>\n<h3><span lang=\"DE\">ULTRASCHALLSCHWEI\u1e9eEN<\/span><\/h3>\n<p>[\/vc_column_text][vc_column_text]Auf der Grundlage unseres Know-hows im Bereich der Ultraschalltechnologie haben wir eine Reihe von ESW-Pressen entwickelt, die pr\u00e4zise und hochwertige Schwei\u00dfverbindungen garantieren. Die Ultraschalltechnologie bietet au\u00dferdem den Vorteil, dass keine Zusatzwerkstoffe oder Kleber ben\u00f6tigt werden, die kritische Inhaltsstoffe enthalten k\u00f6nnen.[\/vc_column_text][vc_column_text]<span style=\"color: #009de0;\"><strong>Beispiel von Filtern, die mit Ultraschall geschwei\u00dft werden k\u00f6nnen:<\/strong><\/span> <em>Faltenfilter, Luft- und \u00d6lfilter, R\u00f6hrenfilter, Beutelfilter usw.<\/em>[\/vc_column_text][\/vc_column_inner][vc_column_inner width=&#8220;1\/2&#8243;][vc_images_carousel images=&#8220;24253,24257,24258,24252&#8243; img_size=&#8220;585&#215;520&#8243; onclick=&#8220;link_no&#8220; autoplay=&#8220;yes&#8220; hide_pagination_control=&#8220;yes&#8220; hide_prev_next_buttons=&#8220;yes&#8220; wrap=&#8220;yes&#8220;][\/vc_column_inner][\/vc_row_inner][vc_separator][vc_row_inner content_placement=&#8220;middle&#8220;][vc_column_inner width=&#8220;1\/2&#8243;][vc_images_carousel images=&#8220;24255,24256&#8243; img_size=&#8220;585&#215;520&#8243; onclick=&#8220;link_no&#8220; autoplay=&#8220;yes&#8220; hide_pagination_control=&#8220;yes&#8220; hide_prev_next_buttons=&#8220;yes&#8220; wrap=&#8220;yes&#8220;][\/vc_column_inner][vc_column_inner width=&#8220;1\/2&#8243;][vc_column_text]<\/p>\n<h3>LASERSCHWEISSEN<\/h3>\n<p>[\/vc_column_text][vc_column_text]Laserschwei\u00dfen ist ein zuverl\u00e4ssiges Verfahren, das robuste Verbindungen erzeugt. Es wird unter anderem zur Herstellung von Filtern f\u00fcr Getriebegeh\u00e4use verwendet, die in eine schwarze oder transparente \u00d6lwanne aus PA66GF35 integriert werden, die wir mithilfe unserer LSW-Laserschwei\u00dfmaschinen zusammenf\u00fcgen k\u00f6nnen.<\/p>\n<p>Die Lasertechnologie gew\u00e4hrleistet die absolute Dichtheit des Systems und verhindert, dass das Filtermaterial W\u00e4rmequellen ausgesetzt wird.[\/vc_column_text][vc_column_text]<span style=\"color: #009de0;\"><strong>Beispiel eines lasergeschwei\u00dften Filters:<\/strong><\/span> <em>Filter f\u00fcr Getriebegeh\u00e4use usw.<\/em>[\/vc_column_text][\/vc_column_inner][\/vc_row_inner][vc_separator][vc_row_inner content_placement=&#8220;middle&#8220; el_class=&#8220;range-alternance&#8220;][vc_column_inner width=&#8220;1\/2&#8243;][vc_column_text]<\/p>\n<h3><span lang=\"DE\">INFRAROTSCHWEI\u1e9eEN<\/span><\/h3>\n<p>[\/vc_column_text][vc_column_text]Das Infrarotschwei\u00dfen eignet sich hervorragend zum Einsetzen von Papierfiltern in Kunststoffdeckel. Es bietet eine ausgezeichnete Alternative zu chemischen Prozessen wie das Umspritzen oder Ummanteln mit Polyurethan, die manchmal zum Einbringen von Papierfiltern verwendet werden und sehr kostspielig sind.<\/p>\n<p>Unser Know-how im Bereich der Infrarot-Schwei\u00dftechnologie erm\u00f6glicht es uns au\u00dferdem, technische Kunststoffe mit hoher Durchdringungsgenauigkeit an die Filter anzuschwei\u00dfen, was insbesondere durch Kraftsensoren erreicht wird, die in unsere HPW-Maschinen integriert sind.[\/vc_column_text][vc_column_text]<span style=\"color: #009de0;\"><strong>Beispiel eines infrarotgeschwei\u00dften Filters:<\/strong> <\/span><em>Papierfilter<\/em>[\/vc_column_text][\/vc_column_inner][vc_column_inner width=&#8220;1\/2&#8243;][vc_video link=&#8220;https:\/\/youtu.be\/Vfx5qITSmr8&#8243; align=&#8220;center&#8220;][\/vc_column_inner][\/vc_row_inner][vc_separator][vc_row_inner content_placement=&#8220;middle&#8220;][vc_column_inner width=&#8220;1\/2&#8243;][vc_single_image image=&#8220;24254&#8243; img_size=&#8220;585&#215;520&#8243; alignment=&#8220;center&#8220;][\/vc_column_inner][vc_column_inner width=&#8220;1\/2&#8243;][vc_column_text]<\/p>\n<h3><span lang=\"DE\">ROTATIONSSCHWEI\u1e9eEN<\/span><\/h3>\n<p>[\/vc_column_text][vc_column_text]Die Rotationstechnik erzeugt saubere Schwei\u00dfn\u00e4hte und gew\u00e4hrleistet die Dichtheit und Manipulationssicherheit der Filtergeh\u00e4use.<\/p>\n<p>Unsere Rotationsschwei\u00dfmaschine RSW bietet hohe Produktionsgeschwindigkeiten, eine optimale Reproduzierbarkeit sowie verschiedene Optionen zur Gew\u00e4hrleistung der Prozesssicherheit.[\/vc_column_text][vc_column_text]<strong><span style=\"color: #009de0;\">Beispiel eines rotationsgeschwei\u00dften Filters:<\/span> <\/strong><em>Wasserreinigungsfilter<\/em>[\/vc_column_text][\/vc_column_inner][\/vc_row_inner][vc_separator][vc_row_inner content_placement=&#8220;middle&#8220; el_class=&#8220;range-alternance&#8220;][vc_column_inner][vc_column_text]<\/p>\n<h3><span lang=\"DE\">HEIZPLATTENSCHWEI\u1e9eEN<\/span><\/h3>\n<p>[\/vc_column_text][vc_column_text]Ebenso wie das Rotationsschwei\u00dfen erzeugt das Heizplattenschwei\u00dfen Schwei\u00dfverbindungen, die das Filtergeh\u00e4use vor Manipulationen sch\u00fctzen. Es eignet sich zum Fernschwei\u00dfen.<\/p>\n<p>Das Verfahren sorgt f\u00fcr eine hohe Dichtheit und saubere Schwei\u00dfgrate der Geh\u00e4use und verhindert ihre Verschmutzung. Au\u00dferdem kann es zum Schwei\u00dfen eines breiten Spektrums von Oberfl\u00e4chenformen eingesetzt werden.[\/vc_column_text][\/vc_column_inner][\/vc_row_inner][\/vc_column][\/vc_row][vc_row][vc_column][vc_empty_space][vc_btn title=&#8220;Downloaden Sie unsere Brosch\u00fcre, um mehr \u00fcber Schwei\u00dfanwendungen in der Filterindustrie zu erfahren.&#8220; style=&#8220;custom&#8220; custom_background=&#8220;#cd5b1b&#8220; custom_text=&#8220;#ffffff&#8220; size=&#8220;lg&#8220; align=&#8220;center&#8220; i_icon_fontawesome=&#8220;fas fa-download&#8220; css_animation=&#8220;bounceIn&#8220; css=&#8220;&#8220; button_block=&#8220;true&#8220; add_icon=&#8220;true&#8220; link=&#8220;url:https%3A%2F%2Fsonimat.com%2Fen%2Fdownloads%2F|target:_blank&#8220;][vc_empty_space height=&#8220;64px&#8220;][\/vc_column][\/vc_row]<\/p>\n<\/div>","protected":false},"excerpt":{"rendered":"<p>[vc_row][vc_column][vc_row_inner content_placement=&#8220;bottom&#8220; gap=&#8220;35&#8243;][vc_column_inner width=&#8220;2\/3&#8243;][vc_column_text] Schwei\u00dfen f\u00fcr die Filterindustrie Bei der Herstellung von Filterelementen, ob f\u00fcr die Automobilindustrie, Haushaltsger\u00e4te oder Industrieanlagen, m\u00fcssen meistens Filtermembranen aus Zellulose mit thermoplastischen Teilen verbunden werden.[\/vc_column_text][\/vc_column_inner][vc_column_inner&hellip;<\/p>\n","protected":false},"author":1,"featured_media":24248,"parent":23211,"menu_order":0,"comment_status":"closed","ping_status":"closed","template":"","meta":{"_acf_changed":false,"footnotes":""},"class_list":["post-24246","page","type-page","status-publish","has-post-thumbnail","hentry"],"acf":[],"yoast_head":"<title>Schwei\u00dfen f\u00fcr die Filterindustrie | SONIMAT<\/title>\n<meta name=\"description\" content=\"Wir bieten Schwei\u00dfl\u00f6sungen f\u00fcr die Filtrationsindustrie an: Infrarot, hei\u00dfe Klinge, Ultraschall, Laser und Rotation. Entdecken Sie unsere Anwendungen\" \/>\n<meta name=\"robots\" content=\"index, follow, max-snippet:-1, max-image-preview:large, max-video-preview:-1\" \/>\n<link rel=\"canonical\" href=\"https:\/\/sonimat.com\/de\/unsere-maerkte\/automobil-filter\/\" \/>\n<meta property=\"og:locale\" content=\"de_DE\" \/>\n<meta property=\"og:type\" content=\"article\" \/>\n<meta property=\"og:title\" content=\"Schwei\u00dfen f\u00fcr die Filterindustrie | SONIMAT\" \/>\n<meta property=\"og:description\" content=\"Wir bieten Schwei\u00dfl\u00f6sungen f\u00fcr die Filtrationsindustrie an: Infrarot, hei\u00dfe Klinge, Ultraschall, Laser und Rotation. Entdecken Sie unsere Anwendungen\" \/>\n<meta property=\"og:url\" content=\"https:\/\/sonimat.com\/de\/unsere-maerkte\/automobil-filter\/\" \/>\n<meta property=\"og:site_name\" content=\"SONIMAT\" \/>\n<meta property=\"article:modified_time\" content=\"2024-11-14T15:22:28+00:00\" \/>\n<meta property=\"og:image\" content=\"https:\/\/sonimat.com\/wp-content\/uploads\/sites\/9\/2020\/02\/filter-1165719.jpg\" \/>\n\t<meta property=\"og:image:width\" content=\"2000\" \/>\n\t<meta property=\"og:image:height\" content=\"1335\" \/>\n\t<meta property=\"og:image:type\" content=\"image\/jpeg\" \/>\n<meta name=\"twitter:card\" content=\"summary_large_image\" \/>\n<meta name=\"twitter:site\" content=\"@EuropeTechno\" \/>\n<meta name=\"twitter:label1\" content=\"Gesch\u00e4tzte Lesezeit\" \/>\n\t<meta name=\"twitter:data1\" content=\"5\u00a0Minuten\" \/>\n<script type=\"application\/ld+json\" class=\"yoast-schema-graph\">{\"@context\":\"https:\\\/\\\/schema.org\",\"@graph\":[{\"@type\":\"WebPage\",\"@id\":\"https:\\\/\\\/sonimat.com\\\/de\\\/unsere-maerkte\\\/automobil-filter\\\/\",\"url\":\"https:\\\/\\\/sonimat.com\\\/de\\\/unsere-maerkte\\\/automobil-filter\\\/\",\"name\":\"Schwei\u00dfen f\u00fcr die Filterindustrie | SONIMAT\",\"isPartOf\":{\"@id\":\"https:\\\/\\\/sonimat.com\\\/#website\"},\"primaryImageOfPage\":{\"@id\":\"https:\\\/\\\/sonimat.com\\\/de\\\/unsere-maerkte\\\/automobil-filter\\\/#primaryimage\"},\"image\":{\"@id\":\"https:\\\/\\\/sonimat.com\\\/de\\\/unsere-maerkte\\\/automobil-filter\\\/#primaryimage\"},\"thumbnailUrl\":\"https:\\\/\\\/sonimat.com\\\/wp-content\\\/uploads\\\/sites\\\/9\\\/2020\\\/02\\\/filter-1165719.jpg\",\"datePublished\":\"2017-11-08T16:18:47+00:00\",\"dateModified\":\"2024-11-14T15:22:28+00:00\",\"description\":\"Wir bieten Schwei\u00dfl\u00f6sungen f\u00fcr die Filtrationsindustrie an: Infrarot, hei\u00dfe Klinge, Ultraschall, Laser und Rotation. Entdecken Sie unsere Anwendungen\",\"breadcrumb\":{\"@id\":\"https:\\\/\\\/sonimat.com\\\/de\\\/unsere-maerkte\\\/automobil-filter\\\/#breadcrumb\"},\"inLanguage\":\"de\",\"potentialAction\":[{\"@type\":\"ReadAction\",\"target\":[\"https:\\\/\\\/sonimat.com\\\/de\\\/unsere-maerkte\\\/automobil-filter\\\/\"]}]},{\"@type\":\"ImageObject\",\"inLanguage\":\"de\",\"@id\":\"https:\\\/\\\/sonimat.com\\\/de\\\/unsere-maerkte\\\/automobil-filter\\\/#primaryimage\",\"url\":\"https:\\\/\\\/sonimat.com\\\/wp-content\\\/uploads\\\/sites\\\/9\\\/2020\\\/02\\\/filter-1165719.jpg\",\"contentUrl\":\"https:\\\/\\\/sonimat.com\\\/wp-content\\\/uploads\\\/sites\\\/9\\\/2020\\\/02\\\/filter-1165719.jpg\",\"width\":2000,\"height\":1335,\"caption\":\"soudure ultrasons filtration filtre\"},{\"@type\":\"BreadcrumbList\",\"@id\":\"https:\\\/\\\/sonimat.com\\\/de\\\/unsere-maerkte\\\/automobil-filter\\\/#breadcrumb\",\"itemListElement\":[{\"@type\":\"ListItem\",\"position\":1,\"name\":\"Accueil\",\"item\":\"https:\\\/\\\/sonimat.com\\\/de\\\/\"},{\"@type\":\"ListItem\",\"position\":2,\"name\":\"M\u00e4rkte\",\"item\":\"https:\\\/\\\/sonimat.com\\\/de\\\/unsere-maerkte\\\/\"},{\"@type\":\"ListItem\",\"position\":3,\"name\":\"Filterindustrie\"}]},{\"@type\":\"WebSite\",\"@id\":\"https:\\\/\\\/sonimat.com\\\/#website\",\"url\":\"https:\\\/\\\/sonimat.com\\\/\",\"name\":\"SONIMAT\",\"description\":\"\",\"potentialAction\":[{\"@type\":\"SearchAction\",\"target\":{\"@type\":\"EntryPoint\",\"urlTemplate\":\"https:\\\/\\\/sonimat.com\\\/?s={search_term_string}\"},\"query-input\":{\"@type\":\"PropertyValueSpecification\",\"valueRequired\":true,\"valueName\":\"search_term_string\"}}],\"inLanguage\":\"de\"}]}<\/script>","yoast_head_json":{"title":"Schwei\u00dfen f\u00fcr die Filterindustrie | SONIMAT","description":"Wir bieten Schwei\u00dfl\u00f6sungen f\u00fcr die Filtrationsindustrie an: Infrarot, hei\u00dfe Klinge, Ultraschall, Laser und Rotation. Entdecken Sie unsere Anwendungen","robots":{"index":"index","follow":"follow","max-snippet":"max-snippet:-1","max-image-preview":"max-image-preview:large","max-video-preview":"max-video-preview:-1"},"canonical":"https:\/\/sonimat.com\/de\/unsere-maerkte\/automobil-filter\/","og_locale":"de_DE","og_type":"article","og_title":"Schwei\u00dfen f\u00fcr die Filterindustrie | SONIMAT","og_description":"Wir bieten Schwei\u00dfl\u00f6sungen f\u00fcr die Filtrationsindustrie an: Infrarot, hei\u00dfe Klinge, Ultraschall, Laser und Rotation. Entdecken Sie unsere Anwendungen","og_url":"https:\/\/sonimat.com\/de\/unsere-maerkte\/automobil-filter\/","og_site_name":"SONIMAT","article_modified_time":"2024-11-14T15:22:28+00:00","og_image":[{"width":2000,"height":1335,"url":"https:\/\/sonimat.com\/wp-content\/uploads\/sites\/9\/2020\/02\/filter-1165719.jpg","type":"image\/jpeg"}],"twitter_card":"summary_large_image","twitter_site":"@EuropeTechno","twitter_misc":{"Gesch\u00e4tzte Lesezeit":"5\u00a0Minuten"},"schema":{"@context":"https:\/\/schema.org","@graph":[{"@type":"WebPage","@id":"https:\/\/sonimat.com\/de\/unsere-maerkte\/automobil-filter\/","url":"https:\/\/sonimat.com\/de\/unsere-maerkte\/automobil-filter\/","name":"Schwei\u00dfen f\u00fcr die Filterindustrie | SONIMAT","isPartOf":{"@id":"https:\/\/sonimat.com\/#website"},"primaryImageOfPage":{"@id":"https:\/\/sonimat.com\/de\/unsere-maerkte\/automobil-filter\/#primaryimage"},"image":{"@id":"https:\/\/sonimat.com\/de\/unsere-maerkte\/automobil-filter\/#primaryimage"},"thumbnailUrl":"https:\/\/sonimat.com\/wp-content\/uploads\/sites\/9\/2020\/02\/filter-1165719.jpg","datePublished":"2017-11-08T16:18:47+00:00","dateModified":"2024-11-14T15:22:28+00:00","description":"Wir bieten Schwei\u00dfl\u00f6sungen f\u00fcr die Filtrationsindustrie an: Infrarot, hei\u00dfe Klinge, Ultraschall, Laser und Rotation. Entdecken Sie unsere Anwendungen","breadcrumb":{"@id":"https:\/\/sonimat.com\/de\/unsere-maerkte\/automobil-filter\/#breadcrumb"},"inLanguage":"de","potentialAction":[{"@type":"ReadAction","target":["https:\/\/sonimat.com\/de\/unsere-maerkte\/automobil-filter\/"]}]},{"@type":"ImageObject","inLanguage":"de","@id":"https:\/\/sonimat.com\/de\/unsere-maerkte\/automobil-filter\/#primaryimage","url":"https:\/\/sonimat.com\/wp-content\/uploads\/sites\/9\/2020\/02\/filter-1165719.jpg","contentUrl":"https:\/\/sonimat.com\/wp-content\/uploads\/sites\/9\/2020\/02\/filter-1165719.jpg","width":2000,"height":1335,"caption":"soudure ultrasons filtration filtre"},{"@type":"BreadcrumbList","@id":"https:\/\/sonimat.com\/de\/unsere-maerkte\/automobil-filter\/#breadcrumb","itemListElement":[{"@type":"ListItem","position":1,"name":"Accueil","item":"https:\/\/sonimat.com\/de\/"},{"@type":"ListItem","position":2,"name":"M\u00e4rkte","item":"https:\/\/sonimat.com\/de\/unsere-maerkte\/"},{"@type":"ListItem","position":3,"name":"Filterindustrie"}]},{"@type":"WebSite","@id":"https:\/\/sonimat.com\/#website","url":"https:\/\/sonimat.com\/","name":"SONIMAT","description":"","potentialAction":[{"@type":"SearchAction","target":{"@type":"EntryPoint","urlTemplate":"https:\/\/sonimat.com\/?s={search_term_string}"},"query-input":{"@type":"PropertyValueSpecification","valueRequired":true,"valueName":"search_term_string"}}],"inLanguage":"de"}]}},"_links":{"self":[{"href":"https:\/\/sonimat.com\/de\/wp-json\/wp\/v2\/pages\/24246","targetHints":{"allow":["GET"]}}],"collection":[{"href":"https:\/\/sonimat.com\/de\/wp-json\/wp\/v2\/pages"}],"about":[{"href":"https:\/\/sonimat.com\/de\/wp-json\/wp\/v2\/types\/page"}],"author":[{"embeddable":true,"href":"https:\/\/sonimat.com\/de\/wp-json\/wp\/v2\/users\/1"}],"replies":[{"embeddable":true,"href":"https:\/\/sonimat.com\/de\/wp-json\/wp\/v2\/comments?post=24246"}],"version-history":[{"count":3,"href":"https:\/\/sonimat.com\/de\/wp-json\/wp\/v2\/pages\/24246\/revisions"}],"predecessor-version":[{"id":30067,"href":"https:\/\/sonimat.com\/de\/wp-json\/wp\/v2\/pages\/24246\/revisions\/30067"}],"up":[{"embeddable":true,"href":"https:\/\/sonimat.com\/de\/wp-json\/wp\/v2\/pages\/23211"}],"wp:featuredmedia":[{"embeddable":true,"href":"https:\/\/sonimat.com\/de\/wp-json\/wp\/v2\/media\/24248"}],"wp:attachment":[{"href":"https:\/\/sonimat.com\/de\/wp-json\/wp\/v2\/media?parent=24246"}],"curies":[{"name":"wp","href":"https:\/\/api.w.org\/{rel}","templated":true}]}}