{"id":24217,"date":"2017-11-08T17:19:03","date_gmt":"2017-11-08T16:19:03","guid":{"rendered":"https:\/\/sonimat.com\/nos-marches\/medical-hygiene\/"},"modified":"2024-11-14T16:32:50","modified_gmt":"2024-11-14T15:32:50","slug":"medical-hygiene","status":"publish","type":"page","link":"https:\/\/sonimat.com\/de\/unsere-maerkte\/medical-hygiene\/","title":{"rendered":"Medical Hygiene"},"content":{"rendered":"<div class=\"wpb-content-wrapper\"><p>[vc_row][vc_column][vc_row_inner gap=&#8220;35&#8243;][vc_column_inner][vc_column_text]<\/p>\n<h2><span lang=\"DE\">Schneiden und Schwei\u00dfen von Medizinprodukten und technischen Textilien<\/span><\/h2>\n<p>[\/vc_column_text][vc_column_text]Bei Medizinprodukten und Hygieneartikeln spielt die Einhaltung der geltenden Sicherheitsnormen sowie eine gute mechanische Best\u00e4ndigkeit der Schwei\u00dfn\u00e4hte eine wichtige Rolle. Das Schwei\u00dfen mit Ultraschall oder Laser ist in diesem Bereich weit verbreitet. Aber auch unsere Heizplatten-, Infrarot- und Rotationsschwei\u00dfger\u00e4te werden von Herstellern medizinischer Ausr\u00fcstungen eingesetzt.<\/p>\n<p><strong>Mithilfe unserer Ultraschalltechnologie k\u00f6nnen technische Textilien, Gewebe und Vliesstoffe auch zugeschnitten werden.<\/strong> Dank unseres Know-hows in beiden Bereichen \u2013 F\u00fcgen und Schneiden \u2013 sind wir in der Lage, individuelle L\u00f6sungen zu entwickeln, die diese Technologien kombinieren: Schneiden, Schwei\u00dfen, Kauterisieren usw.<\/p>\n<p>Die F\u00fcge- und Scheidel\u00f6sungen von SONIMAT garantieren eine hohe Pr\u00e4zision und Qualit\u00e4t der Schwei\u00dfverbindungen. Sie bieten au\u00dferdem den Vorteil, dass sie keine Zusatzwerkstoffe, chemischen Bindemittel oder Kleber ben\u00f6tigen, die kritische Inhaltsstoffe enthalten k\u00f6nnen und deshalb f\u00fcr den medizinischen Bereich nicht geeignet sind.[\/vc_column_text][\/vc_column_inner][\/vc_row_inner][\/vc_column][\/vc_row][vc_row][vc_column][vc_row_inner equal_height=&#8220;yes&#8220; content_placement=&#8220;middle&#8220;][vc_column_inner width=&#8220;1\/4&#8243;][vc_single_image image=&#8220;24106&#8243; img_size=&#8220;full&#8220;][\/vc_column_inner][vc_column_inner width=&#8220;1\/4&#8243;][vc_single_image image=&#8220;24104&#8243; img_size=&#8220;full&#8220;][\/vc_column_inner][vc_column_inner width=&#8220;1\/4&#8243;][vc_single_image image=&#8220;24225&#8243; img_size=&#8220;full&#8220;][\/vc_column_inner][vc_column_inner width=&#8220;1\/4&#8243;][vc_single_image image=&#8220;24226&#8243; img_size=&#8220;full&#8220;][\/vc_column_inner][\/vc_row_inner][vc_column_text]<span style=\"color: #009de0;\"><strong>Beispiele von geschwei\u00dften und zugeschnittenen Artikeln aus thermoplastischen Kunststoffen, Geweben und Vliesstoffen:<\/strong><\/span> <em>Spritzen, Hernienpflaster, chirurgische Scheren, Windeln, Gurte, Hosentr\u00e4ger, Armb\u00e4nder, G\u00fcrtel, technische Kleidung, Erwachsenenhygiene, Atemschutzmasken (FFP2, FFP3, N95, KN95), Trockenmittelbeutel, Filter, usw.<\/em>[\/vc_column_text][vc_row_inner][vc_column_inner width=&#8220;1\/2&#8243;][vc_column_text]<strong>Entdecken Sie unsere Schneide- und Schwei\u00dfl\u00f6sungen. Unsere Anlagen erf\u00fcllen s\u00e4mtliche Kriterien der Medizinindustrie und sind selbst f\u00fcr Reinr\u00e4ume geeignet.<\/strong>[\/vc_column_text][\/vc_column_inner][vc_column_inner width=&#8220;1\/2&#8243;]<div class=\" ubtn-ctn-center \"><a class=\"ubtn-link ult-adjust-bottom-margin ubtn-center ubtn-large \" href=\"https:\/\/sonimat.com\/telechargements\/\" ><button type=\"button\" id=\"ubtn-7998\"  class=\"ubtn ult-adjust-bottom-margin ult-responsive ubtn-large ubtn-fade-bg  ulta-shrink  ubtn-sep-icon ubtn-sep-icon-at-left  ubtn-center   tooltip-69e35315d516b ubtn-tooltip bottom\" data-toggle=\"tooltip\" data-placement=\"bottom\" title=\"Download our flyer in the plastics or textiles section.\" data-hover=\"#ffffff\" data-border-color=\"#cd5b1b\" data-bg=\"#cd5b1b\" data-hover-bg=\"#cd5b1b\" data-border-hover=\"#cd5b1b\" data-shadow-hover=\"\" data-shadow-click=\"none\" data-shadow=\"\" data-shd-shadow=\"\"  data-ultimate-target='#ubtn-7998'  data-responsive-json-new='{\"font-size\":\"desktop:18px;\",\"line-height\":\"\"}'  style=\"font-weight:normal;border-radius:10px;border-width:1px;border-color:#cd5b1b;border-style:solid;background: #cd5b1b;color: #ffffff;\"><span class=\"ubtn-data ubtn-icon\"><i class=\"Defaults-download\" style=\"font-size:50px;color:#ffffff;\"><\/i><\/span><span class=\"ubtn-hover\" style=\"background-color:#cd5b1b\"><\/span><span class=\"ubtn-data ubtn-text \" >Laden Sie unseren Flyer herunter, um mehr \u00fcber unsere L\u00f6sungen f\u00fcr die Medizinindustrie zu erfahren<\/span><\/button><\/a><\/div>[\/vc_column_inner][\/vc_row_inner][\/vc_column][\/vc_row][vc_row][vc_column][vc_empty_space height=&#8220;64px&#8220;][\/vc_column][\/vc_row]<\/p>\n<\/div>","protected":false},"excerpt":{"rendered":"<p>[vc_row][vc_column][vc_row_inner gap=&#8220;35&#8243;][vc_column_inner][vc_column_text] Schneiden und Schwei\u00dfen von Medizinprodukten und technischen Textilien [\/vc_column_text][vc_column_text]Bei Medizinprodukten und Hygieneartikeln spielt die Einhaltung der geltenden Sicherheitsnormen sowie eine gute mechanische Best\u00e4ndigkeit der Schwei\u00dfn\u00e4hte eine wichtige Rolle.&hellip;<\/p>\n","protected":false},"author":1,"featured_media":24139,"parent":23211,"menu_order":0,"comment_status":"closed","ping_status":"closed","template":"","meta":{"_acf_changed":false,"footnotes":""},"class_list":["post-24217","page","type-page","status-publish","has-post-thumbnail","hentry"],"acf":[],"yoast_head":"<title>Schneiden und Schwei\u00dfen von Medizinprodukten | SONIMAT<\/title>\n<meta name=\"description\" content=\"SONIMAT stellt L\u00f6sungen f\u00fcr das Schwei\u00dfen und Schneiden von gewebten und ungewebten Textilien und Vliesstoffen f\u00fcr die medizinische Industrie her.\" \/>\n<meta name=\"robots\" content=\"index, follow, max-snippet:-1, max-image-preview:large, max-video-preview:-1\" \/>\n<link rel=\"canonical\" href=\"https:\/\/sonimat.com\/de\/unsere-maerkte\/medical-hygiene\/\" \/>\n<meta property=\"og:locale\" content=\"de_DE\" \/>\n<meta property=\"og:type\" content=\"article\" \/>\n<meta property=\"og:title\" content=\"Schneiden und Schwei\u00dfen von Medizinprodukten | SONIMAT\" \/>\n<meta property=\"og:description\" content=\"SONIMAT stellt L\u00f6sungen f\u00fcr das Schwei\u00dfen und Schneiden von gewebten und ungewebten Textilien und Vliesstoffen f\u00fcr die medizinische Industrie her.\" \/>\n<meta property=\"og:url\" content=\"https:\/\/sonimat.com\/de\/unsere-maerkte\/medical-hygiene\/\" \/>\n<meta property=\"og:site_name\" content=\"SONIMAT\" \/>\n<meta property=\"article:modified_time\" content=\"2024-11-14T15:32:50+00:00\" \/>\n<meta property=\"og:image\" content=\"https:\/\/sonimat.com\/wp-content\/uploads\/sites\/9\/2020\/02\/Soudage-textile-tiss\u00e9-masque.jpg\" \/>\n\t<meta property=\"og:image:width\" content=\"2000\" \/>\n\t<meta property=\"og:image:height\" content=\"1000\" \/>\n\t<meta property=\"og:image:type\" content=\"image\/jpeg\" \/>\n<meta name=\"twitter:card\" content=\"summary_large_image\" \/>\n<meta name=\"twitter:site\" content=\"@EuropeTechno\" \/>\n<meta name=\"twitter:label1\" content=\"Gesch\u00e4tzte Lesezeit\" \/>\n\t<meta name=\"twitter:data1\" content=\"2\u00a0Minuten\" \/>\n<script type=\"application\/ld+json\" class=\"yoast-schema-graph\">{\"@context\":\"https:\\\/\\\/schema.org\",\"@graph\":[{\"@type\":\"WebPage\",\"@id\":\"https:\\\/\\\/sonimat.com\\\/de\\\/unsere-maerkte\\\/medical-hygiene\\\/\",\"url\":\"https:\\\/\\\/sonimat.com\\\/de\\\/unsere-maerkte\\\/medical-hygiene\\\/\",\"name\":\"Schneiden und Schwei\u00dfen von Medizinprodukten | SONIMAT\",\"isPartOf\":{\"@id\":\"https:\\\/\\\/sonimat.com\\\/#website\"},\"primaryImageOfPage\":{\"@id\":\"https:\\\/\\\/sonimat.com\\\/de\\\/unsere-maerkte\\\/medical-hygiene\\\/#primaryimage\"},\"image\":{\"@id\":\"https:\\\/\\\/sonimat.com\\\/de\\\/unsere-maerkte\\\/medical-hygiene\\\/#primaryimage\"},\"thumbnailUrl\":\"https:\\\/\\\/sonimat.com\\\/wp-content\\\/uploads\\\/sites\\\/9\\\/2020\\\/02\\\/Soudage-textile-tiss\u00e9-masque.jpg\",\"datePublished\":\"2017-11-08T16:19:03+00:00\",\"dateModified\":\"2024-11-14T15:32:50+00:00\",\"description\":\"SONIMAT stellt L\u00f6sungen f\u00fcr das Schwei\u00dfen und Schneiden von gewebten und ungewebten Textilien und Vliesstoffen f\u00fcr die medizinische Industrie her.\",\"breadcrumb\":{\"@id\":\"https:\\\/\\\/sonimat.com\\\/de\\\/unsere-maerkte\\\/medical-hygiene\\\/#breadcrumb\"},\"inLanguage\":\"de\",\"potentialAction\":[{\"@type\":\"ReadAction\",\"target\":[\"https:\\\/\\\/sonimat.com\\\/de\\\/unsere-maerkte\\\/medical-hygiene\\\/\"]}]},{\"@type\":\"ImageObject\",\"inLanguage\":\"de\",\"@id\":\"https:\\\/\\\/sonimat.com\\\/de\\\/unsere-maerkte\\\/medical-hygiene\\\/#primaryimage\",\"url\":\"https:\\\/\\\/sonimat.com\\\/wp-content\\\/uploads\\\/sites\\\/9\\\/2020\\\/02\\\/Soudage-textile-tiss\u00e9-masque.jpg\",\"contentUrl\":\"https:\\\/\\\/sonimat.com\\\/wp-content\\\/uploads\\\/sites\\\/9\\\/2020\\\/02\\\/Soudage-textile-tiss\u00e9-masque.jpg\",\"width\":2000,\"height\":1000,\"caption\":\"Soudage textile tiss\u00e9 et textile intiss\u00e9 - SONIMAT\"},{\"@type\":\"BreadcrumbList\",\"@id\":\"https:\\\/\\\/sonimat.com\\\/de\\\/unsere-maerkte\\\/medical-hygiene\\\/#breadcrumb\",\"itemListElement\":[{\"@type\":\"ListItem\",\"position\":1,\"name\":\"Accueil\",\"item\":\"https:\\\/\\\/sonimat.com\\\/de\\\/\"},{\"@type\":\"ListItem\",\"position\":2,\"name\":\"M\u00e4rkte\",\"item\":\"https:\\\/\\\/sonimat.com\\\/de\\\/unsere-maerkte\\\/\"},{\"@type\":\"ListItem\",\"position\":3,\"name\":\"Medical Hygiene\"}]},{\"@type\":\"WebSite\",\"@id\":\"https:\\\/\\\/sonimat.com\\\/#website\",\"url\":\"https:\\\/\\\/sonimat.com\\\/\",\"name\":\"SONIMAT\",\"description\":\"\",\"potentialAction\":[{\"@type\":\"SearchAction\",\"target\":{\"@type\":\"EntryPoint\",\"urlTemplate\":\"https:\\\/\\\/sonimat.com\\\/?s={search_term_string}\"},\"query-input\":{\"@type\":\"PropertyValueSpecification\",\"valueRequired\":true,\"valueName\":\"search_term_string\"}}],\"inLanguage\":\"de\"}]}<\/script>","yoast_head_json":{"title":"Schneiden und Schwei\u00dfen von Medizinprodukten | SONIMAT","description":"SONIMAT stellt L\u00f6sungen f\u00fcr das Schwei\u00dfen und Schneiden von gewebten und ungewebten Textilien und Vliesstoffen f\u00fcr die medizinische Industrie her.","robots":{"index":"index","follow":"follow","max-snippet":"max-snippet:-1","max-image-preview":"max-image-preview:large","max-video-preview":"max-video-preview:-1"},"canonical":"https:\/\/sonimat.com\/de\/unsere-maerkte\/medical-hygiene\/","og_locale":"de_DE","og_type":"article","og_title":"Schneiden und Schwei\u00dfen von Medizinprodukten | SONIMAT","og_description":"SONIMAT stellt L\u00f6sungen f\u00fcr das Schwei\u00dfen und Schneiden von gewebten und ungewebten Textilien und Vliesstoffen f\u00fcr die medizinische Industrie her.","og_url":"https:\/\/sonimat.com\/de\/unsere-maerkte\/medical-hygiene\/","og_site_name":"SONIMAT","article_modified_time":"2024-11-14T15:32:50+00:00","og_image":[{"width":2000,"height":1000,"url":"https:\/\/sonimat.com\/wp-content\/uploads\/sites\/9\/2020\/02\/Soudage-textile-tiss\u00e9-masque.jpg","type":"image\/jpeg"}],"twitter_card":"summary_large_image","twitter_site":"@EuropeTechno","twitter_misc":{"Gesch\u00e4tzte Lesezeit":"2\u00a0Minuten"},"schema":{"@context":"https:\/\/schema.org","@graph":[{"@type":"WebPage","@id":"https:\/\/sonimat.com\/de\/unsere-maerkte\/medical-hygiene\/","url":"https:\/\/sonimat.com\/de\/unsere-maerkte\/medical-hygiene\/","name":"Schneiden und Schwei\u00dfen von Medizinprodukten | SONIMAT","isPartOf":{"@id":"https:\/\/sonimat.com\/#website"},"primaryImageOfPage":{"@id":"https:\/\/sonimat.com\/de\/unsere-maerkte\/medical-hygiene\/#primaryimage"},"image":{"@id":"https:\/\/sonimat.com\/de\/unsere-maerkte\/medical-hygiene\/#primaryimage"},"thumbnailUrl":"https:\/\/sonimat.com\/wp-content\/uploads\/sites\/9\/2020\/02\/Soudage-textile-tiss\u00e9-masque.jpg","datePublished":"2017-11-08T16:19:03+00:00","dateModified":"2024-11-14T15:32:50+00:00","description":"SONIMAT stellt L\u00f6sungen f\u00fcr das Schwei\u00dfen und Schneiden von gewebten und ungewebten Textilien und Vliesstoffen f\u00fcr die medizinische Industrie her.","breadcrumb":{"@id":"https:\/\/sonimat.com\/de\/unsere-maerkte\/medical-hygiene\/#breadcrumb"},"inLanguage":"de","potentialAction":[{"@type":"ReadAction","target":["https:\/\/sonimat.com\/de\/unsere-maerkte\/medical-hygiene\/"]}]},{"@type":"ImageObject","inLanguage":"de","@id":"https:\/\/sonimat.com\/de\/unsere-maerkte\/medical-hygiene\/#primaryimage","url":"https:\/\/sonimat.com\/wp-content\/uploads\/sites\/9\/2020\/02\/Soudage-textile-tiss\u00e9-masque.jpg","contentUrl":"https:\/\/sonimat.com\/wp-content\/uploads\/sites\/9\/2020\/02\/Soudage-textile-tiss\u00e9-masque.jpg","width":2000,"height":1000,"caption":"Soudage textile tiss\u00e9 et textile intiss\u00e9 - SONIMAT"},{"@type":"BreadcrumbList","@id":"https:\/\/sonimat.com\/de\/unsere-maerkte\/medical-hygiene\/#breadcrumb","itemListElement":[{"@type":"ListItem","position":1,"name":"Accueil","item":"https:\/\/sonimat.com\/de\/"},{"@type":"ListItem","position":2,"name":"M\u00e4rkte","item":"https:\/\/sonimat.com\/de\/unsere-maerkte\/"},{"@type":"ListItem","position":3,"name":"Medical Hygiene"}]},{"@type":"WebSite","@id":"https:\/\/sonimat.com\/#website","url":"https:\/\/sonimat.com\/","name":"SONIMAT","description":"","potentialAction":[{"@type":"SearchAction","target":{"@type":"EntryPoint","urlTemplate":"https:\/\/sonimat.com\/?s={search_term_string}"},"query-input":{"@type":"PropertyValueSpecification","valueRequired":true,"valueName":"search_term_string"}}],"inLanguage":"de"}]}},"_links":{"self":[{"href":"https:\/\/sonimat.com\/de\/wp-json\/wp\/v2\/pages\/24217","targetHints":{"allow":["GET"]}}],"collection":[{"href":"https:\/\/sonimat.com\/de\/wp-json\/wp\/v2\/pages"}],"about":[{"href":"https:\/\/sonimat.com\/de\/wp-json\/wp\/v2\/types\/page"}],"author":[{"embeddable":true,"href":"https:\/\/sonimat.com\/de\/wp-json\/wp\/v2\/users\/1"}],"replies":[{"embeddable":true,"href":"https:\/\/sonimat.com\/de\/wp-json\/wp\/v2\/comments?post=24217"}],"version-history":[{"count":9,"href":"https:\/\/sonimat.com\/de\/wp-json\/wp\/v2\/pages\/24217\/revisions"}],"predecessor-version":[{"id":30069,"href":"https:\/\/sonimat.com\/de\/wp-json\/wp\/v2\/pages\/24217\/revisions\/30069"}],"up":[{"embeddable":true,"href":"https:\/\/sonimat.com\/de\/wp-json\/wp\/v2\/pages\/23211"}],"wp:featuredmedia":[{"embeddable":true,"href":"https:\/\/sonimat.com\/de\/wp-json\/wp\/v2\/media\/24139"}],"wp:attachment":[{"href":"https:\/\/sonimat.com\/de\/wp-json\/wp\/v2\/media?parent=24217"}],"curies":[{"name":"wp","href":"https:\/\/api.w.org\/{rel}","templated":true}]}}