{"id":24214,"date":"2018-10-15T12:08:56","date_gmt":"2018-10-15T10:08:56","guid":{"rendered":"https:\/\/sonimat.com\/sonicell-module-de-scellage-ultrason\/"},"modified":"2024-12-10T15:39:03","modified_gmt":"2024-12-10T14:39:03","slug":"schlauchbeutelmaschine","status":"publish","type":"page","link":"https:\/\/sonimat.com\/de\/schlauchbeutelmaschine\/","title":{"rendered":"SONIPACK &#8211; Modul f\u00fcr Schlauchbeutelmaschine"},"content":{"rendered":"<div class=\"wpb-content-wrapper\"><p>[vc_row][vc_column][vc_row_inner][vc_column_inner][vc_column_text css=&#8220;&#8220;]<\/p>\n<h2><span lang=\"DE\">Integrierbare Module f\u00fcr Schlauchbeutelmaschine <\/span><\/h2>\n<h2><span lang=\"DE\">&#8211; kontinuierliche oder intermittierende prozess<\/span><\/h2>\n<p>[\/vc_column_text][\/vc_column_inner][\/vc_row_inner][vc_row_inner equal_height=&#8220;yes&#8220; content_placement=&#8220;middle&#8220; gap=&#8220;35&#8243;][vc_column_inner width=&#8220;2\/3&#8243;][vc_column_text css=&#8220;&#8220;]<\/p>\n<h3>ULTRASCHALL-VERSIEGELUNGSTECHNOLOGIE<\/h3>\n<p>Das Ultraschallversiegelungsmodul SONIPACK passt perfekt in eine horizontale Schlauchbeutelmaschine. Es gew\u00e4hrleistet eine dichte Versiegelung bei 100%iger Qualit\u00e4tskontrolle. Dieses Versiegelungsverfahren eignet sich sowohl f\u00fcr vertikale als auch horizontale Verpackungsmaschinen. Die Technologie kommt in der Lebensmittelindustrie, Kosmetik, Medizin und anderen Branchen zur Anwendung, in denen flexible Beutel ben\u00f6tigt werden.<\/p>\n<p>Mit der Ultraschall-Schwei\u00dftechnologie f\u00fcr Verpackungen verf\u00fcgen Sie \u00fcber ein sehr leistungsstarkes, wettbewerbsf\u00e4higes Versiegelungssystem, das mit kontinuierlichen oder intermittierenden Schlauchbeutelmaschine kompatibel ist. Wir haben 2 Ultraschall-Versiegelungsmodule entwickelt, die sich vollst\u00e4ndig in die bereits vorhandenen Maschinen Ihrer Produktionslinien integrieren lassen:<\/p>\n<ul>\n<li>Modul SONIPACK C \u2013 kontinuierliche Ultraschallversiegelung<\/li>\n<li>Modul SONIPACK CC \u2013 intermittierende Ultraschallversiegelung \u2013 punktuelle Ultraschallversiegelung<\/li>\n<\/ul>\n<p>[\/vc_column_text][\/vc_column_inner][vc_column_inner width=&#8220;1\/3&#8243;]<div class=\"ult-content-box-container \" >\t<a class=\"ult-content-box-anchor\" href=\"https:\/\/sonimat.com\/en\/downloads\/\" >\t\t<div class=\"ult-content-box\" style=\"background-color:#f2f2f2;box-shadow: px px px px none;padding:25px;-webkit-transition: all 700ms ease;-moz-transition: all 700ms ease;-ms-transition: all 700ms ease;-o-transition: all 700ms ease;transition: all 700ms ease;\"  data-hover_bg_color=\"#f9f9f9\"  data-hover_box_shadow=\"none\"     data-bg=\"#f2f2f2\" >[vc_icon icon_fontawesome=&#8220;fas fa-download&#8220; color=&#8220;custom&#8220; background_style=&#8220;rounded-outline&#8220; background_color=&#8220;custom&#8220; size=&#8220;xl&#8220; align=&#8220;center&#8220; custom_color=&#8220;#cd5b1b&#8220; custom_background_color=&#8220;#cd5b1b&#8220;][vc_column_text css=&#8220;&#8220;]<\/p>\n<p style=\"text-align: center;\">Downloaden Sie unsere Brosch\u00fcren zu den Produkten SONIPACK C und SONIPACK CC, um die technischen Merkmale und die Integrationsm\u00f6glichkeiten dieser Module zu entdecken.<\/p>\n<p style=\"text-align: center;\"><span style=\"font-size: 0.8em;\">Abschnitt &#8222;Packaging&#8220;, Broch\u00fcre 1 und 2 (in english)<\/span><\/p>\n<p>[\/vc_column_text]\t\t<\/div>\t<\/a><\/div>[\/vc_column_inner][\/vc_row_inner][vc_empty_space][vc_row_inner equal_height=&#8220;yes&#8220; content_placement=&#8220;middle&#8220;][vc_column_inner width=&#8220;2\/3&#8243;][vc_column_text]<\/p>\n<h4>SONIPACK Ultraschallversiegelungsmodule stehen f\u00fcr:<\/h4>\n<ul>\n<li>100%ige Qualit\u00e4tskontrolle<\/li>\n<li>Hermetische Schwei\u00dfn\u00e4hte<\/li>\n<li>Umweltfreundliche Verfahren<\/li>\n<li>Wartungsfreundlichkeit<\/li>\n<li>Hochgeschwindigkeitsversiegelung<\/li>\n<li>Unversehrtheit der Produkte<\/li>\n<\/ul>\n<p>[\/vc_column_text][\/vc_column_inner][vc_column_inner width=&#8220;1\/3&#8243;][vc_single_image image=&#8220;24215&#8243; img_size=&#8220;260&#215;180,27&#8243; alignment=&#8220;center&#8220;][vc_column_text]Die Ultraschalltechnologie eignet sich auch f\u00fcr Doypack- und Flowpack-Verpackungen.[\/vc_column_text][\/vc_column_inner][\/vc_row_inner][vc_empty_space][\/vc_column][\/vc_row][vc_row content_placement=&#8220;middle&#8220; bg_type=&#8220;bg_color&#8220; bg_override=&#8220;full&#8220; bg_color_value=&#8220;#f2f2f2&#8243;][vc_column][vc_row_inner content_placement=&#8220;middle&#8220; gap=&#8220;35&#8243; css=&#8220;.vc_custom_1581003356918{padding-top: 25px !important;}&#8220;][vc_column_inner width=&#8220;1\/2&#8243;][vc_single_image image=&#8220;24220&#8243; img_size=&#8220;585&#215;520&#8243;][\/vc_column_inner][vc_column_inner width=&#8220;1\/2&#8243;][vc_column_text]<\/p>\n<h3>VORTEILE DER ULTRASCHALLVERSIEGELUNG<\/h3>\n<ul>\n<li>Bessere Reproduzierbarkeit<\/li>\n<li>Geringerer Folien- und Energieverbrauch<\/li>\n<li>Einfache Integration<\/li>\n<li>Hohe Kompatibilit\u00e4t<\/li>\n<li>Versiegelung mit hoher Geschwindigkeit<\/li>\n<li>Eigenst\u00e4ndige Maschinentechnologie oder als Nachr\u00fcstung integrierbar<\/li>\n<li>Senkung der Instandhaltungskosten<\/li>\n<li>An HFFS- und VFFS-Maschinen anpassbar<\/li>\n<li>Dynamische Kontrolle der Schwei\u00dfn\u00e4hte w\u00e4hrend des Prozesses<\/li>\n<li>Keine Erw\u00e4rmung des Produkts<\/li>\n<li>Erkennung von Fehlern<\/li>\n<li>Keine Beeintr\u00e4chtigung der Versiegelung durch Produktreste in der Schwei\u00dfzone<\/li>\n<\/ul>\n<p>[\/vc_column_text][\/vc_column_inner][\/vc_row_inner][\/vc_column][\/vc_row][vc_row][vc_column][vc_empty_space][vc_column_text]<\/p>\n<h2 style=\"text-align: center;\"><span lang=\"DE\">Anwendungsbeispiele f\u00fcr Ultraschallversiegelungen<\/span><\/h2>\n<p>[\/vc_column_text][\/vc_column][\/vc_row][vc_row el_class=&#8220;block-half-col&#8220;][vc_column][vc_row_inner content_placement=&#8220;middle&#8220;][vc_column_inner width=&#8220;1\/2&#8243;][vc_column_text]<\/p>\n<h3>INTEGRATION EINES KONTINUIERLICHEN UND EINES INTERMITTIERENDEN VERSIEGELUNGSMODULS<\/h3>\n<p>Die Schwei\u00dfmodule SONIPACK C und CC sind hier in eine vertikale Karussell-Abf\u00fcllanlage integriert, auf der Sch\u00fcttgut in Flowpack-Beutel (komplexe Folie) mit Rei\u00dfverschluss mit einer Geschwindigkeit von 50\u00a0Impulsen je Minute abgepackt wird.[\/vc_column_text][\/vc_column_inner][vc_column_inner width=&#8220;1\/2&#8243;][vc_single_image image=&#8220;24223&#8243; img_size=&#8220;585&#215;520&#8243; alignment=&#8220;center&#8220; css=&#8220;&#8220; el_class=&#8220;range-alternance&#8220;][\/vc_column_inner][\/vc_row_inner][vc_row_inner content_placement=&#8220;middle&#8220;][vc_column_inner width=&#8220;1\/2&#8243;][vc_single_image image=&#8220;24221&#8243; img_size=&#8220;585&#215;520&#8243; alignment=&#8220;center&#8220;][\/vc_column_inner][vc_column_inner width=&#8220;1\/2&#8243;][vc_column_text]<\/p>\n<h3>NACHR\u00dcSTUNG EINER MASCHINE MIT EINEM KONTINUIERLICHEN VERSIEGELUNGSMODUL<\/h3>\n<p>Schwei\u00dfmodul SONIPACK C, das in eine horizontale Verpackungsanlage integriert wurde, auf der Feuchtt\u00fccher mit einer Geschwindigkeit von bis zu 85 Metern pro Minute in Flowpack-Beutel aus Flachfolie verpackt werden.[\/vc_column_text][\/vc_column_inner][\/vc_row_inner][vc_empty_space][\/vc_column][\/vc_row]<\/p>\n<\/div>","protected":false},"excerpt":{"rendered":"<p>[vc_row][vc_column][vc_row_inner][vc_column_inner][vc_column_text css=&#8220;&#8220;] Integrierbare Module f\u00fcr Schlauchbeutelmaschine &#8211; kontinuierliche oder intermittierende prozess [\/vc_column_text][\/vc_column_inner][\/vc_row_inner][vc_row_inner equal_height=&#8220;yes&#8220; content_placement=&#8220;middle&#8220; gap=&#8220;35&#8243;][vc_column_inner width=&#8220;2\/3&#8243;][vc_column_text css=&#8220;&#8220;] ULTRASCHALL-VERSIEGELUNGSTECHNOLOGIE Das Ultraschallversiegelungsmodul SONIPACK passt perfekt in eine horizontale Schlauchbeutelmaschine. Es gew\u00e4hrleistet eine&hellip;<\/p>\n","protected":false},"author":1,"featured_media":24216,"parent":0,"menu_order":0,"comment_status":"closed","ping_status":"closed","template":"","meta":{"_acf_changed":false,"footnotes":""},"class_list":["post-24214","page","type-page","status-publish","has-post-thumbnail","hentry"],"acf":[],"yoast_head":"<title>SONIPACK - Integriergares Modul f\u00fcr Schlauchbeutelmaschine | SONIMAT<\/title>\n<meta name=\"description\" content=\"Unsere Ultraschall-Siegelmodul erm\u00f6glicht eine kontinuierliche oder intermittierende Versiegelung und gew\u00e4hrleistet eine optimale Qualit\u00e4t der Versiegelung.\" \/>\n<meta name=\"robots\" content=\"index, follow, max-snippet:-1, max-image-preview:large, max-video-preview:-1\" \/>\n<link rel=\"canonical\" href=\"https:\/\/sonimat.com\/de\/schlauchbeutelmaschine\/\" \/>\n<meta property=\"og:locale\" content=\"de_DE\" \/>\n<meta property=\"og:type\" content=\"article\" \/>\n<meta property=\"og:title\" content=\"SONIPACK - Integriergares Modul f\u00fcr Schlauchbeutelmaschine | SONIMAT\" \/>\n<meta property=\"og:description\" content=\"Unsere Ultraschall-Siegelmodul erm\u00f6glicht eine kontinuierliche oder intermittierende Versiegelung und gew\u00e4hrleistet eine optimale Qualit\u00e4t der Versiegelung.\" \/>\n<meta property=\"og:url\" content=\"https:\/\/sonimat.com\/de\/schlauchbeutelmaschine\/\" \/>\n<meta property=\"og:site_name\" content=\"SONIMAT\" \/>\n<meta property=\"article:modified_time\" content=\"2024-12-10T14:39:03+00:00\" \/>\n<meta property=\"og:image\" content=\"https:\/\/sonimat.com\/wp-content\/uploads\/sites\/9\/2019\/03\/sonicell-scellage-ultrasons-continu.jpg\" \/>\n\t<meta property=\"og:image:width\" content=\"2000\" \/>\n\t<meta property=\"og:image:height\" content=\"1000\" \/>\n\t<meta property=\"og:image:type\" content=\"image\/jpeg\" \/>\n<meta name=\"twitter:card\" content=\"summary_large_image\" \/>\n<meta name=\"twitter:site\" content=\"@EuropeTechno\" \/>\n<meta name=\"twitter:label1\" content=\"Gesch\u00e4tzte Lesezeit\" \/>\n\t<meta name=\"twitter:data1\" content=\"4\u00a0Minuten\" \/>\n<script type=\"application\/ld+json\" class=\"yoast-schema-graph\">{\"@context\":\"https:\\\/\\\/schema.org\",\"@graph\":[{\"@type\":\"WebPage\",\"@id\":\"https:\\\/\\\/sonimat.com\\\/de\\\/schlauchbeutelmaschine\\\/\",\"url\":\"https:\\\/\\\/sonimat.com\\\/de\\\/schlauchbeutelmaschine\\\/\",\"name\":\"SONIPACK - Integriergares Modul f\u00fcr Schlauchbeutelmaschine | SONIMAT\",\"isPartOf\":{\"@id\":\"https:\\\/\\\/sonimat.com\\\/#website\"},\"primaryImageOfPage\":{\"@id\":\"https:\\\/\\\/sonimat.com\\\/de\\\/schlauchbeutelmaschine\\\/#primaryimage\"},\"image\":{\"@id\":\"https:\\\/\\\/sonimat.com\\\/de\\\/schlauchbeutelmaschine\\\/#primaryimage\"},\"thumbnailUrl\":\"https:\\\/\\\/sonimat.com\\\/wp-content\\\/uploads\\\/sites\\\/9\\\/2019\\\/03\\\/sonicell-scellage-ultrasons-continu.jpg\",\"datePublished\":\"2018-10-15T10:08:56+00:00\",\"dateModified\":\"2024-12-10T14:39:03+00:00\",\"description\":\"Unsere Ultraschall-Siegelmodul erm\u00f6glicht eine kontinuierliche oder intermittierende Versiegelung und gew\u00e4hrleistet eine optimale Qualit\u00e4t der Versiegelung.\",\"breadcrumb\":{\"@id\":\"https:\\\/\\\/sonimat.com\\\/de\\\/schlauchbeutelmaschine\\\/#breadcrumb\"},\"inLanguage\":\"de\",\"potentialAction\":[{\"@type\":\"ReadAction\",\"target\":[\"https:\\\/\\\/sonimat.com\\\/de\\\/schlauchbeutelmaschine\\\/\"]}]},{\"@type\":\"ImageObject\",\"inLanguage\":\"de\",\"@id\":\"https:\\\/\\\/sonimat.com\\\/de\\\/schlauchbeutelmaschine\\\/#primaryimage\",\"url\":\"https:\\\/\\\/sonimat.com\\\/wp-content\\\/uploads\\\/sites\\\/9\\\/2019\\\/03\\\/sonicell-scellage-ultrasons-continu.jpg\",\"contentUrl\":\"https:\\\/\\\/sonimat.com\\\/wp-content\\\/uploads\\\/sites\\\/9\\\/2019\\\/03\\\/sonicell-scellage-ultrasons-continu.jpg\",\"width\":2000,\"height\":1000,\"caption\":\"sonicell - scellage ultrasons continu - SONIMAT\"},{\"@type\":\"BreadcrumbList\",\"@id\":\"https:\\\/\\\/sonimat.com\\\/de\\\/schlauchbeutelmaschine\\\/#breadcrumb\",\"itemListElement\":[{\"@type\":\"ListItem\",\"position\":1,\"name\":\"Accueil\",\"item\":\"https:\\\/\\\/sonimat.com\\\/de\\\/\"},{\"@type\":\"ListItem\",\"position\":2,\"name\":\"SONIPACK &#8211; Modul f\u00fcr Schlauchbeutelmaschine\"}]},{\"@type\":\"WebSite\",\"@id\":\"https:\\\/\\\/sonimat.com\\\/#website\",\"url\":\"https:\\\/\\\/sonimat.com\\\/\",\"name\":\"SONIMAT\",\"description\":\"\",\"potentialAction\":[{\"@type\":\"SearchAction\",\"target\":{\"@type\":\"EntryPoint\",\"urlTemplate\":\"https:\\\/\\\/sonimat.com\\\/?s={search_term_string}\"},\"query-input\":{\"@type\":\"PropertyValueSpecification\",\"valueRequired\":true,\"valueName\":\"search_term_string\"}}],\"inLanguage\":\"de\"}]}<\/script>","yoast_head_json":{"title":"SONIPACK - Integriergares Modul f\u00fcr Schlauchbeutelmaschine | SONIMAT","description":"Unsere Ultraschall-Siegelmodul erm\u00f6glicht eine kontinuierliche oder intermittierende Versiegelung und gew\u00e4hrleistet eine optimale Qualit\u00e4t der Versiegelung.","robots":{"index":"index","follow":"follow","max-snippet":"max-snippet:-1","max-image-preview":"max-image-preview:large","max-video-preview":"max-video-preview:-1"},"canonical":"https:\/\/sonimat.com\/de\/schlauchbeutelmaschine\/","og_locale":"de_DE","og_type":"article","og_title":"SONIPACK - Integriergares Modul f\u00fcr Schlauchbeutelmaschine | SONIMAT","og_description":"Unsere Ultraschall-Siegelmodul erm\u00f6glicht eine kontinuierliche oder intermittierende Versiegelung und gew\u00e4hrleistet eine optimale Qualit\u00e4t der Versiegelung.","og_url":"https:\/\/sonimat.com\/de\/schlauchbeutelmaschine\/","og_site_name":"SONIMAT","article_modified_time":"2024-12-10T14:39:03+00:00","og_image":[{"width":2000,"height":1000,"url":"https:\/\/sonimat.com\/wp-content\/uploads\/sites\/9\/2019\/03\/sonicell-scellage-ultrasons-continu.jpg","type":"image\/jpeg"}],"twitter_card":"summary_large_image","twitter_site":"@EuropeTechno","twitter_misc":{"Gesch\u00e4tzte Lesezeit":"4\u00a0Minuten"},"schema":{"@context":"https:\/\/schema.org","@graph":[{"@type":"WebPage","@id":"https:\/\/sonimat.com\/de\/schlauchbeutelmaschine\/","url":"https:\/\/sonimat.com\/de\/schlauchbeutelmaschine\/","name":"SONIPACK - Integriergares Modul f\u00fcr Schlauchbeutelmaschine | SONIMAT","isPartOf":{"@id":"https:\/\/sonimat.com\/#website"},"primaryImageOfPage":{"@id":"https:\/\/sonimat.com\/de\/schlauchbeutelmaschine\/#primaryimage"},"image":{"@id":"https:\/\/sonimat.com\/de\/schlauchbeutelmaschine\/#primaryimage"},"thumbnailUrl":"https:\/\/sonimat.com\/wp-content\/uploads\/sites\/9\/2019\/03\/sonicell-scellage-ultrasons-continu.jpg","datePublished":"2018-10-15T10:08:56+00:00","dateModified":"2024-12-10T14:39:03+00:00","description":"Unsere Ultraschall-Siegelmodul erm\u00f6glicht eine kontinuierliche oder intermittierende Versiegelung und gew\u00e4hrleistet eine optimale Qualit\u00e4t der Versiegelung.","breadcrumb":{"@id":"https:\/\/sonimat.com\/de\/schlauchbeutelmaschine\/#breadcrumb"},"inLanguage":"de","potentialAction":[{"@type":"ReadAction","target":["https:\/\/sonimat.com\/de\/schlauchbeutelmaschine\/"]}]},{"@type":"ImageObject","inLanguage":"de","@id":"https:\/\/sonimat.com\/de\/schlauchbeutelmaschine\/#primaryimage","url":"https:\/\/sonimat.com\/wp-content\/uploads\/sites\/9\/2019\/03\/sonicell-scellage-ultrasons-continu.jpg","contentUrl":"https:\/\/sonimat.com\/wp-content\/uploads\/sites\/9\/2019\/03\/sonicell-scellage-ultrasons-continu.jpg","width":2000,"height":1000,"caption":"sonicell - scellage ultrasons continu - SONIMAT"},{"@type":"BreadcrumbList","@id":"https:\/\/sonimat.com\/de\/schlauchbeutelmaschine\/#breadcrumb","itemListElement":[{"@type":"ListItem","position":1,"name":"Accueil","item":"https:\/\/sonimat.com\/de\/"},{"@type":"ListItem","position":2,"name":"SONIPACK &#8211; Modul f\u00fcr Schlauchbeutelmaschine"}]},{"@type":"WebSite","@id":"https:\/\/sonimat.com\/#website","url":"https:\/\/sonimat.com\/","name":"SONIMAT","description":"","potentialAction":[{"@type":"SearchAction","target":{"@type":"EntryPoint","urlTemplate":"https:\/\/sonimat.com\/?s={search_term_string}"},"query-input":{"@type":"PropertyValueSpecification","valueRequired":true,"valueName":"search_term_string"}}],"inLanguage":"de"}]}},"_links":{"self":[{"href":"https:\/\/sonimat.com\/de\/wp-json\/wp\/v2\/pages\/24214","targetHints":{"allow":["GET"]}}],"collection":[{"href":"https:\/\/sonimat.com\/de\/wp-json\/wp\/v2\/pages"}],"about":[{"href":"https:\/\/sonimat.com\/de\/wp-json\/wp\/v2\/types\/page"}],"author":[{"embeddable":true,"href":"https:\/\/sonimat.com\/de\/wp-json\/wp\/v2\/users\/1"}],"replies":[{"embeddable":true,"href":"https:\/\/sonimat.com\/de\/wp-json\/wp\/v2\/comments?post=24214"}],"version-history":[{"count":10,"href":"https:\/\/sonimat.com\/de\/wp-json\/wp\/v2\/pages\/24214\/revisions"}],"predecessor-version":[{"id":31135,"href":"https:\/\/sonimat.com\/de\/wp-json\/wp\/v2\/pages\/24214\/revisions\/31135"}],"wp:featuredmedia":[{"embeddable":true,"href":"https:\/\/sonimat.com\/de\/wp-json\/wp\/v2\/media\/24216"}],"wp:attachment":[{"href":"https:\/\/sonimat.com\/de\/wp-json\/wp\/v2\/media?parent=24214"}],"curies":[{"name":"wp","href":"https:\/\/api.w.org\/{rel}","templated":true}]}}