{"id":24190,"date":"2018-10-15T12:10:38","date_gmt":"2018-10-15T10:10:38","guid":{"rendered":"https:\/\/sonimat.com\/vpacksonic-ensacheuse-verticale\/"},"modified":"2024-11-13T15:20:15","modified_gmt":"2024-11-13T14:20:15","slug":"verpackungsmaschine","status":"publish","type":"page","link":"https:\/\/sonimat.com\/de\/verpackung-schweissen\/verpackungsmaschine\/","title":{"rendered":"VPACKSONIC &#8211; Ultraschall-Verpackungsmaschine (VFFS)"},"content":{"rendered":"<div class=\"wpb-content-wrapper\"><p>[vc_row][vc_column][vc_row_inner equal_height=&#8220;yes&#8220; content_placement=&#8220;middle&#8220; gap=&#8220;35&#8243;][vc_column_inner width=&#8220;2\/3&#8243;][vc_column_text css=&#8220;&#8220;]<\/p>\n<h2><span lang=\"DE\">Vertikale Ultraschall-Verpackungsmaschine VPACKSONIC (VFFS)<\/span><\/h2>\n<p>[\/vc_column_text][vc_column_text css=&#8220;&#8220;]<\/p>\n<h3>VERTIKALE VERPACKUNGSMASCHINE MIT KONTINUIERLICHER BEWEGUNG<\/h3>\n<p>Die vertikale Abf\u00fcllmaschine VPACKSONIC ist eine innovative, anpassungsf\u00e4hige Verpackungsanlage f\u00fcr loses Sch\u00fcttgut, die h\u00f6chste industrielle Anspr\u00fcche erf\u00fcllt. Die Maschine kann an Ihre Produktionsbedingungen individuell angepasst werden: Gr\u00f6\u00dfe, Folie, Geschwindigkeit, Produkt usw.<\/p>\n<p>Die in die Maschine integrierte Ultraschall-Versiegelungstechnologie f\u00fcr Verpackungen garantiert eine hermetische Versiegelung und 100%ige Qualit\u00e4tskontrolle[\/vc_column_text][\/vc_column_inner][vc_column_inner width=&#8220;1\/3&#8243;]<div class=\"ult-content-box-container \" >\t<a class=\"ult-content-box-anchor\" href=\"https:\/\/sonimat.com\/en\/contact-2\/\" >\t\t<div class=\"ult-content-box\" style=\"background-color:#f2f2f2;box-shadow: px px px px none;padding:25px;-webkit-transition: all 700ms ease;-moz-transition: all 700ms ease;-ms-transition: all 700ms ease;-o-transition: all 700ms ease;transition: all 700ms ease;\"  data-hover_bg_color=\"#f9f9f9\"  data-hover_box_shadow=\"none\"     data-bg=\"#f2f2f2\" >[vc_icon icon_fontawesome=&#8220;fas fa-envelope&#8220; color=&#8220;custom&#8220; background_style=&#8220;rounded-outline&#8220; background_color=&#8220;custom&#8220; size=&#8220;xl&#8220; align=&#8220;center&#8220; custom_color=&#8220;#cd5b1b&#8220; custom_background_color=&#8220;#cd5b1b&#8220; link=&#8220;|||&#8220;][vc_column_text css=&#8220;&#8220;]Kontaktieren Sie uns, um mehr \u00fcber unsere vertikale Ultraschall-Verpackungsmaschine\u00a0 (VFFS) VPACKSONIC zu erfahren.[\/vc_column_text]\t\t<\/div>\t<\/a><\/div>[\/vc_column_inner][\/vc_row_inner][\/vc_column][\/vc_row][vc_row content_placement=&#8220;middle&#8220;][vc_column width=&#8220;2\/3&#8243;][vc_row_inner content_placement=&#8220;middle&#8220;][vc_column_inner][vc_column_text]<\/p>\n<h3>QUALIT\u00c4TSGARANTIE<\/h3>\n<ul>\n<li>Entwicklung und Herstellung in unserem Werk<\/li>\n<li>Pr\u00e4zision der elektrischen Achse<\/li>\n<li>Digitale Erzeugung des Ultraschallsignals<\/li>\n<li>Schulungen zu Vpacksonic und der Ultraschalltechnologie<\/li>\n<li>Mechanische Unterst\u00fctzung und Software-Support beim Wechsel der Folien und Formgeber<\/li>\n<li>Digitales Messer<\/li>\n<li>Digitale Schwei\u00dfbacken mit Bewegungskontrolle<\/li>\n<li>Verschluss der Beutel durch Ultraschallschwei\u00dfnaht<\/li>\n<\/ul>\n<p>[\/vc_column_text][\/vc_column_inner][\/vc_row_inner][\/vc_column][vc_column width=&#8220;1\/3&#8243;][vc_single_image image=&#8220;31004&#8243; img_size=&#8220;250&#215;250&#8243; alignment=&#8220;center&#8220; css=&#8220;&#8220;][\/vc_column][\/vc_row][vc_row content_placement=&#8220;middle&#8220; bg_type=&#8220;bg_color&#8220; bg_override=&#8220;full&#8220; bg_color_value=&#8220;#f2f2f2&#8243;][vc_column][vc_row_inner content_placement=&#8220;middle&#8220; gap=&#8220;35&#8243; css=&#8220;.vc_custom_1581003447721{padding-top: 25px !important;}&#8220;][vc_column_inner width=&#8220;1\/2&#8243;][vc_single_image image=&#8220;24191&#8243; img_size=&#8220;585&#215;520&#8243; css=&#8220;&#8220;][\/vc_column_inner][vc_column_inner width=&#8220;1\/2&#8243;][vc_column_text]<\/p>\n<h3>VORTEILE<\/h3>\n<ul>\n<li>Optimierte Benutzeroberfl\u00e4che f\u00fcr eine einfache Bedienung<\/li>\n<li>Einfache Installation des Formgebers<\/li>\n<li>Zwei Zug\u00e4nge zur Mechanik<\/li>\n<li>Zahlreiche Optionen f\u00fcr Ihre Produktion<\/li>\n<li>Reduzierte H\u00f6he f\u00fcr eine bessere Zug\u00e4nglichkeit<\/li>\n<li>Vom Wartungspersonal einstellbare Ultraschallausr\u00fcstung<\/li>\n<li>Geringerer Folienverbrauch<\/li>\n<li>K\u00fcrzere Schwei\u00dfzeiten als beim thermischen Schwei\u00dfen<\/li>\n<li>Geringere Verluste<\/li>\n<li>Schnellstart<\/li>\n<li>Patentiertes Einstellsystem<\/li>\n<\/ul>\n<p>[\/vc_column_text][\/vc_column_inner][\/vc_row_inner][\/vc_column][\/vc_row][vc_row][vc_column][vc_empty_space][vc_column_text css=&#8220;&#8220;]<\/p>\n<h2 style=\"text-align: center;\"><span lang=\"DE\">Die St\u00e4rken unserer Ultraschall-Verpackungsllmaschine (VFFS)<\/span><\/h2>\n<p>[\/vc_column_text][\/vc_column][\/vc_row][vc_row el_class=&#8220;block-half-col&#8220;][vc_column][vc_row_inner content_placement=&#8220;middle&#8220; el_class=&#8220;range-alternance&#8220;][vc_column_inner width=&#8220;1\/2&#8243;][vc_column_text]<\/p>\n<h3>ULTRASCHALLVERSIEGELUNG MIT SEHR HOHER GESCHWINDIGKEIT<\/h3>\n<p>Versiegelungsgeschwindigkeit bis zu 80 Impulse\/Minute.[\/vc_column_text][\/vc_column_inner][vc_column_inner width=&#8220;1\/2&#8243;][vc_single_image image=&#8220;24196&#8243; img_size=&#8220;585&#215;520&#8243; alignment=&#8220;center&#8220; css=&#8220;&#8220;][\/vc_column_inner][\/vc_row_inner][vc_row_inner content_placement=&#8220;middle&#8220;][vc_column_inner width=&#8220;1\/2&#8243;][vc_single_image image=&#8220;24198&#8243; img_size=&#8220;585&#215;520&#8243; alignment=&#8220;center&#8220; css=&#8220;&#8220;][\/vc_column_inner][vc_column_inner width=&#8220;1\/2&#8243;][vc_column_text]<\/p>\n<h3>ERGONOMISCHE MENSCH-MASCHINE-SCHNITTSTELLE<\/h3>\n<p>Unsere vertikale Verpackungsmaschine verf\u00fcgt \u00fcber eine ergonomische Benutzeroberfl\u00e4che, die eine einfache Bedienung garantiert\u2026[\/vc_column_text][\/vc_column_inner][\/vc_row_inner][vc_row_inner content_placement=&#8220;middle&#8220; el_class=&#8220;range-alternance&#8220;][vc_column_inner width=&#8220;1\/2&#8243;][vc_column_text]<\/p>\n<h3>EINFACHER ZUGANG ZUR MECHANIK<\/h3>\n<p>Die Flowpack- und Doypack-Verpackungsmaschine (VFFS) bietet dem Bediener einen zweifachen Zugang zur Mechanik und eine niedrige Bauh\u00f6he, um ihre Wartung und Reinigung zu erleichtern.[\/vc_column_text][\/vc_column_inner][vc_column_inner width=&#8220;1\/2&#8243;][vc_single_image image=&#8220;24197&#8243; img_size=&#8220;585&#215;520&#8243; alignment=&#8220;center&#8220; css=&#8220;&#8220;][\/vc_column_inner][\/vc_row_inner][\/vc_column][\/vc_row][vc_row][vc_column][vc_empty_space][\/vc_column][\/vc_row]<\/p>\n<\/div>","protected":false},"excerpt":{"rendered":"<p>[vc_row][vc_column][vc_row_inner equal_height=&#8220;yes&#8220; content_placement=&#8220;middle&#8220; gap=&#8220;35&#8243;][vc_column_inner width=&#8220;2\/3&#8243;][vc_column_text css=&#8220;&#8220;] Vertikale Ultraschall-Verpackungsmaschine VPACKSONIC (VFFS) [\/vc_column_text][vc_column_text css=&#8220;&#8220;] VERTIKALE VERPACKUNGSMASCHINE MIT KONTINUIERLICHER BEWEGUNG Die vertikale Abf\u00fcllmaschine VPACKSONIC ist eine innovative, anpassungsf\u00e4hige Verpackungsanlage f\u00fcr loses Sch\u00fcttgut, die&hellip;<\/p>\n","protected":false},"author":1,"featured_media":24192,"parent":23202,"menu_order":0,"comment_status":"closed","ping_status":"closed","template":"","meta":{"_acf_changed":false,"footnotes":""},"class_list":["post-24190","page","type-page","status-publish","has-post-thumbnail","hentry"],"acf":[],"yoast_head":"<title>Vertikale Verpackungsmaschine (VFFS) VPACKSONIC | SONIMAT<\/title>\n<meta name=\"description\" content=\"Die vertikale Verpackungsmaschine VPACKSONIC ist eine innovative, einstellbare Flowpack- und Doypack-Maschine f\u00fcr Sch\u00fcttgut mit Ultraschalltechnologie.\" \/>\n<meta name=\"robots\" content=\"index, follow, max-snippet:-1, max-image-preview:large, max-video-preview:-1\" \/>\n<link rel=\"canonical\" href=\"https:\/\/sonimat.com\/de\/verpackung-schweissen\/verpackungsmaschine\/\" \/>\n<meta property=\"og:locale\" content=\"de_DE\" \/>\n<meta property=\"og:type\" content=\"article\" \/>\n<meta property=\"og:title\" content=\"Vertikale Verpackungsmaschine (VFFS) VPACKSONIC | SONIMAT\" \/>\n<meta property=\"og:description\" content=\"Die vertikale Verpackungsmaschine VPACKSONIC ist eine innovative, einstellbare Flowpack- und Doypack-Maschine f\u00fcr Sch\u00fcttgut mit Ultraschalltechnologie.\" \/>\n<meta property=\"og:url\" content=\"https:\/\/sonimat.com\/de\/verpackung-schweissen\/verpackungsmaschine\/\" \/>\n<meta property=\"og:site_name\" content=\"SONIMAT\" \/>\n<meta property=\"article:modified_time\" content=\"2024-11-13T14:20:15+00:00\" \/>\n<meta property=\"og:image\" content=\"https:\/\/sonimat.com\/wp-content\/uploads\/sites\/9\/2019\/03\/vpacksonic-ensacheuse-ultrasons-SONIMAT.jpg\" \/>\n\t<meta property=\"og:image:width\" content=\"2000\" \/>\n\t<meta property=\"og:image:height\" content=\"1000\" \/>\n\t<meta property=\"og:image:type\" content=\"image\/jpeg\" \/>\n<meta name=\"twitter:card\" content=\"summary_large_image\" \/>\n<meta name=\"twitter:site\" content=\"@EuropeTechno\" \/>\n<meta name=\"twitter:label1\" content=\"Gesch\u00e4tzte Lesezeit\" \/>\n\t<meta name=\"twitter:data1\" content=\"3\u00a0Minuten\" \/>\n<script type=\"application\/ld+json\" class=\"yoast-schema-graph\">{\"@context\":\"https:\\\/\\\/schema.org\",\"@graph\":[{\"@type\":\"WebPage\",\"@id\":\"https:\\\/\\\/sonimat.com\\\/de\\\/verpackung-schweissen\\\/verpackungsmaschine\\\/\",\"url\":\"https:\\\/\\\/sonimat.com\\\/de\\\/verpackung-schweissen\\\/verpackungsmaschine\\\/\",\"name\":\"Vertikale Verpackungsmaschine (VFFS) VPACKSONIC | SONIMAT\",\"isPartOf\":{\"@id\":\"https:\\\/\\\/sonimat.com\\\/#website\"},\"primaryImageOfPage\":{\"@id\":\"https:\\\/\\\/sonimat.com\\\/de\\\/verpackung-schweissen\\\/verpackungsmaschine\\\/#primaryimage\"},\"image\":{\"@id\":\"https:\\\/\\\/sonimat.com\\\/de\\\/verpackung-schweissen\\\/verpackungsmaschine\\\/#primaryimage\"},\"thumbnailUrl\":\"https:\\\/\\\/sonimat.com\\\/wp-content\\\/uploads\\\/sites\\\/9\\\/2019\\\/03\\\/vpacksonic-ensacheuse-ultrasons-SONIMAT.jpg\",\"datePublished\":\"2018-10-15T10:10:38+00:00\",\"dateModified\":\"2024-11-13T14:20:15+00:00\",\"description\":\"Die vertikale Verpackungsmaschine VPACKSONIC ist eine innovative, einstellbare Flowpack- und Doypack-Maschine f\u00fcr Sch\u00fcttgut mit Ultraschalltechnologie.\",\"breadcrumb\":{\"@id\":\"https:\\\/\\\/sonimat.com\\\/de\\\/verpackung-schweissen\\\/verpackungsmaschine\\\/#breadcrumb\"},\"inLanguage\":\"de\",\"potentialAction\":[{\"@type\":\"ReadAction\",\"target\":[\"https:\\\/\\\/sonimat.com\\\/de\\\/verpackung-schweissen\\\/verpackungsmaschine\\\/\"]}]},{\"@type\":\"ImageObject\",\"inLanguage\":\"de\",\"@id\":\"https:\\\/\\\/sonimat.com\\\/de\\\/verpackung-schweissen\\\/verpackungsmaschine\\\/#primaryimage\",\"url\":\"https:\\\/\\\/sonimat.com\\\/wp-content\\\/uploads\\\/sites\\\/9\\\/2019\\\/03\\\/vpacksonic-ensacheuse-ultrasons-SONIMAT.jpg\",\"contentUrl\":\"https:\\\/\\\/sonimat.com\\\/wp-content\\\/uploads\\\/sites\\\/9\\\/2019\\\/03\\\/vpacksonic-ensacheuse-ultrasons-SONIMAT.jpg\",\"width\":2000,\"height\":1000,\"caption\":\"Vpacksonic-ensacheuse-ultrasons - SONIMAT\"},{\"@type\":\"BreadcrumbList\",\"@id\":\"https:\\\/\\\/sonimat.com\\\/de\\\/verpackung-schweissen\\\/verpackungsmaschine\\\/#breadcrumb\",\"itemListElement\":[{\"@type\":\"ListItem\",\"position\":1,\"name\":\"Accueil\",\"item\":\"https:\\\/\\\/sonimat.com\\\/de\\\/\"},{\"@type\":\"ListItem\",\"position\":2,\"name\":\"Verpackung\",\"item\":\"https:\\\/\\\/sonimat.com\\\/de\\\/verpackung-schweissen\\\/\"},{\"@type\":\"ListItem\",\"position\":3,\"name\":\"VPACKSONIC &#8211; Ultraschall-Verpackungsmaschine (VFFS)\"}]},{\"@type\":\"WebSite\",\"@id\":\"https:\\\/\\\/sonimat.com\\\/#website\",\"url\":\"https:\\\/\\\/sonimat.com\\\/\",\"name\":\"SONIMAT\",\"description\":\"\",\"potentialAction\":[{\"@type\":\"SearchAction\",\"target\":{\"@type\":\"EntryPoint\",\"urlTemplate\":\"https:\\\/\\\/sonimat.com\\\/?s={search_term_string}\"},\"query-input\":{\"@type\":\"PropertyValueSpecification\",\"valueRequired\":true,\"valueName\":\"search_term_string\"}}],\"inLanguage\":\"de\"}]}<\/script>","yoast_head_json":{"title":"Vertikale Verpackungsmaschine (VFFS) VPACKSONIC | SONIMAT","description":"Die vertikale Verpackungsmaschine VPACKSONIC ist eine innovative, einstellbare Flowpack- und Doypack-Maschine f\u00fcr Sch\u00fcttgut mit Ultraschalltechnologie.","robots":{"index":"index","follow":"follow","max-snippet":"max-snippet:-1","max-image-preview":"max-image-preview:large","max-video-preview":"max-video-preview:-1"},"canonical":"https:\/\/sonimat.com\/de\/verpackung-schweissen\/verpackungsmaschine\/","og_locale":"de_DE","og_type":"article","og_title":"Vertikale Verpackungsmaschine (VFFS) VPACKSONIC | SONIMAT","og_description":"Die vertikale Verpackungsmaschine VPACKSONIC ist eine innovative, einstellbare Flowpack- und Doypack-Maschine f\u00fcr Sch\u00fcttgut mit Ultraschalltechnologie.","og_url":"https:\/\/sonimat.com\/de\/verpackung-schweissen\/verpackungsmaschine\/","og_site_name":"SONIMAT","article_modified_time":"2024-11-13T14:20:15+00:00","og_image":[{"width":2000,"height":1000,"url":"https:\/\/sonimat.com\/wp-content\/uploads\/sites\/9\/2019\/03\/vpacksonic-ensacheuse-ultrasons-SONIMAT.jpg","type":"image\/jpeg"}],"twitter_card":"summary_large_image","twitter_site":"@EuropeTechno","twitter_misc":{"Gesch\u00e4tzte Lesezeit":"3\u00a0Minuten"},"schema":{"@context":"https:\/\/schema.org","@graph":[{"@type":"WebPage","@id":"https:\/\/sonimat.com\/de\/verpackung-schweissen\/verpackungsmaschine\/","url":"https:\/\/sonimat.com\/de\/verpackung-schweissen\/verpackungsmaschine\/","name":"Vertikale Verpackungsmaschine (VFFS) VPACKSONIC | SONIMAT","isPartOf":{"@id":"https:\/\/sonimat.com\/#website"},"primaryImageOfPage":{"@id":"https:\/\/sonimat.com\/de\/verpackung-schweissen\/verpackungsmaschine\/#primaryimage"},"image":{"@id":"https:\/\/sonimat.com\/de\/verpackung-schweissen\/verpackungsmaschine\/#primaryimage"},"thumbnailUrl":"https:\/\/sonimat.com\/wp-content\/uploads\/sites\/9\/2019\/03\/vpacksonic-ensacheuse-ultrasons-SONIMAT.jpg","datePublished":"2018-10-15T10:10:38+00:00","dateModified":"2024-11-13T14:20:15+00:00","description":"Die vertikale Verpackungsmaschine VPACKSONIC ist eine innovative, einstellbare Flowpack- und Doypack-Maschine f\u00fcr Sch\u00fcttgut mit Ultraschalltechnologie.","breadcrumb":{"@id":"https:\/\/sonimat.com\/de\/verpackung-schweissen\/verpackungsmaschine\/#breadcrumb"},"inLanguage":"de","potentialAction":[{"@type":"ReadAction","target":["https:\/\/sonimat.com\/de\/verpackung-schweissen\/verpackungsmaschine\/"]}]},{"@type":"ImageObject","inLanguage":"de","@id":"https:\/\/sonimat.com\/de\/verpackung-schweissen\/verpackungsmaschine\/#primaryimage","url":"https:\/\/sonimat.com\/wp-content\/uploads\/sites\/9\/2019\/03\/vpacksonic-ensacheuse-ultrasons-SONIMAT.jpg","contentUrl":"https:\/\/sonimat.com\/wp-content\/uploads\/sites\/9\/2019\/03\/vpacksonic-ensacheuse-ultrasons-SONIMAT.jpg","width":2000,"height":1000,"caption":"Vpacksonic-ensacheuse-ultrasons - SONIMAT"},{"@type":"BreadcrumbList","@id":"https:\/\/sonimat.com\/de\/verpackung-schweissen\/verpackungsmaschine\/#breadcrumb","itemListElement":[{"@type":"ListItem","position":1,"name":"Accueil","item":"https:\/\/sonimat.com\/de\/"},{"@type":"ListItem","position":2,"name":"Verpackung","item":"https:\/\/sonimat.com\/de\/verpackung-schweissen\/"},{"@type":"ListItem","position":3,"name":"VPACKSONIC &#8211; Ultraschall-Verpackungsmaschine (VFFS)"}]},{"@type":"WebSite","@id":"https:\/\/sonimat.com\/#website","url":"https:\/\/sonimat.com\/","name":"SONIMAT","description":"","potentialAction":[{"@type":"SearchAction","target":{"@type":"EntryPoint","urlTemplate":"https:\/\/sonimat.com\/?s={search_term_string}"},"query-input":{"@type":"PropertyValueSpecification","valueRequired":true,"valueName":"search_term_string"}}],"inLanguage":"de"}]}},"_links":{"self":[{"href":"https:\/\/sonimat.com\/de\/wp-json\/wp\/v2\/pages\/24190","targetHints":{"allow":["GET"]}}],"collection":[{"href":"https:\/\/sonimat.com\/de\/wp-json\/wp\/v2\/pages"}],"about":[{"href":"https:\/\/sonimat.com\/de\/wp-json\/wp\/v2\/types\/page"}],"author":[{"embeddable":true,"href":"https:\/\/sonimat.com\/de\/wp-json\/wp\/v2\/users\/1"}],"replies":[{"embeddable":true,"href":"https:\/\/sonimat.com\/de\/wp-json\/wp\/v2\/comments?post=24190"}],"version-history":[{"count":12,"href":"https:\/\/sonimat.com\/de\/wp-json\/wp\/v2\/pages\/24190\/revisions"}],"predecessor-version":[{"id":29960,"href":"https:\/\/sonimat.com\/de\/wp-json\/wp\/v2\/pages\/24190\/revisions\/29960"}],"up":[{"embeddable":true,"href":"https:\/\/sonimat.com\/de\/wp-json\/wp\/v2\/pages\/23202"}],"wp:featuredmedia":[{"embeddable":true,"href":"https:\/\/sonimat.com\/de\/wp-json\/wp\/v2\/media\/24192"}],"wp:attachment":[{"href":"https:\/\/sonimat.com\/de\/wp-json\/wp\/v2\/media?parent=24190"}],"curies":[{"name":"wp","href":"https:\/\/api.w.org\/{rel}","templated":true}]}}