{"id":24152,"date":"2018-10-15T13:28:01","date_gmt":"2018-10-15T11:28:01","guid":{"rendered":"https:\/\/sonimat.com\/decoupe-ultrason-alimentaire\/"},"modified":"2024-11-14T15:48:23","modified_gmt":"2024-11-14T14:48:23","slug":"ultraschall-schneidemaschine-lebensmittel","status":"publish","type":"page","link":"https:\/\/sonimat.com\/de\/schneidemaschine-fuer-lebensmittel\/technologies\/ultraschall-schneidemaschine-lebensmittel\/","title":{"rendered":"Tranchieren mit Ultraschall"},"content":{"rendered":"<div class=\"wpb-content-wrapper\"><p>[vc_row][vc_column][vc_column_text]<\/p>\n<h2><span lang=\"DE\">Ultraschallschneiden von Lebensmitteln<\/span><\/h2>\n<p>[\/vc_column_text][vc_row_inner content_placement=&#8220;top&#8220; gap=&#8220;35&#8243;][vc_column_inner width=&#8220;2\/3&#8243;][vc_column_text]SONIMAT bietet Ihnen eine innovative Ultraschalltechnologie zum Schneiden von Lebensmitteln an, die Ihnen Produktivit\u00e4tssteigerungen und eine optimale Schnittqualit\u00e4t garantiert.<\/p>\n<p>Ultraschall entsteht durch mechanische Schwingungen mit einer Frequenz oberhalb des H\u00f6rfrequenzbereichs des menschlichen Ohrs (mehr als 16\u00a0kHz). Diese Druckwellen werden von einem Generator erzeugt.<\/p>\n<p>In einem akustischen Element wandelt der Generator die elektrische Netzfrequenz (50\/60\u00a0Hz) in hochfrequente elektrische Energie um. Anschlie\u00dfend wandelt der piezoelektrische Wandler (oder Transducer) diese elektrische Energie in mechanische Schwingungen mit derselben Frequenz um. Der Booster oder Amplitudenverst\u00e4rker dient dazu, die vom Wandler erzeugte Amplitude zu vergr\u00f6\u00dfern oder zu verkleinern. Danach leitet er sie an das letzte Element der akustischen Kette weiter: die Sonotrode.<\/p>\n<p>Die Sonotrode, eine Schneidklinge aus Titan, schwingt mit hoher Frequenz. Diese Schwingungen sorgen f\u00fcr einen perfekten Schnittvorgang.[\/vc_column_text][\/vc_column_inner][vc_column_inner width=&#8220;1\/3&#8243; css=&#8220;.vc_custom_1731595001938{padding-top: 25px !important;padding-right: 25px !important;padding-bottom: 25px !important;padding-left: 25px !important;background-color: #f2f2f2 !important;border-color: #FFFFFF00 !important;}&#8220;]<div class=\"ult-content-box-container \" >\t<a class=\"ult-content-box-anchor\" href=\"https:\/\/sonimat.com\/de\/schneidemaschine-fuer-lebensmittel\/produkte\/ultraschallschneider\/\" title=\"Entdecken Sie unsere L\u00f6sung\" >\t\t<div class=\"ult-content-box\" style=\"background-color:#009DE026;box-shadow: px px px px none;padding:15px;margin-top:5px;margin-right:15px;margin-bottom:5px;margin-left:15px;-webkit-transition: all 700ms ease;-moz-transition: all 700ms ease;-ms-transition: all 700ms ease;-o-transition: all 700ms ease;transition: all 700ms ease;\"  data-hover_bg_color=\"#CD5B1B26\"  data-hover_box_shadow=\"none\"    data-normal_margins=\"margin-top:5px;margin-right:15px;margin-bottom:5px;margin-left:15px;\"   data-bg=\"#009DE026\" >[vc_single_image image=&#8220;24167&#8243; img_size=&#8220;100&#215;100&#8243; alignment=&#8220;center&#8220;][vc_column_text]<\/p>\n<p style=\"text-align: center;\">Entdecken Sie unsere Ultraschall-Schneidel\u00f6sung SONISLICE und unsere Ultraschallwerkzeuge und -komponenten.<\/p>\n<p>[\/vc_column_text]\t\t<\/div>\t<\/a><\/div>[\/vc_column_inner][\/vc_row_inner][vc_empty_space][vc_row_inner content_placement=&#8220;middle&#8220; gap=&#8220;35&#8243;][vc_column_inner width=&#8220;1\/2&#8243;][vc_column_text]Die Ultraschallschwingungen der Schneidklinge erleichtern das Schneiden der Lebensmittel, <strong>da die Klinge mit geringerem Kraftaufwand in das Material eindringt, ohne es zu zerdr\u00fccken. Das Anhaften der Produkte am Schneidwerkzeug wird vermieden.<\/strong><\/p>\n<p><strong>Auf diese Weise minimiert das Schneiden mit Ultraschall den Ausschuss und erh\u00f6ht die Produktivit\u00e4t. Es garantiert eine h\u00f6here Schnittqualit\u00e4t ohne Verunreinigungen und Verkleben.<\/strong><\/p>\n<p>Das Ultraschallverfahren eignet sich besonders zum Schneiden von weichen, tiefgek\u00fchlten oder frischen Lebensmitteln wie K\u00e4se, Fleisch, Wurstwaren, Geb\u00e4ck, S\u00fc\u00dfwaren usw. sowie f\u00fcr alle Gr\u00f6\u00dfen und Formen: Platten, St\u00fccke, Streifen, Schichten, Ringe, Bl\u00f6cke, Laibe usw.[\/vc_column_text][\/vc_column_inner][vc_column_inner width=&#8220;1\/2&#8243;][vc_video link=&#8220;https:\/\/youtu.be\/WR4UtDYyRmQ?t=5&#8243; align=&#8220;center&#8220;][\/vc_column_inner][\/vc_row_inner][vc_column_text]<\/p>\n<h3><span lang=\"DE\">DIE ULTRASCHALLTECHNOLOGIE ZUM SCHNEIDEN VON LEBENSMITTELN<\/span><\/h3>\n<ul>\n<li>Garantierte Unversehrtheit der Produkte<\/li>\n<li>Perfekte Schnittqualit\u00e4t<\/li>\n<li>Kein Anhaften der Produkte am Schneidwerkzeug<\/li>\n<li>Hochfrequente Schwingungen<\/li>\n<li>Lange Lebensdauer der Klingen<\/li>\n<li>Sonotrode aus Edelstahl oder Titan<\/li>\n<li>Verk\u00fcrzte Reinigungszeiten<\/li>\n<\/ul>\n<p>[\/vc_column_text][vc_empty_space][vc_column_text]<\/p>\n<h2 style=\"text-align: center;\">Beispiele f\u00fcr mit Ultraschall geschnittene Lebensmittel<\/h2>\n<p>[\/vc_column_text][\/vc_column][\/vc_row][vc_row][vc_column][vc_row_inner][vc_column_inner width=&#8220;1\/4&#8243;][vc_single_image image=&#8220;24153&#8243; img_size=&#8220;full&#8220; alignment=&#8220;center&#8220;][\/vc_column_inner][vc_column_inner width=&#8220;1\/4&#8243;][vc_single_image image=&#8220;24165&#8243; img_size=&#8220;full&#8220; alignment=&#8220;center&#8220;][\/vc_column_inner][vc_column_inner width=&#8220;1\/4&#8243;][vc_single_image image=&#8220;24163&#8243; img_size=&#8220;full&#8220; alignment=&#8220;center&#8220;][\/vc_column_inner][vc_column_inner width=&#8220;1\/4&#8243;][vc_single_image image=&#8220;24164&#8243; img_size=&#8220;full&#8220; alignment=&#8220;center&#8220;][\/vc_column_inner][\/vc_row_inner][vc_empty_space][\/vc_column][\/vc_row]<\/p>\n<\/div>","protected":false},"excerpt":{"rendered":"<p>[vc_row][vc_column][vc_column_text] Ultraschallschneiden von Lebensmitteln [\/vc_column_text][vc_row_inner content_placement=&#8220;top&#8220; gap=&#8220;35&#8243;][vc_column_inner width=&#8220;2\/3&#8243;][vc_column_text]SONIMAT bietet Ihnen eine innovative Ultraschalltechnologie zum Schneiden von Lebensmitteln an, die Ihnen Produktivit\u00e4tssteigerungen und eine optimale Schnittqualit\u00e4t garantiert. Ultraschall entsteht durch mechanische&hellip;<\/p>\n","protected":false},"author":1,"featured_media":24154,"parent":24155,"menu_order":0,"comment_status":"closed","ping_status":"closed","template":"","meta":{"_acf_changed":false,"footnotes":""},"class_list":["post-24152","page","type-page","status-publish","has-post-thumbnail","hentry"],"acf":[],"yoast_head":"<title>Schneidemaschine mit Ultraschall f\u00fcr Lebensmittel | SONIMAT<\/title>\n<meta name=\"description\" content=\"Entdecken Sie die Ultraschallschneidetechnologie f\u00fcr Lebensmittel. Ultraschallschneiden garantiert Ihnen Produktintegrit\u00e4t und perfekte Schnittqualit\u00e4t.\" \/>\n<meta name=\"robots\" content=\"index, follow, max-snippet:-1, max-image-preview:large, max-video-preview:-1\" \/>\n<link rel=\"canonical\" href=\"https:\/\/sonimat.com\/de\/schneidemaschine-fuer-lebensmittel\/technologies\/ultraschall-schneidemaschine-lebensmittel\/\" \/>\n<meta property=\"og:locale\" content=\"de_DE\" \/>\n<meta property=\"og:type\" content=\"article\" \/>\n<meta property=\"og:title\" content=\"Schneidemaschine mit Ultraschall f\u00fcr Lebensmittel | SONIMAT\" \/>\n<meta property=\"og:description\" content=\"Entdecken Sie die Ultraschallschneidetechnologie f\u00fcr Lebensmittel. Ultraschallschneiden garantiert Ihnen Produktintegrit\u00e4t und perfekte Schnittqualit\u00e4t.\" \/>\n<meta property=\"og:url\" content=\"https:\/\/sonimat.com\/de\/schneidemaschine-fuer-lebensmittel\/technologies\/ultraschall-schneidemaschine-lebensmittel\/\" \/>\n<meta property=\"og:site_name\" content=\"SONIMAT\" \/>\n<meta property=\"article:modified_time\" content=\"2024-11-14T14:48:23+00:00\" \/>\n<meta property=\"og:image\" content=\"https:\/\/sonimat.com\/wp-content\/uploads\/sites\/9\/2019\/03\/tranchage-ultrasons-alimentaire.jpg\" \/>\n\t<meta property=\"og:image:width\" content=\"2000\" \/>\n\t<meta property=\"og:image:height\" content=\"1000\" \/>\n\t<meta property=\"og:image:type\" content=\"image\/jpeg\" \/>\n<meta name=\"twitter:card\" content=\"summary_large_image\" \/>\n<meta name=\"twitter:site\" content=\"@EuropeTechno\" \/>\n<meta name=\"twitter:label1\" content=\"Gesch\u00e4tzte Lesezeit\" \/>\n\t<meta name=\"twitter:data1\" content=\"3\u00a0Minuten\" \/>\n<script type=\"application\/ld+json\" class=\"yoast-schema-graph\">{\"@context\":\"https:\\\/\\\/schema.org\",\"@graph\":[{\"@type\":\"WebPage\",\"@id\":\"https:\\\/\\\/sonimat.com\\\/de\\\/schneidemaschine-fuer-lebensmittel\\\/technologies\\\/ultraschall-schneidemaschine-lebensmittel\\\/\",\"url\":\"https:\\\/\\\/sonimat.com\\\/de\\\/schneidemaschine-fuer-lebensmittel\\\/technologies\\\/ultraschall-schneidemaschine-lebensmittel\\\/\",\"name\":\"Schneidemaschine mit Ultraschall f\u00fcr Lebensmittel | SONIMAT\",\"isPartOf\":{\"@id\":\"https:\\\/\\\/sonimat.com\\\/#website\"},\"primaryImageOfPage\":{\"@id\":\"https:\\\/\\\/sonimat.com\\\/de\\\/schneidemaschine-fuer-lebensmittel\\\/technologies\\\/ultraschall-schneidemaschine-lebensmittel\\\/#primaryimage\"},\"image\":{\"@id\":\"https:\\\/\\\/sonimat.com\\\/de\\\/schneidemaschine-fuer-lebensmittel\\\/technologies\\\/ultraschall-schneidemaschine-lebensmittel\\\/#primaryimage\"},\"thumbnailUrl\":\"https:\\\/\\\/sonimat.com\\\/wp-content\\\/uploads\\\/sites\\\/9\\\/2019\\\/03\\\/tranchage-ultrasons-alimentaire.jpg\",\"datePublished\":\"2018-10-15T11:28:01+00:00\",\"dateModified\":\"2024-11-14T14:48:23+00:00\",\"description\":\"Entdecken Sie die Ultraschallschneidetechnologie f\u00fcr Lebensmittel. Ultraschallschneiden garantiert Ihnen Produktintegrit\u00e4t und perfekte Schnittqualit\u00e4t.\",\"breadcrumb\":{\"@id\":\"https:\\\/\\\/sonimat.com\\\/de\\\/schneidemaschine-fuer-lebensmittel\\\/technologies\\\/ultraschall-schneidemaschine-lebensmittel\\\/#breadcrumb\"},\"inLanguage\":\"de\",\"potentialAction\":[{\"@type\":\"ReadAction\",\"target\":[\"https:\\\/\\\/sonimat.com\\\/de\\\/schneidemaschine-fuer-lebensmittel\\\/technologies\\\/ultraschall-schneidemaschine-lebensmittel\\\/\"]}]},{\"@type\":\"ImageObject\",\"inLanguage\":\"de\",\"@id\":\"https:\\\/\\\/sonimat.com\\\/de\\\/schneidemaschine-fuer-lebensmittel\\\/technologies\\\/ultraschall-schneidemaschine-lebensmittel\\\/#primaryimage\",\"url\":\"https:\\\/\\\/sonimat.com\\\/wp-content\\\/uploads\\\/sites\\\/9\\\/2019\\\/03\\\/tranchage-ultrasons-alimentaire.jpg\",\"contentUrl\":\"https:\\\/\\\/sonimat.com\\\/wp-content\\\/uploads\\\/sites\\\/9\\\/2019\\\/03\\\/tranchage-ultrasons-alimentaire.jpg\",\"width\":2000,\"height\":1000,\"caption\":\"Technologie de tranchage par ultrasons alimentaire\"},{\"@type\":\"BreadcrumbList\",\"@id\":\"https:\\\/\\\/sonimat.com\\\/de\\\/schneidemaschine-fuer-lebensmittel\\\/technologies\\\/ultraschall-schneidemaschine-lebensmittel\\\/#breadcrumb\",\"itemListElement\":[{\"@type\":\"ListItem\",\"position\":1,\"name\":\"Accueil\",\"item\":\"https:\\\/\\\/sonimat.com\\\/de\\\/\"},{\"@type\":\"ListItem\",\"position\":2,\"name\":\"Lebensmittelindustrie\",\"item\":\"https:\\\/\\\/sonimat.com\\\/de\\\/schneidemaschine-fuer-lebensmittel\\\/\"},{\"@type\":\"ListItem\",\"position\":3,\"name\":\"Technologies\",\"item\":\"https:\\\/\\\/sonimat.com\\\/de\\\/schneidemaschine-fuer-lebensmittel\\\/technologies\\\/\"},{\"@type\":\"ListItem\",\"position\":4,\"name\":\"Tranchieren mit Ultraschall\"}]},{\"@type\":\"WebSite\",\"@id\":\"https:\\\/\\\/sonimat.com\\\/#website\",\"url\":\"https:\\\/\\\/sonimat.com\\\/\",\"name\":\"SONIMAT\",\"description\":\"\",\"potentialAction\":[{\"@type\":\"SearchAction\",\"target\":{\"@type\":\"EntryPoint\",\"urlTemplate\":\"https:\\\/\\\/sonimat.com\\\/?s={search_term_string}\"},\"query-input\":{\"@type\":\"PropertyValueSpecification\",\"valueRequired\":true,\"valueName\":\"search_term_string\"}}],\"inLanguage\":\"de\"}]}<\/script>","yoast_head_json":{"title":"Schneidemaschine mit Ultraschall f\u00fcr Lebensmittel | SONIMAT","description":"Entdecken Sie die Ultraschallschneidetechnologie f\u00fcr Lebensmittel. Ultraschallschneiden garantiert Ihnen Produktintegrit\u00e4t und perfekte Schnittqualit\u00e4t.","robots":{"index":"index","follow":"follow","max-snippet":"max-snippet:-1","max-image-preview":"max-image-preview:large","max-video-preview":"max-video-preview:-1"},"canonical":"https:\/\/sonimat.com\/de\/schneidemaschine-fuer-lebensmittel\/technologies\/ultraschall-schneidemaschine-lebensmittel\/","og_locale":"de_DE","og_type":"article","og_title":"Schneidemaschine mit Ultraschall f\u00fcr Lebensmittel | SONIMAT","og_description":"Entdecken Sie die Ultraschallschneidetechnologie f\u00fcr Lebensmittel. Ultraschallschneiden garantiert Ihnen Produktintegrit\u00e4t und perfekte Schnittqualit\u00e4t.","og_url":"https:\/\/sonimat.com\/de\/schneidemaschine-fuer-lebensmittel\/technologies\/ultraschall-schneidemaschine-lebensmittel\/","og_site_name":"SONIMAT","article_modified_time":"2024-11-14T14:48:23+00:00","og_image":[{"width":2000,"height":1000,"url":"https:\/\/sonimat.com\/wp-content\/uploads\/sites\/9\/2019\/03\/tranchage-ultrasons-alimentaire.jpg","type":"image\/jpeg"}],"twitter_card":"summary_large_image","twitter_site":"@EuropeTechno","twitter_misc":{"Gesch\u00e4tzte Lesezeit":"3\u00a0Minuten"},"schema":{"@context":"https:\/\/schema.org","@graph":[{"@type":"WebPage","@id":"https:\/\/sonimat.com\/de\/schneidemaschine-fuer-lebensmittel\/technologies\/ultraschall-schneidemaschine-lebensmittel\/","url":"https:\/\/sonimat.com\/de\/schneidemaschine-fuer-lebensmittel\/technologies\/ultraschall-schneidemaschine-lebensmittel\/","name":"Schneidemaschine mit Ultraschall f\u00fcr Lebensmittel | SONIMAT","isPartOf":{"@id":"https:\/\/sonimat.com\/#website"},"primaryImageOfPage":{"@id":"https:\/\/sonimat.com\/de\/schneidemaschine-fuer-lebensmittel\/technologies\/ultraschall-schneidemaschine-lebensmittel\/#primaryimage"},"image":{"@id":"https:\/\/sonimat.com\/de\/schneidemaschine-fuer-lebensmittel\/technologies\/ultraschall-schneidemaschine-lebensmittel\/#primaryimage"},"thumbnailUrl":"https:\/\/sonimat.com\/wp-content\/uploads\/sites\/9\/2019\/03\/tranchage-ultrasons-alimentaire.jpg","datePublished":"2018-10-15T11:28:01+00:00","dateModified":"2024-11-14T14:48:23+00:00","description":"Entdecken Sie die Ultraschallschneidetechnologie f\u00fcr Lebensmittel. Ultraschallschneiden garantiert Ihnen Produktintegrit\u00e4t und perfekte Schnittqualit\u00e4t.","breadcrumb":{"@id":"https:\/\/sonimat.com\/de\/schneidemaschine-fuer-lebensmittel\/technologies\/ultraschall-schneidemaschine-lebensmittel\/#breadcrumb"},"inLanguage":"de","potentialAction":[{"@type":"ReadAction","target":["https:\/\/sonimat.com\/de\/schneidemaschine-fuer-lebensmittel\/technologies\/ultraschall-schneidemaschine-lebensmittel\/"]}]},{"@type":"ImageObject","inLanguage":"de","@id":"https:\/\/sonimat.com\/de\/schneidemaschine-fuer-lebensmittel\/technologies\/ultraschall-schneidemaschine-lebensmittel\/#primaryimage","url":"https:\/\/sonimat.com\/wp-content\/uploads\/sites\/9\/2019\/03\/tranchage-ultrasons-alimentaire.jpg","contentUrl":"https:\/\/sonimat.com\/wp-content\/uploads\/sites\/9\/2019\/03\/tranchage-ultrasons-alimentaire.jpg","width":2000,"height":1000,"caption":"Technologie de tranchage par ultrasons alimentaire"},{"@type":"BreadcrumbList","@id":"https:\/\/sonimat.com\/de\/schneidemaschine-fuer-lebensmittel\/technologies\/ultraschall-schneidemaschine-lebensmittel\/#breadcrumb","itemListElement":[{"@type":"ListItem","position":1,"name":"Accueil","item":"https:\/\/sonimat.com\/de\/"},{"@type":"ListItem","position":2,"name":"Lebensmittelindustrie","item":"https:\/\/sonimat.com\/de\/schneidemaschine-fuer-lebensmittel\/"},{"@type":"ListItem","position":3,"name":"Technologies","item":"https:\/\/sonimat.com\/de\/schneidemaschine-fuer-lebensmittel\/technologies\/"},{"@type":"ListItem","position":4,"name":"Tranchieren mit Ultraschall"}]},{"@type":"WebSite","@id":"https:\/\/sonimat.com\/#website","url":"https:\/\/sonimat.com\/","name":"SONIMAT","description":"","potentialAction":[{"@type":"SearchAction","target":{"@type":"EntryPoint","urlTemplate":"https:\/\/sonimat.com\/?s={search_term_string}"},"query-input":{"@type":"PropertyValueSpecification","valueRequired":true,"valueName":"search_term_string"}}],"inLanguage":"de"}]}},"_links":{"self":[{"href":"https:\/\/sonimat.com\/de\/wp-json\/wp\/v2\/pages\/24152","targetHints":{"allow":["GET"]}}],"collection":[{"href":"https:\/\/sonimat.com\/de\/wp-json\/wp\/v2\/pages"}],"about":[{"href":"https:\/\/sonimat.com\/de\/wp-json\/wp\/v2\/types\/page"}],"author":[{"embeddable":true,"href":"https:\/\/sonimat.com\/de\/wp-json\/wp\/v2\/users\/1"}],"replies":[{"embeddable":true,"href":"https:\/\/sonimat.com\/de\/wp-json\/wp\/v2\/comments?post=24152"}],"version-history":[{"count":15,"href":"https:\/\/sonimat.com\/de\/wp-json\/wp\/v2\/pages\/24152\/revisions"}],"predecessor-version":[{"id":29893,"href":"https:\/\/sonimat.com\/de\/wp-json\/wp\/v2\/pages\/24152\/revisions\/29893"}],"up":[{"embeddable":true,"href":"https:\/\/sonimat.com\/de\/wp-json\/wp\/v2\/pages\/24155"}],"wp:featuredmedia":[{"embeddable":true,"href":"https:\/\/sonimat.com\/de\/wp-json\/wp\/v2\/media\/24154"}],"wp:attachment":[{"href":"https:\/\/sonimat.com\/de\/wp-json\/wp\/v2\/media?parent=24152"}],"curies":[{"name":"wp","href":"https:\/\/api.w.org\/{rel}","templated":true}]}}