{"id":24133,"date":"2018-10-15T13:36:35","date_gmt":"2018-10-15T11:36:35","guid":{"rendered":"https:\/\/sonimat.com\/soudure-et-decoupe-textile\/produits\/module-de-soudage-textile-tisse-intisse\/"},"modified":"2024-12-10T15:36:30","modified_gmt":"2024-12-10T14:36:30","slug":"vliesstoffen-verschweissen","status":"publish","type":"page","link":"https:\/\/sonimat.com\/de\/textilien-schweissen-schneiden\/produkte\/vliesstoffen-verschweissen\/","title":{"rendered":"Ultraschallmodule f\u00fcr Geweben und Vliesstoffen verschweissen"},"content":{"rendered":"<div class=\"wpb-content-wrapper\"><p>[vc_row][vc_column][vc_column_text]<\/p>\n<h2><span lang=\"DE\">SONIROLL \u2013 Ultraschallschwei\u00dfmodule f\u00fcr Textilien<\/span><\/h2>\n<p>[\/vc_column_text][\/vc_column][\/vc_row][vc_row][vc_column width=&#8220;2\/3&#8243;][vc_column_text css=&#8220;&#8220;]<\/p>\n<div class=\"wpb_column vc_column_container vc_col-sm-8\">\n<div class=\"vc_column-inner \">\n<div class=\"wpb_wrapper\">\n<div class=\"wpb_text_column wpb_content_element\">\n<div class=\"wpb_wrapper\">\n<h3>SONIROLL: ULTRASCHALLVERSCHWEI\u1e9eEN VON GEWEBEN UND VLIESSTOFFEN<\/h3>\n<ul>\n<li>Kleben, Schneiden, Laminieren, Pr\u00e4gen, Perforieren, N\u00e4hen von Geweben und Vliesstoffen<\/li>\n<li>Schneiden und Schwei\u00dfen mit hoher Geschwindigkeit<\/li>\n<li>Automatisierte L\u00f6sung<\/li>\n<li>Gleichzeitiges Schneiden und Schwei\u00dfen m\u00f6glich<\/li>\n<li>Umweltfreundliches Verfahren (keine Verbrauchsmaterialien, geringer Energieverbrauch)<\/li>\n<\/ul>\n<\/div>\n<\/div>\n<\/div>\n<\/div>\n<\/div>\n<p>[\/vc_column_text][\/vc_column][vc_column width=&#8220;1\/3&#8243;]<div class=\"ult-content-box-container \" >\t<a class=\"ult-content-box-anchor\" href=\"https:\/\/sonimat.com\/telechargements\/\" >\t\t<div class=\"ult-content-box\" style=\"background-color:rgba(0,157,224,0.15);box-shadow: px px px px none;padding:15px;margin-top:15px;margin-right:5px;margin-bottom:15px;margin-left:5px;-webkit-transition: all 700ms ease;-moz-transition: all 700ms ease;-ms-transition: all 700ms ease;-o-transition: all 700ms ease;transition: all 700ms ease;\"  data-hover_bg_color=\"rgba(205,91,27,0.15)\"  data-hover_box_shadow=\"none\"    data-normal_margins=\"margin-top:15px;margin-right:5px;margin-bottom:15px;margin-left:5px;\"   data-bg=\"rgba(0,157,224,0.15)\" >[vc_single_image image=&#8220;24144&#8243; img_size=&#8220;150&#215;212&#8243; alignment=&#8220;center&#8220;][vc_column_text css=&#8220;&#8220;]<\/p>\n<p style=\"text-align: center;\"><strong>Downloaden Sie unsere Brosch\u00fcren, um mehr \u00fcber das Ultraschallschwei\u00dfen in der Medizinindustrie zu erfahren.<\/strong><\/p>\n<p style=\"text-align: center;\"><span style=\"font-size: 0.8em;\">Abschnitt &#8222;Fabrics&#8220;, Broch\u00fcre 1 &#8211; &#8222;Breathing masks &#8211; Ultrasonic welding and cutting&#8220; (in english)<\/span><\/p>\n<p>[\/vc_column_text][vc_btn title=&#8220;Ich downloade!&#8220; style=&#8220;custom&#8220; custom_background=&#8220;#cd5b1b&#8220; custom_text=&#8220;#ffffff&#8220; align=&#8220;center&#8220; i_icon_fontawesome=&#8220;fas fa-file-download&#8220; css=&#8220;&#8220; add_icon=&#8220;true&#8220; link=&#8220;url:https%3A%2F%2Fsonimat.com%2Fen%2Fdownloads%2F&#8220;]\t\t<\/div>\t<\/a><\/div>[vc_images_carousel images=&#8220;24143,24142,24141&#8243; img_size=&#8220;full&#8220; speed=&#8220;3000&#8243; autoplay=&#8220;yes&#8220; hide_pagination_control=&#8220;yes&#8220; hide_prev_next_buttons=&#8220;yes&#8220; partial_view=&#8220;yes&#8220; wrap=&#8220;yes&#8220;][\/vc_column][\/vc_row][vc_row][vc_column][vc_empty_space height=&#8220;60px&#8220;][vc_tta_tabs alignment=&#8220;center&#8220; active_section=&#8220;1&#8243;][vc_tta_section title=&#8220;Merkamle und Vorteile&#8220; tab_id=&#8220;1581604028840-f68759a1-3ceb&#8220;][vc_row_inner content_placement=&#8220;middle&#8220; gap=&#8220;4&#8243;][vc_column_inner width=&#8220;1\/2&#8243;][vc_single_image image=&#8220;24140&#8243; img_size=&#8220;full&#8220; alignment=&#8220;center&#8220;][\/vc_column_inner][vc_column_inner width=&#8220;1\/2&#8243;][vc_column_text]<\/p>\n<h5><span style=\"color: #000080;\">Merkmale der Technologie SONIROLL<\/span><\/h5>\n<ul>\n<li>Einstellbare Schlie\u00dfkraft von 200 bis 2000 N<\/li>\n<li>Stromversorgung 230\u00a0V 50\u00a0Hz 10\u00a0A<\/li>\n<li>K\u00fchlung mit Druckluft<\/li>\n<li>HMI mit 5- oder 8-Zoll-Farbtouchscreen (Option)<\/li>\n<li>Produktionsdaten (\u00dcbertragung mit Ethernet-Kabel)<\/li>\n<\/ul>\n<p>[\/vc_column_text][vc_column_text]<\/p>\n<h5><span style=\"color: #000080;\">Vorteile des Schwei\u00dfmoduls f\u00fcr Textilien:<\/span><\/h5>\n<ul>\n<li>Mehrpunktschwei\u00dfen<\/li>\n<li>Verschwei\u00dfen mehrerer Lagen mit unterschiedlicher Zusammensetzung und Konsistenz m\u00f6glich (Laminieren)<\/li>\n<li>Konfigurierung und Speicherung Ihrer Parameter in der HMI<\/li>\n<li>Schnelle, digitale Ultraschallsteuerung<\/li>\n<li>Digitaler Generator<\/li>\n<li>Vereinfachte Integration in eine Maschine<\/li>\n<li>Hergestellt in Frankreich<\/li>\n<\/ul>\n<p>[\/vc_column_text][\/vc_column_inner][\/vc_row_inner][\/vc_tta_section][vc_tta_section title=&#8220;GEWEBE UND VLIESSTOFFE&#8220; tab_id=&#8220;1581604234862-ca61e82a-cb15&#8243;][vc_row_inner][vc_column_inner width=&#8220;1\/3&#8243;][vc_column_text]<\/p>\n<h5><span style=\"color: #000080;\">Gewebe:<\/span><\/h5>\n<ul>\n<li>Gurte<\/li>\n<li>Hosentr\u00e4ger<\/li>\n<li>Armb\u00e4nder<\/li>\n<li>G\u00fcrtel<\/li>\n<li>Schleier<\/li>\n<li>Technische Kleidung usw.<\/li>\n<\/ul>\n<p>[\/vc_column_text][\/vc_column_inner][vc_column_inner width=&#8220;1\/3&#8243;][vc_column_text]<\/p>\n<h5><span style=\"color: #000080;\">Vliesstoffe:<\/span><\/h5>\n<ul>\n<li>Babywindeln<\/li>\n<li>Hygieneartikel f\u00fcr Erwachsene<\/li>\n<li>Hygieneartikel f\u00fcr Damen<\/li>\n<li>Kosmetikartikel<\/li>\n<li>Medizinprodukte (OP-Masken, FFP2-Masken usw.)<\/li>\n<li>Trockenmittelbeutel \/ Feuchtigkeitsabsorber<\/li>\n<li>Filter usw.<\/li>\n<\/ul>\n<p>[\/vc_column_text][\/vc_column_inner][vc_column_inner width=&#8220;1\/3&#8243;][vc_single_image image=&#8220;24138&#8243; img_size=&#8220;full&#8220; alignment=&#8220;center&#8220;][\/vc_column_inner][\/vc_row_inner][\/vc_tta_section][vc_tta_section title=&#8220;VORTEILE F\u00dcR IHRE PRODUKTE&#8220; tab_id=&#8220;1581604418781-929bb4fb-5847&#8243;][vc_row_inner][vc_column_inner width=&#8220;1\/4&#8243;][vc_icon icon_fontawesome=&#8220;fa fa-line-chart&#8220; color=&#8220;custom&#8220; background_style=&#8220;rounded-outline&#8220; background_color=&#8220;custom&#8220; size=&#8220;lg&#8220; align=&#8220;center&#8220; custom_color=&#8220;#2f3787&#8243; custom_background_color=&#8220;#2f3787&#8243;][vc_column_text]<\/p>\n<p style=\"text-align: center;\">Bessere Haftung der Lagen durch gleichm\u00e4\u00dfige Schwei\u00dfpunkte<\/p>\n<p>[\/vc_column_text][\/vc_column_inner][vc_column_inner width=&#8220;1\/4&#8243;][vc_icon icon_fontawesome=&#8220;fa fa-envira&#8220; color=&#8220;custom&#8220; background_style=&#8220;rounded-outline&#8220; background_color=&#8220;custom&#8220; size=&#8220;lg&#8220; align=&#8220;center&#8220; custom_color=&#8220;#2f3787&#8243; custom_background_color=&#8220;#2f3787&#8243;][vc_column_text]<\/p>\n<p style=\"text-align: center;\">Umweltfreundliche, klebstofffreie Technologie<\/p>\n<p>[\/vc_column_text][\/vc_column_inner][vc_column_inner width=&#8220;1\/4&#8243;][vc_icon icon_fontawesome=&#8220;fa fa-crosshairs&#8220; color=&#8220;custom&#8220; background_style=&#8220;rounded-outline&#8220; background_color=&#8220;custom&#8220; size=&#8220;lg&#8220; align=&#8220;center&#8220; custom_color=&#8220;#2f3787&#8243; custom_background_color=&#8220;#2f3787&#8243;][vc_column_text]<\/p>\n<p style=\"text-align: center;\">Hohe Pr\u00e4zision und Schwei\u00dfqualit\u00e4t<\/p>\n<p>[\/vc_column_text][\/vc_column_inner][vc_column_inner width=&#8220;1\/4&#8243;][vc_icon icon_fontawesome=&#8220;fa fa-shield&#8220; color=&#8220;custom&#8220; background_style=&#8220;rounded-outline&#8220; background_color=&#8220;custom&#8220; size=&#8220;lg&#8220; align=&#8220;center&#8220; custom_color=&#8220;#2f3787&#8243; custom_background_color=&#8220;#2f3787&#8243;][vc_column_text]<\/p>\n<p style=\"text-align: center;\">Geringeres Risiko von allergischen Hautreizungen, da zum Ultraschallschwei\u00dfen keine chemischen Bindemittel ben\u00f6tigt werden<\/p>\n<p>[\/vc_column_text][\/vc_column_inner][\/vc_row_inner][\/vc_tta_section][\/vc_tta_tabs][vc_empty_space][\/vc_column][\/vc_row][vc_row][vc_column][vc_empty_space][vc_column_text css=&#8220;&#8220;]<\/p>\n<h2 style=\"text-align: center;\"><span lang=\"DE\">Anwendungsbeispiele f\u00fcr das Ultraschallverschwei\u00dfen von gewebten Textilien und Vliesstoffen<\/span><\/h2>\n<p>[\/vc_column_text][\/vc_column][\/vc_row][vc_row el_class=&#8220;block-half-col&#8220;][vc_column][vc_row_inner content_placement=&#8220;middle&#8220;][vc_column_inner width=&#8220;1\/2&#8243;][vc_column_text]<\/p>\n<h3>ULTRASCHALLSCHWEI\u1e9eEN VON ATEMMASKEN<\/h3>\n<p>Mit der SONIROLL Schwei\u00dftechnik k\u00f6nnen s\u00e4mtliche Nahtstellen einer Maske verschlossen werden, um eine vorschriftsm\u00e4\u00dfige Filterwirkung zu erreichen. Unsere L\u00f6sungen werden zur Herstellung von Atemmasken, Schutzmasken, OP- und FFP2-Masken eingesetzt.[\/vc_column_text][\/vc_column_inner][vc_column_inner width=&#8220;1\/2&#8243;][vc_single_image image=&#8220;24093&#8243; img_size=&#8220;585&#215;520&#8243; alignment=&#8220;center&#8220; css=&#8220;&#8220; el_class=&#8220;range-alternance&#8220;][\/vc_column_inner][\/vc_row_inner][vc_row_inner content_placement=&#8220;middle&#8220;][vc_column_inner width=&#8220;1\/2&#8243;][vc_single_image image=&#8220;24134&#8243; img_size=&#8220;585&#215;520&#8243; alignment=&#8220;center&#8220; css=&#8220;&#8220;][\/vc_column_inner][vc_column_inner width=&#8220;1\/2&#8243;][vc_column_text]<\/p>\n<h3>KONTINUIERLICHES ULTRASCHALLSCHWEI\u1e9eEN VON WINDELN<\/h3>\n<p>Integration des SONIROLL Moduls zum Schwei\u00dfen von Windeln (f\u00fcr Babys und Erwachsene), um deren Dichtheit zu gew\u00e4hrleisten.[\/vc_column_text][\/vc_column_inner][\/vc_row_inner][vc_row_inner content_placement=&#8220;middle&#8220;][vc_column_inner width=&#8220;1\/2&#8243;][vc_column_text]<\/p>\n<h3>KONTINUIERLICHES ULTRASCHALLSCHWEI\u1e9eEN VON OP-MASKEN<\/h3>\n<p>Einsatz des SONIROLL Textilschwei\u00dfmoduls zum Schwei\u00dfen von OP-Masken, um eine vorschriftsm\u00e4\u00dfige Filterung zu gew\u00e4hrleisten.[\/vc_column_text][\/vc_column_inner][vc_column_inner width=&#8220;1\/2&#8243;][vc_single_image image=&#8220;24137&#8243; img_size=&#8220;585&#215;520&#8243; alignment=&#8220;center&#8220; css=&#8220;&#8220; el_class=&#8220;range-alternance&#8220;][\/vc_column_inner][\/vc_row_inner][vc_empty_space][vc_btn title=&#8220;Downloaden Sie unsere Brosch\u00fcren, um mehr \u00fcber das Ultraschallschwei\u00dfen in der Medizinindustrie zu erfahren&#8220; style=&#8220;custom&#8220; custom_background=&#8220;#cd5b1b&#8220; custom_text=&#8220;#ffffff&#8220; size=&#8220;lg&#8220; align=&#8220;center&#8220; i_icon_fontawesome=&#8220;fas fa-download&#8220; css_animation=&#8220;appear&#8220; css=&#8220;&#8220; button_block=&#8220;true&#8220; add_icon=&#8220;true&#8220; link=&#8220;url:https%3A%2F%2Fsonimat.com%2Fen%2Fdownloads%2F|title:Download%20our%20brochure%20%20!|target:_blank&#8220;][vc_empty_space][\/vc_column][\/vc_row]<\/p>\n<\/div>","protected":false},"excerpt":{"rendered":"<p>[vc_row][vc_column][vc_column_text] SONIROLL \u2013 Ultraschallschwei\u00dfmodule f\u00fcr Textilien [\/vc_column_text][\/vc_column][\/vc_row][vc_row][vc_column width=&#8220;2\/3&#8243;][vc_column_text css=&#8220;&#8220;] SONIROLL: ULTRASCHALLVERSCHWEI\u1e9eEN VON GEWEBEN UND VLIESSTOFFEN Kleben, Schneiden, Laminieren, Pr\u00e4gen, Perforieren, N\u00e4hen von Geweben und Vliesstoffen Schneiden und Schwei\u00dfen mit hoher&hellip;<\/p>\n","protected":false},"author":1,"featured_media":24135,"parent":23122,"menu_order":0,"comment_status":"closed","ping_status":"closed","template":"","meta":{"_acf_changed":false,"footnotes":""},"class_list":["post-24133","page","type-page","status-publish","has-post-thumbnail","hentry"],"acf":[],"yoast_head":"<title>Geweben und Vliesstoffen Verschweissen mit Ultraschall | SONIMAT<\/title>\n<meta name=\"description\" content=\"Das SONIROLL-Textilschwei\u00dfmodul findet seine Anwendung beim Verschwei\u00dfen von gewebten Textilien und Vliesstoffen. Entdecken Sie seine Vorteile!\" \/>\n<meta name=\"robots\" content=\"index, follow, max-snippet:-1, max-image-preview:large, max-video-preview:-1\" \/>\n<link rel=\"canonical\" href=\"https:\/\/sonimat.com\/de\/textilien-schweissen-schneiden\/produkte\/vliesstoffen-verschweissen\/\" \/>\n<meta property=\"og:locale\" content=\"de_DE\" \/>\n<meta property=\"og:type\" content=\"article\" \/>\n<meta property=\"og:title\" content=\"Geweben und Vliesstoffen Verschweissen mit Ultraschall | SONIMAT\" \/>\n<meta property=\"og:description\" content=\"Das SONIROLL-Textilschwei\u00dfmodul findet seine Anwendung beim Verschwei\u00dfen von gewebten Textilien und Vliesstoffen. Entdecken Sie seine Vorteile!\" \/>\n<meta property=\"og:url\" content=\"https:\/\/sonimat.com\/de\/textilien-schweissen-schneiden\/produkte\/vliesstoffen-verschweissen\/\" \/>\n<meta property=\"og:site_name\" content=\"SONIMAT\" \/>\n<meta property=\"article:modified_time\" content=\"2024-12-10T14:36:30+00:00\" \/>\n<meta property=\"og:image\" content=\"https:\/\/sonimat.com\/wp-content\/uploads\/sites\/9\/2021\/01\/facemask-ultrasonic-welding-system-for-fabrics-sonimat.jpg\" \/>\n\t<meta property=\"og:image:width\" content=\"2000\" \/>\n\t<meta property=\"og:image:height\" content=\"900\" \/>\n\t<meta property=\"og:image:type\" content=\"image\/jpeg\" \/>\n<meta name=\"twitter:card\" content=\"summary_large_image\" \/>\n<meta name=\"twitter:site\" content=\"@EuropeTechno\" \/>\n<meta name=\"twitter:label1\" content=\"Gesch\u00e4tzte Lesezeit\" \/>\n\t<meta name=\"twitter:data1\" content=\"5\u00a0Minuten\" \/>\n<script type=\"application\/ld+json\" class=\"yoast-schema-graph\">{\"@context\":\"https:\\\/\\\/schema.org\",\"@graph\":[{\"@type\":\"WebPage\",\"@id\":\"https:\\\/\\\/sonimat.com\\\/de\\\/textilien-schweissen-schneiden\\\/produkte\\\/vliesstoffen-verschweissen\\\/\",\"url\":\"https:\\\/\\\/sonimat.com\\\/de\\\/textilien-schweissen-schneiden\\\/produkte\\\/vliesstoffen-verschweissen\\\/\",\"name\":\"Geweben und Vliesstoffen Verschweissen mit Ultraschall | SONIMAT\",\"isPartOf\":{\"@id\":\"https:\\\/\\\/sonimat.com\\\/#website\"},\"primaryImageOfPage\":{\"@id\":\"https:\\\/\\\/sonimat.com\\\/de\\\/textilien-schweissen-schneiden\\\/produkte\\\/vliesstoffen-verschweissen\\\/#primaryimage\"},\"image\":{\"@id\":\"https:\\\/\\\/sonimat.com\\\/de\\\/textilien-schweissen-schneiden\\\/produkte\\\/vliesstoffen-verschweissen\\\/#primaryimage\"},\"thumbnailUrl\":\"https:\\\/\\\/sonimat.com\\\/wp-content\\\/uploads\\\/sites\\\/9\\\/2021\\\/01\\\/facemask-ultrasonic-welding-system-for-fabrics-sonimat.jpg\",\"datePublished\":\"2018-10-15T11:36:35+00:00\",\"dateModified\":\"2024-12-10T14:36:30+00:00\",\"description\":\"Das SONIROLL-Textilschwei\u00dfmodul findet seine Anwendung beim Verschwei\u00dfen von gewebten Textilien und Vliesstoffen. Entdecken Sie seine Vorteile!\",\"breadcrumb\":{\"@id\":\"https:\\\/\\\/sonimat.com\\\/de\\\/textilien-schweissen-schneiden\\\/produkte\\\/vliesstoffen-verschweissen\\\/#breadcrumb\"},\"inLanguage\":\"de\",\"potentialAction\":[{\"@type\":\"ReadAction\",\"target\":[\"https:\\\/\\\/sonimat.com\\\/de\\\/textilien-schweissen-schneiden\\\/produkte\\\/vliesstoffen-verschweissen\\\/\"]}]},{\"@type\":\"ImageObject\",\"inLanguage\":\"de\",\"@id\":\"https:\\\/\\\/sonimat.com\\\/de\\\/textilien-schweissen-schneiden\\\/produkte\\\/vliesstoffen-verschweissen\\\/#primaryimage\",\"url\":\"https:\\\/\\\/sonimat.com\\\/wp-content\\\/uploads\\\/sites\\\/9\\\/2021\\\/01\\\/facemask-ultrasonic-welding-system-for-fabrics-sonimat.jpg\",\"contentUrl\":\"https:\\\/\\\/sonimat.com\\\/wp-content\\\/uploads\\\/sites\\\/9\\\/2021\\\/01\\\/facemask-ultrasonic-welding-system-for-fabrics-sonimat.jpg\",\"width\":2000,\"height\":900,\"caption\":\"facemask - ultrasonic welding system for fabrics - sonimat\"},{\"@type\":\"BreadcrumbList\",\"@id\":\"https:\\\/\\\/sonimat.com\\\/de\\\/textilien-schweissen-schneiden\\\/produkte\\\/vliesstoffen-verschweissen\\\/#breadcrumb\",\"itemListElement\":[{\"@type\":\"ListItem\",\"position\":1,\"name\":\"Accueil\",\"item\":\"https:\\\/\\\/sonimat.com\\\/de\\\/\"},{\"@type\":\"ListItem\",\"position\":2,\"name\":\"Textilien\",\"item\":\"https:\\\/\\\/sonimat.com\\\/de\\\/textilien-schweissen-schneiden\\\/\"},{\"@type\":\"ListItem\",\"position\":3,\"name\":\"Produkte\",\"item\":\"https:\\\/\\\/sonimat.com\\\/de\\\/textilien-schweissen-schneiden\\\/produkte\\\/\"},{\"@type\":\"ListItem\",\"position\":4,\"name\":\"Ultraschallmodule f\u00fcr Geweben und Vliesstoffen verschweissen\"}]},{\"@type\":\"WebSite\",\"@id\":\"https:\\\/\\\/sonimat.com\\\/#website\",\"url\":\"https:\\\/\\\/sonimat.com\\\/\",\"name\":\"SONIMAT\",\"description\":\"\",\"potentialAction\":[{\"@type\":\"SearchAction\",\"target\":{\"@type\":\"EntryPoint\",\"urlTemplate\":\"https:\\\/\\\/sonimat.com\\\/?s={search_term_string}\"},\"query-input\":{\"@type\":\"PropertyValueSpecification\",\"valueRequired\":true,\"valueName\":\"search_term_string\"}}],\"inLanguage\":\"de\"}]}<\/script>","yoast_head_json":{"title":"Geweben und Vliesstoffen Verschweissen mit Ultraschall | SONIMAT","description":"Das SONIROLL-Textilschwei\u00dfmodul findet seine Anwendung beim Verschwei\u00dfen von gewebten Textilien und Vliesstoffen. Entdecken Sie seine Vorteile!","robots":{"index":"index","follow":"follow","max-snippet":"max-snippet:-1","max-image-preview":"max-image-preview:large","max-video-preview":"max-video-preview:-1"},"canonical":"https:\/\/sonimat.com\/de\/textilien-schweissen-schneiden\/produkte\/vliesstoffen-verschweissen\/","og_locale":"de_DE","og_type":"article","og_title":"Geweben und Vliesstoffen Verschweissen mit Ultraschall | SONIMAT","og_description":"Das SONIROLL-Textilschwei\u00dfmodul findet seine Anwendung beim Verschwei\u00dfen von gewebten Textilien und Vliesstoffen. Entdecken Sie seine Vorteile!","og_url":"https:\/\/sonimat.com\/de\/textilien-schweissen-schneiden\/produkte\/vliesstoffen-verschweissen\/","og_site_name":"SONIMAT","article_modified_time":"2024-12-10T14:36:30+00:00","og_image":[{"width":2000,"height":900,"url":"https:\/\/sonimat.com\/wp-content\/uploads\/sites\/9\/2021\/01\/facemask-ultrasonic-welding-system-for-fabrics-sonimat.jpg","type":"image\/jpeg"}],"twitter_card":"summary_large_image","twitter_site":"@EuropeTechno","twitter_misc":{"Gesch\u00e4tzte Lesezeit":"5\u00a0Minuten"},"schema":{"@context":"https:\/\/schema.org","@graph":[{"@type":"WebPage","@id":"https:\/\/sonimat.com\/de\/textilien-schweissen-schneiden\/produkte\/vliesstoffen-verschweissen\/","url":"https:\/\/sonimat.com\/de\/textilien-schweissen-schneiden\/produkte\/vliesstoffen-verschweissen\/","name":"Geweben und Vliesstoffen Verschweissen mit Ultraschall | SONIMAT","isPartOf":{"@id":"https:\/\/sonimat.com\/#website"},"primaryImageOfPage":{"@id":"https:\/\/sonimat.com\/de\/textilien-schweissen-schneiden\/produkte\/vliesstoffen-verschweissen\/#primaryimage"},"image":{"@id":"https:\/\/sonimat.com\/de\/textilien-schweissen-schneiden\/produkte\/vliesstoffen-verschweissen\/#primaryimage"},"thumbnailUrl":"https:\/\/sonimat.com\/wp-content\/uploads\/sites\/9\/2021\/01\/facemask-ultrasonic-welding-system-for-fabrics-sonimat.jpg","datePublished":"2018-10-15T11:36:35+00:00","dateModified":"2024-12-10T14:36:30+00:00","description":"Das SONIROLL-Textilschwei\u00dfmodul findet seine Anwendung beim Verschwei\u00dfen von gewebten Textilien und Vliesstoffen. Entdecken Sie seine Vorteile!","breadcrumb":{"@id":"https:\/\/sonimat.com\/de\/textilien-schweissen-schneiden\/produkte\/vliesstoffen-verschweissen\/#breadcrumb"},"inLanguage":"de","potentialAction":[{"@type":"ReadAction","target":["https:\/\/sonimat.com\/de\/textilien-schweissen-schneiden\/produkte\/vliesstoffen-verschweissen\/"]}]},{"@type":"ImageObject","inLanguage":"de","@id":"https:\/\/sonimat.com\/de\/textilien-schweissen-schneiden\/produkte\/vliesstoffen-verschweissen\/#primaryimage","url":"https:\/\/sonimat.com\/wp-content\/uploads\/sites\/9\/2021\/01\/facemask-ultrasonic-welding-system-for-fabrics-sonimat.jpg","contentUrl":"https:\/\/sonimat.com\/wp-content\/uploads\/sites\/9\/2021\/01\/facemask-ultrasonic-welding-system-for-fabrics-sonimat.jpg","width":2000,"height":900,"caption":"facemask - ultrasonic welding system for fabrics - sonimat"},{"@type":"BreadcrumbList","@id":"https:\/\/sonimat.com\/de\/textilien-schweissen-schneiden\/produkte\/vliesstoffen-verschweissen\/#breadcrumb","itemListElement":[{"@type":"ListItem","position":1,"name":"Accueil","item":"https:\/\/sonimat.com\/de\/"},{"@type":"ListItem","position":2,"name":"Textilien","item":"https:\/\/sonimat.com\/de\/textilien-schweissen-schneiden\/"},{"@type":"ListItem","position":3,"name":"Produkte","item":"https:\/\/sonimat.com\/de\/textilien-schweissen-schneiden\/produkte\/"},{"@type":"ListItem","position":4,"name":"Ultraschallmodule f\u00fcr Geweben und Vliesstoffen verschweissen"}]},{"@type":"WebSite","@id":"https:\/\/sonimat.com\/#website","url":"https:\/\/sonimat.com\/","name":"SONIMAT","description":"","potentialAction":[{"@type":"SearchAction","target":{"@type":"EntryPoint","urlTemplate":"https:\/\/sonimat.com\/?s={search_term_string}"},"query-input":{"@type":"PropertyValueSpecification","valueRequired":true,"valueName":"search_term_string"}}],"inLanguage":"de"}]}},"_links":{"self":[{"href":"https:\/\/sonimat.com\/de\/wp-json\/wp\/v2\/pages\/24133","targetHints":{"allow":["GET"]}}],"collection":[{"href":"https:\/\/sonimat.com\/de\/wp-json\/wp\/v2\/pages"}],"about":[{"href":"https:\/\/sonimat.com\/de\/wp-json\/wp\/v2\/types\/page"}],"author":[{"embeddable":true,"href":"https:\/\/sonimat.com\/de\/wp-json\/wp\/v2\/users\/1"}],"replies":[{"embeddable":true,"href":"https:\/\/sonimat.com\/de\/wp-json\/wp\/v2\/comments?post=24133"}],"version-history":[{"count":16,"href":"https:\/\/sonimat.com\/de\/wp-json\/wp\/v2\/pages\/24133\/revisions"}],"predecessor-version":[{"id":31108,"href":"https:\/\/sonimat.com\/de\/wp-json\/wp\/v2\/pages\/24133\/revisions\/31108"}],"up":[{"embeddable":true,"href":"https:\/\/sonimat.com\/de\/wp-json\/wp\/v2\/pages\/23122"}],"wp:featuredmedia":[{"embeddable":true,"href":"https:\/\/sonimat.com\/de\/wp-json\/wp\/v2\/media\/24135"}],"wp:attachment":[{"href":"https:\/\/sonimat.com\/de\/wp-json\/wp\/v2\/media?parent=24133"}],"curies":[{"name":"wp","href":"https:\/\/api.w.org\/{rel}","templated":true}]}}