{"id":24100,"date":"2018-10-15T13:36:37","date_gmt":"2018-10-15T11:36:37","guid":{"rendered":"https:\/\/sonimat.com\/soudure-et-decoupe-textile\/centre-dessais\/"},"modified":"2023-07-06T17:00:33","modified_gmt":"2023-07-06T15:00:33","slug":"testzentrum","status":"publish","type":"page","link":"https:\/\/sonimat.com\/de\/textilien-schweissen-schneiden\/testzentrum\/","title":{"rendered":"Test- und Entwicklungszentrum"},"content":{"rendered":"<div class=\"wpb-content-wrapper\"><p>[vc_row][vc_column][vc_row_inner][vc_column_inner][vc_column_text]<\/p>\n<h2>Test- und Entwicklungszentrum f\u00fcr das Schwei\u00dfen und Schneiden von Textilien mit Ultraschall<\/h2>\n<p>Wir verf\u00fcgen \u00fcber umfangreiche Einrichtungen, um unsere Kunden bei Ihren Projekten zu begleiten und Versuche, Machbarkeitsstudien, Planungs- und Entwicklungsarbeiten durchzuf\u00fchren.<\/p>\n<p>F\u00fcr unsere Maschinen zum Schwei\u00dfen und Schneiden von Textilien mit Ultraschall stehen uns folgende Mittel zur Verf\u00fcgung:<\/p>\n<ul>\n<li><span style=\"font-size: 0.8em;\">XY-Tisch mit Ultraschallmessern<\/span><\/li>\n<li><span style=\"font-size: 0.8em;\">Ultraschallschwei\u00dfpresse (Servomotor)<\/span><\/li>\n<li><span style=\"font-size: 0.8em;\">Stationen und Module in verschiedenen Konfigurationen<\/span><\/li>\n<li><span style=\"font-size: 0.8em;\">Sonotroden mit verschiedenen Profilen und Abmessungen, Ambosse und R\u00e4der mit verschiedenen Geometrien<\/span><\/li>\n<li><span style=\"font-size: 0.8em;\">Eine Reihe von Ultraschallkomponenten (Wandler, Booster, Generatoren)<\/span><\/li>\n<\/ul>\n<p>[\/vc_column_text][\/vc_column_inner][\/vc_row_inner][\/vc_column][\/vc_row][vc_row][vc_column][vc_empty_space height=&#8220;42px&#8220;][\/vc_column][\/vc_row][vc_row gap=&#8220;2&#8243; equal_height=&#8220;yes&#8220; content_placement=&#8220;middle&#8220;][vc_column width=&#8220;2\/3&#8243; css=&#8220;.vc_custom_1585599213007{background-color: #f2f2f2 !important;}&#8220;][vc_column_text css=&#8220;.vc_custom_1688655573298{padding-top: 15px !important;padding-right: 10px !important;padding-left: 10px !important;}&#8220;]Neben der Herstellung und dem Vertrieb von Standardausr\u00fcstungen begleiten wir Sie auch bei der Planung Ihrer spezifischen Projekte und unterst\u00fctzen Sie mit unserem Know-how im Bereich der Verfahren und Werkzeuge zum Schwei\u00dfen\/Schneiden von Geweben und Vliesstoffen.<\/p>\n<p>Sie k\u00f6nnen sicher sein, dass Sie von SONIMAT ein komplettes Leistungspaket erhalten, das entscheidend zum Erfolg Ihres Projekts beitr\u00e4gt:<\/p>\n<ul>\n<li><span style=\"font-size: 0.8em;\">Beratung bei der Auswahl der f\u00fcr Ihren Bedarf geeigneten Technologien und Prozesse<\/span><\/li>\n<li><span style=\"font-size: 0.8em;\">Durchf\u00fchrbarkeits- und Leistungstests mit Ihren Produkten<\/span><\/li>\n<li><span style=\"font-size: 0.8em;\">Pr\u00fcfung der Integrationsm\u00f6glichkeiten in bestehende Anlagen und Maschinen<\/span><\/li>\n<li><span style=\"font-size: 0.8em;\">Begleitung bei der Festlegung der optimalen Parameter und Schnittbedingungen<\/span><\/li>\n<li><span style=\"font-size: 0.8em;\">Entwicklung von ma\u00dfgeschneiderten Werkzeugen und Sonotroden f\u00fcr Ihre Anwendung mittels digitaler Simulation und mithilfe unseres Konstruktionsb\u00fcros, das mechanische und verfahrenstechnische Studien durchf\u00fchrt<\/span><\/li>\n<li><span style=\"font-size: 0.8em;\">Entwicklung von elektromechanischen L\u00f6sungen f\u00fcr die Implementierung und Integration von Ultraschallbaugruppen, wenn Standardmodule nicht ausreichen<\/span><\/li>\n<\/ul>\n<p>[\/vc_column_text][\/vc_column][vc_column width=&#8220;1\/3&#8243; css=&#8220;.vc_custom_1585600289502{background-image: url(https:\/\/sonimat.com\/wp-content\/uploads\/sites\/9\/2020\/01\/machine-soudure-uiltrasons-textile.jpg?id=15916) !important;background-position: center !important;background-repeat: no-repeat !important;background-size: cover !important;}&#8220;][\/vc_column][\/vc_row][vc_row][vc_column][vc_empty_space height=&#8220;42px&#8220;][vc_cta h2=&#8220;&#8220; shape=&#8220;square&#8220; add_button=&#8220;right&#8220; btn_title=&#8220;Contactez-nous !&#8220; btn_style=&#8220;custom&#8220; btn_custom_background=&#8220;#a21c26&#8243; btn_custom_text=&#8220;#ffffff&#8220; btn_i_align=&#8220;right&#8220; btn_i_icon_fontawesome=&#8220;fa fa-envelope&#8220; btn_add_icon=&#8220;true&#8220; btn_link=&#8220;url:http%3A%2F%2Fsonimat.com%2Fcontact%2F|||&#8220;]W\u00fcnschen Sie Unterst\u00fctzung oder Beratung \u00fcber Ultraschallschneide- und Schwei\u00dfverfahren f\u00fcr Textilien oder m\u00f6chten Sie einfach den Erfolg Ihres Projekts sicherstellen?[\/vc_cta][\/vc_column][\/vc_row]<\/p>\n<\/div>","protected":false},"excerpt":{"rendered":"<p>[vc_row][vc_column][vc_row_inner][vc_column_inner][vc_column_text] Test- und Entwicklungszentrum f\u00fcr das Schwei\u00dfen und Schneiden von Textilien mit Ultraschall Wir verf\u00fcgen \u00fcber umfangreiche Einrichtungen, um unsere Kunden bei Ihren Projekten zu begleiten und Versuche, Machbarkeitsstudien, Planungs-&hellip;<\/p>\n","protected":false},"author":1,"featured_media":24099,"parent":23123,"menu_order":0,"comment_status":"closed","ping_status":"closed","template":"","meta":{"_acf_changed":false,"footnotes":""},"class_list":["post-24100","page","type-page","status-publish","has-post-thumbnail","hentry"],"acf":[],"yoast_head":"<title>Test- und Entwicklungszentrum - SONIMAT<\/title>\n<meta name=\"robots\" content=\"noindex, follow\" \/>\n<meta property=\"og:locale\" content=\"de_DE\" \/>\n<meta property=\"og:type\" content=\"article\" \/>\n<meta property=\"og:title\" content=\"Test- und Entwicklungszentrum - SONIMAT\" \/>\n<meta property=\"og:description\" content=\"[vc_row][vc_column][vc_row_inner][vc_column_inner][vc_column_text] Test- und Entwicklungszentrum f\u00fcr das Schwei\u00dfen und Schneiden von Textilien mit Ultraschall Wir verf\u00fcgen \u00fcber umfangreiche Einrichtungen, um unsere Kunden bei Ihren Projekten zu begleiten und Versuche, Machbarkeitsstudien, Planungs-&hellip;\" \/>\n<meta property=\"og:url\" content=\"https:\/\/sonimat.com\/de\/textilien-schweissen-schneiden\/testzentrum\/\" \/>\n<meta property=\"og:site_name\" content=\"SONIMAT\" \/>\n<meta property=\"article:modified_time\" content=\"2023-07-06T15:00:33+00:00\" \/>\n<meta property=\"og:image\" content=\"https:\/\/sonimat.com\/wp-content\/uploads\/sites\/9\/2018\/10\/TEXTILE-1.jpg\" \/>\n\t<meta property=\"og:image:width\" content=\"2000\" \/>\n\t<meta property=\"og:image:height\" content=\"1250\" \/>\n\t<meta property=\"og:image:type\" content=\"image\/jpeg\" \/>\n<meta name=\"twitter:card\" content=\"summary_large_image\" \/>\n<meta name=\"twitter:site\" content=\"@EuropeTechno\" \/>\n<meta name=\"twitter:label1\" content=\"Gesch\u00e4tzte Lesezeit\" \/>\n\t<meta name=\"twitter:data1\" content=\"2\u00a0Minuten\" \/>\n<script type=\"application\/ld+json\" class=\"yoast-schema-graph\">{\"@context\":\"https:\\\/\\\/schema.org\",\"@graph\":[{\"@type\":\"WebPage\",\"@id\":\"https:\\\/\\\/sonimat.com\\\/de\\\/textilien-schweissen-schneiden\\\/testzentrum\\\/\",\"url\":\"https:\\\/\\\/sonimat.com\\\/de\\\/textilien-schweissen-schneiden\\\/testzentrum\\\/\",\"name\":\"Test- und Entwicklungszentrum - SONIMAT\",\"isPartOf\":{\"@id\":\"https:\\\/\\\/sonimat.com\\\/#website\"},\"primaryImageOfPage\":{\"@id\":\"https:\\\/\\\/sonimat.com\\\/de\\\/textilien-schweissen-schneiden\\\/testzentrum\\\/#primaryimage\"},\"image\":{\"@id\":\"https:\\\/\\\/sonimat.com\\\/de\\\/textilien-schweissen-schneiden\\\/testzentrum\\\/#primaryimage\"},\"thumbnailUrl\":\"https:\\\/\\\/sonimat.com\\\/wp-content\\\/uploads\\\/sites\\\/9\\\/2018\\\/10\\\/TEXTILE-1.jpg\",\"datePublished\":\"2018-10-15T11:36:37+00:00\",\"dateModified\":\"2023-07-06T15:00:33+00:00\",\"breadcrumb\":{\"@id\":\"https:\\\/\\\/sonimat.com\\\/de\\\/textilien-schweissen-schneiden\\\/testzentrum\\\/#breadcrumb\"},\"inLanguage\":\"de\",\"potentialAction\":[{\"@type\":\"ReadAction\",\"target\":[\"https:\\\/\\\/sonimat.com\\\/de\\\/textilien-schweissen-schneiden\\\/testzentrum\\\/\"]}]},{\"@type\":\"ImageObject\",\"inLanguage\":\"de\",\"@id\":\"https:\\\/\\\/sonimat.com\\\/de\\\/textilien-schweissen-schneiden\\\/testzentrum\\\/#primaryimage\",\"url\":\"https:\\\/\\\/sonimat.com\\\/wp-content\\\/uploads\\\/sites\\\/9\\\/2018\\\/10\\\/TEXTILE-1.jpg\",\"contentUrl\":\"https:\\\/\\\/sonimat.com\\\/wp-content\\\/uploads\\\/sites\\\/9\\\/2018\\\/10\\\/TEXTILE-1.jpg\",\"width\":2000,\"height\":1250,\"caption\":\"Soudure textile ultrasons - SONIMAT\"},{\"@type\":\"BreadcrumbList\",\"@id\":\"https:\\\/\\\/sonimat.com\\\/de\\\/textilien-schweissen-schneiden\\\/testzentrum\\\/#breadcrumb\",\"itemListElement\":[{\"@type\":\"ListItem\",\"position\":1,\"name\":\"Accueil\",\"item\":\"https:\\\/\\\/sonimat.com\\\/de\\\/\"},{\"@type\":\"ListItem\",\"position\":2,\"name\":\"Textilien\",\"item\":\"https:\\\/\\\/sonimat.com\\\/de\\\/textilien-schweissen-schneiden\\\/\"},{\"@type\":\"ListItem\",\"position\":3,\"name\":\"Test- und Entwicklungszentrum\"}]},{\"@type\":\"WebSite\",\"@id\":\"https:\\\/\\\/sonimat.com\\\/#website\",\"url\":\"https:\\\/\\\/sonimat.com\\\/\",\"name\":\"SONIMAT\",\"description\":\"\",\"potentialAction\":[{\"@type\":\"SearchAction\",\"target\":{\"@type\":\"EntryPoint\",\"urlTemplate\":\"https:\\\/\\\/sonimat.com\\\/?s={search_term_string}\"},\"query-input\":{\"@type\":\"PropertyValueSpecification\",\"valueRequired\":true,\"valueName\":\"search_term_string\"}}],\"inLanguage\":\"de\"}]}<\/script>","yoast_head_json":{"title":"Test- und Entwicklungszentrum - SONIMAT","robots":{"index":"noindex","follow":"follow"},"og_locale":"de_DE","og_type":"article","og_title":"Test- und Entwicklungszentrum - SONIMAT","og_description":"[vc_row][vc_column][vc_row_inner][vc_column_inner][vc_column_text] Test- und Entwicklungszentrum f\u00fcr das Schwei\u00dfen und Schneiden von Textilien mit Ultraschall Wir verf\u00fcgen \u00fcber umfangreiche Einrichtungen, um unsere Kunden bei Ihren Projekten zu begleiten und Versuche, Machbarkeitsstudien, Planungs-&hellip;","og_url":"https:\/\/sonimat.com\/de\/textilien-schweissen-schneiden\/testzentrum\/","og_site_name":"SONIMAT","article_modified_time":"2023-07-06T15:00:33+00:00","og_image":[{"width":2000,"height":1250,"url":"https:\/\/sonimat.com\/wp-content\/uploads\/sites\/9\/2018\/10\/TEXTILE-1.jpg","type":"image\/jpeg"}],"twitter_card":"summary_large_image","twitter_site":"@EuropeTechno","twitter_misc":{"Gesch\u00e4tzte Lesezeit":"2\u00a0Minuten"},"schema":{"@context":"https:\/\/schema.org","@graph":[{"@type":"WebPage","@id":"https:\/\/sonimat.com\/de\/textilien-schweissen-schneiden\/testzentrum\/","url":"https:\/\/sonimat.com\/de\/textilien-schweissen-schneiden\/testzentrum\/","name":"Test- und Entwicklungszentrum - SONIMAT","isPartOf":{"@id":"https:\/\/sonimat.com\/#website"},"primaryImageOfPage":{"@id":"https:\/\/sonimat.com\/de\/textilien-schweissen-schneiden\/testzentrum\/#primaryimage"},"image":{"@id":"https:\/\/sonimat.com\/de\/textilien-schweissen-schneiden\/testzentrum\/#primaryimage"},"thumbnailUrl":"https:\/\/sonimat.com\/wp-content\/uploads\/sites\/9\/2018\/10\/TEXTILE-1.jpg","datePublished":"2018-10-15T11:36:37+00:00","dateModified":"2023-07-06T15:00:33+00:00","breadcrumb":{"@id":"https:\/\/sonimat.com\/de\/textilien-schweissen-schneiden\/testzentrum\/#breadcrumb"},"inLanguage":"de","potentialAction":[{"@type":"ReadAction","target":["https:\/\/sonimat.com\/de\/textilien-schweissen-schneiden\/testzentrum\/"]}]},{"@type":"ImageObject","inLanguage":"de","@id":"https:\/\/sonimat.com\/de\/textilien-schweissen-schneiden\/testzentrum\/#primaryimage","url":"https:\/\/sonimat.com\/wp-content\/uploads\/sites\/9\/2018\/10\/TEXTILE-1.jpg","contentUrl":"https:\/\/sonimat.com\/wp-content\/uploads\/sites\/9\/2018\/10\/TEXTILE-1.jpg","width":2000,"height":1250,"caption":"Soudure textile ultrasons - SONIMAT"},{"@type":"BreadcrumbList","@id":"https:\/\/sonimat.com\/de\/textilien-schweissen-schneiden\/testzentrum\/#breadcrumb","itemListElement":[{"@type":"ListItem","position":1,"name":"Accueil","item":"https:\/\/sonimat.com\/de\/"},{"@type":"ListItem","position":2,"name":"Textilien","item":"https:\/\/sonimat.com\/de\/textilien-schweissen-schneiden\/"},{"@type":"ListItem","position":3,"name":"Test- und Entwicklungszentrum"}]},{"@type":"WebSite","@id":"https:\/\/sonimat.com\/#website","url":"https:\/\/sonimat.com\/","name":"SONIMAT","description":"","potentialAction":[{"@type":"SearchAction","target":{"@type":"EntryPoint","urlTemplate":"https:\/\/sonimat.com\/?s={search_term_string}"},"query-input":{"@type":"PropertyValueSpecification","valueRequired":true,"valueName":"search_term_string"}}],"inLanguage":"de"}]}},"_links":{"self":[{"href":"https:\/\/sonimat.com\/de\/wp-json\/wp\/v2\/pages\/24100","targetHints":{"allow":["GET"]}}],"collection":[{"href":"https:\/\/sonimat.com\/de\/wp-json\/wp\/v2\/pages"}],"about":[{"href":"https:\/\/sonimat.com\/de\/wp-json\/wp\/v2\/types\/page"}],"author":[{"embeddable":true,"href":"https:\/\/sonimat.com\/de\/wp-json\/wp\/v2\/users\/1"}],"replies":[{"embeddable":true,"href":"https:\/\/sonimat.com\/de\/wp-json\/wp\/v2\/comments?post=24100"}],"version-history":[{"count":3,"href":"https:\/\/sonimat.com\/de\/wp-json\/wp\/v2\/pages\/24100\/revisions"}],"predecessor-version":[{"id":30013,"href":"https:\/\/sonimat.com\/de\/wp-json\/wp\/v2\/pages\/24100\/revisions\/30013"}],"up":[{"embeddable":true,"href":"https:\/\/sonimat.com\/de\/wp-json\/wp\/v2\/pages\/23123"}],"wp:featuredmedia":[{"embeddable":true,"href":"https:\/\/sonimat.com\/de\/wp-json\/wp\/v2\/media\/24099"}],"wp:attachment":[{"href":"https:\/\/sonimat.com\/de\/wp-json\/wp\/v2\/media?parent=24100"}],"curies":[{"name":"wp","href":"https:\/\/api.w.org\/{rel}","templated":true}]}}