{"id":24097,"date":"2018-10-15T13:36:37","date_gmt":"2018-10-15T11:36:37","guid":{"rendered":"https:\/\/sonimat.com\/soudure-ultrason-textile-decoupe-ultrason\/"},"modified":"2024-11-13T14:53:07","modified_gmt":"2024-11-13T13:53:07","slug":"ultraschallschweissen-textilien","status":"publish","type":"page","link":"https:\/\/sonimat.com\/de\/textilien-schweissen-schneiden\/technologie\/ultraschallschweissen-textilien\/","title":{"rendered":"Ultraschallschweissen und Schneiden von Textilien"},"content":{"rendered":"<div class=\"wpb-content-wrapper\"><p>[vc_row][vc_column][vc_row_inner content_placement=&#8220;middle&#8220; gap=&#8220;35&#8243;][vc_column_inner width=&#8220;2\/3&#8243;][vc_column_text css=&#8220;&#8220;]<\/p>\n<h2>Ultraschallschweissen und Schneiden von Textilien<\/h2>\n<p>Das Ultraschallschneiden und -schwei\u00dfen von Geweben oder Vliesstoffen bietet eine Alternative zu Verfahren wie Kleben, herk\u00f6mmlichem Schneiden, Kauterisieren, Laminieren oder Kaschieren.<\/p>\n<p>Die wesentlichen Vorteile des Schwei\u00dfens und Schneidens von Textilien mit Ultraschall sind <strong>die hohe Pr\u00e4zision, Qualit\u00e4t und Produktivit\u00e4t dieser Technik, die ohne Verbrauchsmaterialien<\/strong> auskommt. Sie gew\u00e4hrleistet ein sauberes Ergebnis ohne Ausfransen der Textilien.<\/p>\n<p>F\u00fcr Ihre gewebten Produkte (Gurte, G\u00fcrtel, Armb\u00e4nder, Schleier, technische Kleidung usw.) und Vliesstoffe (Windeln, T\u00fccher, Masken, Filter usw.) bietet SONIMAT Ihnen intermittierende oder kontinuierliche Schwei\u00df- und Schneidl\u00f6sungen f\u00fcr hohe Geschwindigkeiten an. Unsere Technologien erf\u00fcllen h\u00f6chste Anforderungen an Pr\u00e4zision, Qualit\u00e4t und \u00c4sthetik.[\/vc_column_text][\/vc_column_inner][vc_column_inner width=&#8220;1\/3&#8243; css=&#8220;.vc_custom_1574260952083{margin-top: 40px !important;margin-right: 40px !important;margin-bottom: 40px !important;margin-left: 40px !important;padding-top: 25px !important;padding-right: 25px !important;padding-bottom: 25px !important;padding-left: 25px !important;background-color: #f2f2f2 !important;}&#8220;][vc_single_image image=&#8220;24353&#8243; img_size=&#8220;100&#215;100&#8243; alignment=&#8220;center&#8220;][vc_column_text css=&#8220;&#8220;]<\/p>\n<p style=\"text-align: center;\">Entdecken Sie unsere L\u00f6sungen zum Schneiden und Schwei\u00dfen von Textilien mit Ultraschall:\u00a0 <a href=\"https:\/\/sonimat.com\/de\/textilien-schweissen-schneiden\/produkte\/vliesstoffen-verschweissen\/\" target=\"_blank\" rel=\"noopener\">Modul SONIROLL und Sondermaschinen<\/a><\/p>\n<p>[\/vc_column_text][\/vc_column_inner][\/vc_row_inner][\/vc_column][\/vc_row][vc_row][vc_column][vc_row_inner content_placement=&#8220;middle&#8220; gap=&#8220;35&#8243;][vc_column_inner][vc_column_text]<\/p>\n<h3>DIE VORTEILE DES SCHWEI\u1e9eENS UND SCHNEIDENS VON TEXTILIEN MIT ULTRASCHALLL<\/h3>\n<ul>\n<li><span style=\"font-size: 0.8em;\">Hohe Pr\u00e4zision und Schwei\u00df- oder Schnittqualit\u00e4t<\/span><\/li>\n<li><span style=\"font-size: 0.8em;\">Sauberes, bindemittelfreies Verfahren: optimale Hygiene<\/span><\/li>\n<li><span style=\"font-size: 0.8em;\">Intermittierendes oder kontinuierliches gleichzeitiges Schneiden und Schwei\u00dfen m\u00f6glich<\/span><\/li>\n<li><span style=\"font-size: 0.8em;\">Keine Verwendung von Verbrauchsmaterialien, Haft- und Klebstoffen<\/span><\/li>\n<li><span style=\"font-size: 0.8em;\">Keine Aufw\u00e4rmzeit (im Unterschied zum Schwei\u00dfen mit Klebstoff)<\/span><\/li>\n<li><span style=\"font-size: 0.8em;\">Einfache Instandhaltung<\/span><\/li>\n<li><span style=\"font-size: 0.8em;\">Keine Besch\u00e4digung \/ Verbrennung des Materials<\/span><\/li>\n<li><span style=\"font-size: 0.8em;\">Kein direkter mechanischer Kontakt zwischen dem vibrierenden Element und Rad \/ Amboss beim Schwei\u00dfen (kein Werkzeugverschlei\u00df)<\/span><\/li>\n<li><span style=\"font-size: 0.8em;\">Verschiedene Schwei\u00dfmuster m\u00f6glich<\/span><\/li>\n<\/ul>\n<p>[\/vc_column_text][\/vc_column_inner][\/vc_row_inner][vc_empty_space][\/vc_column][\/vc_row][vc_row bg_type=&#8220;bg_color&#8220; bg_override=&#8220;full&#8220; bg_color_value=&#8220;#f2f2f2&#8243;][vc_column][vc_empty_space][vc_row_inner content_placement=&#8220;middle&#8220;][vc_column_inner width=&#8220;1\/6&#8243;][vc_icon icon_fontawesome=&#8220;fab fa-envira&#8220; color=&#8220;custom&#8220; size=&#8220;xl&#8220; align=&#8220;center&#8220; custom_color=&#8220;#cd5b1b&#8220;][\/vc_column_inner][vc_column_inner width=&#8220;5\/6&#8243;][vc_column_text]<\/p>\n<h4>Vorteile f\u00fcr die Umwelt:<\/h4>\n<p>Das Ultraschallschwei\u00dfen von Textilien gilt als sauberes, umweltfreundliches Verfahren. Der Strombedarf ist deutlich geringer als bei anderen Techniken (bis zu 75\u00a0% weniger), denn Energie wird nur w\u00e4hrend des eigentlichen Schwei\u00dfvorgangs verbraucht. Au\u00dferdem werden beim Ultraschallschwei\u00dfen keine Verbrauchsmaterialien wie Klebstoffe oder Hei\u00dfkleber ben\u00f6tigt, die Verschmutzungen verursachen k\u00f6nnen. Der Verzicht auf Klebstoffe verbessert auch die Wiederverwertbarkeit der Produkte.[\/vc_column_text][\/vc_column_inner][\/vc_row_inner][vc_empty_space][\/vc_column][\/vc_row][vc_row][vc_column][vc_empty_space height=&#8220;64px&#8220;][vc_column_text]<\/p>\n<h2 style=\"text-align: center;\"><span lang=\"DE\">Beispiele von gewebten Textilien und Vliesstoffen, die mit Ultraschall geschwei\u00dft oder geschnitten werden k\u00f6nnen<\/span><\/h2>\n<p>[\/vc_column_text][vc_row_inner content_placement=&#8220;middle&#8220;][vc_column_inner width=&#8220;1\/4&#8243;][vc_single_image image=&#8220;24103&#8243; img_size=&#8220;medium&#8220; alignment=&#8220;center&#8220; css=&#8220;&#8220;][\/vc_column_inner][vc_column_inner width=&#8220;1\/4&#8243;][vc_single_image image=&#8220;24106&#8243; img_size=&#8220;medium&#8220; alignment=&#8220;center&#8220; css=&#8220;&#8220;][\/vc_column_inner][vc_column_inner width=&#8220;1\/4&#8243;][vc_single_image image=&#8220;24105&#8243; img_size=&#8220;medium&#8220; alignment=&#8220;center&#8220; css=&#8220;&#8220;][\/vc_column_inner][vc_column_inner width=&#8220;1\/4&#8243;][vc_single_image image=&#8220;24104&#8243; img_size=&#8220;medium&#8220; alignment=&#8220;center&#8220; css=&#8220;&#8220;][\/vc_column_inner][\/vc_row_inner][vc_empty_space height=&#8220;64px&#8220;][\/vc_column][\/vc_row]<\/p>\n<\/div>","protected":false},"excerpt":{"rendered":"<p>[vc_row][vc_column][vc_row_inner content_placement=&#8220;middle&#8220; gap=&#8220;35&#8243;][vc_column_inner width=&#8220;2\/3&#8243;][vc_column_text css=&#8220;&#8220;] Ultraschallschweissen und Schneiden von Textilien Das Ultraschallschneiden und -schwei\u00dfen von Geweben oder Vliesstoffen bietet eine Alternative zu Verfahren wie Kleben, herk\u00f6mmlichem Schneiden, Kauterisieren, Laminieren oder&hellip;<\/p>\n","protected":false},"author":1,"featured_media":24099,"parent":24377,"menu_order":0,"comment_status":"closed","ping_status":"closed","template":"","meta":{"_acf_changed":false,"footnotes":""},"class_list":["post-24097","page","type-page","status-publish","has-post-thumbnail","hentry"],"acf":[],"yoast_head":"<title>Textilien - Schweissen und Schneiden mit Ultraschall | SONIMAT<\/title>\n<meta name=\"description\" content=\"Ultraschallschweissen von Gewebt Textilien oder Vliesstoffen garantiert ein hohes Ma\u00df an Genauigkeit und ein sauberes Finish ohne Ausfransen der Textilien.\" \/>\n<meta name=\"robots\" content=\"index, follow, max-snippet:-1, max-image-preview:large, max-video-preview:-1\" \/>\n<link rel=\"canonical\" href=\"https:\/\/sonimat.com\/de\/textilien-schweissen-schneiden\/technologie\/ultraschallschweissen-textilien\/\" \/>\n<meta property=\"og:locale\" content=\"de_DE\" \/>\n<meta property=\"og:type\" content=\"article\" \/>\n<meta property=\"og:title\" content=\"Textilien - Schweissen und Schneiden mit Ultraschall | SONIMAT\" \/>\n<meta property=\"og:description\" content=\"Ultraschallschweissen von Gewebt Textilien oder Vliesstoffen garantiert ein hohes Ma\u00df an Genauigkeit und ein sauberes Finish ohne Ausfransen der Textilien.\" \/>\n<meta property=\"og:url\" content=\"https:\/\/sonimat.com\/de\/textilien-schweissen-schneiden\/technologie\/ultraschallschweissen-textilien\/\" \/>\n<meta property=\"og:site_name\" content=\"SONIMAT\" \/>\n<meta property=\"article:modified_time\" content=\"2024-11-13T13:53:07+00:00\" \/>\n<meta property=\"og:image\" content=\"https:\/\/sonimat.com\/wp-content\/uploads\/sites\/9\/2018\/10\/TEXTILE-1.jpg\" \/>\n\t<meta property=\"og:image:width\" content=\"2000\" \/>\n\t<meta property=\"og:image:height\" content=\"1250\" \/>\n\t<meta property=\"og:image:type\" content=\"image\/jpeg\" \/>\n<meta name=\"twitter:card\" content=\"summary_large_image\" \/>\n<meta name=\"twitter:site\" content=\"@EuropeTechno\" \/>\n<meta name=\"twitter:label1\" content=\"Gesch\u00e4tzte Lesezeit\" \/>\n\t<meta name=\"twitter:data1\" content=\"3\u00a0Minuten\" \/>\n<script type=\"application\/ld+json\" class=\"yoast-schema-graph\">{\"@context\":\"https:\\\/\\\/schema.org\",\"@graph\":[{\"@type\":\"WebPage\",\"@id\":\"https:\\\/\\\/sonimat.com\\\/de\\\/textilien-schweissen-schneiden\\\/technologie\\\/ultraschallschweissen-textilien\\\/\",\"url\":\"https:\\\/\\\/sonimat.com\\\/de\\\/textilien-schweissen-schneiden\\\/technologie\\\/ultraschallschweissen-textilien\\\/\",\"name\":\"Textilien - Schweissen und Schneiden mit Ultraschall | SONIMAT\",\"isPartOf\":{\"@id\":\"https:\\\/\\\/sonimat.com\\\/#website\"},\"primaryImageOfPage\":{\"@id\":\"https:\\\/\\\/sonimat.com\\\/de\\\/textilien-schweissen-schneiden\\\/technologie\\\/ultraschallschweissen-textilien\\\/#primaryimage\"},\"image\":{\"@id\":\"https:\\\/\\\/sonimat.com\\\/de\\\/textilien-schweissen-schneiden\\\/technologie\\\/ultraschallschweissen-textilien\\\/#primaryimage\"},\"thumbnailUrl\":\"https:\\\/\\\/sonimat.com\\\/wp-content\\\/uploads\\\/sites\\\/9\\\/2018\\\/10\\\/TEXTILE-1.jpg\",\"datePublished\":\"2018-10-15T11:36:37+00:00\",\"dateModified\":\"2024-11-13T13:53:07+00:00\",\"description\":\"Ultraschallschweissen von Gewebt Textilien oder Vliesstoffen garantiert ein hohes Ma\u00df an Genauigkeit und ein sauberes Finish ohne Ausfransen der Textilien.\",\"breadcrumb\":{\"@id\":\"https:\\\/\\\/sonimat.com\\\/de\\\/textilien-schweissen-schneiden\\\/technologie\\\/ultraschallschweissen-textilien\\\/#breadcrumb\"},\"inLanguage\":\"de\",\"potentialAction\":[{\"@type\":\"ReadAction\",\"target\":[\"https:\\\/\\\/sonimat.com\\\/de\\\/textilien-schweissen-schneiden\\\/technologie\\\/ultraschallschweissen-textilien\\\/\"]}]},{\"@type\":\"ImageObject\",\"inLanguage\":\"de\",\"@id\":\"https:\\\/\\\/sonimat.com\\\/de\\\/textilien-schweissen-schneiden\\\/technologie\\\/ultraschallschweissen-textilien\\\/#primaryimage\",\"url\":\"https:\\\/\\\/sonimat.com\\\/wp-content\\\/uploads\\\/sites\\\/9\\\/2018\\\/10\\\/TEXTILE-1.jpg\",\"contentUrl\":\"https:\\\/\\\/sonimat.com\\\/wp-content\\\/uploads\\\/sites\\\/9\\\/2018\\\/10\\\/TEXTILE-1.jpg\",\"width\":2000,\"height\":1250,\"caption\":\"Soudure textile ultrasons - SONIMAT\"},{\"@type\":\"BreadcrumbList\",\"@id\":\"https:\\\/\\\/sonimat.com\\\/de\\\/textilien-schweissen-schneiden\\\/technologie\\\/ultraschallschweissen-textilien\\\/#breadcrumb\",\"itemListElement\":[{\"@type\":\"ListItem\",\"position\":1,\"name\":\"Accueil\",\"item\":\"https:\\\/\\\/sonimat.com\\\/de\\\/\"},{\"@type\":\"ListItem\",\"position\":2,\"name\":\"Textilien\",\"item\":\"https:\\\/\\\/sonimat.com\\\/de\\\/textilien-schweissen-schneiden\\\/\"},{\"@type\":\"ListItem\",\"position\":3,\"name\":\"Technologie\",\"item\":\"https:\\\/\\\/sonimat.com\\\/de\\\/textilien-schweissen-schneiden\\\/technologie\\\/\"},{\"@type\":\"ListItem\",\"position\":4,\"name\":\"Ultraschallschweissen und Schneiden von Textilien\"}]},{\"@type\":\"WebSite\",\"@id\":\"https:\\\/\\\/sonimat.com\\\/#website\",\"url\":\"https:\\\/\\\/sonimat.com\\\/\",\"name\":\"SONIMAT\",\"description\":\"\",\"potentialAction\":[{\"@type\":\"SearchAction\",\"target\":{\"@type\":\"EntryPoint\",\"urlTemplate\":\"https:\\\/\\\/sonimat.com\\\/?s={search_term_string}\"},\"query-input\":{\"@type\":\"PropertyValueSpecification\",\"valueRequired\":true,\"valueName\":\"search_term_string\"}}],\"inLanguage\":\"de\"}]}<\/script>","yoast_head_json":{"title":"Textilien - Schweissen und Schneiden mit Ultraschall | SONIMAT","description":"Ultraschallschweissen von Gewebt Textilien oder Vliesstoffen garantiert ein hohes Ma\u00df an Genauigkeit und ein sauberes Finish ohne Ausfransen der Textilien.","robots":{"index":"index","follow":"follow","max-snippet":"max-snippet:-1","max-image-preview":"max-image-preview:large","max-video-preview":"max-video-preview:-1"},"canonical":"https:\/\/sonimat.com\/de\/textilien-schweissen-schneiden\/technologie\/ultraschallschweissen-textilien\/","og_locale":"de_DE","og_type":"article","og_title":"Textilien - Schweissen und Schneiden mit Ultraschall | SONIMAT","og_description":"Ultraschallschweissen von Gewebt Textilien oder Vliesstoffen garantiert ein hohes Ma\u00df an Genauigkeit und ein sauberes Finish ohne Ausfransen der Textilien.","og_url":"https:\/\/sonimat.com\/de\/textilien-schweissen-schneiden\/technologie\/ultraschallschweissen-textilien\/","og_site_name":"SONIMAT","article_modified_time":"2024-11-13T13:53:07+00:00","og_image":[{"width":2000,"height":1250,"url":"https:\/\/sonimat.com\/wp-content\/uploads\/sites\/9\/2018\/10\/TEXTILE-1.jpg","type":"image\/jpeg"}],"twitter_card":"summary_large_image","twitter_site":"@EuropeTechno","twitter_misc":{"Gesch\u00e4tzte Lesezeit":"3\u00a0Minuten"},"schema":{"@context":"https:\/\/schema.org","@graph":[{"@type":"WebPage","@id":"https:\/\/sonimat.com\/de\/textilien-schweissen-schneiden\/technologie\/ultraschallschweissen-textilien\/","url":"https:\/\/sonimat.com\/de\/textilien-schweissen-schneiden\/technologie\/ultraschallschweissen-textilien\/","name":"Textilien - Schweissen und Schneiden mit Ultraschall | SONIMAT","isPartOf":{"@id":"https:\/\/sonimat.com\/#website"},"primaryImageOfPage":{"@id":"https:\/\/sonimat.com\/de\/textilien-schweissen-schneiden\/technologie\/ultraschallschweissen-textilien\/#primaryimage"},"image":{"@id":"https:\/\/sonimat.com\/de\/textilien-schweissen-schneiden\/technologie\/ultraschallschweissen-textilien\/#primaryimage"},"thumbnailUrl":"https:\/\/sonimat.com\/wp-content\/uploads\/sites\/9\/2018\/10\/TEXTILE-1.jpg","datePublished":"2018-10-15T11:36:37+00:00","dateModified":"2024-11-13T13:53:07+00:00","description":"Ultraschallschweissen von Gewebt Textilien oder Vliesstoffen garantiert ein hohes Ma\u00df an Genauigkeit und ein sauberes Finish ohne Ausfransen der Textilien.","breadcrumb":{"@id":"https:\/\/sonimat.com\/de\/textilien-schweissen-schneiden\/technologie\/ultraschallschweissen-textilien\/#breadcrumb"},"inLanguage":"de","potentialAction":[{"@type":"ReadAction","target":["https:\/\/sonimat.com\/de\/textilien-schweissen-schneiden\/technologie\/ultraschallschweissen-textilien\/"]}]},{"@type":"ImageObject","inLanguage":"de","@id":"https:\/\/sonimat.com\/de\/textilien-schweissen-schneiden\/technologie\/ultraschallschweissen-textilien\/#primaryimage","url":"https:\/\/sonimat.com\/wp-content\/uploads\/sites\/9\/2018\/10\/TEXTILE-1.jpg","contentUrl":"https:\/\/sonimat.com\/wp-content\/uploads\/sites\/9\/2018\/10\/TEXTILE-1.jpg","width":2000,"height":1250,"caption":"Soudure textile ultrasons - SONIMAT"},{"@type":"BreadcrumbList","@id":"https:\/\/sonimat.com\/de\/textilien-schweissen-schneiden\/technologie\/ultraschallschweissen-textilien\/#breadcrumb","itemListElement":[{"@type":"ListItem","position":1,"name":"Accueil","item":"https:\/\/sonimat.com\/de\/"},{"@type":"ListItem","position":2,"name":"Textilien","item":"https:\/\/sonimat.com\/de\/textilien-schweissen-schneiden\/"},{"@type":"ListItem","position":3,"name":"Technologie","item":"https:\/\/sonimat.com\/de\/textilien-schweissen-schneiden\/technologie\/"},{"@type":"ListItem","position":4,"name":"Ultraschallschweissen und Schneiden von Textilien"}]},{"@type":"WebSite","@id":"https:\/\/sonimat.com\/#website","url":"https:\/\/sonimat.com\/","name":"SONIMAT","description":"","potentialAction":[{"@type":"SearchAction","target":{"@type":"EntryPoint","urlTemplate":"https:\/\/sonimat.com\/?s={search_term_string}"},"query-input":{"@type":"PropertyValueSpecification","valueRequired":true,"valueName":"search_term_string"}}],"inLanguage":"de"}]}},"_links":{"self":[{"href":"https:\/\/sonimat.com\/de\/wp-json\/wp\/v2\/pages\/24097","targetHints":{"allow":["GET"]}}],"collection":[{"href":"https:\/\/sonimat.com\/de\/wp-json\/wp\/v2\/pages"}],"about":[{"href":"https:\/\/sonimat.com\/de\/wp-json\/wp\/v2\/types\/page"}],"author":[{"embeddable":true,"href":"https:\/\/sonimat.com\/de\/wp-json\/wp\/v2\/users\/1"}],"replies":[{"embeddable":true,"href":"https:\/\/sonimat.com\/de\/wp-json\/wp\/v2\/comments?post=24097"}],"version-history":[{"count":25,"href":"https:\/\/sonimat.com\/de\/wp-json\/wp\/v2\/pages\/24097\/revisions"}],"predecessor-version":[{"id":30011,"href":"https:\/\/sonimat.com\/de\/wp-json\/wp\/v2\/pages\/24097\/revisions\/30011"}],"up":[{"embeddable":true,"href":"https:\/\/sonimat.com\/de\/wp-json\/wp\/v2\/pages\/24377"}],"wp:featuredmedia":[{"embeddable":true,"href":"https:\/\/sonimat.com\/de\/wp-json\/wp\/v2\/media\/24099"}],"wp:attachment":[{"href":"https:\/\/sonimat.com\/de\/wp-json\/wp\/v2\/media?parent=24097"}],"curies":[{"name":"wp","href":"https:\/\/api.w.org\/{rel}","templated":true}]}}