{"id":24088,"date":"2018-10-15T13:39:43","date_gmt":"2018-10-15T11:39:43","guid":{"rendered":"https:\/\/sonimat.com\/soudure-et-decoupe-textile\/produits\/machine-de-soudure-textile\/"},"modified":"2023-04-17T16:42:57","modified_gmt":"2023-04-17T14:42:57","slug":"machine-de-soudure-textile","status":"publish","type":"page","link":"https:\/\/sonimat.com\/de\/textilien-schweissen-schneiden\/produkte\/machine-de-soudure-textile\/","title":{"rendered":"Machines sp\u00e9ciales"},"content":{"rendered":"<div class=\"wpb-content-wrapper\"><p>[vc_row][vc_column][vc_column_text]<\/p>\n<div class=\"wpb_text_column wpb_content_element\">\n<div class=\"wpb_wrapper\">\n<h2>Machines de soudure textile &#8211; mat\u00e9riaux textiles tiss\u00e9s et intiss\u00e9s<\/h2>\n<p>Depuis 30 ans, SONIMAT est reconnu pour ses<strong> solutions de soudure et de d\u00e9coupe des mat\u00e9riaux textiles tiss\u00e9s et intiss\u00e9s<\/strong>.\u00a0Forts de cette expertise, nous proposons \u00e9galement \u00e0 nos clients la fabrication<strong> de machines sp\u00e9ciales<\/strong> int\u00e9grant nos proc\u00e9d\u00e9s de d\u00e9coupe et de soudure\u00a0ultrasons.<\/p>\n<p>Pour d&#8217;autres types de machines sp\u00e9ciales, les bureaux d&#8217;\u00e9tude SONIMAT sont pr\u00eats \u00e0 recevoir vos cahiers des charges et \u00e0 optimiser nos solutions en fonction de vos attentes techniques et \u00e9conomiques. Nous travaillons de plus avec plusieurs partenaires sp\u00e9cialis\u00e9s dans diff\u00e9rentes applications.<a href=\"https:\/\/sonimat.com\/contact\/\"> Contactez &#8211; nous !<\/a><\/p>\n<\/div>\n<\/div>\n<p>[\/vc_column_text][vc_empty_space][\/vc_column][\/vc_row][vc_row][vc_column][vc_column_text]<\/p>\n<h2 style=\"text-align: center;\">Exemples de machines sp\u00e9ciales de d\u00e9coupe et de soudure des textiles<\/h2>\n<p>[\/vc_column_text][vc_empty_space][\/vc_column][\/vc_row][vc_row el_class=&#8220;block-half-col&#8220;][vc_column][vc_row_inner content_placement=&#8220;middle&#8220; el_class=&#8220;range-alternance&#8220;][vc_column_inner width=&#8220;1\/2&#8243;][vc_column_text]<\/p>\n<h3>Machine de soudure textile : compresses<\/h3>\n<p>Cette machine sp\u00e9ciale a \u00e9t\u00e9 con\u00e7ue pour la fabrication de compresses. Elle d\u00e9roule et assemble les bobines de mati\u00e8res intiss\u00e9es, puis soude et d\u00e9coupe \u00e0 la forme, par ultrasons, le produit.[\/vc_column_text][\/vc_column_inner][vc_column_inner width=&#8220;1\/2&#8243;][vc_single_image image=&#8220;24089&#8243; img_size=&#8220;full&#8220; alignment=&#8220;center&#8220;][\/vc_column_inner][\/vc_row_inner][vc_row_inner content_placement=&#8220;middle&#8220;][vc_column_inner width=&#8220;1\/2&#8243;][vc_single_image image=&#8220;24094&#8243; img_size=&#8220;full&#8220; alignment=&#8220;center&#8220;][\/vc_column_inner][vc_column_inner width=&#8220;1\/2&#8243;][vc_column_text]<\/p>\n<h3>Machine d&#8217;ensachage d&#8217;intiss\u00e9s<\/h3>\n<p>Cette machine sp\u00e9ciale d\u00e9roule des bobines de mati\u00e8res intiss\u00e9es afin d&#8217;y disposer des \u00e9l\u00e9ments m\u00e9caniques.<br \/>\nEnsuite, elle soude par ultrasons l&#8217;intiss\u00e9 pour r\u00e9aliser l&#8217;ensachage.<\/p>\n<p>Exemple ici de ressorts ensach\u00e9s automatiquement.[\/vc_column_text][\/vc_column_inner][\/vc_row_inner][vc_row_inner content_placement=&#8220;middle&#8220; el_class=&#8220;range-alternance&#8220;][vc_column_inner width=&#8220;1\/2&#8243;][vc_column_text]<\/p>\n<h3>Composants\u00a0 de soudure ultrasons pour machines de fabrication de masques<\/h3>\n<p><a href=\"https:\/\/pol-mask.com\/badania\/\" target=\"_blank\" rel=\"noopener noreferrer\">TECHNOMATIC<\/a> a choisi SONIMAT pour la fourniture de <a href=\"https:\/\/sonimat.com\/sonotrode-ultrason-generateur-ultrason\/\" target=\"_blank\" rel=\"noopener noreferrer\">composants de soudure ultrasons<\/a> pour la fabrication de machines de production de masques\u00a0 FFP2\/FFP3. Nous leur fournissons les composants \u00e9l\u00e9mentaires ultrasons, du g\u00e9n\u00e9rateur \u00e0 la sonotrode, pr\u00e9-assembl\u00e9s, mis en r\u00e9sonance et test\u00e9s.<\/p>\n<p>Arnaud COSTE, directeur de TECHNOMATIC, appr\u00e9cie particuli\u00e8rement la <strong>qualit\u00e9 des produits<\/strong> (simplicit\u00e9 de mise en \u0153uvre, faible consommation d\u2019\u00e9nergie, rapidit\u00e9 et qualit\u00e9 de la soudure\u2026) et des <strong>services<\/strong> (conseil, expertise applicative, grande disponibilit\u00e9 et r\u00e9activit\u00e9 de nos \u00e9quipes support). A ce jour, SONIMAT et TECHNOMATIC vont bient\u00f4t atteindre les 10 machines r\u00e9alis\u00e9es, avec une grande satisfaction des clients finaux.[\/vc_column_text][\/vc_column_inner][vc_column_inner width=&#8220;1\/2&#8243; css=&#8220;.vc_custom_1632843268818{border-top-width: 1px !important;border-right-width: 1px !important;border-bottom-width: 1px !important;border-left-width: 1px !important;border-left-color: #e8e8e8 !important;border-left-style: solid !important;border-right-color: #e8e8e8 !important;border-right-style: solid !important;border-top-color: #e8e8e8 !important;border-top-style: solid !important;border-bottom-color: #e8e8e8 !important;border-bottom-style: solid !important;border-radius: 2px !important;}&#8220;][vc_empty_space height=&#8220;80px&#8220;][vc_video link=&#8220;https:\/\/youtu.be\/0ybdNtDjK2E?t=5&#8243;][vc_column_text]<span style=\"font-size: 0.8em;\"><em>\u00a9TECHNOMATIC \u2013 Pour voir la vid\u00e9o enti\u00e8re,\u00a0<a href=\"https:\/\/www.youtube.com\/watch?v=grMQcSYPZzA\" target=\"_blank\" rel=\"noopener noreferrer\">cliquez ici<\/a><\/em><\/span>[\/vc_column_text][vc_empty_space height=&#8220;80px&#8220;][\/vc_column_inner][\/vc_row_inner][\/vc_column][\/vc_row][vc_row][vc_column][vc_text_separator title=&#8220;&#8220; i_icon_fontawesome=&#8220;fas fa-handshake&#8220; i_color=&#8220;custom&#8220; i_background_style=&#8220;rounded-outline&#8220; i_background_color=&#8220;custom&#8220; i_size=&#8220;lg&#8220; add_icon=&#8220;true&#8220; i_custom_color=&#8220;#2f3787&#8243; i_custom_background_color=&#8220;#2f3787&#8243;][vc_column_text]<\/p>\n<h2 style=\"text-align: center;\">T\u00e9moignages utilisateurs<\/h2>\n<p>[\/vc_column_text][vc_column_text]&#8220;Avant m\u00eame d&#8217;\u00eatre clients, nous avions pu b\u00e9n\u00e9ficier du professionnalisme de SONIMAT, un partenaire r\u00e9actif et fiable, porteur de valeurs proches de celles qui nous animent. Leurs syst\u00e8mes de soudure Ultrasons nous ont permis d\u2019exploiter et d\u2019enrichir les performances de nos machines. Leurs faibles consommations d&#8217;\u00e9nergie alli\u00e9es \u00e0 la rapidit\u00e9 et \u00e0 la qualit\u00e9 de la soudure ont fait de SONIMAT un collaborateur id\u00e9al pour Technomatic-Group.&#8220;<\/p>\n<p><span style=\"color: #2f3787;\">Arnaud Coste, directeur g\u00e9n\u00e9ral \u2013 Technomatic-Group<\/span>[\/vc_column_text][vc_empty_space][\/vc_column][\/vc_row][vc_row][vc_column][vc_empty_space][\/vc_column][\/vc_row]<\/p>\n<\/div>","protected":false},"excerpt":{"rendered":"<p>[vc_row][vc_column][vc_column_text] Machines de soudure textile &#8211; mat\u00e9riaux textiles tiss\u00e9s et intiss\u00e9s Depuis 30 ans, SONIMAT est reconnu pour ses solutions de soudure et de d\u00e9coupe des mat\u00e9riaux textiles tiss\u00e9s et&hellip;<\/p>\n","protected":false},"author":1,"featured_media":24090,"parent":23122,"menu_order":0,"comment_status":"closed","ping_status":"closed","template":"","meta":{"_acf_changed":false,"footnotes":""},"class_list":["post-24088","page","type-page","status-publish","has-post-thumbnail","hentry"],"acf":[],"yoast_head":"<title>Machine de soudure textile ultrasons - pour tiss\u00e9s et non-tiss\u00e9s| SONIMAT<\/title>\n<meta name=\"description\" content=\"SONIMAT con\u00e7oit et fabrique votre machine de soudure textile par ultrasons. Pour mat\u00e9riaux tiss\u00e9s, intiss\u00e9s et int\u00e9grant la d\u00e9coupe ultrason des produits.\" \/>\n<meta name=\"robots\" content=\"index, follow, max-snippet:-1, max-image-preview:large, max-video-preview:-1\" \/>\n<link rel=\"canonical\" href=\"https:\/\/sonimat.com\/de\/textilien-schweissen-schneiden\/produkte\/machine-de-soudure-textile\/\" \/>\n<meta property=\"og:locale\" content=\"de_DE\" \/>\n<meta property=\"og:type\" content=\"article\" \/>\n<meta property=\"og:title\" content=\"Machine de soudure textile ultrasons - pour tiss\u00e9s et non-tiss\u00e9s| SONIMAT\" \/>\n<meta property=\"og:description\" content=\"SONIMAT con\u00e7oit et fabrique votre machine de soudure textile par ultrasons. Pour mat\u00e9riaux tiss\u00e9s, intiss\u00e9s et int\u00e9grant la d\u00e9coupe ultrason des produits.\" \/>\n<meta property=\"og:url\" content=\"https:\/\/sonimat.com\/de\/textilien-schweissen-schneiden\/produkte\/machine-de-soudure-textile\/\" \/>\n<meta property=\"og:site_name\" content=\"SONIMAT\" \/>\n<meta property=\"article:modified_time\" content=\"2023-04-17T14:42:57+00:00\" \/>\n<meta property=\"og:image\" content=\"https:\/\/sonimat.com\/wp-content\/uploads\/sites\/9\/2019\/04\/machine-soudure-uiltrasons-textile-e1586883393723.jpg\" \/>\n\t<meta property=\"og:image:width\" content=\"2000\" \/>\n\t<meta property=\"og:image:height\" content=\"680\" \/>\n\t<meta property=\"og:image:type\" content=\"image\/jpeg\" \/>\n<meta name=\"twitter:card\" content=\"summary_large_image\" \/>\n<meta name=\"twitter:site\" content=\"@EuropeTechno\" \/>\n<meta name=\"twitter:label1\" content=\"Gesch\u00e4tzte Lesezeit\" \/>\n\t<meta name=\"twitter:data1\" content=\"4\u00a0Minuten\" \/>\n<script type=\"application\/ld+json\" class=\"yoast-schema-graph\">{\"@context\":\"https:\\\/\\\/schema.org\",\"@graph\":[{\"@type\":\"WebPage\",\"@id\":\"https:\\\/\\\/sonimat.com\\\/de\\\/textilien-schweissen-schneiden\\\/produkte\\\/machine-de-soudure-textile\\\/\",\"url\":\"https:\\\/\\\/sonimat.com\\\/de\\\/textilien-schweissen-schneiden\\\/produkte\\\/machine-de-soudure-textile\\\/\",\"name\":\"Machine de soudure textile ultrasons - pour tiss\u00e9s et non-tiss\u00e9s| SONIMAT\",\"isPartOf\":{\"@id\":\"https:\\\/\\\/sonimat.com\\\/#website\"},\"primaryImageOfPage\":{\"@id\":\"https:\\\/\\\/sonimat.com\\\/de\\\/textilien-schweissen-schneiden\\\/produkte\\\/machine-de-soudure-textile\\\/#primaryimage\"},\"image\":{\"@id\":\"https:\\\/\\\/sonimat.com\\\/de\\\/textilien-schweissen-schneiden\\\/produkte\\\/machine-de-soudure-textile\\\/#primaryimage\"},\"thumbnailUrl\":\"https:\\\/\\\/sonimat.com\\\/wp-content\\\/uploads\\\/sites\\\/9\\\/2019\\\/04\\\/machine-soudure-uiltrasons-textile-e1586883393723.jpg\",\"datePublished\":\"2018-10-15T11:39:43+00:00\",\"dateModified\":\"2023-04-17T14:42:57+00:00\",\"description\":\"SONIMAT con\u00e7oit et fabrique votre machine de soudure textile par ultrasons. Pour mat\u00e9riaux tiss\u00e9s, intiss\u00e9s et int\u00e9grant la d\u00e9coupe ultrason des produits.\",\"breadcrumb\":{\"@id\":\"https:\\\/\\\/sonimat.com\\\/de\\\/textilien-schweissen-schneiden\\\/produkte\\\/machine-de-soudure-textile\\\/#breadcrumb\"},\"inLanguage\":\"de\",\"potentialAction\":[{\"@type\":\"ReadAction\",\"target\":[\"https:\\\/\\\/sonimat.com\\\/de\\\/textilien-schweissen-schneiden\\\/produkte\\\/machine-de-soudure-textile\\\/\"]}]},{\"@type\":\"ImageObject\",\"inLanguage\":\"de\",\"@id\":\"https:\\\/\\\/sonimat.com\\\/de\\\/textilien-schweissen-schneiden\\\/produkte\\\/machine-de-soudure-textile\\\/#primaryimage\",\"url\":\"https:\\\/\\\/sonimat.com\\\/wp-content\\\/uploads\\\/sites\\\/9\\\/2019\\\/04\\\/machine-soudure-uiltrasons-textile-e1586883393723.jpg\",\"contentUrl\":\"https:\\\/\\\/sonimat.com\\\/wp-content\\\/uploads\\\/sites\\\/9\\\/2019\\\/04\\\/machine-soudure-uiltrasons-textile-e1586883393723.jpg\",\"width\":2000,\"height\":680},{\"@type\":\"BreadcrumbList\",\"@id\":\"https:\\\/\\\/sonimat.com\\\/de\\\/textilien-schweissen-schneiden\\\/produkte\\\/machine-de-soudure-textile\\\/#breadcrumb\",\"itemListElement\":[{\"@type\":\"ListItem\",\"position\":1,\"name\":\"Accueil\",\"item\":\"https:\\\/\\\/sonimat.com\\\/de\\\/\"},{\"@type\":\"ListItem\",\"position\":2,\"name\":\"Textilien\",\"item\":\"https:\\\/\\\/sonimat.com\\\/de\\\/textilien-schweissen-schneiden\\\/\"},{\"@type\":\"ListItem\",\"position\":3,\"name\":\"Produkte\",\"item\":\"https:\\\/\\\/sonimat.com\\\/de\\\/textilien-schweissen-schneiden\\\/produkte\\\/\"},{\"@type\":\"ListItem\",\"position\":4,\"name\":\"Machines sp\u00e9ciales\"}]},{\"@type\":\"WebSite\",\"@id\":\"https:\\\/\\\/sonimat.com\\\/#website\",\"url\":\"https:\\\/\\\/sonimat.com\\\/\",\"name\":\"SONIMAT\",\"description\":\"\",\"potentialAction\":[{\"@type\":\"SearchAction\",\"target\":{\"@type\":\"EntryPoint\",\"urlTemplate\":\"https:\\\/\\\/sonimat.com\\\/?s={search_term_string}\"},\"query-input\":{\"@type\":\"PropertyValueSpecification\",\"valueRequired\":true,\"valueName\":\"search_term_string\"}}],\"inLanguage\":\"de\"}]}<\/script>","yoast_head_json":{"title":"Machine de soudure textile ultrasons - pour tiss\u00e9s et non-tiss\u00e9s| SONIMAT","description":"SONIMAT con\u00e7oit et fabrique votre machine de soudure textile par ultrasons. Pour mat\u00e9riaux tiss\u00e9s, intiss\u00e9s et int\u00e9grant la d\u00e9coupe ultrason des produits.","robots":{"index":"index","follow":"follow","max-snippet":"max-snippet:-1","max-image-preview":"max-image-preview:large","max-video-preview":"max-video-preview:-1"},"canonical":"https:\/\/sonimat.com\/de\/textilien-schweissen-schneiden\/produkte\/machine-de-soudure-textile\/","og_locale":"de_DE","og_type":"article","og_title":"Machine de soudure textile ultrasons - pour tiss\u00e9s et non-tiss\u00e9s| SONIMAT","og_description":"SONIMAT con\u00e7oit et fabrique votre machine de soudure textile par ultrasons. Pour mat\u00e9riaux tiss\u00e9s, intiss\u00e9s et int\u00e9grant la d\u00e9coupe ultrason des produits.","og_url":"https:\/\/sonimat.com\/de\/textilien-schweissen-schneiden\/produkte\/machine-de-soudure-textile\/","og_site_name":"SONIMAT","article_modified_time":"2023-04-17T14:42:57+00:00","og_image":[{"width":2000,"height":680,"url":"https:\/\/sonimat.com\/wp-content\/uploads\/sites\/9\/2019\/04\/machine-soudure-uiltrasons-textile-e1586883393723.jpg","type":"image\/jpeg"}],"twitter_card":"summary_large_image","twitter_site":"@EuropeTechno","twitter_misc":{"Gesch\u00e4tzte Lesezeit":"4\u00a0Minuten"},"schema":{"@context":"https:\/\/schema.org","@graph":[{"@type":"WebPage","@id":"https:\/\/sonimat.com\/de\/textilien-schweissen-schneiden\/produkte\/machine-de-soudure-textile\/","url":"https:\/\/sonimat.com\/de\/textilien-schweissen-schneiden\/produkte\/machine-de-soudure-textile\/","name":"Machine de soudure textile ultrasons - pour tiss\u00e9s et non-tiss\u00e9s| SONIMAT","isPartOf":{"@id":"https:\/\/sonimat.com\/#website"},"primaryImageOfPage":{"@id":"https:\/\/sonimat.com\/de\/textilien-schweissen-schneiden\/produkte\/machine-de-soudure-textile\/#primaryimage"},"image":{"@id":"https:\/\/sonimat.com\/de\/textilien-schweissen-schneiden\/produkte\/machine-de-soudure-textile\/#primaryimage"},"thumbnailUrl":"https:\/\/sonimat.com\/wp-content\/uploads\/sites\/9\/2019\/04\/machine-soudure-uiltrasons-textile-e1586883393723.jpg","datePublished":"2018-10-15T11:39:43+00:00","dateModified":"2023-04-17T14:42:57+00:00","description":"SONIMAT con\u00e7oit et fabrique votre machine de soudure textile par ultrasons. Pour mat\u00e9riaux tiss\u00e9s, intiss\u00e9s et int\u00e9grant la d\u00e9coupe ultrason des produits.","breadcrumb":{"@id":"https:\/\/sonimat.com\/de\/textilien-schweissen-schneiden\/produkte\/machine-de-soudure-textile\/#breadcrumb"},"inLanguage":"de","potentialAction":[{"@type":"ReadAction","target":["https:\/\/sonimat.com\/de\/textilien-schweissen-schneiden\/produkte\/machine-de-soudure-textile\/"]}]},{"@type":"ImageObject","inLanguage":"de","@id":"https:\/\/sonimat.com\/de\/textilien-schweissen-schneiden\/produkte\/machine-de-soudure-textile\/#primaryimage","url":"https:\/\/sonimat.com\/wp-content\/uploads\/sites\/9\/2019\/04\/machine-soudure-uiltrasons-textile-e1586883393723.jpg","contentUrl":"https:\/\/sonimat.com\/wp-content\/uploads\/sites\/9\/2019\/04\/machine-soudure-uiltrasons-textile-e1586883393723.jpg","width":2000,"height":680},{"@type":"BreadcrumbList","@id":"https:\/\/sonimat.com\/de\/textilien-schweissen-schneiden\/produkte\/machine-de-soudure-textile\/#breadcrumb","itemListElement":[{"@type":"ListItem","position":1,"name":"Accueil","item":"https:\/\/sonimat.com\/de\/"},{"@type":"ListItem","position":2,"name":"Textilien","item":"https:\/\/sonimat.com\/de\/textilien-schweissen-schneiden\/"},{"@type":"ListItem","position":3,"name":"Produkte","item":"https:\/\/sonimat.com\/de\/textilien-schweissen-schneiden\/produkte\/"},{"@type":"ListItem","position":4,"name":"Machines sp\u00e9ciales"}]},{"@type":"WebSite","@id":"https:\/\/sonimat.com\/#website","url":"https:\/\/sonimat.com\/","name":"SONIMAT","description":"","potentialAction":[{"@type":"SearchAction","target":{"@type":"EntryPoint","urlTemplate":"https:\/\/sonimat.com\/?s={search_term_string}"},"query-input":{"@type":"PropertyValueSpecification","valueRequired":true,"valueName":"search_term_string"}}],"inLanguage":"de"}]}},"_links":{"self":[{"href":"https:\/\/sonimat.com\/de\/wp-json\/wp\/v2\/pages\/24088","targetHints":{"allow":["GET"]}}],"collection":[{"href":"https:\/\/sonimat.com\/de\/wp-json\/wp\/v2\/pages"}],"about":[{"href":"https:\/\/sonimat.com\/de\/wp-json\/wp\/v2\/types\/page"}],"author":[{"embeddable":true,"href":"https:\/\/sonimat.com\/de\/wp-json\/wp\/v2\/users\/1"}],"replies":[{"embeddable":true,"href":"https:\/\/sonimat.com\/de\/wp-json\/wp\/v2\/comments?post=24088"}],"version-history":[{"count":24,"href":"https:\/\/sonimat.com\/de\/wp-json\/wp\/v2\/pages\/24088\/revisions"}],"predecessor-version":[{"id":24316,"href":"https:\/\/sonimat.com\/de\/wp-json\/wp\/v2\/pages\/24088\/revisions\/24316"}],"up":[{"embeddable":true,"href":"https:\/\/sonimat.com\/de\/wp-json\/wp\/v2\/pages\/23122"}],"wp:featuredmedia":[{"embeddable":true,"href":"https:\/\/sonimat.com\/de\/wp-json\/wp\/v2\/media\/24090"}],"wp:attachment":[{"href":"https:\/\/sonimat.com\/de\/wp-json\/wp\/v2\/media?parent=24088"}],"curies":[{"name":"wp","href":"https:\/\/api.w.org\/{rel}","templated":true}]}}