{"id":24001,"date":"2019-03-25T12:03:30","date_gmt":"2019-03-25T11:03:30","guid":{"rendered":"https:\/\/sonimat.com\/composants-ultrasons\/"},"modified":"2024-11-15T09:38:48","modified_gmt":"2024-11-15T08:38:48","slug":"ultraschall-komponenten","status":"publish","type":"page","link":"https:\/\/sonimat.com\/de\/schneidemaschine-fuer-lebensmittel\/produkte\/ultraschall-komponenten\/","title":{"rendered":"Ultraschall-Komponenten"},"content":{"rendered":"<div class=\"wpb-content-wrapper\"><p>[vc_row][vc_column][vc_column_text css_animation=&#8220;none&#8220; css=&#8220;&#8220;]<\/p>\n<h2>Ultraschallwerkzeuge und -komponenten f\u00fcr die Lebensmittelindustrie<\/h2>\n<p>[\/vc_column_text][vc_row_inner gap=&#8220;35&#8243;][vc_column_inner width=&#8220;2\/3&#8243;][vc_column_text css_animation=&#8220;none&#8220; css=&#8220;&#8220;]SONIMAT verf\u00fcgt \u00fcber ein umfassendes Know-how in der Ultraschalltechnologie, das wir zur Entwicklung, Herstellung und Kontrolle von Ultraschallkomponenten in unseren Werkst\u00e4tten nutzen: Schneidsonotroden, Booster, piezoelektrische Wandler usw.<\/p>\n<h3>SCHNEIDSONOTRODE<\/h3>\n<p>Unsere Schneidsonotroden sind aus lebensmitteltauglichem Titan hergestellt und werden mit einem entsprechenden Zertifikat geliefert.<\/p>\n<p>Wir verf\u00fcgen \u00fcber Standardschneidklingen mit unterschiedlichen Formen: asymmetrisch, keilf\u00f6rmig, mit parallelen Kanten und exponentiell gewellt.<\/p>\n<p>Jede Klinge erf\u00fcllt einen anderen Zweck: Schneiden und Umdrehen, Schneiden und Abf\u00fchren oder Zerteilen, ohne das Produkt vollst\u00e4ndig abzutrennen.[\/vc_column_text][\/vc_column_inner][vc_column_inner width=&#8220;1\/3&#8243;]<div class=\"ult-content-box-container \" >\t<a class=\"ult-content-box-anchor\" href=\"https:\/\/sonimat.com\/en\/downloads\/\" title=\"Laden Sie unsere Brosch\u00fcre \u00fcber Ultraschallwerkzeuge f\u00fcr die Lebensmittelindustrie herunter.\" >\t\t<div class=\"ult-content-box\" style=\"background-color:#009DE026;box-shadow: px px px px none;padding:25px;-webkit-transition: all 700ms ease;-moz-transition: all 700ms ease;-ms-transition: all 700ms ease;-o-transition: all 700ms ease;transition: all 700ms ease;\"  data-hover_bg_color=\"#CD5B1B26\"  data-hover_box_shadow=\"none\"     data-bg=\"#009DE026\" >[vc_icon icon_fontawesome=&#8220;fas fa-download&#8220; color=&#8220;custom&#8220; background_style=&#8220;rounded-outline&#8220; background_color=&#8220;custom&#8220; size=&#8220;xl&#8220; align=&#8220;center&#8220; custom_color=&#8220;#cd5b1b&#8220; custom_background_color=&#8220;#cd5b1b&#8220;][vc_column_text css=&#8220;&#8220;]<\/p>\n<p style=\"text-align: center;\">Downloaden Sie unsere Brosch\u00fcre, um mehr \u00fcber die Ultraschallwerkzeuge f\u00fcr die Lebensmittelindustrie zu erfahren!<\/p>\n<p style=\"text-align: center;\"><span style=\"font-size: 0.8em;\">Abschnitt &#8222;Food-industry&#8220;, Broch\u00fcre 0 &#8211; &#8222;Ultrasonic components for the food-industry&#8220; (in english)<\/span><\/p>\n<p>[\/vc_column_text]\t\t<\/div>\t<\/a><\/div>[\/vc_column_inner][\/vc_row_inner][\/vc_column][\/vc_row][vc_row][vc_column width=&#8220;2\/3&#8243;][vc_row_inner][vc_column_inner width=&#8220;1\/3&#8243;][vc_single_image image=&#8220;31114&#8243; img_size=&#8220;225&#215;225&#8243; add_caption=&#8220;yes&#8220; alignment=&#8220;center&#8220; css=&#8220;&#8220; image_hover=&#8220;&#8220;][vc_single_image image=&#8220;31123&#8243; img_size=&#8220;225&#215;225&#8243; add_caption=&#8220;yes&#8220; alignment=&#8220;center&#8220; css=&#8220;&#8220; image_hover=&#8220;&#8220;][\/vc_column_inner][vc_column_inner width=&#8220;1\/3&#8243;][vc_single_image image=&#8220;31117&#8243; img_size=&#8220;225&#215;225&#8243; add_caption=&#8220;yes&#8220; alignment=&#8220;center&#8220; css=&#8220;&#8220; image_hover=&#8220;&#8220;][vc_single_image image=&#8220;31126&#8243; img_size=&#8220;225&#215;225&#8243; add_caption=&#8220;yes&#8220; alignment=&#8220;center&#8220; css=&#8220;&#8220; image_hover=&#8220;&#8220;][\/vc_column_inner][vc_column_inner width=&#8220;1\/3&#8243;][vc_single_image image=&#8220;31111&#8243; img_size=&#8220;225&#215;225&#8243; add_caption=&#8220;yes&#8220; alignment=&#8220;center&#8220; css=&#8220;&#8220; image_hover=&#8220;&#8220;][vc_single_image image=&#8220;31120&#8243; img_size=&#8220;225&#215;225&#8243; add_caption=&#8220;yes&#8220; alignment=&#8220;center&#8220; css=&#8220;&#8220; image_hover=&#8220;&#8220;][\/vc_column_inner][\/vc_row_inner][\/vc_column][vc_column width=&#8220;1\/3&#8243;][vc_single_image image=&#8220;31004&#8243; img_size=&#8220;200*200&#8243; alignment=&#8220;center&#8220; css=&#8220;&#8220; image_hover=&#8220;&#8220;]<div class=\"ult-content-box-container \" >\t\t<div class=\"ult-content-box\" style=\"background-color:#009de0;box-shadow: px px px px none;padding-top:25px;padding-right:25px;padding-bottom:12px;padding-left:25px;-webkit-transition: all 700ms ease;-moz-transition: all 700ms ease;-ms-transition: all 700ms ease;-o-transition: all 700ms ease;transition: all 700ms ease;\"  data-hover_bg_color=\"#2f3787\"  data-hover_box_shadow=\"none\"     data-bg=\"#009de0\" >[vc_column_text css=&#8220;.vc_custom_1731596925150{background-color: #FFFFFF00 !important;}&#8220;]<span style=\"color: #ffffff;\"><strong>Ihre Schneidanwendung erfordert die Entwicklung einer neuen Sonotrode?<\/strong><\/span><\/p>\n<p><span style=\"color: #ffffff;\">SONIMAT arbeitet eng mit seinen Kunden zusammen, um Sonotroden zu entwickeln, zu entwerfen, zu fertigen und einzustellen, die deren Anforderungen entsprechen.<\/span>[\/vc_column_text][vc_btn title=&#8220;Kontaktieren Sie Uns !&#8220; style=&#8220;custom&#8220; custom_background=&#8220;#CD5B1B&#8220; custom_text=&#8220;#FFFFFF&#8220; align=&#8220;center&#8220; css=&#8220;&#8220; link=&#8220;url:https%3A%2F%2Fsonimat.com%2Fde%2Fkontakt%2F|target:_blank&#8220;]\t\t<\/div><\/div>[\/vc_column][\/vc_row][vc_row][vc_column][vc_empty_space][vc_row_inner][vc_column_inner width=&#8220;1\/2&#8243;][vc_column_text css=&#8220;&#8220;]<\/p>\n<h3>WANDLER UND BOOSTER<\/h3>\n<p>Der <strong>piezoelektrische Wandler<\/strong> (oder Transducer) wandelt die vom Generator erzeugte elektrische Frequenz von 20.000\u00a0Hz in mechanische Schwingungen mit derselben Frequenz um. Nun handelt es sich um mechanische Energie.<\/p>\n<p>Anschlie\u00dfend vergr\u00f6\u00dfert oder verkleinert der <strong>Booster<\/strong> (oder Amplitudenverst\u00e4rker) die vom <strong>Wandler<\/strong> erzeugte Amplitude. Dadurch wird die <strong>Schneidsonotrode<\/strong> in Bewegung versetzt.<\/p>\n<p>Wir bieten die wasserdichte Modellreihe CR20 an.[\/vc_column_text][\/vc_column_inner][vc_column_inner width=&#8220;1\/2&#8243;][vc_single_image image=&#8220;31129&#8243; img_size=&#8220;585&#215;520&#8243; alignment=&#8220;center&#8220; css=&#8220;&#8220; image_hover=&#8220;&#8220;][\/vc_column_inner][\/vc_row_inner][vc_empty_space][\/vc_column][\/vc_row]<\/p>\n<\/div>","protected":false},"excerpt":{"rendered":"<p>[vc_row][vc_column][vc_column_text css_animation=&#8220;none&#8220; css=&#8220;&#8220;] Ultraschallwerkzeuge und -komponenten f\u00fcr die Lebensmittelindustrie [\/vc_column_text][vc_row_inner gap=&#8220;35&#8243;][vc_column_inner width=&#8220;2\/3&#8243;][vc_column_text css_animation=&#8220;none&#8220; css=&#8220;&#8220;]SONIMAT verf\u00fcgt \u00fcber ein umfassendes Know-how in der Ultraschalltechnologie, das wir zur Entwicklung, Herstellung und Kontrolle von&hellip;<\/p>\n","protected":false},"author":3,"featured_media":23135,"parent":24173,"menu_order":0,"comment_status":"closed","ping_status":"closed","template":"","meta":{"_acf_changed":false,"footnotes":""},"class_list":["post-24001","page","type-page","status-publish","has-post-thumbnail","hentry"],"acf":[],"yoast_head":"<title>Ultraschallwerkzeuge - Ultraschallkomponenten Lebenstmitteln | SONIMAT<\/title>\n<meta name=\"description\" content=\"SONIMAT bietet Ihnen eine breite Palette an Ultraschallkomponenten in der Lebensmittelindustrie: Sonotrode f\u00fcr das Schniden, Konverter, Booster usw.\" \/>\n<meta name=\"robots\" content=\"index, follow, max-snippet:-1, max-image-preview:large, max-video-preview:-1\" \/>\n<link rel=\"canonical\" href=\"https:\/\/sonimat.com\/de\/schneidemaschine-fuer-lebensmittel\/produkte\/ultraschall-komponenten\/\" \/>\n<meta property=\"og:locale\" content=\"de_DE\" \/>\n<meta property=\"og:type\" content=\"article\" \/>\n<meta property=\"og:title\" content=\"Ultraschallwerkzeuge - Ultraschallkomponenten Lebenstmitteln | SONIMAT\" \/>\n<meta property=\"og:description\" content=\"SONIMAT bietet Ihnen eine breite Palette an Ultraschallkomponenten in der Lebensmittelindustrie: Sonotrode f\u00fcr das Schniden, Konverter, Booster usw.\" \/>\n<meta property=\"og:url\" content=\"https:\/\/sonimat.com\/de\/schneidemaschine-fuer-lebensmittel\/produkte\/ultraschall-komponenten\/\" \/>\n<meta property=\"og:site_name\" content=\"SONIMAT\" \/>\n<meta property=\"article:modified_time\" content=\"2024-11-15T08:38:48+00:00\" \/>\n<meta property=\"og:image\" content=\"https:\/\/sonimat.com\/wp-content\/uploads\/sites\/9\/2019\/03\/tranchage-ultrasons-agroalimentaire.jpg\" \/>\n\t<meta property=\"og:image:width\" content=\"2000\" \/>\n\t<meta property=\"og:image:height\" content=\"1000\" \/>\n\t<meta property=\"og:image:type\" content=\"image\/jpeg\" \/>\n<meta name=\"twitter:card\" content=\"summary_large_image\" \/>\n<meta name=\"twitter:site\" content=\"@EuropeTechno\" \/>\n<meta name=\"twitter:label1\" content=\"Gesch\u00e4tzte Lesezeit\" \/>\n\t<meta name=\"twitter:data1\" content=\"3\u00a0Minuten\" \/>\n<script type=\"application\/ld+json\" class=\"yoast-schema-graph\">{\"@context\":\"https:\\\/\\\/schema.org\",\"@graph\":[{\"@type\":\"WebPage\",\"@id\":\"https:\\\/\\\/sonimat.com\\\/de\\\/schneidemaschine-fuer-lebensmittel\\\/produkte\\\/ultraschall-komponenten\\\/\",\"url\":\"https:\\\/\\\/sonimat.com\\\/de\\\/schneidemaschine-fuer-lebensmittel\\\/produkte\\\/ultraschall-komponenten\\\/\",\"name\":\"Ultraschallwerkzeuge - Ultraschallkomponenten Lebenstmitteln | SONIMAT\",\"isPartOf\":{\"@id\":\"https:\\\/\\\/sonimat.com\\\/#website\"},\"primaryImageOfPage\":{\"@id\":\"https:\\\/\\\/sonimat.com\\\/de\\\/schneidemaschine-fuer-lebensmittel\\\/produkte\\\/ultraschall-komponenten\\\/#primaryimage\"},\"image\":{\"@id\":\"https:\\\/\\\/sonimat.com\\\/de\\\/schneidemaschine-fuer-lebensmittel\\\/produkte\\\/ultraschall-komponenten\\\/#primaryimage\"},\"thumbnailUrl\":\"https:\\\/\\\/sonimat.com\\\/wp-content\\\/uploads\\\/sites\\\/9\\\/2019\\\/03\\\/tranchage-ultrasons-agroalimentaire.jpg\",\"datePublished\":\"2019-03-25T11:03:30+00:00\",\"dateModified\":\"2024-11-15T08:38:48+00:00\",\"description\":\"SONIMAT bietet Ihnen eine breite Palette an Ultraschallkomponenten in der Lebensmittelindustrie: Sonotrode f\u00fcr das Schniden, Konverter, Booster usw.\",\"breadcrumb\":{\"@id\":\"https:\\\/\\\/sonimat.com\\\/de\\\/schneidemaschine-fuer-lebensmittel\\\/produkte\\\/ultraschall-komponenten\\\/#breadcrumb\"},\"inLanguage\":\"de\",\"potentialAction\":[{\"@type\":\"ReadAction\",\"target\":[\"https:\\\/\\\/sonimat.com\\\/de\\\/schneidemaschine-fuer-lebensmittel\\\/produkte\\\/ultraschall-komponenten\\\/\"]}]},{\"@type\":\"ImageObject\",\"inLanguage\":\"de\",\"@id\":\"https:\\\/\\\/sonimat.com\\\/de\\\/schneidemaschine-fuer-lebensmittel\\\/produkte\\\/ultraschall-komponenten\\\/#primaryimage\",\"url\":\"https:\\\/\\\/sonimat.com\\\/wp-content\\\/uploads\\\/sites\\\/9\\\/2019\\\/03\\\/tranchage-ultrasons-agroalimentaire.jpg\",\"contentUrl\":\"https:\\\/\\\/sonimat.com\\\/wp-content\\\/uploads\\\/sites\\\/9\\\/2019\\\/03\\\/tranchage-ultrasons-agroalimentaire.jpg\",\"width\":2000,\"height\":1000,\"caption\":\"tranchage ultrasons agroalimentaire - SONIMAT\"},{\"@type\":\"BreadcrumbList\",\"@id\":\"https:\\\/\\\/sonimat.com\\\/de\\\/schneidemaschine-fuer-lebensmittel\\\/produkte\\\/ultraschall-komponenten\\\/#breadcrumb\",\"itemListElement\":[{\"@type\":\"ListItem\",\"position\":1,\"name\":\"Accueil\",\"item\":\"https:\\\/\\\/sonimat.com\\\/de\\\/\"},{\"@type\":\"ListItem\",\"position\":2,\"name\":\"Lebensmittelindustrie\",\"item\":\"https:\\\/\\\/sonimat.com\\\/de\\\/schneidemaschine-fuer-lebensmittel\\\/\"},{\"@type\":\"ListItem\",\"position\":3,\"name\":\"Produkte\",\"item\":\"https:\\\/\\\/sonimat.com\\\/de\\\/schneidemaschine-fuer-lebensmittel\\\/produkte\\\/\"},{\"@type\":\"ListItem\",\"position\":4,\"name\":\"Ultraschall-Komponenten\"}]},{\"@type\":\"WebSite\",\"@id\":\"https:\\\/\\\/sonimat.com\\\/#website\",\"url\":\"https:\\\/\\\/sonimat.com\\\/\",\"name\":\"SONIMAT\",\"description\":\"\",\"potentialAction\":[{\"@type\":\"SearchAction\",\"target\":{\"@type\":\"EntryPoint\",\"urlTemplate\":\"https:\\\/\\\/sonimat.com\\\/?s={search_term_string}\"},\"query-input\":{\"@type\":\"PropertyValueSpecification\",\"valueRequired\":true,\"valueName\":\"search_term_string\"}}],\"inLanguage\":\"de\"}]}<\/script>","yoast_head_json":{"title":"Ultraschallwerkzeuge - Ultraschallkomponenten Lebenstmitteln | SONIMAT","description":"SONIMAT bietet Ihnen eine breite Palette an Ultraschallkomponenten in der Lebensmittelindustrie: Sonotrode f\u00fcr das Schniden, Konverter, Booster usw.","robots":{"index":"index","follow":"follow","max-snippet":"max-snippet:-1","max-image-preview":"max-image-preview:large","max-video-preview":"max-video-preview:-1"},"canonical":"https:\/\/sonimat.com\/de\/schneidemaschine-fuer-lebensmittel\/produkte\/ultraschall-komponenten\/","og_locale":"de_DE","og_type":"article","og_title":"Ultraschallwerkzeuge - Ultraschallkomponenten Lebenstmitteln | SONIMAT","og_description":"SONIMAT bietet Ihnen eine breite Palette an Ultraschallkomponenten in der Lebensmittelindustrie: Sonotrode f\u00fcr das Schniden, Konverter, Booster usw.","og_url":"https:\/\/sonimat.com\/de\/schneidemaschine-fuer-lebensmittel\/produkte\/ultraschall-komponenten\/","og_site_name":"SONIMAT","article_modified_time":"2024-11-15T08:38:48+00:00","og_image":[{"width":2000,"height":1000,"url":"https:\/\/sonimat.com\/wp-content\/uploads\/sites\/9\/2019\/03\/tranchage-ultrasons-agroalimentaire.jpg","type":"image\/jpeg"}],"twitter_card":"summary_large_image","twitter_site":"@EuropeTechno","twitter_misc":{"Gesch\u00e4tzte Lesezeit":"3\u00a0Minuten"},"schema":{"@context":"https:\/\/schema.org","@graph":[{"@type":"WebPage","@id":"https:\/\/sonimat.com\/de\/schneidemaschine-fuer-lebensmittel\/produkte\/ultraschall-komponenten\/","url":"https:\/\/sonimat.com\/de\/schneidemaschine-fuer-lebensmittel\/produkte\/ultraschall-komponenten\/","name":"Ultraschallwerkzeuge - Ultraschallkomponenten Lebenstmitteln | SONIMAT","isPartOf":{"@id":"https:\/\/sonimat.com\/#website"},"primaryImageOfPage":{"@id":"https:\/\/sonimat.com\/de\/schneidemaschine-fuer-lebensmittel\/produkte\/ultraschall-komponenten\/#primaryimage"},"image":{"@id":"https:\/\/sonimat.com\/de\/schneidemaschine-fuer-lebensmittel\/produkte\/ultraschall-komponenten\/#primaryimage"},"thumbnailUrl":"https:\/\/sonimat.com\/wp-content\/uploads\/sites\/9\/2019\/03\/tranchage-ultrasons-agroalimentaire.jpg","datePublished":"2019-03-25T11:03:30+00:00","dateModified":"2024-11-15T08:38:48+00:00","description":"SONIMAT bietet Ihnen eine breite Palette an Ultraschallkomponenten in der Lebensmittelindustrie: Sonotrode f\u00fcr das Schniden, Konverter, Booster usw.","breadcrumb":{"@id":"https:\/\/sonimat.com\/de\/schneidemaschine-fuer-lebensmittel\/produkte\/ultraschall-komponenten\/#breadcrumb"},"inLanguage":"de","potentialAction":[{"@type":"ReadAction","target":["https:\/\/sonimat.com\/de\/schneidemaschine-fuer-lebensmittel\/produkte\/ultraschall-komponenten\/"]}]},{"@type":"ImageObject","inLanguage":"de","@id":"https:\/\/sonimat.com\/de\/schneidemaschine-fuer-lebensmittel\/produkte\/ultraschall-komponenten\/#primaryimage","url":"https:\/\/sonimat.com\/wp-content\/uploads\/sites\/9\/2019\/03\/tranchage-ultrasons-agroalimentaire.jpg","contentUrl":"https:\/\/sonimat.com\/wp-content\/uploads\/sites\/9\/2019\/03\/tranchage-ultrasons-agroalimentaire.jpg","width":2000,"height":1000,"caption":"tranchage ultrasons agroalimentaire - SONIMAT"},{"@type":"BreadcrumbList","@id":"https:\/\/sonimat.com\/de\/schneidemaschine-fuer-lebensmittel\/produkte\/ultraschall-komponenten\/#breadcrumb","itemListElement":[{"@type":"ListItem","position":1,"name":"Accueil","item":"https:\/\/sonimat.com\/de\/"},{"@type":"ListItem","position":2,"name":"Lebensmittelindustrie","item":"https:\/\/sonimat.com\/de\/schneidemaschine-fuer-lebensmittel\/"},{"@type":"ListItem","position":3,"name":"Produkte","item":"https:\/\/sonimat.com\/de\/schneidemaschine-fuer-lebensmittel\/produkte\/"},{"@type":"ListItem","position":4,"name":"Ultraschall-Komponenten"}]},{"@type":"WebSite","@id":"https:\/\/sonimat.com\/#website","url":"https:\/\/sonimat.com\/","name":"SONIMAT","description":"","potentialAction":[{"@type":"SearchAction","target":{"@type":"EntryPoint","urlTemplate":"https:\/\/sonimat.com\/?s={search_term_string}"},"query-input":{"@type":"PropertyValueSpecification","valueRequired":true,"valueName":"search_term_string"}}],"inLanguage":"de"}]}},"_links":{"self":[{"href":"https:\/\/sonimat.com\/de\/wp-json\/wp\/v2\/pages\/24001","targetHints":{"allow":["GET"]}}],"collection":[{"href":"https:\/\/sonimat.com\/de\/wp-json\/wp\/v2\/pages"}],"about":[{"href":"https:\/\/sonimat.com\/de\/wp-json\/wp\/v2\/types\/page"}],"author":[{"embeddable":true,"href":"https:\/\/sonimat.com\/de\/wp-json\/wp\/v2\/users\/3"}],"replies":[{"embeddable":true,"href":"https:\/\/sonimat.com\/de\/wp-json\/wp\/v2\/comments?post=24001"}],"version-history":[{"count":71,"href":"https:\/\/sonimat.com\/de\/wp-json\/wp\/v2\/pages\/24001\/revisions"}],"predecessor-version":[{"id":31110,"href":"https:\/\/sonimat.com\/de\/wp-json\/wp\/v2\/pages\/24001\/revisions\/31110"}],"up":[{"embeddable":true,"href":"https:\/\/sonimat.com\/de\/wp-json\/wp\/v2\/pages\/24173"}],"wp:featuredmedia":[{"embeddable":true,"href":"https:\/\/sonimat.com\/de\/wp-json\/wp\/v2\/media\/23135"}],"wp:attachment":[{"href":"https:\/\/sonimat.com\/de\/wp-json\/wp\/v2\/media?parent=24001"}],"curies":[{"name":"wp","href":"https:\/\/api.w.org\/{rel}","templated":true}]}}