{"id":23477,"date":"2018-10-15T13:43:40","date_gmt":"2018-10-15T11:43:40","guid":{"rendered":"https:\/\/sonimat.com\/composites\/technologies\/soudage-ultrason-composites\/"},"modified":"2024-11-13T11:25:07","modified_gmt":"2024-11-13T10:25:07","slug":"ultraschallschweissen","status":"publish","type":"page","link":"https:\/\/sonimat.com\/de\/bearbeitung-von-verbundwerkstoffen\/technologien\/ultraschallschweissen\/","title":{"rendered":"Ultraschallschwei\u00dfen von Verbundwerkstoffen"},"content":{"rendered":"<div class=\"wpb-content-wrapper\"><p>[vc_row][vc_column][vc_column_text]<\/p>\n<h2><span lang=\"DE\">Ultraschallschwei\u00dfen von Verbundwerkstoffen<\/span><\/h2>\n<p>[\/vc_column_text][vc_row_inner equal_height=&#8220;yes&#8220; content_placement=&#8220;middle&#8220; gap=&#8220;35&#8243;][vc_column_inner width=&#8220;2\/3&#8243;][vc_column_text]Das Ultraschallschwei\u00dfen kommt in vielen Bereichen der Verbundstoffindustrie zur Anwendung. Wie funktioniert diese Technologie?<\/p>\n<p>Ultraschall entsteht durch <strong>mechanische Schwingungen<\/strong>, \u00e4hnlich wie sie von jedem Musikinstrument erzeugt werden. Sie werden als Ultraschall bezeichnet, da ihre Frequenz den H\u00f6rbereich des menschlichen Ohrs \u00fcbersteigt (mehr als 16 kHz).<\/p>\n<p>In einem akustischen Element werden diese Druckwellen von einem Generator erzeugt. Dieser liefert einen Wechselstrom mit derselben Frequenz wie der Wandler (oder Transducer).<\/p>\n<p>Ein Wandler, der aus piezoelektrischen Keramiken besteht, wandelt diese Energie anschlie\u00dfend in mechanische Schwingungen um.<\/p>\n<p>Im Ultraschallbereich wird eine Spannung an der Keramik angelegt, die sich je nach Polarit\u00e4t der Spannung \u201everl\u00e4ngert\u201c oder \u201everk\u00fcrzt\u201c.<\/p>\n<p>Nachdem die Schwingung erzeugt wurde, wird sie schlie\u00dflich von der Sonotrode verst\u00e4rkt und auf die zu schwei\u00dfenden Teile \u00fcbertragen. Die Schwingungen erzeugen Reibungsw\u00e4rme, die zum Schmelzen der zu schwei\u00dfenden Oberfl\u00e4chen f\u00fchrt.[\/vc_column_text][\/vc_column_inner][vc_column_inner width=&#8220;1\/3&#8243; css=&#8220;.vc_custom_1574260806148{margin-top: 40px !important;margin-right: 40px !important;margin-bottom: 40px !important;margin-left: 40px !important;padding-top: 25px !important;padding-right: 25px !important;padding-bottom: 25px !important;padding-left: 25px !important;background-color: #f2f2f2 !important;}&#8220;][vc_single_image image=&#8220;23480&#8243; img_size=&#8220;100&#215;100&#8243; alignment=&#8220;center&#8220;][vc_column_text css=&#8220;&#8220;]Entdecken Sie unsere L\u00f6sungen zum Ultraschallschwei\u00dfen von Verbundwerkstoffen:<\/p>\n<ol>\n<li style=\"list-style-type: none;\">\n<ol>\n<li><a href=\"https:\/\/sonimat.com\/de\/bearbeitung-von-verbundwerkstoffen\/produits\/ultraschallmesser-ultraschallschweissgeraet\/\" target=\"_blank\" rel=\"noopener\">Tragbare Ger\u00e4te<\/a><\/li>\n<li><a href=\"https:\/\/sonimat.com\/de\/bearbeitung-von-verbundwerkstoffen\/produits\/ultraschallbearbeitung\/\" target=\"_blank\" rel=\"noopener\">Integrierbare Effektoren<\/a><\/li>\n<li><a href=\"https:\/\/sonimat.com\/de\/bearbeitung-von-verbundwerkstoffen\/produits\/sondermaschine-verbundwerkstoffen\/\" target=\"_blank\" rel=\"noopener\">Sondermaschinen<\/a><\/li>\n<\/ol>\n<\/li>\n<\/ol>\n<p>[\/vc_column_text][\/vc_column_inner][\/vc_row_inner][vc_row_inner content_placement=&#8220;middle&#8220; gap=&#8220;35&#8243;][vc_column_inner width=&#8220;1\/2&#8243;][vc_single_image image=&#8220;30451&#8243; img_size=&#8220;full&#8220; alignment=&#8220;center&#8220;][\/vc_column_inner][vc_column_inner width=&#8220;1\/2&#8243;][vc_column_text]<\/p>\n<h3><span lang=\"DE\">AKUSTISCHES ELEMENT ZUM ULTRASCHALLSCHWEI\u1e9eEN <\/span><\/h3>\n<p>Der <strong>Generator<\/strong> wandelt die elektrische Netzfrequenz (50\/60 Hz) in hochfrequente elektrische Energie um, die in diesem Schema 20.000\u00a0Hz betr\u00e4gt.<\/p>\n<p>Der<strong> piezoelektrische Wandler<\/strong> (oder Transducer) wandelt die erzeugte elektrische Frequenz von 20.000\u00a0Hz in mechanische Schwingungen mit derselben Frequenz um. Nun handelt es sich um mechanische Energie.<\/p>\n<p>Der <strong>Booster oder Amplitudenverst\u00e4rker<\/strong> dient dazu, die vom Wandler erzeugte Amplitude zu vergr\u00f6\u00dfern oder zu verkleinern.<\/p>\n<p>Als letztes Element der akustischen Kette \u00fcbertr\u00e4gt die <strong>Sonotrode<\/strong> die Ultraschallenergie auf das zu schwei\u00dfende Teil.[\/vc_column_text][\/vc_column_inner][\/vc_row_inner][\/vc_column][\/vc_row][vc_row][vc_column][vc_empty_space][\/vc_column][\/vc_row]<\/p>\n<\/div>","protected":false},"excerpt":{"rendered":"<p>[vc_row][vc_column][vc_column_text] Ultraschallschwei\u00dfen von Verbundwerkstoffen [\/vc_column_text][vc_row_inner equal_height=&#8220;yes&#8220; content_placement=&#8220;middle&#8220; gap=&#8220;35&#8243;][vc_column_inner width=&#8220;2\/3&#8243;][vc_column_text]Das Ultraschallschwei\u00dfen kommt in vielen Bereichen der Verbundstoffindustrie zur Anwendung. Wie funktioniert diese Technologie? Ultraschall entsteht durch mechanische Schwingungen, \u00e4hnlich wie sie&hellip;<\/p>\n","protected":false},"author":1,"featured_media":22992,"parent":23093,"menu_order":0,"comment_status":"closed","ping_status":"closed","template":"","meta":{"_acf_changed":false,"footnotes":""},"class_list":["post-23477","page","type-page","status-publish","has-post-thumbnail","hentry"],"acf":[],"yoast_head":"<title>Ultraschallschwei\u00dfen von Verbundwerkstoffen - Priniziple | SONIMAT<\/title>\n<meta name=\"description\" content=\"SONIMAT entwickelt eine Technologie zum Ultraschallschwei\u00dfen f\u00fcr Verbundwerkstoffen, die sich in Handger\u00e4te und automatisierte maschinen einbetten l\u00e4sst.\" \/>\n<meta name=\"robots\" content=\"index, follow, max-snippet:-1, max-image-preview:large, max-video-preview:-1\" \/>\n<link rel=\"canonical\" href=\"https:\/\/sonimat.com\/de\/bearbeitung-von-verbundwerkstoffen\/technologien\/ultraschallschweissen\/\" \/>\n<meta property=\"og:locale\" content=\"de_DE\" \/>\n<meta property=\"og:type\" content=\"article\" \/>\n<meta property=\"og:title\" content=\"Ultraschallschwei\u00dfen von Verbundwerkstoffen - Priniziple | SONIMAT\" \/>\n<meta property=\"og:description\" content=\"SONIMAT entwickelt eine Technologie zum Ultraschallschwei\u00dfen f\u00fcr Verbundwerkstoffen, die sich in Handger\u00e4te und automatisierte maschinen einbetten l\u00e4sst.\" \/>\n<meta property=\"og:url\" content=\"https:\/\/sonimat.com\/de\/bearbeitung-von-verbundwerkstoffen\/technologien\/ultraschallschweissen\/\" \/>\n<meta property=\"og:site_name\" content=\"SONIMAT\" \/>\n<meta property=\"article:modified_time\" content=\"2024-11-13T10:25:07+00:00\" \/>\n<meta property=\"og:image\" content=\"https:\/\/sonimat.com\/wp-content\/uploads\/sites\/9\/2019\/11\/Solution-de-soudure-par-ultrasons.jpg\" \/>\n\t<meta property=\"og:image:width\" content=\"2000\" \/>\n\t<meta property=\"og:image:height\" content=\"1000\" \/>\n\t<meta property=\"og:image:type\" content=\"image\/jpeg\" \/>\n<meta name=\"twitter:card\" content=\"summary_large_image\" \/>\n<meta name=\"twitter:site\" content=\"@EuropeTechno\" \/>\n<meta name=\"twitter:label1\" content=\"Gesch\u00e4tzte Lesezeit\" \/>\n\t<meta name=\"twitter:data1\" content=\"2\u00a0Minuten\" \/>\n<script type=\"application\/ld+json\" class=\"yoast-schema-graph\">{\"@context\":\"https:\\\/\\\/schema.org\",\"@graph\":[{\"@type\":\"WebPage\",\"@id\":\"https:\\\/\\\/sonimat.com\\\/de\\\/bearbeitung-von-verbundwerkstoffen\\\/technologien\\\/ultraschallschweissen\\\/\",\"url\":\"https:\\\/\\\/sonimat.com\\\/de\\\/bearbeitung-von-verbundwerkstoffen\\\/technologien\\\/ultraschallschweissen\\\/\",\"name\":\"Ultraschallschwei\u00dfen von Verbundwerkstoffen - Priniziple | SONIMAT\",\"isPartOf\":{\"@id\":\"https:\\\/\\\/sonimat.com\\\/#website\"},\"primaryImageOfPage\":{\"@id\":\"https:\\\/\\\/sonimat.com\\\/de\\\/bearbeitung-von-verbundwerkstoffen\\\/technologien\\\/ultraschallschweissen\\\/#primaryimage\"},\"image\":{\"@id\":\"https:\\\/\\\/sonimat.com\\\/de\\\/bearbeitung-von-verbundwerkstoffen\\\/technologien\\\/ultraschallschweissen\\\/#primaryimage\"},\"thumbnailUrl\":\"https:\\\/\\\/sonimat.com\\\/wp-content\\\/uploads\\\/sites\\\/9\\\/2019\\\/11\\\/Solution-de-soudure-par-ultrasons.jpg\",\"datePublished\":\"2018-10-15T11:43:40+00:00\",\"dateModified\":\"2024-11-13T10:25:07+00:00\",\"description\":\"SONIMAT entwickelt eine Technologie zum Ultraschallschwei\u00dfen f\u00fcr Verbundwerkstoffen, die sich in Handger\u00e4te und automatisierte maschinen einbetten l\u00e4sst.\",\"breadcrumb\":{\"@id\":\"https:\\\/\\\/sonimat.com\\\/de\\\/bearbeitung-von-verbundwerkstoffen\\\/technologien\\\/ultraschallschweissen\\\/#breadcrumb\"},\"inLanguage\":\"de\",\"potentialAction\":[{\"@type\":\"ReadAction\",\"target\":[\"https:\\\/\\\/sonimat.com\\\/de\\\/bearbeitung-von-verbundwerkstoffen\\\/technologien\\\/ultraschallschweissen\\\/\"]}]},{\"@type\":\"ImageObject\",\"inLanguage\":\"de\",\"@id\":\"https:\\\/\\\/sonimat.com\\\/de\\\/bearbeitung-von-verbundwerkstoffen\\\/technologien\\\/ultraschallschweissen\\\/#primaryimage\",\"url\":\"https:\\\/\\\/sonimat.com\\\/wp-content\\\/uploads\\\/sites\\\/9\\\/2019\\\/11\\\/Solution-de-soudure-par-ultrasons.jpg\",\"contentUrl\":\"https:\\\/\\\/sonimat.com\\\/wp-content\\\/uploads\\\/sites\\\/9\\\/2019\\\/11\\\/Solution-de-soudure-par-ultrasons.jpg\",\"width\":2000,\"height\":1000},{\"@type\":\"BreadcrumbList\",\"@id\":\"https:\\\/\\\/sonimat.com\\\/de\\\/bearbeitung-von-verbundwerkstoffen\\\/technologien\\\/ultraschallschweissen\\\/#breadcrumb\",\"itemListElement\":[{\"@type\":\"ListItem\",\"position\":1,\"name\":\"Accueil\",\"item\":\"https:\\\/\\\/sonimat.com\\\/de\\\/\"},{\"@type\":\"ListItem\",\"position\":2,\"name\":\"Verbundwerkstoff\",\"item\":\"https:\\\/\\\/sonimat.com\\\/composites\\\/\"},{\"@type\":\"ListItem\",\"position\":3,\"name\":\"Technologien\",\"item\":\"https:\\\/\\\/sonimat.com\\\/de\\\/bearbeitung-von-verbundwerkstoffen\\\/technologien\\\/\"},{\"@type\":\"ListItem\",\"position\":4,\"name\":\"Ultraschallschwei\u00dfen von Verbundwerkstoffen\"}]},{\"@type\":\"WebSite\",\"@id\":\"https:\\\/\\\/sonimat.com\\\/#website\",\"url\":\"https:\\\/\\\/sonimat.com\\\/\",\"name\":\"SONIMAT\",\"description\":\"\",\"potentialAction\":[{\"@type\":\"SearchAction\",\"target\":{\"@type\":\"EntryPoint\",\"urlTemplate\":\"https:\\\/\\\/sonimat.com\\\/?s={search_term_string}\"},\"query-input\":{\"@type\":\"PropertyValueSpecification\",\"valueRequired\":true,\"valueName\":\"search_term_string\"}}],\"inLanguage\":\"de\"}]}<\/script>","yoast_head_json":{"title":"Ultraschallschwei\u00dfen von Verbundwerkstoffen - Priniziple | SONIMAT","description":"SONIMAT entwickelt eine Technologie zum Ultraschallschwei\u00dfen f\u00fcr Verbundwerkstoffen, die sich in Handger\u00e4te und automatisierte maschinen einbetten l\u00e4sst.","robots":{"index":"index","follow":"follow","max-snippet":"max-snippet:-1","max-image-preview":"max-image-preview:large","max-video-preview":"max-video-preview:-1"},"canonical":"https:\/\/sonimat.com\/de\/bearbeitung-von-verbundwerkstoffen\/technologien\/ultraschallschweissen\/","og_locale":"de_DE","og_type":"article","og_title":"Ultraschallschwei\u00dfen von Verbundwerkstoffen - Priniziple | SONIMAT","og_description":"SONIMAT entwickelt eine Technologie zum Ultraschallschwei\u00dfen f\u00fcr Verbundwerkstoffen, die sich in Handger\u00e4te und automatisierte maschinen einbetten l\u00e4sst.","og_url":"https:\/\/sonimat.com\/de\/bearbeitung-von-verbundwerkstoffen\/technologien\/ultraschallschweissen\/","og_site_name":"SONIMAT","article_modified_time":"2024-11-13T10:25:07+00:00","og_image":[{"width":2000,"height":1000,"url":"https:\/\/sonimat.com\/wp-content\/uploads\/sites\/9\/2019\/11\/Solution-de-soudure-par-ultrasons.jpg","type":"image\/jpeg"}],"twitter_card":"summary_large_image","twitter_site":"@EuropeTechno","twitter_misc":{"Gesch\u00e4tzte Lesezeit":"2\u00a0Minuten"},"schema":{"@context":"https:\/\/schema.org","@graph":[{"@type":"WebPage","@id":"https:\/\/sonimat.com\/de\/bearbeitung-von-verbundwerkstoffen\/technologien\/ultraschallschweissen\/","url":"https:\/\/sonimat.com\/de\/bearbeitung-von-verbundwerkstoffen\/technologien\/ultraschallschweissen\/","name":"Ultraschallschwei\u00dfen von Verbundwerkstoffen - Priniziple | SONIMAT","isPartOf":{"@id":"https:\/\/sonimat.com\/#website"},"primaryImageOfPage":{"@id":"https:\/\/sonimat.com\/de\/bearbeitung-von-verbundwerkstoffen\/technologien\/ultraschallschweissen\/#primaryimage"},"image":{"@id":"https:\/\/sonimat.com\/de\/bearbeitung-von-verbundwerkstoffen\/technologien\/ultraschallschweissen\/#primaryimage"},"thumbnailUrl":"https:\/\/sonimat.com\/wp-content\/uploads\/sites\/9\/2019\/11\/Solution-de-soudure-par-ultrasons.jpg","datePublished":"2018-10-15T11:43:40+00:00","dateModified":"2024-11-13T10:25:07+00:00","description":"SONIMAT entwickelt eine Technologie zum Ultraschallschwei\u00dfen f\u00fcr Verbundwerkstoffen, die sich in Handger\u00e4te und automatisierte maschinen einbetten l\u00e4sst.","breadcrumb":{"@id":"https:\/\/sonimat.com\/de\/bearbeitung-von-verbundwerkstoffen\/technologien\/ultraschallschweissen\/#breadcrumb"},"inLanguage":"de","potentialAction":[{"@type":"ReadAction","target":["https:\/\/sonimat.com\/de\/bearbeitung-von-verbundwerkstoffen\/technologien\/ultraschallschweissen\/"]}]},{"@type":"ImageObject","inLanguage":"de","@id":"https:\/\/sonimat.com\/de\/bearbeitung-von-verbundwerkstoffen\/technologien\/ultraschallschweissen\/#primaryimage","url":"https:\/\/sonimat.com\/wp-content\/uploads\/sites\/9\/2019\/11\/Solution-de-soudure-par-ultrasons.jpg","contentUrl":"https:\/\/sonimat.com\/wp-content\/uploads\/sites\/9\/2019\/11\/Solution-de-soudure-par-ultrasons.jpg","width":2000,"height":1000},{"@type":"BreadcrumbList","@id":"https:\/\/sonimat.com\/de\/bearbeitung-von-verbundwerkstoffen\/technologien\/ultraschallschweissen\/#breadcrumb","itemListElement":[{"@type":"ListItem","position":1,"name":"Accueil","item":"https:\/\/sonimat.com\/de\/"},{"@type":"ListItem","position":2,"name":"Verbundwerkstoff","item":"https:\/\/sonimat.com\/composites\/"},{"@type":"ListItem","position":3,"name":"Technologien","item":"https:\/\/sonimat.com\/de\/bearbeitung-von-verbundwerkstoffen\/technologien\/"},{"@type":"ListItem","position":4,"name":"Ultraschallschwei\u00dfen von Verbundwerkstoffen"}]},{"@type":"WebSite","@id":"https:\/\/sonimat.com\/#website","url":"https:\/\/sonimat.com\/","name":"SONIMAT","description":"","potentialAction":[{"@type":"SearchAction","target":{"@type":"EntryPoint","urlTemplate":"https:\/\/sonimat.com\/?s={search_term_string}"},"query-input":{"@type":"PropertyValueSpecification","valueRequired":true,"valueName":"search_term_string"}}],"inLanguage":"de"}]}},"_links":{"self":[{"href":"https:\/\/sonimat.com\/de\/wp-json\/wp\/v2\/pages\/23477","targetHints":{"allow":["GET"]}}],"collection":[{"href":"https:\/\/sonimat.com\/de\/wp-json\/wp\/v2\/pages"}],"about":[{"href":"https:\/\/sonimat.com\/de\/wp-json\/wp\/v2\/types\/page"}],"author":[{"embeddable":true,"href":"https:\/\/sonimat.com\/de\/wp-json\/wp\/v2\/users\/1"}],"replies":[{"embeddable":true,"href":"https:\/\/sonimat.com\/de\/wp-json\/wp\/v2\/comments?post=23477"}],"version-history":[{"count":275,"href":"https:\/\/sonimat.com\/de\/wp-json\/wp\/v2\/pages\/23477\/revisions"}],"predecessor-version":[{"id":30980,"href":"https:\/\/sonimat.com\/de\/wp-json\/wp\/v2\/pages\/23477\/revisions\/30980"}],"up":[{"embeddable":true,"href":"https:\/\/sonimat.com\/de\/wp-json\/wp\/v2\/pages\/23093"}],"wp:featuredmedia":[{"embeddable":true,"href":"https:\/\/sonimat.com\/de\/wp-json\/wp\/v2\/media\/22992"}],"wp:attachment":[{"href":"https:\/\/sonimat.com\/de\/wp-json\/wp\/v2\/media?parent=23477"}],"curies":[{"name":"wp","href":"https:\/\/api.w.org\/{rel}","templated":true}]}}