{"id":23309,"date":"2018-10-15T13:53:40","date_gmt":"2018-10-15T11:53:40","guid":{"rendered":"https:\/\/sonimat.com\/composites\/produits\/machines-speciales-de-parachevement\/"},"modified":"2024-12-10T15:24:37","modified_gmt":"2024-12-10T14:24:37","slug":"sondermaschine-verbundwerkstoffen","status":"publish","type":"page","link":"https:\/\/sonimat.com\/de\/bearbeitung-von-verbundwerkstoffen\/produits\/sondermaschine-verbundwerkstoffen\/","title":{"rendered":"Sondermaschinen zur Bearbeitung von Verbundwerkstoffen \u2013 Schwei\u00dfen und Schneiden"},"content":{"rendered":"<div class=\"wpb-content-wrapper\"><p>[vc_row][vc_column][vc_column_text]<\/p>\n<h2><span lang=\"DE\">Sondermaschinen zur Bearbeitung von Verbundwerkstoffen \u2013 Schwei\u00dfen und Schneiden<\/span><\/h2>\n<p>[\/vc_column_text][vc_row_inner equal_height=&#8220;yes&#8220; gap=&#8220;35&#8243;][vc_column_inner width=&#8220;2\/3&#8243;][vc_column_text css=&#8220;&#8220;]Seit 25\u00a0Jahren finden unsere L\u00f6sungen zum Schwei\u00dfen, Schneiden und Verarbeiten von Verbundwerkstoffen gro\u00dfe Beachtung. Auf der Grundlage dieser langj\u00e4hrigen Expertise k\u00f6nnen wir au\u00dferdem Sondermaschinen f\u00fcr unsere Kunden herstellen, die unsere Schneide- und Schwei\u00dfverfahren nutzen:<\/p>\n<ul>\n<li><span style=\"font-size: 0.8em;\"><a href=\"https:\/\/sonimat.com\/de\/bearbeitung-von-verbundwerkstoffen\/technologien\/ultraschallschneiden\/\" target=\"_blank\" rel=\"noopener\">Ultraschallschneiden<\/a> und <a href=\"https:\/\/sonimat.com\/de\/bearbeitung-von-verbundwerkstoffen\/technologien\/ultraschallschweissen\/\" target=\"_blank\" rel=\"noopener\">-schwei\u00dfen<\/a><\/span><\/li>\n<li><span style=\"font-size: 0.8em;\"><a href=\"https:\/\/sonimat.com\/de\/schweissen-kunststoffen\/technologien\/laserschweissen-von-kunststoffen\/\" target=\"_blank\" rel=\"noopener\">Laserschwei\u00dfen<\/a> \u2013 <a href=\"https:\/\/sonimat.com\/de\/schweissen-kunststoffen\/technologien\/infrarottechnologie\/\" target=\"_blank\" rel=\"noopener\">Infrarotschwei\u00dfen<\/a> \u2013 <a href=\"https:\/\/sonimat.com\/de\/schweissen-kunststoffen\/technologien\/rotationsschweissen\/\" target=\"_blank\" rel=\"noopener\">Rotationsschwei\u00dfen<\/a><\/span><\/li>\n<\/ul>\n<p>[\/vc_column_text][vc_column_text]<\/p>\n<h3>VORTEILE:<\/h3>\n<ul>\n<li><span style=\"font-size: 0.8em;\">Bew\u00e4hrte Schneide- und Schwei\u00dfverfahren<\/span><\/li>\n<li><span style=\"font-size: 0.8em;\">Ma\u00dfgeschneiderte, schl\u00fcsselfertige L\u00f6sungen<\/span><\/li>\n<li><span style=\"font-size: 0.8em;\">Antworten f\u00fcr die Produktion mit hohen Geschwindigkeiten und\/oder die Reproduzierbarkeit der Prozesse<\/span><\/li>\n<li><span style=\"font-size: 0.8em;\">M\u00f6gliche Robotisierung<\/span><\/li>\n<li><span style=\"font-size: 0.8em;\">Inbetriebsetzung, Schulung, technischer Support und Instandhaltung durch uns<\/span><\/li>\n<\/ul>\n<p>[\/vc_column_text][\/vc_column_inner][vc_column_inner width=&#8220;1\/3&#8243;]<div class=\"ult-content-box-container downloadform\" >\t<a class=\"ult-content-box-anchor\" href=\"https:\/\/sonimat.com\/en\/downloads\/\" title=\"Downloaden Sie unseren Flyer, um mehr \u00fcber unsere Spezialmaschinen zum Schwei\u00dfen und Schneiden zu erfahren.\" >\t\t<div class=\"ult-content-box\" style=\"background-color:#f2f2f2;box-shadow: px px px px none;padding:25px;-webkit-transition: all 700ms ease;-moz-transition: all 700ms ease;-ms-transition: all 700ms ease;-o-transition: all 700ms ease;transition: all 700ms ease;\"  data-hover_bg_color=\"#f9f9f9\"  data-hover_box_shadow=\"none\"     data-bg=\"#f2f2f2\" >[vc_icon icon_fontawesome=&#8220;fas fa-download&#8220; color=&#8220;custom&#8220; background_style=&#8220;rounded-outline&#8220; background_color=&#8220;custom&#8220; size=&#8220;xl&#8220; align=&#8220;center&#8220; custom_color=&#8220;#cd5b1b&#8220; custom_background_color=&#8220;#cd5b1b&#8220; link=&#8220;|||&#8220;][vc_column_text css=&#8220;&#8220;]<\/p>\n<p style=\"text-align: center;\">Downloaden Sie unseren Flyer, um mehr \u00fcber unsere Sondermaschinen zum Schwei\u00dfen und Schneiden von Verbundstoffen zu erfahren.<\/p>\n<p style=\"text-align: center;\"><span style=\"font-size: 0.8em;\">Abschnitt &#8222;Composite&#8220;, Broch\u00fcre 5 &#8211; &#8222;<\/span><span style=\"font-size: 0.8em;\">Customized machine for composite finishing<\/span><span style=\"font-size: 0.8em;\">&#8220; (in english)<\/span><\/p>\n<p>[\/vc_column_text]\t\t<\/div>\t<\/a><\/div>[\/vc_column_inner][\/vc_row_inner][vc_empty_space][\/vc_column][\/vc_row][vc_row el_class=&#8220;block-half-col&#8220;][vc_column][vc_column_text css=&#8220;&#8220;]<\/p>\n<h2 style=\"text-align: center;\"><span lang=\"DE\">Anwendungsbeispiele von Sondermaschinen von Verbundwerkstoffen<\/span><\/h2>\n<p>[\/vc_column_text][vc_empty_space][vc_row_inner content_placement=&#8220;middle&#8220; el_class=&#8220;range-alternance&#8220;][vc_column_inner width=&#8220;1\/2&#8243;][vc_column_text]<\/p>\n<h3>SONDERMASCHINE ZUM SCHWEI\u1e9eEN EINES TP-VERBUNDWERKSTOFFS<\/h3>\n<p>Im Lauf der Jahre haben unsere Teams ein unsch\u00e4tzbares Know-how im Bereich der Entwicklung und Herstellung von Sondermaschinen erworben. Auf der Basis bew\u00e4hrter, beherrschbarer Technologien entwerfen wir Sondermaschinen f\u00fcr unsere Kunden, die ihre individuellen Anspr\u00fcche erf\u00fcllen, ganz gleich wie hoch diese auch sind.[\/vc_column_text][\/vc_column_inner][vc_column_inner width=&#8220;1\/2&#8243;][vc_single_image image=&#8220;23310&#8243; img_size=&#8220;full&#8220; css=&#8220;&#8220;][\/vc_column_inner][\/vc_row_inner][vc_row_inner content_placement=&#8220;middle&#8220;][vc_column_inner width=&#8220;1\/2&#8243;][vc_single_image image=&#8220;23314&#8243; img_size=&#8220;full&#8220; alignment=&#8220;right&#8220; css=&#8220;.vc_custom_1723644820155{border-top-width: 1px !important;border-right-width: 1px !important;border-bottom-width: 1px !important;border-left-width: 1px !important;border-color: #161616 !important;}&#8220;][\/vc_column_inner][vc_column_inner width=&#8220;1\/2&#8243;][vc_column_text]<\/p>\n<h3>SONDERMASCHINE ZUM SCHNEIDEN EINES W\u00c4RMEH\u00c4RTBAREN VERBUNDWERKSTOFFS<\/h3>\n<p>Um mit der Hochgeschwindigkeitsproduktion in den Spitzenindustrien (Luft- und Raumfahrt, R\u00fcstungsindustrie, Schiffbau usw.) Schritt zu halten, entwickeln wir robuste Sondermaschinen zur Bearbeitung von Verbundwerkstoffen, in die unsere ultraschallbasierten Schwei\u00df- und Schneidetechnologien integriert sind. Hier stellen wir f\u00fcr unseren Endkunden eine Ultraschall-Schneide- und Stapelmaschine f\u00fcr rohe, w\u00e4rmeh\u00e4rtbare Karbonschichten her.[\/vc_column_text][\/vc_column_inner][\/vc_row_inner][vc_row_inner content_placement=&#8220;middle&#8220; el_class=&#8220;range-alternance&#8220;][vc_column_inner width=&#8220;1\/2&#8243;][vc_column_text]<\/p>\n<h3>SONDERMASCHINE ZUM SCHWEI\u1e9eEN EINES VERBUNDWERKSTOFFS<\/h3>\n<p>Diese Maschine zum Ultraschallschwei\u00dfen von Sandwichb\u00e4ndern f\u00fcr Lufteinl\u00e4sse von Flugzeugtriebwerken wurde nach den spezifischen Vorgaben unseres Kunden entwickelt. Ein hoher Automatisierungsgrad ist erforderlich, um ihre Integration in eine komplette Produktionslinie zu gew\u00e4hrleisten.[\/vc_column_text][\/vc_column_inner][vc_column_inner width=&#8220;1\/2&#8243;][vc_single_image image=&#8220;23311&#8243; img_size=&#8220;full&#8220; css=&#8220;&#8220;][\/vc_column_inner][\/vc_row_inner][\/vc_column][\/vc_row][vc_row][vc_column][vc_empty_space][\/vc_column][\/vc_row]<\/p>\n<\/div>","protected":false},"excerpt":{"rendered":"<p>[vc_row][vc_column][vc_column_text] Sondermaschinen zur Bearbeitung von Verbundwerkstoffen \u2013 Schwei\u00dfen und Schneiden [\/vc_column_text][vc_row_inner equal_height=&#8220;yes&#8220; gap=&#8220;35&#8243;][vc_column_inner width=&#8220;2\/3&#8243;][vc_column_text css=&#8220;&#8220;]Seit 25\u00a0Jahren finden unsere L\u00f6sungen zum Schwei\u00dfen, Schneiden und Verarbeiten von Verbundwerkstoffen gro\u00dfe Beachtung. Auf der&hellip;<\/p>\n","protected":false},"author":1,"featured_media":20747,"parent":23094,"menu_order":0,"comment_status":"closed","ping_status":"closed","template":"","meta":{"_acf_changed":false,"footnotes":""},"class_list":["post-23309","page","type-page","status-publish","has-post-thumbnail","hentry"],"acf":[],"yoast_head":"<title>Sondermaschinen zur Bearbeitung von Verbundwerkstoffen | SONIMAT<\/title>\n<meta name=\"description\" content=\"SONIMAT entwerft f\u00fcr Ihnen Kunden Sondermaschine zur Bearbeitung von Verbundwerkstoffen, in die unsere Schneid- und Schwei\u00dfverfahren integriert sind.\" \/>\n<meta name=\"robots\" content=\"index, follow, max-snippet:-1, max-image-preview:large, max-video-preview:-1\" \/>\n<link rel=\"canonical\" href=\"https:\/\/sonimat.com\/de\/bearbeitung-von-verbundwerkstoffen\/produits\/sondermaschine-verbundwerkstoffen\/\" \/>\n<meta property=\"og:locale\" content=\"de_DE\" \/>\n<meta property=\"og:type\" content=\"article\" \/>\n<meta property=\"og:title\" content=\"Sondermaschinen zur Bearbeitung von Verbundwerkstoffen | SONIMAT\" \/>\n<meta property=\"og:description\" content=\"SONIMAT entwerft f\u00fcr Ihnen Kunden Sondermaschine zur Bearbeitung von Verbundwerkstoffen, in die unsere Schneid- und Schwei\u00dfverfahren integriert sind.\" \/>\n<meta property=\"og:url\" content=\"https:\/\/sonimat.com\/de\/bearbeitung-von-verbundwerkstoffen\/produits\/sondermaschine-verbundwerkstoffen\/\" \/>\n<meta property=\"og:site_name\" content=\"SONIMAT\" \/>\n<meta property=\"article:modified_time\" content=\"2024-12-10T14:24:37+00:00\" \/>\n<meta property=\"og:image\" content=\"https:\/\/sonimat.com\/wp-content\/uploads\/sites\/9\/2019\/11\/Machine-sp\u00e9ciale-soudure-et-d\u00e9coupe-composite-SONIMAT-1.jpg\" \/>\n\t<meta property=\"og:image:width\" content=\"2000\" \/>\n\t<meta property=\"og:image:height\" content=\"1000\" \/>\n\t<meta property=\"og:image:type\" content=\"image\/jpeg\" \/>\n<meta name=\"twitter:card\" content=\"summary_large_image\" \/>\n<meta name=\"twitter:site\" content=\"@EuropeTechno\" \/>\n<meta name=\"twitter:label1\" content=\"Gesch\u00e4tzte Lesezeit\" \/>\n\t<meta name=\"twitter:data1\" content=\"3\u00a0Minuten\" \/>\n<script type=\"application\/ld+json\" class=\"yoast-schema-graph\">{\"@context\":\"https:\\\/\\\/schema.org\",\"@graph\":[{\"@type\":\"WebPage\",\"@id\":\"https:\\\/\\\/sonimat.com\\\/de\\\/bearbeitung-von-verbundwerkstoffen\\\/produits\\\/sondermaschine-verbundwerkstoffen\\\/\",\"url\":\"https:\\\/\\\/sonimat.com\\\/de\\\/bearbeitung-von-verbundwerkstoffen\\\/produits\\\/sondermaschine-verbundwerkstoffen\\\/\",\"name\":\"Sondermaschinen zur Bearbeitung von Verbundwerkstoffen | SONIMAT\",\"isPartOf\":{\"@id\":\"https:\\\/\\\/sonimat.com\\\/#website\"},\"primaryImageOfPage\":{\"@id\":\"https:\\\/\\\/sonimat.com\\\/de\\\/bearbeitung-von-verbundwerkstoffen\\\/produits\\\/sondermaschine-verbundwerkstoffen\\\/#primaryimage\"},\"image\":{\"@id\":\"https:\\\/\\\/sonimat.com\\\/de\\\/bearbeitung-von-verbundwerkstoffen\\\/produits\\\/sondermaschine-verbundwerkstoffen\\\/#primaryimage\"},\"thumbnailUrl\":\"https:\\\/\\\/sonimat.com\\\/wp-content\\\/uploads\\\/sites\\\/9\\\/2019\\\/11\\\/Machine-sp\u00e9ciale-soudure-et-d\u00e9coupe-composite-SONIMAT-1.jpg\",\"datePublished\":\"2018-10-15T11:53:40+00:00\",\"dateModified\":\"2024-12-10T14:24:37+00:00\",\"description\":\"SONIMAT entwerft f\u00fcr Ihnen Kunden Sondermaschine zur Bearbeitung von Verbundwerkstoffen, in die unsere Schneid- und Schwei\u00dfverfahren integriert sind.\",\"breadcrumb\":{\"@id\":\"https:\\\/\\\/sonimat.com\\\/de\\\/bearbeitung-von-verbundwerkstoffen\\\/produits\\\/sondermaschine-verbundwerkstoffen\\\/#breadcrumb\"},\"inLanguage\":\"de\",\"potentialAction\":[{\"@type\":\"ReadAction\",\"target\":[\"https:\\\/\\\/sonimat.com\\\/de\\\/bearbeitung-von-verbundwerkstoffen\\\/produits\\\/sondermaschine-verbundwerkstoffen\\\/\"]}]},{\"@type\":\"ImageObject\",\"inLanguage\":\"de\",\"@id\":\"https:\\\/\\\/sonimat.com\\\/de\\\/bearbeitung-von-verbundwerkstoffen\\\/produits\\\/sondermaschine-verbundwerkstoffen\\\/#primaryimage\",\"url\":\"https:\\\/\\\/sonimat.com\\\/wp-content\\\/uploads\\\/sites\\\/9\\\/2019\\\/11\\\/Machine-sp\u00e9ciale-soudure-et-d\u00e9coupe-composite-SONIMAT-1.jpg\",\"contentUrl\":\"https:\\\/\\\/sonimat.com\\\/wp-content\\\/uploads\\\/sites\\\/9\\\/2019\\\/11\\\/Machine-sp\u00e9ciale-soudure-et-d\u00e9coupe-composite-SONIMAT-1.jpg\",\"width\":2000,\"height\":1000,\"caption\":\"Recyclage des mat\u00e9riaux composites - Valorisation des composites Machine sp\u00e9ciale - SONIMAT\"},{\"@type\":\"BreadcrumbList\",\"@id\":\"https:\\\/\\\/sonimat.com\\\/de\\\/bearbeitung-von-verbundwerkstoffen\\\/produits\\\/sondermaschine-verbundwerkstoffen\\\/#breadcrumb\",\"itemListElement\":[{\"@type\":\"ListItem\",\"position\":1,\"name\":\"Accueil\",\"item\":\"https:\\\/\\\/sonimat.com\\\/de\\\/\"},{\"@type\":\"ListItem\",\"position\":2,\"name\":\"Verbundwerkstoff\",\"item\":\"https:\\\/\\\/sonimat.com\\\/composites\\\/\"},{\"@type\":\"ListItem\",\"position\":3,\"name\":\"Produkte\",\"item\":\"https:\\\/\\\/sonimat.com\\\/composites\\\/produits\\\/\"},{\"@type\":\"ListItem\",\"position\":4,\"name\":\"Sondermaschinen zur Bearbeitung von Verbundwerkstoffen \u2013 Schwei\u00dfen und Schneiden\"}]},{\"@type\":\"WebSite\",\"@id\":\"https:\\\/\\\/sonimat.com\\\/#website\",\"url\":\"https:\\\/\\\/sonimat.com\\\/\",\"name\":\"SONIMAT\",\"description\":\"\",\"potentialAction\":[{\"@type\":\"SearchAction\",\"target\":{\"@type\":\"EntryPoint\",\"urlTemplate\":\"https:\\\/\\\/sonimat.com\\\/?s={search_term_string}\"},\"query-input\":{\"@type\":\"PropertyValueSpecification\",\"valueRequired\":true,\"valueName\":\"search_term_string\"}}],\"inLanguage\":\"de\"}]}<\/script>","yoast_head_json":{"title":"Sondermaschinen zur Bearbeitung von Verbundwerkstoffen | SONIMAT","description":"SONIMAT entwerft f\u00fcr Ihnen Kunden Sondermaschine zur Bearbeitung von Verbundwerkstoffen, in die unsere Schneid- und Schwei\u00dfverfahren integriert sind.","robots":{"index":"index","follow":"follow","max-snippet":"max-snippet:-1","max-image-preview":"max-image-preview:large","max-video-preview":"max-video-preview:-1"},"canonical":"https:\/\/sonimat.com\/de\/bearbeitung-von-verbundwerkstoffen\/produits\/sondermaschine-verbundwerkstoffen\/","og_locale":"de_DE","og_type":"article","og_title":"Sondermaschinen zur Bearbeitung von Verbundwerkstoffen | SONIMAT","og_description":"SONIMAT entwerft f\u00fcr Ihnen Kunden Sondermaschine zur Bearbeitung von Verbundwerkstoffen, in die unsere Schneid- und Schwei\u00dfverfahren integriert sind.","og_url":"https:\/\/sonimat.com\/de\/bearbeitung-von-verbundwerkstoffen\/produits\/sondermaschine-verbundwerkstoffen\/","og_site_name":"SONIMAT","article_modified_time":"2024-12-10T14:24:37+00:00","og_image":[{"width":2000,"height":1000,"url":"https:\/\/sonimat.com\/wp-content\/uploads\/sites\/9\/2019\/11\/Machine-sp\u00e9ciale-soudure-et-d\u00e9coupe-composite-SONIMAT-1.jpg","type":"image\/jpeg"}],"twitter_card":"summary_large_image","twitter_site":"@EuropeTechno","twitter_misc":{"Gesch\u00e4tzte Lesezeit":"3\u00a0Minuten"},"schema":{"@context":"https:\/\/schema.org","@graph":[{"@type":"WebPage","@id":"https:\/\/sonimat.com\/de\/bearbeitung-von-verbundwerkstoffen\/produits\/sondermaschine-verbundwerkstoffen\/","url":"https:\/\/sonimat.com\/de\/bearbeitung-von-verbundwerkstoffen\/produits\/sondermaschine-verbundwerkstoffen\/","name":"Sondermaschinen zur Bearbeitung von Verbundwerkstoffen | SONIMAT","isPartOf":{"@id":"https:\/\/sonimat.com\/#website"},"primaryImageOfPage":{"@id":"https:\/\/sonimat.com\/de\/bearbeitung-von-verbundwerkstoffen\/produits\/sondermaschine-verbundwerkstoffen\/#primaryimage"},"image":{"@id":"https:\/\/sonimat.com\/de\/bearbeitung-von-verbundwerkstoffen\/produits\/sondermaschine-verbundwerkstoffen\/#primaryimage"},"thumbnailUrl":"https:\/\/sonimat.com\/wp-content\/uploads\/sites\/9\/2019\/11\/Machine-sp\u00e9ciale-soudure-et-d\u00e9coupe-composite-SONIMAT-1.jpg","datePublished":"2018-10-15T11:53:40+00:00","dateModified":"2024-12-10T14:24:37+00:00","description":"SONIMAT entwerft f\u00fcr Ihnen Kunden Sondermaschine zur Bearbeitung von Verbundwerkstoffen, in die unsere Schneid- und Schwei\u00dfverfahren integriert sind.","breadcrumb":{"@id":"https:\/\/sonimat.com\/de\/bearbeitung-von-verbundwerkstoffen\/produits\/sondermaschine-verbundwerkstoffen\/#breadcrumb"},"inLanguage":"de","potentialAction":[{"@type":"ReadAction","target":["https:\/\/sonimat.com\/de\/bearbeitung-von-verbundwerkstoffen\/produits\/sondermaschine-verbundwerkstoffen\/"]}]},{"@type":"ImageObject","inLanguage":"de","@id":"https:\/\/sonimat.com\/de\/bearbeitung-von-verbundwerkstoffen\/produits\/sondermaschine-verbundwerkstoffen\/#primaryimage","url":"https:\/\/sonimat.com\/wp-content\/uploads\/sites\/9\/2019\/11\/Machine-sp\u00e9ciale-soudure-et-d\u00e9coupe-composite-SONIMAT-1.jpg","contentUrl":"https:\/\/sonimat.com\/wp-content\/uploads\/sites\/9\/2019\/11\/Machine-sp\u00e9ciale-soudure-et-d\u00e9coupe-composite-SONIMAT-1.jpg","width":2000,"height":1000,"caption":"Recyclage des mat\u00e9riaux composites - Valorisation des composites Machine sp\u00e9ciale - SONIMAT"},{"@type":"BreadcrumbList","@id":"https:\/\/sonimat.com\/de\/bearbeitung-von-verbundwerkstoffen\/produits\/sondermaschine-verbundwerkstoffen\/#breadcrumb","itemListElement":[{"@type":"ListItem","position":1,"name":"Accueil","item":"https:\/\/sonimat.com\/de\/"},{"@type":"ListItem","position":2,"name":"Verbundwerkstoff","item":"https:\/\/sonimat.com\/composites\/"},{"@type":"ListItem","position":3,"name":"Produkte","item":"https:\/\/sonimat.com\/composites\/produits\/"},{"@type":"ListItem","position":4,"name":"Sondermaschinen zur Bearbeitung von Verbundwerkstoffen \u2013 Schwei\u00dfen und Schneiden"}]},{"@type":"WebSite","@id":"https:\/\/sonimat.com\/#website","url":"https:\/\/sonimat.com\/","name":"SONIMAT","description":"","potentialAction":[{"@type":"SearchAction","target":{"@type":"EntryPoint","urlTemplate":"https:\/\/sonimat.com\/?s={search_term_string}"},"query-input":{"@type":"PropertyValueSpecification","valueRequired":true,"valueName":"search_term_string"}}],"inLanguage":"de"}]}},"_links":{"self":[{"href":"https:\/\/sonimat.com\/de\/wp-json\/wp\/v2\/pages\/23309","targetHints":{"allow":["GET"]}}],"collection":[{"href":"https:\/\/sonimat.com\/de\/wp-json\/wp\/v2\/pages"}],"about":[{"href":"https:\/\/sonimat.com\/de\/wp-json\/wp\/v2\/types\/page"}],"author":[{"embeddable":true,"href":"https:\/\/sonimat.com\/de\/wp-json\/wp\/v2\/users\/1"}],"replies":[{"embeddable":true,"href":"https:\/\/sonimat.com\/de\/wp-json\/wp\/v2\/comments?post=23309"}],"version-history":[{"count":80,"href":"https:\/\/sonimat.com\/de\/wp-json\/wp\/v2\/pages\/23309\/revisions"}],"predecessor-version":[{"id":29955,"href":"https:\/\/sonimat.com\/de\/wp-json\/wp\/v2\/pages\/23309\/revisions\/29955"}],"up":[{"embeddable":true,"href":"https:\/\/sonimat.com\/de\/wp-json\/wp\/v2\/pages\/23094"}],"wp:featuredmedia":[{"embeddable":true,"href":"https:\/\/sonimat.com\/de\/wp-json\/wp\/v2\/media\/20747"}],"wp:attachment":[{"href":"https:\/\/sonimat.com\/de\/wp-json\/wp\/v2\/media?parent=23309"}],"curies":[{"name":"wp","href":"https:\/\/api.w.org\/{rel}","templated":true}]}}