{"id":23306,"date":"2020-02-11T11:10:08","date_gmt":"2020-02-11T10:10:08","guid":{"rendered":"https:\/\/sonimat.com\/sonotrode-ultrason-generateur-ultrason\/"},"modified":"2024-12-10T15:34:51","modified_gmt":"2024-12-10T14:34:51","slug":"ultraschallgenerator","status":"publish","type":"page","link":"https:\/\/sonimat.com\/de\/ultraschallgenerator\/","title":{"rendered":"Ultraschall-Komponenten"},"content":{"rendered":"<div class=\"wpb-content-wrapper\"><p>[vc_row gap=&#8220;35&#8243; content_placement=&#8220;middle&#8220;][vc_column width=&#8220;2\/3&#8243;][vc_column_text css=&#8220;&#8220;]<\/p>\n<h2><span lang=\"DE\">Akustisches Element \u2013 <\/span><span lang=\"DE\">Ultraschallg<\/span><span lang=\"DE\">eneratoren und komponenten<\/span><\/h2>\n<p>[\/vc_column_text][vc_row_inner][vc_column_inner width=&#8220;1\/4&#8243;][vc_single_image image=&#8220;31004&#8243; img_size=&#8220;full&#8220; alignment=&#8220;center&#8220; css=&#8220;&#8220;][\/vc_column_inner][vc_column_inner width=&#8220;3\/4&#8243;][vc_column_text]Auf der Grundlage seiner Erfahrung und seines Know-hows im Bereich der Ultraschallverfahren hat sich SONIMAT seit 1993 auf die Fertigung, Einstellung und \u00dcberpr\u00fcfung von Ultraschallwerkzeugen spezialisiert und <strong>betriebsinterne Technologien<\/strong> entwickelt. Entdecken Sie unser komplettes Angebot an Ultraschallsonotroden, Wandlern und Boostern sowie unseren Ultraschallgenerator.[\/vc_column_text][\/vc_column_inner][\/vc_row_inner][vc_empty_space][\/vc_column][vc_column width=&#8220;1\/3&#8243;]<div class=\"ult-content-box-container contactform\" >\t<a class=\"ult-content-box-anchor\" href=\"https:\/\/sonimat.com\/de\/kontakt\/\" title=\"Contact\" >\t\t<div class=\"ult-content-box\" style=\"background-color:#f2f2f2;box-shadow: px px px px none;padding:25px;margin:25px;-webkit-transition: all 700ms ease;-moz-transition: all 700ms ease;-ms-transition: all 700ms ease;-o-transition: all 700ms ease;transition: all 700ms ease;\"  data-hover_bg_color=\"#f9f9f9\"  data-hover_box_shadow=\"none\"    data-normal_margins=\"margin:25px;\"   data-bg=\"#f2f2f2\" >[vc_icon icon_fontawesome=&#8220;fas fa-envelope&#8220; color=&#8220;custom&#8220; background_style=&#8220;rounded-outline&#8220; background_color=&#8220;custom&#8220; size=&#8220;xl&#8220; align=&#8220;center&#8220; custom_color=&#8220;#cd5b1b&#8220; custom_background_color=&#8220;#cd5b1b&#8220;][vc_column_text]Sie ben\u00f6tigen ein spezifisches akustisches Element, eine Sonotrode mit besonderen Merkmalen usw.? Kontaktieren Sie uns![\/vc_column_text]\t\t<\/div>\t<\/a><\/div>[\/vc_column][\/vc_row][vc_row][vc_column][vc_column_text css=&#8220;&#8220;]<\/p>\n<h3>Unsere Vorteile :<\/h3>\n<ul>\n<li>Einfache Inbetriebnahme und Einstellung der Systeme.<\/li>\n<li>Komponenten werden vormontiert geliefert, damit sie sofort nach der Installation in der Maschine einwandfrei funktionieren (vorherige Tests in der Fabrik, um das stabile Verhalten zu \u00fcberpr\u00fcfen).<\/li>\n<li>\u00a0Geringer Energieverbrauch<\/li>\n<li>\u00a0Schnelligkeit und Qualit\u00e4t der Schwei\u00dfarbeiten<\/li>\n<li>\u00a0Funktionaler und praktischer Bildschirm zur Steuerung der Generatoren.<\/li>\n<li>\u00a0Vereinfachte Konnektivit\u00e4t, die die Integration in die Maschinen erleichtert.<\/li>\n<\/ul>\n<p>[\/vc_column_text][vc_empty_space][vc_custom_heading text=&#8220;Die Techniker von SONIMAT h\u00f6ren Ihnen zu, beraten Sie und begleiten Sie bei der Integration unserer Ultraschallgenerator und Komponenten in Ihre Maschinen !&#8220; font_container=&#8220;tag:p|font_size:25|text_align:left|color:%23cd5b1b|line_height:1%2C5&#8243; use_theme_fonts=&#8220;yes&#8220; css=&#8220;&#8220;][vc_empty_space height=&#8220;60px&#8220;][\/vc_column][\/vc_row][vc_row][vc_column][vc_column_text css=&#8220;&#8220;]<\/p>\n<h3>UNSERE ULTRASCHALL-STANDARDPRODUKTE<\/h3>\n<p><em>Klicken Sie auf die folgenden Rubriken, um mehr \u00fcber unsere Ultraschallgeneratoren und komponenten zu erfahren und Ihr eigenes akustisches Element zu konfigurieren.<\/em>[\/vc_column_text][vc_tta_tabs alignment=&#8220;center&#8220; active_section=&#8220;1&#8243;][vc_tta_section title=&#8220;Generator&#8220; tab_id=&#8220;1581416800423-4f4de380-3119&#8243;][vc_column_text]<\/p>\n<h5>Ultraschallgenerator SONIMAT:<\/h5>\n<p>Vollst\u00e4ndig digitalisiertes Konzept \u2013 in einen Schaltkasten integrierbar[\/vc_column_text][vc_row_inner content_placement=&#8220;middle&#8220;][vc_column_inner width=&#8220;1\/2&#8243;][vc_single_image image=&#8220;23307&#8243; img_size=&#8220;full&#8220; alignment=&#8220;center&#8220;][\/vc_column_inner][vc_column_inner width=&#8220;1\/2&#8243;][vc_single_image image=&#8220;23322&#8243; img_size=&#8220;350&#215;311&#8243;][\/vc_column_inner][\/vc_row_inner][vc_row_inner gap=&#8220;35&#8243;][vc_column_inner width=&#8220;1\/2&#8243;][vc_column_text]<\/p>\n<h5>Technische Merkmale:<\/h5>\n<p>Zwei ST Microelectronics Prozessoren:<\/p>\n<p>Ultraschallsteuerung und Kommunikationssteuerung<\/p>\n<p>Automatische Suche nach der optimalen Arbeitsfrequenz<\/p>\n<p>Digitale Frequenzverfolgung in Echtzeit<\/p>\n<p><span style=\"color: #2f3787;\">Generatorsteuerung:<\/span><\/p>\n<ul>\n<li>Auf der Vorderseite<\/li>\n<li>Analog \/ Digital auf der Vorderseite (Klemmenleisten)<\/li>\n<li>Ethernet auf der Vorderseite mit Modbus\/IP-Protokoll<\/li>\n<\/ul>\n<p><span style=\"color: #2f3787;\">Programmierung des Generators:<\/span><\/p>\n<ul>\n<li>Auf der Seite<\/li>\n<li>2 mit Jtag programmierte Mikrocontroller<\/li>\n<\/ul>\n<p><span style=\"color: #2f3787;\">Einstellbare Amplitude:<\/span><\/p>\n<ul>\n<li>Durch analoge Referenz<\/li>\n<li>Durch digitale Adresse<\/li>\n<\/ul>\n<p><span style=\"color: #2f3787;\">Anzeige der Leistung und Frequenz in Echtzeit<\/span><\/p>\n<p><span style=\"color: #2f3787;\">PNP-Fehlersignale<\/span>[\/vc_column_text][\/vc_column_inner][vc_column_inner width=&#8220;1\/2&#8243;][vc_column_text]<span style=\"color: #2f3787;\">Konstante Amplitude unabh\u00e4ngig von:<\/span><\/p>\n<ul>\n<li>Luftdruck<\/li>\n<li>Verwendeter Leistung<\/li>\n<li>Netzschwankungen<\/li>\n<\/ul>\n<p><span style=\"color: #2f3787;\">Steuerung des Leistungsanstiegs<\/span><\/p>\n<p><span style=\"color: #2f3787;\">Eigensicherheit bei \u00dcberlastung der Leistungsbr\u00fccke (Reaktionszeit &lt;\u00a01\u00a0\u03bcs)<\/span><\/p>\n<ul>\n<li>Stromversorgung: 230 V einphasig 50 \/ 60 Hz<\/li>\n<li>Verbindung Ethernet Modbus\/IP<\/li>\n<li>Steckerkompatibles Bedienpult KEP<\/li>\n<li>Europ\u00e4ische Steckverbinder<\/li>\n<li>BNC-HT-Leistungsstecker<\/li>\n<li>IGBT-Technologie der 4. Generation<\/li>\n<li>Wirkungsgrad &gt; 90\u00a0%<\/li>\n<li>Integrierte Bel\u00fcftung und Filter<\/li>\n<li>Modularer Generator mit Geh\u00e4use<\/li>\n<li>Befestigung des Systems auf einer Platte oder F\u00fc\u00dfen m\u00f6glich<\/li>\n<li>Gewicht 6,5 kg<\/li>\n<\/ul>\n<p>[\/vc_column_text][\/vc_column_inner][\/vc_row_inner][vc_raw_html]JTNDdGFibGUlMjBjbGFzcyUzRCUyMnRhYmxlJTIwdGFibGUtYm9yZGVyZWQlMjIlM0UlMEElMjAlMjAlM0N0aGVhZCUzRSUwQSUyMCUyMCUyMCUyMCUzQ3RyJTNFJTBBJTIwJTIwJTIwJTIwJTIwJTIwJTNDdGglMjBzY29wZSUzRCUyMmNvbCUyMiUzRUZyZXF1ZW56JTNDJTJGdGglM0UlMEElMjAlMjAlMjAlMjAlMjAlMjAlM0N0aCUyMHNjb3BlJTNEJTIyY29sJTIyJTNFTW9kZWxsJTNDJTJGdGglM0UlMEElMjAlMjAlMjAlMjAlMjAlMjAlM0N0aCUyMHNjb3BlJTNEJTIyY29sJTIyJTNFTGVpc3R1bmclM0MlMkZ0aCUzRSUwQSUyMCUyMCUyMCUyMCUzQyUyRnRyJTNFJTBBJTIwJTIwJTNDJTJGdGhlYWQlM0UlMEElMjAlMjAlM0N0Ym9keSUzRSUwQSUyMCUyMCUyMCUyMCUzQ3RyJTNFJTBBJTIwJTIwJTIwJTIwJTIwJTIwJTNDdGQlM0UyMCUyMEtIeiUzQyUyRnRkJTNFJTBBJTIwJTIwJTIwJTIwJTIwJTIwJTNDdGQlM0VHVDIwMTAlMjAtJTIwR1QyMDE1JTNDJTJGdGQlM0UlMEElMjAlMjAlMjAlMjAlMjAlMjAlM0N0ZCUzRTEwMDAlMjAtJTIwMTUwMCUzQyUyRnRkJTNFJTBBJTIwJTIwJTIwJTIwJTNDJTJGdHIlM0UlMEElMjAlMjAlMjAlMjAlM0N0ciUzRSUwQSUyMCUyMCUyMCUyMCUyMCUyMCUzQ3RkJTNFMzAlMjBLSHolM0MlMkZ0ZCUzRSUwQSUyMCUyMCUyMCUyMCUyMCUyMCUzQ3RkJTNFR1QzMDEwJTIwLSUyMEdUMzAxNSUzQyUyRnRkJTNFJTBBJTIwJTIwJTIwJTIwJTIwJTIwJTNDdGQlM0UxMDAwJTIwLSUyMDE1MDAlM0MlMkZ0ZCUzRSUwQSUyMCUyMCUyMCUyMCUzQyUyRnRyJTNFJTBBJTIwJTIwJTIwJTIwJTNDdHIlM0UlMEElMjAlMjAlMjAlMjAlMjAlMjAlM0N0ZCUzRTQwJTIwS0h6JTNDJTJGdGQlM0UlMEElMjAlMjAlMjAlMjAlMjAlMjAlM0N0ZCUzRUdUNDAxMCUzQyUyRnRkJTNFJTBBJTIwJTIwJTIwJTIwJTIwJTIwJTNDdGQlM0UxMDAwJTNDJTJGdGQlM0UlMEElMjAlMjAlMjAlMjAlM0MlMkZ0ciUzRSUwQSUyMCUyMCUzQyUyRnRib2R5JTNFJTBBJTNDJTJGdGFibGUlM0U=[\/vc_raw_html][\/vc_tta_section][vc_tta_section title=&#8220;Wandler&#8220; tab_id=&#8220;1581416800448-807b71ef-0231&#8243;][vc_row_inner][vc_column_inner][vc_column_text]<\/p>\n<h5>Piezoelektrische Wandler<\/h5>\n<p>Der piezoelektrische Wandler (oder Transducer) hat die Aufgabe, die elektrische Frequenz in mechanische Schwingungen mit derselben Frequenz umzuwandeln. Da seine Komponenten \u00fcber die Zuverl\u00e4ssigkeit des Prozesses entscheiden, w\u00e4hlt SONIMAT nur die besten Produkte f\u00fcr die Herstellung aus.[\/vc_column_text][\/vc_column_inner][\/vc_row_inner][vc_row_inner content_placement=&#8220;top&#8220;][vc_column_inner width=&#8220;1\/2&#8243;][vc_column_text]<\/p>\n<h5>Modelle:<\/h5>\n<ul>\n<li>Standard, verst\u00e4rkt, reduziertes Geh\u00e4use, Pressenmodell<\/li>\n<li>Ohne Abdeckung, mit Standard- oder wasserdichter Abdeckung<\/li>\n<li>BNC- oder LEMO-Stecker<\/li>\n<\/ul>\n<p>[\/vc_column_text][\/vc_column_inner][vc_column_inner width=&#8220;1\/2&#8243;][vc_single_image image=&#8220;23318&#8243; img_size=&#8220;full&#8220; alignment=&#8220;center&#8220;][\/vc_column_inner][\/vc_row_inner][\/vc_tta_section][vc_tta_section title=&#8220;Sonotroden&#8220; tab_id=&#8220;1581416838296-66af6c99-8938&#8243;][vc_row_inner][vc_column_inner][vc_column_text]<\/p>\n<h5>Sonotroden zum Schneiden und Schwei\u00dfen mit Ultraschall<\/h5>\n<p>Beim Ultraschallschwei\u00dfen oder -schneiden kommt Ihr Produkt mit der \u201eSonotrode\u201c in Kontakt. Es handelt sich um eine Schl\u00fcsselphase Ihres Prozesses.<\/p>\n<p>Um eine optimale Qualit\u00e4t und h\u00f6chste Leistungsf\u00e4higkeit zu garantieren, werden alle Ultraschallsonotroden von SONIMAT am Standort Lenclo\u00eetre in Vienne (Departement 86) hergestellt und getestet. Als letztes Element der akustischen Kette \u00fcbertr\u00e4gt die Sonotrode die Ultraschallenergie auf das zu schwei\u00dfende oder zu schneidende Teil.<\/p>\n<p>&nbsp;<\/p>\n<p>Die Sonotroden weisen unterschiedliche Formen auf, um sich an das bearbeitete Teil anzupassen. Ihre Form, ihr Material und die Frequenz, mit der sie vibrieren, werden bereits im Vorfeld an die jeweilige Anwendung angepasst. In enger Abstimmung mit Ihnen entwerfen wir die geeignete Sonotrode f\u00fcr Ihren Bedarf, wenn unsere Standardprodukte Ihre Anforderungen nicht erf\u00fcllen.<\/p>\n<p>Unsere spezifischen Ambosse und Aufnahmevorrichtungen dienen zum Positionieren und Fixieren der zu schwei\u00dfenden Teile und gew\u00e4hrleisten die Ultraschallr\u00fcckkopplung der Sonotrode. Wie die Sonotroden k\u00f6nnen diese Werkzeuge unterschiedliche Formen aufweisen und sind keine Massenprodukte, die in Serie hergestellt werden k\u00f6nnen. Sie werden anhand von Mustern unserer Kunden entworfen und gefertigt, um sich optimal an die jeweilige spezifische Anwendung anzupassen. Gemeinsam mit den parallel entwickelten Sonotroden bilden sie einen festen Bestandteil der Anlage.[\/vc_column_text][\/vc_column_inner][\/vc_row_inner][vc_row_inner][vc_column_inner width=&#8220;1\/3&#8243;][vc_column_text]<\/p>\n<h5>Modelle:<\/h5>\n<ul>\n<li>Schaufeln<\/li>\n<li>Stangen<\/li>\n<li>Bl\u00f6cke<\/li>\n<li>Doppelzylinder<\/li>\n<li>Spulen<\/li>\n<li>Abgeflachte Formen<\/li>\n<li>Glocken<\/li>\n<\/ul>\n<p>[\/vc_column_text][\/vc_column_inner][vc_column_inner width=&#8220;2\/3&#8243;][vc_single_image image=&#8220;23320&#8243; img_size=&#8220;full&#8220; alignment=&#8220;center&#8220;][\/vc_column_inner][\/vc_row_inner][\/vc_tta_section][vc_tta_section title=&#8220;Ambosse&#8220; tab_id=&#8220;1581416853702-1c338e90-d0b5&#8243;][vc_row_inner content_placement=&#8220;middle&#8220;][vc_column_inner width=&#8220;1\/3&#8243;][vc_column_text]<\/p>\n<h5>Werkstoffe:<\/h5>\n<ul>\n<li>Ambosse aus Aluminium<\/li>\n<li>In einem Aluminiumsockel vergossenes Harz<\/li>\n<li>3D-Druck aus Harz<\/li>\n<\/ul>\n<p>[\/vc_column_text][\/vc_column_inner][vc_column_inner width=&#8220;2\/3&#8243;][vc_single_image image=&#8220;23319&#8243; img_size=&#8220;full&#8220; alignment=&#8220;center&#8220;][\/vc_column_inner][\/vc_row_inner][\/vc_tta_section][vc_tta_section title=&#8220;Booster&#8220; tab_id=&#8220;1581417020058-5027a1cd-e56d&#8220;][vc_row_inner gap=&#8220;35&#8243;][vc_column_inner width=&#8220;1\/3&#8243;][vc_column_text]<\/p>\n<h5>Amplitudenverst\u00e4rker:<\/h5>\n<p>[\/vc_column_text][vc_column_text]Der Booster oder Amplitudenverst\u00e4rker dient dazu, die vom Wandler erzeugte Amplitude zu vergr\u00f6\u00dfern oder zu verkleinern. F\u00fcr bestimmte Anwendungen ist ein Booster erforderlich.[\/vc_column_text][\/vc_column_inner][vc_column_inner width=&#8220;2\/3&#8243;][vc_single_image image=&#8220;23321&#8243; img_size=&#8220;full&#8220; alignment=&#8220;center&#8220;][\/vc_column_inner][\/vc_row_inner][\/vc_tta_section][\/vc_tta_tabs][\/vc_column][\/vc_row][vc_row][vc_column][vc_empty_space height=&#8220;60px&#8220;][\/vc_column][\/vc_row]<\/p>\n<\/div>","protected":false},"excerpt":{"rendered":"<p>[vc_row gap=&#8220;35&#8243; content_placement=&#8220;middle&#8220;][vc_column width=&#8220;2\/3&#8243;][vc_column_text css=&#8220;&#8220;] Akustisches Element \u2013 Ultraschallgeneratoren und komponenten [\/vc_column_text][vc_row_inner][vc_column_inner width=&#8220;1\/4&#8243;][vc_single_image image=&#8220;31004&#8243; img_size=&#8220;full&#8220; alignment=&#8220;center&#8220; css=&#8220;&#8220;][\/vc_column_inner][vc_column_inner width=&#8220;3\/4&#8243;][vc_column_text]Auf der Grundlage seiner Erfahrung und seines Know-hows im Bereich der Ultraschallverfahren hat&hellip;<\/p>\n","protected":false},"author":3,"featured_media":23308,"parent":0,"menu_order":0,"comment_status":"closed","ping_status":"closed","template":"","meta":{"_acf_changed":false,"footnotes":""},"class_list":["post-23306","page","type-page","status-publish","has-post-thumbnail","hentry"],"acf":[],"yoast_head":"<title>Ultraschallgenerator und komponenten | SONIMAT<\/title>\n<meta name=\"description\" content=\"Entdecken Sie unser umfassendes Angebot an Werkzeugen und Komponenten: Ultraschallsonotroden, piezoelektrische Konverter, Booster, Ultraschallgeneratoren.\" \/>\n<meta name=\"robots\" content=\"index, follow, max-snippet:-1, max-image-preview:large, max-video-preview:-1\" \/>\n<link rel=\"canonical\" href=\"https:\/\/sonimat.com\/de\/ultraschallgenerator\/\" \/>\n<meta property=\"og:locale\" content=\"de_DE\" \/>\n<meta property=\"og:type\" content=\"article\" \/>\n<meta property=\"og:title\" content=\"Ultraschallgenerator und komponenten | SONIMAT\" \/>\n<meta property=\"og:description\" content=\"Entdecken Sie unser umfassendes Angebot an Werkzeugen und Komponenten: Ultraschallsonotroden, piezoelektrische Konverter, Booster, Ultraschallgeneratoren.\" \/>\n<meta property=\"og:url\" content=\"https:\/\/sonimat.com\/de\/ultraschallgenerator\/\" \/>\n<meta property=\"og:site_name\" content=\"SONIMAT\" \/>\n<meta property=\"article:modified_time\" content=\"2024-12-10T14:34:51+00:00\" \/>\n<meta property=\"og:image\" content=\"https:\/\/sonimat.com\/wp-content\/uploads\/sites\/9\/2020\/02\/Preheader-Consommables-ultrasons-2.jpg\" \/>\n\t<meta property=\"og:image:width\" content=\"1583\" \/>\n\t<meta property=\"og:image:height\" content=\"519\" \/>\n\t<meta property=\"og:image:type\" content=\"image\/jpeg\" \/>\n<meta name=\"twitter:card\" content=\"summary_large_image\" \/>\n<meta name=\"twitter:site\" content=\"@EuropeTechno\" \/>\n<meta name=\"twitter:label1\" content=\"Gesch\u00e4tzte Lesezeit\" \/>\n\t<meta name=\"twitter:data1\" content=\"6\u00a0Minuten\" \/>\n<script type=\"application\/ld+json\" class=\"yoast-schema-graph\">{\"@context\":\"https:\\\/\\\/schema.org\",\"@graph\":[{\"@type\":\"WebPage\",\"@id\":\"https:\\\/\\\/sonimat.com\\\/de\\\/ultraschallgenerator\\\/\",\"url\":\"https:\\\/\\\/sonimat.com\\\/de\\\/ultraschallgenerator\\\/\",\"name\":\"Ultraschallgenerator und komponenten | SONIMAT\",\"isPartOf\":{\"@id\":\"https:\\\/\\\/sonimat.com\\\/#website\"},\"primaryImageOfPage\":{\"@id\":\"https:\\\/\\\/sonimat.com\\\/de\\\/ultraschallgenerator\\\/#primaryimage\"},\"image\":{\"@id\":\"https:\\\/\\\/sonimat.com\\\/de\\\/ultraschallgenerator\\\/#primaryimage\"},\"thumbnailUrl\":\"https:\\\/\\\/sonimat.com\\\/wp-content\\\/uploads\\\/sites\\\/9\\\/2020\\\/02\\\/Preheader-Consommables-ultrasons-2.jpg\",\"datePublished\":\"2020-02-11T10:10:08+00:00\",\"dateModified\":\"2024-12-10T14:34:51+00:00\",\"description\":\"Entdecken Sie unser umfassendes Angebot an Werkzeugen und Komponenten: Ultraschallsonotroden, piezoelektrische Konverter, Booster, Ultraschallgeneratoren.\",\"breadcrumb\":{\"@id\":\"https:\\\/\\\/sonimat.com\\\/de\\\/ultraschallgenerator\\\/#breadcrumb\"},\"inLanguage\":\"de\",\"potentialAction\":[{\"@type\":\"ReadAction\",\"target\":[\"https:\\\/\\\/sonimat.com\\\/de\\\/ultraschallgenerator\\\/\"]}]},{\"@type\":\"ImageObject\",\"inLanguage\":\"de\",\"@id\":\"https:\\\/\\\/sonimat.com\\\/de\\\/ultraschallgenerator\\\/#primaryimage\",\"url\":\"https:\\\/\\\/sonimat.com\\\/wp-content\\\/uploads\\\/sites\\\/9\\\/2020\\\/02\\\/Preheader-Consommables-ultrasons-2.jpg\",\"contentUrl\":\"https:\\\/\\\/sonimat.com\\\/wp-content\\\/uploads\\\/sites\\\/9\\\/2020\\\/02\\\/Preheader-Consommables-ultrasons-2.jpg\",\"width\":1583,\"height\":519},{\"@type\":\"BreadcrumbList\",\"@id\":\"https:\\\/\\\/sonimat.com\\\/de\\\/ultraschallgenerator\\\/#breadcrumb\",\"itemListElement\":[{\"@type\":\"ListItem\",\"position\":1,\"name\":\"Accueil\",\"item\":\"https:\\\/\\\/sonimat.com\\\/de\\\/\"},{\"@type\":\"ListItem\",\"position\":2,\"name\":\"Ultraschall-Komponenten\"}]},{\"@type\":\"WebSite\",\"@id\":\"https:\\\/\\\/sonimat.com\\\/#website\",\"url\":\"https:\\\/\\\/sonimat.com\\\/\",\"name\":\"SONIMAT\",\"description\":\"\",\"potentialAction\":[{\"@type\":\"SearchAction\",\"target\":{\"@type\":\"EntryPoint\",\"urlTemplate\":\"https:\\\/\\\/sonimat.com\\\/?s={search_term_string}\"},\"query-input\":{\"@type\":\"PropertyValueSpecification\",\"valueRequired\":true,\"valueName\":\"search_term_string\"}}],\"inLanguage\":\"de\"}]}<\/script>","yoast_head_json":{"title":"Ultraschallgenerator und komponenten | SONIMAT","description":"Entdecken Sie unser umfassendes Angebot an Werkzeugen und Komponenten: Ultraschallsonotroden, piezoelektrische Konverter, Booster, Ultraschallgeneratoren.","robots":{"index":"index","follow":"follow","max-snippet":"max-snippet:-1","max-image-preview":"max-image-preview:large","max-video-preview":"max-video-preview:-1"},"canonical":"https:\/\/sonimat.com\/de\/ultraschallgenerator\/","og_locale":"de_DE","og_type":"article","og_title":"Ultraschallgenerator und komponenten | SONIMAT","og_description":"Entdecken Sie unser umfassendes Angebot an Werkzeugen und Komponenten: Ultraschallsonotroden, piezoelektrische Konverter, Booster, Ultraschallgeneratoren.","og_url":"https:\/\/sonimat.com\/de\/ultraschallgenerator\/","og_site_name":"SONIMAT","article_modified_time":"2024-12-10T14:34:51+00:00","og_image":[{"width":1583,"height":519,"url":"https:\/\/sonimat.com\/wp-content\/uploads\/sites\/9\/2020\/02\/Preheader-Consommables-ultrasons-2.jpg","type":"image\/jpeg"}],"twitter_card":"summary_large_image","twitter_site":"@EuropeTechno","twitter_misc":{"Gesch\u00e4tzte Lesezeit":"6\u00a0Minuten"},"schema":{"@context":"https:\/\/schema.org","@graph":[{"@type":"WebPage","@id":"https:\/\/sonimat.com\/de\/ultraschallgenerator\/","url":"https:\/\/sonimat.com\/de\/ultraschallgenerator\/","name":"Ultraschallgenerator und komponenten | SONIMAT","isPartOf":{"@id":"https:\/\/sonimat.com\/#website"},"primaryImageOfPage":{"@id":"https:\/\/sonimat.com\/de\/ultraschallgenerator\/#primaryimage"},"image":{"@id":"https:\/\/sonimat.com\/de\/ultraschallgenerator\/#primaryimage"},"thumbnailUrl":"https:\/\/sonimat.com\/wp-content\/uploads\/sites\/9\/2020\/02\/Preheader-Consommables-ultrasons-2.jpg","datePublished":"2020-02-11T10:10:08+00:00","dateModified":"2024-12-10T14:34:51+00:00","description":"Entdecken Sie unser umfassendes Angebot an Werkzeugen und Komponenten: Ultraschallsonotroden, piezoelektrische Konverter, Booster, Ultraschallgeneratoren.","breadcrumb":{"@id":"https:\/\/sonimat.com\/de\/ultraschallgenerator\/#breadcrumb"},"inLanguage":"de","potentialAction":[{"@type":"ReadAction","target":["https:\/\/sonimat.com\/de\/ultraschallgenerator\/"]}]},{"@type":"ImageObject","inLanguage":"de","@id":"https:\/\/sonimat.com\/de\/ultraschallgenerator\/#primaryimage","url":"https:\/\/sonimat.com\/wp-content\/uploads\/sites\/9\/2020\/02\/Preheader-Consommables-ultrasons-2.jpg","contentUrl":"https:\/\/sonimat.com\/wp-content\/uploads\/sites\/9\/2020\/02\/Preheader-Consommables-ultrasons-2.jpg","width":1583,"height":519},{"@type":"BreadcrumbList","@id":"https:\/\/sonimat.com\/de\/ultraschallgenerator\/#breadcrumb","itemListElement":[{"@type":"ListItem","position":1,"name":"Accueil","item":"https:\/\/sonimat.com\/de\/"},{"@type":"ListItem","position":2,"name":"Ultraschall-Komponenten"}]},{"@type":"WebSite","@id":"https:\/\/sonimat.com\/#website","url":"https:\/\/sonimat.com\/","name":"SONIMAT","description":"","potentialAction":[{"@type":"SearchAction","target":{"@type":"EntryPoint","urlTemplate":"https:\/\/sonimat.com\/?s={search_term_string}"},"query-input":{"@type":"PropertyValueSpecification","valueRequired":true,"valueName":"search_term_string"}}],"inLanguage":"de"}]}},"_links":{"self":[{"href":"https:\/\/sonimat.com\/de\/wp-json\/wp\/v2\/pages\/23306","targetHints":{"allow":["GET"]}}],"collection":[{"href":"https:\/\/sonimat.com\/de\/wp-json\/wp\/v2\/pages"}],"about":[{"href":"https:\/\/sonimat.com\/de\/wp-json\/wp\/v2\/types\/page"}],"author":[{"embeddable":true,"href":"https:\/\/sonimat.com\/de\/wp-json\/wp\/v2\/users\/3"}],"replies":[{"embeddable":true,"href":"https:\/\/sonimat.com\/de\/wp-json\/wp\/v2\/comments?post=23306"}],"version-history":[{"count":81,"href":"https:\/\/sonimat.com\/de\/wp-json\/wp\/v2\/pages\/23306\/revisions"}],"predecessor-version":[{"id":29994,"href":"https:\/\/sonimat.com\/de\/wp-json\/wp\/v2\/pages\/23306\/revisions\/29994"}],"wp:featuredmedia":[{"embeddable":true,"href":"https:\/\/sonimat.com\/de\/wp-json\/wp\/v2\/media\/23308"}],"wp:attachment":[{"href":"https:\/\/sonimat.com\/de\/wp-json\/wp\/v2\/media?parent=23306"}],"curies":[{"name":"wp","href":"https:\/\/api.w.org\/{rel}","templated":true}]}}