{"id":23295,"date":"2017-11-08T16:16:10","date_gmt":"2017-11-08T15:16:10","guid":{"rendered":"https:\/\/sonimat.com\/societe\/engagements\/"},"modified":"2023-06-22T14:03:20","modified_gmt":"2023-06-22T12:03:20","slug":"verpflichtungen","status":"publish","type":"page","link":"https:\/\/sonimat.com\/de\/gesellschaft\/verpflichtungen\/","title":{"rendered":"Verpflichtungen"},"content":{"rendered":"<div class=\"wpb-content-wrapper\"><p>[vc_row][vc_column][vc_row_inner][vc_column_inner][vc_column_text]<\/p>\n<h1><span lang=\"DE\">Unser Engagement<\/span><\/h1>\n<p>[\/vc_column_text][\/vc_column_inner][\/vc_row_inner][vc_row_inner content_placement=&#8220;middle&#8220;][vc_column_inner width=&#8220;1\/4&#8243;][vc_icon icon_fontawesome=&#8220;fas fa-check&#8220; color=&#8220;custom&#8220; size=&#8220;xl&#8220; align=&#8220;center&#8220; custom_color=&#8220;#cd5b1b&#8220;][\/vc_column_inner][vc_column_inner width=&#8220;3\/4&#8243;][vc_column_text]<\/p>\n<h2><strong>TOTAL QUALITY<\/strong><\/h2>\n<p>SONIMAT ist nach ISO 9001 zertifiziert und hat sich verpflichtet, seinen Kunden ein Produkt zu liefern, das ihre Anforderungen in jeder Hinsicht erf\u00fcllt. Das Unternehmen haftet zu 100\u00a0% f\u00fcr die Funktionsf\u00e4higkeit des verkauften Materials. In jeder Phase des Fertigungsprozesses werden die Erzeugnisse nach strengen Kriterien getestet (R\u00fcckverfolgbarkeitsdaten).[\/vc_column_text][\/vc_column_inner][\/vc_row_inner][vc_row_inner content_placement=&#8220;middle&#8220;][vc_column_inner width=&#8220;1\/4&#8243;][vc_icon icon_fontawesome=&#8220;far fa-lightbulb&#8220; color=&#8220;custom&#8220; size=&#8220;xl&#8220; align=&#8220;center&#8220; custom_color=&#8220;#cd5b1b&#8220;][\/vc_column_inner][vc_column_inner width=&#8220;3\/4&#8243;][vc_column_text]<\/p>\n<h2><strong>KUNDENZUFRIEDENHEIT UND INNOVATION<\/strong><\/h2>\n<p>Von der ersten Kontaktaufnahme bis zum Kundendienst haben die Techniker von SONIMAT ein einziges Ziel vor Augen: die Projekte ihrer Kunden zum Erfolg zu f\u00fchren. Wir glauben, dass es wichtig ist, in einem wettbewerbsintensiven Markt immer einen Schritt voraus zu sein. Deshalb investiert SONIMAT jedes Jahr 10\u00a0% seines Umsatzes in die Erforschung und Entwicklung neuer Technologien. Dieser innovative Ansatz garantiert unseren Kunden, dass sie immer die fortschrittlichste L\u00f6sung f\u00fcr ihren Bedarf erhalten.[\/vc_column_text][\/vc_column_inner][\/vc_row_inner][vc_row_inner content_placement=&#8220;middle&#8220;][vc_column_inner width=&#8220;1\/4&#8243;][vc_icon icon_fontawesome=&#8220;fas fa-users&#8220; color=&#8220;custom&#8220; size=&#8220;xl&#8220; align=&#8220;center&#8220; custom_color=&#8220;#cd5b1b&#8220;][\/vc_column_inner][vc_column_inner width=&#8220;3\/4&#8243;][vc_column_text]<\/p>\n<h2><strong>MITARBEITENDE<\/strong><\/h2>\n<p>Professionalit\u00e4t und ein menschliches Arbeitsklima werden bei SONIMAT gro\u00df geschrieben. Unsere Mitarbeitenden nehmen regelm\u00e4\u00dfig an Schulungen zu den unterschiedlichsten technischen Themen teil. Sie werden auch ermutigt, sich aktiv an der Gesamtentwicklung des Unternehmens zu beteiligen.[\/vc_column_text][\/vc_column_inner][\/vc_row_inner][vc_row_inner content_placement=&#8220;middle&#8220;][vc_column_inner width=&#8220;1\/4&#8243;][vc_icon icon_fontawesome=&#8220;fab fa-envira&#8220; color=&#8220;custom&#8220; size=&#8220;xl&#8220; align=&#8220;center&#8220; custom_color=&#8220;#cd5b1b&#8220;][\/vc_column_inner][vc_column_inner width=&#8220;3\/4&#8243;][vc_column_text]<\/p>\n<h2><strong>UMWELT<\/strong><\/h2>\n<p>Mit der Ultraschalltechnik hat sich SONIMAT f\u00fcr eine saubere Technologie entschieden. Gleichzeitig achtet die Gesch\u00e4ftsleitung bei der Anwendung dieser Verfahren darauf, dass die geltenden Umweltstandards hinsichtlich Materialauswahl, M\u00fclltrennung und Recycling eingehalten werden.[\/vc_column_text][\/vc_column_inner][\/vc_row_inner][\/vc_column][\/vc_row][vc_row][vc_column][vc_empty_space][\/vc_column][\/vc_row]<\/p>\n<\/div>","protected":false},"excerpt":{"rendered":"<p>[vc_row][vc_column][vc_row_inner][vc_column_inner][vc_column_text] Unser Engagement [\/vc_column_text][\/vc_column_inner][\/vc_row_inner][vc_row_inner content_placement=&#8220;middle&#8220;][vc_column_inner width=&#8220;1\/4&#8243;][vc_icon icon_fontawesome=&#8220;fas fa-check&#8220; color=&#8220;custom&#8220; size=&#8220;xl&#8220; align=&#8220;center&#8220; custom_color=&#8220;#cd5b1b&#8220;][\/vc_column_inner][vc_column_inner width=&#8220;3\/4&#8243;][vc_column_text] TOTAL QUALITY SONIMAT ist nach ISO 9001 zertifiziert und hat sich verpflichtet, seinen Kunden ein Produkt zu&hellip;<\/p>\n","protected":false},"author":1,"featured_media":20685,"parent":20740,"menu_order":0,"comment_status":"closed","ping_status":"closed","template":"","meta":{"_acf_changed":false,"footnotes":""},"class_list":["post-23295","page","type-page","status-publish","has-post-thumbnail","hentry"],"acf":[],"yoast_head":"<title>Verpflichtungen - SONIMAT<\/title>\n<meta name=\"robots\" content=\"index, follow, max-snippet:-1, max-image-preview:large, max-video-preview:-1\" \/>\n<link rel=\"canonical\" href=\"https:\/\/sonimat.com\/de\/gesellschaft\/verpflichtungen\/\" \/>\n<meta property=\"og:locale\" content=\"de_DE\" \/>\n<meta property=\"og:type\" content=\"article\" \/>\n<meta property=\"og:title\" content=\"Verpflichtungen - SONIMAT\" \/>\n<meta property=\"og:description\" content=\"[vc_row][vc_column][vc_row_inner][vc_column_inner][vc_column_text] Unser Engagement [\/vc_column_text][\/vc_column_inner][\/vc_row_inner][vc_row_inner content_placement=&#8220;middle&#8220;][vc_column_inner width=&#8220;1\/4&#8243;][vc_icon icon_fontawesome=&#8220;fas fa-check&#8220; color=&#8220;custom&#8220; size=&#8220;xl&#8220; align=&#8220;center&#8220; custom_color=&#8220;#cd5b1b&#8220;][\/vc_column_inner][vc_column_inner width=&#8220;3\/4&#8243;][vc_column_text] TOTAL QUALITY SONIMAT ist nach ISO 9001 zertifiziert und hat sich verpflichtet, seinen Kunden ein Produkt zu&hellip;\" \/>\n<meta property=\"og:url\" content=\"https:\/\/sonimat.com\/de\/gesellschaft\/verpflichtungen\/\" \/>\n<meta property=\"og:site_name\" content=\"SONIMAT\" \/>\n<meta property=\"article:modified_time\" content=\"2023-06-22T12:03:20+00:00\" \/>\n<meta property=\"og:image\" content=\"https:\/\/sonimat.com\/wp-content\/uploads\/sites\/9\/2018\/10\/CONTACT-SOCIETE-e1540459141189.jpg\" \/>\n\t<meta property=\"og:image:width\" content=\"2000\" \/>\n\t<meta property=\"og:image:height\" content=\"845\" \/>\n\t<meta property=\"og:image:type\" content=\"image\/jpeg\" \/>\n<meta name=\"twitter:card\" content=\"summary_large_image\" \/>\n<meta name=\"twitter:site\" content=\"@EuropeTechno\" \/>\n<meta name=\"twitter:label1\" content=\"Gesch\u00e4tzte Lesezeit\" \/>\n\t<meta name=\"twitter:data1\" content=\"2\u00a0Minuten\" \/>\n<script type=\"application\/ld+json\" class=\"yoast-schema-graph\">{\"@context\":\"https:\\\/\\\/schema.org\",\"@graph\":[{\"@type\":\"WebPage\",\"@id\":\"https:\\\/\\\/sonimat.com\\\/de\\\/gesellschaft\\\/verpflichtungen\\\/\",\"url\":\"https:\\\/\\\/sonimat.com\\\/de\\\/gesellschaft\\\/verpflichtungen\\\/\",\"name\":\"Verpflichtungen - SONIMAT\",\"isPartOf\":{\"@id\":\"https:\\\/\\\/sonimat.com\\\/#website\"},\"primaryImageOfPage\":{\"@id\":\"https:\\\/\\\/sonimat.com\\\/de\\\/gesellschaft\\\/verpflichtungen\\\/#primaryimage\"},\"image\":{\"@id\":\"https:\\\/\\\/sonimat.com\\\/de\\\/gesellschaft\\\/verpflichtungen\\\/#primaryimage\"},\"thumbnailUrl\":\"https:\\\/\\\/sonimat.com\\\/wp-content\\\/uploads\\\/sites\\\/9\\\/2018\\\/10\\\/CONTACT-SOCIETE-e1540459141189.jpg\",\"datePublished\":\"2017-11-08T15:16:10+00:00\",\"dateModified\":\"2023-06-22T12:03:20+00:00\",\"breadcrumb\":{\"@id\":\"https:\\\/\\\/sonimat.com\\\/de\\\/gesellschaft\\\/verpflichtungen\\\/#breadcrumb\"},\"inLanguage\":\"de\",\"potentialAction\":[{\"@type\":\"ReadAction\",\"target\":[\"https:\\\/\\\/sonimat.com\\\/de\\\/gesellschaft\\\/verpflichtungen\\\/\"]}]},{\"@type\":\"ImageObject\",\"inLanguage\":\"de\",\"@id\":\"https:\\\/\\\/sonimat.com\\\/de\\\/gesellschaft\\\/verpflichtungen\\\/#primaryimage\",\"url\":\"https:\\\/\\\/sonimat.com\\\/wp-content\\\/uploads\\\/sites\\\/9\\\/2018\\\/10\\\/CONTACT-SOCIETE-e1540459141189.jpg\",\"contentUrl\":\"https:\\\/\\\/sonimat.com\\\/wp-content\\\/uploads\\\/sites\\\/9\\\/2018\\\/10\\\/CONTACT-SOCIETE-e1540459141189.jpg\",\"width\":2000,\"height\":845,\"caption\":\"SONIMAT - Thermoplastics facility\"},{\"@type\":\"BreadcrumbList\",\"@id\":\"https:\\\/\\\/sonimat.com\\\/de\\\/gesellschaft\\\/verpflichtungen\\\/#breadcrumb\",\"itemListElement\":[{\"@type\":\"ListItem\",\"position\":1,\"name\":\"Accueil\",\"item\":\"https:\\\/\\\/sonimat.com\\\/de\\\/\"},{\"@type\":\"ListItem\",\"position\":2,\"name\":\"Gesellschaft\",\"item\":\"https:\\\/\\\/sonimat.com\\\/de\\\/gesellschaft\\\/\"},{\"@type\":\"ListItem\",\"position\":3,\"name\":\"Verpflichtungen\"}]},{\"@type\":\"WebSite\",\"@id\":\"https:\\\/\\\/sonimat.com\\\/#website\",\"url\":\"https:\\\/\\\/sonimat.com\\\/\",\"name\":\"SONIMAT\",\"description\":\"\",\"potentialAction\":[{\"@type\":\"SearchAction\",\"target\":{\"@type\":\"EntryPoint\",\"urlTemplate\":\"https:\\\/\\\/sonimat.com\\\/?s={search_term_string}\"},\"query-input\":{\"@type\":\"PropertyValueSpecification\",\"valueRequired\":true,\"valueName\":\"search_term_string\"}}],\"inLanguage\":\"de\"}]}<\/script>","yoast_head_json":{"title":"Verpflichtungen - SONIMAT","robots":{"index":"index","follow":"follow","max-snippet":"max-snippet:-1","max-image-preview":"max-image-preview:large","max-video-preview":"max-video-preview:-1"},"canonical":"https:\/\/sonimat.com\/de\/gesellschaft\/verpflichtungen\/","og_locale":"de_DE","og_type":"article","og_title":"Verpflichtungen - SONIMAT","og_description":"[vc_row][vc_column][vc_row_inner][vc_column_inner][vc_column_text] Unser Engagement [\/vc_column_text][\/vc_column_inner][\/vc_row_inner][vc_row_inner content_placement=&#8220;middle&#8220;][vc_column_inner width=&#8220;1\/4&#8243;][vc_icon icon_fontawesome=&#8220;fas fa-check&#8220; color=&#8220;custom&#8220; size=&#8220;xl&#8220; align=&#8220;center&#8220; custom_color=&#8220;#cd5b1b&#8220;][\/vc_column_inner][vc_column_inner width=&#8220;3\/4&#8243;][vc_column_text] TOTAL QUALITY SONIMAT ist nach ISO 9001 zertifiziert und hat sich verpflichtet, seinen Kunden ein Produkt zu&hellip;","og_url":"https:\/\/sonimat.com\/de\/gesellschaft\/verpflichtungen\/","og_site_name":"SONIMAT","article_modified_time":"2023-06-22T12:03:20+00:00","og_image":[{"width":2000,"height":845,"url":"https:\/\/sonimat.com\/wp-content\/uploads\/sites\/9\/2018\/10\/CONTACT-SOCIETE-e1540459141189.jpg","type":"image\/jpeg"}],"twitter_card":"summary_large_image","twitter_site":"@EuropeTechno","twitter_misc":{"Gesch\u00e4tzte Lesezeit":"2\u00a0Minuten"},"schema":{"@context":"https:\/\/schema.org","@graph":[{"@type":"WebPage","@id":"https:\/\/sonimat.com\/de\/gesellschaft\/verpflichtungen\/","url":"https:\/\/sonimat.com\/de\/gesellschaft\/verpflichtungen\/","name":"Verpflichtungen - SONIMAT","isPartOf":{"@id":"https:\/\/sonimat.com\/#website"},"primaryImageOfPage":{"@id":"https:\/\/sonimat.com\/de\/gesellschaft\/verpflichtungen\/#primaryimage"},"image":{"@id":"https:\/\/sonimat.com\/de\/gesellschaft\/verpflichtungen\/#primaryimage"},"thumbnailUrl":"https:\/\/sonimat.com\/wp-content\/uploads\/sites\/9\/2018\/10\/CONTACT-SOCIETE-e1540459141189.jpg","datePublished":"2017-11-08T15:16:10+00:00","dateModified":"2023-06-22T12:03:20+00:00","breadcrumb":{"@id":"https:\/\/sonimat.com\/de\/gesellschaft\/verpflichtungen\/#breadcrumb"},"inLanguage":"de","potentialAction":[{"@type":"ReadAction","target":["https:\/\/sonimat.com\/de\/gesellschaft\/verpflichtungen\/"]}]},{"@type":"ImageObject","inLanguage":"de","@id":"https:\/\/sonimat.com\/de\/gesellschaft\/verpflichtungen\/#primaryimage","url":"https:\/\/sonimat.com\/wp-content\/uploads\/sites\/9\/2018\/10\/CONTACT-SOCIETE-e1540459141189.jpg","contentUrl":"https:\/\/sonimat.com\/wp-content\/uploads\/sites\/9\/2018\/10\/CONTACT-SOCIETE-e1540459141189.jpg","width":2000,"height":845,"caption":"SONIMAT - Thermoplastics facility"},{"@type":"BreadcrumbList","@id":"https:\/\/sonimat.com\/de\/gesellschaft\/verpflichtungen\/#breadcrumb","itemListElement":[{"@type":"ListItem","position":1,"name":"Accueil","item":"https:\/\/sonimat.com\/de\/"},{"@type":"ListItem","position":2,"name":"Gesellschaft","item":"https:\/\/sonimat.com\/de\/gesellschaft\/"},{"@type":"ListItem","position":3,"name":"Verpflichtungen"}]},{"@type":"WebSite","@id":"https:\/\/sonimat.com\/#website","url":"https:\/\/sonimat.com\/","name":"SONIMAT","description":"","potentialAction":[{"@type":"SearchAction","target":{"@type":"EntryPoint","urlTemplate":"https:\/\/sonimat.com\/?s={search_term_string}"},"query-input":{"@type":"PropertyValueSpecification","valueRequired":true,"valueName":"search_term_string"}}],"inLanguage":"de"}]}},"_links":{"self":[{"href":"https:\/\/sonimat.com\/de\/wp-json\/wp\/v2\/pages\/23295","targetHints":{"allow":["GET"]}}],"collection":[{"href":"https:\/\/sonimat.com\/de\/wp-json\/wp\/v2\/pages"}],"about":[{"href":"https:\/\/sonimat.com\/de\/wp-json\/wp\/v2\/types\/page"}],"author":[{"embeddable":true,"href":"https:\/\/sonimat.com\/de\/wp-json\/wp\/v2\/users\/1"}],"replies":[{"embeddable":true,"href":"https:\/\/sonimat.com\/de\/wp-json\/wp\/v2\/comments?post=23295"}],"version-history":[{"count":4,"href":"https:\/\/sonimat.com\/de\/wp-json\/wp\/v2\/pages\/23295\/revisions"}],"predecessor-version":[{"id":29889,"href":"https:\/\/sonimat.com\/de\/wp-json\/wp\/v2\/pages\/23295\/revisions\/29889"}],"up":[{"embeddable":true,"href":"https:\/\/sonimat.com\/de\/wp-json\/wp\/v2\/pages\/20740"}],"wp:featuredmedia":[{"embeddable":true,"href":"https:\/\/sonimat.com\/de\/wp-json\/wp\/v2\/media\/20685"}],"wp:attachment":[{"href":"https:\/\/sonimat.com\/de\/wp-json\/wp\/v2\/media?parent=23295"}],"curies":[{"name":"wp","href":"https:\/\/api.w.org\/{rel}","templated":true}]}}