{"id":23291,"date":"2022-01-06T12:27:02","date_gmt":"2022-01-06T11:27:02","guid":{"rendered":"https:\/\/sonimat.com\/revue-de-presse\/"},"modified":"2022-10-06T15:15:29","modified_gmt":"2022-10-06T13:15:29","slug":"pressespiegel","status":"publish","type":"page","link":"https:\/\/sonimat.com\/de\/gesellschaft\/pressespiegel\/","title":{"rendered":"Pressespiegel"},"content":{"rendered":"<div class=\"wpb-content-wrapper\"><p>[vc_row][vc_column][vc_column_text]<\/p>\n<h2>Revue de presse<\/h2>\n<p>[\/vc_column_text][\/vc_column][\/vc_row][vc_row][vc_column width=&#8220;2\/3&#8243;][vc_column_text]<a href=\"https:\/\/sonimat.com\/wp-content\/uploads\/sites\/9\/2022\/06\/TALENTS_PRINTEMPS_2022_p15-1.pdf\" target=\"_blank\" rel=\"noopener\">\u00bb TALENTS, page 15, SONIMAT, pilote de ligne de The Box, mars 2022<\/a><\/p>\n<p>\u00bb <a href=\"https:\/\/sonimat.com\/wp-content\/uploads\/sites\/9\/2022\/01\/Pages-de-Plastilien-novembre-2021.pdf\" target=\"_blank\" rel=\"noopener\">Plastilien, SONIMAT, l&#8217;expertise dans les technologies de la soudure plastique, Novembre 2021<\/a><\/p>\n<p>\u00bb <a href=\"https:\/\/sonimat.com\/wp-content\/uploads\/sites\/9\/2022\/01\/Ainvestir-SONIMAT-14-10-16.pdf\" target=\"_blank\" rel=\"noopener\">Ainvestir, SONIMAT 1er fabricant de mat\u00e9riels ultrasons num\u00e9riques poursuit son d\u00e9veloppement dans l&#8217;ain, 14\/10\/2016<\/a><\/p>\n<p>\u00bb <a href=\"https:\/\/sonimat.com\/wp-content\/uploads\/sites\/9\/2022\/01\/LE-PROGRES-Pour-que-Sonimat-se-developpe...-25-10-2015.pdf\" target=\"_blank\" rel=\"noopener\">Le Progr\u00e8s, Pour que SONIMAT se d\u00e9veloppe, la communaut\u00e9 de commune construit, 25\/10\/2015<\/a><\/p>\n<p>\u00bb <a href=\"https:\/\/sonimat.com\/wp-content\/uploads\/sites\/9\/2022\/01\/LATRIBUNE-08042015-SONIMAT.pdf\" target=\"_blank\" rel=\"noopener\">La Tribune, Ch\u00e2tillon : SONIMAT s&#8217;agrandit et s&#8217;implante durablement en bellegardien, 08\/04\/2015<\/a><\/p>\n<p>\u00bb <a href=\"https:\/\/sonimat.com\/wp-content\/uploads\/sites\/9\/2022\/01\/EUROPEAN-FOOD-JOURNAL-2015.pdf\" target=\"_blank\" rel=\"noopener\">European food journal, Ultrasonic experts for the food industry, 2015<\/a><\/p>\n<p>\u00bb <a href=\"https:\/\/sonimat.com\/wp-content\/uploads\/sites\/9\/2022\/01\/SONIMAT-NouvelleRepublique-Oct2014.pdf\" target=\"_blank\" rel=\"noopener\">La Nouvelle R\u00e9publique.fr, Contrat record pour SONIMAT, 23\/10\/2014<\/a><\/p>\n<p>\u00bb <a href=\"https:\/\/sonimat.com\/wp-content\/uploads\/sites\/9\/2022\/01\/FOOD-MAGAZINE-N66-2014.pdf\" target=\"_blank\" rel=\"noopener\">Food Magazine, D\u00e9coupe : Adapter la technique au besoin, 2014<\/a>[\/vc_column_text][\/vc_column][vc_column width=&#8220;1\/3&#8243;][vc_column_text]<span style=\"font-size: 1.2em; color: #2f3787;\"><strong>Suivez SONIMAT sur LinkedIn pour ne manquer aucune actualit\u00e9 !<\/strong><\/span>[\/vc_column_text][vc_raw_html]JTNDc2NyaXB0JTIwc3JjJTNEJTIyaHR0cHMlM0ElMkYlMkZwbGF0Zm9ybS5saW5rZWRpbi5jb20lMkZpbi5qcyUyMiUyMHR5cGUlM0QlMjJ0ZXh0JTJGamF2YXNjcmlwdCUyMiUzRSUyMGxhbmclM0ElMjBmcl9GUiUzQyUyRnNjcmlwdCUzRSUyMCUzQ3NjcmlwdCUyMHR5cGUlM0QlMjJJTiUyRkZvbGxvd0NvbXBhbnklMjIlMjBkYXRhLWlkJTNEJTIyMjIxOTgwOCUyMiUyMGRhdGEtY291bnRlciUzRCUyMmJvdHRvbSUyMiUzRSUzQyUyRnNjcmlwdCUzRSUwQSUwQSUzQ2lmcmFtZSUyMHNyYyUzRCUyMmh0dHBzJTNBJTJGJTJGd3d3LmxpbmtlZGluLmNvbSUyRmVtYmVkJTJGZmVlZCUyRnVwZGF0ZSUyRnVybiUzQWxpJTNBdWdjUG9zdCUzQTY4NDg4Nzc4MTM4Njk2Mjk0NDAlMjIlMjBhbGxvd2Z1bGxzY3JlZW4lM0QlMjIlMjIlMjB0aXRsZSUzRCUyMlBvc3QlMjBpbnQlQzMlQTlnciVDMyVBOSUyMiUyMHdpZHRoJTNEJTIyNTA0JTIyJTIwaGVpZ2h0JTNEJTIyOTIxJTIyJTIwZnJhbWVib3JkZXIlM0QlMjIwJTIyJTNFJTNDJTJGaWZyYW1lJTNF[\/vc_raw_html][\/vc_column][\/vc_row]<\/p>\n<\/div>","protected":false},"excerpt":{"rendered":"<p>[vc_row][vc_column][vc_column_text] Revue de presse [\/vc_column_text][\/vc_column][\/vc_row][vc_row][vc_column width=&#8220;2\/3&#8243;][vc_column_text]\u00bb TALENTS, page 15, SONIMAT, pilote de ligne de The Box, mars 2022 \u00bb Plastilien, SONIMAT, l&#8217;expertise dans les technologies de la soudure plastique, Novembre&hellip;<\/p>\n","protected":false},"author":2,"featured_media":20685,"parent":20740,"menu_order":0,"comment_status":"closed","ping_status":"closed","template":"","meta":{"_acf_changed":false,"footnotes":""},"class_list":["post-23291","page","type-page","status-publish","has-post-thumbnail","hentry"],"acf":[],"yoast_head":"<title>Pressespiegel - SONIMAT<\/title>\n<meta name=\"robots\" content=\"index, follow, max-snippet:-1, max-image-preview:large, max-video-preview:-1\" \/>\n<link rel=\"canonical\" href=\"https:\/\/sonimat.com\/de\/gesellschaft\/pressespiegel\/\" \/>\n<meta property=\"og:locale\" content=\"de_DE\" \/>\n<meta property=\"og:type\" content=\"article\" \/>\n<meta property=\"og:title\" content=\"Pressespiegel - SONIMAT\" \/>\n<meta property=\"og:description\" content=\"[vc_row][vc_column][vc_column_text] Revue de presse [\/vc_column_text][\/vc_column][\/vc_row][vc_row][vc_column width=&#8220;2\/3&#8243;][vc_column_text]\u00bb TALENTS, page 15, SONIMAT, pilote de ligne de The Box, mars 2022 \u00bb Plastilien, SONIMAT, l&#8217;expertise dans les technologies de la soudure plastique, Novembre&hellip;\" \/>\n<meta property=\"og:url\" content=\"https:\/\/sonimat.com\/de\/gesellschaft\/pressespiegel\/\" \/>\n<meta property=\"og:site_name\" content=\"SONIMAT\" \/>\n<meta property=\"article:modified_time\" content=\"2022-10-06T13:15:29+00:00\" \/>\n<meta property=\"og:image\" content=\"https:\/\/sonimat.com\/wp-content\/uploads\/sites\/9\/2018\/10\/CONTACT-SOCIETE-e1540459141189.jpg\" \/>\n\t<meta property=\"og:image:width\" content=\"2000\" \/>\n\t<meta property=\"og:image:height\" content=\"845\" \/>\n\t<meta property=\"og:image:type\" content=\"image\/jpeg\" \/>\n<meta name=\"twitter:card\" content=\"summary_large_image\" \/>\n<meta name=\"twitter:site\" content=\"@EuropeTechno\" \/>\n<meta name=\"twitter:label1\" content=\"Gesch\u00e4tzte Lesezeit\" \/>\n\t<meta name=\"twitter:data1\" content=\"1\u00a0Minute\" \/>\n<script type=\"application\/ld+json\" class=\"yoast-schema-graph\">{\"@context\":\"https:\\\/\\\/schema.org\",\"@graph\":[{\"@type\":\"WebPage\",\"@id\":\"https:\\\/\\\/sonimat.com\\\/de\\\/gesellschaft\\\/pressespiegel\\\/\",\"url\":\"https:\\\/\\\/sonimat.com\\\/de\\\/gesellschaft\\\/pressespiegel\\\/\",\"name\":\"Pressespiegel - SONIMAT\",\"isPartOf\":{\"@id\":\"https:\\\/\\\/sonimat.com\\\/#website\"},\"primaryImageOfPage\":{\"@id\":\"https:\\\/\\\/sonimat.com\\\/de\\\/gesellschaft\\\/pressespiegel\\\/#primaryimage\"},\"image\":{\"@id\":\"https:\\\/\\\/sonimat.com\\\/de\\\/gesellschaft\\\/pressespiegel\\\/#primaryimage\"},\"thumbnailUrl\":\"https:\\\/\\\/sonimat.com\\\/wp-content\\\/uploads\\\/sites\\\/9\\\/2018\\\/10\\\/CONTACT-SOCIETE-e1540459141189.jpg\",\"datePublished\":\"2022-01-06T11:27:02+00:00\",\"dateModified\":\"2022-10-06T13:15:29+00:00\",\"breadcrumb\":{\"@id\":\"https:\\\/\\\/sonimat.com\\\/de\\\/gesellschaft\\\/pressespiegel\\\/#breadcrumb\"},\"inLanguage\":\"de\",\"potentialAction\":[{\"@type\":\"ReadAction\",\"target\":[\"https:\\\/\\\/sonimat.com\\\/de\\\/gesellschaft\\\/pressespiegel\\\/\"]}]},{\"@type\":\"ImageObject\",\"inLanguage\":\"de\",\"@id\":\"https:\\\/\\\/sonimat.com\\\/de\\\/gesellschaft\\\/pressespiegel\\\/#primaryimage\",\"url\":\"https:\\\/\\\/sonimat.com\\\/wp-content\\\/uploads\\\/sites\\\/9\\\/2018\\\/10\\\/CONTACT-SOCIETE-e1540459141189.jpg\",\"contentUrl\":\"https:\\\/\\\/sonimat.com\\\/wp-content\\\/uploads\\\/sites\\\/9\\\/2018\\\/10\\\/CONTACT-SOCIETE-e1540459141189.jpg\",\"width\":2000,\"height\":845,\"caption\":\"SONIMAT - Thermoplastics facility\"},{\"@type\":\"BreadcrumbList\",\"@id\":\"https:\\\/\\\/sonimat.com\\\/de\\\/gesellschaft\\\/pressespiegel\\\/#breadcrumb\",\"itemListElement\":[{\"@type\":\"ListItem\",\"position\":1,\"name\":\"Accueil\",\"item\":\"https:\\\/\\\/sonimat.com\\\/de\\\/\"},{\"@type\":\"ListItem\",\"position\":2,\"name\":\"Gesellschaft\",\"item\":\"https:\\\/\\\/sonimat.com\\\/de\\\/gesellschaft\\\/\"},{\"@type\":\"ListItem\",\"position\":3,\"name\":\"Pressespiegel\"}]},{\"@type\":\"WebSite\",\"@id\":\"https:\\\/\\\/sonimat.com\\\/#website\",\"url\":\"https:\\\/\\\/sonimat.com\\\/\",\"name\":\"SONIMAT\",\"description\":\"\",\"potentialAction\":[{\"@type\":\"SearchAction\",\"target\":{\"@type\":\"EntryPoint\",\"urlTemplate\":\"https:\\\/\\\/sonimat.com\\\/?s={search_term_string}\"},\"query-input\":{\"@type\":\"PropertyValueSpecification\",\"valueRequired\":true,\"valueName\":\"search_term_string\"}}],\"inLanguage\":\"de\"}]}<\/script>","yoast_head_json":{"title":"Pressespiegel - SONIMAT","robots":{"index":"index","follow":"follow","max-snippet":"max-snippet:-1","max-image-preview":"max-image-preview:large","max-video-preview":"max-video-preview:-1"},"canonical":"https:\/\/sonimat.com\/de\/gesellschaft\/pressespiegel\/","og_locale":"de_DE","og_type":"article","og_title":"Pressespiegel - SONIMAT","og_description":"[vc_row][vc_column][vc_column_text] Revue de presse [\/vc_column_text][\/vc_column][\/vc_row][vc_row][vc_column width=&#8220;2\/3&#8243;][vc_column_text]\u00bb TALENTS, page 15, SONIMAT, pilote de ligne de The Box, mars 2022 \u00bb Plastilien, SONIMAT, l&#8217;expertise dans les technologies de la soudure plastique, Novembre&hellip;","og_url":"https:\/\/sonimat.com\/de\/gesellschaft\/pressespiegel\/","og_site_name":"SONIMAT","article_modified_time":"2022-10-06T13:15:29+00:00","og_image":[{"width":2000,"height":845,"url":"https:\/\/sonimat.com\/wp-content\/uploads\/sites\/9\/2018\/10\/CONTACT-SOCIETE-e1540459141189.jpg","type":"image\/jpeg"}],"twitter_card":"summary_large_image","twitter_site":"@EuropeTechno","twitter_misc":{"Gesch\u00e4tzte Lesezeit":"1\u00a0Minute"},"schema":{"@context":"https:\/\/schema.org","@graph":[{"@type":"WebPage","@id":"https:\/\/sonimat.com\/de\/gesellschaft\/pressespiegel\/","url":"https:\/\/sonimat.com\/de\/gesellschaft\/pressespiegel\/","name":"Pressespiegel - SONIMAT","isPartOf":{"@id":"https:\/\/sonimat.com\/#website"},"primaryImageOfPage":{"@id":"https:\/\/sonimat.com\/de\/gesellschaft\/pressespiegel\/#primaryimage"},"image":{"@id":"https:\/\/sonimat.com\/de\/gesellschaft\/pressespiegel\/#primaryimage"},"thumbnailUrl":"https:\/\/sonimat.com\/wp-content\/uploads\/sites\/9\/2018\/10\/CONTACT-SOCIETE-e1540459141189.jpg","datePublished":"2022-01-06T11:27:02+00:00","dateModified":"2022-10-06T13:15:29+00:00","breadcrumb":{"@id":"https:\/\/sonimat.com\/de\/gesellschaft\/pressespiegel\/#breadcrumb"},"inLanguage":"de","potentialAction":[{"@type":"ReadAction","target":["https:\/\/sonimat.com\/de\/gesellschaft\/pressespiegel\/"]}]},{"@type":"ImageObject","inLanguage":"de","@id":"https:\/\/sonimat.com\/de\/gesellschaft\/pressespiegel\/#primaryimage","url":"https:\/\/sonimat.com\/wp-content\/uploads\/sites\/9\/2018\/10\/CONTACT-SOCIETE-e1540459141189.jpg","contentUrl":"https:\/\/sonimat.com\/wp-content\/uploads\/sites\/9\/2018\/10\/CONTACT-SOCIETE-e1540459141189.jpg","width":2000,"height":845,"caption":"SONIMAT - Thermoplastics facility"},{"@type":"BreadcrumbList","@id":"https:\/\/sonimat.com\/de\/gesellschaft\/pressespiegel\/#breadcrumb","itemListElement":[{"@type":"ListItem","position":1,"name":"Accueil","item":"https:\/\/sonimat.com\/de\/"},{"@type":"ListItem","position":2,"name":"Gesellschaft","item":"https:\/\/sonimat.com\/de\/gesellschaft\/"},{"@type":"ListItem","position":3,"name":"Pressespiegel"}]},{"@type":"WebSite","@id":"https:\/\/sonimat.com\/#website","url":"https:\/\/sonimat.com\/","name":"SONIMAT","description":"","potentialAction":[{"@type":"SearchAction","target":{"@type":"EntryPoint","urlTemplate":"https:\/\/sonimat.com\/?s={search_term_string}"},"query-input":{"@type":"PropertyValueSpecification","valueRequired":true,"valueName":"search_term_string"}}],"inLanguage":"de"}]}},"_links":{"self":[{"href":"https:\/\/sonimat.com\/de\/wp-json\/wp\/v2\/pages\/23291","targetHints":{"allow":["GET"]}}],"collection":[{"href":"https:\/\/sonimat.com\/de\/wp-json\/wp\/v2\/pages"}],"about":[{"href":"https:\/\/sonimat.com\/de\/wp-json\/wp\/v2\/types\/page"}],"author":[{"embeddable":true,"href":"https:\/\/sonimat.com\/de\/wp-json\/wp\/v2\/users\/2"}],"replies":[{"embeddable":true,"href":"https:\/\/sonimat.com\/de\/wp-json\/wp\/v2\/comments?post=23291"}],"version-history":[{"count":2,"href":"https:\/\/sonimat.com\/de\/wp-json\/wp\/v2\/pages\/23291\/revisions"}],"predecessor-version":[{"id":29182,"href":"https:\/\/sonimat.com\/de\/wp-json\/wp\/v2\/pages\/23291\/revisions\/29182"}],"up":[{"embeddable":true,"href":"https:\/\/sonimat.com\/de\/wp-json\/wp\/v2\/pages\/20740"}],"wp:featuredmedia":[{"embeddable":true,"href":"https:\/\/sonimat.com\/de\/wp-json\/wp\/v2\/media\/20685"}],"wp:attachment":[{"href":"https:\/\/sonimat.com\/de\/wp-json\/wp\/v2\/media?parent=23291"}],"curies":[{"name":"wp","href":"https:\/\/api.w.org\/{rel}","templated":true}]}}