{"id":23202,"date":"2017-11-08T16:01:47","date_gmt":"2017-11-08T15:01:47","guid":{"rendered":"https:\/\/sonimat.com\/soudure-packaging\/"},"modified":"2024-11-13T15:21:56","modified_gmt":"2024-11-13T14:21:56","slug":"verpackung-schweissen","status":"publish","type":"page","link":"https:\/\/sonimat.com\/de\/verpackung-schweissen\/","title":{"rendered":"Verpackung"},"content":{"rendered":"<div class=\"wpb-content-wrapper\"><p>[vc_row][vc_column][rev_slider_vc alias=&#8220;packaging-de&#8220;][\/vc_column][\/vc_row][vc_section full_width=&#8220;stretch_row&#8220; el_id=&#8220;below-slider&#8220;][vc_row][vc_column][vc_column_text css=&#8220;&#8220;]<\/p>\n<h2>Verpackung schwei\u00dfen mit Ultraschall<\/h2>\n<h3>AUF DEM WEG ZU NULL FEHLERN<\/h3>\n<p>Im Zuge seiner Innovationsstrategie entwickelte SONIMAT bereits im Jahr 1999 ein erstes Ultraschallschwei\u00dfsystem f\u00fcr Tiernahrungsverpackungen. Dabei handelt es sich um ein patentiertes Verfahren zur kontinuierlichen Ultraschallsiegeln, das die Qualit\u00e4t der Schwei\u00dfn\u00e4hte und die linearen Maschinengeschwindigkeiten (75 m\/min) verbessert.<\/p>\n<p>Seitdem bieten wir <strong>Schwei\u00dfmodule f\u00fcr Verpackungen<\/strong> an, die in Ihre Verpackungs- oder Abf\u00fcllmaschinen integriert werden k\u00f6nnen. Sie eignen sich entweder zur Nachr\u00fcstung (als Ersatz von Hei\u00dfsiegelbacken) oder k\u00f6nnen in Zusammenarbeit mit einem Maschinenhersteller in neue Maschinen eingebaut werden.<\/p>\n<p>Dank dieses Know-hows und unserer langj\u00e4hrigen Erfahrung als <strong>Maschinenentwickler <\/strong>k\u00f6nnen wir au\u00dferdem <strong>vertikale und horizontale Abf\u00fcllmaschinen<\/strong> anbieten, die auf der Technik der Ultraschallsiegeln basieren.[\/vc_column_text][vc_row_inner content_placement=&#8220;middle&#8220;][vc_column_inner width=&#8220;3\/4&#8243;][vc_column_text css=&#8220;&#8220;]<span style=\"color: #cd5b1b;\"><strong>Entdecken Sie die Anwendungsm\u00f6glichkeiten und die Vorteile der Ultraschalltechnologie bei der Versiegelung von Verpackungen.<\/strong><\/span>[\/vc_column_text][\/vc_column_inner][vc_column_inner width=&#8220;1\/4&#8243;][vc_btn title=&#8220;Lesen Sie mehr&#8220; style=&#8220;custom&#8220; custom_background=&#8220;#CD5B1B&#8220; custom_text=&#8220;#FFFFFF&#8220; align=&#8220;center&#8220; i_icon_fontawesome=&#8220;fas fa-info&#8220; css=&#8220;&#8220; add_icon=&#8220;true&#8220; link=&#8220;url:https%3A%2F%2Fsonimat.com%2Fde%2Fverpackung-schweissen%2Ftechnologie%2Fultraschallversiegelung%2F|target:_blank&#8220;][\/vc_column_inner][\/vc_row_inner][vc_column_text css=&#8220;&#8220;]<\/p>\n<h2><span lang=\"DE\">Unsere Ultraschall-Schwei\u00dfsl\u00f6sungen f\u00fcr die Verpackungsindustrie<\/span><\/h2>\n<p>[\/vc_column_text][vc_row_inner content_placement=&#8220;middle&#8220;][vc_column_inner width=&#8220;1\/3&#8243;][vc_column_text el_class=&#8220;textbox&#8220;]<strong>SONIMAT bietet seinen Kunden schl\u00fcsselfertige Verpackungsl\u00f6sungen, die folgende Ziele erf\u00fcllen:<\/strong><\/p>\n<ol>\n<li>Optimierung der Undichtheitsraten (h\u00f6here Dichtigkeit)<\/li>\n<li>Erh\u00f6hung der Produktionsgeschwindigkeit<\/li>\n<li>Kontrolle der Schwei\u00dfn\u00e4hte in Echtzeit<\/li>\n<li>Einfachere Instandhaltung der Systeme (kalte Werkzeuge)<\/li>\n<li>Verschiedene Formen und Abmessungen der Beutel<\/li>\n<\/ol>\n<p>[\/vc_column_text][\/vc_column_inner][vc_column_inner width=&#8220;1\/3&#8243;][vc_single_image image=&#8220;30977&#8243; img_size=&#8220;full&#8220; alignment=&#8220;center&#8220; onclick=&#8220;custom_link&#8220; css=&#8220;&#8220; image_hover=&#8220;&#8220; link=&#8220;https:\/\/sonimat.com\/de\/schlauchbeutelmaschine\/&#8220;][\/vc_column_inner][vc_column_inner width=&#8220;1\/3&#8243;][vc_single_image image=&#8220;31063&#8243; img_size=&#8220;full&#8220; alignment=&#8220;center&#8220; onclick=&#8220;custom_link&#8220; css=&#8220;&#8220; image_hover=&#8220;&#8220; link=&#8220;https:\/\/sonimat.com\/de\/verpackung-schweissen\/verpackungsmaschine\/&#8220;][\/vc_column_inner][\/vc_row_inner][\/vc_column][\/vc_row][vc_row][vc_column][\/vc_column][\/vc_row][vc_row][vc_column][vc_separator][vc_column_text]<\/p>\n<h2><span lang=\"DE\">Diese Unternehmen vertrauen uns<\/span><\/h2>\n<p>[\/vc_column_text]<div id=\"ult-carousel-238472464869d29f190fceb\" class=\"ult-carousel-wrapper   ult_horizontal\" data-gutter=\"15\" data-rtl=\"false\" ><div class=\"ult-carousel-6730897769d29f190fc17 \" >[vc_single_image image=&#8220;20580&#8243; img_size=&#8220;full&#8220; alignment=&#8220;center&#8220;][vc_single_image image=&#8220;20579&#8243; img_size=&#8220;full&#8220; alignment=&#8220;center&#8220;][vc_single_image image=&#8220;20591&#8243; img_size=&#8220;full&#8220; alignment=&#8220;center&#8220;][vc_single_image image=&#8220;20590&#8243; img_size=&#8220;full&#8220; alignment=&#8220;center&#8220;][vc_single_image image=&#8220;20589&#8243; img_size=&#8220;full&#8220; alignment=&#8220;center&#8220;][vc_single_image image=&#8220;20588&#8243; img_size=&#8220;full&#8220; alignment=&#8220;center&#8220;][vc_single_image image=&#8220;20587&#8243; img_size=&#8220;full&#8220; alignment=&#8220;center&#8220;][vc_single_image image=&#8220;20586&#8243; img_size=&#8220;full&#8220; alignment=&#8220;center&#8220;][vc_single_image image=&#8220;20585&#8243; img_size=&#8220;full&#8220; alignment=&#8220;center&#8220;][vc_single_image image=&#8220;20584&#8243; img_size=&#8220;full&#8220; alignment=&#8220;center&#8220;][vc_single_image image=&#8220;20583&#8243; img_size=&#8220;full&#8220; alignment=&#8220;center&#8220;][vc_single_image image=&#8220;20582&#8243; img_size=&#8220;full&#8220; alignment=&#8220;center&#8220;][vc_single_image image=&#8220;20581&#8243; img_size=&#8220;full&#8220; alignment=&#8220;center&#8220;]<\/div><\/div>\t\t\t<script type=\"text\/javascript\">\n\t\t\t\tjQuery(document).ready(function ($) {\n\t\t\t\t\tif( typeof jQuery('.ult-carousel-6730897769d29f190fc17').slick == \"function\"){\n\t\t\t\t\t\t$('.ult-carousel-6730897769d29f190fc17').slick({dots: false,autoplay: true,autoplaySpeed: \"1000\",speed: \"300\",infinite: true,arrows: false,slidesToScroll:1,slidesToShow:8,swipe: true,draggable: true,touchMove: true,pauseOnHover: true,pauseOnFocus: false,responsive: [\n\t\t\t\t\t\t\t{\n\t\t\t\t\t\t\t  breakpoint: 1026,\n\t\t\t\t\t\t\t  settings: {\n\t\t\t\t\t\t\t\tslidesToShow: 8,\n\t\t\t\t\t\t\t\tslidesToScroll: 1,  \n\t\t\t\t\t\t\t  }\n\t\t\t\t\t\t\t},\n\t\t\t\t\t\t\t{\n\t\t\t\t\t\t\t  breakpoint: 1025,\n\t\t\t\t\t\t\t  settings: {\n\t\t\t\t\t\t\t\tslidesToShow: 3,\n\t\t\t\t\t\t\t\tslidesToScroll: 1\n\t\t\t\t\t\t\t  }\n\t\t\t\t\t\t\t},\n\t\t\t\t\t\t\t{\n\t\t\t\t\t\t\t  breakpoint: 760,\n\t\t\t\t\t\t\t  settings: {\n\t\t\t\t\t\t\t\tslidesToShow: 2,\n\t\t\t\t\t\t\t\tslidesToScroll: 1\n\t\t\t\t\t\t\t  }\n\t\t\t\t\t\t\t}\n\t\t\t\t\t\t],pauseOnDotsHover: true,customPaging: function(slider, i) {\n                   return '<i type=\"button\" style= \"color:#333333;\" class=\"ultsl-record\" data-role=\"none\"><\/i>';\n                },});\n\t\t\t\t\t}\n\t\t\t\t});\n\t\t\t<\/script>\n\t\t\t[\/vc_column][\/vc_row][vc_row][vc_column][vc_empty_space][\/vc_column][\/vc_row][\/vc_section]<\/p>\n<\/div>","protected":false},"excerpt":{"rendered":"<p>[vc_row][vc_column][rev_slider_vc alias=&#8220;packaging-de&#8220;][\/vc_column][\/vc_row][vc_section full_width=&#8220;stretch_row&#8220; el_id=&#8220;below-slider&#8220;][vc_row][vc_column][vc_column_text css=&#8220;&#8220;] Verpackung schwei\u00dfen mit Ultraschall AUF DEM WEG ZU NULL FEHLERN Im Zuge seiner Innovationsstrategie entwickelte SONIMAT bereits im Jahr 1999 ein erstes Ultraschallschwei\u00dfsystem f\u00fcr Tiernahrungsverpackungen.&hellip;<\/p>\n","protected":false},"author":1,"featured_media":0,"parent":0,"menu_order":3,"comment_status":"closed","ping_status":"closed","template":"page-avec-slider.php","meta":{"_acf_changed":false,"footnotes":""},"class_list":["post-23202","page","type-page","status-publish","hentry"],"acf":[],"yoast_head":"<title>Verpackung schweissen mit Ultraschall | SONIMAT<\/title>\n<meta name=\"description\" content=\"Wir bieten Verpackungsschwei\u00dfl\u00f6sungen mit Ultraschalltechnologie \u00fcber integrierbare Siegelmodule oder horizontale Verpackungsmaschinen an.\" \/>\n<meta name=\"robots\" content=\"index, follow, max-snippet:-1, max-image-preview:large, max-video-preview:-1\" \/>\n<link rel=\"canonical\" href=\"https:\/\/sonimat.com\/de\/verpackung-schweissen\/\" \/>\n<meta property=\"og:locale\" content=\"de_DE\" \/>\n<meta property=\"og:type\" content=\"article\" \/>\n<meta property=\"og:title\" content=\"Verpackung schweissen mit Ultraschall | SONIMAT\" \/>\n<meta property=\"og:description\" content=\"Wir bieten Verpackungsschwei\u00dfl\u00f6sungen mit Ultraschalltechnologie \u00fcber integrierbare Siegelmodule oder horizontale Verpackungsmaschinen an.\" \/>\n<meta property=\"og:url\" content=\"https:\/\/sonimat.com\/de\/verpackung-schweissen\/\" \/>\n<meta property=\"og:site_name\" content=\"SONIMAT\" \/>\n<meta property=\"article:modified_time\" content=\"2024-11-13T14:21:56+00:00\" \/>\n<meta name=\"twitter:card\" content=\"summary_large_image\" \/>\n<meta name=\"twitter:site\" content=\"@EuropeTechno\" \/>\n<meta name=\"twitter:label1\" content=\"Gesch\u00e4tzte Lesezeit\" \/>\n\t<meta name=\"twitter:data1\" content=\"3\u00a0Minuten\" \/>\n<script type=\"application\/ld+json\" class=\"yoast-schema-graph\">{\"@context\":\"https:\\\/\\\/schema.org\",\"@graph\":[{\"@type\":\"WebPage\",\"@id\":\"https:\\\/\\\/sonimat.com\\\/de\\\/verpackung-schweissen\\\/\",\"url\":\"https:\\\/\\\/sonimat.com\\\/de\\\/verpackung-schweissen\\\/\",\"name\":\"Verpackung schweissen mit Ultraschall | SONIMAT\",\"isPartOf\":{\"@id\":\"https:\\\/\\\/sonimat.com\\\/#website\"},\"datePublished\":\"2017-11-08T15:01:47+00:00\",\"dateModified\":\"2024-11-13T14:21:56+00:00\",\"description\":\"Wir bieten Verpackungsschwei\u00dfl\u00f6sungen mit Ultraschalltechnologie \u00fcber integrierbare Siegelmodule oder horizontale Verpackungsmaschinen an.\",\"breadcrumb\":{\"@id\":\"https:\\\/\\\/sonimat.com\\\/de\\\/verpackung-schweissen\\\/#breadcrumb\"},\"inLanguage\":\"de\",\"potentialAction\":[{\"@type\":\"ReadAction\",\"target\":[\"https:\\\/\\\/sonimat.com\\\/de\\\/verpackung-schweissen\\\/\"]}]},{\"@type\":\"BreadcrumbList\",\"@id\":\"https:\\\/\\\/sonimat.com\\\/de\\\/verpackung-schweissen\\\/#breadcrumb\",\"itemListElement\":[{\"@type\":\"ListItem\",\"position\":1,\"name\":\"Accueil\",\"item\":\"https:\\\/\\\/sonimat.com\\\/de\\\/\"},{\"@type\":\"ListItem\",\"position\":2,\"name\":\"Verpackung\"}]},{\"@type\":\"WebSite\",\"@id\":\"https:\\\/\\\/sonimat.com\\\/#website\",\"url\":\"https:\\\/\\\/sonimat.com\\\/\",\"name\":\"SONIMAT\",\"description\":\"\",\"potentialAction\":[{\"@type\":\"SearchAction\",\"target\":{\"@type\":\"EntryPoint\",\"urlTemplate\":\"https:\\\/\\\/sonimat.com\\\/?s={search_term_string}\"},\"query-input\":{\"@type\":\"PropertyValueSpecification\",\"valueRequired\":true,\"valueName\":\"search_term_string\"}}],\"inLanguage\":\"de\"}]}<\/script>","yoast_head_json":{"title":"Verpackung schweissen mit Ultraschall | SONIMAT","description":"Wir bieten Verpackungsschwei\u00dfl\u00f6sungen mit Ultraschalltechnologie \u00fcber integrierbare Siegelmodule oder horizontale Verpackungsmaschinen an.","robots":{"index":"index","follow":"follow","max-snippet":"max-snippet:-1","max-image-preview":"max-image-preview:large","max-video-preview":"max-video-preview:-1"},"canonical":"https:\/\/sonimat.com\/de\/verpackung-schweissen\/","og_locale":"de_DE","og_type":"article","og_title":"Verpackung schweissen mit Ultraschall | SONIMAT","og_description":"Wir bieten Verpackungsschwei\u00dfl\u00f6sungen mit Ultraschalltechnologie \u00fcber integrierbare Siegelmodule oder horizontale Verpackungsmaschinen an.","og_url":"https:\/\/sonimat.com\/de\/verpackung-schweissen\/","og_site_name":"SONIMAT","article_modified_time":"2024-11-13T14:21:56+00:00","twitter_card":"summary_large_image","twitter_site":"@EuropeTechno","twitter_misc":{"Gesch\u00e4tzte Lesezeit":"3\u00a0Minuten"},"schema":{"@context":"https:\/\/schema.org","@graph":[{"@type":"WebPage","@id":"https:\/\/sonimat.com\/de\/verpackung-schweissen\/","url":"https:\/\/sonimat.com\/de\/verpackung-schweissen\/","name":"Verpackung schweissen mit Ultraschall | SONIMAT","isPartOf":{"@id":"https:\/\/sonimat.com\/#website"},"datePublished":"2017-11-08T15:01:47+00:00","dateModified":"2024-11-13T14:21:56+00:00","description":"Wir bieten Verpackungsschwei\u00dfl\u00f6sungen mit Ultraschalltechnologie \u00fcber integrierbare Siegelmodule oder horizontale Verpackungsmaschinen an.","breadcrumb":{"@id":"https:\/\/sonimat.com\/de\/verpackung-schweissen\/#breadcrumb"},"inLanguage":"de","potentialAction":[{"@type":"ReadAction","target":["https:\/\/sonimat.com\/de\/verpackung-schweissen\/"]}]},{"@type":"BreadcrumbList","@id":"https:\/\/sonimat.com\/de\/verpackung-schweissen\/#breadcrumb","itemListElement":[{"@type":"ListItem","position":1,"name":"Accueil","item":"https:\/\/sonimat.com\/de\/"},{"@type":"ListItem","position":2,"name":"Verpackung"}]},{"@type":"WebSite","@id":"https:\/\/sonimat.com\/#website","url":"https:\/\/sonimat.com\/","name":"SONIMAT","description":"","potentialAction":[{"@type":"SearchAction","target":{"@type":"EntryPoint","urlTemplate":"https:\/\/sonimat.com\/?s={search_term_string}"},"query-input":{"@type":"PropertyValueSpecification","valueRequired":true,"valueName":"search_term_string"}}],"inLanguage":"de"}]}},"_links":{"self":[{"href":"https:\/\/sonimat.com\/de\/wp-json\/wp\/v2\/pages\/23202","targetHints":{"allow":["GET"]}}],"collection":[{"href":"https:\/\/sonimat.com\/de\/wp-json\/wp\/v2\/pages"}],"about":[{"href":"https:\/\/sonimat.com\/de\/wp-json\/wp\/v2\/types\/page"}],"author":[{"embeddable":true,"href":"https:\/\/sonimat.com\/de\/wp-json\/wp\/v2\/users\/1"}],"replies":[{"embeddable":true,"href":"https:\/\/sonimat.com\/de\/wp-json\/wp\/v2\/comments?post=23202"}],"version-history":[{"count":14,"href":"https:\/\/sonimat.com\/de\/wp-json\/wp\/v2\/pages\/23202\/revisions"}],"predecessor-version":[{"id":29957,"href":"https:\/\/sonimat.com\/de\/wp-json\/wp\/v2\/pages\/23202\/revisions\/29957"}],"wp:attachment":[{"href":"https:\/\/sonimat.com\/de\/wp-json\/wp\/v2\/media?parent=23202"}],"curies":[{"name":"wp","href":"https:\/\/api.w.org\/{rel}","templated":true}]}}