{"id":23195,"date":"2017-11-08T17:16:20","date_gmt":"2017-11-08T16:16:20","guid":{"rendered":"https:\/\/sonimat.com\/aeronautique-spatial\/"},"modified":"2024-11-14T16:26:58","modified_gmt":"2024-11-14T15:26:58","slug":"luft-und-raumfahrt","status":"publish","type":"page","link":"https:\/\/sonimat.com\/de\/unsere-maerkte\/luft-und-raumfahrt\/","title":{"rendered":"Luft und Raumfahrt"},"content":{"rendered":"<div class=\"wpb-content-wrapper\"><p>[vc_row][vc_column][vc_column_text]<\/p>\n<h2><span lang=\"DE\">Schneiden und Schwei\u00dfen in der Luft- und Raumfahrtindustrie<\/span><\/h2>\n<p>[\/vc_column_text][vc_column_text]Die Luft- und Raumfahrtindustrie ist einer der gr\u00f6\u00dften Nutzer von Verbundwerkstoffen. Vorteile wie hohe Steifigkeit, geringes Gewicht, flexibles Design und Erm\u00fcdungsfestigkeit haben dazu gef\u00fchrt, dass sich Verbundstoffe, Karbon, Aluminiumwaben und Nomex, Thermoplaste sowie diverse Fasern und Prepregs zunehmender Beliebtheit bei den Herstellern und gro\u00dfen Auftraggebern erfreuen. Der hohe Innovationsgrad, den alle Akteure der Supply Chain fordern, zwingt die Industrie dazu, fortlaufend neue, automatisierte Verbindungs- und Bearbeitungsl\u00f6sungen zu entwickeln, die noch robuster und pr\u00e4ziser sind.<\/p>\n<p>Neben dem F\u00fcgen und Schwei\u00dfen von Flugzeugteilen und -strukturen haben wir uns auf das Ultraschallschneiden und <strong>Bearbeiten von Verbundstoffelementen f\u00fcr die Luft- und Raumfahrt spezialisiert und sind ein Vorreiter <\/strong>auf diesem Gebiet.<\/p>\n<p>Ihr Bedarf geht \u00fcber ein Standardprodukt hinaus? Wir entwickeln L\u00f6sungen. Wir sind in der Lage, unsere Schneid- und Schwei\u00dfverfahren zu optimieren, um sie an Ihre Anforderungen anzupassen. Neben unseren Standardl\u00f6sungen k\u00f6nnen wir Ihnen manuelle, maschinen- und robotergest\u00fctzte Anlagen oder nach Ihren W\u00fcnschen personalisierte Sondermaschinen anbieten. Als kompetenter Partner sind wir au\u00dferdem in der Lage, einen hohen Automatisierungs- und Robotisierungsgrad sicherzustellen, um eine optimale Integration unserer L\u00f6sungen in Ihre Produktionsanlagen zu erm\u00f6glichen.[\/vc_column_text][vc_row_inner equal_height=&#8220;yes&#8220; content_placement=&#8220;middle&#8220;][vc_column_inner width=&#8220;1\/4&#8243;][vc_single_image image=&#8220;23111&#8243; img_size=&#8220;full&#8220;][\/vc_column_inner][vc_column_inner width=&#8220;1\/4&#8243;][vc_single_image image=&#8220;23310&#8243; img_size=&#8220;full&#8220;][\/vc_column_inner][vc_column_inner width=&#8220;1\/4&#8243;][vc_single_image image=&#8220;23085&#8243; img_size=&#8220;full&#8220;][\/vc_column_inner][vc_column_inner width=&#8220;1\/4&#8243;][vc_single_image image=&#8220;23087&#8243; img_size=&#8220;full&#8220;][\/vc_column_inner][\/vc_row_inner][vc_column_text]<\/p>\n<hr \/>\n<p><span style=\"color: #009de0;\"><strong>Beispiele f\u00fcr Schneide- und Schwei\u00dfverfahren und ihre Anwendungen in der Luftfahrt:<\/strong><\/span> <em>Ultraschallbearbeitung von luftfahrttechnischen H\u00fclsen, Ultraschall-Oberfl\u00e4chenbearbeitung und Weiterverarbeitung von Verbundstoffen f\u00fcr Strukturteile, Ultraschallschwei\u00dfen von Clips und Versteifungen, Sondermaschinen zum Schneiden und Stapeln von Karbonschichten usw.<\/em>[\/vc_column_text][\/vc_column][\/vc_row][vc_row][vc_column][vc_empty_space][\/vc_column][\/vc_row]<\/p>\n<\/div>","protected":false},"excerpt":{"rendered":"<p>[vc_row][vc_column][vc_column_text] Schneiden und Schwei\u00dfen in der Luft- und Raumfahrtindustrie [\/vc_column_text][vc_column_text]Die Luft- und Raumfahrtindustrie ist einer der gr\u00f6\u00dften Nutzer von Verbundwerkstoffen. Vorteile wie hohe Steifigkeit, geringes Gewicht, flexibles Design und Erm\u00fcdungsfestigkeit&hellip;<\/p>\n","protected":false},"author":1,"featured_media":23196,"parent":23211,"menu_order":0,"comment_status":"closed","ping_status":"closed","template":"","meta":{"_acf_changed":false,"footnotes":""},"class_list":["post-23195","page","type-page","status-publish","has-post-thumbnail","hentry"],"acf":[],"yoast_head":"<title>Schneiden und Schwei\u00dfen in der Luft- und Raumfahrtindustrie | SONIMAT<\/title>\n<meta name=\"description\" content=\"SONIMAT bietet innovative L\u00f6sungen f\u00fcr das Schneiden und Schwei\u00dfen in der Luft- und Raumfahrtindustrie: Wabenschneiden, Ultraschall, Verbundschwei\u00dfen...\" \/>\n<meta name=\"robots\" content=\"index, follow, max-snippet:-1, max-image-preview:large, max-video-preview:-1\" \/>\n<link rel=\"canonical\" href=\"https:\/\/sonimat.com\/de\/unsere-maerkte\/luft-und-raumfahrt\/\" \/>\n<meta property=\"og:locale\" content=\"de_DE\" \/>\n<meta property=\"og:type\" content=\"article\" \/>\n<meta property=\"og:title\" content=\"Schneiden und Schwei\u00dfen in der Luft- und Raumfahrtindustrie | SONIMAT\" \/>\n<meta property=\"og:description\" content=\"SONIMAT bietet innovative L\u00f6sungen f\u00fcr das Schneiden und Schwei\u00dfen in der Luft- und Raumfahrtindustrie: Wabenschneiden, Ultraschall, Verbundschwei\u00dfen...\" \/>\n<meta property=\"og:url\" content=\"https:\/\/sonimat.com\/de\/unsere-maerkte\/luft-und-raumfahrt\/\" \/>\n<meta property=\"og:site_name\" content=\"SONIMAT\" \/>\n<meta property=\"article:modified_time\" content=\"2024-11-14T15:26:58+00:00\" \/>\n<meta property=\"og:image\" content=\"https:\/\/sonimat.com\/wp-content\/uploads\/sites\/9\/2020\/02\/a350-4515108.jpg\" \/>\n\t<meta property=\"og:image:width\" content=\"2000\" \/>\n\t<meta property=\"og:image:height\" content=\"1333\" \/>\n\t<meta property=\"og:image:type\" content=\"image\/jpeg\" \/>\n<meta name=\"twitter:card\" content=\"summary_large_image\" \/>\n<meta name=\"twitter:site\" content=\"@EuropeTechno\" \/>\n<meta name=\"twitter:label1\" content=\"Gesch\u00e4tzte Lesezeit\" \/>\n\t<meta name=\"twitter:data1\" content=\"2\u00a0Minuten\" \/>\n<script type=\"application\/ld+json\" class=\"yoast-schema-graph\">{\"@context\":\"https:\\\/\\\/schema.org\",\"@graph\":[{\"@type\":\"WebPage\",\"@id\":\"https:\\\/\\\/sonimat.com\\\/de\\\/unsere-maerkte\\\/luft-und-raumfahrt\\\/\",\"url\":\"https:\\\/\\\/sonimat.com\\\/de\\\/unsere-maerkte\\\/luft-und-raumfahrt\\\/\",\"name\":\"Schneiden und Schwei\u00dfen in der Luft- und Raumfahrtindustrie | SONIMAT\",\"isPartOf\":{\"@id\":\"https:\\\/\\\/sonimat.com\\\/#website\"},\"primaryImageOfPage\":{\"@id\":\"https:\\\/\\\/sonimat.com\\\/de\\\/unsere-maerkte\\\/luft-und-raumfahrt\\\/#primaryimage\"},\"image\":{\"@id\":\"https:\\\/\\\/sonimat.com\\\/de\\\/unsere-maerkte\\\/luft-und-raumfahrt\\\/#primaryimage\"},\"thumbnailUrl\":\"https:\\\/\\\/sonimat.com\\\/wp-content\\\/uploads\\\/sites\\\/9\\\/2020\\\/02\\\/a350-4515108.jpg\",\"datePublished\":\"2017-11-08T16:16:20+00:00\",\"dateModified\":\"2024-11-14T15:26:58+00:00\",\"description\":\"SONIMAT bietet innovative L\u00f6sungen f\u00fcr das Schneiden und Schwei\u00dfen in der Luft- und Raumfahrtindustrie: Wabenschneiden, Ultraschall, Verbundschwei\u00dfen...\",\"breadcrumb\":{\"@id\":\"https:\\\/\\\/sonimat.com\\\/de\\\/unsere-maerkte\\\/luft-und-raumfahrt\\\/#breadcrumb\"},\"inLanguage\":\"de\",\"potentialAction\":[{\"@type\":\"ReadAction\",\"target\":[\"https:\\\/\\\/sonimat.com\\\/de\\\/unsere-maerkte\\\/luft-und-raumfahrt\\\/\"]}]},{\"@type\":\"ImageObject\",\"inLanguage\":\"de\",\"@id\":\"https:\\\/\\\/sonimat.com\\\/de\\\/unsere-maerkte\\\/luft-und-raumfahrt\\\/#primaryimage\",\"url\":\"https:\\\/\\\/sonimat.com\\\/wp-content\\\/uploads\\\/sites\\\/9\\\/2020\\\/02\\\/a350-4515108.jpg\",\"contentUrl\":\"https:\\\/\\\/sonimat.com\\\/wp-content\\\/uploads\\\/sites\\\/9\\\/2020\\\/02\\\/a350-4515108.jpg\",\"width\":2000,\"height\":1333,\"caption\":\"soudure d\u00e9coupe ultrasons a\u00e9ronautique\"},{\"@type\":\"BreadcrumbList\",\"@id\":\"https:\\\/\\\/sonimat.com\\\/de\\\/unsere-maerkte\\\/luft-und-raumfahrt\\\/#breadcrumb\",\"itemListElement\":[{\"@type\":\"ListItem\",\"position\":1,\"name\":\"Accueil\",\"item\":\"https:\\\/\\\/sonimat.com\\\/de\\\/\"},{\"@type\":\"ListItem\",\"position\":2,\"name\":\"M\u00e4rkte\",\"item\":\"https:\\\/\\\/sonimat.com\\\/de\\\/unsere-maerkte\\\/\"},{\"@type\":\"ListItem\",\"position\":3,\"name\":\"Luft und Raumfahrt\"}]},{\"@type\":\"WebSite\",\"@id\":\"https:\\\/\\\/sonimat.com\\\/#website\",\"url\":\"https:\\\/\\\/sonimat.com\\\/\",\"name\":\"SONIMAT\",\"description\":\"\",\"potentialAction\":[{\"@type\":\"SearchAction\",\"target\":{\"@type\":\"EntryPoint\",\"urlTemplate\":\"https:\\\/\\\/sonimat.com\\\/?s={search_term_string}\"},\"query-input\":{\"@type\":\"PropertyValueSpecification\",\"valueRequired\":true,\"valueName\":\"search_term_string\"}}],\"inLanguage\":\"de\"}]}<\/script>","yoast_head_json":{"title":"Schneiden und Schwei\u00dfen in der Luft- und Raumfahrtindustrie | SONIMAT","description":"SONIMAT bietet innovative L\u00f6sungen f\u00fcr das Schneiden und Schwei\u00dfen in der Luft- und Raumfahrtindustrie: Wabenschneiden, Ultraschall, Verbundschwei\u00dfen...","robots":{"index":"index","follow":"follow","max-snippet":"max-snippet:-1","max-image-preview":"max-image-preview:large","max-video-preview":"max-video-preview:-1"},"canonical":"https:\/\/sonimat.com\/de\/unsere-maerkte\/luft-und-raumfahrt\/","og_locale":"de_DE","og_type":"article","og_title":"Schneiden und Schwei\u00dfen in der Luft- und Raumfahrtindustrie | SONIMAT","og_description":"SONIMAT bietet innovative L\u00f6sungen f\u00fcr das Schneiden und Schwei\u00dfen in der Luft- und Raumfahrtindustrie: Wabenschneiden, Ultraschall, Verbundschwei\u00dfen...","og_url":"https:\/\/sonimat.com\/de\/unsere-maerkte\/luft-und-raumfahrt\/","og_site_name":"SONIMAT","article_modified_time":"2024-11-14T15:26:58+00:00","og_image":[{"width":2000,"height":1333,"url":"https:\/\/sonimat.com\/wp-content\/uploads\/sites\/9\/2020\/02\/a350-4515108.jpg","type":"image\/jpeg"}],"twitter_card":"summary_large_image","twitter_site":"@EuropeTechno","twitter_misc":{"Gesch\u00e4tzte Lesezeit":"2\u00a0Minuten"},"schema":{"@context":"https:\/\/schema.org","@graph":[{"@type":"WebPage","@id":"https:\/\/sonimat.com\/de\/unsere-maerkte\/luft-und-raumfahrt\/","url":"https:\/\/sonimat.com\/de\/unsere-maerkte\/luft-und-raumfahrt\/","name":"Schneiden und Schwei\u00dfen in der Luft- und Raumfahrtindustrie | SONIMAT","isPartOf":{"@id":"https:\/\/sonimat.com\/#website"},"primaryImageOfPage":{"@id":"https:\/\/sonimat.com\/de\/unsere-maerkte\/luft-und-raumfahrt\/#primaryimage"},"image":{"@id":"https:\/\/sonimat.com\/de\/unsere-maerkte\/luft-und-raumfahrt\/#primaryimage"},"thumbnailUrl":"https:\/\/sonimat.com\/wp-content\/uploads\/sites\/9\/2020\/02\/a350-4515108.jpg","datePublished":"2017-11-08T16:16:20+00:00","dateModified":"2024-11-14T15:26:58+00:00","description":"SONIMAT bietet innovative L\u00f6sungen f\u00fcr das Schneiden und Schwei\u00dfen in der Luft- und Raumfahrtindustrie: Wabenschneiden, Ultraschall, Verbundschwei\u00dfen...","breadcrumb":{"@id":"https:\/\/sonimat.com\/de\/unsere-maerkte\/luft-und-raumfahrt\/#breadcrumb"},"inLanguage":"de","potentialAction":[{"@type":"ReadAction","target":["https:\/\/sonimat.com\/de\/unsere-maerkte\/luft-und-raumfahrt\/"]}]},{"@type":"ImageObject","inLanguage":"de","@id":"https:\/\/sonimat.com\/de\/unsere-maerkte\/luft-und-raumfahrt\/#primaryimage","url":"https:\/\/sonimat.com\/wp-content\/uploads\/sites\/9\/2020\/02\/a350-4515108.jpg","contentUrl":"https:\/\/sonimat.com\/wp-content\/uploads\/sites\/9\/2020\/02\/a350-4515108.jpg","width":2000,"height":1333,"caption":"soudure d\u00e9coupe ultrasons a\u00e9ronautique"},{"@type":"BreadcrumbList","@id":"https:\/\/sonimat.com\/de\/unsere-maerkte\/luft-und-raumfahrt\/#breadcrumb","itemListElement":[{"@type":"ListItem","position":1,"name":"Accueil","item":"https:\/\/sonimat.com\/de\/"},{"@type":"ListItem","position":2,"name":"M\u00e4rkte","item":"https:\/\/sonimat.com\/de\/unsere-maerkte\/"},{"@type":"ListItem","position":3,"name":"Luft und Raumfahrt"}]},{"@type":"WebSite","@id":"https:\/\/sonimat.com\/#website","url":"https:\/\/sonimat.com\/","name":"SONIMAT","description":"","potentialAction":[{"@type":"SearchAction","target":{"@type":"EntryPoint","urlTemplate":"https:\/\/sonimat.com\/?s={search_term_string}"},"query-input":{"@type":"PropertyValueSpecification","valueRequired":true,"valueName":"search_term_string"}}],"inLanguage":"de"}]}},"_links":{"self":[{"href":"https:\/\/sonimat.com\/de\/wp-json\/wp\/v2\/pages\/23195","targetHints":{"allow":["GET"]}}],"collection":[{"href":"https:\/\/sonimat.com\/de\/wp-json\/wp\/v2\/pages"}],"about":[{"href":"https:\/\/sonimat.com\/de\/wp-json\/wp\/v2\/types\/page"}],"author":[{"embeddable":true,"href":"https:\/\/sonimat.com\/de\/wp-json\/wp\/v2\/users\/1"}],"replies":[{"embeddable":true,"href":"https:\/\/sonimat.com\/de\/wp-json\/wp\/v2\/comments?post=23195"}],"version-history":[{"count":4,"href":"https:\/\/sonimat.com\/de\/wp-json\/wp\/v2\/pages\/23195\/revisions"}],"predecessor-version":[{"id":30014,"href":"https:\/\/sonimat.com\/de\/wp-json\/wp\/v2\/pages\/23195\/revisions\/30014"}],"up":[{"embeddable":true,"href":"https:\/\/sonimat.com\/de\/wp-json\/wp\/v2\/pages\/23211"}],"wp:featuredmedia":[{"embeddable":true,"href":"https:\/\/sonimat.com\/de\/wp-json\/wp\/v2\/media\/23196"}],"wp:attachment":[{"href":"https:\/\/sonimat.com\/de\/wp-json\/wp\/v2\/media?parent=23195"}],"curies":[{"name":"wp","href":"https:\/\/api.w.org\/{rel}","templated":true}]}}