{"id":23153,"date":"2017-11-08T17:16:50","date_gmt":"2017-11-08T16:16:50","guid":{"rendered":"https:\/\/sonimat.com\/agroalimentaire\/"},"modified":"2024-11-14T16:25:44","modified_gmt":"2024-11-14T15:25:44","slug":"lebensmittelindustrie","status":"publish","type":"page","link":"https:\/\/sonimat.com\/de\/unsere-maerkte\/lebensmittelindustrie\/","title":{"rendered":"Lebensmittelindustrie"},"content":{"rendered":"<div class=\"wpb-content-wrapper\"><p>[vc_row][vc_column][vc_column_text]<\/p>\n<h2><span lang=\"DE\">Schneiden und Versiegeln von Lebensmitteln mit Ultraschall<\/span><\/h2>\n<p>[\/vc_column_text][vc_column_text]K\u00e4se, Pasteten, Kekse, Obst, Kuchen, Mousse&#8230; <strong>Das Schneiden mit Ultraschall<\/strong> verhindert die Verschmutzung der Sonotrode und bietet eine perfekte Schnittqualit\u00e4t f\u00fcr eine Vielzahl von Produkten. Mithilfe unserer Verfahren k\u00f6nnen feine Scheiben mit konstanter Dicke geschnitten und Produktabf\u00e4lle vermieden werden. Wir begleiten unsere Kunden in der Lebensmittelindustrie seit \u00fcber 25\u00a0Jahren und haben dabei Erfahrungen gesammelt, die es uns heute erm\u00f6glichen, wettbewerbsf\u00e4hige L\u00f6sungen zu entwickeln, die den strengen Hygiene- und Reinigungsanforderungen dieser Branche gen\u00fcgen.<\/p>\n<p>Neben der Verarbeitung von Lebensmitteln werden unsere Ultraschallger\u00e4te auch zum hermetischen Versiegeln der Prim\u00e4rverpackungen eingesetzt. Das kontinuierliche oder intermittierende <strong>Ultraschallversiegeln <\/strong>erfolgt mit hohen Produktionsgeschwindigkeiten und gew\u00e4hrleistet gleichzeitig eine perfekte Schwei\u00dfqualit\u00e4t und absolut dichte Schwei\u00dfn\u00e4hte, selbst wenn die Schwei\u00dfzone durch Produktreste verschmutzt sein sollte.<\/p>\n<p>Ihr Bedarf geht \u00fcber ein Standardprodukt hinaus? Wir entwickeln L\u00f6sungen. Wir sind in der Lage, unsere Schneide- und Versiegelungsverfahren zu optimieren, um sie an Ihre Anforderungen anzupassen. Neben unseren Standardl\u00f6sungen k\u00f6nnen wir Ihnen maschinen- und robotergest\u00fctzte Module oder nach Ihren W\u00fcnschen personalisierte Sondermaschinen anbieten. Als kompetenter Partner sind wir au\u00dferdem in der Lage, einen hohen Automatisierungs- und Robotisierungsgrad sicherzustellen, um eine optimale Integration unserer L\u00f6sungen in Ihre Produktionsanlagen zu erm\u00f6glichen.[\/vc_column_text][vc_row_inner equal_height=&#8220;yes&#8220; content_placement=&#8220;middle&#8220;][vc_column_inner width=&#8220;1\/4&#8243;][vc_single_image image=&#8220;24223&#8243; img_size=&#8220;full&#8220;][\/vc_column_inner][vc_column_inner width=&#8220;1\/4&#8243;][vc_single_image image=&#8220;24220&#8243; img_size=&#8220;full&#8220;][\/vc_column_inner][vc_column_inner width=&#8220;1\/4&#8243;][vc_single_image image=&#8220;24169&#8243; img_size=&#8220;full&#8220;][\/vc_column_inner][vc_column_inner width=&#8220;1\/4&#8243;][vc_single_image image=&#8220;23154&#8243; img_size=&#8220;full&#8220;][\/vc_column_inner][\/vc_row_inner][vc_column_text]<\/p>\n<hr \/>\n<p><span style=\"color: #009de0;\"><strong>Beispiele f\u00fcr Verfahren und Anwendungen der Schneide- und Versiegelungstechnologie mit Ultraschall in der Lebensmittelindustrie:<\/strong><\/span> <em>kontinuierliches oder intermittierendes Zerteilen mit Ultraschall, horizontales oder vertikales Schneiden von Lebensmitteln, Ultraschallpr\u00e4gen, robotisierte Ultraschallschneider, Pr\u00e4gen und Markieren von Produkten, Ultraschallabf\u00fcllmaschinen usw.<\/em>[\/vc_column_text][\/vc_column][\/vc_row][vc_row][vc_column][vc_empty_space][\/vc_column][\/vc_row]<\/p>\n<\/div>","protected":false},"excerpt":{"rendered":"<p>[vc_row][vc_column][vc_column_text] Schneiden und Versiegeln von Lebensmitteln mit Ultraschall [\/vc_column_text][vc_column_text]K\u00e4se, Pasteten, Kekse, Obst, Kuchen, Mousse&#8230; Das Schneiden mit Ultraschall verhindert die Verschmutzung der Sonotrode und bietet eine perfekte Schnittqualit\u00e4t f\u00fcr eine&hellip;<\/p>\n","protected":false},"author":1,"featured_media":23155,"parent":23211,"menu_order":0,"comment_status":"closed","ping_status":"closed","template":"","meta":{"_acf_changed":false,"footnotes":""},"class_list":["post-23153","page","type-page","status-publish","has-post-thumbnail","hentry"],"acf":[],"yoast_head":"<title>Schneiden und Versiegeln von Lebensmitteln | SONIMAT<\/title>\n<meta name=\"description\" content=\"SONIMAT entwirft und fertigt Schneide- und -versiegelungsl\u00f6sungen f\u00fcr die Lebensmittelindustrie: Module zum Integrieren, Slicer, Beutelmaschinen usw.\" \/>\n<meta name=\"robots\" content=\"index, follow, max-snippet:-1, max-image-preview:large, max-video-preview:-1\" \/>\n<link rel=\"canonical\" href=\"https:\/\/sonimat.com\/de\/unsere-maerkte\/lebensmittelindustrie\/\" \/>\n<meta property=\"og:locale\" content=\"de_DE\" \/>\n<meta property=\"og:type\" content=\"article\" \/>\n<meta property=\"og:title\" content=\"Schneiden und Versiegeln von Lebensmitteln | SONIMAT\" \/>\n<meta property=\"og:description\" content=\"SONIMAT entwirft und fertigt Schneide- und -versiegelungsl\u00f6sungen f\u00fcr die Lebensmittelindustrie: Module zum Integrieren, Slicer, Beutelmaschinen usw.\" \/>\n<meta property=\"og:url\" content=\"https:\/\/sonimat.com\/de\/unsere-maerkte\/lebensmittelindustrie\/\" \/>\n<meta property=\"og:site_name\" content=\"SONIMAT\" \/>\n<meta property=\"article:modified_time\" content=\"2024-11-14T15:25:44+00:00\" \/>\n<meta property=\"og:image\" content=\"https:\/\/sonimat.com\/wp-content\/uploads\/sites\/9\/2019\/03\/sonicell-scellage-ultrasons-coup-par-coup.jpg\" \/>\n\t<meta property=\"og:image:width\" content=\"2000\" \/>\n\t<meta property=\"og:image:height\" content=\"1000\" \/>\n\t<meta property=\"og:image:type\" content=\"image\/jpeg\" \/>\n<meta name=\"twitter:card\" content=\"summary_large_image\" \/>\n<meta name=\"twitter:site\" content=\"@EuropeTechno\" \/>\n<meta name=\"twitter:label1\" content=\"Gesch\u00e4tzte Lesezeit\" \/>\n\t<meta name=\"twitter:data1\" content=\"2\u00a0Minuten\" \/>\n<script type=\"application\/ld+json\" class=\"yoast-schema-graph\">{\"@context\":\"https:\\\/\\\/schema.org\",\"@graph\":[{\"@type\":\"WebPage\",\"@id\":\"https:\\\/\\\/sonimat.com\\\/de\\\/unsere-maerkte\\\/lebensmittelindustrie\\\/\",\"url\":\"https:\\\/\\\/sonimat.com\\\/de\\\/unsere-maerkte\\\/lebensmittelindustrie\\\/\",\"name\":\"Schneiden und Versiegeln von Lebensmitteln | SONIMAT\",\"isPartOf\":{\"@id\":\"https:\\\/\\\/sonimat.com\\\/#website\"},\"primaryImageOfPage\":{\"@id\":\"https:\\\/\\\/sonimat.com\\\/de\\\/unsere-maerkte\\\/lebensmittelindustrie\\\/#primaryimage\"},\"image\":{\"@id\":\"https:\\\/\\\/sonimat.com\\\/de\\\/unsere-maerkte\\\/lebensmittelindustrie\\\/#primaryimage\"},\"thumbnailUrl\":\"https:\\\/\\\/sonimat.com\\\/wp-content\\\/uploads\\\/sites\\\/9\\\/2019\\\/03\\\/sonicell-scellage-ultrasons-coup-par-coup.jpg\",\"datePublished\":\"2017-11-08T16:16:50+00:00\",\"dateModified\":\"2024-11-14T15:25:44+00:00\",\"description\":\"SONIMAT entwirft und fertigt Schneide- und -versiegelungsl\u00f6sungen f\u00fcr die Lebensmittelindustrie: Module zum Integrieren, Slicer, Beutelmaschinen usw.\",\"breadcrumb\":{\"@id\":\"https:\\\/\\\/sonimat.com\\\/de\\\/unsere-maerkte\\\/lebensmittelindustrie\\\/#breadcrumb\"},\"inLanguage\":\"de\",\"potentialAction\":[{\"@type\":\"ReadAction\",\"target\":[\"https:\\\/\\\/sonimat.com\\\/de\\\/unsere-maerkte\\\/lebensmittelindustrie\\\/\"]}]},{\"@type\":\"ImageObject\",\"inLanguage\":\"de\",\"@id\":\"https:\\\/\\\/sonimat.com\\\/de\\\/unsere-maerkte\\\/lebensmittelindustrie\\\/#primaryimage\",\"url\":\"https:\\\/\\\/sonimat.com\\\/wp-content\\\/uploads\\\/sites\\\/9\\\/2019\\\/03\\\/sonicell-scellage-ultrasons-coup-par-coup.jpg\",\"contentUrl\":\"https:\\\/\\\/sonimat.com\\\/wp-content\\\/uploads\\\/sites\\\/9\\\/2019\\\/03\\\/sonicell-scellage-ultrasons-coup-par-coup.jpg\",\"width\":2000,\"height\":1000,\"caption\":\"sonicell - scellage ultrasons coup par coup - SONIMAT\"},{\"@type\":\"BreadcrumbList\",\"@id\":\"https:\\\/\\\/sonimat.com\\\/de\\\/unsere-maerkte\\\/lebensmittelindustrie\\\/#breadcrumb\",\"itemListElement\":[{\"@type\":\"ListItem\",\"position\":1,\"name\":\"Accueil\",\"item\":\"https:\\\/\\\/sonimat.com\\\/de\\\/\"},{\"@type\":\"ListItem\",\"position\":2,\"name\":\"M\u00e4rkte\",\"item\":\"https:\\\/\\\/sonimat.com\\\/de\\\/unsere-maerkte\\\/\"},{\"@type\":\"ListItem\",\"position\":3,\"name\":\"Lebensmittelindustrie\"}]},{\"@type\":\"WebSite\",\"@id\":\"https:\\\/\\\/sonimat.com\\\/#website\",\"url\":\"https:\\\/\\\/sonimat.com\\\/\",\"name\":\"SONIMAT\",\"description\":\"\",\"potentialAction\":[{\"@type\":\"SearchAction\",\"target\":{\"@type\":\"EntryPoint\",\"urlTemplate\":\"https:\\\/\\\/sonimat.com\\\/?s={search_term_string}\"},\"query-input\":{\"@type\":\"PropertyValueSpecification\",\"valueRequired\":true,\"valueName\":\"search_term_string\"}}],\"inLanguage\":\"de\"}]}<\/script>","yoast_head_json":{"title":"Schneiden und Versiegeln von Lebensmitteln | SONIMAT","description":"SONIMAT entwirft und fertigt Schneide- und -versiegelungsl\u00f6sungen f\u00fcr die Lebensmittelindustrie: Module zum Integrieren, Slicer, Beutelmaschinen usw.","robots":{"index":"index","follow":"follow","max-snippet":"max-snippet:-1","max-image-preview":"max-image-preview:large","max-video-preview":"max-video-preview:-1"},"canonical":"https:\/\/sonimat.com\/de\/unsere-maerkte\/lebensmittelindustrie\/","og_locale":"de_DE","og_type":"article","og_title":"Schneiden und Versiegeln von Lebensmitteln | SONIMAT","og_description":"SONIMAT entwirft und fertigt Schneide- und -versiegelungsl\u00f6sungen f\u00fcr die Lebensmittelindustrie: Module zum Integrieren, Slicer, Beutelmaschinen usw.","og_url":"https:\/\/sonimat.com\/de\/unsere-maerkte\/lebensmittelindustrie\/","og_site_name":"SONIMAT","article_modified_time":"2024-11-14T15:25:44+00:00","og_image":[{"width":2000,"height":1000,"url":"https:\/\/sonimat.com\/wp-content\/uploads\/sites\/9\/2019\/03\/sonicell-scellage-ultrasons-coup-par-coup.jpg","type":"image\/jpeg"}],"twitter_card":"summary_large_image","twitter_site":"@EuropeTechno","twitter_misc":{"Gesch\u00e4tzte Lesezeit":"2\u00a0Minuten"},"schema":{"@context":"https:\/\/schema.org","@graph":[{"@type":"WebPage","@id":"https:\/\/sonimat.com\/de\/unsere-maerkte\/lebensmittelindustrie\/","url":"https:\/\/sonimat.com\/de\/unsere-maerkte\/lebensmittelindustrie\/","name":"Schneiden und Versiegeln von Lebensmitteln | SONIMAT","isPartOf":{"@id":"https:\/\/sonimat.com\/#website"},"primaryImageOfPage":{"@id":"https:\/\/sonimat.com\/de\/unsere-maerkte\/lebensmittelindustrie\/#primaryimage"},"image":{"@id":"https:\/\/sonimat.com\/de\/unsere-maerkte\/lebensmittelindustrie\/#primaryimage"},"thumbnailUrl":"https:\/\/sonimat.com\/wp-content\/uploads\/sites\/9\/2019\/03\/sonicell-scellage-ultrasons-coup-par-coup.jpg","datePublished":"2017-11-08T16:16:50+00:00","dateModified":"2024-11-14T15:25:44+00:00","description":"SONIMAT entwirft und fertigt Schneide- und -versiegelungsl\u00f6sungen f\u00fcr die Lebensmittelindustrie: Module zum Integrieren, Slicer, Beutelmaschinen usw.","breadcrumb":{"@id":"https:\/\/sonimat.com\/de\/unsere-maerkte\/lebensmittelindustrie\/#breadcrumb"},"inLanguage":"de","potentialAction":[{"@type":"ReadAction","target":["https:\/\/sonimat.com\/de\/unsere-maerkte\/lebensmittelindustrie\/"]}]},{"@type":"ImageObject","inLanguage":"de","@id":"https:\/\/sonimat.com\/de\/unsere-maerkte\/lebensmittelindustrie\/#primaryimage","url":"https:\/\/sonimat.com\/wp-content\/uploads\/sites\/9\/2019\/03\/sonicell-scellage-ultrasons-coup-par-coup.jpg","contentUrl":"https:\/\/sonimat.com\/wp-content\/uploads\/sites\/9\/2019\/03\/sonicell-scellage-ultrasons-coup-par-coup.jpg","width":2000,"height":1000,"caption":"sonicell - scellage ultrasons coup par coup - SONIMAT"},{"@type":"BreadcrumbList","@id":"https:\/\/sonimat.com\/de\/unsere-maerkte\/lebensmittelindustrie\/#breadcrumb","itemListElement":[{"@type":"ListItem","position":1,"name":"Accueil","item":"https:\/\/sonimat.com\/de\/"},{"@type":"ListItem","position":2,"name":"M\u00e4rkte","item":"https:\/\/sonimat.com\/de\/unsere-maerkte\/"},{"@type":"ListItem","position":3,"name":"Lebensmittelindustrie"}]},{"@type":"WebSite","@id":"https:\/\/sonimat.com\/#website","url":"https:\/\/sonimat.com\/","name":"SONIMAT","description":"","potentialAction":[{"@type":"SearchAction","target":{"@type":"EntryPoint","urlTemplate":"https:\/\/sonimat.com\/?s={search_term_string}"},"query-input":{"@type":"PropertyValueSpecification","valueRequired":true,"valueName":"search_term_string"}}],"inLanguage":"de"}]}},"_links":{"self":[{"href":"https:\/\/sonimat.com\/de\/wp-json\/wp\/v2\/pages\/23153","targetHints":{"allow":["GET"]}}],"collection":[{"href":"https:\/\/sonimat.com\/de\/wp-json\/wp\/v2\/pages"}],"about":[{"href":"https:\/\/sonimat.com\/de\/wp-json\/wp\/v2\/types\/page"}],"author":[{"embeddable":true,"href":"https:\/\/sonimat.com\/de\/wp-json\/wp\/v2\/users\/1"}],"replies":[{"embeddable":true,"href":"https:\/\/sonimat.com\/de\/wp-json\/wp\/v2\/comments?post=23153"}],"version-history":[{"count":5,"href":"https:\/\/sonimat.com\/de\/wp-json\/wp\/v2\/pages\/23153\/revisions"}],"predecessor-version":[{"id":30015,"href":"https:\/\/sonimat.com\/de\/wp-json\/wp\/v2\/pages\/23153\/revisions\/30015"}],"up":[{"embeddable":true,"href":"https:\/\/sonimat.com\/de\/wp-json\/wp\/v2\/pages\/23211"}],"wp:featuredmedia":[{"embeddable":true,"href":"https:\/\/sonimat.com\/de\/wp-json\/wp\/v2\/media\/23155"}],"wp:attachment":[{"href":"https:\/\/sonimat.com\/de\/wp-json\/wp\/v2\/media?parent=23153"}],"curies":[{"name":"wp","href":"https:\/\/api.w.org\/{rel}","templated":true}]}}