{"id":23146,"date":"2017-11-08T17:17:06","date_gmt":"2017-11-08T16:17:06","guid":{"rendered":"https:\/\/sonimat.com\/bgc\/"},"modified":"2024-11-14T16:22:50","modified_gmt":"2024-11-14T15:22:50","slug":"konsumgueter","status":"publish","type":"page","link":"https:\/\/sonimat.com\/de\/unsere-maerkte\/konsumgueter\/","title":{"rendered":"Konsumg\u00fcter"},"content":{"rendered":"<div class=\"wpb-content-wrapper\"><p>[vc_row][vc_column][vc_column_text]<\/p>\n<h2>Schwei\u00dfen von Kunststoffen f\u00fcr die Konsumg\u00fcterindustrie<\/h2>\n<p>[\/vc_column_text][vc_column_text]<strong>Thermoplastisches Schwei\u00dfen<\/strong> kommt bei der Herstellung von fast allen Gebrauchsgegenst\u00e4nden ins Spiel, mit denen wir es im Alltag zu tun haben. Konsumg\u00fcter wie Spielzeug, Haushaltsger\u00e4te, B\u00fcromaterial und viele weitere Produkte werden w\u00e4hrend ihres Produktionszyklus einem F\u00fcgeprozess unterzogen. Die Produktion von hohen St\u00fcckzahlen f\u00fcr den \u201eMassenmarkt\u201c erfordert bew\u00e4hrte Schwei\u00dfverfahren, die vor allem reproduzierbar sind. Die von uns entwickelten Maschinen erf\u00fcllen diese Kriterien und bieten den Vorteil, dass sie keine Zusatzwerkstoffe oder Kleber ben\u00f6tigen, die kritische Inhaltsstoffe enthalten k\u00f6nnen.<\/p>\n<p>Techniken wie das Ultraschallschwei\u00dfen oder Hei\u00dfnieten von Kunststoffen kommen ebenfalls in der Industrie zur Anwendung und eignen sich zum F\u00fcgen einer Vielzahl von Konsumg\u00fctern. Gleichzeitig bieten wir Maschinen zum Rotations-, Heizplatten-, Laser- und Infrarotschwei\u00dfen an, die auf Ihre spezifischen Anforderungen abgestimmt werden k\u00f6nnen (mechanische Festigkeit, Abmessungen der Teile, Form der Schwei\u00dfnaht usw.).[\/vc_column_text][vc_row_inner equal_height=&#8220;yes&#8220; content_placement=&#8220;middle&#8220;][vc_column_inner width=&#8220;1\/4&#8243;][vc_single_image image=&#8220;23152&#8243; img_size=&#8220;full&#8220;][\/vc_column_inner][vc_column_inner width=&#8220;1\/4&#8243;][vc_single_image image=&#8220;23151&#8243; img_size=&#8220;full&#8220;][\/vc_column_inner][vc_column_inner width=&#8220;1\/4&#8243;][vc_single_image image=&#8220;23150&#8243; img_size=&#8220;full&#8220;][\/vc_column_inner][vc_column_inner width=&#8220;1\/4&#8243;][vc_single_image image=&#8220;23149&#8243; img_size=&#8220;full&#8220;][\/vc_column_inner][\/vc_row_inner][vc_column_text]<\/p>\n<hr \/>\n<p><span style=\"color: #009de0;\"><strong>Beispiele von geschwei\u00dften thermoplastischen Teilen:<\/strong><\/span> <em>Spielwaren, Haartrockner, Trinkflaschen, Gurte, verschiedene Beh\u00e4lter, Sanduhren usw.<\/em>[\/vc_column_text][\/vc_column][\/vc_row][vc_row][vc_column][vc_empty_space][\/vc_column][\/vc_row]<\/p>\n<\/div>","protected":false},"excerpt":{"rendered":"<p>[vc_row][vc_column][vc_column_text] Schwei\u00dfen von Kunststoffen f\u00fcr die Konsumg\u00fcterindustrie [\/vc_column_text][vc_column_text]Thermoplastisches Schwei\u00dfen kommt bei der Herstellung von fast allen Gebrauchsgegenst\u00e4nden ins Spiel, mit denen wir es im Alltag zu tun haben. Konsumg\u00fcter wie&hellip;<\/p>\n","protected":false},"author":1,"featured_media":30686,"parent":23211,"menu_order":0,"comment_status":"closed","ping_status":"closed","template":"","meta":{"_acf_changed":false,"footnotes":""},"class_list":["post-23146","page","type-page","status-publish","has-post-thumbnail","hentry"],"acf":[],"yoast_head":"<title>Schwei\u00dfen von Kunststoffen f\u00fcr die Konsumg\u00fcterindustrie | SONIMAT<\/title>\n<meta name=\"description\" content=\"SONIMAT bietet eine breite Palette an Kunststoffschwei\u00dfmaschinen f\u00fcr die Konsumg\u00fcterindustrie an: Ultraschall, Laser, Heizklinge, Rotation...\" \/>\n<meta name=\"robots\" content=\"index, follow, max-snippet:-1, max-image-preview:large, max-video-preview:-1\" \/>\n<link rel=\"canonical\" href=\"https:\/\/sonimat.com\/de\/unsere-maerkte\/konsumgueter\/\" \/>\n<meta property=\"og:locale\" content=\"de_DE\" \/>\n<meta property=\"og:type\" content=\"article\" \/>\n<meta property=\"og:title\" content=\"Schwei\u00dfen von Kunststoffen f\u00fcr die Konsumg\u00fcterindustrie | SONIMAT\" \/>\n<meta property=\"og:description\" content=\"SONIMAT bietet eine breite Palette an Kunststoffschwei\u00dfmaschinen f\u00fcr die Konsumg\u00fcterindustrie an: Ultraschall, Laser, Heizklinge, Rotation...\" \/>\n<meta property=\"og:url\" content=\"https:\/\/sonimat.com\/de\/unsere-maerkte\/konsumgueter\/\" \/>\n<meta property=\"og:site_name\" content=\"SONIMAT\" \/>\n<meta property=\"article:modified_time\" content=\"2024-11-14T15:22:50+00:00\" \/>\n<meta property=\"og:image\" content=\"https:\/\/sonimat.com\/wp-content\/uploads\/sites\/9\/2024\/04\/Soudure-plastique-Biens-de-consommation_Living-Packets.jpg\" \/>\n\t<meta property=\"og:image:width\" content=\"2000\" \/>\n\t<meta property=\"og:image:height\" content=\"900\" \/>\n\t<meta property=\"og:image:type\" content=\"image\/jpeg\" \/>\n<meta name=\"twitter:card\" content=\"summary_large_image\" \/>\n<meta name=\"twitter:site\" content=\"@EuropeTechno\" \/>\n<meta name=\"twitter:label1\" content=\"Gesch\u00e4tzte Lesezeit\" \/>\n\t<meta name=\"twitter:data1\" content=\"1\u00a0Minute\" \/>\n<script type=\"application\/ld+json\" class=\"yoast-schema-graph\">{\"@context\":\"https:\\\/\\\/schema.org\",\"@graph\":[{\"@type\":\"WebPage\",\"@id\":\"https:\\\/\\\/sonimat.com\\\/de\\\/unsere-maerkte\\\/konsumgueter\\\/\",\"url\":\"https:\\\/\\\/sonimat.com\\\/de\\\/unsere-maerkte\\\/konsumgueter\\\/\",\"name\":\"Schwei\u00dfen von Kunststoffen f\u00fcr die Konsumg\u00fcterindustrie | SONIMAT\",\"isPartOf\":{\"@id\":\"https:\\\/\\\/sonimat.com\\\/#website\"},\"primaryImageOfPage\":{\"@id\":\"https:\\\/\\\/sonimat.com\\\/de\\\/unsere-maerkte\\\/konsumgueter\\\/#primaryimage\"},\"image\":{\"@id\":\"https:\\\/\\\/sonimat.com\\\/de\\\/unsere-maerkte\\\/konsumgueter\\\/#primaryimage\"},\"thumbnailUrl\":\"https:\\\/\\\/sonimat.com\\\/wp-content\\\/uploads\\\/sites\\\/9\\\/2024\\\/04\\\/Soudure-plastique-Biens-de-consommation_Living-Packets.jpg\",\"datePublished\":\"2017-11-08T16:17:06+00:00\",\"dateModified\":\"2024-11-14T15:22:50+00:00\",\"description\":\"SONIMAT bietet eine breite Palette an Kunststoffschwei\u00dfmaschinen f\u00fcr die Konsumg\u00fcterindustrie an: Ultraschall, Laser, Heizklinge, Rotation...\",\"breadcrumb\":{\"@id\":\"https:\\\/\\\/sonimat.com\\\/de\\\/unsere-maerkte\\\/konsumgueter\\\/#breadcrumb\"},\"inLanguage\":\"de\",\"potentialAction\":[{\"@type\":\"ReadAction\",\"target\":[\"https:\\\/\\\/sonimat.com\\\/de\\\/unsere-maerkte\\\/konsumgueter\\\/\"]}]},{\"@type\":\"ImageObject\",\"inLanguage\":\"de\",\"@id\":\"https:\\\/\\\/sonimat.com\\\/de\\\/unsere-maerkte\\\/konsumgueter\\\/#primaryimage\",\"url\":\"https:\\\/\\\/sonimat.com\\\/wp-content\\\/uploads\\\/sites\\\/9\\\/2024\\\/04\\\/Soudure-plastique-Biens-de-consommation_Living-Packets.jpg\",\"contentUrl\":\"https:\\\/\\\/sonimat.com\\\/wp-content\\\/uploads\\\/sites\\\/9\\\/2024\\\/04\\\/Soudure-plastique-Biens-de-consommation_Living-Packets.jpg\",\"width\":2000,\"height\":900,\"caption\":\"Soudure plastique - Biens de consommation_Living Packets\"},{\"@type\":\"BreadcrumbList\",\"@id\":\"https:\\\/\\\/sonimat.com\\\/de\\\/unsere-maerkte\\\/konsumgueter\\\/#breadcrumb\",\"itemListElement\":[{\"@type\":\"ListItem\",\"position\":1,\"name\":\"Accueil\",\"item\":\"https:\\\/\\\/sonimat.com\\\/de\\\/\"},{\"@type\":\"ListItem\",\"position\":2,\"name\":\"M\u00e4rkte\",\"item\":\"https:\\\/\\\/sonimat.com\\\/de\\\/unsere-maerkte\\\/\"},{\"@type\":\"ListItem\",\"position\":3,\"name\":\"Konsumg\u00fcter\"}]},{\"@type\":\"WebSite\",\"@id\":\"https:\\\/\\\/sonimat.com\\\/#website\",\"url\":\"https:\\\/\\\/sonimat.com\\\/\",\"name\":\"SONIMAT\",\"description\":\"\",\"potentialAction\":[{\"@type\":\"SearchAction\",\"target\":{\"@type\":\"EntryPoint\",\"urlTemplate\":\"https:\\\/\\\/sonimat.com\\\/?s={search_term_string}\"},\"query-input\":{\"@type\":\"PropertyValueSpecification\",\"valueRequired\":true,\"valueName\":\"search_term_string\"}}],\"inLanguage\":\"de\"}]}<\/script>","yoast_head_json":{"title":"Schwei\u00dfen von Kunststoffen f\u00fcr die Konsumg\u00fcterindustrie | SONIMAT","description":"SONIMAT bietet eine breite Palette an Kunststoffschwei\u00dfmaschinen f\u00fcr die Konsumg\u00fcterindustrie an: Ultraschall, Laser, Heizklinge, Rotation...","robots":{"index":"index","follow":"follow","max-snippet":"max-snippet:-1","max-image-preview":"max-image-preview:large","max-video-preview":"max-video-preview:-1"},"canonical":"https:\/\/sonimat.com\/de\/unsere-maerkte\/konsumgueter\/","og_locale":"de_DE","og_type":"article","og_title":"Schwei\u00dfen von Kunststoffen f\u00fcr die Konsumg\u00fcterindustrie | SONIMAT","og_description":"SONIMAT bietet eine breite Palette an Kunststoffschwei\u00dfmaschinen f\u00fcr die Konsumg\u00fcterindustrie an: Ultraschall, Laser, Heizklinge, Rotation...","og_url":"https:\/\/sonimat.com\/de\/unsere-maerkte\/konsumgueter\/","og_site_name":"SONIMAT","article_modified_time":"2024-11-14T15:22:50+00:00","og_image":[{"width":2000,"height":900,"url":"https:\/\/sonimat.com\/wp-content\/uploads\/sites\/9\/2024\/04\/Soudure-plastique-Biens-de-consommation_Living-Packets.jpg","type":"image\/jpeg"}],"twitter_card":"summary_large_image","twitter_site":"@EuropeTechno","twitter_misc":{"Gesch\u00e4tzte Lesezeit":"1\u00a0Minute"},"schema":{"@context":"https:\/\/schema.org","@graph":[{"@type":"WebPage","@id":"https:\/\/sonimat.com\/de\/unsere-maerkte\/konsumgueter\/","url":"https:\/\/sonimat.com\/de\/unsere-maerkte\/konsumgueter\/","name":"Schwei\u00dfen von Kunststoffen f\u00fcr die Konsumg\u00fcterindustrie | SONIMAT","isPartOf":{"@id":"https:\/\/sonimat.com\/#website"},"primaryImageOfPage":{"@id":"https:\/\/sonimat.com\/de\/unsere-maerkte\/konsumgueter\/#primaryimage"},"image":{"@id":"https:\/\/sonimat.com\/de\/unsere-maerkte\/konsumgueter\/#primaryimage"},"thumbnailUrl":"https:\/\/sonimat.com\/wp-content\/uploads\/sites\/9\/2024\/04\/Soudure-plastique-Biens-de-consommation_Living-Packets.jpg","datePublished":"2017-11-08T16:17:06+00:00","dateModified":"2024-11-14T15:22:50+00:00","description":"SONIMAT bietet eine breite Palette an Kunststoffschwei\u00dfmaschinen f\u00fcr die Konsumg\u00fcterindustrie an: Ultraschall, Laser, Heizklinge, Rotation...","breadcrumb":{"@id":"https:\/\/sonimat.com\/de\/unsere-maerkte\/konsumgueter\/#breadcrumb"},"inLanguage":"de","potentialAction":[{"@type":"ReadAction","target":["https:\/\/sonimat.com\/de\/unsere-maerkte\/konsumgueter\/"]}]},{"@type":"ImageObject","inLanguage":"de","@id":"https:\/\/sonimat.com\/de\/unsere-maerkte\/konsumgueter\/#primaryimage","url":"https:\/\/sonimat.com\/wp-content\/uploads\/sites\/9\/2024\/04\/Soudure-plastique-Biens-de-consommation_Living-Packets.jpg","contentUrl":"https:\/\/sonimat.com\/wp-content\/uploads\/sites\/9\/2024\/04\/Soudure-plastique-Biens-de-consommation_Living-Packets.jpg","width":2000,"height":900,"caption":"Soudure plastique - Biens de consommation_Living Packets"},{"@type":"BreadcrumbList","@id":"https:\/\/sonimat.com\/de\/unsere-maerkte\/konsumgueter\/#breadcrumb","itemListElement":[{"@type":"ListItem","position":1,"name":"Accueil","item":"https:\/\/sonimat.com\/de\/"},{"@type":"ListItem","position":2,"name":"M\u00e4rkte","item":"https:\/\/sonimat.com\/de\/unsere-maerkte\/"},{"@type":"ListItem","position":3,"name":"Konsumg\u00fcter"}]},{"@type":"WebSite","@id":"https:\/\/sonimat.com\/#website","url":"https:\/\/sonimat.com\/","name":"SONIMAT","description":"","potentialAction":[{"@type":"SearchAction","target":{"@type":"EntryPoint","urlTemplate":"https:\/\/sonimat.com\/?s={search_term_string}"},"query-input":{"@type":"PropertyValueSpecification","valueRequired":true,"valueName":"search_term_string"}}],"inLanguage":"de"}]}},"_links":{"self":[{"href":"https:\/\/sonimat.com\/de\/wp-json\/wp\/v2\/pages\/23146","targetHints":{"allow":["GET"]}}],"collection":[{"href":"https:\/\/sonimat.com\/de\/wp-json\/wp\/v2\/pages"}],"about":[{"href":"https:\/\/sonimat.com\/de\/wp-json\/wp\/v2\/types\/page"}],"author":[{"embeddable":true,"href":"https:\/\/sonimat.com\/de\/wp-json\/wp\/v2\/users\/1"}],"replies":[{"embeddable":true,"href":"https:\/\/sonimat.com\/de\/wp-json\/wp\/v2\/comments?post=23146"}],"version-history":[{"count":4,"href":"https:\/\/sonimat.com\/de\/wp-json\/wp\/v2\/pages\/23146\/revisions"}],"predecessor-version":[{"id":30018,"href":"https:\/\/sonimat.com\/de\/wp-json\/wp\/v2\/pages\/23146\/revisions\/30018"}],"up":[{"embeddable":true,"href":"https:\/\/sonimat.com\/de\/wp-json\/wp\/v2\/pages\/23211"}],"wp:featuredmedia":[{"embeddable":true,"href":"https:\/\/sonimat.com\/de\/wp-json\/wp\/v2\/media\/30686"}],"wp:attachment":[{"href":"https:\/\/sonimat.com\/de\/wp-json\/wp\/v2\/media?parent=23146"}],"curies":[{"name":"wp","href":"https:\/\/api.w.org\/{rel}","templated":true}]}}