{"id":23138,"date":"2017-11-08T17:17:24","date_gmt":"2017-11-08T16:17:24","guid":{"rendered":"https:\/\/sonimat.com\/cosmetique\/"},"modified":"2024-11-14T16:24:15","modified_gmt":"2024-11-14T15:24:15","slug":"kosmetik","status":"publish","type":"page","link":"https:\/\/sonimat.com\/de\/unsere-maerkte\/kosmetik\/","title":{"rendered":"Kosmetik"},"content":{"rendered":"<div class=\"wpb-content-wrapper\"><p>[vc_row][vc_column][vc_column_text]<\/p>\n<h2><span lang=\"DE\">Ultraschallschneiden und Ultraschallschwei\u00dfen f\u00fcr die Kosmetikindustrie<\/span><\/h2>\n<p>[\/vc_column_text][vc_column_text]Der Kosmetikmarkt wird oft mit Luxusartikeln in Verbindung gebracht und erfordert ein makelloses Erscheinungsbild der Produkte. Die Produktion von hohen St\u00fcckzahlen f\u00fcr diesen \u201eMassenmarkt\u201c erfordert bew\u00e4hrte Schwei\u00dfverfahren, die vor allem reproduzierbar sind. Die von uns entwickelten Maschinen erf\u00fcllen diese Kriterien und bieten den Vorteil, dass sie keine Zusatzwerkstoffe oder Kleber ben\u00f6tigen, die kritische Inhaltsstoffe enthalten k\u00f6nnen.<\/p>\n<p><strong>Die F\u00fcgel\u00f6sungen<\/strong> von SONIMAT garantieren eine hohe Pr\u00e4zision und einwandfreie Schwei\u00dfqualit\u00e4t.[\/vc_column_text][vc_row_inner equal_height=&#8220;yes&#8220; content_placement=&#8220;middle&#8220;][vc_column_inner width=&#8220;1\/4&#8243;][vc_single_image image=&#8220;23145&#8243; img_size=&#8220;full&#8220;][\/vc_column_inner][vc_column_inner width=&#8220;1\/4&#8243;][vc_single_image image=&#8220;23144&#8243; img_size=&#8220;full&#8220;][\/vc_column_inner][vc_column_inner width=&#8220;1\/4&#8243;][vc_single_image image=&#8220;23143&#8243; img_size=&#8220;full&#8220;][\/vc_column_inner][vc_column_inner width=&#8220;1\/4&#8243;][vc_single_image image=&#8220;23149&#8243; img_size=&#8220;full&#8220;][\/vc_column_inner][\/vc_row_inner][vc_column_text]<\/p>\n<hr \/>\n<p><strong><span style=\"color: #009de0;\">Beispiele von geschwei\u00dften und zugeschnittenen thermoplastischen Teilen:<\/span><\/strong> <em>verschiedene Tuben und Beh\u00e4ltnisse f\u00fcr Cremes, Balsame, Make-up-Produkte und Parf\u00fcm, Geh\u00e4use von Lippenstiften usw.<\/em>[\/vc_column_text][\/vc_column][\/vc_row][vc_row][vc_column][vc_empty_space][\/vc_column][\/vc_row]<\/p>\n<\/div>","protected":false},"excerpt":{"rendered":"<p>[vc_row][vc_column][vc_column_text] Ultraschallschneiden und Ultraschallschwei\u00dfen f\u00fcr die Kosmetikindustrie [\/vc_column_text][vc_column_text]Der Kosmetikmarkt wird oft mit Luxusartikeln in Verbindung gebracht und erfordert ein makelloses Erscheinungsbild der Produkte. Die Produktion von hohen St\u00fcckzahlen f\u00fcr diesen&hellip;<\/p>\n","protected":false},"author":1,"featured_media":23139,"parent":23211,"menu_order":0,"comment_status":"closed","ping_status":"closed","template":"","meta":{"_acf_changed":false,"footnotes":""},"class_list":["post-23138","page","type-page","status-publish","has-post-thumbnail","hentry"],"acf":[],"yoast_head":"<title>Schneiden und Schwei\u00dfen f\u00fcr die Kosmetikindustrie | SONIMAT<\/title>\n<meta name=\"description\" content=\"SONIMAT bietet eine breite Palette an L\u00f6sungen f\u00fcr das Schneiden und Schwei\u00dfen in der Kosmetikindustrie: Versiegeln von Verpackungen, Schneiden etc.\" \/>\n<meta name=\"robots\" content=\"index, follow, max-snippet:-1, max-image-preview:large, max-video-preview:-1\" \/>\n<link rel=\"canonical\" href=\"https:\/\/sonimat.com\/de\/unsere-maerkte\/kosmetik\/\" \/>\n<meta property=\"og:locale\" content=\"de_DE\" \/>\n<meta property=\"og:type\" content=\"article\" \/>\n<meta property=\"og:title\" content=\"Schneiden und Schwei\u00dfen f\u00fcr die Kosmetikindustrie | SONIMAT\" \/>\n<meta property=\"og:description\" content=\"SONIMAT bietet eine breite Palette an L\u00f6sungen f\u00fcr das Schneiden und Schwei\u00dfen in der Kosmetikindustrie: Versiegeln von Verpackungen, Schneiden etc.\" \/>\n<meta property=\"og:url\" content=\"https:\/\/sonimat.com\/de\/unsere-maerkte\/kosmetik\/\" \/>\n<meta property=\"og:site_name\" content=\"SONIMAT\" \/>\n<meta property=\"article:modified_time\" content=\"2024-11-14T15:24:15+00:00\" \/>\n<meta property=\"og:image\" content=\"https:\/\/sonimat.com\/wp-content\/uploads\/sites\/9\/2018\/12\/cosm\u00e9tique-1.jpg\" \/>\n\t<meta property=\"og:image:width\" content=\"2000\" \/>\n\t<meta property=\"og:image:height\" content=\"1000\" \/>\n\t<meta property=\"og:image:type\" content=\"image\/jpeg\" \/>\n<meta name=\"twitter:card\" content=\"summary_large_image\" \/>\n<meta name=\"twitter:site\" content=\"@EuropeTechno\" \/>\n<meta name=\"twitter:label1\" content=\"Gesch\u00e4tzte Lesezeit\" \/>\n\t<meta name=\"twitter:data1\" content=\"1\u00a0Minute\" \/>\n<script type=\"application\/ld+json\" class=\"yoast-schema-graph\">{\"@context\":\"https:\\\/\\\/schema.org\",\"@graph\":[{\"@type\":\"WebPage\",\"@id\":\"https:\\\/\\\/sonimat.com\\\/de\\\/unsere-maerkte\\\/kosmetik\\\/\",\"url\":\"https:\\\/\\\/sonimat.com\\\/de\\\/unsere-maerkte\\\/kosmetik\\\/\",\"name\":\"Schneiden und Schwei\u00dfen f\u00fcr die Kosmetikindustrie | SONIMAT\",\"isPartOf\":{\"@id\":\"https:\\\/\\\/sonimat.com\\\/#website\"},\"primaryImageOfPage\":{\"@id\":\"https:\\\/\\\/sonimat.com\\\/de\\\/unsere-maerkte\\\/kosmetik\\\/#primaryimage\"},\"image\":{\"@id\":\"https:\\\/\\\/sonimat.com\\\/de\\\/unsere-maerkte\\\/kosmetik\\\/#primaryimage\"},\"thumbnailUrl\":\"https:\\\/\\\/sonimat.com\\\/wp-content\\\/uploads\\\/sites\\\/9\\\/2018\\\/12\\\/cosm\u00e9tique-1.jpg\",\"datePublished\":\"2017-11-08T16:17:24+00:00\",\"dateModified\":\"2024-11-14T15:24:15+00:00\",\"description\":\"SONIMAT bietet eine breite Palette an L\u00f6sungen f\u00fcr das Schneiden und Schwei\u00dfen in der Kosmetikindustrie: Versiegeln von Verpackungen, Schneiden etc.\",\"breadcrumb\":{\"@id\":\"https:\\\/\\\/sonimat.com\\\/de\\\/unsere-maerkte\\\/kosmetik\\\/#breadcrumb\"},\"inLanguage\":\"de\",\"potentialAction\":[{\"@type\":\"ReadAction\",\"target\":[\"https:\\\/\\\/sonimat.com\\\/de\\\/unsere-maerkte\\\/kosmetik\\\/\"]}]},{\"@type\":\"ImageObject\",\"inLanguage\":\"de\",\"@id\":\"https:\\\/\\\/sonimat.com\\\/de\\\/unsere-maerkte\\\/kosmetik\\\/#primaryimage\",\"url\":\"https:\\\/\\\/sonimat.com\\\/wp-content\\\/uploads\\\/sites\\\/9\\\/2018\\\/12\\\/cosm\u00e9tique-1.jpg\",\"contentUrl\":\"https:\\\/\\\/sonimat.com\\\/wp-content\\\/uploads\\\/sites\\\/9\\\/2018\\\/12\\\/cosm\u00e9tique-1.jpg\",\"width\":2000,\"height\":1000,\"caption\":\"soudure ultrason pour l'industrie cosm\u00e9tique\"},{\"@type\":\"BreadcrumbList\",\"@id\":\"https:\\\/\\\/sonimat.com\\\/de\\\/unsere-maerkte\\\/kosmetik\\\/#breadcrumb\",\"itemListElement\":[{\"@type\":\"ListItem\",\"position\":1,\"name\":\"Accueil\",\"item\":\"https:\\\/\\\/sonimat.com\\\/de\\\/\"},{\"@type\":\"ListItem\",\"position\":2,\"name\":\"M\u00e4rkte\",\"item\":\"https:\\\/\\\/sonimat.com\\\/de\\\/unsere-maerkte\\\/\"},{\"@type\":\"ListItem\",\"position\":3,\"name\":\"Kosmetik\"}]},{\"@type\":\"WebSite\",\"@id\":\"https:\\\/\\\/sonimat.com\\\/#website\",\"url\":\"https:\\\/\\\/sonimat.com\\\/\",\"name\":\"SONIMAT\",\"description\":\"\",\"potentialAction\":[{\"@type\":\"SearchAction\",\"target\":{\"@type\":\"EntryPoint\",\"urlTemplate\":\"https:\\\/\\\/sonimat.com\\\/?s={search_term_string}\"},\"query-input\":{\"@type\":\"PropertyValueSpecification\",\"valueRequired\":true,\"valueName\":\"search_term_string\"}}],\"inLanguage\":\"de\"}]}<\/script>","yoast_head_json":{"title":"Schneiden und Schwei\u00dfen f\u00fcr die Kosmetikindustrie | SONIMAT","description":"SONIMAT bietet eine breite Palette an L\u00f6sungen f\u00fcr das Schneiden und Schwei\u00dfen in der Kosmetikindustrie: Versiegeln von Verpackungen, Schneiden etc.","robots":{"index":"index","follow":"follow","max-snippet":"max-snippet:-1","max-image-preview":"max-image-preview:large","max-video-preview":"max-video-preview:-1"},"canonical":"https:\/\/sonimat.com\/de\/unsere-maerkte\/kosmetik\/","og_locale":"de_DE","og_type":"article","og_title":"Schneiden und Schwei\u00dfen f\u00fcr die Kosmetikindustrie | SONIMAT","og_description":"SONIMAT bietet eine breite Palette an L\u00f6sungen f\u00fcr das Schneiden und Schwei\u00dfen in der Kosmetikindustrie: Versiegeln von Verpackungen, Schneiden etc.","og_url":"https:\/\/sonimat.com\/de\/unsere-maerkte\/kosmetik\/","og_site_name":"SONIMAT","article_modified_time":"2024-11-14T15:24:15+00:00","og_image":[{"width":2000,"height":1000,"url":"https:\/\/sonimat.com\/wp-content\/uploads\/sites\/9\/2018\/12\/cosm\u00e9tique-1.jpg","type":"image\/jpeg"}],"twitter_card":"summary_large_image","twitter_site":"@EuropeTechno","twitter_misc":{"Gesch\u00e4tzte Lesezeit":"1\u00a0Minute"},"schema":{"@context":"https:\/\/schema.org","@graph":[{"@type":"WebPage","@id":"https:\/\/sonimat.com\/de\/unsere-maerkte\/kosmetik\/","url":"https:\/\/sonimat.com\/de\/unsere-maerkte\/kosmetik\/","name":"Schneiden und Schwei\u00dfen f\u00fcr die Kosmetikindustrie | SONIMAT","isPartOf":{"@id":"https:\/\/sonimat.com\/#website"},"primaryImageOfPage":{"@id":"https:\/\/sonimat.com\/de\/unsere-maerkte\/kosmetik\/#primaryimage"},"image":{"@id":"https:\/\/sonimat.com\/de\/unsere-maerkte\/kosmetik\/#primaryimage"},"thumbnailUrl":"https:\/\/sonimat.com\/wp-content\/uploads\/sites\/9\/2018\/12\/cosm\u00e9tique-1.jpg","datePublished":"2017-11-08T16:17:24+00:00","dateModified":"2024-11-14T15:24:15+00:00","description":"SONIMAT bietet eine breite Palette an L\u00f6sungen f\u00fcr das Schneiden und Schwei\u00dfen in der Kosmetikindustrie: Versiegeln von Verpackungen, Schneiden etc.","breadcrumb":{"@id":"https:\/\/sonimat.com\/de\/unsere-maerkte\/kosmetik\/#breadcrumb"},"inLanguage":"de","potentialAction":[{"@type":"ReadAction","target":["https:\/\/sonimat.com\/de\/unsere-maerkte\/kosmetik\/"]}]},{"@type":"ImageObject","inLanguage":"de","@id":"https:\/\/sonimat.com\/de\/unsere-maerkte\/kosmetik\/#primaryimage","url":"https:\/\/sonimat.com\/wp-content\/uploads\/sites\/9\/2018\/12\/cosm\u00e9tique-1.jpg","contentUrl":"https:\/\/sonimat.com\/wp-content\/uploads\/sites\/9\/2018\/12\/cosm\u00e9tique-1.jpg","width":2000,"height":1000,"caption":"soudure ultrason pour l'industrie cosm\u00e9tique"},{"@type":"BreadcrumbList","@id":"https:\/\/sonimat.com\/de\/unsere-maerkte\/kosmetik\/#breadcrumb","itemListElement":[{"@type":"ListItem","position":1,"name":"Accueil","item":"https:\/\/sonimat.com\/de\/"},{"@type":"ListItem","position":2,"name":"M\u00e4rkte","item":"https:\/\/sonimat.com\/de\/unsere-maerkte\/"},{"@type":"ListItem","position":3,"name":"Kosmetik"}]},{"@type":"WebSite","@id":"https:\/\/sonimat.com\/#website","url":"https:\/\/sonimat.com\/","name":"SONIMAT","description":"","potentialAction":[{"@type":"SearchAction","target":{"@type":"EntryPoint","urlTemplate":"https:\/\/sonimat.com\/?s={search_term_string}"},"query-input":{"@type":"PropertyValueSpecification","valueRequired":true,"valueName":"search_term_string"}}],"inLanguage":"de"}]}},"_links":{"self":[{"href":"https:\/\/sonimat.com\/de\/wp-json\/wp\/v2\/pages\/23138","targetHints":{"allow":["GET"]}}],"collection":[{"href":"https:\/\/sonimat.com\/de\/wp-json\/wp\/v2\/pages"}],"about":[{"href":"https:\/\/sonimat.com\/de\/wp-json\/wp\/v2\/types\/page"}],"author":[{"embeddable":true,"href":"https:\/\/sonimat.com\/de\/wp-json\/wp\/v2\/users\/1"}],"replies":[{"embeddable":true,"href":"https:\/\/sonimat.com\/de\/wp-json\/wp\/v2\/comments?post=23138"}],"version-history":[{"count":4,"href":"https:\/\/sonimat.com\/de\/wp-json\/wp\/v2\/pages\/23138\/revisions"}],"predecessor-version":[{"id":30017,"href":"https:\/\/sonimat.com\/de\/wp-json\/wp\/v2\/pages\/23138\/revisions\/30017"}],"up":[{"embeddable":true,"href":"https:\/\/sonimat.com\/de\/wp-json\/wp\/v2\/pages\/23211"}],"wp:featuredmedia":[{"embeddable":true,"href":"https:\/\/sonimat.com\/de\/wp-json\/wp\/v2\/media\/23139"}],"wp:attachment":[{"href":"https:\/\/sonimat.com\/de\/wp-json\/wp\/v2\/media?parent=23138"}],"curies":[{"name":"wp","href":"https:\/\/api.w.org\/{rel}","templated":true}]}}