{"id":23134,"date":"2018-10-15T13:21:49","date_gmt":"2018-10-15T11:21:49","guid":{"rendered":"https:\/\/sonimat.com\/machine-de-decoupe-alimentaire-ultrason\/centre-essais\/"},"modified":"2024-11-14T15:24:01","modified_gmt":"2024-11-14T14:24:01","slug":"testzentrum","status":"publish","type":"page","link":"https:\/\/sonimat.com\/de\/schneidemaschine-fuer-lebensmittel\/testzentrum\/","title":{"rendered":"Test- und Entwicklungszentrum"},"content":{"rendered":"<div class=\"wpb-content-wrapper\"><p>[vc_row][vc_column][vc_row_inner][vc_column_inner][vc_column_text css=&#8220;&#8220;]<\/p>\n<h2><span lang=\"DE\">Test- und Entwicklungszentrum f\u00fcr Schneidetechniken im Lebensmittelbereich<\/span><\/h2>\n<p>Wir verf\u00fcgen \u00fcber umfangreiche Einrichtungen, um unsere Kunden bei ihren Projekten zu begleiten und Versuche, Machbarkeitsstudien, Planungs- und Entwicklungsarbeiten durchzuf\u00fchren.<\/p>\n<p>F\u00fcr unsere <a href=\"https:\/\/sonimat.com\/de\/schneidemaschine-fuer-lebensmittel\/produkte\/ultraschallschneider\/\">Produktlinie SONISLICE<\/a> zum Ultraschallschneiden von Lebensmitteln stehen uns folgende Mittel zur Verf\u00fcgung:<\/p>\n<ul>\n<li>Ger\u00e4tepark mit mehreren Automatisierungsstufen und verschiedenen Optionen<\/li>\n<li>Ultraschall-Schneids\u00e4ule (Servomotor)<\/li>\n<li>Eine Reihe von Sonotroden mit unterschiedlichen Profilen und Abmessungen zum Schneiden, Markieren oder Pr\u00e4gen<\/li>\n<li>Eine Reihe von Ultraschallkomponenten (Wandler, Booster, Generatoren)<\/li>\n<\/ul>\n<p>[\/vc_column_text][\/vc_column_inner][\/vc_row_inner][\/vc_column][\/vc_row][vc_row][vc_column][vc_empty_space height=&#8220;42px&#8220;][\/vc_column][\/vc_row][vc_row gap=&#8220;2&#8243; equal_height=&#8220;yes&#8220; content_placement=&#8220;middle&#8220;][vc_column width=&#8220;2\/3&#8243; css=&#8220;.vc_custom_1585599213007{background-color: #f2f2f2 !important;}&#8220;][vc_column_text css=&#8220;.vc_custom_1687444820673{padding-top: 15px !important;padding-right: 10px !important;padding-left: 10px !important;}&#8220;]Neben der Herstellung und dem Vertrieb von Standardausr\u00fcstungen begleiten wir Sie auch bei der Planung Ihrer spezifischen Projekte und unterst\u00fctzen Sie mit unserem Know-how im Bereich der Schneidverfahren und Schneidwerkzeuge f\u00fcr die Lebensmittelindustrie.<\/p>\n<p>Sie k\u00f6nnen sicher sein, dass Sie von SONIMAT ein komplettes Leistungspaket erhalten, das entscheidend zum Erfolg Ihres Projekts beitr\u00e4gt:<\/p>\n<ul>\n<li>Beratung bei der Auswahl der f\u00fcr Ihren Bedarf geeigneten Technologien und Prozesse<\/li>\n<li>Durchf\u00fchrbarkeits- und Leistungstests mit Ihren Produkten<\/li>\n<li>Pr\u00fcfung der Integrationsm\u00f6glichkeiten in bestehende Anlagen und Maschinen<\/li>\n<li>Begleitung bei der Festlegung der optimalen Parameter und Schnittbedingungen<\/li>\n<li>Entwicklung von ma\u00dfgeschneiderten Spezialwerkzeugen und -klingen f\u00fcr Ihre Anwendung mittels digitaler Simulation und mithilfe unseres Konstruktionsb\u00fcros, das mechanische und verfahrenstechnische Studien durchf\u00fchrt<\/li>\n<\/ul>\n<p>[\/vc_column_text][\/vc_column][vc_column width=&#8220;1\/3&#8243; css=&#8220;.vc_custom_1585599164718{background-image: url(https:\/\/sonimat.com\/wp-content\/uploads\/sites\/9\/2019\/03\/tranchage-ultrasons-alimentaire.jpg?id=15055) !important;background-position: center !important;background-repeat: no-repeat !important;background-size: cover !important;}&#8220;][\/vc_column][\/vc_row][vc_row][vc_column width=&#8220;3\/4&#8243;][vc_column_text css=&#8220;&#8220;]<strong>W\u00fcnschen Sie Unterst\u00fctzung oder Beratung \u00fcber Ultraschallverfahren zum Schneiden von Lebensmitteln oder m\u00f6chten Sie einfach den Erfolg Ihres Projekts sicherstellen?<\/strong>[\/vc_column_text][\/vc_column][vc_column width=&#8220;1\/4&#8243;][vc_btn title=&#8220;Downloaden !&#8220; style=&#8220;custom&#8220; custom_background=&#8220;#CD5B1B&#8220; custom_text=&#8220;#FFFFFF&#8220; align=&#8220;center&#8220; css=&#8220;&#8220; link=&#8220;url:https%3A%2F%2Fsonimat.com%2Fen%2Fdownloads%2F|target:_blank&#8220;][\/vc_column][\/vc_row]<\/p>\n<\/div>","protected":false},"excerpt":{"rendered":"<p>[vc_row][vc_column][vc_row_inner][vc_column_inner][vc_column_text css=&#8220;&#8220;] Test- und Entwicklungszentrum f\u00fcr Schneidetechniken im Lebensmittelbereich Wir verf\u00fcgen \u00fcber umfangreiche Einrichtungen, um unsere Kunden bei ihren Projekten zu begleiten und Versuche, Machbarkeitsstudien, Planungs- und Entwicklungsarbeiten durchzuf\u00fchren. F\u00fcr&hellip;<\/p>\n","protected":false},"author":1,"featured_media":23135,"parent":23125,"menu_order":0,"comment_status":"closed","ping_status":"closed","template":"","meta":{"_acf_changed":false,"footnotes":""},"class_list":["post-23134","page","type-page","status-publish","has-post-thumbnail","hentry"],"acf":[],"yoast_head":"<title>Test- und Entwicklungszentrum - SONIMAT<\/title>\n<meta name=\"robots\" content=\"index, follow, max-snippet:-1, max-image-preview:large, max-video-preview:-1\" \/>\n<link rel=\"canonical\" href=\"https:\/\/sonimat.com\/de\/schneidemaschine-fuer-lebensmittel\/testzentrum\/\" \/>\n<meta property=\"og:locale\" content=\"de_DE\" \/>\n<meta property=\"og:type\" content=\"article\" \/>\n<meta property=\"og:title\" content=\"Test- und Entwicklungszentrum - SONIMAT\" \/>\n<meta property=\"og:description\" content=\"[vc_row][vc_column][vc_row_inner][vc_column_inner][vc_column_text css=&#8220;&#8220;] Test- und Entwicklungszentrum f\u00fcr Schneidetechniken im Lebensmittelbereich Wir verf\u00fcgen \u00fcber umfangreiche Einrichtungen, um unsere Kunden bei ihren Projekten zu begleiten und Versuche, Machbarkeitsstudien, Planungs- und Entwicklungsarbeiten durchzuf\u00fchren. F\u00fcr&hellip;\" \/>\n<meta property=\"og:url\" content=\"https:\/\/sonimat.com\/de\/schneidemaschine-fuer-lebensmittel\/testzentrum\/\" \/>\n<meta property=\"og:site_name\" content=\"SONIMAT\" \/>\n<meta property=\"article:modified_time\" content=\"2024-11-14T14:24:01+00:00\" \/>\n<meta property=\"og:image\" content=\"https:\/\/sonimat.com\/wp-content\/uploads\/sites\/9\/2019\/03\/tranchage-ultrasons-agroalimentaire.jpg\" \/>\n\t<meta property=\"og:image:width\" content=\"2000\" \/>\n\t<meta property=\"og:image:height\" content=\"1000\" \/>\n\t<meta property=\"og:image:type\" content=\"image\/jpeg\" \/>\n<meta name=\"twitter:card\" content=\"summary_large_image\" \/>\n<meta name=\"twitter:site\" content=\"@EuropeTechno\" \/>\n<meta name=\"twitter:label1\" content=\"Gesch\u00e4tzte Lesezeit\" \/>\n\t<meta name=\"twitter:data1\" content=\"2\u00a0Minuten\" \/>\n<script type=\"application\/ld+json\" class=\"yoast-schema-graph\">{\"@context\":\"https:\\\/\\\/schema.org\",\"@graph\":[{\"@type\":\"WebPage\",\"@id\":\"https:\\\/\\\/sonimat.com\\\/de\\\/schneidemaschine-fuer-lebensmittel\\\/testzentrum\\\/\",\"url\":\"https:\\\/\\\/sonimat.com\\\/de\\\/schneidemaschine-fuer-lebensmittel\\\/testzentrum\\\/\",\"name\":\"Test- und Entwicklungszentrum - SONIMAT\",\"isPartOf\":{\"@id\":\"https:\\\/\\\/sonimat.com\\\/#website\"},\"primaryImageOfPage\":{\"@id\":\"https:\\\/\\\/sonimat.com\\\/de\\\/schneidemaschine-fuer-lebensmittel\\\/testzentrum\\\/#primaryimage\"},\"image\":{\"@id\":\"https:\\\/\\\/sonimat.com\\\/de\\\/schneidemaschine-fuer-lebensmittel\\\/testzentrum\\\/#primaryimage\"},\"thumbnailUrl\":\"https:\\\/\\\/sonimat.com\\\/wp-content\\\/uploads\\\/sites\\\/9\\\/2019\\\/03\\\/tranchage-ultrasons-agroalimentaire.jpg\",\"datePublished\":\"2018-10-15T11:21:49+00:00\",\"dateModified\":\"2024-11-14T14:24:01+00:00\",\"breadcrumb\":{\"@id\":\"https:\\\/\\\/sonimat.com\\\/de\\\/schneidemaschine-fuer-lebensmittel\\\/testzentrum\\\/#breadcrumb\"},\"inLanguage\":\"de\",\"potentialAction\":[{\"@type\":\"ReadAction\",\"target\":[\"https:\\\/\\\/sonimat.com\\\/de\\\/schneidemaschine-fuer-lebensmittel\\\/testzentrum\\\/\"]}]},{\"@type\":\"ImageObject\",\"inLanguage\":\"de\",\"@id\":\"https:\\\/\\\/sonimat.com\\\/de\\\/schneidemaschine-fuer-lebensmittel\\\/testzentrum\\\/#primaryimage\",\"url\":\"https:\\\/\\\/sonimat.com\\\/wp-content\\\/uploads\\\/sites\\\/9\\\/2019\\\/03\\\/tranchage-ultrasons-agroalimentaire.jpg\",\"contentUrl\":\"https:\\\/\\\/sonimat.com\\\/wp-content\\\/uploads\\\/sites\\\/9\\\/2019\\\/03\\\/tranchage-ultrasons-agroalimentaire.jpg\",\"width\":2000,\"height\":1000,\"caption\":\"tranchage ultrasons agroalimentaire - SONIMAT\"},{\"@type\":\"BreadcrumbList\",\"@id\":\"https:\\\/\\\/sonimat.com\\\/de\\\/schneidemaschine-fuer-lebensmittel\\\/testzentrum\\\/#breadcrumb\",\"itemListElement\":[{\"@type\":\"ListItem\",\"position\":1,\"name\":\"Accueil\",\"item\":\"https:\\\/\\\/sonimat.com\\\/de\\\/\"},{\"@type\":\"ListItem\",\"position\":2,\"name\":\"Lebensmittelindustrie\",\"item\":\"https:\\\/\\\/sonimat.com\\\/de\\\/schneidemaschine-fuer-lebensmittel\\\/\"},{\"@type\":\"ListItem\",\"position\":3,\"name\":\"Test- und Entwicklungszentrum\"}]},{\"@type\":\"WebSite\",\"@id\":\"https:\\\/\\\/sonimat.com\\\/#website\",\"url\":\"https:\\\/\\\/sonimat.com\\\/\",\"name\":\"SONIMAT\",\"description\":\"\",\"potentialAction\":[{\"@type\":\"SearchAction\",\"target\":{\"@type\":\"EntryPoint\",\"urlTemplate\":\"https:\\\/\\\/sonimat.com\\\/?s={search_term_string}\"},\"query-input\":{\"@type\":\"PropertyValueSpecification\",\"valueRequired\":true,\"valueName\":\"search_term_string\"}}],\"inLanguage\":\"de\"}]}<\/script>","yoast_head_json":{"title":"Test- und Entwicklungszentrum - SONIMAT","robots":{"index":"index","follow":"follow","max-snippet":"max-snippet:-1","max-image-preview":"max-image-preview:large","max-video-preview":"max-video-preview:-1"},"canonical":"https:\/\/sonimat.com\/de\/schneidemaschine-fuer-lebensmittel\/testzentrum\/","og_locale":"de_DE","og_type":"article","og_title":"Test- und Entwicklungszentrum - SONIMAT","og_description":"[vc_row][vc_column][vc_row_inner][vc_column_inner][vc_column_text css=&#8220;&#8220;] Test- und Entwicklungszentrum f\u00fcr Schneidetechniken im Lebensmittelbereich Wir verf\u00fcgen \u00fcber umfangreiche Einrichtungen, um unsere Kunden bei ihren Projekten zu begleiten und Versuche, Machbarkeitsstudien, Planungs- und Entwicklungsarbeiten durchzuf\u00fchren. F\u00fcr&hellip;","og_url":"https:\/\/sonimat.com\/de\/schneidemaschine-fuer-lebensmittel\/testzentrum\/","og_site_name":"SONIMAT","article_modified_time":"2024-11-14T14:24:01+00:00","og_image":[{"width":2000,"height":1000,"url":"https:\/\/sonimat.com\/wp-content\/uploads\/sites\/9\/2019\/03\/tranchage-ultrasons-agroalimentaire.jpg","type":"image\/jpeg"}],"twitter_card":"summary_large_image","twitter_site":"@EuropeTechno","twitter_misc":{"Gesch\u00e4tzte Lesezeit":"2\u00a0Minuten"},"schema":{"@context":"https:\/\/schema.org","@graph":[{"@type":"WebPage","@id":"https:\/\/sonimat.com\/de\/schneidemaschine-fuer-lebensmittel\/testzentrum\/","url":"https:\/\/sonimat.com\/de\/schneidemaschine-fuer-lebensmittel\/testzentrum\/","name":"Test- und Entwicklungszentrum - SONIMAT","isPartOf":{"@id":"https:\/\/sonimat.com\/#website"},"primaryImageOfPage":{"@id":"https:\/\/sonimat.com\/de\/schneidemaschine-fuer-lebensmittel\/testzentrum\/#primaryimage"},"image":{"@id":"https:\/\/sonimat.com\/de\/schneidemaschine-fuer-lebensmittel\/testzentrum\/#primaryimage"},"thumbnailUrl":"https:\/\/sonimat.com\/wp-content\/uploads\/sites\/9\/2019\/03\/tranchage-ultrasons-agroalimentaire.jpg","datePublished":"2018-10-15T11:21:49+00:00","dateModified":"2024-11-14T14:24:01+00:00","breadcrumb":{"@id":"https:\/\/sonimat.com\/de\/schneidemaschine-fuer-lebensmittel\/testzentrum\/#breadcrumb"},"inLanguage":"de","potentialAction":[{"@type":"ReadAction","target":["https:\/\/sonimat.com\/de\/schneidemaschine-fuer-lebensmittel\/testzentrum\/"]}]},{"@type":"ImageObject","inLanguage":"de","@id":"https:\/\/sonimat.com\/de\/schneidemaschine-fuer-lebensmittel\/testzentrum\/#primaryimage","url":"https:\/\/sonimat.com\/wp-content\/uploads\/sites\/9\/2019\/03\/tranchage-ultrasons-agroalimentaire.jpg","contentUrl":"https:\/\/sonimat.com\/wp-content\/uploads\/sites\/9\/2019\/03\/tranchage-ultrasons-agroalimentaire.jpg","width":2000,"height":1000,"caption":"tranchage ultrasons agroalimentaire - SONIMAT"},{"@type":"BreadcrumbList","@id":"https:\/\/sonimat.com\/de\/schneidemaschine-fuer-lebensmittel\/testzentrum\/#breadcrumb","itemListElement":[{"@type":"ListItem","position":1,"name":"Accueil","item":"https:\/\/sonimat.com\/de\/"},{"@type":"ListItem","position":2,"name":"Lebensmittelindustrie","item":"https:\/\/sonimat.com\/de\/schneidemaschine-fuer-lebensmittel\/"},{"@type":"ListItem","position":3,"name":"Test- und Entwicklungszentrum"}]},{"@type":"WebSite","@id":"https:\/\/sonimat.com\/#website","url":"https:\/\/sonimat.com\/","name":"SONIMAT","description":"","potentialAction":[{"@type":"SearchAction","target":{"@type":"EntryPoint","urlTemplate":"https:\/\/sonimat.com\/?s={search_term_string}"},"query-input":{"@type":"PropertyValueSpecification","valueRequired":true,"valueName":"search_term_string"}}],"inLanguage":"de"}]}},"_links":{"self":[{"href":"https:\/\/sonimat.com\/de\/wp-json\/wp\/v2\/pages\/23134","targetHints":{"allow":["GET"]}}],"collection":[{"href":"https:\/\/sonimat.com\/de\/wp-json\/wp\/v2\/pages"}],"about":[{"href":"https:\/\/sonimat.com\/de\/wp-json\/wp\/v2\/types\/page"}],"author":[{"embeddable":true,"href":"https:\/\/sonimat.com\/de\/wp-json\/wp\/v2\/users\/1"}],"replies":[{"embeddable":true,"href":"https:\/\/sonimat.com\/de\/wp-json\/wp\/v2\/comments?post=23134"}],"version-history":[{"count":3,"href":"https:\/\/sonimat.com\/de\/wp-json\/wp\/v2\/pages\/23134\/revisions"}],"predecessor-version":[{"id":29895,"href":"https:\/\/sonimat.com\/de\/wp-json\/wp\/v2\/pages\/23134\/revisions\/29895"}],"up":[{"embeddable":true,"href":"https:\/\/sonimat.com\/de\/wp-json\/wp\/v2\/pages\/23125"}],"wp:featuredmedia":[{"embeddable":true,"href":"https:\/\/sonimat.com\/de\/wp-json\/wp\/v2\/media\/23135"}],"wp:attachment":[{"href":"https:\/\/sonimat.com\/de\/wp-json\/wp\/v2\/media?parent=23134"}],"curies":[{"name":"wp","href":"https:\/\/api.w.org\/{rel}","templated":true}]}}