{"id":23123,"date":"2018-10-15T13:36:32","date_gmt":"2018-10-15T11:36:32","guid":{"rendered":"https:\/\/sonimat.com\/soudure-et-decoupe-textile\/"},"modified":"2024-11-13T15:03:30","modified_gmt":"2024-11-13T14:03:30","slug":"textilien-schweissen-schneiden","status":"publish","type":"page","link":"https:\/\/sonimat.com\/de\/textilien-schweissen-schneiden\/","title":{"rendered":"Textilien"},"content":{"rendered":"<div class=\"wpb-content-wrapper\"><p>[vc_row][vc_column][rev_slider_vc alias=&#8220;textile-de&#8220;][\/vc_column][\/vc_row][vc_section full_width=&#8220;stretch_row&#8220; el_id=&#8220;below-slider&#8220;][vc_row][vc_column][vc_empty_space height=&#8220;64px&#8220;][vc_row_inner][vc_column_inner][vc_column_text css=&#8220;&#8220;]<\/p>\n<h2>Schwei\u00dfen und Schneiden von gewebt und vliesstoff Textilien<\/h2>\n<p>Unsere Ultraschallger\u00e4te eignen sich zum Schneiden, Schwei\u00dfen und Kauterisieren von Textilien.<\/p>\n<p>F\u00fcr Ihre gewebten Produkte (Gurte, Hosentr\u00e4ger, Armb\u00e4nder, G\u00fcrtel usw.) und Vliesstoffe (Windeln, T\u00fccher, Masken usw.) bieten wir Ihnen intermittierende L\u00f6sungen oder Durchlaufverfahren mit hoher Geschwindigkeit von bis zu 400 m\/min an.<\/p>\n<p>Gest\u00fctzt auf unsere Erfahrung und ein umfassendes Know-how entwickeln wir schl\u00fcsselfertige Ausr\u00fcstungen: Module, die in Ihre vorhandenen Anlagen integriert werden k\u00f6nnen, manuelle Standardpressen oder vollst\u00e4ndig personalisierbare Sondermaschinen.[\/vc_column_text][\/vc_column_inner][\/vc_row_inner][vc_row_inner][vc_column_inner width=&#8220;3\/4&#8243;][vc_column_text css=&#8220;&#8220;]<strong>Entdecken Sie die Anwendungsm\u00f6glichkeiten und die Vorteile der Ultraschalltechnologie bei der Versiegelung von Verpackungen.<\/strong>[\/vc_column_text][\/vc_column_inner][vc_column_inner width=&#8220;1\/4&#8243;][vc_btn title=&#8220;Lesen Sie mehr&#8220; style=&#8220;custom&#8220; custom_background=&#8220;#CD5B1B&#8220; custom_text=&#8220;#FFFFFF&#8220; align=&#8220;center&#8220; i_icon_fontawesome=&#8220;fas fa-info&#8220; css=&#8220;&#8220; add_icon=&#8220;true&#8220; link=&#8220;url:https%3A%2F%2Fsonimat.com%2Fde%2Ftextilien-schweissen-schneiden%2Ftechnologie%2Fultraschallschweissen-textilien%2F|target:_blank&#8220;][\/vc_column_inner][\/vc_row_inner][vc_column_text]<\/p>\n<h2><span lang=\"DE\">Unsere L\u00f6sungen zum Schwei\u00dfen und Schneiden von Textilien mit Ultraschall<\/span><\/h2>\n<p>[\/vc_column_text][vc_row_inner content_placement=&#8220;middle&#8220;][vc_column_inner width=&#8220;1\/3&#8243;][vc_column_text]SONIMAT bietet seinen Kunden aus der Textilindustrie L\u00f6sungen an, die auf ihre Anforderungen und Produkte abgestimmt sind:<\/p>\n<ol>\n<li>Integrierbares Ultraschallschwei\u00dfmodul SONIROLL<\/li>\n<li>Anfertigung von Sondermaschinen, die unsere Ultraschallschneide- und Schwei\u00dfverfahren unterst\u00fctzen<\/li>\n<\/ol>\n<p>[\/vc_column_text][\/vc_column_inner][vc_column_inner width=&#8220;1\/3&#8243;][vc_single_image image=&#8220;30977&#8243; img_size=&#8220;full&#8220; onclick=&#8220;custom_link&#8220; css=&#8220;&#8220; image_hover=&#8220;&#8220; link=&#8220;https:\/\/sonimat.com\/de\/textilien-schweissen-schneiden\/produkte\/vliesstoffen-verschweissen\/&#8220;][\/vc_column_inner][vc_column_inner width=&#8220;1\/3&#8243;][vc_single_image image=&#8220;30462&#8243; img_size=&#8220;full&#8220; onclick=&#8220;custom_link&#8220; css=&#8220;&#8220; image_hover=&#8220;&#8220; link=&#8220;https:\/\/sonimat.com\/soudure-et-decoupe-textile\/produits\/machine-de-soudure-textile\/&#8220;][\/vc_column_inner][\/vc_row_inner][\/vc_column][\/vc_row][vc_row][vc_column][vc_separator][vc_column_text]<\/p>\n<h2><span lang=\"DE\">Diese Unternehmen vertrauen uns<\/span><\/h2>\n<p>[\/vc_column_text]<div id=\"ult-carousel-30666872736a047940677d5\" class=\"ult-carousel-wrapper   ult_horizontal\" data-gutter=\"15\" data-rtl=\"false\" ><div class=\"ult-carousel-6533262796a047940676b5 \" >[vc_single_image image=&#8220;20567&#8243; img_size=&#8220;full&#8220; alignment=&#8220;center&#8220;][vc_single_image image=&#8220;20566&#8243; img_size=&#8220;full&#8220; alignment=&#8220;center&#8220;][vc_single_image image=&#8220;20565&#8243; img_size=&#8220;full&#8220; alignment=&#8220;center&#8220;][vc_single_image image=&#8220;20564&#8243; img_size=&#8220;full&#8220; alignment=&#8220;center&#8220;][vc_single_image image=&#8220;20563&#8243; img_size=&#8220;full&#8220; alignment=&#8220;center&#8220;][vc_single_image image=&#8220;20568&#8243; img_size=&#8220;full&#8220; alignment=&#8220;center&#8220;]<\/div><\/div>\t\t\t<script type=\"text\/javascript\">\n\t\t\t\tjQuery(document).ready(function ($) {\n\t\t\t\t\tif( typeof jQuery('.ult-carousel-6533262796a047940676b5').slick == \"function\"){\n\t\t\t\t\t\t$('.ult-carousel-6533262796a047940676b5').slick({dots: false,autoplay: true,autoplaySpeed: \"1000\",speed: \"300\",infinite: true,arrows: false,slidesToScroll:1,slidesToShow:5,swipe: true,draggable: true,touchMove: true,pauseOnHover: true,pauseOnFocus: false,responsive: [\n\t\t\t\t\t\t\t{\n\t\t\t\t\t\t\t  breakpoint: 1026,\n\t\t\t\t\t\t\t  settings: {\n\t\t\t\t\t\t\t\tslidesToShow: 5,\n\t\t\t\t\t\t\t\tslidesToScroll: 1,  \n\t\t\t\t\t\t\t  }\n\t\t\t\t\t\t\t},\n\t\t\t\t\t\t\t{\n\t\t\t\t\t\t\t  breakpoint: 1025,\n\t\t\t\t\t\t\t  settings: {\n\t\t\t\t\t\t\t\tslidesToShow: 3,\n\t\t\t\t\t\t\t\tslidesToScroll: 1\n\t\t\t\t\t\t\t  }\n\t\t\t\t\t\t\t},\n\t\t\t\t\t\t\t{\n\t\t\t\t\t\t\t  breakpoint: 760,\n\t\t\t\t\t\t\t  settings: {\n\t\t\t\t\t\t\t\tslidesToShow: 2,\n\t\t\t\t\t\t\t\tslidesToScroll: 1\n\t\t\t\t\t\t\t  }\n\t\t\t\t\t\t\t}\n\t\t\t\t\t\t],pauseOnDotsHover: true,customPaging: function(slider, i) {\n                   return '<i type=\"button\" style= \"color:#333333;\" class=\"ultsl-record\" data-role=\"none\"><\/i>';\n                },});\n\t\t\t\t\t}\n\t\t\t\t});\n\t\t\t<\/script>\n\t\t\t[vc_empty_space][vc_column_text]<\/p>\n<h3>DIE VORTEILE DER ULTRASCHALLTECHNOLOGIE BEIM SCHWEI\u1e9eEN UND SCHNEIDEN VON TEXTILIEN<\/h3>\n<ol>\n<li>Hohe Pr\u00e4zision und Schwei\u00df-\/Schnittqualit\u00e4t<\/li>\n<li>Sauberes, bindemittelfreies Verfahren: optimale Hygiene<\/li>\n<li>Intermittierendes oder kontinuierliches gleichzeitiges Schneiden und Schwei\u00dfen m\u00f6glich<\/li>\n<li>Keine Verwendung von Verbrauchsmaterialien, Haft- und Klebstoffen<\/li>\n<li>Keine Aufw\u00e4rmzeit (im Unterschied zum Schwei\u00dfen mit Klebstoff)<\/li>\n<li>Einfache Instandhaltung<\/li>\n<li>Keine Besch\u00e4digung \/ Verbrennung des Materials<\/li>\n<li>Kein direkter mechanischer Kontakt zwischen dem vibrierenden Element und Rad \/ Amboss beim Schwei\u00dfen (kein Werkzeugverschlei\u00df)<\/li>\n<li>Verschiedene Schwei\u00dfmuster m\u00f6glich<\/li>\n<\/ol>\n<p>[\/vc_column_text][vc_empty_space][\/vc_column][\/vc_row][\/vc_section]<\/p>\n<\/div>","protected":false},"excerpt":{"rendered":"<p>[vc_row][vc_column][rev_slider_vc alias=&#8220;textile-de&#8220;][\/vc_column][\/vc_row][vc_section full_width=&#8220;stretch_row&#8220; el_id=&#8220;below-slider&#8220;][vc_row][vc_column][vc_empty_space height=&#8220;64px&#8220;][vc_row_inner][vc_column_inner][vc_column_text css=&#8220;&#8220;] Schwei\u00dfen und Schneiden von gewebt und vliesstoff Textilien Unsere Ultraschallger\u00e4te eignen sich zum Schneiden, Schwei\u00dfen und Kauterisieren von Textilien. F\u00fcr Ihre gewebten Produkte (Gurte,&hellip;<\/p>\n","protected":false},"author":1,"featured_media":0,"parent":0,"menu_order":5,"comment_status":"closed","ping_status":"closed","template":"page-avec-slider.php","meta":{"_acf_changed":false,"footnotes":""},"class_list":["post-23123","page","type-page","status-publish","hentry"],"acf":[],"yoast_head":"<title>Gewebt und vliesstoff Textilien - Schweissen und Schneiden | SONIMAT<\/title>\n<meta name=\"description\" content=\"SONIMAT entwickelt und produziert L\u00f6sungen mit Ultraschalltechnologie zum Schwei\u00dfen und Schneiden von Textilien f\u00fcr gewebte Materialien und Vliesstoffe.\" \/>\n<meta name=\"robots\" content=\"index, follow, max-snippet:-1, max-image-preview:large, max-video-preview:-1\" \/>\n<link rel=\"canonical\" href=\"https:\/\/sonimat.com\/de\/textilien-schweissen-schneiden\/\" \/>\n<meta property=\"og:locale\" content=\"de_DE\" \/>\n<meta property=\"og:type\" content=\"article\" \/>\n<meta property=\"og:title\" content=\"Gewebt und vliesstoff Textilien - Schweissen und Schneiden | SONIMAT\" \/>\n<meta property=\"og:description\" content=\"SONIMAT entwickelt und produziert L\u00f6sungen mit Ultraschalltechnologie zum Schwei\u00dfen und Schneiden von Textilien f\u00fcr gewebte Materialien und Vliesstoffe.\" \/>\n<meta property=\"og:url\" content=\"https:\/\/sonimat.com\/de\/textilien-schweissen-schneiden\/\" \/>\n<meta property=\"og:site_name\" content=\"SONIMAT\" \/>\n<meta property=\"article:modified_time\" content=\"2024-11-13T14:03:30+00:00\" \/>\n<meta name=\"twitter:card\" content=\"summary_large_image\" \/>\n<meta name=\"twitter:site\" content=\"@EuropeTechno\" \/>\n<meta name=\"twitter:label1\" content=\"Gesch\u00e4tzte Lesezeit\" \/>\n\t<meta name=\"twitter:data1\" content=\"3\u00a0Minuten\" \/>\n<script type=\"application\/ld+json\" class=\"yoast-schema-graph\">{\"@context\":\"https:\\\/\\\/schema.org\",\"@graph\":[{\"@type\":\"WebPage\",\"@id\":\"https:\\\/\\\/sonimat.com\\\/de\\\/textilien-schweissen-schneiden\\\/\",\"url\":\"https:\\\/\\\/sonimat.com\\\/de\\\/textilien-schweissen-schneiden\\\/\",\"name\":\"Gewebt und vliesstoff Textilien - Schweissen und Schneiden | SONIMAT\",\"isPartOf\":{\"@id\":\"https:\\\/\\\/sonimat.com\\\/#website\"},\"datePublished\":\"2018-10-15T11:36:32+00:00\",\"dateModified\":\"2024-11-13T14:03:30+00:00\",\"description\":\"SONIMAT entwickelt und produziert L\u00f6sungen mit Ultraschalltechnologie zum Schwei\u00dfen und Schneiden von Textilien f\u00fcr gewebte Materialien und Vliesstoffe.\",\"breadcrumb\":{\"@id\":\"https:\\\/\\\/sonimat.com\\\/de\\\/textilien-schweissen-schneiden\\\/#breadcrumb\"},\"inLanguage\":\"de\",\"potentialAction\":[{\"@type\":\"ReadAction\",\"target\":[\"https:\\\/\\\/sonimat.com\\\/de\\\/textilien-schweissen-schneiden\\\/\"]}]},{\"@type\":\"BreadcrumbList\",\"@id\":\"https:\\\/\\\/sonimat.com\\\/de\\\/textilien-schweissen-schneiden\\\/#breadcrumb\",\"itemListElement\":[{\"@type\":\"ListItem\",\"position\":1,\"name\":\"Accueil\",\"item\":\"https:\\\/\\\/sonimat.com\\\/de\\\/\"},{\"@type\":\"ListItem\",\"position\":2,\"name\":\"Textilien\"}]},{\"@type\":\"WebSite\",\"@id\":\"https:\\\/\\\/sonimat.com\\\/#website\",\"url\":\"https:\\\/\\\/sonimat.com\\\/\",\"name\":\"SONIMAT\",\"description\":\"\",\"potentialAction\":[{\"@type\":\"SearchAction\",\"target\":{\"@type\":\"EntryPoint\",\"urlTemplate\":\"https:\\\/\\\/sonimat.com\\\/?s={search_term_string}\"},\"query-input\":{\"@type\":\"PropertyValueSpecification\",\"valueRequired\":true,\"valueName\":\"search_term_string\"}}],\"inLanguage\":\"de\"}]}<\/script>","yoast_head_json":{"title":"Gewebt und vliesstoff Textilien - Schweissen und Schneiden | SONIMAT","description":"SONIMAT entwickelt und produziert L\u00f6sungen mit Ultraschalltechnologie zum Schwei\u00dfen und Schneiden von Textilien f\u00fcr gewebte Materialien und Vliesstoffe.","robots":{"index":"index","follow":"follow","max-snippet":"max-snippet:-1","max-image-preview":"max-image-preview:large","max-video-preview":"max-video-preview:-1"},"canonical":"https:\/\/sonimat.com\/de\/textilien-schweissen-schneiden\/","og_locale":"de_DE","og_type":"article","og_title":"Gewebt und vliesstoff Textilien - Schweissen und Schneiden | SONIMAT","og_description":"SONIMAT entwickelt und produziert L\u00f6sungen mit Ultraschalltechnologie zum Schwei\u00dfen und Schneiden von Textilien f\u00fcr gewebte Materialien und Vliesstoffe.","og_url":"https:\/\/sonimat.com\/de\/textilien-schweissen-schneiden\/","og_site_name":"SONIMAT","article_modified_time":"2024-11-13T14:03:30+00:00","twitter_card":"summary_large_image","twitter_site":"@EuropeTechno","twitter_misc":{"Gesch\u00e4tzte Lesezeit":"3\u00a0Minuten"},"schema":{"@context":"https:\/\/schema.org","@graph":[{"@type":"WebPage","@id":"https:\/\/sonimat.com\/de\/textilien-schweissen-schneiden\/","url":"https:\/\/sonimat.com\/de\/textilien-schweissen-schneiden\/","name":"Gewebt und vliesstoff Textilien - Schweissen und Schneiden | SONIMAT","isPartOf":{"@id":"https:\/\/sonimat.com\/#website"},"datePublished":"2018-10-15T11:36:32+00:00","dateModified":"2024-11-13T14:03:30+00:00","description":"SONIMAT entwickelt und produziert L\u00f6sungen mit Ultraschalltechnologie zum Schwei\u00dfen und Schneiden von Textilien f\u00fcr gewebte Materialien und Vliesstoffe.","breadcrumb":{"@id":"https:\/\/sonimat.com\/de\/textilien-schweissen-schneiden\/#breadcrumb"},"inLanguage":"de","potentialAction":[{"@type":"ReadAction","target":["https:\/\/sonimat.com\/de\/textilien-schweissen-schneiden\/"]}]},{"@type":"BreadcrumbList","@id":"https:\/\/sonimat.com\/de\/textilien-schweissen-schneiden\/#breadcrumb","itemListElement":[{"@type":"ListItem","position":1,"name":"Accueil","item":"https:\/\/sonimat.com\/de\/"},{"@type":"ListItem","position":2,"name":"Textilien"}]},{"@type":"WebSite","@id":"https:\/\/sonimat.com\/#website","url":"https:\/\/sonimat.com\/","name":"SONIMAT","description":"","potentialAction":[{"@type":"SearchAction","target":{"@type":"EntryPoint","urlTemplate":"https:\/\/sonimat.com\/?s={search_term_string}"},"query-input":{"@type":"PropertyValueSpecification","valueRequired":true,"valueName":"search_term_string"}}],"inLanguage":"de"}]}},"_links":{"self":[{"href":"https:\/\/sonimat.com\/de\/wp-json\/wp\/v2\/pages\/23123","targetHints":{"allow":["GET"]}}],"collection":[{"href":"https:\/\/sonimat.com\/de\/wp-json\/wp\/v2\/pages"}],"about":[{"href":"https:\/\/sonimat.com\/de\/wp-json\/wp\/v2\/types\/page"}],"author":[{"embeddable":true,"href":"https:\/\/sonimat.com\/de\/wp-json\/wp\/v2\/users\/1"}],"replies":[{"embeddable":true,"href":"https:\/\/sonimat.com\/de\/wp-json\/wp\/v2\/comments?post=23123"}],"version-history":[{"count":6,"href":"https:\/\/sonimat.com\/de\/wp-json\/wp\/v2\/pages\/23123\/revisions"}],"predecessor-version":[{"id":30010,"href":"https:\/\/sonimat.com\/de\/wp-json\/wp\/v2\/pages\/23123\/revisions\/30010"}],"wp:attachment":[{"href":"https:\/\/sonimat.com\/de\/wp-json\/wp\/v2\/media?parent=23123"}],"curies":[{"name":"wp","href":"https:\/\/api.w.org\/{rel}","templated":true}]}}