{"id":23099,"date":"2018-10-15T13:43:36","date_gmt":"2018-10-15T11:43:36","guid":{"rendered":"https:\/\/sonimat.com\/composites\/"},"modified":"2024-11-13T14:54:21","modified_gmt":"2024-11-13T13:54:21","slug":"bearbeitung-von-verbundwerkstoffen","status":"publish","type":"page","link":"https:\/\/sonimat.com\/de\/bearbeitung-von-verbundwerkstoffen\/","title":{"rendered":"Verbundwerkstoff"},"content":{"rendered":"<div class=\"wpb-content-wrapper\"><p>[vc_row][vc_column][rev_slider_vc alias=&#8220;composite&#8220;][\/vc_column][\/vc_row][vc_section full_width=&#8220;stretch_row&#8220; el_id=&#8220;below-slider&#8220;][vc_row][vc_column][vc_column_text]<\/p>\n<h2><span lang=\"DE\">Bearbeitung von Verbundswerkstoffen &#8211; Schweissen und Schneiden<\/span><\/h2>\n<p>[\/vc_column_text][\/vc_column][\/vc_row][\/vc_section][vc_row][vc_column][vc_row_inner][vc_column_inner width=&#8220;1\/2&#8243;][vc_column_text css=&#8220;&#8220;]Als Vorreiter auf dem Verbundwerkstoffmarkt bietet SONIMAT L\u00f6sungen f\u00fcr das Ultraschallschneiden und Ultraschallschwei\u00dfen von Verbundwerkstoffen mit verschiedenen Verfahren an, die zahlreiche Vorteile bieten:<\/p>\n<ul>\n<li>Bindung zwischen Fasern und Harz<\/li>\n<li>Keine Trennung der Schichten, kein Abbl\u00e4ttern<\/li>\n<li>Keine thermischen Sch\u00e4den<\/li>\n<li>L\u00e4ngere Lebensdauer der Werkzeuge<\/li>\n<\/ul>\n<p>[\/vc_column_text][\/vc_column_inner][vc_column_inner width=&#8220;1\/2&#8243;][vc_video link=&#8220;https:\/\/youtu.be\/Y_wHzIIlp6w?t=8&#8243; align=&#8220;center&#8220;][\/vc_column_inner][\/vc_row_inner][vc_column_text]<\/p>\n<h2><span lang=\"DE\">Unsere L\u00f6sungen zum Bearbeitung von Verbundwerkstoffen<\/span><\/h2>\n<p>[\/vc_column_text][vc_row_inner content_placement=&#8220;middle&#8220;][vc_column_inner width=&#8220;1\/3&#8243;][vc_single_image image=&#8220;30433&#8243; img_size=&#8220;full&#8220; alignment=&#8220;center&#8220; onclick=&#8220;custom_link&#8220; css=&#8220;&#8220; image_hover=&#8220;&#8220; image_hover_src=&#8220;30436&#8243; link=&#8220;https:\/\/sonimat.com\/de\/bearbeitung-von-verbundwerkstoffen\/produits\/ultraschallmesser-ultraschallschweissgeraet\/&#8220;][\/vc_column_inner][vc_column_inner width=&#8220;1\/3&#8243;][vc_single_image image=&#8220;30439&#8243; img_size=&#8220;full&#8220; alignment=&#8220;center&#8220; onclick=&#8220;custom_link&#8220; css=&#8220;&#8220; image_hover=&#8220;&#8220; image_hover_src=&#8220;30442&#8243; link=&#8220;https:\/\/sonimat.com\/de\/bearbeitung-von-verbundwerkstoffen\/produits\/ultraschallbearbeitung\/&#8220;][\/vc_column_inner][vc_column_inner width=&#8220;1\/3&#8243;][vc_single_image image=&#8220;30457&#8243; img_size=&#8220;full&#8220; alignment=&#8220;center&#8220; onclick=&#8220;custom_link&#8220; css=&#8220;&#8220; image_hover=&#8220;&#8220; image_hover_src=&#8220;30454&#8243; link=&#8220;https:\/\/sonimat.com\/de\/bearbeitung-von-verbundwerkstoffen\/produits\/sondermaschine-verbundwerkstoffen\/&#8220;][\/vc_column_inner][\/vc_row_inner][\/vc_column][\/vc_row][vc_row][vc_column][vc_separator][vc_column_text]<\/p>\n<h2>Diese Unternehmen vertrauen uns<\/h2>\n<p>[\/vc_column_text]<div id=\"ult-carousel-294525746369d76a3f3b45f\" class=\"ult-carousel-wrapper   ult_horizontal\" data-gutter=\"15\" data-rtl=\"false\" ><div class=\"ult-carousel-69248534769d76a3f3b381 \" >[vc_single_image image=&#8220;20514&#8243; img_size=&#8220;full&#8220;][vc_single_image image=&#8220;20515&#8243; img_size=&#8220;full&#8220;][vc_single_image image=&#8220;20520&#8243; img_size=&#8220;full&#8220;][vc_single_image image=&#8220;20516&#8243; img_size=&#8220;full&#8220;][vc_single_image image=&#8220;20519&#8243; img_size=&#8220;full&#8220;][vc_single_image image=&#8220;20521&#8243; img_size=&#8220;full&#8220;][vc_single_image image=&#8220;20522&#8243; img_size=&#8220;full&#8220;][vc_single_image image=&#8220;20518&#8243; img_size=&#8220;full&#8220;][vc_single_image image=&#8220;20517&#8243; img_size=&#8220;full&#8220;][vc_single_image image=&#8220;20523&#8243; img_size=&#8220;full&#8220;][vc_single_image image=&#8220;20525&#8243; img_size=&#8220;full&#8220;][vc_single_image image=&#8220;20526&#8243; img_size=&#8220;full&#8220;][vc_single_image image=&#8220;20528&#8243; img_size=&#8220;full&#8220;][vc_single_image image=&#8220;20535&#8243; img_size=&#8220;full&#8220;][vc_single_image image=&#8220;20546&#8243; img_size=&#8220;full&#8220;][vc_single_image image=&#8220;20524&#8243; img_size=&#8220;full&#8220;][vc_single_image image=&#8220;20541&#8243; img_size=&#8220;full&#8220;][vc_single_image image=&#8220;20548&#8243; img_size=&#8220;full&#8220;][vc_single_image image=&#8220;20527&#8243; img_size=&#8220;full&#8220;][vc_single_image image=&#8220;20544&#8243; img_size=&#8220;full&#8220;][vc_single_image image=&#8220;20542&#8243; img_size=&#8220;full&#8220;][vc_single_image image=&#8220;20538&#8243; img_size=&#8220;full&#8220;][vc_single_image image=&#8220;20543&#8243; img_size=&#8220;full&#8220;][vc_single_image image=&#8220;20545&#8243; img_size=&#8220;full&#8220;][vc_single_image image=&#8220;20536&#8243; img_size=&#8220;full&#8220;][vc_single_image image=&#8220;20537&#8243; img_size=&#8220;full&#8220;][vc_single_image image=&#8220;20539&#8243; img_size=&#8220;full&#8220;][vc_single_image image=&#8220;20540&#8243; img_size=&#8220;full&#8220;][vc_single_image image=&#8220;20547&#8243; img_size=&#8220;full&#8220;]<\/div><\/div>\t\t\t<script type=\"text\/javascript\">\n\t\t\t\tjQuery(document).ready(function ($) {\n\t\t\t\t\tif( typeof jQuery('.ult-carousel-69248534769d76a3f3b381').slick == \"function\"){\n\t\t\t\t\t\t$('.ult-carousel-69248534769d76a3f3b381').slick({dots: false,autoplay: true,autoplaySpeed: \"1000\",speed: \"300\",infinite: true,arrows: false,slidesToScroll:1,slidesToShow:8,swipe: true,draggable: true,touchMove: true,pauseOnHover: true,pauseOnFocus: false,responsive: [\n\t\t\t\t\t\t\t{\n\t\t\t\t\t\t\t  breakpoint: 1026,\n\t\t\t\t\t\t\t  settings: {\n\t\t\t\t\t\t\t\tslidesToShow: 8,\n\t\t\t\t\t\t\t\tslidesToScroll: 1,  \n\t\t\t\t\t\t\t  }\n\t\t\t\t\t\t\t},\n\t\t\t\t\t\t\t{\n\t\t\t\t\t\t\t  breakpoint: 1025,\n\t\t\t\t\t\t\t  settings: {\n\t\t\t\t\t\t\t\tslidesToShow: 3,\n\t\t\t\t\t\t\t\tslidesToScroll: 1\n\t\t\t\t\t\t\t  }\n\t\t\t\t\t\t\t},\n\t\t\t\t\t\t\t{\n\t\t\t\t\t\t\t  breakpoint: 760,\n\t\t\t\t\t\t\t  settings: {\n\t\t\t\t\t\t\t\tslidesToShow: 2,\n\t\t\t\t\t\t\t\tslidesToScroll: 1\n\t\t\t\t\t\t\t  }\n\t\t\t\t\t\t\t}\n\t\t\t\t\t\t],pauseOnDotsHover: true,customPaging: function(slider, i) {\n                   return '<i type=\"button\" style= \"color:#333333;\" class=\"ultsl-record\" data-role=\"none\"><\/i>';\n                },});\n\t\t\t\t\t}\n\t\t\t\t});\n\t\t\t<\/script>\n\t\t\t[\/vc_column][vc_column][\/vc_column][\/vc_row][vc_row][vc_column][vc_empty_space][\/vc_column][\/vc_row]<\/p>\n<\/div>","protected":false},"excerpt":{"rendered":"<p>[vc_row][vc_column][rev_slider_vc alias=&#8220;composite&#8220;][\/vc_column][\/vc_row][vc_section full_width=&#8220;stretch_row&#8220; el_id=&#8220;below-slider&#8220;][vc_row][vc_column][vc_column_text] Bearbeitung von Verbundswerkstoffen &#8211; Schweissen und Schneiden [\/vc_column_text][\/vc_column][\/vc_row][\/vc_section][vc_row][vc_column][vc_row_inner][vc_column_inner width=&#8220;1\/2&#8243;][vc_column_text css=&#8220;&#8220;]Als Vorreiter auf dem Verbundwerkstoffmarkt bietet SONIMAT L\u00f6sungen f\u00fcr das Ultraschallschneiden und Ultraschallschwei\u00dfen von Verbundwerkstoffen mit verschiedenen&hellip;<\/p>\n","protected":false},"author":1,"featured_media":20557,"parent":0,"menu_order":2,"comment_status":"closed","ping_status":"closed","template":"page-avec-slider.php","meta":{"_acf_changed":false,"footnotes":""},"class_list":["post-23099","page","type-page","status-publish","has-post-thumbnail","hentry"],"acf":[],"yoast_head":"<title>Bearbeitung von Verbundwerkstoffen mit Ultraschall | SONIMAT<\/title>\n<meta name=\"description\" content=\"SONIMAT bietet L\u00f6sungen f\u00fcr die Bearbeitung von Verbundwerkstoffen (wabenmaterialen, karbon, glafaser...) beim schneiden oder schweissen mit Ultraschall.\" \/>\n<meta name=\"robots\" content=\"index, follow, max-snippet:-1, max-image-preview:large, max-video-preview:-1\" \/>\n<link rel=\"canonical\" href=\"https:\/\/sonimat.com\/composites\/\" \/>\n<meta property=\"og:locale\" content=\"de_DE\" \/>\n<meta property=\"og:type\" content=\"article\" \/>\n<meta property=\"og:title\" content=\"Bearbeitung von Verbundwerkstoffen mit Ultraschall | SONIMAT\" \/>\n<meta property=\"og:description\" content=\"SONIMAT bietet L\u00f6sungen f\u00fcr die Bearbeitung von Verbundwerkstoffen (wabenmaterialen, karbon, glafaser...) beim schneiden oder schweissen mit Ultraschall.\" \/>\n<meta property=\"og:url\" content=\"https:\/\/sonimat.com\/composites\/\" \/>\n<meta property=\"og:site_name\" content=\"SONIMAT\" \/>\n<meta property=\"article:modified_time\" content=\"2024-11-13T13:54:21+00:00\" \/>\n<meta property=\"og:image\" content=\"https:\/\/sonimat.com\/wp-content\/uploads\/sites\/9\/2018\/10\/COMPOSITE.jpg\" \/>\n\t<meta property=\"og:image:width\" content=\"2000\" \/>\n\t<meta property=\"og:image:height\" content=\"1250\" \/>\n\t<meta property=\"og:image:type\" content=\"image\/jpeg\" \/>\n<meta name=\"twitter:card\" content=\"summary_large_image\" \/>\n<meta name=\"twitter:site\" content=\"@EuropeTechno\" \/>\n<meta name=\"twitter:label1\" content=\"Gesch\u00e4tzte Lesezeit\" \/>\n\t<meta name=\"twitter:data1\" content=\"3\u00a0Minuten\" \/>\n<script type=\"application\/ld+json\" class=\"yoast-schema-graph\">{\"@context\":\"https:\\\/\\\/schema.org\",\"@graph\":[{\"@type\":\"WebPage\",\"@id\":\"https:\\\/\\\/sonimat.com\\\/composites\\\/\",\"url\":\"https:\\\/\\\/sonimat.com\\\/composites\\\/\",\"name\":\"Bearbeitung von Verbundwerkstoffen mit Ultraschall | SONIMAT\",\"isPartOf\":{\"@id\":\"https:\\\/\\\/sonimat.com\\\/#website\"},\"primaryImageOfPage\":{\"@id\":\"https:\\\/\\\/sonimat.com\\\/composites\\\/#primaryimage\"},\"image\":{\"@id\":\"https:\\\/\\\/sonimat.com\\\/composites\\\/#primaryimage\"},\"thumbnailUrl\":\"https:\\\/\\\/sonimat.com\\\/wp-content\\\/uploads\\\/sites\\\/9\\\/2018\\\/10\\\/COMPOSITE.jpg\",\"datePublished\":\"2018-10-15T11:43:36+00:00\",\"dateModified\":\"2024-11-13T13:54:21+00:00\",\"description\":\"SONIMAT bietet L\u00f6sungen f\u00fcr die Bearbeitung von Verbundwerkstoffen (wabenmaterialen, karbon, glafaser...) beim schneiden oder schweissen mit Ultraschall.\",\"breadcrumb\":{\"@id\":\"https:\\\/\\\/sonimat.com\\\/composites\\\/#breadcrumb\"},\"inLanguage\":\"de\",\"potentialAction\":[{\"@type\":\"ReadAction\",\"target\":[\"https:\\\/\\\/sonimat.com\\\/composites\\\/\"]}]},{\"@type\":\"ImageObject\",\"inLanguage\":\"de\",\"@id\":\"https:\\\/\\\/sonimat.com\\\/composites\\\/#primaryimage\",\"url\":\"https:\\\/\\\/sonimat.com\\\/wp-content\\\/uploads\\\/sites\\\/9\\\/2018\\\/10\\\/COMPOSITE.jpg\",\"contentUrl\":\"https:\\\/\\\/sonimat.com\\\/wp-content\\\/uploads\\\/sites\\\/9\\\/2018\\\/10\\\/COMPOSITE.jpg\",\"width\":2000,\"height\":1250,\"caption\":\"D\u00e9coupe ultrasons nida et composites - SONIMAT\"},{\"@type\":\"BreadcrumbList\",\"@id\":\"https:\\\/\\\/sonimat.com\\\/composites\\\/#breadcrumb\",\"itemListElement\":[{\"@type\":\"ListItem\",\"position\":1,\"name\":\"Accueil\",\"item\":\"https:\\\/\\\/sonimat.com\\\/de\\\/\"},{\"@type\":\"ListItem\",\"position\":2,\"name\":\"Verbundwerkstoff\"}]},{\"@type\":\"WebSite\",\"@id\":\"https:\\\/\\\/sonimat.com\\\/#website\",\"url\":\"https:\\\/\\\/sonimat.com\\\/\",\"name\":\"SONIMAT\",\"description\":\"\",\"potentialAction\":[{\"@type\":\"SearchAction\",\"target\":{\"@type\":\"EntryPoint\",\"urlTemplate\":\"https:\\\/\\\/sonimat.com\\\/?s={search_term_string}\"},\"query-input\":{\"@type\":\"PropertyValueSpecification\",\"valueRequired\":true,\"valueName\":\"search_term_string\"}}],\"inLanguage\":\"de\"}]}<\/script>","yoast_head_json":{"title":"Bearbeitung von Verbundwerkstoffen mit Ultraschall | SONIMAT","description":"SONIMAT bietet L\u00f6sungen f\u00fcr die Bearbeitung von Verbundwerkstoffen (wabenmaterialen, karbon, glafaser...) beim schneiden oder schweissen mit Ultraschall.","robots":{"index":"index","follow":"follow","max-snippet":"max-snippet:-1","max-image-preview":"max-image-preview:large","max-video-preview":"max-video-preview:-1"},"canonical":"https:\/\/sonimat.com\/composites\/","og_locale":"de_DE","og_type":"article","og_title":"Bearbeitung von Verbundwerkstoffen mit Ultraschall | SONIMAT","og_description":"SONIMAT bietet L\u00f6sungen f\u00fcr die Bearbeitung von Verbundwerkstoffen (wabenmaterialen, karbon, glafaser...) beim schneiden oder schweissen mit Ultraschall.","og_url":"https:\/\/sonimat.com\/composites\/","og_site_name":"SONIMAT","article_modified_time":"2024-11-13T13:54:21+00:00","og_image":[{"width":2000,"height":1250,"url":"https:\/\/sonimat.com\/wp-content\/uploads\/sites\/9\/2018\/10\/COMPOSITE.jpg","type":"image\/jpeg"}],"twitter_card":"summary_large_image","twitter_site":"@EuropeTechno","twitter_misc":{"Gesch\u00e4tzte Lesezeit":"3\u00a0Minuten"},"schema":{"@context":"https:\/\/schema.org","@graph":[{"@type":"WebPage","@id":"https:\/\/sonimat.com\/composites\/","url":"https:\/\/sonimat.com\/composites\/","name":"Bearbeitung von Verbundwerkstoffen mit Ultraschall | SONIMAT","isPartOf":{"@id":"https:\/\/sonimat.com\/#website"},"primaryImageOfPage":{"@id":"https:\/\/sonimat.com\/composites\/#primaryimage"},"image":{"@id":"https:\/\/sonimat.com\/composites\/#primaryimage"},"thumbnailUrl":"https:\/\/sonimat.com\/wp-content\/uploads\/sites\/9\/2018\/10\/COMPOSITE.jpg","datePublished":"2018-10-15T11:43:36+00:00","dateModified":"2024-11-13T13:54:21+00:00","description":"SONIMAT bietet L\u00f6sungen f\u00fcr die Bearbeitung von Verbundwerkstoffen (wabenmaterialen, karbon, glafaser...) beim schneiden oder schweissen mit Ultraschall.","breadcrumb":{"@id":"https:\/\/sonimat.com\/composites\/#breadcrumb"},"inLanguage":"de","potentialAction":[{"@type":"ReadAction","target":["https:\/\/sonimat.com\/composites\/"]}]},{"@type":"ImageObject","inLanguage":"de","@id":"https:\/\/sonimat.com\/composites\/#primaryimage","url":"https:\/\/sonimat.com\/wp-content\/uploads\/sites\/9\/2018\/10\/COMPOSITE.jpg","contentUrl":"https:\/\/sonimat.com\/wp-content\/uploads\/sites\/9\/2018\/10\/COMPOSITE.jpg","width":2000,"height":1250,"caption":"D\u00e9coupe ultrasons nida et composites - SONIMAT"},{"@type":"BreadcrumbList","@id":"https:\/\/sonimat.com\/composites\/#breadcrumb","itemListElement":[{"@type":"ListItem","position":1,"name":"Accueil","item":"https:\/\/sonimat.com\/de\/"},{"@type":"ListItem","position":2,"name":"Verbundwerkstoff"}]},{"@type":"WebSite","@id":"https:\/\/sonimat.com\/#website","url":"https:\/\/sonimat.com\/","name":"SONIMAT","description":"","potentialAction":[{"@type":"SearchAction","target":{"@type":"EntryPoint","urlTemplate":"https:\/\/sonimat.com\/?s={search_term_string}"},"query-input":{"@type":"PropertyValueSpecification","valueRequired":true,"valueName":"search_term_string"}}],"inLanguage":"de"}]}},"_links":{"self":[{"href":"https:\/\/sonimat.com\/de\/wp-json\/wp\/v2\/pages\/23099","targetHints":{"allow":["GET"]}}],"collection":[{"href":"https:\/\/sonimat.com\/de\/wp-json\/wp\/v2\/pages"}],"about":[{"href":"https:\/\/sonimat.com\/de\/wp-json\/wp\/v2\/types\/page"}],"author":[{"embeddable":true,"href":"https:\/\/sonimat.com\/de\/wp-json\/wp\/v2\/users\/1"}],"replies":[{"embeddable":true,"href":"https:\/\/sonimat.com\/de\/wp-json\/wp\/v2\/comments?post=23099"}],"version-history":[{"count":5,"href":"https:\/\/sonimat.com\/de\/wp-json\/wp\/v2\/pages\/23099\/revisions"}],"predecessor-version":[{"id":30460,"href":"https:\/\/sonimat.com\/de\/wp-json\/wp\/v2\/pages\/23099\/revisions\/30460"}],"wp:featuredmedia":[{"embeddable":true,"href":"https:\/\/sonimat.com\/de\/wp-json\/wp\/v2\/media\/20557"}],"wp:attachment":[{"href":"https:\/\/sonimat.com\/de\/wp-json\/wp\/v2\/media?parent=23099"}],"curies":[{"name":"wp","href":"https:\/\/api.w.org\/{rel}","templated":true}]}}