{"id":23065,"date":"2018-10-15T13:43:39","date_gmt":"2018-10-15T11:43:39","guid":{"rendered":"https:\/\/sonimat.com\/couteau-ultrason-pistolet-soudure-ultrason\/"},"modified":"2024-12-10T15:21:57","modified_gmt":"2024-12-10T14:21:57","slug":"ultraschallmesser-ultraschallschweissgeraet","status":"publish","type":"page","link":"https:\/\/sonimat.com\/de\/bearbeitung-von-verbundwerkstoffen\/produits\/ultraschallmesser-ultraschallschweissgeraet\/","title":{"rendered":"SSP &#8211; Ultraschallmesser und Ultraschallschwei\u00dfger\u00e4t"},"content":{"rendered":"<div class=\"wpb-content-wrapper\"><p>[vc_row][vc_column][vc_column_text css=&#8220;&#8220;]<\/p>\n<h2><span lang=\"DE\">Ultraschallmesser und Ultraschallschwei\u00dfger\u00e4t<\/span><\/h2>\n<p>[\/vc_column_text][vc_row_inner][vc_column_inner width=&#8220;2\/3&#8243;][vc_column_text css=&#8220;&#8220;]<strong>Das tragbare Ultraschall-Schneide- und Schwei\u00dfger\u00e4t SSP<\/strong> ist das Ergebnis eines umfassenden Know-hows. Es umfasst einen digitalen Generator der neuesten Generation und ein <strong>Ultraschallmesser<\/strong> oder eine <strong>Ultraschall-Schwei\u00dfpistole<\/strong>.<\/p>\n<p>Aufgrund seines geringen Platzbedarfs und Gewichts, des ergonomischen Designs und seines umfangreichen Zubeh\u00f6rs ist dieses Ger\u00e4t der ideale Begleiter, um Ihre Produktivit\u00e4t bei <strong>Schneide- und Schwei\u00dfarbeiten mit Ultraschall zu erh\u00f6hen<\/strong>.[\/vc_column_text][vc_column_text css=&#8220;&#8220;]<\/p>\n<h3>SCHNEIDEN VON VERBUNDWERKSTOFFEN MIT ULTRASCHALL<\/h3>\n<p>Unser tragbares Ultraschall-Schneidsystem (SSP) umfasst ein <strong>Ultraschallmesser<\/strong> zum Schneiden von trockenen, vorimpr\u00e4gnierten, unpolymerisierten und wabenf\u00f6rmigen Verst\u00e4rkungen bis zu 25\u00a0mm.<\/p>\n<h4>Vorteile<\/h4>\n<ul>\n<li>Kein Ausfransen<\/li>\n<li>Reduzierung der Schnittkr\u00e4fte<\/li>\n<li>L\u00e4ngere Lebensdauer der Klingen<\/li>\n<li>Kauterisation (TP-Verbundstoffe)<\/li>\n<\/ul>\n<p>[\/vc_column_text][\/vc_column_inner][vc_column_inner width=&#8220;1\/3&#8243;]<div class=\"ult-content-box-container downloadform\" >\t<a class=\"ult-content-box-anchor\" href=\"https:\/\/sonimat.com\/en\/downloads\/\" title=\"Downloaden Sie unsere Brosch\u00fcre!\" >\t\t<div class=\"ult-content-box\" style=\"background-color:rgba(0,157,224,0.15);box-shadow: px px px px none;padding:15px;margin-top:5px;margin-right:15px;margin-bottom:5px;margin-left:15px;-webkit-transition: all 700ms ease;-moz-transition: all 700ms ease;-ms-transition: all 700ms ease;-o-transition: all 700ms ease;transition: all 700ms ease;\"  data-hover_bg_color=\"rgba(205,91,27,0.15)\"  data-hover_box_shadow=\"none\"    data-normal_margins=\"margin-top:5px;margin-right:15px;margin-bottom:5px;margin-left:15px;\"   data-bg=\"rgba(0,157,224,0.15)\" >[vc_single_image image=&#8220;30133&#8243; img_size=&#8220;medium&#8220; alignment=&#8220;center&#8220; css=&#8220;&#8220; image_hover=&#8220;&#8220;][vc_column_text css=&#8220;&#8220;]Downloaden Sie unsere Brosch\u00fcre, um mehr \u00fcber unser manuelles Schwei\u00df- und Schneideger\u00e4t (SSP) f\u00fcr Verbundstoffe zu erfahren.<\/p>\n<p><span style=\"font-size: 0.8em;\">Abschnitt &#8222;Composite&#8220;, Broch\u00fcre 2 &#8211; &#8222;Manual equipment for ultrasonic cutting and welding&#8220; (in english)<\/span>[\/vc_column_text][vc_btn title=&#8220;Ich downloade!&#8220; style=&#8220;custom&#8220; custom_background=&#8220;#cd5b1b&#8220; custom_text=&#8220;#ffffff&#8220; align=&#8220;center&#8220; i_icon_fontawesome=&#8220;fas fa-file-download&#8220; css=&#8220;&#8220; add_icon=&#8220;true&#8220; link=&#8220;url:https%3A%2F%2Fsonimat.com%2Fen%2Fdownloads%2F|title:T%C3%A9l%C3%A9chargement|target:_blank&#8220;]\t\t<\/div>\t<\/a><\/div>[\/vc_column_inner][\/vc_row_inner][vc_empty_space][\/vc_column][\/vc_row][vc_row content_placement=&#8220;middle&#8220;][vc_column width=&#8220;1\/2&#8243; css=&#8220;.vc_custom_1544779790956{border-right-width: 1px !important;border-right-color: #f2f2f2 !important;border-right-style: solid !important;}&#8220;][vc_single_image image=&#8220;23071&#8243; img_size=&#8220;350&#215;413&#8243; alignment=&#8220;center&#8220; css=&#8220;&#8220;][\/vc_column][vc_column css_animation=&#8220;left-to-right&#8220; width=&#8220;1\/2&#8243;][vc_column_text]<\/p>\n<h4>Hauptmerkmale<\/h4>\n<p>\u2022 Intuitive HMI mit Farb-Touchscreen<\/p>\n<p>\u2022 Geringer Platzbedarf<\/p>\n<p>\u2022 Geringes Gewicht, weniger als 10\u00a0kg (Generator + Griff)<\/p>\n<p>\u2022 Ergonomischer Transportb\u00fcgel mit Ablagefl\u00e4che f\u00fcr Schneidgriff<\/p>\n<p>\u2022 230\u00a0V-Standardstromversorgung<\/p>\n<p>\u2022 Luftk\u00fchlung (6\u00a0bar, 110\u00a0l\/min)<\/p>\n<p>\u2022 Eigener Ultraschallgenerator (Frequenz 20\u00a0kHz beim Schneiden, 30\u00a0kHz beim Schwei\u00dfen)<\/p>\n<p>\u2022 In wenigen Sekunden austauschbare Klingen<\/p>\n<p>\u2022 Auswechselbare Schneid- und Schwei\u00dfgriffe mit Harting-Anschluss<\/p>\n<p>\u2022 Fernbedienung: Schlauchl\u00e4nge 3, 5 oder 10\u00a0m[\/vc_column_text][\/vc_column][\/vc_row][vc_row][vc_column][vc_empty_space height=&#8220;20px&#8220;][vc_column_text]<\/p>\n<h4>Klingengr\u00f6\u00dfen und Anwendungen<\/h4>\n<p>[\/vc_column_text][vc_column_text]Wir bieten ein umfassendes Sortiment an Klingen an. Weitere Informationen finden Sie in unserer Brosch\u00fcre, die hier verf\u00fcgbar ist.[\/vc_column_text][vc_row_inner content_placement=&#8220;middle&#8220;][vc_column_inner width=&#8220;1\/3&#8243;][vc_single_image image=&#8220;23080&#8243; img_size=&#8220;full&#8220; add_caption=&#8220;yes&#8220;][\/vc_column_inner][vc_column_inner width=&#8220;1\/3&#8243;][vc_single_image image=&#8220;23081&#8243; img_size=&#8220;full&#8220; add_caption=&#8220;yes&#8220;][\/vc_column_inner][vc_column_inner width=&#8220;1\/3&#8243;][vc_single_image image=&#8220;23082&#8243; img_size=&#8220;full&#8220; add_caption=&#8220;yes&#8220;][\/vc_column_inner][\/vc_row_inner][vc_row_inner content_placement=&#8220;top&#8220;][vc_column_inner width=&#8220;1\/3&#8243;][vc_column_text]Geeignet f\u00fcr die meisten Schneidanwendungen<\/p>\n<p>Rohe, halbgeh\u00e4rtete Prepregs und Trockenfasern[\/vc_column_text][\/vc_column_inner][vc_column_inner width=&#8220;1\/3&#8243;][vc_column_text]Geeignet f\u00fcr gro\u00dfe Dicken<\/p>\n<p>Rohe Prepregs und Trockenfasern<\/p>\n<p>Monolithische und Sandwich-Strukturen<\/p>\n<p>90\u00b0-Schnitte oder schr\u00e4ge Schnitte[\/vc_column_text][\/vc_column_inner][vc_column_inner width=&#8220;1\/3&#8243;][vc_column_text]Gewebe und UD \u2192 Einlagig<\/p>\n<p>Stark verformbare Gewebe[\/vc_column_text][\/vc_column_inner][\/vc_row_inner][vc_empty_space height=&#8220;20&#8243;][\/vc_column][\/vc_row][vc_section full_width=&#8220;stretch_row_content&#8220;][vc_row][vc_column][vc_separator border_width=&#8220;2&#8243;][\/vc_column][\/vc_row][\/vc_section][vc_row][vc_column][vc_row_inner][vc_column_inner][vc_column_text css=&#8220;&#8220;]<\/p>\n<h3><span lang=\"DE\">ULTRASCHALLSCHWEI\u1e9eEN VON VERBUNDWERKSTOFFEN<\/span><\/h3>\n<p>[\/vc_column_text][\/vc_column_inner][\/vc_row_inner][vc_row_inner][vc_column_inner width=&#8220;2\/3&#8243;][vc_column_text css=&#8220;&#8220;]Unsere Ultraschallschwei\u00dfger\u00e4t eignet sich zum<strong> Schwei\u00dfen und Verbinden von Verbundwerkstoffen und thermoplastischen Kunststoffen<\/strong> (PEEK, PA, PEI usw.) sowie zur <strong>Vorpositionierung von w\u00e4rmeh\u00e4rtbaren Verbundstoffen<\/strong>.<\/p>\n<p>Unsere Ger\u00e4te k\u00f6nnen bis zu 25\u00a0Lagen verschwei\u00dfen und eignen sich perfekt f\u00fcr die Vorpositionierung vor der Verarbeitung.<\/p>\n<p>Erm\u00f6glicht die Fixierung von gestapelten thermoplastischen Verbundstoffen vor dem Handling.<\/p>\n<ul>\n<li>Vorimpr\u00e4gnierte Gewebe: Pulver, Folien, Mischungen<\/li>\n<li>Verbundplatten, B\u00e4nder usw.<\/li>\n<li>Matrizen: PA, PEI, PEEK, PEKK, PPS usw.<\/li>\n<\/ul>\n<p>[\/vc_column_text][\/vc_column_inner][vc_column_inner width=&#8220;1\/3&#8243;][vc_single_image image=&#8220;23074&#8243; img_size=&#8220;350&#215;413&#8243; css=&#8220;&#8220;][\/vc_column_inner][\/vc_row_inner][vc_column_text css=&#8220;&#8220;]<\/p>\n<h4>Merkmale<\/h4>\n<p>Einstellung des Schwei\u00dfzyklus (Kontrolle der Energie und Schwei\u00dfzeit, Einstellung der Amplitude)<\/p>\n<p><strong>Auswechselbare Endst\u00fccke f\u00fcr thermoplastische und duroplastische Anwendungen<\/strong> (konisch, strahlenf\u00f6rmig, Diamantspitzen, flach). Einzelheiten zu unseren Spitzen finden Sie in unserer spezifischen Dokumentation.[\/vc_column_text][vc_empty_space][\/vc_column][\/vc_row][vc_row el_class=&#8220;block-half-col&#8220;][vc_column][vc_column_text]<\/p>\n<h2 style=\"text-align: center;\"><span lang=\"DE\">Anwendungsbeispiele f\u00fcr das manuelle Schneiden und Schwei\u00dfen von Verbundstoffen mit Ultraschall<\/span><\/h2>\n<p>[\/vc_column_text][vc_empty_space][vc_row_inner][vc_column_inner width=&#8220;1\/2&#8243;][vc_column_text css=&#8220;&#8220;]<\/p>\n<h3>Ultraschallmesser (SSP)<\/h3>\n<p>Anwendung der Ultraschall-Schneidsystem<\/p>\n<p>Schneiden : NOMEX-Waben, Aluminium, Trockenfaser, Karbon[\/vc_column_text][\/vc_column_inner][vc_column_inner width=&#8220;1\/2&#8243;][vc_video link=&#8220;https:\/\/youtu.be\/YHNzREasfGk&#8220; el_width=&#8220;50&#8243; align=&#8220;center&#8220;][\/vc_column_inner][\/vc_row_inner][vc_row_inner][vc_column_inner width=&#8220;1\/2&#8243;][vc_video link=&#8220;https:\/\/youtu.be\/_BmXl9F2mkU&#8220; el_width=&#8220;20&#8243; align=&#8220;center&#8220;][\/vc_column_inner][vc_column_inner width=&#8220;1\/2&#8243;][vc_column_text css=&#8220;&#8220;]<\/p>\n<h3>Ultraschallschwei\u00dfger\u00e4t<\/h3>\n<p>Anwendung der UltraschallSchwei\u00dfger\u00e4t<\/p>\n<p>Schwei\u00dfen: Kohlefaser, Glasfaser[\/vc_column_text][\/vc_column_inner][\/vc_row_inner][vc_row_inner content_placement=&#8220;middle&#8220; el_class=&#8220;range-alternance&#8220;][vc_column_inner width=&#8220;1\/2&#8243;][vc_column_text css=&#8220;&#8220;]<\/p>\n<h3>MANUELLES SCHWEI\u1e9eEN VON VERBUNDSTOFFEN<\/h3>\n<p>Unsere effiziente Ultraschallschwei\u00dfger\u00e4t eignet sich hervorragend zur Positionierung von geschichteten Verbundwerkstoffen. Sie erm\u00f6glicht die Fixierung von thermoplastischen Verbundstoffstapeln vor der Verarbeitung.<\/p>\n<p>Hier: Positionierung von Lagen aus Glasfaserverbundgewebe \/ PA66 und Vorpositionierung von PEEK-Karbonplatten mit Ultraschall.[\/vc_column_text][\/vc_column_inner][vc_column_inner width=&#8220;1\/2&#8243;][vc_images_carousel images=&#8220;23085,23088&#8243; img_size=&#8220;585&#215;520&#8243; onclick=&#8220;link_no&#8220; speed=&#8220;2500&#8243; autoplay=&#8220;yes&#8220; hide_pagination_control=&#8220;yes&#8220; hide_prev_next_buttons=&#8220;yes&#8220; wrap=&#8220;yes&#8220; css=&#8220;&#8220;][\/vc_column_inner][\/vc_row_inner][vc_row_inner content_placement=&#8220;middle&#8220;][vc_column_inner width=&#8220;1\/2&#8243;][vc_single_image image=&#8220;23086&#8243; img_size=&#8220;585&#215;520&#8243; alignment=&#8220;right&#8220; css=&#8220;&#8220;][\/vc_column_inner][vc_column_inner width=&#8220;1\/2&#8243;][vc_column_text]<\/p>\n<h3>MANUELLES ULTRASCHALLSCHNEIDEN VON KOHLENSTOFFFASERN<\/h3>\n<p>Unser Ultraschallmesser erleichtert das Schneiden von thermoplastischen UD-Prepregs mit Ultraschall. Das Ger\u00e4t arbeitet pr\u00e4zise mit reduzierten Schnittkr\u00e4ften und verf\u00fcgt \u00fcber ein ergonomisches Design.[\/vc_column_text][\/vc_column_inner][\/vc_row_inner][vc_row_inner content_placement=&#8220;middle&#8220;][vc_column_inner width=&#8220;1\/2&#8243;][vc_column_text]<\/p>\n<h3>MANUELLES ULTRASCHALLSCHNEIDEN VON WABENMATERIALIEN<\/h3>\n<p>Wir bieten Ihnen ein breites Sortiment an Klingen, die sich an den Griff anpassen lassen und auch gr\u00f6\u00dfere Dicken m\u00fchelos schneiden. Hier ein perfekter Schnitt durch 20\u00a0mm dickes Nomex-Wabenmaterial mit einer 25-mm-Klinge.[\/vc_column_text][\/vc_column_inner][vc_column_inner width=&#8220;1\/2&#8243;][vc_single_image image=&#8220;23087&#8243; img_size=&#8220;585&#215;520&#8243; css=&#8220;&#8220;][\/vc_column_inner][\/vc_row_inner][\/vc_column][\/vc_row][vc_row content_placement=&#8220;middle&#8220; css=&#8220;.vc_custom_1731502870881{padding-top: 45px !important;padding-right: 15px !important;padding-left: 15px !important;}&#8220;][vc_column width=&#8220;3\/4&#8243; css=&#8220;.vc_custom_1731502654287{padding-top: 15px !important;}&#8220;][vc_column_text css=&#8220;&#8220;]<strong>W\u00fcnschen Sie weitere Informationen zu unseren tragbaren Ultraschall-Schwei\u00df- und Schneidsystemen?<\/strong>[\/vc_column_text][\/vc_column][vc_column width=&#8220;1\/4&#8243;][vc_btn title=&#8220;Kontaktieren Sie uns !&#8220; style=&#8220;custom&#8220; custom_background=&#8220;#CD5B1B&#8220; custom_text=&#8220;#FFFFFF&#8220; align=&#8220;center&#8220; i_icon_fontawesome=&#8220;fas fa-envelope&#8220; css=&#8220;.vc_custom_1731502762813{padding-top: 15px !important;}&#8220; add_icon=&#8220;true&#8220; link=&#8220;url:https%3A%2F%2Fsonimat.com%2Fde%2Fkontakt%2F|title:Kontakt|target:_blank&#8220;][\/vc_column][\/vc_row][vc_row equal_height=&#8220;yes&#8220; content_placement=&#8220;middle&#8220;][vc_column][vc_empty_space][\/vc_column][\/vc_row]<\/p>\n<\/div>","protected":false},"excerpt":{"rendered":"<p>[vc_row][vc_column][vc_column_text css=&#8220;&#8220;] Ultraschallmesser und Ultraschallschwei\u00dfger\u00e4t [\/vc_column_text][vc_row_inner][vc_column_inner width=&#8220;2\/3&#8243;][vc_column_text css=&#8220;&#8220;]Das tragbare Ultraschall-Schneide- und Schwei\u00dfger\u00e4t SSP ist das Ergebnis eines umfassenden Know-hows. Es umfasst einen digitalen Generator der neuesten Generation und ein Ultraschallmesser&hellip;<\/p>\n","protected":false},"author":1,"featured_media":23066,"parent":23094,"menu_order":0,"comment_status":"closed","ping_status":"closed","template":"","meta":{"_acf_changed":false,"footnotes":""},"class_list":["post-23065","page","type-page","status-publish","has-post-thumbnail","hentry"],"acf":[],"yoast_head":"<title>Ultraschallmesser und -schwei\u00dfger\u00e4t f\u00fcr Verbundwerkstoffen | SONIMAT<\/title>\n<meta name=\"description\" content=\"Entdecken Sie unsere manuellen Ger\u00e4te zum Schneiden und Schwei\u00dfen von Verbundwerkstoffen: Ultraschallmesser und Ultraschall-Schwei\u00dfger\u00e4t.\" \/>\n<meta name=\"robots\" content=\"index, follow, max-snippet:-1, max-image-preview:large, max-video-preview:-1\" \/>\n<link rel=\"canonical\" href=\"https:\/\/sonimat.com\/de\/bearbeitung-von-verbundwerkstoffen\/produits\/ultraschallmesser-ultraschallschweissgeraet\/\" \/>\n<meta property=\"og:locale\" content=\"de_DE\" \/>\n<meta property=\"og:type\" content=\"article\" \/>\n<meta property=\"og:title\" content=\"Ultraschallmesser und -schwei\u00dfger\u00e4t f\u00fcr Verbundwerkstoffen | SONIMAT\" \/>\n<meta property=\"og:description\" content=\"Entdecken Sie unsere manuellen Ger\u00e4te zum Schneiden und Schwei\u00dfen von Verbundwerkstoffen: Ultraschallmesser und Ultraschall-Schwei\u00dfger\u00e4t.\" \/>\n<meta property=\"og:url\" content=\"https:\/\/sonimat.com\/de\/bearbeitung-von-verbundwerkstoffen\/produits\/ultraschallmesser-ultraschallschweissgeraet\/\" \/>\n<meta property=\"og:site_name\" content=\"SONIMAT\" \/>\n<meta property=\"article:modified_time\" content=\"2024-12-10T14:21:57+00:00\" \/>\n<meta property=\"og:image\" content=\"https:\/\/sonimat.com\/wp-content\/uploads\/sites\/9\/2018\/12\/soudure-et-d\u00e9coupe-ultrasons-composites.jpg\" \/>\n\t<meta property=\"og:image:width\" content=\"2000\" \/>\n\t<meta property=\"og:image:height\" content=\"1000\" \/>\n\t<meta property=\"og:image:type\" content=\"image\/jpeg\" \/>\n<meta name=\"twitter:card\" content=\"summary_large_image\" \/>\n<meta name=\"twitter:site\" content=\"@EuropeTechno\" \/>\n<meta name=\"twitter:label1\" content=\"Gesch\u00e4tzte Lesezeit\" \/>\n\t<meta name=\"twitter:data1\" content=\"7\u00a0Minuten\" \/>\n<script type=\"application\/ld+json\" class=\"yoast-schema-graph\">{\"@context\":\"https:\\\/\\\/schema.org\",\"@graph\":[{\"@type\":\"WebPage\",\"@id\":\"https:\\\/\\\/sonimat.com\\\/de\\\/bearbeitung-von-verbundwerkstoffen\\\/produits\\\/ultraschallmesser-ultraschallschweissgeraet\\\/\",\"url\":\"https:\\\/\\\/sonimat.com\\\/de\\\/bearbeitung-von-verbundwerkstoffen\\\/produits\\\/ultraschallmesser-ultraschallschweissgeraet\\\/\",\"name\":\"Ultraschallmesser und -schwei\u00dfger\u00e4t f\u00fcr Verbundwerkstoffen | SONIMAT\",\"isPartOf\":{\"@id\":\"https:\\\/\\\/sonimat.com\\\/#website\"},\"primaryImageOfPage\":{\"@id\":\"https:\\\/\\\/sonimat.com\\\/de\\\/bearbeitung-von-verbundwerkstoffen\\\/produits\\\/ultraschallmesser-ultraschallschweissgeraet\\\/#primaryimage\"},\"image\":{\"@id\":\"https:\\\/\\\/sonimat.com\\\/de\\\/bearbeitung-von-verbundwerkstoffen\\\/produits\\\/ultraschallmesser-ultraschallschweissgeraet\\\/#primaryimage\"},\"thumbnailUrl\":\"https:\\\/\\\/sonimat.com\\\/wp-content\\\/uploads\\\/sites\\\/9\\\/2018\\\/12\\\/soudure-et-d\u00e9coupe-ultrasons-composites.jpg\",\"datePublished\":\"2018-10-15T11:43:39+00:00\",\"dateModified\":\"2024-12-10T14:21:57+00:00\",\"description\":\"Entdecken Sie unsere manuellen Ger\u00e4te zum Schneiden und Schwei\u00dfen von Verbundwerkstoffen: Ultraschallmesser und Ultraschall-Schwei\u00dfger\u00e4t.\",\"breadcrumb\":{\"@id\":\"https:\\\/\\\/sonimat.com\\\/de\\\/bearbeitung-von-verbundwerkstoffen\\\/produits\\\/ultraschallmesser-ultraschallschweissgeraet\\\/#breadcrumb\"},\"inLanguage\":\"de\",\"potentialAction\":[{\"@type\":\"ReadAction\",\"target\":[\"https:\\\/\\\/sonimat.com\\\/de\\\/bearbeitung-von-verbundwerkstoffen\\\/produits\\\/ultraschallmesser-ultraschallschweissgeraet\\\/\"]}]},{\"@type\":\"ImageObject\",\"inLanguage\":\"de\",\"@id\":\"https:\\\/\\\/sonimat.com\\\/de\\\/bearbeitung-von-verbundwerkstoffen\\\/produits\\\/ultraschallmesser-ultraschallschweissgeraet\\\/#primaryimage\",\"url\":\"https:\\\/\\\/sonimat.com\\\/wp-content\\\/uploads\\\/sites\\\/9\\\/2018\\\/12\\\/soudure-et-d\u00e9coupe-ultrasons-composites.jpg\",\"contentUrl\":\"https:\\\/\\\/sonimat.com\\\/wp-content\\\/uploads\\\/sites\\\/9\\\/2018\\\/12\\\/soudure-et-d\u00e9coupe-ultrasons-composites.jpg\",\"width\":2000,\"height\":1000,\"caption\":\"soudure et d\u00e9coupe ultrasons composites\"},{\"@type\":\"BreadcrumbList\",\"@id\":\"https:\\\/\\\/sonimat.com\\\/de\\\/bearbeitung-von-verbundwerkstoffen\\\/produits\\\/ultraschallmesser-ultraschallschweissgeraet\\\/#breadcrumb\",\"itemListElement\":[{\"@type\":\"ListItem\",\"position\":1,\"name\":\"Accueil\",\"item\":\"https:\\\/\\\/sonimat.com\\\/de\\\/\"},{\"@type\":\"ListItem\",\"position\":2,\"name\":\"Verbundwerkstoff\",\"item\":\"https:\\\/\\\/sonimat.com\\\/composites\\\/\"},{\"@type\":\"ListItem\",\"position\":3,\"name\":\"Produkte\",\"item\":\"https:\\\/\\\/sonimat.com\\\/composites\\\/produits\\\/\"},{\"@type\":\"ListItem\",\"position\":4,\"name\":\"SSP &#8211; Ultraschallmesser und Ultraschallschwei\u00dfger\u00e4t\"}]},{\"@type\":\"WebSite\",\"@id\":\"https:\\\/\\\/sonimat.com\\\/#website\",\"url\":\"https:\\\/\\\/sonimat.com\\\/\",\"name\":\"SONIMAT\",\"description\":\"\",\"potentialAction\":[{\"@type\":\"SearchAction\",\"target\":{\"@type\":\"EntryPoint\",\"urlTemplate\":\"https:\\\/\\\/sonimat.com\\\/?s={search_term_string}\"},\"query-input\":{\"@type\":\"PropertyValueSpecification\",\"valueRequired\":true,\"valueName\":\"search_term_string\"}}],\"inLanguage\":\"de\"}]}<\/script>","yoast_head_json":{"title":"Ultraschallmesser und -schwei\u00dfger\u00e4t f\u00fcr Verbundwerkstoffen | SONIMAT","description":"Entdecken Sie unsere manuellen Ger\u00e4te zum Schneiden und Schwei\u00dfen von Verbundwerkstoffen: Ultraschallmesser und Ultraschall-Schwei\u00dfger\u00e4t.","robots":{"index":"index","follow":"follow","max-snippet":"max-snippet:-1","max-image-preview":"max-image-preview:large","max-video-preview":"max-video-preview:-1"},"canonical":"https:\/\/sonimat.com\/de\/bearbeitung-von-verbundwerkstoffen\/produits\/ultraschallmesser-ultraschallschweissgeraet\/","og_locale":"de_DE","og_type":"article","og_title":"Ultraschallmesser und -schwei\u00dfger\u00e4t f\u00fcr Verbundwerkstoffen | SONIMAT","og_description":"Entdecken Sie unsere manuellen Ger\u00e4te zum Schneiden und Schwei\u00dfen von Verbundwerkstoffen: Ultraschallmesser und Ultraschall-Schwei\u00dfger\u00e4t.","og_url":"https:\/\/sonimat.com\/de\/bearbeitung-von-verbundwerkstoffen\/produits\/ultraschallmesser-ultraschallschweissgeraet\/","og_site_name":"SONIMAT","article_modified_time":"2024-12-10T14:21:57+00:00","og_image":[{"width":2000,"height":1000,"url":"https:\/\/sonimat.com\/wp-content\/uploads\/sites\/9\/2018\/12\/soudure-et-d\u00e9coupe-ultrasons-composites.jpg","type":"image\/jpeg"}],"twitter_card":"summary_large_image","twitter_site":"@EuropeTechno","twitter_misc":{"Gesch\u00e4tzte Lesezeit":"7\u00a0Minuten"},"schema":{"@context":"https:\/\/schema.org","@graph":[{"@type":"WebPage","@id":"https:\/\/sonimat.com\/de\/bearbeitung-von-verbundwerkstoffen\/produits\/ultraschallmesser-ultraschallschweissgeraet\/","url":"https:\/\/sonimat.com\/de\/bearbeitung-von-verbundwerkstoffen\/produits\/ultraschallmesser-ultraschallschweissgeraet\/","name":"Ultraschallmesser und -schwei\u00dfger\u00e4t f\u00fcr Verbundwerkstoffen | SONIMAT","isPartOf":{"@id":"https:\/\/sonimat.com\/#website"},"primaryImageOfPage":{"@id":"https:\/\/sonimat.com\/de\/bearbeitung-von-verbundwerkstoffen\/produits\/ultraschallmesser-ultraschallschweissgeraet\/#primaryimage"},"image":{"@id":"https:\/\/sonimat.com\/de\/bearbeitung-von-verbundwerkstoffen\/produits\/ultraschallmesser-ultraschallschweissgeraet\/#primaryimage"},"thumbnailUrl":"https:\/\/sonimat.com\/wp-content\/uploads\/sites\/9\/2018\/12\/soudure-et-d\u00e9coupe-ultrasons-composites.jpg","datePublished":"2018-10-15T11:43:39+00:00","dateModified":"2024-12-10T14:21:57+00:00","description":"Entdecken Sie unsere manuellen Ger\u00e4te zum Schneiden und Schwei\u00dfen von Verbundwerkstoffen: Ultraschallmesser und Ultraschall-Schwei\u00dfger\u00e4t.","breadcrumb":{"@id":"https:\/\/sonimat.com\/de\/bearbeitung-von-verbundwerkstoffen\/produits\/ultraschallmesser-ultraschallschweissgeraet\/#breadcrumb"},"inLanguage":"de","potentialAction":[{"@type":"ReadAction","target":["https:\/\/sonimat.com\/de\/bearbeitung-von-verbundwerkstoffen\/produits\/ultraschallmesser-ultraschallschweissgeraet\/"]}]},{"@type":"ImageObject","inLanguage":"de","@id":"https:\/\/sonimat.com\/de\/bearbeitung-von-verbundwerkstoffen\/produits\/ultraschallmesser-ultraschallschweissgeraet\/#primaryimage","url":"https:\/\/sonimat.com\/wp-content\/uploads\/sites\/9\/2018\/12\/soudure-et-d\u00e9coupe-ultrasons-composites.jpg","contentUrl":"https:\/\/sonimat.com\/wp-content\/uploads\/sites\/9\/2018\/12\/soudure-et-d\u00e9coupe-ultrasons-composites.jpg","width":2000,"height":1000,"caption":"soudure et d\u00e9coupe ultrasons composites"},{"@type":"BreadcrumbList","@id":"https:\/\/sonimat.com\/de\/bearbeitung-von-verbundwerkstoffen\/produits\/ultraschallmesser-ultraschallschweissgeraet\/#breadcrumb","itemListElement":[{"@type":"ListItem","position":1,"name":"Accueil","item":"https:\/\/sonimat.com\/de\/"},{"@type":"ListItem","position":2,"name":"Verbundwerkstoff","item":"https:\/\/sonimat.com\/composites\/"},{"@type":"ListItem","position":3,"name":"Produkte","item":"https:\/\/sonimat.com\/composites\/produits\/"},{"@type":"ListItem","position":4,"name":"SSP &#8211; Ultraschallmesser und Ultraschallschwei\u00dfger\u00e4t"}]},{"@type":"WebSite","@id":"https:\/\/sonimat.com\/#website","url":"https:\/\/sonimat.com\/","name":"SONIMAT","description":"","potentialAction":[{"@type":"SearchAction","target":{"@type":"EntryPoint","urlTemplate":"https:\/\/sonimat.com\/?s={search_term_string}"},"query-input":{"@type":"PropertyValueSpecification","valueRequired":true,"valueName":"search_term_string"}}],"inLanguage":"de"}]}},"_links":{"self":[{"href":"https:\/\/sonimat.com\/de\/wp-json\/wp\/v2\/pages\/23065","targetHints":{"allow":["GET"]}}],"collection":[{"href":"https:\/\/sonimat.com\/de\/wp-json\/wp\/v2\/pages"}],"about":[{"href":"https:\/\/sonimat.com\/de\/wp-json\/wp\/v2\/types\/page"}],"author":[{"embeddable":true,"href":"https:\/\/sonimat.com\/de\/wp-json\/wp\/v2\/users\/1"}],"replies":[{"embeddable":true,"href":"https:\/\/sonimat.com\/de\/wp-json\/wp\/v2\/comments?post=23065"}],"version-history":[{"count":6,"href":"https:\/\/sonimat.com\/de\/wp-json\/wp\/v2\/pages\/23065\/revisions"}],"predecessor-version":[{"id":31106,"href":"https:\/\/sonimat.com\/de\/wp-json\/wp\/v2\/pages\/23065\/revisions\/31106"}],"up":[{"embeddable":true,"href":"https:\/\/sonimat.com\/de\/wp-json\/wp\/v2\/pages\/23094"}],"wp:featuredmedia":[{"embeddable":true,"href":"https:\/\/sonimat.com\/de\/wp-json\/wp\/v2\/media\/23066"}],"wp:attachment":[{"href":"https:\/\/sonimat.com\/de\/wp-json\/wp\/v2\/media?parent=23065"}],"curies":[{"name":"wp","href":"https:\/\/api.w.org\/{rel}","templated":true}]}}