{"id":22983,"date":"2018-10-15T13:55:07","date_gmt":"2018-10-15T11:55:07","guid":{"rendered":"https:\/\/sonimat.com\/plasturgie\/"},"modified":"2024-11-13T15:30:45","modified_gmt":"2024-11-13T14:30:45","slug":"schweissen-kunststoffen","status":"publish","type":"page","link":"https:\/\/sonimat.com\/de\/schweissen-kunststoffen\/","title":{"rendered":"Schweissen von Kunststoffen"},"content":{"rendered":"<div class=\"wpb-content-wrapper\"><p>[vc_row][vc_column][rev_slider_vc alias=&#8220;plasturgie-de&#8220;][\/vc_column][\/vc_row][vc_section full_width=&#8220;stretch_row&#8220; el_id=&#8220;below-slider&#8220;][vc_row][vc_column][vc_row_inner][vc_column_inner width=&#8220;2\/3&#8243;][vc_column_text css=&#8220;&#8220;]<\/p>\n<h2>Schweissen von Kunststoffen<\/h2>\n<p>[\/vc_column_text][vc_column_text]SONIMAT hat sich seit 1993 auf das Schwei\u00dfen von thermoplastischen Werkstoffen spezialisiert und bietet sein Know-how Kunden aus unterschiedlichen Branchen an, die Kunststoffe verarbeiten (Automobilindustrie, Medizin, Konsumg\u00fcterindustrie usw.).<\/p>\n<p>Die genaue Analyse Ihres Bedarfs, die Begleitung des Projektprozesses, die Qualit\u00e4t unserer Schwei\u00dfmaschinen und die termingerechte Lieferung der Produkte sind dabei unsere St\u00e4rke. Ihre Zufriedenheit ist unser oberstes Ziel.[\/vc_column_text][vc_column_text css=&#8220;&#8220;]<\/p>\n<h2><span lang=\"DE\">Unsere L\u00f6sungen f\u00fcr das Schwei\u00dfen von <\/span><span lang=\"DE\">Kunststoffen<\/span><\/h2>\n<p>Die Maschinen von SONIMAT sind f\u00fcr ihre hohe Zuverl\u00e4ssigkeit bekannt und erm\u00f6glichen das <strong>Schwei\u00dfen von Kunststoffen mithilfe verschiedener Verfahren wie Infrarot-, Heizplatten-, Rotations-, Laser-, Ultraschallschwei\u00dfen, Hei\u00dfnieten, Nieten, B\u00f6rdeln, Einlegen usw<\/strong>.[\/vc_column_text][\/vc_column_inner][vc_column_inner width=&#8220;1\/3&#8243;]<div class=\"ult-content-box-container \" >\t<a class=\"ult-content-box-anchor\" href=\"https:\/\/sonimat.com\/en\/downloads\/\" target=\"_blank\" rel=\"noopener\" >\t\t<div class=\"ult-content-box\" style=\"background-color:rgba(0,157,224,0.15);box-shadow: px px px px none;padding:15px;margin-top:80px;margin-right:20px;margin-bottom:20px;margin-left:20px;-webkit-transition: all 700ms ease;-moz-transition: all 700ms ease;-ms-transition: all 700ms ease;-o-transition: all 700ms ease;transition: all 700ms ease;\"  data-hover_bg_color=\"rgba(205,91,27,0.15)\"  data-hover_box_shadow=\"none\"    data-normal_margins=\"margin-top:80px;margin-right:20px;margin-bottom:20px;margin-left:20px;\"   data-bg=\"rgba(0,157,224,0.15)\" >[vc_single_image image=&#8220;29938&#8243; img_size=&#8220;150*212&#8243; alignment=&#8220;center&#8220;][vc_column_text]<\/p>\n<p style=\"text-align: center;\"><span style=\"color: #2f3787;\"><strong>Laden Sie unseren vollst\u00e4ndigen Katalog \u00fcber unsere thermoplastischen Schwei\u00dfmaschinen herunter. (english version)<\/strong><\/span><\/p>\n<p>[\/vc_column_text][vc_btn title=&#8220;Herunterladen !&#8220; style=&#8220;custom&#8220; custom_background=&#8220;#cd5b1b&#8220; custom_text=&#8220;#ffffff&#8220; shape=&#8220;round&#8220; align=&#8220;center&#8220; link=&#8220;url:https%3A%2F%2Fsonimat.com%2Fen%2Fdownloads%2F|target:_blank&#8220;]\t\t<\/div>\t<\/a><\/div>[\/vc_column_inner][\/vc_row_inner][vc_row_inner content_placement=&#8220;middle&#8220;][vc_column_inner width=&#8220;1\/5&#8243;][vc_single_image image=&#8220;30988&#8243; img_size=&#8220;150*150&#8243; onclick=&#8220;custom_link&#8220; img_link_target=&#8220;_blank&#8220; css=&#8220;&#8220; image_hover=&#8220;&#8220; link=&#8220;https:\/\/sonimat.com\/de\/schweissen-kunststoffen\/produkte\/infrarotschweissmaschinen\/&#8220;][\/vc_column_inner][vc_column_inner width=&#8220;1\/5&#8243;][vc_single_image image=&#8220;30985&#8243; img_size=&#8220;150*150&#8243; onclick=&#8220;custom_link&#8220; img_link_target=&#8220;_blank&#8220; css=&#8220;&#8220; image_hover=&#8220;&#8220; link=&#8220;https:\/\/sonimat.com\/de\/schweissen-kunststoffen\/produkte\/infrarotschweissmaschinen\/&#8220;][\/vc_column_inner][vc_column_inner width=&#8220;1\/5&#8243;][vc_single_image image=&#8220;20627&#8243; img_size=&#8220;150*150&#8243; onclick=&#8220;custom_link&#8220; img_link_target=&#8220;_blank&#8220; css=&#8220;&#8220; image_hover=&#8220;&#8220; link=&#8220;https:\/\/sonimat.com\/de\/schweissen-kunststoffen\/produkte\/laserschweissmaschinen\/&#8220;][\/vc_column_inner][vc_column_inner width=&#8220;1\/5&#8243;][vc_single_image image=&#8220;30997&#8243; img_size=&#8220;150*150&#8243; onclick=&#8220;custom_link&#8220; img_link_target=&#8220;_blank&#8220; css=&#8220;.vc_custom_1731508234604{margin-top: 20px !important;}&#8220; image_hover=&#8220;&#8220; link=&#8220;https:\/\/sonimat.com\/de\/schweissen-kunststoffen\/produkte\/rotation-schweissmaschinen\/&#8220;][\/vc_column_inner][vc_column_inner width=&#8220;1\/5&#8243;][vc_single_image image=&#8220;30994&#8243; img_size=&#8220;150*150&#8243; onclick=&#8220;custom_link&#8220; img_link_target=&#8220;_blank&#8220; css=&#8220;&#8220; image_hover=&#8220;&#8220; link=&#8220;https:\/\/sonimat.com\/plasturgie\/produits\/presse-ultrasons-esw\/&#8220;][\/vc_column_inner][\/vc_row_inner][vc_column_text]Au\u00dferdem sind wir in der Lage, <strong>spezifische Werkzeuge f\u00fcr jedes zu schwei\u00dfende Werkst\u00fcck<\/strong> zu entwickeln.<\/p>\n<p>&nbsp;<\/p>\n<h3>videos &#8211; Maschinenangebot und Anwendungen<\/h3>\n<p>[\/vc_column_text][vc_row_inner][vc_column_inner width=&#8220;1\/3&#8243;][vc_video link=&#8220;https:\/\/youtu.be\/QfwConeXHAI&#8220; align=&#8220;center&#8220;][\/vc_column_inner][vc_column_inner width=&#8220;1\/3&#8243;][vc_video link=&#8220;https:\/\/www.youtube.com\/watch?v=ODDOEadonZY&#8220; el_width=&#8220;50&#8243;][\/vc_column_inner][vc_column_inner width=&#8220;1\/3&#8243;][vc_video link=&#8220;https:\/\/www.youtube.com\/watch?v=bh1x6wmkhow&#8220; el_width=&#8220;50&#8243;][\/vc_column_inner][\/vc_row_inner][\/vc_column][\/vc_row][\/vc_section][vc_row][vc_column][vc_separator][\/vc_column][\/vc_row][vc_row el_id=&#8220;sliderclient&#8220;][vc_column][vc_column_text]<\/p>\n<h2><span lang=\"DE\">Diese Unternehmen vertrauen uns<\/span><\/h2>\n<p>[\/vc_column_text]<div id=\"ult-carousel-100198675069f0d0a6a3a7d\" class=\"ult-carousel-wrapper   ult_horizontal\" data-gutter=\"15\" data-rtl=\"false\" ><div class=\"ult-carousel-11931643369f0d0a6a3992 \" >[vc_single_image image=&#8220;20636&#8243; img_size=&#8220;full&#8220;][vc_single_image image=&#8220;20637&#8243; img_size=&#8220;full&#8220;][vc_single_image image=&#8220;20638&#8243; img_size=&#8220;full&#8220;][vc_single_image image=&#8220;20639&#8243; img_size=&#8220;full&#8220;][vc_single_image image=&#8220;20640&#8243; img_size=&#8220;full&#8220;][vc_single_image image=&#8220;20641&#8243; img_size=&#8220;full&#8220;][vc_single_image image=&#8220;20642&#8243; img_size=&#8220;full&#8220;][vc_single_image image=&#8220;20643&#8243; img_size=&#8220;full&#8220;][vc_single_image image=&#8220;20644&#8243; img_size=&#8220;full&#8220;][vc_single_image image=&#8220;20645&#8243; img_size=&#8220;full&#8220;][vc_single_image image=&#8220;20646&#8243; img_size=&#8220;full&#8220;][vc_single_image image=&#8220;20647&#8243; img_size=&#8220;full&#8220;][vc_single_image image=&#8220;20648&#8243; img_size=&#8220;full&#8220;][vc_single_image image=&#8220;20649&#8243; img_size=&#8220;full&#8220;][vc_single_image image=&#8220;20650&#8243; img_size=&#8220;full&#8220;][vc_single_image image=&#8220;20651&#8243; img_size=&#8220;full&#8220;][vc_single_image image=&#8220;20652&#8243; img_size=&#8220;full&#8220;][vc_single_image image=&#8220;20653&#8243; img_size=&#8220;full&#8220;][vc_single_image image=&#8220;20654&#8243; img_size=&#8220;full&#8220;][vc_single_image image=&#8220;20655&#8243; img_size=&#8220;full&#8220;][vc_single_image image=&#8220;20656&#8243; img_size=&#8220;full&#8220;][vc_single_image image=&#8220;20657&#8243; img_size=&#8220;full&#8220;][vc_single_image image=&#8220;20658&#8243; img_size=&#8220;full&#8220;][vc_single_image image=&#8220;20659&#8243; img_size=&#8220;full&#8220;][vc_single_image image=&#8220;20660&#8243; img_size=&#8220;full&#8220;][vc_single_image image=&#8220;20661&#8243; img_size=&#8220;full&#8220;][vc_single_image image=&#8220;20662&#8243; img_size=&#8220;full&#8220;][vc_single_image image=&#8220;20663&#8243; img_size=&#8220;full&#8220;]<\/div><\/div>\t\t\t<script type=\"text\/javascript\">\n\t\t\t\tjQuery(document).ready(function ($) {\n\t\t\t\t\tif( typeof jQuery('.ult-carousel-11931643369f0d0a6a3992').slick == \"function\"){\n\t\t\t\t\t\t$('.ult-carousel-11931643369f0d0a6a3992').slick({dots: false,autoplay: true,autoplaySpeed: \"1000\",speed: \"300\",infinite: true,arrows: false,slidesToScroll:1,slidesToShow:8,swipe: true,draggable: true,touchMove: true,pauseOnHover: true,pauseOnFocus: false,responsive: [\n\t\t\t\t\t\t\t{\n\t\t\t\t\t\t\t  breakpoint: 1026,\n\t\t\t\t\t\t\t  settings: {\n\t\t\t\t\t\t\t\tslidesToShow: 8,\n\t\t\t\t\t\t\t\tslidesToScroll: 1,  \n\t\t\t\t\t\t\t  }\n\t\t\t\t\t\t\t},\n\t\t\t\t\t\t\t{\n\t\t\t\t\t\t\t  breakpoint: 1025,\n\t\t\t\t\t\t\t  settings: {\n\t\t\t\t\t\t\t\tslidesToShow: 3,\n\t\t\t\t\t\t\t\tslidesToScroll: 1\n\t\t\t\t\t\t\t  }\n\t\t\t\t\t\t\t},\n\t\t\t\t\t\t\t{\n\t\t\t\t\t\t\t  breakpoint: 760,\n\t\t\t\t\t\t\t  settings: {\n\t\t\t\t\t\t\t\tslidesToShow: 2,\n\t\t\t\t\t\t\t\tslidesToScroll: 1\n\t\t\t\t\t\t\t  }\n\t\t\t\t\t\t\t}\n\t\t\t\t\t\t],pauseOnDotsHover: true,customPaging: function(slider, i) {\n                   return '<i type=\"button\" style= \"color:#333333;\" class=\"ultsl-record\" data-role=\"none\"><\/i>';\n                },});\n\t\t\t\t\t}\n\t\t\t\t});\n\t\t\t<\/script>\n\t\t\t[\/vc_column][\/vc_row][vc_row][vc_column][vc_empty_space][vc_row_inner content_placement=&#8220;top&#8220; gap=&#8220;35&#8243;][vc_column_inner][vc_column_text css=&#8220;&#8220;]<\/p>\n<div class=\"vc_row wpb_row vc_row-fluid vc_custom_detheme1\">\n<div class=\"inner-flex\">\n<div class=\"wpb_column vc_column_container vc_col-sm-12\">\n<div class=\"vc_column-inner \">\n<div class=\"wpb_wrapper\">\n<div class=\"wpb_text_column wpb_content_element\">\n<div class=\"wpb_wrapper\">\n<h3>Die Anf\u00e4nge mit Ultraschall<\/h3>\n<p>SONIMAT war Vorreiter bei der Entwicklung der digitalen Ultraschall-Schwei\u00dftechnologie, die das F\u00fcgen und Schwei\u00dfen von Kunststoffen mit hoher Qualit\u00e4t und Wiederholgenauigkeit erm\u00f6glicht.<\/p>\n<p><strong>SONIMAT setzt bereits seit 1999 digitale Ultraschallgeneratoren ein<\/strong>, die <strong>das Verfahren noch besser beherrschbar machen<\/strong> und eine <strong>optimale Schwei\u00dfqualit\u00e4t <\/strong>erzielen. Unsere Ultraschallgeneratoren garantieren die Linearit\u00e4t der Amplitude und erm\u00f6glichen die Kontrolle der verschiedenen Schwei\u00dfparameter (Energie, Zeit, Leistung usw.).<\/p>\n<p>Dank eines einzigartigen Feedbacks, das wir zu unseren digitalen\u00a0<a href=\"https:\/\/sonimat.com\/de\/schweissen-kunststoffen\/technologien\/ultraschallschweissen-kunststoff\/\">Ultraschall-Schwei\u00df- und Verbindungstechniken f\u00fcr Kunststoffe<\/a>\u00a0erhalten, k\u00f6nnen wir unsere Produkte fortlaufend weiterentwickeln und sie noch innovativer und leistungsf\u00e4higer machen.<\/p>\n<\/div>\n<\/div>\n<\/div>\n<\/div>\n<\/div>\n<\/div>\n<\/div>\n<p>[\/vc_column_text][vc_column_text]<\/p>\n<div class=\"vc_row wpb_row vc_row-fluid vc_custom_detheme1\">\n<div class=\"inner-flex\">\n<div class=\"wpb_column vc_column_container vc_col-sm-12\">\n<div class=\"vc_column-inner \">\n<div class=\"wpb_wrapper\">\n<div class=\"wpb_text_column wpb_content_element\">\n<div class=\"wpb_wrapper\">\n<h3>Ausbau des Technologiespektrums<\/h3>\n<p>Auf der Grundlage dieser einzigartigen Erfahrung im Bereich der Verbindung von Thermoplasten mit Ultraschall haben wir ein komplement\u00e4res Produktsortiment entwickelt, das Ihnen weitere M\u00f6glichkeiten f\u00fcr Ihre Projekte er\u00f6ffnet: <strong>Spiegel- oder Heizplatten-, Infrarot-, Rotations- und Laserschwei\u00dfen von Kunststoffen.<\/strong><\/p>\n<p>Vom Entwurf bis zur Herstellung Ihrer Produkte, Verfahren und Maschinen bieten Ihnen die Techniker und Ingenieure von SONIMAT einen kompetenten Service und individuelle Antworten, die auf Ihre Bed\u00fcrfnisse abgestimmt sind.<\/p>\n<\/div>\n<\/div>\n<\/div>\n<\/div>\n<\/div>\n<\/div>\n<\/div>\n<p>[\/vc_column_text][\/vc_column_inner][\/vc_row_inner][\/vc_column][\/vc_row][vc_row][vc_column][vc_empty_space][\/vc_column][\/vc_row]<\/p>\n<\/div>","protected":false},"excerpt":{"rendered":"<p>[vc_row][vc_column][rev_slider_vc alias=&#8220;plasturgie-de&#8220;][\/vc_column][\/vc_row][vc_section full_width=&#8220;stretch_row&#8220; el_id=&#8220;below-slider&#8220;][vc_row][vc_column][vc_row_inner][vc_column_inner width=&#8220;2\/3&#8243;][vc_column_text css=&#8220;&#8220;] Schweissen von Kunststoffen [\/vc_column_text][vc_column_text]SONIMAT hat sich seit 1993 auf das Schwei\u00dfen von thermoplastischen Werkstoffen spezialisiert und bietet sein Know-how Kunden aus unterschiedlichen Branchen an,&hellip;<\/p>\n","protected":false},"author":1,"featured_media":30737,"parent":0,"menu_order":4,"comment_status":"closed","ping_status":"closed","template":"page-avec-slider.php","meta":{"_acf_changed":false,"footnotes":""},"class_list":["post-22983","page","type-page","status-publish","has-post-thumbnail","hentry"],"acf":[],"yoast_head":"<title>Schweissen von Kunststoffen - Multi-Prozess-Maschinen | SONIMAT<\/title>\n<meta name=\"description\" content=\"SONIMAT vous accompagne dans l&#039;ing\u00e9nierie et la r\u00e9alisation de vos projets de soudure des thermoplastiques par infrarouge, lame chauffante, laser, etc.\" \/>\n<meta name=\"robots\" content=\"index, follow, max-snippet:-1, max-image-preview:large, max-video-preview:-1\" \/>\n<link rel=\"canonical\" href=\"https:\/\/sonimat.com\/plasturgie\/\" \/>\n<meta property=\"og:locale\" content=\"de_DE\" \/>\n<meta property=\"og:type\" content=\"article\" \/>\n<meta property=\"og:title\" content=\"Schweissen von Kunststoffen - Multi-Prozess-Maschinen | SONIMAT\" \/>\n<meta property=\"og:description\" content=\"SONIMAT vous accompagne dans l&#039;ing\u00e9nierie et la r\u00e9alisation de vos projets de soudure des thermoplastiques par infrarouge, lame chauffante, laser, etc.\" \/>\n<meta property=\"og:url\" content=\"https:\/\/sonimat.com\/plasturgie\/\" \/>\n<meta property=\"og:site_name\" content=\"SONIMAT\" \/>\n<meta property=\"article:modified_time\" content=\"2024-11-13T14:30:45+00:00\" \/>\n<meta property=\"og:image\" content=\"https:\/\/sonimat.com\/wp-content\/uploads\/sites\/9\/2024\/05\/Procede-de-soudage-par-infrarouge-SONIMAT.jpg\" \/>\n\t<meta property=\"og:image:width\" content=\"2000\" \/>\n\t<meta property=\"og:image:height\" content=\"900\" \/>\n\t<meta property=\"og:image:type\" content=\"image\/jpeg\" \/>\n<meta name=\"twitter:card\" content=\"summary_large_image\" \/>\n<meta name=\"twitter:site\" content=\"@EuropeTechno\" \/>\n<meta name=\"twitter:label1\" content=\"Gesch\u00e4tzte Lesezeit\" \/>\n\t<meta name=\"twitter:data1\" content=\"5\u00a0Minuten\" \/>\n<script type=\"application\/ld+json\" class=\"yoast-schema-graph\">{\"@context\":\"https:\\\/\\\/schema.org\",\"@graph\":[{\"@type\":\"WebPage\",\"@id\":\"https:\\\/\\\/sonimat.com\\\/plasturgie\\\/\",\"url\":\"https:\\\/\\\/sonimat.com\\\/plasturgie\\\/\",\"name\":\"Schweissen von Kunststoffen - Multi-Prozess-Maschinen | SONIMAT\",\"isPartOf\":{\"@id\":\"https:\\\/\\\/sonimat.com\\\/#website\"},\"primaryImageOfPage\":{\"@id\":\"https:\\\/\\\/sonimat.com\\\/plasturgie\\\/#primaryimage\"},\"image\":{\"@id\":\"https:\\\/\\\/sonimat.com\\\/plasturgie\\\/#primaryimage\"},\"thumbnailUrl\":\"https:\\\/\\\/sonimat.com\\\/wp-content\\\/uploads\\\/sites\\\/9\\\/2024\\\/05\\\/Procede-de-soudage-par-infrarouge-SONIMAT.jpg\",\"datePublished\":\"2018-10-15T11:55:07+00:00\",\"dateModified\":\"2024-11-13T14:30:45+00:00\",\"description\":\"SONIMAT vous accompagne dans l'ing\u00e9nierie et la r\u00e9alisation de vos projets de soudure des thermoplastiques par infrarouge, lame chauffante, laser, etc.\",\"breadcrumb\":{\"@id\":\"https:\\\/\\\/sonimat.com\\\/plasturgie\\\/#breadcrumb\"},\"inLanguage\":\"de\",\"potentialAction\":[{\"@type\":\"ReadAction\",\"target\":[\"https:\\\/\\\/sonimat.com\\\/plasturgie\\\/\"]}]},{\"@type\":\"ImageObject\",\"inLanguage\":\"de\",\"@id\":\"https:\\\/\\\/sonimat.com\\\/plasturgie\\\/#primaryimage\",\"url\":\"https:\\\/\\\/sonimat.com\\\/wp-content\\\/uploads\\\/sites\\\/9\\\/2024\\\/05\\\/Procede-de-soudage-par-infrarouge-SONIMAT.jpg\",\"contentUrl\":\"https:\\\/\\\/sonimat.com\\\/wp-content\\\/uploads\\\/sites\\\/9\\\/2024\\\/05\\\/Procede-de-soudage-par-infrarouge-SONIMAT.jpg\",\"width\":2000,\"height\":900,\"caption\":\"Solutions de soudure pour les thermoplastiques\"},{\"@type\":\"BreadcrumbList\",\"@id\":\"https:\\\/\\\/sonimat.com\\\/plasturgie\\\/#breadcrumb\",\"itemListElement\":[{\"@type\":\"ListItem\",\"position\":1,\"name\":\"Accueil\",\"item\":\"https:\\\/\\\/sonimat.com\\\/de\\\/\"},{\"@type\":\"ListItem\",\"position\":2,\"name\":\"Schweissen von Kunststoffen\"}]},{\"@type\":\"WebSite\",\"@id\":\"https:\\\/\\\/sonimat.com\\\/#website\",\"url\":\"https:\\\/\\\/sonimat.com\\\/\",\"name\":\"SONIMAT\",\"description\":\"\",\"potentialAction\":[{\"@type\":\"SearchAction\",\"target\":{\"@type\":\"EntryPoint\",\"urlTemplate\":\"https:\\\/\\\/sonimat.com\\\/?s={search_term_string}\"},\"query-input\":{\"@type\":\"PropertyValueSpecification\",\"valueRequired\":true,\"valueName\":\"search_term_string\"}}],\"inLanguage\":\"de\"}]}<\/script>","yoast_head_json":{"title":"Schweissen von Kunststoffen - Multi-Prozess-Maschinen | SONIMAT","description":"SONIMAT vous accompagne dans l'ing\u00e9nierie et la r\u00e9alisation de vos projets de soudure des thermoplastiques par infrarouge, lame chauffante, laser, etc.","robots":{"index":"index","follow":"follow","max-snippet":"max-snippet:-1","max-image-preview":"max-image-preview:large","max-video-preview":"max-video-preview:-1"},"canonical":"https:\/\/sonimat.com\/plasturgie\/","og_locale":"de_DE","og_type":"article","og_title":"Schweissen von Kunststoffen - Multi-Prozess-Maschinen | SONIMAT","og_description":"SONIMAT vous accompagne dans l'ing\u00e9nierie et la r\u00e9alisation de vos projets de soudure des thermoplastiques par infrarouge, lame chauffante, laser, etc.","og_url":"https:\/\/sonimat.com\/plasturgie\/","og_site_name":"SONIMAT","article_modified_time":"2024-11-13T14:30:45+00:00","og_image":[{"width":2000,"height":900,"url":"https:\/\/sonimat.com\/wp-content\/uploads\/sites\/9\/2024\/05\/Procede-de-soudage-par-infrarouge-SONIMAT.jpg","type":"image\/jpeg"}],"twitter_card":"summary_large_image","twitter_site":"@EuropeTechno","twitter_misc":{"Gesch\u00e4tzte Lesezeit":"5\u00a0Minuten"},"schema":{"@context":"https:\/\/schema.org","@graph":[{"@type":"WebPage","@id":"https:\/\/sonimat.com\/plasturgie\/","url":"https:\/\/sonimat.com\/plasturgie\/","name":"Schweissen von Kunststoffen - Multi-Prozess-Maschinen | SONIMAT","isPartOf":{"@id":"https:\/\/sonimat.com\/#website"},"primaryImageOfPage":{"@id":"https:\/\/sonimat.com\/plasturgie\/#primaryimage"},"image":{"@id":"https:\/\/sonimat.com\/plasturgie\/#primaryimage"},"thumbnailUrl":"https:\/\/sonimat.com\/wp-content\/uploads\/sites\/9\/2024\/05\/Procede-de-soudage-par-infrarouge-SONIMAT.jpg","datePublished":"2018-10-15T11:55:07+00:00","dateModified":"2024-11-13T14:30:45+00:00","description":"SONIMAT vous accompagne dans l'ing\u00e9nierie et la r\u00e9alisation de vos projets de soudure des thermoplastiques par infrarouge, lame chauffante, laser, etc.","breadcrumb":{"@id":"https:\/\/sonimat.com\/plasturgie\/#breadcrumb"},"inLanguage":"de","potentialAction":[{"@type":"ReadAction","target":["https:\/\/sonimat.com\/plasturgie\/"]}]},{"@type":"ImageObject","inLanguage":"de","@id":"https:\/\/sonimat.com\/plasturgie\/#primaryimage","url":"https:\/\/sonimat.com\/wp-content\/uploads\/sites\/9\/2024\/05\/Procede-de-soudage-par-infrarouge-SONIMAT.jpg","contentUrl":"https:\/\/sonimat.com\/wp-content\/uploads\/sites\/9\/2024\/05\/Procede-de-soudage-par-infrarouge-SONIMAT.jpg","width":2000,"height":900,"caption":"Solutions de soudure pour les thermoplastiques"},{"@type":"BreadcrumbList","@id":"https:\/\/sonimat.com\/plasturgie\/#breadcrumb","itemListElement":[{"@type":"ListItem","position":1,"name":"Accueil","item":"https:\/\/sonimat.com\/de\/"},{"@type":"ListItem","position":2,"name":"Schweissen von Kunststoffen"}]},{"@type":"WebSite","@id":"https:\/\/sonimat.com\/#website","url":"https:\/\/sonimat.com\/","name":"SONIMAT","description":"","potentialAction":[{"@type":"SearchAction","target":{"@type":"EntryPoint","urlTemplate":"https:\/\/sonimat.com\/?s={search_term_string}"},"query-input":{"@type":"PropertyValueSpecification","valueRequired":true,"valueName":"search_term_string"}}],"inLanguage":"de"}]}},"_links":{"self":[{"href":"https:\/\/sonimat.com\/de\/wp-json\/wp\/v2\/pages\/22983","targetHints":{"allow":["GET"]}}],"collection":[{"href":"https:\/\/sonimat.com\/de\/wp-json\/wp\/v2\/pages"}],"about":[{"href":"https:\/\/sonimat.com\/de\/wp-json\/wp\/v2\/types\/page"}],"author":[{"embeddable":true,"href":"https:\/\/sonimat.com\/de\/wp-json\/wp\/v2\/users\/1"}],"replies":[{"embeddable":true,"href":"https:\/\/sonimat.com\/de\/wp-json\/wp\/v2\/comments?post=22983"}],"version-history":[{"count":16,"href":"https:\/\/sonimat.com\/de\/wp-json\/wp\/v2\/pages\/22983\/revisions"}],"predecessor-version":[{"id":29996,"href":"https:\/\/sonimat.com\/de\/wp-json\/wp\/v2\/pages\/22983\/revisions\/29996"}],"wp:featuredmedia":[{"embeddable":true,"href":"https:\/\/sonimat.com\/de\/wp-json\/wp\/v2\/media\/30737"}],"wp:attachment":[{"href":"https:\/\/sonimat.com\/de\/wp-json\/wp\/v2\/media?parent=22983"}],"curies":[{"name":"wp","href":"https:\/\/api.w.org\/{rel}","templated":true}]}}