{"id":22956,"date":"2018-10-15T13:55:13","date_gmt":"2018-10-15T11:55:13","guid":{"rendered":"https:\/\/sonimat.com\/machine-de-soudage-laser-plastique\/"},"modified":"2025-12-19T10:28:36","modified_gmt":"2025-12-19T09:28:36","slug":"laserschweissmaschinen","status":"publish","type":"page","link":"https:\/\/sonimat.com\/de\/schweissen-kunststoffen\/produkte\/laserschweissmaschinen\/","title":{"rendered":"Laserschwei\u00dfmaschinen"},"content":{"rendered":"<div class=\"wpb-content-wrapper\"><p>[vc_row content_placement=&#8220;middle&#8220;][vc_column width=&#8220;2\/3&#8243;][vc_column_text]<\/p>\n<h2><span lang=\"DE\">Produktlinie LSW \u2013 Laserschwei\u00dfmaschinen f\u00fcr Kunststoffe<\/span><\/h2>\n<p>SONIMAT bietet Ihnen eine innovative Maschinenreihe zum Laserschwei\u00dfen von Kunststoffen an.<\/p>\n<p>Das Laserschwei\u00dfen basiert auf der Transparenz von zwei \u00fcbereinander liegenden Materialien: das eine ist f\u00fcr die Laserstrahlung durchl\u00e4ssig, das andere absorbiert den Laserstrahl. Der an der Verbindungsstelle der beiden Teile fokussierte Laserstrahl durchdringt das transparente Material und bringt anschlie\u00dfend das absorbierende Material zum Schmelzen.<\/p>\n<p>Durch das schnelle Erkalten der Schwei\u00dfnaht nach der Laserbehandlung kann mit dieser Technologie eine feste Schwei\u00dfverbindung erzeugt werden.[\/vc_column_text][\/vc_column][vc_column width=&#8220;1\/3&#8243;]<div class=\"ult-content-box-container \" >\t<a class=\"ult-content-box-anchor\" href=\"https:\/\/sonimat.com\/en\/downloads\/\" title=\"Download der technischen Brosch\u00fcre\" target=\"_blank\" rel=\"noopener\" >\t\t<div class=\"ult-content-box\" style=\"background-color:#f2f2f2;box-shadow: px px px px none;padding:25px;margin:20px;-webkit-transition: all 700ms ease;-moz-transition: all 700ms ease;-ms-transition: all 700ms ease;-o-transition: all 700ms ease;transition: all 700ms ease;\"  data-hover_bg_color=\"#f9f9f9\"  data-hover_box_shadow=\"none\"    data-normal_margins=\"margin:20px;\"   data-bg=\"#f2f2f2\" >[vc_icon icon_fontawesome=&#8220;fas fa-download&#8220; color=&#8220;custom&#8220; background_style=&#8220;rounded-outline&#8220; background_color=&#8220;custom&#8220; size=&#8220;xl&#8220; align=&#8220;center&#8220; custom_color=&#8220;#cd5b1b&#8220; custom_background_color=&#8220;#cd5b1b&#8220; link=&#8220;|||&#8220;][vc_column_text css=&#8220;&#8220;]<\/p>\n<p style=\"text-align: center;\">Downloaden Sie unsere Brosch\u00fcre, um mehr \u00fcber die Produktlinie LSW zu erfahren.<\/p>\n<p style=\"text-align: center;\"><span style=\"font-size: 0.8em;\">Abschnitt &#8222;Plastics&#8220;, Broch\u00fcre 4 &#8211; &#8222;LSW &#8211; Laser welding machine&#8220; (in english)<\/span><\/p>\n<p>[\/vc_column_text]\t\t<\/div>\t<\/a><\/div>[\/vc_column][\/vc_row][vc_row content_placement=&#8220;middle&#8220;][vc_column width=&#8220;2\/3&#8243;][vc_column_text]<\/p>\n<h3>QUALIT\u00c4TSGARANTIE<\/h3>\n<ul>\n<li><span style=\"font-size: 0.8em;\">Robuste Maschinenkonstruktion<\/span><\/li>\n<li><span style=\"font-size: 0.8em;\">Pr\u00e4zision der Brushless-Achse<\/span><\/li>\n<li><span style=\"font-size: 0.8em;\">Von uns entworfen, montiert und gepr\u00fcft<\/span><\/li>\n<\/ul>\n<p>[\/vc_column_text][vc_row_inner content_placement=&#8220;middle&#8220;][vc_column_inner width=&#8220;1\/4&#8243;]<div class=\" ubtn-ctn-center \"><button type=\"button\" id=\"ubtn-8994\"  class=\"ubtn ult-adjust-bottom-margin ult-responsive ubtn-custom ubtn-fade-bg  none  ubtn-center   tooltip-69d289b1559ad\"  data-hover=\"#6f6e6e\" data-border-color=\"\" data-bg=\"#f2f2f2\" data-hover-bg=\"#f9f9f9\" data-border-hover=\"\" data-shadow-hover=\"\" data-shadow-click=\"none\" data-shadow=\"\" data-shd-shadow=\"\"  data-ultimate-target='#ubtn-8994'  data-responsive-json-new='{\"font-size\":\"desktop:17px;\",\"line-height\":\"\"}'  style=\"font-weight:normal;width:150px;min-height:50px;padding:20px 20px;border:none;background: #f2f2f2;color: #6f6e6e;\"><span class=\"ubtn-hover\" style=\"background-color:#f9f9f9\"><\/span><span class=\"ubtn-data ubtn-text \" >SERVO<\/span><\/button><\/div>[\/vc_column_inner][vc_column_inner width=&#8220;1\/4&#8243;]<div class=\" ubtn-ctn-center \"><button type=\"button\" id=\"ubtn-8922\"  class=\"ubtn ult-adjust-bottom-margin ult-responsive ubtn-custom ubtn-fade-bg  none  ubtn-center   tooltip-69d289b155a2e\"  data-hover=\"#6f6e6e\" data-border-color=\"\" data-bg=\"#f2f2f2\" data-hover-bg=\"#f9f9f9\" data-border-hover=\"\" data-shadow-hover=\"\" data-shadow-click=\"none\" data-shadow=\"\" data-shd-shadow=\"\"  data-ultimate-target='#ubtn-8922'  data-responsive-json-new='{\"font-size\":\"desktop:17px;\",\"line-height\":\"\"}'  style=\"font-weight:normal;width:150px;min-height:50px;padding:20px 20px;border:none;background: #f2f2f2;color: #6f6e6e;\"><span class=\"ubtn-hover\" style=\"background-color:#f9f9f9\"><\/span><span class=\"ubtn-data ubtn-text \" >FULL ELECTRIC<\/span><\/button><\/div>[\/vc_column_inner][vc_column_inner width=&#8220;1\/4&#8243;][vc_single_image image=&#8220;31004&#8243; img_size=&#8220;full&#8220; alignment=&#8220;center&#8220; css=&#8220;&#8220;][\/vc_column_inner][\/vc_row_inner][\/vc_column][vc_column width=&#8220;1\/3&#8243;][vc_single_image image=&#8220;22963&#8243; img_size=&#8220;full&#8220; alignment=&#8220;center&#8220; css=&#8220;&#8220;][\/vc_column][\/vc_row][vc_row][vc_column][vc_empty_space height=&#8220;60px&#8220;][vc_column_text]<em>Klicken Sie auf die folgenden Rubriken, um die Merkmale unserer Laserschwei\u00dfmaschine zu entdecken.<\/em>[\/vc_column_text][vc_tta_tabs alignment=&#8220;center&#8220; active_section=&#8220;1&#8243;][vc_tta_section title=&#8220;Merkmale&#8220; tab_id=&#8220;1581509151920-3c95da09-c393&#8243;][vc_row_inner content_placement=&#8220;top&#8220; gap=&#8220;35&#8243;][vc_column_inner width=&#8220;1\/2&#8243;][vc_column_text]<strong>Kontaktloses Schwei\u00dfen<\/strong><\/p>\n<ul>\n<li><span style=\"font-size: 0.8em;\">Autonome Kr\u00e4ftesteuerung<\/span><\/li>\n<li><span style=\"font-size: 0.8em;\">Keine Verschmutzung des Werkzeugs<\/span><\/li>\n<li><span style=\"font-size: 0.8em;\">Keine Vibration der Teile<\/span><\/li>\n<\/ul>\n<p><strong><span style=\"font-size: 0.9em;\">Hohe Leistung und Schwei\u00dfqualit\u00e4t<\/span><\/strong><\/p>\n<ul>\n<li><span style=\"font-size: 0.8em;\">Hohe Dichtheit, keine Staub, keine Partikel<\/span><\/li>\n<li><span style=\"font-size: 0.8em;\">Unsichtbar und \u00e4sthetisch<\/span><\/li>\n<li><span style=\"font-size: 0.8em;\">Reproduzierbar<\/span><\/li>\n<li><span style=\"font-size: 0.8em;\">Hohe mechanische Best\u00e4ndigkeit<\/span><\/li>\n<li><span style=\"font-size: 0.8em;\">Kurze Zykluszeiten<\/span><\/li>\n<\/ul>\n<p><strong>Kostenvorteile<\/strong><\/p>\n<ul>\n<li><span style=\"font-size: 0.8em;\">W\u00e4hrend des gesamten Lebenszyklus der Maschine<\/span><\/li>\n<li><span style=\"font-size: 0.8em;\">Gute Energieeffizienz<\/span><\/li>\n<li><span style=\"font-size: 0.8em;\">Einfache Prototypenherstellung<\/span><\/li>\n<\/ul>\n<p>[\/vc_column_text][vc_column_text]<strong>Technische Besonderheiten:<\/strong><\/p>\n<p>Bei diesem Schwei\u00dfverfahren ist die korrekte Einstellung des Drucks entscheidend. \u00dcber eine elektrische S\u00e4ule wird der Anpressdruck zwischen den beiden F\u00fcgepartnern angepasst und so eine gleichm\u00e4\u00dfige W\u00e4rme\u00fcbertragung zwischen den beiden Elementen gew\u00e4hrleistet.[\/vc_column_text][vc_column_text]<strong>Schwei\u00dfbare Werkstoffe:<\/strong><\/p>\n<p>PC <strong><span style=\"color: #009de0;\">|<\/span><\/strong> PA <strong><span style=\"color: #009de0;\">|<\/span><\/strong> PP <strong><span style=\"color: #009de0;\">|<\/span><\/strong> PS <strong><span style=\"color: #009de0;\">|<\/span><\/strong> PMMA <strong><span style=\"color: #009de0;\">|<\/span><\/strong> POM <strong><span style=\"color: #009de0;\">|<\/span><\/strong> PBT <strong><span style=\"color: #009de0;\">|<\/span><\/strong> PE[\/vc_column_text][\/vc_column_inner][vc_column_inner width=&#8220;1\/2&#8243;][vc_single_image image=&#8220;22962&#8243; img_size=&#8220;large&#8220; css=&#8220;&#8220;][\/vc_column_inner][\/vc_row_inner][\/vc_tta_section][vc_tta_section title=&#8220;Werkzeuge&#8220; tab_id=&#8220;1581509516246-aefd496d-5c49&#8243;][vc_row_inner][vc_column_inner][vc_column_text]SONIMAT hat sich auf den Entwurf und die Herstellung von Werkzeugen spezialisiert und garantiert die Qualit\u00e4t des Ergebnisses:[\/vc_column_text][vc_column_text]<\/p>\n<ul>\n<li><span style=\"font-size: 0.8em;\">Konstruktionsb\u00fcro: Planung, Entwurf, Zusammenbau und Anpassung Ihrer Werkzeuge<\/span><\/li>\n<li><span style=\"font-size: 0.8em;\">Ergonomisches Konzept: Produktion, Instandhaltung und Zug\u00e4nglichkeit der Werkzeuge<\/span><\/li>\n<li><span style=\"font-size: 0.8em;\">Standardisierte Spannvorrichtung<\/span><\/li>\n<li><span style=\"font-size: 0.8em;\">Schneller Werkzeugwechsel<\/span><\/li>\n<li><span style=\"font-size: 0.8em;\">Ergonomisches Konzept<\/span><\/li>\n<\/ul>\n<p>[\/vc_column_text][\/vc_column_inner][\/vc_row_inner][\/vc_tta_section][vc_tta_section title=&#8220;Modellpalette&#8220; tab_id=&#8220;1581509406954-d7f34f32-422b&#8220;][vc_row_inner][vc_column_inner width=&#8220;1\/4&#8243;][\/vc_column_inner][vc_column_inner width=&#8220;1\/4&#8243;]<div class=\"flip-box-wrap\" tabindex=\"0\" style=\"\"><div class=\"flip-box ifb-custom-height  horizontal_flip_left flip-box-custom-height flip-ifb-custom-height\"  style=\"\"  data-min-height='65px'><div class=\"ifb-flip-box\" id=\"flip-box-wrap-6625\"><div class=\"ifb-face ifb-front \" style=\"color:#6f6e6e;background:#f2f2f2;   \">\n\t\t\t\t\t\t\t<div class=\"ifb-flip-box-section \">\n\t\t\t\t\t\t\t<div class=\"ifb-flip-box-section-content ult-responsive\"  data-ultimate-target='#flip-box-wrap-6625 .ifb-flip-box-section-content.ult-responsive'  data-responsive-json-new='{\"font-size\":\"desktop:20px;\",\"line-height\":\"\"}'  style=\"color:#333333;color:#6f6e6e;\"><p>LSW 150<\/p><\/div><\/div><\/div><!-- END .front -->\n\t\t\t\t\t\t<div class=\"ifb-face ifb-back\" style=\"color:#6f6e6e;background:#f2f2f2;   \">\n\t\t\t\t\t\t\t<div class=\"ifb-flip-box-section \"><div class=\"ifb-flip-box-section-content ult-responsive\"  data-ultimate-target='#flip-box-wrap-6625 .ifb-flip-box-section-content.ult-responsive'  data-responsive-json-new='{\"font-size\":\"desktop:20px;\",\"line-height\":\"\"}'  style=\"color:#333333;color:#6f6e6e;\"><p>Optische Leistung: 150W<\/p><\/div><\/div><\/div><!-- END .back --><\/div> <!-- ifb-flip-box --><\/div> <!-- flip-box --><\/div><!-- End icon block -->[\/vc_column_inner][vc_column_inner width=&#8220;1\/4&#8243;]<div class=\"flip-box-wrap\" tabindex=\"0\" style=\"\"><div class=\"flip-box ifb-custom-height  horizontal_flip_left flip-box-custom-height flip-ifb-custom-height\"  style=\"\"  data-min-height='65px'><div class=\"ifb-flip-box\" id=\"flip-box-wrap-9974\"><div class=\"ifb-face ifb-front \" style=\"color:#6f6e6e;background:#f2f2f2;   \">\n\t\t\t\t\t\t\t<div class=\"ifb-flip-box-section \">\n\t\t\t\t\t\t\t<div class=\"ifb-flip-box-section-content ult-responsive\"  data-ultimate-target='#flip-box-wrap-9974 .ifb-flip-box-section-content.ult-responsive'  data-responsive-json-new='{\"font-size\":\"desktop:20px;\",\"line-height\":\"\"}'  style=\"color:#333333;color:#6f6e6e;\"><p>LSW 200<\/p><\/div><\/div><\/div><!-- END .front -->\n\t\t\t\t\t\t<div class=\"ifb-face ifb-back\" style=\"color:#6f6e6e;background:#f2f2f2;   \">\n\t\t\t\t\t\t\t<div class=\"ifb-flip-box-section \"><div class=\"ifb-flip-box-section-content ult-responsive\"  data-ultimate-target='#flip-box-wrap-9974 .ifb-flip-box-section-content.ult-responsive'  data-responsive-json-new='{\"font-size\":\"desktop:20px;\",\"line-height\":\"\"}'  style=\"color:#333333;color:#6f6e6e;\"><p>Optische Leistung: 200W<\/p><\/div><\/div><\/div><!-- END .back --><\/div> <!-- ifb-flip-box --><\/div> <!-- flip-box --><\/div><!-- End icon block -->[\/vc_column_inner][vc_column_inner width=&#8220;1\/4&#8243;][\/vc_column_inner][\/vc_row_inner][\/vc_tta_section][vc_tta_section title=&#8220;SCHL\u00dcSSELFERTIGE L\u00d6SUNGEN&#8220; tab_id=&#8220;1581509151994-fac36ee5-e72d&#8220;][vc_row_inner][vc_column_inner width=&#8220;1\/3&#8243;][vc_text_separator title=&#8220;&#8220; i_icon_fontawesome=&#8220;fa fa-cogs&#8220; i_color=&#8220;custom&#8220; i_background_style=&#8220;rounded-outline&#8220; i_background_color=&#8220;custom&#8220; i_size=&#8220;lg&#8220; color=&#8220;custom&#8220; style=&#8220;dashed&#8220; add_icon=&#8220;true&#8220; i_custom_color=&#8220;#2f3787&#8243; i_custom_background_color=&#8220;#2f3787&#8243; accent_color=&#8220;#e0e0e0&#8243;][vc_column_text]<\/p>\n<p style=\"text-align: center;\"><span style=\"color: #2f3787;\">Vorprojektierung<\/span><\/p>\n<p style=\"text-align: center;\">Expertise<\/p>\n<p style=\"text-align: center;\">Gemeinsame Entwicklung<\/p>\n<p style=\"text-align: center;\">Durchf\u00fchrbarkeit<\/p>\n<p style=\"text-align: center;\">Prototyp<\/p>\n<p>[\/vc_column_text][\/vc_column_inner][vc_column_inner width=&#8220;1\/3&#8243;][vc_text_separator title=&#8220;&#8220; i_icon_fontawesome=&#8220;fa fa-wrench&#8220; i_color=&#8220;custom&#8220; i_background_style=&#8220;rounded-outline&#8220; i_background_color=&#8220;custom&#8220; i_size=&#8220;lg&#8220; color=&#8220;custom&#8220; style=&#8220;dashed&#8220; add_icon=&#8220;true&#8220; i_custom_color=&#8220;#2f3787&#8243; i_custom_background_color=&#8220;#2f3787&#8243; accent_color=&#8220;#e0e0e0&#8243;][vc_column_text]<\/p>\n<p style=\"text-align: center;\"><span style=\"color: #2f3787;\">Herstellung<\/span><\/p>\n<p style=\"text-align: center;\">Entwurf &#8211; Technische Planung<\/p>\n<p style=\"text-align: center;\">Maschinenbau<\/p>\n<p style=\"text-align: center;\">Montage<\/p>\n<p style=\"text-align: center;\">Automatisierung<\/p>\n<p>[\/vc_column_text][\/vc_column_inner][vc_column_inner width=&#8220;1\/3&#8243;][vc_text_separator title=&#8220;&#8220; i_icon_fontawesome=&#8220;fa fa-industry&#8220; i_color=&#8220;custom&#8220; i_background_style=&#8220;rounded-outline&#8220; i_background_color=&#8220;custom&#8220; i_size=&#8220;lg&#8220; color=&#8220;custom&#8220; style=&#8220;dashed&#8220; add_icon=&#8220;true&#8220; i_custom_color=&#8220;#2f3787&#8243; i_custom_background_color=&#8220;#2f3787&#8243; accent_color=&#8220;#e0e0e0&#8243;][vc_column_text]<\/p>\n<p style=\"text-align: center;\"><span style=\"color: #2f3787;\">Vor Ort<\/span><\/p>\n<p style=\"text-align: center;\">Installation<\/p>\n<p style=\"text-align: center;\">Schulung<\/p>\n<p style=\"text-align: center;\">Kundendienst<\/p>\n<p>[\/vc_column_text][\/vc_column_inner][\/vc_row_inner][\/vc_tta_section][\/vc_tta_tabs][\/vc_column][\/vc_row][vc_row bg_type=&#8220;bg_color&#8220; bg_override=&#8220;full&#8220; bg_color_value=&#8220;#f2f2f2&#8243;][vc_column][vc_empty_space height=&#8220;15px&#8220;][vc_column_text]<\/p>\n<h3 style=\"text-align: center;\">Anwendungenbespiele<\/h3>\n<p>[\/vc_column_text][vc_row_inner][vc_column_inner width=&#8220;1\/3&#8243;][vc_video link=&#8220;https:\/\/youtu.be\/nXF1DqoygkA?t=8&#8243;][\/vc_column_inner][vc_column_inner width=&#8220;1\/3&#8243;][vc_video link=&#8220;https:\/\/youtu.be\/QfwConeXHAI&#8220;][\/vc_column_inner][vc_column_inner width=&#8220;1\/3&#8243;][vc_video link=&#8220;https:\/\/youtu.be\/O8LjBz9erkM&#8220; css=&#8220;&#8220;][\/vc_column_inner][\/vc_row_inner][\/vc_column][\/vc_row][vc_row][vc_column][vc_empty_space height=&#8220;60px&#8220;][vc_btn title=&#8220;Downloaden Sie unsere LSW Brosch\u00fcre, um mehr \u00fcber unsere Laserschwei\u00dfmaschinen zu erfahren.&#8220; style=&#8220;custom&#8220; custom_background=&#8220;#cd5b1b&#8220; custom_text=&#8220;#ffffff&#8220; size=&#8220;lg&#8220; align=&#8220;center&#8220; i_icon_fontawesome=&#8220;fas fa-file-download&#8220; css_animation=&#8220;bounceIn&#8220; css=&#8220;&#8220; button_block=&#8220;true&#8220; add_icon=&#8220;true&#8220; link=&#8220;url:https%3A%2F%2Fsonimat.com%2Fen%2Fdownloads%2F|target:_blank&#8220;][vc_empty_space height=&#8220;60px&#8220;][\/vc_column][\/vc_row]<\/p>\n<\/div>","protected":false},"excerpt":{"rendered":"<p>[vc_row content_placement=&#8220;middle&#8220;][vc_column width=&#8220;2\/3&#8243;][vc_column_text] Produktlinie LSW \u2013 Laserschwei\u00dfmaschinen f\u00fcr Kunststoffe SONIMAT bietet Ihnen eine innovative Maschinenreihe zum Laserschwei\u00dfen von Kunststoffen an. Das Laserschwei\u00dfen basiert auf der Transparenz von zwei \u00fcbereinander liegenden&hellip;<\/p>\n","protected":false},"author":1,"featured_media":22958,"parent":22979,"menu_order":0,"comment_status":"closed","ping_status":"closed","template":"","meta":{"_acf_changed":false,"footnotes":""},"class_list":["post-22956","page","type-page","status-publish","has-post-thumbnail","hentry"],"acf":[],"yoast_head":"<title>Laserschwei\u00dfmaschinen von Kunststoffen | SONIMAT<\/title>\n<meta name=\"description\" content=\"SONIMAT bietet Ihnen die LSW-Reihe von Kunststoff-Laserschwei\u00dfmaschinen an. Erfahren Sie mehr \u00fcber ihre Vorteile, Eigenschaften und Anwendungen.\" \/>\n<meta name=\"robots\" content=\"index, follow, max-snippet:-1, max-image-preview:large, max-video-preview:-1\" \/>\n<link rel=\"canonical\" href=\"https:\/\/sonimat.com\/de\/schweissen-kunststoffen\/produkte\/laserschweissmaschinen\/\" \/>\n<meta property=\"og:locale\" content=\"de_DE\" \/>\n<meta property=\"og:type\" content=\"article\" \/>\n<meta property=\"og:title\" content=\"Laserschwei\u00dfmaschinen von Kunststoffen | SONIMAT\" \/>\n<meta property=\"og:description\" content=\"SONIMAT bietet Ihnen die LSW-Reihe von Kunststoff-Laserschwei\u00dfmaschinen an. Erfahren Sie mehr \u00fcber ihre Vorteile, Eigenschaften und Anwendungen.\" \/>\n<meta property=\"og:url\" content=\"https:\/\/sonimat.com\/de\/schweissen-kunststoffen\/produkte\/laserschweissmaschinen\/\" \/>\n<meta property=\"og:site_name\" content=\"SONIMAT\" \/>\n<meta property=\"article:modified_time\" content=\"2025-12-19T09:28:36+00:00\" \/>\n<meta property=\"og:image\" content=\"https:\/\/sonimat.com\/wp-content\/uploads\/sites\/9\/2018\/12\/soudure-plastique-laser.jpg\" \/>\n\t<meta property=\"og:image:width\" content=\"2000\" \/>\n\t<meta property=\"og:image:height\" content=\"1000\" \/>\n\t<meta property=\"og:image:type\" content=\"image\/jpeg\" \/>\n<meta name=\"twitter:card\" content=\"summary_large_image\" \/>\n<meta name=\"twitter:site\" content=\"@EuropeTechno\" \/>\n<meta name=\"twitter:label1\" content=\"Gesch\u00e4tzte Lesezeit\" \/>\n\t<meta name=\"twitter:data1\" content=\"4\u00a0Minuten\" \/>\n<script type=\"application\/ld+json\" class=\"yoast-schema-graph\">{\"@context\":\"https:\\\/\\\/schema.org\",\"@graph\":[{\"@type\":\"WebPage\",\"@id\":\"https:\\\/\\\/sonimat.com\\\/de\\\/schweissen-kunststoffen\\\/produkte\\\/laserschweissmaschinen\\\/\",\"url\":\"https:\\\/\\\/sonimat.com\\\/de\\\/schweissen-kunststoffen\\\/produkte\\\/laserschweissmaschinen\\\/\",\"name\":\"Laserschwei\u00dfmaschinen von Kunststoffen | SONIMAT\",\"isPartOf\":{\"@id\":\"https:\\\/\\\/sonimat.com\\\/#website\"},\"primaryImageOfPage\":{\"@id\":\"https:\\\/\\\/sonimat.com\\\/de\\\/schweissen-kunststoffen\\\/produkte\\\/laserschweissmaschinen\\\/#primaryimage\"},\"image\":{\"@id\":\"https:\\\/\\\/sonimat.com\\\/de\\\/schweissen-kunststoffen\\\/produkte\\\/laserschweissmaschinen\\\/#primaryimage\"},\"thumbnailUrl\":\"https:\\\/\\\/sonimat.com\\\/wp-content\\\/uploads\\\/sites\\\/9\\\/2018\\\/12\\\/soudure-plastique-laser.jpg\",\"datePublished\":\"2018-10-15T11:55:13+00:00\",\"dateModified\":\"2025-12-19T09:28:36+00:00\",\"description\":\"SONIMAT bietet Ihnen die LSW-Reihe von Kunststoff-Laserschwei\u00dfmaschinen an. Erfahren Sie mehr \u00fcber ihre Vorteile, Eigenschaften und Anwendungen.\",\"breadcrumb\":{\"@id\":\"https:\\\/\\\/sonimat.com\\\/de\\\/schweissen-kunststoffen\\\/produkte\\\/laserschweissmaschinen\\\/#breadcrumb\"},\"inLanguage\":\"de\",\"potentialAction\":[{\"@type\":\"ReadAction\",\"target\":[\"https:\\\/\\\/sonimat.com\\\/de\\\/schweissen-kunststoffen\\\/produkte\\\/laserschweissmaschinen\\\/\"]}]},{\"@type\":\"ImageObject\",\"inLanguage\":\"de\",\"@id\":\"https:\\\/\\\/sonimat.com\\\/de\\\/schweissen-kunststoffen\\\/produkte\\\/laserschweissmaschinen\\\/#primaryimage\",\"url\":\"https:\\\/\\\/sonimat.com\\\/wp-content\\\/uploads\\\/sites\\\/9\\\/2018\\\/12\\\/soudure-plastique-laser.jpg\",\"contentUrl\":\"https:\\\/\\\/sonimat.com\\\/wp-content\\\/uploads\\\/sites\\\/9\\\/2018\\\/12\\\/soudure-plastique-laser.jpg\",\"width\":2000,\"height\":1000,\"caption\":\"LSW\"},{\"@type\":\"BreadcrumbList\",\"@id\":\"https:\\\/\\\/sonimat.com\\\/de\\\/schweissen-kunststoffen\\\/produkte\\\/laserschweissmaschinen\\\/#breadcrumb\",\"itemListElement\":[{\"@type\":\"ListItem\",\"position\":1,\"name\":\"Accueil\",\"item\":\"https:\\\/\\\/sonimat.com\\\/de\\\/\"},{\"@type\":\"ListItem\",\"position\":2,\"name\":\"Schweissen von Kunststoffen\",\"item\":\"https:\\\/\\\/sonimat.com\\\/plasturgie\\\/\"},{\"@type\":\"ListItem\",\"position\":3,\"name\":\"Produkte\",\"item\":\"https:\\\/\\\/sonimat.com\\\/plasturgie\\\/produits\\\/\"},{\"@type\":\"ListItem\",\"position\":4,\"name\":\"Laserschwei\u00dfmaschinen\"}]},{\"@type\":\"WebSite\",\"@id\":\"https:\\\/\\\/sonimat.com\\\/#website\",\"url\":\"https:\\\/\\\/sonimat.com\\\/\",\"name\":\"SONIMAT\",\"description\":\"\",\"potentialAction\":[{\"@type\":\"SearchAction\",\"target\":{\"@type\":\"EntryPoint\",\"urlTemplate\":\"https:\\\/\\\/sonimat.com\\\/?s={search_term_string}\"},\"query-input\":{\"@type\":\"PropertyValueSpecification\",\"valueRequired\":true,\"valueName\":\"search_term_string\"}}],\"inLanguage\":\"de\"}]}<\/script>","yoast_head_json":{"title":"Laserschwei\u00dfmaschinen von Kunststoffen | SONIMAT","description":"SONIMAT bietet Ihnen die LSW-Reihe von Kunststoff-Laserschwei\u00dfmaschinen an. Erfahren Sie mehr \u00fcber ihre Vorteile, Eigenschaften und Anwendungen.","robots":{"index":"index","follow":"follow","max-snippet":"max-snippet:-1","max-image-preview":"max-image-preview:large","max-video-preview":"max-video-preview:-1"},"canonical":"https:\/\/sonimat.com\/de\/schweissen-kunststoffen\/produkte\/laserschweissmaschinen\/","og_locale":"de_DE","og_type":"article","og_title":"Laserschwei\u00dfmaschinen von Kunststoffen | SONIMAT","og_description":"SONIMAT bietet Ihnen die LSW-Reihe von Kunststoff-Laserschwei\u00dfmaschinen an. Erfahren Sie mehr \u00fcber ihre Vorteile, Eigenschaften und Anwendungen.","og_url":"https:\/\/sonimat.com\/de\/schweissen-kunststoffen\/produkte\/laserschweissmaschinen\/","og_site_name":"SONIMAT","article_modified_time":"2025-12-19T09:28:36+00:00","og_image":[{"width":2000,"height":1000,"url":"https:\/\/sonimat.com\/wp-content\/uploads\/sites\/9\/2018\/12\/soudure-plastique-laser.jpg","type":"image\/jpeg"}],"twitter_card":"summary_large_image","twitter_site":"@EuropeTechno","twitter_misc":{"Gesch\u00e4tzte Lesezeit":"4\u00a0Minuten"},"schema":{"@context":"https:\/\/schema.org","@graph":[{"@type":"WebPage","@id":"https:\/\/sonimat.com\/de\/schweissen-kunststoffen\/produkte\/laserschweissmaschinen\/","url":"https:\/\/sonimat.com\/de\/schweissen-kunststoffen\/produkte\/laserschweissmaschinen\/","name":"Laserschwei\u00dfmaschinen von Kunststoffen | SONIMAT","isPartOf":{"@id":"https:\/\/sonimat.com\/#website"},"primaryImageOfPage":{"@id":"https:\/\/sonimat.com\/de\/schweissen-kunststoffen\/produkte\/laserschweissmaschinen\/#primaryimage"},"image":{"@id":"https:\/\/sonimat.com\/de\/schweissen-kunststoffen\/produkte\/laserschweissmaschinen\/#primaryimage"},"thumbnailUrl":"https:\/\/sonimat.com\/wp-content\/uploads\/sites\/9\/2018\/12\/soudure-plastique-laser.jpg","datePublished":"2018-10-15T11:55:13+00:00","dateModified":"2025-12-19T09:28:36+00:00","description":"SONIMAT bietet Ihnen die LSW-Reihe von Kunststoff-Laserschwei\u00dfmaschinen an. Erfahren Sie mehr \u00fcber ihre Vorteile, Eigenschaften und Anwendungen.","breadcrumb":{"@id":"https:\/\/sonimat.com\/de\/schweissen-kunststoffen\/produkte\/laserschweissmaschinen\/#breadcrumb"},"inLanguage":"de","potentialAction":[{"@type":"ReadAction","target":["https:\/\/sonimat.com\/de\/schweissen-kunststoffen\/produkte\/laserschweissmaschinen\/"]}]},{"@type":"ImageObject","inLanguage":"de","@id":"https:\/\/sonimat.com\/de\/schweissen-kunststoffen\/produkte\/laserschweissmaschinen\/#primaryimage","url":"https:\/\/sonimat.com\/wp-content\/uploads\/sites\/9\/2018\/12\/soudure-plastique-laser.jpg","contentUrl":"https:\/\/sonimat.com\/wp-content\/uploads\/sites\/9\/2018\/12\/soudure-plastique-laser.jpg","width":2000,"height":1000,"caption":"LSW"},{"@type":"BreadcrumbList","@id":"https:\/\/sonimat.com\/de\/schweissen-kunststoffen\/produkte\/laserschweissmaschinen\/#breadcrumb","itemListElement":[{"@type":"ListItem","position":1,"name":"Accueil","item":"https:\/\/sonimat.com\/de\/"},{"@type":"ListItem","position":2,"name":"Schweissen von Kunststoffen","item":"https:\/\/sonimat.com\/plasturgie\/"},{"@type":"ListItem","position":3,"name":"Produkte","item":"https:\/\/sonimat.com\/plasturgie\/produits\/"},{"@type":"ListItem","position":4,"name":"Laserschwei\u00dfmaschinen"}]},{"@type":"WebSite","@id":"https:\/\/sonimat.com\/#website","url":"https:\/\/sonimat.com\/","name":"SONIMAT","description":"","potentialAction":[{"@type":"SearchAction","target":{"@type":"EntryPoint","urlTemplate":"https:\/\/sonimat.com\/?s={search_term_string}"},"query-input":{"@type":"PropertyValueSpecification","valueRequired":true,"valueName":"search_term_string"}}],"inLanguage":"de"}]}},"_links":{"self":[{"href":"https:\/\/sonimat.com\/de\/wp-json\/wp\/v2\/pages\/22956","targetHints":{"allow":["GET"]}}],"collection":[{"href":"https:\/\/sonimat.com\/de\/wp-json\/wp\/v2\/pages"}],"about":[{"href":"https:\/\/sonimat.com\/de\/wp-json\/wp\/v2\/types\/page"}],"author":[{"embeddable":true,"href":"https:\/\/sonimat.com\/de\/wp-json\/wp\/v2\/users\/1"}],"replies":[{"embeddable":true,"href":"https:\/\/sonimat.com\/de\/wp-json\/wp\/v2\/comments?post=22956"}],"version-history":[{"count":5,"href":"https:\/\/sonimat.com\/de\/wp-json\/wp\/v2\/pages\/22956\/revisions"}],"predecessor-version":[{"id":31968,"href":"https:\/\/sonimat.com\/de\/wp-json\/wp\/v2\/pages\/22956\/revisions\/31968"}],"up":[{"embeddable":true,"href":"https:\/\/sonimat.com\/de\/wp-json\/wp\/v2\/pages\/22979"}],"wp:featuredmedia":[{"embeddable":true,"href":"https:\/\/sonimat.com\/de\/wp-json\/wp\/v2\/media\/22958"}],"wp:attachment":[{"href":"https:\/\/sonimat.com\/de\/wp-json\/wp\/v2\/media?parent=22956"}],"curies":[{"name":"wp","href":"https:\/\/api.w.org\/{rel}","templated":true}]}}