{"id":22939,"date":"2018-10-15T13:55:17","date_gmt":"2018-10-15T11:55:17","guid":{"rendered":"https:\/\/sonimat.com\/formation\/"},"modified":"2023-07-03T17:49:50","modified_gmt":"2023-07-03T15:49:50","slug":"ausbildung","status":"publish","type":"page","link":"https:\/\/sonimat.com\/de\/schweissen-kunststoffen\/technisches-zentrum\/ausbildung\/","title":{"rendered":"Schulungen"},"content":{"rendered":"<div class=\"wpb-content-wrapper\"><p>[vc_row][vc_column][vc_row_inner equal_height=&#8220;yes&#8220; content_placement=&#8220;middle&#8220;][vc_column_inner][vc_column_text]<\/p>\n<h2>Schulungen<\/h2>\n<p>Schulungen spielen bei SONIMAT eine wichtige Rolle.<\/p>\n<p>Unsere Mitarbeitenden nehmen regelm\u00e4\u00dfig an Weiterbildungsma\u00dfnahmen teil, um ihr Fachwissen im Bereich des Schwei\u00dfens von thermoplastischen Kunststoffen weiter auszubauen und Sie bei der Umsetzung Ihrer Projekte unterst\u00fctzen zu k\u00f6nnen.<\/p>\n<p>Nat\u00fcrlich bieten wir auch Schulungen f\u00fcr unsere Kunden an, um ihnen das notwendige Know-how f\u00fcr eine optimale Nutzung unserer Schwei\u00dfmaschinen zu vermitteln.[\/vc_column_text][\/vc_column_inner][\/vc_row_inner][\/vc_column][\/vc_row][vc_row][vc_column][vc_empty_space][\/vc_column][\/vc_row]<\/p>\n<\/div>","protected":false},"excerpt":{"rendered":"<p>[vc_row][vc_column][vc_row_inner equal_height=&#8220;yes&#8220; content_placement=&#8220;middle&#8220;][vc_column_inner][vc_column_text] Schulungen Schulungen spielen bei SONIMAT eine wichtige Rolle. Unsere Mitarbeitenden nehmen regelm\u00e4\u00dfig an Weiterbildungsma\u00dfnahmen teil, um ihr Fachwissen im Bereich des Schwei\u00dfens von thermoplastischen Kunststoffen weiter auszubauen&hellip;<\/p>\n","protected":false},"author":1,"featured_media":30737,"parent":22940,"menu_order":0,"comment_status":"closed","ping_status":"closed","template":"","meta":{"_acf_changed":false,"footnotes":""},"class_list":["post-22939","page","type-page","status-publish","has-post-thumbnail","hentry"],"acf":[],"yoast_head":"<title>Schulungen - SONIMAT<\/title>\n<meta name=\"robots\" content=\"index, follow, max-snippet:-1, max-image-preview:large, max-video-preview:-1\" \/>\n<link rel=\"canonical\" href=\"https:\/\/sonimat.com\/de\/schweissen-kunststoffen\/technisches-zentrum\/ausbildung\/\" \/>\n<meta property=\"og:locale\" content=\"de_DE\" \/>\n<meta property=\"og:type\" content=\"article\" \/>\n<meta property=\"og:title\" content=\"Schulungen - SONIMAT\" \/>\n<meta property=\"og:description\" content=\"[vc_row][vc_column][vc_row_inner equal_height=&#8220;yes&#8220; content_placement=&#8220;middle&#8220;][vc_column_inner][vc_column_text] Schulungen Schulungen spielen bei SONIMAT eine wichtige Rolle. Unsere Mitarbeitenden nehmen regelm\u00e4\u00dfig an Weiterbildungsma\u00dfnahmen teil, um ihr Fachwissen im Bereich des Schwei\u00dfens von thermoplastischen Kunststoffen weiter auszubauen&hellip;\" \/>\n<meta property=\"og:url\" content=\"https:\/\/sonimat.com\/de\/schweissen-kunststoffen\/technisches-zentrum\/ausbildung\/\" \/>\n<meta property=\"og:site_name\" content=\"SONIMAT\" \/>\n<meta property=\"article:modified_time\" content=\"2023-07-03T15:49:50+00:00\" \/>\n<meta property=\"og:image\" content=\"https:\/\/sonimat.com\/wp-content\/uploads\/sites\/9\/2024\/05\/Procede-de-soudage-par-infrarouge-SONIMAT.jpg\" \/>\n\t<meta property=\"og:image:width\" content=\"2000\" \/>\n\t<meta property=\"og:image:height\" content=\"900\" \/>\n\t<meta property=\"og:image:type\" content=\"image\/jpeg\" \/>\n<meta name=\"twitter:card\" content=\"summary_large_image\" \/>\n<meta name=\"twitter:site\" content=\"@EuropeTechno\" \/>\n<meta name=\"twitter:label1\" content=\"Gesch\u00e4tzte Lesezeit\" \/>\n\t<meta name=\"twitter:data1\" content=\"1\u00a0Minute\" \/>\n<script type=\"application\/ld+json\" class=\"yoast-schema-graph\">{\"@context\":\"https:\\\/\\\/schema.org\",\"@graph\":[{\"@type\":\"WebPage\",\"@id\":\"https:\\\/\\\/sonimat.com\\\/de\\\/schweissen-kunststoffen\\\/technisches-zentrum\\\/ausbildung\\\/\",\"url\":\"https:\\\/\\\/sonimat.com\\\/de\\\/schweissen-kunststoffen\\\/technisches-zentrum\\\/ausbildung\\\/\",\"name\":\"Schulungen - SONIMAT\",\"isPartOf\":{\"@id\":\"https:\\\/\\\/sonimat.com\\\/#website\"},\"primaryImageOfPage\":{\"@id\":\"https:\\\/\\\/sonimat.com\\\/de\\\/schweissen-kunststoffen\\\/technisches-zentrum\\\/ausbildung\\\/#primaryimage\"},\"image\":{\"@id\":\"https:\\\/\\\/sonimat.com\\\/de\\\/schweissen-kunststoffen\\\/technisches-zentrum\\\/ausbildung\\\/#primaryimage\"},\"thumbnailUrl\":\"https:\\\/\\\/sonimat.com\\\/wp-content\\\/uploads\\\/sites\\\/9\\\/2024\\\/05\\\/Procede-de-soudage-par-infrarouge-SONIMAT.jpg\",\"datePublished\":\"2018-10-15T11:55:17+00:00\",\"dateModified\":\"2023-07-03T15:49:50+00:00\",\"breadcrumb\":{\"@id\":\"https:\\\/\\\/sonimat.com\\\/de\\\/schweissen-kunststoffen\\\/technisches-zentrum\\\/ausbildung\\\/#breadcrumb\"},\"inLanguage\":\"de\",\"potentialAction\":[{\"@type\":\"ReadAction\",\"target\":[\"https:\\\/\\\/sonimat.com\\\/de\\\/schweissen-kunststoffen\\\/technisches-zentrum\\\/ausbildung\\\/\"]}]},{\"@type\":\"ImageObject\",\"inLanguage\":\"de\",\"@id\":\"https:\\\/\\\/sonimat.com\\\/de\\\/schweissen-kunststoffen\\\/technisches-zentrum\\\/ausbildung\\\/#primaryimage\",\"url\":\"https:\\\/\\\/sonimat.com\\\/wp-content\\\/uploads\\\/sites\\\/9\\\/2024\\\/05\\\/Procede-de-soudage-par-infrarouge-SONIMAT.jpg\",\"contentUrl\":\"https:\\\/\\\/sonimat.com\\\/wp-content\\\/uploads\\\/sites\\\/9\\\/2024\\\/05\\\/Procede-de-soudage-par-infrarouge-SONIMAT.jpg\",\"width\":2000,\"height\":900,\"caption\":\"Solutions de soudure pour les thermoplastiques\"},{\"@type\":\"BreadcrumbList\",\"@id\":\"https:\\\/\\\/sonimat.com\\\/de\\\/schweissen-kunststoffen\\\/technisches-zentrum\\\/ausbildung\\\/#breadcrumb\",\"itemListElement\":[{\"@type\":\"ListItem\",\"position\":1,\"name\":\"Accueil\",\"item\":\"https:\\\/\\\/sonimat.com\\\/de\\\/\"},{\"@type\":\"ListItem\",\"position\":2,\"name\":\"Schweissen von Kunststoffen\",\"item\":\"https:\\\/\\\/sonimat.com\\\/plasturgie\\\/\"},{\"@type\":\"ListItem\",\"position\":3,\"name\":\"Technisches Zentrum\",\"item\":\"https:\\\/\\\/sonimat.com\\\/de\\\/schweissen-kunststoffen\\\/technisches-zentrum\\\/\"},{\"@type\":\"ListItem\",\"position\":4,\"name\":\"Schulungen\"}]},{\"@type\":\"WebSite\",\"@id\":\"https:\\\/\\\/sonimat.com\\\/#website\",\"url\":\"https:\\\/\\\/sonimat.com\\\/\",\"name\":\"SONIMAT\",\"description\":\"\",\"potentialAction\":[{\"@type\":\"SearchAction\",\"target\":{\"@type\":\"EntryPoint\",\"urlTemplate\":\"https:\\\/\\\/sonimat.com\\\/?s={search_term_string}\"},\"query-input\":{\"@type\":\"PropertyValueSpecification\",\"valueRequired\":true,\"valueName\":\"search_term_string\"}}],\"inLanguage\":\"de\"}]}<\/script>","yoast_head_json":{"title":"Schulungen - SONIMAT","robots":{"index":"index","follow":"follow","max-snippet":"max-snippet:-1","max-image-preview":"max-image-preview:large","max-video-preview":"max-video-preview:-1"},"canonical":"https:\/\/sonimat.com\/de\/schweissen-kunststoffen\/technisches-zentrum\/ausbildung\/","og_locale":"de_DE","og_type":"article","og_title":"Schulungen - SONIMAT","og_description":"[vc_row][vc_column][vc_row_inner equal_height=&#8220;yes&#8220; content_placement=&#8220;middle&#8220;][vc_column_inner][vc_column_text] Schulungen Schulungen spielen bei SONIMAT eine wichtige Rolle. Unsere Mitarbeitenden nehmen regelm\u00e4\u00dfig an Weiterbildungsma\u00dfnahmen teil, um ihr Fachwissen im Bereich des Schwei\u00dfens von thermoplastischen Kunststoffen weiter auszubauen&hellip;","og_url":"https:\/\/sonimat.com\/de\/schweissen-kunststoffen\/technisches-zentrum\/ausbildung\/","og_site_name":"SONIMAT","article_modified_time":"2023-07-03T15:49:50+00:00","og_image":[{"width":2000,"height":900,"url":"https:\/\/sonimat.com\/wp-content\/uploads\/sites\/9\/2024\/05\/Procede-de-soudage-par-infrarouge-SONIMAT.jpg","type":"image\/jpeg"}],"twitter_card":"summary_large_image","twitter_site":"@EuropeTechno","twitter_misc":{"Gesch\u00e4tzte Lesezeit":"1\u00a0Minute"},"schema":{"@context":"https:\/\/schema.org","@graph":[{"@type":"WebPage","@id":"https:\/\/sonimat.com\/de\/schweissen-kunststoffen\/technisches-zentrum\/ausbildung\/","url":"https:\/\/sonimat.com\/de\/schweissen-kunststoffen\/technisches-zentrum\/ausbildung\/","name":"Schulungen - SONIMAT","isPartOf":{"@id":"https:\/\/sonimat.com\/#website"},"primaryImageOfPage":{"@id":"https:\/\/sonimat.com\/de\/schweissen-kunststoffen\/technisches-zentrum\/ausbildung\/#primaryimage"},"image":{"@id":"https:\/\/sonimat.com\/de\/schweissen-kunststoffen\/technisches-zentrum\/ausbildung\/#primaryimage"},"thumbnailUrl":"https:\/\/sonimat.com\/wp-content\/uploads\/sites\/9\/2024\/05\/Procede-de-soudage-par-infrarouge-SONIMAT.jpg","datePublished":"2018-10-15T11:55:17+00:00","dateModified":"2023-07-03T15:49:50+00:00","breadcrumb":{"@id":"https:\/\/sonimat.com\/de\/schweissen-kunststoffen\/technisches-zentrum\/ausbildung\/#breadcrumb"},"inLanguage":"de","potentialAction":[{"@type":"ReadAction","target":["https:\/\/sonimat.com\/de\/schweissen-kunststoffen\/technisches-zentrum\/ausbildung\/"]}]},{"@type":"ImageObject","inLanguage":"de","@id":"https:\/\/sonimat.com\/de\/schweissen-kunststoffen\/technisches-zentrum\/ausbildung\/#primaryimage","url":"https:\/\/sonimat.com\/wp-content\/uploads\/sites\/9\/2024\/05\/Procede-de-soudage-par-infrarouge-SONIMAT.jpg","contentUrl":"https:\/\/sonimat.com\/wp-content\/uploads\/sites\/9\/2024\/05\/Procede-de-soudage-par-infrarouge-SONIMAT.jpg","width":2000,"height":900,"caption":"Solutions de soudure pour les thermoplastiques"},{"@type":"BreadcrumbList","@id":"https:\/\/sonimat.com\/de\/schweissen-kunststoffen\/technisches-zentrum\/ausbildung\/#breadcrumb","itemListElement":[{"@type":"ListItem","position":1,"name":"Accueil","item":"https:\/\/sonimat.com\/de\/"},{"@type":"ListItem","position":2,"name":"Schweissen von Kunststoffen","item":"https:\/\/sonimat.com\/plasturgie\/"},{"@type":"ListItem","position":3,"name":"Technisches Zentrum","item":"https:\/\/sonimat.com\/de\/schweissen-kunststoffen\/technisches-zentrum\/"},{"@type":"ListItem","position":4,"name":"Schulungen"}]},{"@type":"WebSite","@id":"https:\/\/sonimat.com\/#website","url":"https:\/\/sonimat.com\/","name":"SONIMAT","description":"","potentialAction":[{"@type":"SearchAction","target":{"@type":"EntryPoint","urlTemplate":"https:\/\/sonimat.com\/?s={search_term_string}"},"query-input":{"@type":"PropertyValueSpecification","valueRequired":true,"valueName":"search_term_string"}}],"inLanguage":"de"}]}},"_links":{"self":[{"href":"https:\/\/sonimat.com\/de\/wp-json\/wp\/v2\/pages\/22939","targetHints":{"allow":["GET"]}}],"collection":[{"href":"https:\/\/sonimat.com\/de\/wp-json\/wp\/v2\/pages"}],"about":[{"href":"https:\/\/sonimat.com\/de\/wp-json\/wp\/v2\/types\/page"}],"author":[{"embeddable":true,"href":"https:\/\/sonimat.com\/de\/wp-json\/wp\/v2\/users\/1"}],"replies":[{"embeddable":true,"href":"https:\/\/sonimat.com\/de\/wp-json\/wp\/v2\/comments?post=22939"}],"version-history":[{"count":3,"href":"https:\/\/sonimat.com\/de\/wp-json\/wp\/v2\/pages\/22939\/revisions"}],"predecessor-version":[{"id":30009,"href":"https:\/\/sonimat.com\/de\/wp-json\/wp\/v2\/pages\/22939\/revisions\/30009"}],"up":[{"embeddable":true,"href":"https:\/\/sonimat.com\/de\/wp-json\/wp\/v2\/pages\/22940"}],"wp:featuredmedia":[{"embeddable":true,"href":"https:\/\/sonimat.com\/de\/wp-json\/wp\/v2\/media\/30737"}],"wp:attachment":[{"href":"https:\/\/sonimat.com\/de\/wp-json\/wp\/v2\/media?parent=22939"}],"curies":[{"name":"wp","href":"https:\/\/api.w.org\/{rel}","templated":true}]}}