{"id":20811,"date":"2018-10-15T14:08:12","date_gmt":"2018-10-15T12:08:12","guid":{"rendered":"https:\/\/sonimat.com\/essais-preseries\/"},"modified":"2023-07-03T17:47:23","modified_gmt":"2023-07-03T15:47:23","slug":"testcenter-und-vorserien","status":"publish","type":"page","link":"https:\/\/sonimat.com\/de\/schweissen-kunststoffen\/technisches-zentrum\/testcenter-und-vorserien\/","title":{"rendered":"Test- und Vorserienzentrum"},"content":{"rendered":"<div class=\"wpb-content-wrapper\"><p>[vc_row][vc_column][vc_column_text]<\/p>\n<h2><span lang=\"DE\">Test- und Vorserienzentrum<\/span><\/h2>\n<p>Unser Testzentrum verf\u00fcgt \u00fcber Einrichtungen f\u00fcr folgende Aufgaben:<\/p>\n<ul>\n<li><span style=\"font-size: 0.8em;\">Schwei\u00dfen Ihrer thermoplastischen Teile<\/span><\/li>\n<li><span style=\"font-size: 0.8em;\">Kontrolle und Charakterisierung von Schwei\u00dfn\u00e4hten nach Ihren Vorgaben<\/span><\/li>\n<\/ul>\n<p>[\/vc_column_text][vc_row_inner][vc_column_inner width=&#8220;1\/2&#8243;][vc_column_text]F\u00fcgetechniken:<\/p>\n<ul>\n<li><span style=\"font-size: 0.8em;\">Rotationsschwei\u00dfpressen<\/span><\/li>\n<li><span style=\"font-size: 0.8em;\">Ultraschallschwei\u00dfpressen<\/span><\/li>\n<li><span style=\"font-size: 0.8em;\">Laserschwei\u00dfmaschinen<\/span><\/li>\n<li><span style=\"font-size: 0.8em;\">Heizplattenschwei\u00dfmaschinen<\/span><\/li>\n<li><span style=\"font-size: 0.8em;\">Infrarotschwei\u00dfmaschinen<\/span><\/li>\n<\/ul>\n<p>[\/vc_column_text][\/vc_column_inner][vc_column_inner width=&#8220;1\/2&#8243;][vc_column_text]Pr\u00fcfmittel:<\/p>\n<ul>\n<li><span style=\"font-size: 0.8em;\">Berstpr\u00fcfstand<\/span><\/li>\n<li><span style=\"font-size: 0.8em;\">Abrei\u00dfversuch<\/span><\/li>\n<li><span style=\"font-size: 0.8em;\">Dichtheitspr\u00fcfung<\/span><\/li>\n<li><span style=\"font-size: 0.8em;\">Mikrografische Analyse<\/span><\/li>\n<li><span style=\"font-size: 0.8em;\">Transparenzpr\u00fcfung f\u00fcr Laser<\/span><\/li>\n<\/ul>\n<p>[\/vc_column_text][\/vc_column_inner][\/vc_row_inner][\/vc_column][\/vc_row][vc_row][vc_column][vc_empty_space][\/vc_column][\/vc_row]<\/p>\n<\/div>","protected":false},"excerpt":{"rendered":"<p>[vc_row][vc_column][vc_column_text] Test- und Vorserienzentrum Unser Testzentrum verf\u00fcgt \u00fcber Einrichtungen f\u00fcr folgende Aufgaben: Schwei\u00dfen Ihrer thermoplastischen Teile Kontrolle und Charakterisierung von Schwei\u00dfn\u00e4hten nach Ihren Vorgaben [\/vc_column_text][vc_row_inner][vc_column_inner width=&#8220;1\/2&#8243;][vc_column_text]F\u00fcgetechniken: Rotationsschwei\u00dfpressen Ultraschallschwei\u00dfpressen Laserschwei\u00dfmaschinen Heizplattenschwei\u00dfmaschinen&hellip;<\/p>\n","protected":false},"author":1,"featured_media":30737,"parent":22940,"menu_order":0,"comment_status":"closed","ping_status":"closed","template":"","meta":{"_acf_changed":false,"footnotes":""},"class_list":["post-20811","page","type-page","status-publish","has-post-thumbnail","hentry"],"acf":[],"yoast_head":"<title>Test- und Vorserienzentrum - SONIMAT<\/title>\n<meta name=\"robots\" content=\"index, follow, max-snippet:-1, max-image-preview:large, max-video-preview:-1\" \/>\n<link rel=\"canonical\" href=\"https:\/\/sonimat.com\/de\/schweissen-kunststoffen\/technisches-zentrum\/testcenter-und-vorserien\/\" \/>\n<meta property=\"og:locale\" content=\"de_DE\" \/>\n<meta property=\"og:type\" content=\"article\" \/>\n<meta property=\"og:title\" content=\"Test- und Vorserienzentrum - SONIMAT\" \/>\n<meta property=\"og:description\" content=\"[vc_row][vc_column][vc_column_text] Test- und Vorserienzentrum Unser Testzentrum verf\u00fcgt \u00fcber Einrichtungen f\u00fcr folgende Aufgaben: Schwei\u00dfen Ihrer thermoplastischen Teile Kontrolle und Charakterisierung von Schwei\u00dfn\u00e4hten nach Ihren Vorgaben [\/vc_column_text][vc_row_inner][vc_column_inner width=&#8220;1\/2&#8243;][vc_column_text]F\u00fcgetechniken: Rotationsschwei\u00dfpressen Ultraschallschwei\u00dfpressen Laserschwei\u00dfmaschinen Heizplattenschwei\u00dfmaschinen&hellip;\" \/>\n<meta property=\"og:url\" content=\"https:\/\/sonimat.com\/de\/schweissen-kunststoffen\/technisches-zentrum\/testcenter-und-vorserien\/\" \/>\n<meta property=\"og:site_name\" content=\"SONIMAT\" \/>\n<meta property=\"article:modified_time\" content=\"2023-07-03T15:47:23+00:00\" \/>\n<meta property=\"og:image\" content=\"https:\/\/sonimat.com\/wp-content\/uploads\/sites\/9\/2024\/05\/Procede-de-soudage-par-infrarouge-SONIMAT.jpg\" \/>\n\t<meta property=\"og:image:width\" content=\"2000\" \/>\n\t<meta property=\"og:image:height\" content=\"900\" \/>\n\t<meta property=\"og:image:type\" content=\"image\/jpeg\" \/>\n<meta name=\"twitter:card\" content=\"summary_large_image\" \/>\n<meta name=\"twitter:site\" content=\"@EuropeTechno\" \/>\n<meta name=\"twitter:label1\" content=\"Gesch\u00e4tzte Lesezeit\" \/>\n\t<meta name=\"twitter:data1\" content=\"1\u00a0Minute\" \/>\n<script type=\"application\/ld+json\" class=\"yoast-schema-graph\">{\"@context\":\"https:\\\/\\\/schema.org\",\"@graph\":[{\"@type\":\"WebPage\",\"@id\":\"https:\\\/\\\/sonimat.com\\\/de\\\/schweissen-kunststoffen\\\/technisches-zentrum\\\/testcenter-und-vorserien\\\/\",\"url\":\"https:\\\/\\\/sonimat.com\\\/de\\\/schweissen-kunststoffen\\\/technisches-zentrum\\\/testcenter-und-vorserien\\\/\",\"name\":\"Test- und Vorserienzentrum - SONIMAT\",\"isPartOf\":{\"@id\":\"https:\\\/\\\/sonimat.com\\\/#website\"},\"primaryImageOfPage\":{\"@id\":\"https:\\\/\\\/sonimat.com\\\/de\\\/schweissen-kunststoffen\\\/technisches-zentrum\\\/testcenter-und-vorserien\\\/#primaryimage\"},\"image\":{\"@id\":\"https:\\\/\\\/sonimat.com\\\/de\\\/schweissen-kunststoffen\\\/technisches-zentrum\\\/testcenter-und-vorserien\\\/#primaryimage\"},\"thumbnailUrl\":\"https:\\\/\\\/sonimat.com\\\/wp-content\\\/uploads\\\/sites\\\/9\\\/2024\\\/05\\\/Procede-de-soudage-par-infrarouge-SONIMAT.jpg\",\"datePublished\":\"2018-10-15T12:08:12+00:00\",\"dateModified\":\"2023-07-03T15:47:23+00:00\",\"breadcrumb\":{\"@id\":\"https:\\\/\\\/sonimat.com\\\/de\\\/schweissen-kunststoffen\\\/technisches-zentrum\\\/testcenter-und-vorserien\\\/#breadcrumb\"},\"inLanguage\":\"de\",\"potentialAction\":[{\"@type\":\"ReadAction\",\"target\":[\"https:\\\/\\\/sonimat.com\\\/de\\\/schweissen-kunststoffen\\\/technisches-zentrum\\\/testcenter-und-vorserien\\\/\"]}]},{\"@type\":\"ImageObject\",\"inLanguage\":\"de\",\"@id\":\"https:\\\/\\\/sonimat.com\\\/de\\\/schweissen-kunststoffen\\\/technisches-zentrum\\\/testcenter-und-vorserien\\\/#primaryimage\",\"url\":\"https:\\\/\\\/sonimat.com\\\/wp-content\\\/uploads\\\/sites\\\/9\\\/2024\\\/05\\\/Procede-de-soudage-par-infrarouge-SONIMAT.jpg\",\"contentUrl\":\"https:\\\/\\\/sonimat.com\\\/wp-content\\\/uploads\\\/sites\\\/9\\\/2024\\\/05\\\/Procede-de-soudage-par-infrarouge-SONIMAT.jpg\",\"width\":2000,\"height\":900,\"caption\":\"Solutions de soudure pour les thermoplastiques\"},{\"@type\":\"BreadcrumbList\",\"@id\":\"https:\\\/\\\/sonimat.com\\\/de\\\/schweissen-kunststoffen\\\/technisches-zentrum\\\/testcenter-und-vorserien\\\/#breadcrumb\",\"itemListElement\":[{\"@type\":\"ListItem\",\"position\":1,\"name\":\"Accueil\",\"item\":\"https:\\\/\\\/sonimat.com\\\/de\\\/\"},{\"@type\":\"ListItem\",\"position\":2,\"name\":\"Schweissen von Kunststoffen\",\"item\":\"https:\\\/\\\/sonimat.com\\\/plasturgie\\\/\"},{\"@type\":\"ListItem\",\"position\":3,\"name\":\"Technisches Zentrum\",\"item\":\"https:\\\/\\\/sonimat.com\\\/de\\\/schweissen-kunststoffen\\\/technisches-zentrum\\\/\"},{\"@type\":\"ListItem\",\"position\":4,\"name\":\"Test- und Vorserienzentrum\"}]},{\"@type\":\"WebSite\",\"@id\":\"https:\\\/\\\/sonimat.com\\\/#website\",\"url\":\"https:\\\/\\\/sonimat.com\\\/\",\"name\":\"SONIMAT\",\"description\":\"\",\"potentialAction\":[{\"@type\":\"SearchAction\",\"target\":{\"@type\":\"EntryPoint\",\"urlTemplate\":\"https:\\\/\\\/sonimat.com\\\/?s={search_term_string}\"},\"query-input\":{\"@type\":\"PropertyValueSpecification\",\"valueRequired\":true,\"valueName\":\"search_term_string\"}}],\"inLanguage\":\"de\"}]}<\/script>","yoast_head_json":{"title":"Test- und Vorserienzentrum - SONIMAT","robots":{"index":"index","follow":"follow","max-snippet":"max-snippet:-1","max-image-preview":"max-image-preview:large","max-video-preview":"max-video-preview:-1"},"canonical":"https:\/\/sonimat.com\/de\/schweissen-kunststoffen\/technisches-zentrum\/testcenter-und-vorserien\/","og_locale":"de_DE","og_type":"article","og_title":"Test- und Vorserienzentrum - SONIMAT","og_description":"[vc_row][vc_column][vc_column_text] Test- und Vorserienzentrum Unser Testzentrum verf\u00fcgt \u00fcber Einrichtungen f\u00fcr folgende Aufgaben: Schwei\u00dfen Ihrer thermoplastischen Teile Kontrolle und Charakterisierung von Schwei\u00dfn\u00e4hten nach Ihren Vorgaben [\/vc_column_text][vc_row_inner][vc_column_inner width=&#8220;1\/2&#8243;][vc_column_text]F\u00fcgetechniken: Rotationsschwei\u00dfpressen Ultraschallschwei\u00dfpressen Laserschwei\u00dfmaschinen Heizplattenschwei\u00dfmaschinen&hellip;","og_url":"https:\/\/sonimat.com\/de\/schweissen-kunststoffen\/technisches-zentrum\/testcenter-und-vorserien\/","og_site_name":"SONIMAT","article_modified_time":"2023-07-03T15:47:23+00:00","og_image":[{"width":2000,"height":900,"url":"https:\/\/sonimat.com\/wp-content\/uploads\/sites\/9\/2024\/05\/Procede-de-soudage-par-infrarouge-SONIMAT.jpg","type":"image\/jpeg"}],"twitter_card":"summary_large_image","twitter_site":"@EuropeTechno","twitter_misc":{"Gesch\u00e4tzte Lesezeit":"1\u00a0Minute"},"schema":{"@context":"https:\/\/schema.org","@graph":[{"@type":"WebPage","@id":"https:\/\/sonimat.com\/de\/schweissen-kunststoffen\/technisches-zentrum\/testcenter-und-vorserien\/","url":"https:\/\/sonimat.com\/de\/schweissen-kunststoffen\/technisches-zentrum\/testcenter-und-vorserien\/","name":"Test- und Vorserienzentrum - SONIMAT","isPartOf":{"@id":"https:\/\/sonimat.com\/#website"},"primaryImageOfPage":{"@id":"https:\/\/sonimat.com\/de\/schweissen-kunststoffen\/technisches-zentrum\/testcenter-und-vorserien\/#primaryimage"},"image":{"@id":"https:\/\/sonimat.com\/de\/schweissen-kunststoffen\/technisches-zentrum\/testcenter-und-vorserien\/#primaryimage"},"thumbnailUrl":"https:\/\/sonimat.com\/wp-content\/uploads\/sites\/9\/2024\/05\/Procede-de-soudage-par-infrarouge-SONIMAT.jpg","datePublished":"2018-10-15T12:08:12+00:00","dateModified":"2023-07-03T15:47:23+00:00","breadcrumb":{"@id":"https:\/\/sonimat.com\/de\/schweissen-kunststoffen\/technisches-zentrum\/testcenter-und-vorserien\/#breadcrumb"},"inLanguage":"de","potentialAction":[{"@type":"ReadAction","target":["https:\/\/sonimat.com\/de\/schweissen-kunststoffen\/technisches-zentrum\/testcenter-und-vorserien\/"]}]},{"@type":"ImageObject","inLanguage":"de","@id":"https:\/\/sonimat.com\/de\/schweissen-kunststoffen\/technisches-zentrum\/testcenter-und-vorserien\/#primaryimage","url":"https:\/\/sonimat.com\/wp-content\/uploads\/sites\/9\/2024\/05\/Procede-de-soudage-par-infrarouge-SONIMAT.jpg","contentUrl":"https:\/\/sonimat.com\/wp-content\/uploads\/sites\/9\/2024\/05\/Procede-de-soudage-par-infrarouge-SONIMAT.jpg","width":2000,"height":900,"caption":"Solutions de soudure pour les thermoplastiques"},{"@type":"BreadcrumbList","@id":"https:\/\/sonimat.com\/de\/schweissen-kunststoffen\/technisches-zentrum\/testcenter-und-vorserien\/#breadcrumb","itemListElement":[{"@type":"ListItem","position":1,"name":"Accueil","item":"https:\/\/sonimat.com\/de\/"},{"@type":"ListItem","position":2,"name":"Schweissen von Kunststoffen","item":"https:\/\/sonimat.com\/plasturgie\/"},{"@type":"ListItem","position":3,"name":"Technisches Zentrum","item":"https:\/\/sonimat.com\/de\/schweissen-kunststoffen\/technisches-zentrum\/"},{"@type":"ListItem","position":4,"name":"Test- und Vorserienzentrum"}]},{"@type":"WebSite","@id":"https:\/\/sonimat.com\/#website","url":"https:\/\/sonimat.com\/","name":"SONIMAT","description":"","potentialAction":[{"@type":"SearchAction","target":{"@type":"EntryPoint","urlTemplate":"https:\/\/sonimat.com\/?s={search_term_string}"},"query-input":{"@type":"PropertyValueSpecification","valueRequired":true,"valueName":"search_term_string"}}],"inLanguage":"de"}]}},"_links":{"self":[{"href":"https:\/\/sonimat.com\/de\/wp-json\/wp\/v2\/pages\/20811","targetHints":{"allow":["GET"]}}],"collection":[{"href":"https:\/\/sonimat.com\/de\/wp-json\/wp\/v2\/pages"}],"about":[{"href":"https:\/\/sonimat.com\/de\/wp-json\/wp\/v2\/types\/page"}],"author":[{"embeddable":true,"href":"https:\/\/sonimat.com\/de\/wp-json\/wp\/v2\/users\/1"}],"replies":[{"embeddable":true,"href":"https:\/\/sonimat.com\/de\/wp-json\/wp\/v2\/comments?post=20811"}],"version-history":[{"count":3,"href":"https:\/\/sonimat.com\/de\/wp-json\/wp\/v2\/pages\/20811\/revisions"}],"predecessor-version":[{"id":30008,"href":"https:\/\/sonimat.com\/de\/wp-json\/wp\/v2\/pages\/20811\/revisions\/30008"}],"up":[{"embeddable":true,"href":"https:\/\/sonimat.com\/de\/wp-json\/wp\/v2\/pages\/22940"}],"wp:featuredmedia":[{"embeddable":true,"href":"https:\/\/sonimat.com\/de\/wp-json\/wp\/v2\/media\/30737"}],"wp:attachment":[{"href":"https:\/\/sonimat.com\/de\/wp-json\/wp\/v2\/media?parent=20811"}],"curies":[{"name":"wp","href":"https:\/\/api.w.org\/{rel}","templated":true}]}}