{"id":20808,"date":"2018-10-15T14:17:04","date_gmt":"2018-10-15T12:17:04","guid":{"rendered":"https:\/\/sonimat.com\/sports-loisirs\/"},"modified":"2024-11-14T16:30:29","modified_gmt":"2024-11-14T15:30:29","slug":"sport-und-freizeit","status":"publish","type":"page","link":"https:\/\/sonimat.com\/de\/unsere-maerkte\/sport-und-freizeit\/","title":{"rendered":"Sport und Freizeit"},"content":{"rendered":"<div class=\"wpb-content-wrapper\"><p>[vc_row][vc_column][vc_column_text]<\/p>\n<h2><span lang=\"DE\">Ultraschallschwei\u00dfen und Ultraschallschneiden f\u00fcr die Sport- und Freizeitindustrie<\/span><\/h2>\n<p>[\/vc_column_text][vc_column_text]Wie in der Luft- und Raumfahrt oder im Schiffbau werden auch in der Sport- und Freizeitindustrie seit langem Verbundwerkstoffe f\u00fcr die Herstellung von Bauteilen eingesetzt. Vorteile wie hohe Leistungsf\u00e4higkeit, Steifigkeit, leichte Bauweise der Teile, flexibles Design und Erm\u00fcdungsfestigkeit haben dazu gef\u00fchrt, dass sich Verbundstoffe, Karbon, Aluminiumwaben und Nomex, Thermoplaste sowie diverse Fasern und Prepregs zunehmender Beliebtheit bei den Herstellern und gro\u00dfen Auftraggebern erfreuen.<\/p>\n<p>SONIMAT begleitet seine Kunden in diesem Sektor bei der Entwicklung und Umsetzung von immer <strong>leistungsf\u00e4higeren Ultraschalll\u00f6sungen zur Bearbeitung und zum F\u00fcgen von Verbundstoffen und Thermoplasten mit Ultraschall<\/strong>.<\/p>\n<p>Ihr Bedarf geht \u00fcber ein Standardprodukt hinaus? Wir entwickeln L\u00f6sungen. Wir sind in der Lage, unsere Schneid- und Schwei\u00dfverfahren zu optimieren, um sie an Ihre Anforderungen anzupassen. Neben unseren Standardl\u00f6sungen k\u00f6nnen wir Ihnen manuelle, maschinen- und robotergest\u00fctzte Anlagen oder nach Ihren W\u00fcnschen personalisierte Sondermaschinen anbieten. Als kompetenter Partner sind wir au\u00dferdem in der Lage, einen hohen Automatisierungs- und Robotisierungsgrad sicherzustellen, um eine optimale Integration unserer L\u00f6sungen in Ihre Produktionsanlagen zu erm\u00f6glichen.[\/vc_column_text][\/vc_column][\/vc_row][vc_row][vc_column][vc_empty_space][\/vc_column][\/vc_row]<\/p>\n<\/div>","protected":false},"excerpt":{"rendered":"<p>[vc_row][vc_column][vc_column_text] Ultraschallschwei\u00dfen und Ultraschallschneiden f\u00fcr die Sport- und Freizeitindustrie [\/vc_column_text][vc_column_text]Wie in der Luft- und Raumfahrt oder im Schiffbau werden auch in der Sport- und Freizeitindustrie seit langem Verbundwerkstoffe f\u00fcr die&hellip;<\/p>\n","protected":false},"author":1,"featured_media":20809,"parent":23211,"menu_order":0,"comment_status":"closed","ping_status":"closed","template":"","meta":{"_acf_changed":false,"footnotes":""},"class_list":["post-20808","page","type-page","status-publish","has-post-thumbnail","hentry"],"acf":[],"yoast_head":"<title>Schwei\u00dfen und Schneiden f\u00fcr die Sport- und Freizeitindustries | SONIMAT<\/title>\n<meta name=\"description\" content=\"Wir bieten L\u00f6sungen f\u00fcr das Schneiden und Schwei\u00dfen von Verbundwerkstoffen, Kohlenstoffen, Alu- und Nomexwaben, thermoplastischen Verbundwerkstoffen.\" \/>\n<meta name=\"robots\" content=\"index, follow, max-snippet:-1, max-image-preview:large, max-video-preview:-1\" \/>\n<link rel=\"canonical\" href=\"https:\/\/sonimat.com\/de\/unsere-maerkte\/sport-und-freizeit\/\" \/>\n<meta property=\"og:locale\" content=\"de_DE\" \/>\n<meta property=\"og:type\" content=\"article\" \/>\n<meta property=\"og:title\" content=\"Schwei\u00dfen und Schneiden f\u00fcr die Sport- und Freizeitindustries | SONIMAT\" \/>\n<meta property=\"og:description\" content=\"Wir bieten L\u00f6sungen f\u00fcr das Schneiden und Schwei\u00dfen von Verbundwerkstoffen, Kohlenstoffen, Alu- und Nomexwaben, thermoplastischen Verbundwerkstoffen.\" \/>\n<meta property=\"og:url\" content=\"https:\/\/sonimat.com\/de\/unsere-maerkte\/sport-und-freizeit\/\" \/>\n<meta property=\"og:site_name\" content=\"SONIMAT\" \/>\n<meta property=\"article:modified_time\" content=\"2024-11-14T15:30:29+00:00\" \/>\n<meta property=\"og:image\" content=\"https:\/\/sonimat.com\/wp-content\/uploads\/sites\/9\/2020\/02\/jet-ski-1470068.jpg\" \/>\n\t<meta property=\"og:image:width\" content=\"2000\" \/>\n\t<meta property=\"og:image:height\" content=\"1125\" \/>\n\t<meta property=\"og:image:type\" content=\"image\/jpeg\" \/>\n<meta name=\"twitter:card\" content=\"summary_large_image\" \/>\n<meta name=\"twitter:site\" content=\"@EuropeTechno\" \/>\n<meta name=\"twitter:label1\" content=\"Gesch\u00e4tzte Lesezeit\" \/>\n\t<meta name=\"twitter:data1\" content=\"1\u00a0Minute\" \/>\n<script type=\"application\/ld+json\" class=\"yoast-schema-graph\">{\"@context\":\"https:\\\/\\\/schema.org\",\"@graph\":[{\"@type\":\"WebPage\",\"@id\":\"https:\\\/\\\/sonimat.com\\\/de\\\/unsere-maerkte\\\/sport-und-freizeit\\\/\",\"url\":\"https:\\\/\\\/sonimat.com\\\/de\\\/unsere-maerkte\\\/sport-und-freizeit\\\/\",\"name\":\"Schwei\u00dfen und Schneiden f\u00fcr die Sport- und Freizeitindustries | SONIMAT\",\"isPartOf\":{\"@id\":\"https:\\\/\\\/sonimat.com\\\/#website\"},\"primaryImageOfPage\":{\"@id\":\"https:\\\/\\\/sonimat.com\\\/de\\\/unsere-maerkte\\\/sport-und-freizeit\\\/#primaryimage\"},\"image\":{\"@id\":\"https:\\\/\\\/sonimat.com\\\/de\\\/unsere-maerkte\\\/sport-und-freizeit\\\/#primaryimage\"},\"thumbnailUrl\":\"https:\\\/\\\/sonimat.com\\\/wp-content\\\/uploads\\\/sites\\\/9\\\/2020\\\/02\\\/jet-ski-1470068.jpg\",\"datePublished\":\"2018-10-15T12:17:04+00:00\",\"dateModified\":\"2024-11-14T15:30:29+00:00\",\"description\":\"Wir bieten L\u00f6sungen f\u00fcr das Schneiden und Schwei\u00dfen von Verbundwerkstoffen, Kohlenstoffen, Alu- und Nomexwaben, thermoplastischen Verbundwerkstoffen.\",\"breadcrumb\":{\"@id\":\"https:\\\/\\\/sonimat.com\\\/de\\\/unsere-maerkte\\\/sport-und-freizeit\\\/#breadcrumb\"},\"inLanguage\":\"de\",\"potentialAction\":[{\"@type\":\"ReadAction\",\"target\":[\"https:\\\/\\\/sonimat.com\\\/de\\\/unsere-maerkte\\\/sport-und-freizeit\\\/\"]}]},{\"@type\":\"ImageObject\",\"inLanguage\":\"de\",\"@id\":\"https:\\\/\\\/sonimat.com\\\/de\\\/unsere-maerkte\\\/sport-und-freizeit\\\/#primaryimage\",\"url\":\"https:\\\/\\\/sonimat.com\\\/wp-content\\\/uploads\\\/sites\\\/9\\\/2020\\\/02\\\/jet-ski-1470068.jpg\",\"contentUrl\":\"https:\\\/\\\/sonimat.com\\\/wp-content\\\/uploads\\\/sites\\\/9\\\/2020\\\/02\\\/jet-ski-1470068.jpg\",\"width\":2000,\"height\":1125},{\"@type\":\"BreadcrumbList\",\"@id\":\"https:\\\/\\\/sonimat.com\\\/de\\\/unsere-maerkte\\\/sport-und-freizeit\\\/#breadcrumb\",\"itemListElement\":[{\"@type\":\"ListItem\",\"position\":1,\"name\":\"Accueil\",\"item\":\"https:\\\/\\\/sonimat.com\\\/de\\\/\"},{\"@type\":\"ListItem\",\"position\":2,\"name\":\"M\u00e4rkte\",\"item\":\"https:\\\/\\\/sonimat.com\\\/de\\\/unsere-maerkte\\\/\"},{\"@type\":\"ListItem\",\"position\":3,\"name\":\"Sport und Freizeit\"}]},{\"@type\":\"WebSite\",\"@id\":\"https:\\\/\\\/sonimat.com\\\/#website\",\"url\":\"https:\\\/\\\/sonimat.com\\\/\",\"name\":\"SONIMAT\",\"description\":\"\",\"potentialAction\":[{\"@type\":\"SearchAction\",\"target\":{\"@type\":\"EntryPoint\",\"urlTemplate\":\"https:\\\/\\\/sonimat.com\\\/?s={search_term_string}\"},\"query-input\":{\"@type\":\"PropertyValueSpecification\",\"valueRequired\":true,\"valueName\":\"search_term_string\"}}],\"inLanguage\":\"de\"}]}<\/script>","yoast_head_json":{"title":"Schwei\u00dfen und Schneiden f\u00fcr die Sport- und Freizeitindustries | SONIMAT","description":"Wir bieten L\u00f6sungen f\u00fcr das Schneiden und Schwei\u00dfen von Verbundwerkstoffen, Kohlenstoffen, Alu- und Nomexwaben, thermoplastischen Verbundwerkstoffen.","robots":{"index":"index","follow":"follow","max-snippet":"max-snippet:-1","max-image-preview":"max-image-preview:large","max-video-preview":"max-video-preview:-1"},"canonical":"https:\/\/sonimat.com\/de\/unsere-maerkte\/sport-und-freizeit\/","og_locale":"de_DE","og_type":"article","og_title":"Schwei\u00dfen und Schneiden f\u00fcr die Sport- und Freizeitindustries | SONIMAT","og_description":"Wir bieten L\u00f6sungen f\u00fcr das Schneiden und Schwei\u00dfen von Verbundwerkstoffen, Kohlenstoffen, Alu- und Nomexwaben, thermoplastischen Verbundwerkstoffen.","og_url":"https:\/\/sonimat.com\/de\/unsere-maerkte\/sport-und-freizeit\/","og_site_name":"SONIMAT","article_modified_time":"2024-11-14T15:30:29+00:00","og_image":[{"width":2000,"height":1125,"url":"https:\/\/sonimat.com\/wp-content\/uploads\/sites\/9\/2020\/02\/jet-ski-1470068.jpg","type":"image\/jpeg"}],"twitter_card":"summary_large_image","twitter_site":"@EuropeTechno","twitter_misc":{"Gesch\u00e4tzte Lesezeit":"1\u00a0Minute"},"schema":{"@context":"https:\/\/schema.org","@graph":[{"@type":"WebPage","@id":"https:\/\/sonimat.com\/de\/unsere-maerkte\/sport-und-freizeit\/","url":"https:\/\/sonimat.com\/de\/unsere-maerkte\/sport-und-freizeit\/","name":"Schwei\u00dfen und Schneiden f\u00fcr die Sport- und Freizeitindustries | SONIMAT","isPartOf":{"@id":"https:\/\/sonimat.com\/#website"},"primaryImageOfPage":{"@id":"https:\/\/sonimat.com\/de\/unsere-maerkte\/sport-und-freizeit\/#primaryimage"},"image":{"@id":"https:\/\/sonimat.com\/de\/unsere-maerkte\/sport-und-freizeit\/#primaryimage"},"thumbnailUrl":"https:\/\/sonimat.com\/wp-content\/uploads\/sites\/9\/2020\/02\/jet-ski-1470068.jpg","datePublished":"2018-10-15T12:17:04+00:00","dateModified":"2024-11-14T15:30:29+00:00","description":"Wir bieten L\u00f6sungen f\u00fcr das Schneiden und Schwei\u00dfen von Verbundwerkstoffen, Kohlenstoffen, Alu- und Nomexwaben, thermoplastischen Verbundwerkstoffen.","breadcrumb":{"@id":"https:\/\/sonimat.com\/de\/unsere-maerkte\/sport-und-freizeit\/#breadcrumb"},"inLanguage":"de","potentialAction":[{"@type":"ReadAction","target":["https:\/\/sonimat.com\/de\/unsere-maerkte\/sport-und-freizeit\/"]}]},{"@type":"ImageObject","inLanguage":"de","@id":"https:\/\/sonimat.com\/de\/unsere-maerkte\/sport-und-freizeit\/#primaryimage","url":"https:\/\/sonimat.com\/wp-content\/uploads\/sites\/9\/2020\/02\/jet-ski-1470068.jpg","contentUrl":"https:\/\/sonimat.com\/wp-content\/uploads\/sites\/9\/2020\/02\/jet-ski-1470068.jpg","width":2000,"height":1125},{"@type":"BreadcrumbList","@id":"https:\/\/sonimat.com\/de\/unsere-maerkte\/sport-und-freizeit\/#breadcrumb","itemListElement":[{"@type":"ListItem","position":1,"name":"Accueil","item":"https:\/\/sonimat.com\/de\/"},{"@type":"ListItem","position":2,"name":"M\u00e4rkte","item":"https:\/\/sonimat.com\/de\/unsere-maerkte\/"},{"@type":"ListItem","position":3,"name":"Sport und Freizeit"}]},{"@type":"WebSite","@id":"https:\/\/sonimat.com\/#website","url":"https:\/\/sonimat.com\/","name":"SONIMAT","description":"","potentialAction":[{"@type":"SearchAction","target":{"@type":"EntryPoint","urlTemplate":"https:\/\/sonimat.com\/?s={search_term_string}"},"query-input":{"@type":"PropertyValueSpecification","valueRequired":true,"valueName":"search_term_string"}}],"inLanguage":"de"}]}},"_links":{"self":[{"href":"https:\/\/sonimat.com\/de\/wp-json\/wp\/v2\/pages\/20808","targetHints":{"allow":["GET"]}}],"collection":[{"href":"https:\/\/sonimat.com\/de\/wp-json\/wp\/v2\/pages"}],"about":[{"href":"https:\/\/sonimat.com\/de\/wp-json\/wp\/v2\/types\/page"}],"author":[{"embeddable":true,"href":"https:\/\/sonimat.com\/de\/wp-json\/wp\/v2\/users\/1"}],"replies":[{"embeddable":true,"href":"https:\/\/sonimat.com\/de\/wp-json\/wp\/v2\/comments?post=20808"}],"version-history":[{"count":4,"href":"https:\/\/sonimat.com\/de\/wp-json\/wp\/v2\/pages\/20808\/revisions"}],"predecessor-version":[{"id":30071,"href":"https:\/\/sonimat.com\/de\/wp-json\/wp\/v2\/pages\/20808\/revisions\/30071"}],"up":[{"embeddable":true,"href":"https:\/\/sonimat.com\/de\/wp-json\/wp\/v2\/pages\/23211"}],"wp:featuredmedia":[{"embeddable":true,"href":"https:\/\/sonimat.com\/de\/wp-json\/wp\/v2\/media\/20809"}],"wp:attachment":[{"href":"https:\/\/sonimat.com\/de\/wp-json\/wp\/v2\/media?parent=20808"}],"curies":[{"name":"wp","href":"https:\/\/api.w.org\/{rel}","templated":true}]}}