{"id":20804,"date":"2020-03-24T12:37:23","date_gmt":"2020-03-24T11:37:23","guid":{"rendered":"https:\/\/sonimat.com\/centre-dessais\/"},"modified":"2023-06-29T15:15:58","modified_gmt":"2023-06-29T13:15:58","slug":"testzentrum","status":"publish","type":"page","link":"https:\/\/sonimat.com\/de\/bearbeitung-von-verbundwerkstoffen\/testzentrum\/","title":{"rendered":"Testzentrum"},"content":{"rendered":"<div class=\"wpb-content-wrapper\"><p>[vc_row][vc_column][vc_column_text]<\/p>\n<h2><span lang=\"DE\">Testzentrum f\u00fcr die Bearbeitung von Verbundwerkstoffen<\/span><\/h2>\n<p>[\/vc_column_text][vc_column_text]Wir verf\u00fcgen \u00fcber umfangreiche Einrichtungen, um unsere Kunden bei Ihren Projekten zu begleiten und Versuche, Machbarkeitsstudien, Planungs- und Entwicklungsarbeiten durchzuf\u00fchren.[\/vc_column_text][\/vc_column][\/vc_row][vc_row gap=&#8220;2&#8243; equal_height=&#8220;yes&#8220;][vc_column width=&#8220;1\/2&#8243; css=&#8220;.vc_custom_1585056475851{background-color: #f2f2f2 !important;}&#8220;][vc_column_text css=&#8220;.vc_custom_1688042192334{padding-top: 10px !important;padding-right: 10px !important;padding-bottom: 10px !important;padding-left: 10px !important;}&#8220;]F\u00fcr unsere Produktlinie SONIBLADE zum Schneiden mit Ultraschall stehen uns folgende Mittel zur Verf\u00fcgung:<\/p>\n<ul>\n<li><span style=\"font-size: 0.8em;\">XY-Tisch<\/span><\/li>\n<li><span style=\"font-size: 0.8em;\">KUKA Roboter<\/span><\/li>\n<li><span style=\"font-size: 0.8em;\">CNC-Maschinenpark (unserer Marke ORATECH)<\/span><\/li>\n<li><span style=\"font-size: 0.8em;\">SSP Schneidger\u00e4te<\/span><\/li>\n<\/ul>\n<p>[\/vc_column_text][\/vc_column][vc_column width=&#8220;1\/2&#8243; css=&#8220;.vc_custom_1585056507131{background-color: #dddddd !important;}&#8220;][vc_column_text css=&#8220;.vc_custom_1688042205388{padding-top: 10px !important;padding-right: 10px !important;padding-bottom: 10px !important;padding-left: 10px !important;}&#8220;]Zur Ausf\u00fchrung von Schwei\u00dfprozessen f\u00fcr Verbundstoffe:<\/p>\n<ul>\n<li><span style=\"font-size: 0.8em;\">Ultraschallschwei\u00dfpresse<\/span><\/li>\n<li><span style=\"font-size: 0.8em;\">Rotationsschwei\u00dfpresse<\/span><\/li>\n<li><span style=\"font-size: 0.8em;\">Laserschwei\u00dfmaschine<\/span><\/li>\n<li><span style=\"font-size: 0.8em;\">Infrarotschwei\u00dfmaschine<\/span><\/li>\n<li><span style=\"font-size: 0.8em;\">SSP Schwei\u00dfger\u00e4te<\/span><\/li>\n<\/ul>\n<p>[\/vc_column_text][\/vc_column][\/vc_row][vc_row][vc_column][vc_empty_space height=&#8220;42px&#8220;][\/vc_column][\/vc_row][vc_row equal_height=&#8220;yes&#8220; content_placement=&#8220;middle&#8220;][vc_column width=&#8220;2\/3&#8243;][vc_column_text]Neben der Herstellung und dem Vertrieb von Standardausr\u00fcstungen begleiten wir Sie auch bei der Planung Ihrer spezifischen Projekte und unterst\u00fctzen Sie mit unserem Know-how im Bereich der Schneid- und Schwei\u00dfverfahren f\u00fcr Verbundwerkstoffe und Wabenmaterialien.<\/p>\n<p>Sie k\u00f6nnen sicher sein, dass Sie von SONIMAT ein komplettes Leistungspaket erhalten, das entscheidend zum Erfolg Ihres Projekts beitr\u00e4gt:<\/p>\n<ul>\n<li><span style=\"font-size: 0.8em;\">Beratung bei der Auswahl der f\u00fcr Ihren Bedarf geeigneten Technologien und Prozesse<\/span><\/li>\n<li><span style=\"font-size: 0.8em;\">Beratung bez\u00fcglich des Designs und der Verbindungsebenen des Teils<\/span><\/li>\n<li><span style=\"font-size: 0.8em;\">Durchf\u00fchrbarkeitsstudien am Material<\/span><\/li>\n<li><span style=\"font-size: 0.8em;\">Herstellung von Prototypen \/ Proben<\/span><\/li>\n<li><span style=\"font-size: 0.8em;\">Charakterisierung der Versuche (mechanisch, physikalisch-chemisch, mikrografische Analyse)<\/span><\/li>\n<li><span style=\"font-size: 0.8em;\">Pr\u00fcfung der Integrationsm\u00f6glichkeiten in bestehende Anlagen und Maschinen<\/span><\/li>\n<li><span style=\"font-size: 0.8em;\">Begleitung bei der Festlegung der optimalen Parameter und Schnittbedingungen<\/span><\/li>\n<li><span style=\"font-size: 0.8em;\">Lebensdauertests f\u00fcr Ihre Anlagen<\/span><\/li>\n<li><span style=\"font-size: 0.8em;\">Entwicklung von ma\u00dfgeschneiderten Werkzeugen und Klingen f\u00fcr Ihre Anwendung<\/span><\/li>\n<\/ul>\n<p>[\/vc_column_text][\/vc_column][vc_column width=&#8220;1\/3&#8243; css=&#8220;.vc_custom_1585326994689{background-image: url(https:\/\/sonimat.com\/wp-content\/uploads\/sites\/9\/2020\/02\/Effecteur-L-de-d\u00e9coupe-ultrasons-de-Nid-dabeille.jpg?id=16000) !important;background-position: center !important;background-repeat: no-repeat !important;background-size: cover !important;}&#8220;][\/vc_column][\/vc_row][vc_row][vc_column][vc_empty_space height=&#8220;42px&#8220;][vc_cta h2=&#8220;&#8220; shape=&#8220;square&#8220; add_button=&#8220;right&#8220; btn_title=&#8220;Contactez-nous !&#8220; btn_style=&#8220;custom&#8220; btn_custom_background=&#8220;#a21c26&#8243; btn_custom_text=&#8220;#ffffff&#8220; btn_i_align=&#8220;right&#8220; btn_i_icon_fontawesome=&#8220;fa fa-envelope&#8220; btn_add_icon=&#8220;true&#8220; btn_link=&#8220;url:http%3A%2F%2Fsonimat.com%2Fcontact%2F|||&#8220;]W\u00fcnschen Sie Unterst\u00fctzung oder Beratung \u00fcber Schneide- und Schwei\u00dfverfahren f\u00fcr Verbundstoffe oder m\u00f6chten Sie einfach den Erfolg Ihres Projekts sicherstellen?[\/vc_cta][\/vc_column][\/vc_row]<\/p>\n<\/div>","protected":false},"excerpt":{"rendered":"<p>[vc_row][vc_column][vc_column_text] Testzentrum f\u00fcr die Bearbeitung von Verbundwerkstoffen [\/vc_column_text][vc_column_text]Wir verf\u00fcgen \u00fcber umfangreiche Einrichtungen, um unsere Kunden bei Ihren Projekten zu begleiten und Versuche, Machbarkeitsstudien, Planungs- und Entwicklungsarbeiten durchzuf\u00fchren.[\/vc_column_text][\/vc_column][\/vc_row][vc_row gap=&#8220;2&#8243; equal_height=&#8220;yes&#8220;][vc_column width=&#8220;1\/2&#8243;&hellip;<\/p>\n","protected":false},"author":3,"featured_media":20805,"parent":23099,"menu_order":0,"comment_status":"closed","ping_status":"closed","template":"","meta":{"_acf_changed":false,"footnotes":""},"class_list":["post-20804","page","type-page","status-publish","has-post-thumbnail","hentry"],"acf":[],"yoast_head":"<title>Centre d&#039;essais &amp; ing\u00e9nierie en parach\u00e8vement composites | SONIMAT<\/title>\n<meta name=\"description\" content=\"Pour accompagner nos clients, nous disposons d\u2019importants moyens d\u2019essais, de faisabilit\u00e9, d\u2019\u00e9tudes et d\u00e9veloppement pour la soudure et d\u00e9coupe composites.\" \/>\n<meta name=\"robots\" content=\"index, follow, max-snippet:-1, max-image-preview:large, max-video-preview:-1\" \/>\n<link rel=\"canonical\" href=\"https:\/\/sonimat.com\/de\/bearbeitung-von-verbundwerkstoffen\/testzentrum\/\" \/>\n<meta property=\"og:locale\" content=\"de_DE\" \/>\n<meta property=\"og:type\" content=\"article\" \/>\n<meta property=\"og:title\" content=\"Centre d&#039;essais &amp; ing\u00e9nierie en parach\u00e8vement composites | SONIMAT\" \/>\n<meta property=\"og:description\" content=\"Pour accompagner nos clients, nous disposons d\u2019importants moyens d\u2019essais, de faisabilit\u00e9, d\u2019\u00e9tudes et d\u00e9veloppement pour la soudure et d\u00e9coupe composites.\" \/>\n<meta property=\"og:url\" content=\"https:\/\/sonimat.com\/de\/bearbeitung-von-verbundwerkstoffen\/testzentrum\/\" \/>\n<meta property=\"og:site_name\" content=\"SONIMAT\" \/>\n<meta property=\"article:modified_time\" content=\"2023-06-29T13:15:58+00:00\" \/>\n<meta property=\"og:image\" content=\"https:\/\/sonimat.com\/wp-content\/uploads\/sites\/9\/2020\/03\/ing\u00e9nierie-parach\u00e8vement-composite.jpg\" \/>\n\t<meta property=\"og:image:width\" content=\"2000\" \/>\n\t<meta property=\"og:image:height\" content=\"1000\" \/>\n\t<meta property=\"og:image:type\" content=\"image\/jpeg\" \/>\n<meta name=\"twitter:card\" content=\"summary_large_image\" \/>\n<meta name=\"twitter:site\" content=\"@EuropeTechno\" \/>\n<meta name=\"twitter:label1\" content=\"Gesch\u00e4tzte Lesezeit\" \/>\n\t<meta name=\"twitter:data1\" content=\"2\u00a0Minuten\" \/>\n<script type=\"application\/ld+json\" class=\"yoast-schema-graph\">{\"@context\":\"https:\\\/\\\/schema.org\",\"@graph\":[{\"@type\":\"WebPage\",\"@id\":\"https:\\\/\\\/sonimat.com\\\/de\\\/bearbeitung-von-verbundwerkstoffen\\\/testzentrum\\\/\",\"url\":\"https:\\\/\\\/sonimat.com\\\/de\\\/bearbeitung-von-verbundwerkstoffen\\\/testzentrum\\\/\",\"name\":\"Centre d'essais & ing\u00e9nierie en parach\u00e8vement composites | SONIMAT\",\"isPartOf\":{\"@id\":\"https:\\\/\\\/sonimat.com\\\/#website\"},\"primaryImageOfPage\":{\"@id\":\"https:\\\/\\\/sonimat.com\\\/de\\\/bearbeitung-von-verbundwerkstoffen\\\/testzentrum\\\/#primaryimage\"},\"image\":{\"@id\":\"https:\\\/\\\/sonimat.com\\\/de\\\/bearbeitung-von-verbundwerkstoffen\\\/testzentrum\\\/#primaryimage\"},\"thumbnailUrl\":\"https:\\\/\\\/sonimat.com\\\/wp-content\\\/uploads\\\/sites\\\/9\\\/2020\\\/03\\\/ing\u00e9nierie-parach\u00e8vement-composite.jpg\",\"datePublished\":\"2020-03-24T11:37:23+00:00\",\"dateModified\":\"2023-06-29T13:15:58+00:00\",\"description\":\"Pour accompagner nos clients, nous disposons d\u2019importants moyens d\u2019essais, de faisabilit\u00e9, d\u2019\u00e9tudes et d\u00e9veloppement pour la soudure et d\u00e9coupe composites.\",\"breadcrumb\":{\"@id\":\"https:\\\/\\\/sonimat.com\\\/de\\\/bearbeitung-von-verbundwerkstoffen\\\/testzentrum\\\/#breadcrumb\"},\"inLanguage\":\"de\",\"potentialAction\":[{\"@type\":\"ReadAction\",\"target\":[\"https:\\\/\\\/sonimat.com\\\/de\\\/bearbeitung-von-verbundwerkstoffen\\\/testzentrum\\\/\"]}]},{\"@type\":\"ImageObject\",\"inLanguage\":\"de\",\"@id\":\"https:\\\/\\\/sonimat.com\\\/de\\\/bearbeitung-von-verbundwerkstoffen\\\/testzentrum\\\/#primaryimage\",\"url\":\"https:\\\/\\\/sonimat.com\\\/wp-content\\\/uploads\\\/sites\\\/9\\\/2020\\\/03\\\/ing\u00e9nierie-parach\u00e8vement-composite.jpg\",\"contentUrl\":\"https:\\\/\\\/sonimat.com\\\/wp-content\\\/uploads\\\/sites\\\/9\\\/2020\\\/03\\\/ing\u00e9nierie-parach\u00e8vement-composite.jpg\",\"width\":2000,\"height\":1000,\"caption\":\"ing\u00e9nierie parach\u00e8vement composite\"},{\"@type\":\"BreadcrumbList\",\"@id\":\"https:\\\/\\\/sonimat.com\\\/de\\\/bearbeitung-von-verbundwerkstoffen\\\/testzentrum\\\/#breadcrumb\",\"itemListElement\":[{\"@type\":\"ListItem\",\"position\":1,\"name\":\"Accueil\",\"item\":\"https:\\\/\\\/sonimat.com\\\/de\\\/\"},{\"@type\":\"ListItem\",\"position\":2,\"name\":\"Verbundwerkstoff\",\"item\":\"https:\\\/\\\/sonimat.com\\\/composites\\\/\"},{\"@type\":\"ListItem\",\"position\":3,\"name\":\"Testzentrum\"}]},{\"@type\":\"WebSite\",\"@id\":\"https:\\\/\\\/sonimat.com\\\/#website\",\"url\":\"https:\\\/\\\/sonimat.com\\\/\",\"name\":\"SONIMAT\",\"description\":\"\",\"potentialAction\":[{\"@type\":\"SearchAction\",\"target\":{\"@type\":\"EntryPoint\",\"urlTemplate\":\"https:\\\/\\\/sonimat.com\\\/?s={search_term_string}\"},\"query-input\":{\"@type\":\"PropertyValueSpecification\",\"valueRequired\":true,\"valueName\":\"search_term_string\"}}],\"inLanguage\":\"de\"}]}<\/script>","yoast_head_json":{"title":"Centre d'essais & ing\u00e9nierie en parach\u00e8vement composites | SONIMAT","description":"Pour accompagner nos clients, nous disposons d\u2019importants moyens d\u2019essais, de faisabilit\u00e9, d\u2019\u00e9tudes et d\u00e9veloppement pour la soudure et d\u00e9coupe composites.","robots":{"index":"index","follow":"follow","max-snippet":"max-snippet:-1","max-image-preview":"max-image-preview:large","max-video-preview":"max-video-preview:-1"},"canonical":"https:\/\/sonimat.com\/de\/bearbeitung-von-verbundwerkstoffen\/testzentrum\/","og_locale":"de_DE","og_type":"article","og_title":"Centre d'essais & ing\u00e9nierie en parach\u00e8vement composites | SONIMAT","og_description":"Pour accompagner nos clients, nous disposons d\u2019importants moyens d\u2019essais, de faisabilit\u00e9, d\u2019\u00e9tudes et d\u00e9veloppement pour la soudure et d\u00e9coupe composites.","og_url":"https:\/\/sonimat.com\/de\/bearbeitung-von-verbundwerkstoffen\/testzentrum\/","og_site_name":"SONIMAT","article_modified_time":"2023-06-29T13:15:58+00:00","og_image":[{"width":2000,"height":1000,"url":"https:\/\/sonimat.com\/wp-content\/uploads\/sites\/9\/2020\/03\/ing\u00e9nierie-parach\u00e8vement-composite.jpg","type":"image\/jpeg"}],"twitter_card":"summary_large_image","twitter_site":"@EuropeTechno","twitter_misc":{"Gesch\u00e4tzte Lesezeit":"2\u00a0Minuten"},"schema":{"@context":"https:\/\/schema.org","@graph":[{"@type":"WebPage","@id":"https:\/\/sonimat.com\/de\/bearbeitung-von-verbundwerkstoffen\/testzentrum\/","url":"https:\/\/sonimat.com\/de\/bearbeitung-von-verbundwerkstoffen\/testzentrum\/","name":"Centre d'essais & ing\u00e9nierie en parach\u00e8vement composites | SONIMAT","isPartOf":{"@id":"https:\/\/sonimat.com\/#website"},"primaryImageOfPage":{"@id":"https:\/\/sonimat.com\/de\/bearbeitung-von-verbundwerkstoffen\/testzentrum\/#primaryimage"},"image":{"@id":"https:\/\/sonimat.com\/de\/bearbeitung-von-verbundwerkstoffen\/testzentrum\/#primaryimage"},"thumbnailUrl":"https:\/\/sonimat.com\/wp-content\/uploads\/sites\/9\/2020\/03\/ing\u00e9nierie-parach\u00e8vement-composite.jpg","datePublished":"2020-03-24T11:37:23+00:00","dateModified":"2023-06-29T13:15:58+00:00","description":"Pour accompagner nos clients, nous disposons d\u2019importants moyens d\u2019essais, de faisabilit\u00e9, d\u2019\u00e9tudes et d\u00e9veloppement pour la soudure et d\u00e9coupe composites.","breadcrumb":{"@id":"https:\/\/sonimat.com\/de\/bearbeitung-von-verbundwerkstoffen\/testzentrum\/#breadcrumb"},"inLanguage":"de","potentialAction":[{"@type":"ReadAction","target":["https:\/\/sonimat.com\/de\/bearbeitung-von-verbundwerkstoffen\/testzentrum\/"]}]},{"@type":"ImageObject","inLanguage":"de","@id":"https:\/\/sonimat.com\/de\/bearbeitung-von-verbundwerkstoffen\/testzentrum\/#primaryimage","url":"https:\/\/sonimat.com\/wp-content\/uploads\/sites\/9\/2020\/03\/ing\u00e9nierie-parach\u00e8vement-composite.jpg","contentUrl":"https:\/\/sonimat.com\/wp-content\/uploads\/sites\/9\/2020\/03\/ing\u00e9nierie-parach\u00e8vement-composite.jpg","width":2000,"height":1000,"caption":"ing\u00e9nierie parach\u00e8vement composite"},{"@type":"BreadcrumbList","@id":"https:\/\/sonimat.com\/de\/bearbeitung-von-verbundwerkstoffen\/testzentrum\/#breadcrumb","itemListElement":[{"@type":"ListItem","position":1,"name":"Accueil","item":"https:\/\/sonimat.com\/de\/"},{"@type":"ListItem","position":2,"name":"Verbundwerkstoff","item":"https:\/\/sonimat.com\/composites\/"},{"@type":"ListItem","position":3,"name":"Testzentrum"}]},{"@type":"WebSite","@id":"https:\/\/sonimat.com\/#website","url":"https:\/\/sonimat.com\/","name":"SONIMAT","description":"","potentialAction":[{"@type":"SearchAction","target":{"@type":"EntryPoint","urlTemplate":"https:\/\/sonimat.com\/?s={search_term_string}"},"query-input":{"@type":"PropertyValueSpecification","valueRequired":true,"valueName":"search_term_string"}}],"inLanguage":"de"}]}},"_links":{"self":[{"href":"https:\/\/sonimat.com\/de\/wp-json\/wp\/v2\/pages\/20804","targetHints":{"allow":["GET"]}}],"collection":[{"href":"https:\/\/sonimat.com\/de\/wp-json\/wp\/v2\/pages"}],"about":[{"href":"https:\/\/sonimat.com\/de\/wp-json\/wp\/v2\/types\/page"}],"author":[{"embeddable":true,"href":"https:\/\/sonimat.com\/de\/wp-json\/wp\/v2\/users\/3"}],"replies":[{"embeddable":true,"href":"https:\/\/sonimat.com\/de\/wp-json\/wp\/v2\/comments?post=20804"}],"version-history":[{"count":3,"href":"https:\/\/sonimat.com\/de\/wp-json\/wp\/v2\/pages\/20804\/revisions"}],"predecessor-version":[{"id":29956,"href":"https:\/\/sonimat.com\/de\/wp-json\/wp\/v2\/pages\/20804\/revisions\/29956"}],"up":[{"embeddable":true,"href":"https:\/\/sonimat.com\/de\/wp-json\/wp\/v2\/pages\/23099"}],"wp:featuredmedia":[{"embeddable":true,"href":"https:\/\/sonimat.com\/de\/wp-json\/wp\/v2\/media\/20805"}],"wp:attachment":[{"href":"https:\/\/sonimat.com\/de\/wp-json\/wp\/v2\/media?parent=20804"}],"curies":[{"name":"wp","href":"https:\/\/api.w.org\/{rel}","templated":true}]}}