{"id":20800,"date":"2021-04-15T17:50:44","date_gmt":"2021-04-15T15:50:44","guid":{"rendered":"https:\/\/sonimat.com\/societe\/maintenance-et-sav\/"},"modified":"2022-10-06T15:09:59","modified_gmt":"2022-10-06T13:09:59","slug":"wartung-und-kundendienst","status":"publish","type":"page","link":"https:\/\/sonimat.com\/de\/gesellschaft\/wartung-und-kundendienst\/","title":{"rendered":"SAV"},"content":{"rendered":"<div class=\"wpb-content-wrapper\"><p>[vc_row][vc_column][vc_row_inner equal_height=&#8220;yes&#8220; gap=&#8220;35&#8243;][vc_column_inner width=&#8220;2\/3&#8243;][vc_column_text]<\/p>\n<h2>Le service maintenance et apr\u00e8s-vente de SONIMAT<\/h2>\n<p>[\/vc_column_text][vc_column_text]L\u2019\u00e9quipe de techniciens EUROPE TECHNOLOGIES est \u00e0 votre service pour la <strong>mise en route de votre mat\u00e9riel, la maintenance, l\u2019assistance, la fourniture de pi\u00e8ces d\u00e9tach\u00e9es ou autre service apr\u00e8s-vente. <\/strong>Nous vous accompagnons \u00e9galement sur<strong> le retrofit machine <\/strong>(formation ou prise en charge de retrofit complet).<\/p>\n<p><strong>Le service de maintenance intervient pour toutes les marques du groupe <a href=\"https:\/\/europetechnologies.com\/\">EUROPE TECHNOLOGIES<\/a> : <a href=\"https:\/\/gebe2-et.com\/\">GEBE2<\/a>, <a href=\"https:\/\/gobio-robot.com\/\">GOBIO<\/a>, <a href=\"https:\/\/servisoud-et.com\/\">SERVISOUD<\/a>, <a href=\"https:\/\/sonats-et.com\/\">SONATS<\/a> et <a href=\"https:\/\/sonimat.com\/\">SONIMAT<\/a>.<\/strong><\/p>\n<p>Nos \u00e9quipes vous apportent leur <strong>expertise<\/strong> aussi bien sur les proc\u00e9d\u00e9s que sur les aspects m\u00e9caniques, \u00e9lectriques, la programmation ou bien sur les outillages.<\/p>\n<p>Que vous soyez en France ou \u00e0 l\u2019\u00e9tranger, nos techniciens interviendront directement sur votre site, si besoin relay\u00e9s par nos structures locales dans votre pays.[\/vc_column_text]<div class=\" ubtn-ctn-center \"><a class=\"ubtn-link ult-adjust-bottom-margin ubtn-center ubtn-large \" href=\"https:\/\/europetechnologies.com\/maintenance-service-apres-vente\/\" target=\"_blank\" rel=\"noopener\" ><button type=\"button\" id=\"ubtn-6771\"  class=\"ubtn ult-adjust-bottom-margin ult-responsive ubtn-large ubtn-fade-bg  ulta-grow  ubtn-center   tooltip-69d289daa0f8d ubtn-tooltip bottom\" data-toggle=\"tooltip\" data-placement=\"bottom\" title=\"Vous allez \u00eatre redirig\u00e9 vers le site du groupe Europe Technologies\" data-hover=\"#ffffff\" data-border-color=\"#cd5b1b\" data-bg=\"#cd5b1b\" data-hover-bg=\"#cd5b1b\" data-border-hover=\"#cd5b1b\" data-shadow-hover=\"\" data-shadow-click=\"none\" data-shadow=\"\" data-shd-shadow=\"\"  data-ultimate-target='#ubtn-6771'  data-responsive-json-new='{\"font-size\":\"desktop:17px;\",\"line-height\":\"\"}'  style=\"font-weight:normal;border-radius:10px;border-width:1px;border-color:#cd5b1b;border-style:solid;background: #cd5b1b;color: #ffffff;\"><span class=\"ubtn-hover\" style=\"background-color:#cd5b1b\"><\/span><span class=\"ubtn-data ubtn-text \" >Effectuer une demande de maintenance \/ SAV<\/span><\/button><\/a><\/div>[\/vc_column_inner][vc_column_inner width=&#8220;1\/3&#8243; css=&#8220;.vc_custom_1618501626429{margin-left: 30px !important;background-color: #f2f2f2 !important;}&#8220;][vc_empty_space][vc_icon icon_fontawesome=&#8220;fas fa-phone-alt&#8220; color=&#8220;custom&#8220; background_style=&#8220;rounded-outline&#8220; background_color=&#8220;custom&#8220; size=&#8220;xl&#8220; align=&#8220;center&#8220; custom_color=&#8220;#cd5b1b&#8220; custom_background_color=&#8220;#cd5b1b&#8220;][vc_column_text]<span style=\"font-size: 1.2em; color: #cd5b1b;\">Vous souhaitez contacter notre service SAV ?<\/span><\/p>\n<p>Contactez nous au <strong>+33 (0) 251 700 494 <\/strong>ou effectuez votre demande en cliquant sur le bouton ci-dessous <span style=\"font-size: 0.8em;\"><em>(vous allez \u00eatre redirig\u00e9 vers le site Europe Technologies)<\/em><\/span>.[\/vc_column_text]<div class=\" ubtn-ctn-center \"><a class=\"ubtn-link ult-adjust-bottom-margin ubtn-center ubtn-large \" href=\"https:\/\/europetechnologies.com\/maintenance-service-apres-vente\/\" target=\"_blank\" rel=\"noopener\" ><button type=\"button\" id=\"ubtn-1789\"  class=\"ubtn ult-adjust-bottom-margin ult-responsive ubtn-large ubtn-fade-bg  ulta-grow  ubtn-center   tooltip-69d289daa103c ubtn-tooltip bottom\" data-toggle=\"tooltip\" data-placement=\"bottom\" title=\"Vous allez \u00eatre redirig\u00e9 vers le site du groupe Europe Technologies\" data-hover=\"#ffffff\" data-border-color=\"#cd5b1b\" data-bg=\"#cd5b1b\" data-hover-bg=\"#cd5b1b\" data-border-hover=\"#cd5b1b\" data-shadow-hover=\"\" data-shadow-click=\"none\" data-shadow=\"\" data-shd-shadow=\"\"  data-ultimate-target='#ubtn-1789'  data-responsive-json-new='{\"font-size\":\"desktop:17px;\",\"line-height\":\"\"}'  style=\"font-weight:normal;border-radius:10px;border-width:1px;border-color:#cd5b1b;border-style:solid;background: #cd5b1b;color: #ffffff;\"><span class=\"ubtn-hover\" style=\"background-color:#cd5b1b\"><\/span><span class=\"ubtn-data ubtn-text \" >Contacter le service SAV<\/span><\/button><\/a><\/div>[\/vc_column_inner][\/vc_row_inner][\/vc_column][\/vc_row][vc_row][vc_column][vc_empty_space height=&#8220;64px&#8220;][\/vc_column][\/vc_row]<\/p>\n<\/div>","protected":false},"excerpt":{"rendered":"<p>[vc_row][vc_column][vc_row_inner equal_height=&#8220;yes&#8220; gap=&#8220;35&#8243;][vc_column_inner width=&#8220;2\/3&#8243;][vc_column_text] Le service maintenance et apr\u00e8s-vente de SONIMAT [\/vc_column_text][vc_column_text]L\u2019\u00e9quipe de techniciens EUROPE TECHNOLOGIES est \u00e0 votre service pour la mise en route de votre mat\u00e9riel, la maintenance,&hellip;<\/p>\n","protected":false},"author":2,"featured_media":20801,"parent":20740,"menu_order":0,"comment_status":"closed","ping_status":"closed","template":"","meta":{"_acf_changed":false,"footnotes":""},"class_list":["post-20800","page","type-page","status-publish","has-post-thumbnail","hentry"],"acf":[],"yoast_head":"<title>Maintenance et Service Apr\u00e8s-Vente de SONIMAT<\/title>\n<meta name=\"description\" content=\"Notre \u00e9quipe maintenance et SAV intervient partout en France et \u00e0 l&#039;\u00e9tranger et vous apporte son expertise proc\u00e9d\u00e9s pour vos op\u00e9rations de maintenance\/SAV.\" \/>\n<meta name=\"robots\" content=\"index, follow, max-snippet:-1, max-image-preview:large, max-video-preview:-1\" \/>\n<link rel=\"canonical\" href=\"https:\/\/sonimat.com\/de\/gesellschaft\/wartung-und-kundendienst\/\" \/>\n<meta property=\"og:locale\" content=\"de_DE\" \/>\n<meta property=\"og:type\" content=\"article\" \/>\n<meta property=\"og:title\" content=\"Maintenance et Service Apr\u00e8s-Vente de SONIMAT\" \/>\n<meta property=\"og:description\" content=\"Notre \u00e9quipe maintenance et SAV intervient partout en France et \u00e0 l&#039;\u00e9tranger et vous apporte son expertise proc\u00e9d\u00e9s pour vos op\u00e9rations de maintenance\/SAV.\" \/>\n<meta property=\"og:url\" content=\"https:\/\/sonimat.com\/de\/gesellschaft\/wartung-und-kundendienst\/\" \/>\n<meta property=\"og:site_name\" content=\"SONIMAT\" \/>\n<meta property=\"article:modified_time\" content=\"2022-10-06T13:09:59+00:00\" \/>\n<meta property=\"og:image\" content=\"https:\/\/sonimat.com\/wp-content\/uploads\/sites\/9\/2021\/04\/Maintenance-et-SAV-EUROPE-TECHNOLOGIES.jpg\" \/>\n\t<meta property=\"og:image:width\" content=\"2000\" \/>\n\t<meta property=\"og:image:height\" content=\"1000\" \/>\n\t<meta property=\"og:image:type\" content=\"image\/jpeg\" \/>\n<meta name=\"twitter:card\" content=\"summary_large_image\" \/>\n<meta name=\"twitter:site\" content=\"@EuropeTechno\" \/>\n<meta name=\"twitter:label1\" content=\"Gesch\u00e4tzte Lesezeit\" \/>\n\t<meta name=\"twitter:data1\" content=\"2\u00a0Minuten\" \/>\n<script type=\"application\/ld+json\" class=\"yoast-schema-graph\">{\"@context\":\"https:\\\/\\\/schema.org\",\"@graph\":[{\"@type\":\"WebPage\",\"@id\":\"https:\\\/\\\/sonimat.com\\\/de\\\/gesellschaft\\\/wartung-und-kundendienst\\\/\",\"url\":\"https:\\\/\\\/sonimat.com\\\/de\\\/gesellschaft\\\/wartung-und-kundendienst\\\/\",\"name\":\"Maintenance et Service Apr\u00e8s-Vente de SONIMAT\",\"isPartOf\":{\"@id\":\"https:\\\/\\\/sonimat.com\\\/#website\"},\"primaryImageOfPage\":{\"@id\":\"https:\\\/\\\/sonimat.com\\\/de\\\/gesellschaft\\\/wartung-und-kundendienst\\\/#primaryimage\"},\"image\":{\"@id\":\"https:\\\/\\\/sonimat.com\\\/de\\\/gesellschaft\\\/wartung-und-kundendienst\\\/#primaryimage\"},\"thumbnailUrl\":\"https:\\\/\\\/sonimat.com\\\/wp-content\\\/uploads\\\/sites\\\/9\\\/2021\\\/04\\\/Maintenance-et-SAV-EUROPE-TECHNOLOGIES.jpg\",\"datePublished\":\"2021-04-15T15:50:44+00:00\",\"dateModified\":\"2022-10-06T13:09:59+00:00\",\"description\":\"Notre \u00e9quipe maintenance et SAV intervient partout en France et \u00e0 l'\u00e9tranger et vous apporte son expertise proc\u00e9d\u00e9s pour vos op\u00e9rations de maintenance\\\/SAV.\",\"breadcrumb\":{\"@id\":\"https:\\\/\\\/sonimat.com\\\/de\\\/gesellschaft\\\/wartung-und-kundendienst\\\/#breadcrumb\"},\"inLanguage\":\"de\",\"potentialAction\":[{\"@type\":\"ReadAction\",\"target\":[\"https:\\\/\\\/sonimat.com\\\/de\\\/gesellschaft\\\/wartung-und-kundendienst\\\/\"]}]},{\"@type\":\"ImageObject\",\"inLanguage\":\"de\",\"@id\":\"https:\\\/\\\/sonimat.com\\\/de\\\/gesellschaft\\\/wartung-und-kundendienst\\\/#primaryimage\",\"url\":\"https:\\\/\\\/sonimat.com\\\/wp-content\\\/uploads\\\/sites\\\/9\\\/2021\\\/04\\\/Maintenance-et-SAV-EUROPE-TECHNOLOGIES.jpg\",\"contentUrl\":\"https:\\\/\\\/sonimat.com\\\/wp-content\\\/uploads\\\/sites\\\/9\\\/2021\\\/04\\\/Maintenance-et-SAV-EUROPE-TECHNOLOGIES.jpg\",\"width\":2000,\"height\":1000,\"caption\":\"Maintenance SONIMAT\"},{\"@type\":\"BreadcrumbList\",\"@id\":\"https:\\\/\\\/sonimat.com\\\/de\\\/gesellschaft\\\/wartung-und-kundendienst\\\/#breadcrumb\",\"itemListElement\":[{\"@type\":\"ListItem\",\"position\":1,\"name\":\"Accueil\",\"item\":\"https:\\\/\\\/sonimat.com\\\/de\\\/\"},{\"@type\":\"ListItem\",\"position\":2,\"name\":\"Gesellschaft\",\"item\":\"https:\\\/\\\/sonimat.com\\\/de\\\/gesellschaft\\\/\"},{\"@type\":\"ListItem\",\"position\":3,\"name\":\"SAV\"}]},{\"@type\":\"WebSite\",\"@id\":\"https:\\\/\\\/sonimat.com\\\/#website\",\"url\":\"https:\\\/\\\/sonimat.com\\\/\",\"name\":\"SONIMAT\",\"description\":\"\",\"potentialAction\":[{\"@type\":\"SearchAction\",\"target\":{\"@type\":\"EntryPoint\",\"urlTemplate\":\"https:\\\/\\\/sonimat.com\\\/?s={search_term_string}\"},\"query-input\":{\"@type\":\"PropertyValueSpecification\",\"valueRequired\":true,\"valueName\":\"search_term_string\"}}],\"inLanguage\":\"de\"}]}<\/script>","yoast_head_json":{"title":"Maintenance et Service Apr\u00e8s-Vente de SONIMAT","description":"Notre \u00e9quipe maintenance et SAV intervient partout en France et \u00e0 l'\u00e9tranger et vous apporte son expertise proc\u00e9d\u00e9s pour vos op\u00e9rations de maintenance\/SAV.","robots":{"index":"index","follow":"follow","max-snippet":"max-snippet:-1","max-image-preview":"max-image-preview:large","max-video-preview":"max-video-preview:-1"},"canonical":"https:\/\/sonimat.com\/de\/gesellschaft\/wartung-und-kundendienst\/","og_locale":"de_DE","og_type":"article","og_title":"Maintenance et Service Apr\u00e8s-Vente de SONIMAT","og_description":"Notre \u00e9quipe maintenance et SAV intervient partout en France et \u00e0 l'\u00e9tranger et vous apporte son expertise proc\u00e9d\u00e9s pour vos op\u00e9rations de maintenance\/SAV.","og_url":"https:\/\/sonimat.com\/de\/gesellschaft\/wartung-und-kundendienst\/","og_site_name":"SONIMAT","article_modified_time":"2022-10-06T13:09:59+00:00","og_image":[{"width":2000,"height":1000,"url":"https:\/\/sonimat.com\/wp-content\/uploads\/sites\/9\/2021\/04\/Maintenance-et-SAV-EUROPE-TECHNOLOGIES.jpg","type":"image\/jpeg"}],"twitter_card":"summary_large_image","twitter_site":"@EuropeTechno","twitter_misc":{"Gesch\u00e4tzte Lesezeit":"2\u00a0Minuten"},"schema":{"@context":"https:\/\/schema.org","@graph":[{"@type":"WebPage","@id":"https:\/\/sonimat.com\/de\/gesellschaft\/wartung-und-kundendienst\/","url":"https:\/\/sonimat.com\/de\/gesellschaft\/wartung-und-kundendienst\/","name":"Maintenance et Service Apr\u00e8s-Vente de SONIMAT","isPartOf":{"@id":"https:\/\/sonimat.com\/#website"},"primaryImageOfPage":{"@id":"https:\/\/sonimat.com\/de\/gesellschaft\/wartung-und-kundendienst\/#primaryimage"},"image":{"@id":"https:\/\/sonimat.com\/de\/gesellschaft\/wartung-und-kundendienst\/#primaryimage"},"thumbnailUrl":"https:\/\/sonimat.com\/wp-content\/uploads\/sites\/9\/2021\/04\/Maintenance-et-SAV-EUROPE-TECHNOLOGIES.jpg","datePublished":"2021-04-15T15:50:44+00:00","dateModified":"2022-10-06T13:09:59+00:00","description":"Notre \u00e9quipe maintenance et SAV intervient partout en France et \u00e0 l'\u00e9tranger et vous apporte son expertise proc\u00e9d\u00e9s pour vos op\u00e9rations de maintenance\/SAV.","breadcrumb":{"@id":"https:\/\/sonimat.com\/de\/gesellschaft\/wartung-und-kundendienst\/#breadcrumb"},"inLanguage":"de","potentialAction":[{"@type":"ReadAction","target":["https:\/\/sonimat.com\/de\/gesellschaft\/wartung-und-kundendienst\/"]}]},{"@type":"ImageObject","inLanguage":"de","@id":"https:\/\/sonimat.com\/de\/gesellschaft\/wartung-und-kundendienst\/#primaryimage","url":"https:\/\/sonimat.com\/wp-content\/uploads\/sites\/9\/2021\/04\/Maintenance-et-SAV-EUROPE-TECHNOLOGIES.jpg","contentUrl":"https:\/\/sonimat.com\/wp-content\/uploads\/sites\/9\/2021\/04\/Maintenance-et-SAV-EUROPE-TECHNOLOGIES.jpg","width":2000,"height":1000,"caption":"Maintenance SONIMAT"},{"@type":"BreadcrumbList","@id":"https:\/\/sonimat.com\/de\/gesellschaft\/wartung-und-kundendienst\/#breadcrumb","itemListElement":[{"@type":"ListItem","position":1,"name":"Accueil","item":"https:\/\/sonimat.com\/de\/"},{"@type":"ListItem","position":2,"name":"Gesellschaft","item":"https:\/\/sonimat.com\/de\/gesellschaft\/"},{"@type":"ListItem","position":3,"name":"SAV"}]},{"@type":"WebSite","@id":"https:\/\/sonimat.com\/#website","url":"https:\/\/sonimat.com\/","name":"SONIMAT","description":"","potentialAction":[{"@type":"SearchAction","target":{"@type":"EntryPoint","urlTemplate":"https:\/\/sonimat.com\/?s={search_term_string}"},"query-input":{"@type":"PropertyValueSpecification","valueRequired":true,"valueName":"search_term_string"}}],"inLanguage":"de"}]}},"_links":{"self":[{"href":"https:\/\/sonimat.com\/de\/wp-json\/wp\/v2\/pages\/20800","targetHints":{"allow":["GET"]}}],"collection":[{"href":"https:\/\/sonimat.com\/de\/wp-json\/wp\/v2\/pages"}],"about":[{"href":"https:\/\/sonimat.com\/de\/wp-json\/wp\/v2\/types\/page"}],"author":[{"embeddable":true,"href":"https:\/\/sonimat.com\/de\/wp-json\/wp\/v2\/users\/2"}],"replies":[{"embeddable":true,"href":"https:\/\/sonimat.com\/de\/wp-json\/wp\/v2\/comments?post=20800"}],"version-history":[{"count":3,"href":"https:\/\/sonimat.com\/de\/wp-json\/wp\/v2\/pages\/20800\/revisions"}],"predecessor-version":[{"id":29179,"href":"https:\/\/sonimat.com\/de\/wp-json\/wp\/v2\/pages\/20800\/revisions\/29179"}],"up":[{"embeddable":true,"href":"https:\/\/sonimat.com\/de\/wp-json\/wp\/v2\/pages\/20740"}],"wp:featuredmedia":[{"embeddable":true,"href":"https:\/\/sonimat.com\/de\/wp-json\/wp\/v2\/media\/20801"}],"wp:attachment":[{"href":"https:\/\/sonimat.com\/de\/wp-json\/wp\/v2\/media?parent=20800"}],"curies":[{"name":"wp","href":"https:\/\/api.w.org\/{rel}","templated":true}]}}