{"id":20745,"date":"2022-02-09T17:52:06","date_gmt":"2022-02-09T16:52:06","guid":{"rendered":"https:\/\/sonimat.com\/recyclage-des-materiaux-composites\/"},"modified":"2022-10-07T07:38:10","modified_gmt":"2022-10-07T05:38:10","slug":"recycling-von-verbundmaterialien","status":"publish","type":"page","link":"https:\/\/sonimat.com\/de\/bearbeitung-von-verbundwerkstoffen\/recycling-von-verbundmaterialien\/","title":{"rendered":"Recycling von Verbundmaterialien"},"content":{"rendered":"<div class=\"wpb-content-wrapper\"><p>[vc_row][vc_column][vc_row_inner content_placement=&#8220;middle&#8220; gap=&#8220;35&#8243;][vc_column_inner width=&#8220;2\/3&#8243;][vc_column_text]<\/p>\n<h2>Recyclage des mat\u00e9riaux composites<\/h2>\n<p>Les mat\u00e9riaux composites sont utilis\u00e9s dans de nombreux secteurs de pointe comme <strong>l\u2019\u00e9nergie, l\u2019a\u00e9rospatial, la d\u00e9fense ou bien encore les sports et loisirs<\/strong>. En effet, ils pr\u00e9sentent des propri\u00e9t\u00e9s m\u00e9caniques, comme la <strong>solidit\u00e9, la r\u00e9sistance et la l\u00e9g\u00e8ret\u00e9<\/strong> pleinement recherch\u00e9s par ces secteurs d\u2019activit\u00e9.<\/p>\n<p>Le composite g\u00e9n\u00e8re cependant une <strong>importante quantit\u00e9 de d\u00e9chets<\/strong> lors de sa fabrication (chute de mati\u00e8re, consommables&#8230;) ainsi que lors du d\u00e9mant\u00e8lement\/mise au rebus des pi\u00e8ces.<\/p>\n<p>Se pose alors la question du recyclage de ces mat\u00e9riaux h\u00e9t\u00e9rog\u00e8nes et complexes : <strong>des solutions existent pour leur donner une seconde vie<\/strong>.[\/vc_column_text][vc_column_text]<\/p>\n<h3>Pourquoi choisir SONIMAT ?<\/h3>\n<ul>\n<li>25 ans de savoir-faire dans la d\u00e9coupe et l\u2019assemblage des composites<\/li>\n<li>Expert dans la conception et la fabrication de machines sp\u00e9ciales<\/li>\n<li>Une ma\u00eetrise des proc\u00e9d\u00e9s de transformation des mat\u00e9riaux composites<\/li>\n<\/ul>\n<p>[\/vc_column_text][\/vc_column_inner][vc_column_inner width=&#8220;1\/3&#8243;]<div class=\"ult-content-box-container \" >\t<a class=\"ult-content-box-anchor\" href=\"https:\/\/sonimat.com\/telechargements\/\" title=\"T\u00e9l\u00e9chargez notre flyer d\u00e9di\u00e9 sur le recyclage des composites!\" target=\"_blank\" rel=\"noopener\" >\t\t<div class=\"ult-content-box\" style=\"background-color:rgba(0,157,224,0.15);box-shadow: px px px px none;padding:15px;margin-top:5px;margin-right:15px;margin-bottom:5px;margin-left:15px;min-height:250px;-webkit-transition: all 700ms ease;-moz-transition: all 700ms ease;-ms-transition: all 700ms ease;-o-transition: all 700ms ease;transition: all 700ms ease;\"  data-hover_bg_color=\"rgba(205,91,27,0.15)\"  data-hover_box_shadow=\"none\"    data-normal_margins=\"margin-top:5px;margin-right:15px;margin-bottom:5px;margin-left:15px;\"   data-bg=\"rgba(0,157,224,0.15)\" >[vc_single_image image=&#8220;20749&#8243; img_size=&#8220;150&#215;212&#8243; alignment=&#8220;center&#8220;][vc_column_text]<\/p>\n<p style=\"text-align: center;\"><span style=\"color: #2f3787;\"><strong>T\u00e9l\u00e9chargez notre brochure compl\u00e8te sur le recyclage des mat\u00e9riaux composites<\/strong><\/span><\/p>\n<p>[\/vc_column_text][vc_btn title=&#8220;Je t\u00e9l\u00e9charge!&#8220; style=&#8220;custom&#8220; custom_background=&#8220;#cd5b1b&#8220; custom_text=&#8220;#ffffff&#8220; size=&#8220;lg&#8220; align=&#8220;center&#8220; i_icon_fontawesome=&#8220;fas fa-file-download&#8220; add_icon=&#8220;true&#8220; link=&#8220;url:https%3A%2F%2Fsonimat.com%2Ftelechargements%2F|title:Contact&#8220;]\t\t<\/div>\t<\/a><\/div>[\/vc_column_inner][\/vc_row_inner][\/vc_column][\/vc_row][vc_row bg_type=&#8220;bg_color&#8220; bg_override=&#8220;full&#8220; bg_color_value=&#8220;#f2f2f2&#8243;][vc_column][vc_empty_space][vc_row_inner content_placement=&#8220;middle&#8220;][vc_column_inner width=&#8220;1\/6&#8243;][vc_icon icon_fontawesome=&#8220;fas fa-leaf&#8220; color=&#8220;custom&#8220; size=&#8220;xl&#8220; align=&#8220;center&#8220; custom_color=&#8220;#1c8c5b&#8220;][\/vc_column_inner][vc_column_inner width=&#8220;5\/6&#8243;][vc_custom_heading text=&#8220;SONIMAT est votre partenaire privil\u00e9gi\u00e9 pour le recyclage des mati\u00e8res composites ! Nous accompagnons les fabricants de mati\u00e8res et de pi\u00e8ces \u00e0 travers diff\u00e9rents modules et machines de recyclage selon le process de transformation utilis\u00e9.&#8220; font_container=&#8220;tag:p|font_size:23|text_align:left|color:%231c8c5b|line_height:1%2C8&#8243; google_fonts=&#8220;font_family:Source%20Sans%20Pro%3A200%2C200italic%2C300%2C300italic%2Cregular%2Citalic%2C600%2C600italic%2C700%2C700italic%2C900%2C900italic|font_style:600%20bold%20regular%3A600%3Anormal&#8220;][\/vc_column_inner][\/vc_row_inner][vc_empty_space height=&#8220;15px&#8220;][\/vc_column][\/vc_row][vc_row][vc_column][vc_empty_space height=&#8220;64px&#8220;][vc_column_text]<\/p>\n<h3>Notre expertise :<\/h3>\n<p>[\/vc_column_text][vc_row_inner][vc_column_inner width=&#8220;1\/3&#8243;][vc_single_image image=&#8220;20758&#8243; img_size=&#8220;250&#215;250&#8243; alignment=&#8220;center&#8220; image_hover=&#8220;image&#8220; image_hover_src=&#8220;19828&#8243;][vc_column_text]<\/p>\n<p style=\"text-align: center;\"><span style=\"color: #2f3787;\">Solutions de d\u00e9coupe des composites<\/span><\/p>\n<p>[\/vc_column_text][\/vc_column_inner][vc_column_inner width=&#8220;1\/3&#8243;][vc_single_image image=&#8220;20759&#8243; img_size=&#8220;250&#215;250&#8243; alignment=&#8220;center&#8220; image_hover=&#8220;image&#8220; image_hover_src=&#8220;19830&#8243;][vc_column_text]<\/p>\n<p style=\"text-align: center;\"><span style=\"color: #2f3787;\">Solutions d\u2019assemblage des mati\u00e8res premi\u00e8res et des pi\u00e8ces<\/span><\/p>\n<p>[\/vc_column_text][\/vc_column_inner][vc_column_inner width=&#8220;1\/3&#8243;][vc_single_image image=&#8220;20757&#8243; img_size=&#8220;250&#215;250&#8243; alignment=&#8220;center&#8220; image_hover=&#8220;image&#8220; image_hover_src=&#8220;19832&#8243;][vc_column_text]<\/p>\n<p style=\"text-align: center;\"><span style=\"color: #2f3787;\">Fabrication de machines sp\u00e9ciales<\/span><\/p>\n<p>[\/vc_column_text][\/vc_column_inner][\/vc_row_inner][\/vc_column][\/vc_row][vc_row][vc_column][vc_empty_space height=&#8220;64px&#8220;][vc_column_text]<\/p>\n<h3>Nos solutions pour le recyclage des composites :<\/h3>\n<ul>\n<li>Fourniture de nos proc\u00e9d\u00e9s de <strong>d\u00e9coupe<\/strong> et de <strong>soudure<\/strong><\/li>\n<li>R\u00e9alisation de machines\/lignes int\u00e9grant <strong>nos<\/strong> proc\u00e9d\u00e9s<\/li>\n<li>R\u00e9alisation de machines\/lignes int\u00e9grant <strong>vos<\/strong> proc\u00e9d\u00e9s<\/li>\n<\/ul>\n<p>[\/vc_column_text][\/vc_column][\/vc_row][vc_row][vc_column][vc_empty_space height=&#8220;64px&#8220;][vc_column_text]<\/p>\n<h2 style=\"text-align: left;\">Exemple d&#8217;application : recyclage de chutes de mati\u00e8res composites<\/h2>\n<p>[\/vc_column_text][vc_column_text]<strong>Produits d&#8217;entr\u00e9s concern\u00e9s :<\/strong><\/p>\n<p>\u2022 Composite thermodur pr\u00e9impr\u00e9gn\u00e9 textile\/UD<br \/>\n\u2022 Composite thermoplastique textile\/UD<br \/>\n\u2022 Pi\u00e8ce consolid\u00e9e thermoplastique[\/vc_column_text]<div class=\"smile-icon-timeline-wrap csstime  timeline-custom-width tl-animation-slide-out\" data-timeline-cutom-width=\"400\" data-time_sep_bg_color=&quot;#009de0&quot; data-time_block_bg_color=&quot;#f2f2f2&quot; data-time_sep_color=&quot;#009de0&quot; style=\"\"><div class=\"timeline-line \" style=\"border-right-color:#2f3787;\"><span><\/span><\/div><div class=\"timeline-wrapper\"><div class=\"timeline-block \"><div class=\"timeline-dot\"><\/div><div class=\"ult-timeline-arrow\"><s><\/s><l><\/l><\/div><div class=\"timeline-icon-block\"><div class=\"ult-timeline-icon tl-icon-no-bg\" style=\"   \"><\/div> <!-- icon --><\/div><div class=\"timeline-header-block\" >\n\t\t\t\t\t\t\t<div id=\"timeline-item-7455\" class=\"timeline-header\" style=\"\"><p class=\"ult-timeline-title ult-responsive\"  data-ultimate-target='#timeline-item-7455 .ult-timeline-title'  data-responsive-json-new='{\"font-size\":\"desktop:20px;\",\"line-height\":\"\"}'  style=\"font-weight:bold;color:#cd5b1b;\">\u00c9tape 1 : Pr\u00e9paration mati\u00e8re<\/p><div class=\"ult-responsive timeline-item-spt\"  data-ultimate-target='#timeline-item-7455 .timeline-item-spt'  data-responsive-json-new='{\"font-size\":\"\",\"line-height\":\"\"}'  style=\"\"><\/p>\n<p style=\"text-align: left;\"><span style=\"font-size: 1.2em;\">Suppression des films s\u00e9parateurs<\/span><\/p>\n<p style=\"text-align: left;\"><span style=\"font-size: 1.2em;\">D\u00e9laminage des plis<\/span><\/p>\n<p style=\"text-align: left;\"><span style=\"font-size: 1.2em;\">Conformage mati\u00e8re<\/span><\/p>\n<p style=\"text-align: left;\"><span style=\"font-size: 1.2em;\">Mise en largeur des bandes (tape)<\/span><\/p>\n<p><\/div><\/div> <!-- header --><\/div><\/div><div class=\"timeline-block \"><div class=\"timeline-dot\"><\/div><div class=\"ult-timeline-arrow\"><s><\/s><l><\/l><\/div><div class=\"timeline-icon-block\"><div class=\"ult-timeline-icon tl-icon-no-bg\" style=\"   \"><\/div> <!-- icon --><\/div><div class=\"timeline-header-block\" >\n\t\t\t\t\t\t\t<div id=\"timeline-item-5233\" class=\"timeline-header\" style=\"\"><p class=\"ult-timeline-title ult-responsive\"  data-ultimate-target='#timeline-item-5233 .ult-timeline-title'  data-responsive-json-new='{\"font-size\":\"desktop:20px;\",\"line-height\":\"\"}'  style=\"font-weight:bold;color:#cd5b1b;\">\u00c9tape 2 : Transformation de la mati\u00e8re via diff\u00e9rents proc\u00e9d\u00e9s<\/p><div class=\"ult-responsive timeline-item-spt\"  data-ultimate-target='#timeline-item-5233 .timeline-item-spt'  data-responsive-json-new='{\"font-size\":\"\",\"line-height\":\"\"}'  style=\"\"><span style=\"font-size: 1.2em;\">Pr\u00e9paration des patchs<\/span><\/p>\n<p><span style=\"font-size: 1.2em;\">Pr\u00e9paration des l\u00e9s\u00a0<\/span><\/p>\n<p><span style=\"font-size: 1.2em;\">Sublimation r\u00e9sine<\/span><\/p>\n<p>&#8230;<\/div><\/div> <!-- header --><\/div><\/div><div class=\"timeline-block \"><div class=\"timeline-dot\"><\/div><div class=\"ult-timeline-arrow\"><s><\/s><l><\/l><\/div><div class=\"timeline-icon-block\"><div class=\"ult-timeline-icon tl-icon-no-bg\" style=\"   \"><\/div> <!-- icon --><\/div><div class=\"timeline-header-block\" >\n\t\t\t\t\t\t\t<div id=\"timeline-item-8514\" class=\"timeline-header\" style=\"\"><p class=\"ult-timeline-title ult-responsive\"  data-ultimate-target='#timeline-item-8514 .ult-timeline-title'  data-responsive-json-new='{\"font-size\":\"desktop:20px;\",\"line-height\":\"\"}'  style=\"font-weight:bold;color:#cd5b1b;\">\u00c9tape 3 : Conformage du produit<\/p><div class=\"ult-responsive timeline-item-spt\"  data-ultimate-target='#timeline-item-8514 .timeline-item-spt'  data-responsive-json-new='{\"font-size\":\"\",\"line-height\":\"\"}'  style=\"\"><\/p>\n<p style=\"text-align: left;\"><span style=\"font-size: 1.2em;\">Matelas ordonn\u00e9s<\/span><\/p>\n<p style=\"text-align: left;\"><span style=\"font-size: 1.2em;\">Matelas d\u00e9sordonn\u00e9s<\/span><\/p>\n<p style=\"text-align: left;\"><span style=\"font-size: 1.2em;\">Raboutage de tapes\/fibres<\/span><\/p>\n<p><\/div><\/div> <!-- header --><\/div><\/div><div class=\"timeline-block \"><div class=\"timeline-dot\"><\/div><div class=\"ult-timeline-arrow\"><s><\/s><l><\/l><\/div><div class=\"timeline-icon-block\"><div class=\"ult-timeline-icon tl-icon-no-bg\" style=\"   \"><\/div> <!-- icon --><\/div><div class=\"timeline-header-block\" >\n\t\t\t\t\t\t\t<div id=\"timeline-item-7703\" class=\"timeline-header\" style=\"\"><p class=\"ult-timeline-title ult-responsive\"  data-ultimate-target='#timeline-item-7703 .ult-timeline-title'  data-responsive-json-new='{\"font-size\":\"desktop:20px;\",\"line-height\":\"\"}'  style=\"font-weight:bold;color:#cd5b1b;\">\u00c9tape 4 : Pr\u00e9paration de la mati\u00e8re en sortie<\/p><div class=\"ult-responsive timeline-item-spt\"  data-ultimate-target='#timeline-item-7703 .timeline-item-spt'  data-responsive-json-new='{\"font-size\":\"\",\"line-height\":\"\"}'  style=\"\"><span style=\"font-size: 1.2em;\">Ma\u00eetrise de la densit\u00e9 (d\u00e9coupe, pesage, d\u00e9pose, pick and place&#8230;)<\/span><\/p>\n<p style=\"text-align: left;\"><span style=\"font-size: 1.2em;\">Ajout de films s\u00e9parateurs<\/span><\/p>\n<p style=\"text-align: left;\"><span style=\"font-size: 1.2em;\">Mise en forme des nouveaux rouleaux\/bobines<\/span><\/p>\n<p><\/div><\/div> <!-- header --><\/div><\/div><\/div><\/div>[\/vc_column][\/vc_row][vc_row][vc_column][vc_empty_space][vc_btn title=&#8220;Pour en savoir plus sur le recyclage des mat\u00e9riaux composites, t\u00e9l\u00e9chargez notre flyer !&#8220; style=&#8220;custom&#8220; custom_background=&#8220;#cd5b1b&#8220; custom_text=&#8220;#ffffff&#8220; size=&#8220;lg&#8220; align=&#8220;center&#8220; i_icon_fontawesome=&#8220;fas fa-file-download&#8220; css_animation=&#8220;bounceIn&#8220; button_block=&#8220;true&#8220; add_icon=&#8220;true&#8220; link=&#8220;url:https%3A%2F%2Fsonimat.com%2Ftelechargements%2F|title:Contact&#8220;][vc_empty_space][\/vc_column][\/vc_row]<\/p>\n<\/div>","protected":false},"excerpt":{"rendered":"<p>[vc_row][vc_column][vc_row_inner content_placement=&#8220;middle&#8220; gap=&#8220;35&#8243;][vc_column_inner width=&#8220;2\/3&#8243;][vc_column_text] Recyclage des mat\u00e9riaux composites Les mat\u00e9riaux composites sont utilis\u00e9s dans de nombreux secteurs de pointe comme l\u2019\u00e9nergie, l\u2019a\u00e9rospatial, la d\u00e9fense ou bien encore les sports et&hellip;<\/p>\n","protected":false},"author":2,"featured_media":20747,"parent":23099,"menu_order":0,"comment_status":"closed","ping_status":"closed","template":"","meta":{"_acf_changed":false,"footnotes":""},"class_list":["post-20745","page","type-page","status-publish","has-post-thumbnail","hentry"],"acf":[],"yoast_head":"<title>Valorisation et recyclage des mat\u00e9riaux composites | SONIMAT<\/title>\n<meta name=\"description\" content=\"Comment recycler les composites ? SONIMAT vous propose son expertise et vous accompagne dans le recyclage des mat\u00e9riaux composites. D\u00e9couvrez nos solutions!\" \/>\n<meta name=\"robots\" content=\"index, follow, max-snippet:-1, max-image-preview:large, max-video-preview:-1\" \/>\n<link rel=\"canonical\" href=\"https:\/\/sonimat.com\/de\/bearbeitung-von-verbundwerkstoffen\/recycling-von-verbundmaterialien\/\" \/>\n<meta property=\"og:locale\" content=\"de_DE\" \/>\n<meta property=\"og:type\" content=\"article\" \/>\n<meta property=\"og:title\" content=\"Valorisation et recyclage des mat\u00e9riaux composites | SONIMAT\" \/>\n<meta property=\"og:description\" content=\"Comment recycler les composites ? SONIMAT vous propose son expertise et vous accompagne dans le recyclage des mat\u00e9riaux composites. D\u00e9couvrez nos solutions!\" \/>\n<meta property=\"og:url\" content=\"https:\/\/sonimat.com\/de\/bearbeitung-von-verbundwerkstoffen\/recycling-von-verbundmaterialien\/\" \/>\n<meta property=\"og:site_name\" content=\"SONIMAT\" \/>\n<meta property=\"article:modified_time\" content=\"2022-10-07T05:38:10+00:00\" \/>\n<meta property=\"og:image\" content=\"https:\/\/sonimat.com\/wp-content\/uploads\/sites\/9\/2019\/11\/Machine-sp\u00e9ciale-soudure-et-d\u00e9coupe-composite-SONIMAT-1.jpg\" \/>\n\t<meta property=\"og:image:width\" content=\"2000\" \/>\n\t<meta property=\"og:image:height\" content=\"1000\" \/>\n\t<meta property=\"og:image:type\" content=\"image\/jpeg\" \/>\n<meta name=\"twitter:card\" content=\"summary_large_image\" \/>\n<meta name=\"twitter:site\" content=\"@EuropeTechno\" \/>\n<meta name=\"twitter:label1\" content=\"Gesch\u00e4tzte Lesezeit\" \/>\n\t<meta name=\"twitter:data1\" content=\"5\u00a0Minuten\" \/>\n<script type=\"application\/ld+json\" class=\"yoast-schema-graph\">{\"@context\":\"https:\\\/\\\/schema.org\",\"@graph\":[{\"@type\":\"WebPage\",\"@id\":\"https:\\\/\\\/sonimat.com\\\/de\\\/bearbeitung-von-verbundwerkstoffen\\\/recycling-von-verbundmaterialien\\\/\",\"url\":\"https:\\\/\\\/sonimat.com\\\/de\\\/bearbeitung-von-verbundwerkstoffen\\\/recycling-von-verbundmaterialien\\\/\",\"name\":\"Valorisation et recyclage des mat\u00e9riaux composites | SONIMAT\",\"isPartOf\":{\"@id\":\"https:\\\/\\\/sonimat.com\\\/#website\"},\"primaryImageOfPage\":{\"@id\":\"https:\\\/\\\/sonimat.com\\\/de\\\/bearbeitung-von-verbundwerkstoffen\\\/recycling-von-verbundmaterialien\\\/#primaryimage\"},\"image\":{\"@id\":\"https:\\\/\\\/sonimat.com\\\/de\\\/bearbeitung-von-verbundwerkstoffen\\\/recycling-von-verbundmaterialien\\\/#primaryimage\"},\"thumbnailUrl\":\"https:\\\/\\\/sonimat.com\\\/wp-content\\\/uploads\\\/sites\\\/9\\\/2019\\\/11\\\/Machine-sp\u00e9ciale-soudure-et-d\u00e9coupe-composite-SONIMAT-1.jpg\",\"datePublished\":\"2022-02-09T16:52:06+00:00\",\"dateModified\":\"2022-10-07T05:38:10+00:00\",\"description\":\"Comment recycler les composites ? SONIMAT vous propose son expertise et vous accompagne dans le recyclage des mat\u00e9riaux composites. D\u00e9couvrez nos solutions!\",\"breadcrumb\":{\"@id\":\"https:\\\/\\\/sonimat.com\\\/de\\\/bearbeitung-von-verbundwerkstoffen\\\/recycling-von-verbundmaterialien\\\/#breadcrumb\"},\"inLanguage\":\"de\",\"potentialAction\":[{\"@type\":\"ReadAction\",\"target\":[\"https:\\\/\\\/sonimat.com\\\/de\\\/bearbeitung-von-verbundwerkstoffen\\\/recycling-von-verbundmaterialien\\\/\"]}]},{\"@type\":\"ImageObject\",\"inLanguage\":\"de\",\"@id\":\"https:\\\/\\\/sonimat.com\\\/de\\\/bearbeitung-von-verbundwerkstoffen\\\/recycling-von-verbundmaterialien\\\/#primaryimage\",\"url\":\"https:\\\/\\\/sonimat.com\\\/wp-content\\\/uploads\\\/sites\\\/9\\\/2019\\\/11\\\/Machine-sp\u00e9ciale-soudure-et-d\u00e9coupe-composite-SONIMAT-1.jpg\",\"contentUrl\":\"https:\\\/\\\/sonimat.com\\\/wp-content\\\/uploads\\\/sites\\\/9\\\/2019\\\/11\\\/Machine-sp\u00e9ciale-soudure-et-d\u00e9coupe-composite-SONIMAT-1.jpg\",\"width\":2000,\"height\":1000,\"caption\":\"Recyclage des mat\u00e9riaux composites - Valorisation des composites Machine sp\u00e9ciale - SONIMAT\"},{\"@type\":\"BreadcrumbList\",\"@id\":\"https:\\\/\\\/sonimat.com\\\/de\\\/bearbeitung-von-verbundwerkstoffen\\\/recycling-von-verbundmaterialien\\\/#breadcrumb\",\"itemListElement\":[{\"@type\":\"ListItem\",\"position\":1,\"name\":\"Accueil\",\"item\":\"https:\\\/\\\/sonimat.com\\\/de\\\/\"},{\"@type\":\"ListItem\",\"position\":2,\"name\":\"Verbundwerkstoff\",\"item\":\"https:\\\/\\\/sonimat.com\\\/composites\\\/\"},{\"@type\":\"ListItem\",\"position\":3,\"name\":\"Recycling von Verbundmaterialien\"}]},{\"@type\":\"WebSite\",\"@id\":\"https:\\\/\\\/sonimat.com\\\/#website\",\"url\":\"https:\\\/\\\/sonimat.com\\\/\",\"name\":\"SONIMAT\",\"description\":\"\",\"potentialAction\":[{\"@type\":\"SearchAction\",\"target\":{\"@type\":\"EntryPoint\",\"urlTemplate\":\"https:\\\/\\\/sonimat.com\\\/?s={search_term_string}\"},\"query-input\":{\"@type\":\"PropertyValueSpecification\",\"valueRequired\":true,\"valueName\":\"search_term_string\"}}],\"inLanguage\":\"de\"}]}<\/script>","yoast_head_json":{"title":"Valorisation et recyclage des mat\u00e9riaux composites | SONIMAT","description":"Comment recycler les composites ? SONIMAT vous propose son expertise et vous accompagne dans le recyclage des mat\u00e9riaux composites. D\u00e9couvrez nos solutions!","robots":{"index":"index","follow":"follow","max-snippet":"max-snippet:-1","max-image-preview":"max-image-preview:large","max-video-preview":"max-video-preview:-1"},"canonical":"https:\/\/sonimat.com\/de\/bearbeitung-von-verbundwerkstoffen\/recycling-von-verbundmaterialien\/","og_locale":"de_DE","og_type":"article","og_title":"Valorisation et recyclage des mat\u00e9riaux composites | SONIMAT","og_description":"Comment recycler les composites ? SONIMAT vous propose son expertise et vous accompagne dans le recyclage des mat\u00e9riaux composites. D\u00e9couvrez nos solutions!","og_url":"https:\/\/sonimat.com\/de\/bearbeitung-von-verbundwerkstoffen\/recycling-von-verbundmaterialien\/","og_site_name":"SONIMAT","article_modified_time":"2022-10-07T05:38:10+00:00","og_image":[{"width":2000,"height":1000,"url":"https:\/\/sonimat.com\/wp-content\/uploads\/sites\/9\/2019\/11\/Machine-sp\u00e9ciale-soudure-et-d\u00e9coupe-composite-SONIMAT-1.jpg","type":"image\/jpeg"}],"twitter_card":"summary_large_image","twitter_site":"@EuropeTechno","twitter_misc":{"Gesch\u00e4tzte Lesezeit":"5\u00a0Minuten"},"schema":{"@context":"https:\/\/schema.org","@graph":[{"@type":"WebPage","@id":"https:\/\/sonimat.com\/de\/bearbeitung-von-verbundwerkstoffen\/recycling-von-verbundmaterialien\/","url":"https:\/\/sonimat.com\/de\/bearbeitung-von-verbundwerkstoffen\/recycling-von-verbundmaterialien\/","name":"Valorisation et recyclage des mat\u00e9riaux composites | SONIMAT","isPartOf":{"@id":"https:\/\/sonimat.com\/#website"},"primaryImageOfPage":{"@id":"https:\/\/sonimat.com\/de\/bearbeitung-von-verbundwerkstoffen\/recycling-von-verbundmaterialien\/#primaryimage"},"image":{"@id":"https:\/\/sonimat.com\/de\/bearbeitung-von-verbundwerkstoffen\/recycling-von-verbundmaterialien\/#primaryimage"},"thumbnailUrl":"https:\/\/sonimat.com\/wp-content\/uploads\/sites\/9\/2019\/11\/Machine-sp\u00e9ciale-soudure-et-d\u00e9coupe-composite-SONIMAT-1.jpg","datePublished":"2022-02-09T16:52:06+00:00","dateModified":"2022-10-07T05:38:10+00:00","description":"Comment recycler les composites ? SONIMAT vous propose son expertise et vous accompagne dans le recyclage des mat\u00e9riaux composites. D\u00e9couvrez nos solutions!","breadcrumb":{"@id":"https:\/\/sonimat.com\/de\/bearbeitung-von-verbundwerkstoffen\/recycling-von-verbundmaterialien\/#breadcrumb"},"inLanguage":"de","potentialAction":[{"@type":"ReadAction","target":["https:\/\/sonimat.com\/de\/bearbeitung-von-verbundwerkstoffen\/recycling-von-verbundmaterialien\/"]}]},{"@type":"ImageObject","inLanguage":"de","@id":"https:\/\/sonimat.com\/de\/bearbeitung-von-verbundwerkstoffen\/recycling-von-verbundmaterialien\/#primaryimage","url":"https:\/\/sonimat.com\/wp-content\/uploads\/sites\/9\/2019\/11\/Machine-sp\u00e9ciale-soudure-et-d\u00e9coupe-composite-SONIMAT-1.jpg","contentUrl":"https:\/\/sonimat.com\/wp-content\/uploads\/sites\/9\/2019\/11\/Machine-sp\u00e9ciale-soudure-et-d\u00e9coupe-composite-SONIMAT-1.jpg","width":2000,"height":1000,"caption":"Recyclage des mat\u00e9riaux composites - Valorisation des composites Machine sp\u00e9ciale - SONIMAT"},{"@type":"BreadcrumbList","@id":"https:\/\/sonimat.com\/de\/bearbeitung-von-verbundwerkstoffen\/recycling-von-verbundmaterialien\/#breadcrumb","itemListElement":[{"@type":"ListItem","position":1,"name":"Accueil","item":"https:\/\/sonimat.com\/de\/"},{"@type":"ListItem","position":2,"name":"Verbundwerkstoff","item":"https:\/\/sonimat.com\/composites\/"},{"@type":"ListItem","position":3,"name":"Recycling von Verbundmaterialien"}]},{"@type":"WebSite","@id":"https:\/\/sonimat.com\/#website","url":"https:\/\/sonimat.com\/","name":"SONIMAT","description":"","potentialAction":[{"@type":"SearchAction","target":{"@type":"EntryPoint","urlTemplate":"https:\/\/sonimat.com\/?s={search_term_string}"},"query-input":{"@type":"PropertyValueSpecification","valueRequired":true,"valueName":"search_term_string"}}],"inLanguage":"de"}]}},"_links":{"self":[{"href":"https:\/\/sonimat.com\/de\/wp-json\/wp\/v2\/pages\/20745","targetHints":{"allow":["GET"]}}],"collection":[{"href":"https:\/\/sonimat.com\/de\/wp-json\/wp\/v2\/pages"}],"about":[{"href":"https:\/\/sonimat.com\/de\/wp-json\/wp\/v2\/types\/page"}],"author":[{"embeddable":true,"href":"https:\/\/sonimat.com\/de\/wp-json\/wp\/v2\/users\/2"}],"replies":[{"embeddable":true,"href":"https:\/\/sonimat.com\/de\/wp-json\/wp\/v2\/comments?post=20745"}],"version-history":[{"count":1065,"href":"https:\/\/sonimat.com\/de\/wp-json\/wp\/v2\/pages\/20745\/revisions"}],"predecessor-version":[{"id":29215,"href":"https:\/\/sonimat.com\/de\/wp-json\/wp\/v2\/pages\/20745\/revisions\/29215"}],"up":[{"embeddable":true,"href":"https:\/\/sonimat.com\/de\/wp-json\/wp\/v2\/pages\/23099"}],"wp:featuredmedia":[{"embeddable":true,"href":"https:\/\/sonimat.com\/de\/wp-json\/wp\/v2\/media\/20747"}],"wp:attachment":[{"href":"https:\/\/sonimat.com\/de\/wp-json\/wp\/v2\/media?parent=20745"}],"curies":[{"name":"wp","href":"https:\/\/api.w.org\/{rel}","templated":true}]}}