{"id":20734,"date":"2016-08-04T08:50:52","date_gmt":"2016-08-04T06:50:52","guid":{"rendered":"https:\/\/sonimat.com\/home-2\/"},"modified":"2025-10-15T15:18:50","modified_gmt":"2025-10-15T13:18:50","slug":"home-2","status":"publish","type":"page","link":"https:\/\/sonimat.com\/de\/","title":{"rendered":"Home 2"},"content":{"rendered":"<div class=\"wpb-content-wrapper\"><p>[vc_row][vc_column][\/vc_column][\/vc_row][vc_row][vc_column][rev_slider_vc alias=&#8220;grade-de&#8220;][\/vc_column][\/vc_row][vc_section full_width=&#8220;stretch_row&#8220; el_id=&#8220;below-slider&#8220;][vc_row background_style=&#8220;repeat&#8220; css=&#8220;.vc_custom_1541496092881{margin-top: 60px !important;}&#8220;][vc_column][vc_row_inner css=&#8220;.vc_custom_1760534327592{margin-top: 30px !important;}&#8220;][vc_column_inner width=&#8220;3\/4&#8243;][vc_column_text css=&#8220;&#8220;]<\/p>\n<h2 style=\"text-align: center;\">Die geschichte von Sonimat<\/h2>\n<p>[\/vc_column_text][vc_column_text css_animation=&#8220;none&#8220; el_class=&#8220;introduction&#8220;]<\/p>\n<p style=\"text-align: center;\">Seit mehr als 25\u00a0Jahren bietet Ihnen SONIMAT innovative industrielle L\u00f6sungen in folgenden Bereichen an:<\/p>\n<p>[\/vc_column_text][vc_column_text css=&#8220;&#8220;]<\/p>\n<ul>\n<li>Schwei\u00dfen von Kunststoffen<\/li>\n<li>Schwei\u00dfen und Schneiden von Verbundwerkstoffen<\/li>\n<li>Ultraschallschneiden f\u00fcr Lebensmittel<\/li>\n<li>Schwei\u00dfen und Schneiden von Textilien<\/li>\n<li>Ultraschallsiedelung von Verpackung<\/li>\n<\/ul>\n<p>[\/vc_column_text][vc_column_text css=&#8220;&#8220;]SONIMAT ist traditionell auf die Herstellung von Ultraschallger\u00e4ten spezialisiert und entwickelt L\u00f6sungen f\u00fcr das Zusammenf\u00fcgen, Schwei\u00dfen, Schneiden und Zerteilen unterschiedlicher Materialien. Unser Unternehmen hat sich au\u00dferdem einen Namen im Bereich der Verbindungstechniken f\u00fcr Kunststoff wie Heizelement-, Spiegel-, Infrarot-, Rotations- und Laserschwei\u00dfen gemacht.<\/p>\n<p>Unser Know-how kommt in vielen Branchen zur Anwendung: Luftfahrt, Lebensmittelindustrie, Automobilbranche, Kosmetik, Elektronik, Medizin, Kunststoffverarbeitung, Textilindustrie usw., f\u00fcr die wir fortlaufend neue, innovative Produkte entwickeln.[\/vc_column_text][\/vc_column_inner][vc_column_inner width=&#8220;1\/4&#8243; css=&#8220;.vc_custom_1760534289995{background-color: #F9F9F9 !important;}&#8220;][vc_single_image image=&#8220;31728&#8243; img_size=&#8220;medium&#8220; alignment=&#8220;center&#8220; css=&#8220;&#8220; image_hover=&#8220;&#8220;][vc_column_text css=&#8220;.vc_custom_1760534137945{padding-right: 5px !important;padding-left: 5px !important;}&#8220;]SONATS ist eine Marke von SONIMAT.<\/p>\n<p>Weitere Informationen zu allen Aktivit\u00e4ten finden Sie auf der Website <a href=\"https:\/\/sonats-et.com\/en\/\" target=\"_blank\" rel=\"noopener\">https:\/\/sonats-et.com\/en\/<\/a>.<\/p>\n<p>SONATS bietet L\u00f6sungen f\u00fcr die Oberfl\u00e4chenbehandlung durch Aufprall: <strong>Kugelstrahlen, Richten und H\u00e4mmern, aktiviert durch das STRESSONIC\u00ae-Ultraschallverfahren.<\/strong>[\/vc_column_text][vc_btn title=&#8220;Entdecken Sie die L\u00f6sung von SONATS&#8220; style=&#8220;custom&#8220; custom_background=&#8220;#CD5B1B&#8220; custom_text=&#8220;#FFFFFF&#8220; align=&#8220;center&#8220; css=&#8220;&#8220; link=&#8220;url:https%3A%2F%2Fsonats-et.com%2Fen%2F|target:_blank&#8220;][\/vc_column_inner][\/vc_row_inner][vc_column_text]<\/p>\n<h1 style=\"text-align: center;\"><span lang=\"DE\">Wir entwickeln Schwei\u00df- und Schneidel\u00f6sungen f\u00fcr<\/span><\/h1>\n<p>[\/vc_column_text][\/vc_column][\/vc_row][vc_row css=&#8220;.vc_custom_1541496135813{margin-bottom: 60px !important;}&#8220;][vc_column][vc_row_inner][vc_column_inner width=&#8220;1\/3&#8243;][vc_single_image image=&#8220;30370&#8243; img_size=&#8220;full&#8220; onclick=&#8220;custom_link&#8220; css=&#8220;.vc_custom_1731656873083{margin-top: 20px !important;margin-right: 20px !important;margin-bottom: 20px !important;margin-left: 20px !important;}&#8220; image_hover=&#8220;&#8220; link=&#8220;https:\/\/sonimat.com\/de\/schneidemaschine-fuer-lebensmittel\/&#8220;][\/vc_column_inner][vc_column_inner width=&#8220;1\/3&#8243;][vc_single_image image=&#8220;30391&#8243; img_size=&#8220;full&#8220; onclick=&#8220;custom_link&#8220; css=&#8220;.vc_custom_1731656967253{margin-top: 20px !important;margin-right: 20px !important;margin-bottom: 20px !important;margin-left: 20px !important;}&#8220; image_hover=&#8220;&#8220; link=&#8220;https:\/\/sonimat.com\/de\/bearbeitung-von-verbundwerkstoffen\/&#8220;][\/vc_column_inner][vc_column_inner width=&#8220;1\/3&#8243;][vc_single_image image=&#8220;30397&#8243; img_size=&#8220;full&#8220; onclick=&#8220;custom_link&#8220; css=&#8220;.vc_custom_1731599297084{margin-top: 20px !important;margin-right: 20px !important;margin-bottom: 20px !important;margin-left: 20px !important;}&#8220; image_hover=&#8220;&#8220; link=&#8220;https:\/\/sonimat.com\/de\/textilien-schweissen-schneiden\/&#8220;][\/vc_column_inner][\/vc_row_inner][vc_row_inner][vc_column_inner width=&#8220;1\/3&#8243;][vc_single_image image=&#8220;30385&#8243; img_size=&#8220;full&#8220; onclick=&#8220;custom_link&#8220; css=&#8220;.vc_custom_1731599269451{margin-top: 20px !important;margin-right: 20px !important;margin-bottom: 20px !important;margin-left: 20px !important;}&#8220; image_hover=&#8220;&#8220; link=&#8220;https:\/\/sonimat.com\/de\/verpackung-schweissen\/&#8220;][\/vc_column_inner][vc_column_inner width=&#8220;1\/3&#8243;][vc_single_image image=&#8220;30379&#8243; img_size=&#8220;full&#8220; onclick=&#8220;custom_link&#8220; css=&#8220;.vc_custom_1731599284108{margin-top: 20px !important;margin-right: 20px !important;margin-bottom: 20px !important;margin-left: 20px !important;}&#8220; image_hover=&#8220;&#8220; link=&#8220;https:\/\/sonimat.com\/de\/schweissen-kunststoffen\/&#8220;][\/vc_column_inner][vc_column_inner width=&#8220;1\/3&#8243;][\/vc_column_inner][\/vc_row_inner][vc_row_inner][vc_column_inner][vc_column_text]<\/p>\n<h2>Unsere internationale Pr\u00e4senz<\/h2>\n<p>[\/vc_column_text][vc_column_text]SONIMAT ist im Export f\u00fcr den hohen technischen Standard und die Zuverl\u00e4ssigkeit seiner Maschinen bekannt. Als Tochterunternehmen der Gruppe Europe Technologies profitiert SONIMAT von der Unterst\u00fctzung der Niederlassungen in China und den USA, um ein Projektmanagement in Kundenn\u00e4he zu gew\u00e4hrleisten.<\/p>\n<p><span style=\"color: #cd5b1b;\"><strong>Finden Sie unsere Maschinen in allen vier Ecken der Welt :<\/strong><\/span>[\/vc_column_text][\/vc_column_inner][\/vc_row_inner]<div class='ult_hotspot_container ult-adjust-bottom-margin ult-hotspot-tooltip-wrapper ' style=>  <img class='ult_hotspot_image' src=https:\/\/sonimat.com\/wp-content\/uploads\/sites\/9\/2023\/11\/Worldmap-Machines-DE.jpg alt='null'\/>     <div class='utl-hotspot-items ult-hotspot-item'><div class='ult-hotspot-item  ' style='top:-webkit-calc(6.638268061738718% - 10px);top:-moz-calc(6.638268061738718% - 10px);top:calc(6.638268061738718% - 10px);left: -webkit-calc(91.47084421235857% - 10px);left: -moz-calc(91.47084421235857% - 10px);left: calc(91.47084421235857% - 10px);' >  <div style='z-index: 39;position: relative;'>   <a data-link_style='tootip' data-mycust-id=\"hotspot-tooltip-5656\"  data-ultimate-target='#hotspot-tooltip-5656 .ult-tooltipster-content'  data-responsive-json-new='{\"font-size\":\"\",\"line-height\":\"\"}' data-tooltip-content-style=\"width:200px;padding:15px;\"data-tooltip-base-style=\"background-color:#ffffff;color:#4c4c4c;\" data-bubble-arrow=\"true\" data-tooltipanimation=\"glow\"data-tooltip-offsety=\"10\"data-arrowposition=\"left\" class='ult-tooltipstered ult-hotspot-tooltip' href='#' data-status='show'><div class=\"ult-just-icon-wrapper  \"><div class=\"align-icon\" style=\"text-align:center;\">\n<div class=\"aio-icon  \"  style=\"font-size:20px;display:inline-block;\">\n\t<i class=\"none\"><\/i>\n<\/div><\/div><\/div><span class='hotspot-tooltip-content'>&lt;strong&gt;&lt;span style=&#039;color: #cd5b1b;&#039;&gt;Entdecken Sie&lt;\/span&gt; &lt;a href=&#039;https:\/\/sonimat.com\/de\/unsere-maerkte\/automobil\/&#039;&gt;unseren Automarkt &lt;\/a&gt;&lt;\/strong&gt;<\/span>  <\/a> <\/div><!-- ICON WRAP --><\/div><div class='ult-hotspot-item  ' style='top:-webkit-calc(57.09837418928386% - 10px);top:-moz-calc(57.09837418928386% - 10px);top:calc(57.09837418928386% - 10px);left: -webkit-calc(6.003862053959965% - 10px);left: -moz-calc(6.003862053959965% - 10px);left: calc(6.003862053959965% - 10px);' >  <div style='z-index: 39;position: relative;'>   <a data-link_style='tootip' data-mycust-id=\"hotspot-tooltip-7636\"  data-ultimate-target='#hotspot-tooltip-7636 .ult-tooltipster-content'  data-responsive-json-new='{\"font-size\":\"\",\"line-height\":\"\"}' data-tooltip-content-style=\"width:200px;padding:15px;\"data-tooltip-base-style=\"background-color:#ffffff;color:#4c4c4c;\" data-bubble-arrow=\"true\" data-tooltipanimation=\"glow\"data-tooltip-offsety=\"10\"data-arrowposition=\"right\" class='ult-tooltipstered ult-hotspot-tooltip' href='#' data-status='show'><div class=\"ult-just-icon-wrapper  \"><div class=\"align-icon\" style=\"text-align:center;\">\n<div class=\"aio-icon  \"  style=\"font-size:20px;display:inline-block;\">\n\t<i class=\"none\"><\/i>\n<\/div><\/div><\/div><span class='hotspot-tooltip-content'>&lt;strong&gt;&lt;span style=&#039;color: #cd5b00;&#039;&gt;Entdecken Sie&lt;\/span&gt; &lt;a href=&#039;https:\/\/sonimat.com\/de\/unsere-maerkte\/luft-und-raumfahrt\/&#039;&gt;unseren Luftfahrtmarkt &lt;\/a&gt;&lt;\/strong&gt;<\/span>  <\/a> <\/div><!-- ICON WRAP --><\/div><div class='ult-hotspot-item  ' style='top:-webkit-calc(83.15490045422703% - 10px);top:-moz-calc(83.15490045422703% - 10px);top:calc(83.15490045422703% - 10px);left: -webkit-calc(91.03432332463012% - 10px);left: -moz-calc(91.03432332463012% - 10px);left: calc(91.03432332463012% - 10px);' >  <div style='z-index: 39;position: relative;'>   <a data-link_style='tootip' data-mycust-id=\"hotspot-tooltip-5898\"  data-ultimate-target='#hotspot-tooltip-5898 .ult-tooltipster-content'  data-responsive-json-new='{\"font-size\":\"\",\"line-height\":\"\"}' data-tooltip-content-style=\"width:153px;padding:15px;\"data-tooltip-base-style=\"background-color:#ffffff;color:#4c4c4c;\" data-bubble-arrow=\"true\" data-tooltipanimation=\"glow\"data-tooltip-offsety=\"10\" class='ult-tooltipstered ult-hotspot-tooltip' href='#' data-status='show'><div class=\"ult-just-icon-wrapper  \"><div class=\"align-icon\" style=\"text-align:center;\">\n<div class=\"aio-icon  \"  style=\"font-size:20px;display:inline-block;\">\n\t<i class=\"none\"><\/i>\n<\/div><\/div><\/div><span class='hotspot-tooltip-content'>&lt;strong&gt;&lt;span style=&#039;color: #cd5b1b;&#039;&gt;Entdecke&lt;\/span&gt; &lt;a href=&#039;https:\/\/sonimat.com\/de\/unsere-maerkte\/medical-hygiene\/&#039;&gt;unseren Medizinmarkt!&lt;\/a&gt;&lt;\/strong&gt;<\/span>  <\/a> <\/div><!-- ICON WRAP --><\/div><div class='ult-hotspot-item  ' style='top:-webkit-calc(82.93862709317304% - 10px);top:-moz-calc(82.93862709317304% - 10px);top:calc(82.93862709317304% - 10px);left: -webkit-calc(27.152687119234116% - 10px);left: -moz-calc(27.152687119234116% - 10px);left: calc(27.152687119234116% - 10px);' >  <div style='z-index: 39;position: relative;'>   <a data-link_style='tootip' data-mycust-id=\"hotspot-tooltip-7615\"  data-ultimate-target='#hotspot-tooltip-7615 .ult-tooltipster-content'  data-responsive-json-new='{\"font-size\":\"\",\"line-height\":\"\"}' data-tooltip-content-style=\"width:200px;padding:15px;\"data-tooltip-base-style=\"background-color:#ffffff;color:#4c4c4c;\" data-bubble-arrow=\"true\" data-tooltipanimation=\"glow\"data-tooltip-offsety=\"10\" class='ult-tooltipstered ult-hotspot-tooltip' href='#' data-status='show'><div class=\"ult-just-icon-wrapper  \"><div class=\"align-icon\" style=\"text-align:center;\">\n<div class=\"aio-icon  \"  style=\"font-size:20px;display:inline-block;\">\n\t<i class=\"none\"><\/i>\n<\/div><\/div><\/div><span class='hotspot-tooltip-content'>&lt;strong&gt;&lt;span style=&#039;color: #cd5b1b;&#039;&gt;Entdecken Sie&lt;\/span&gt; &lt;a href=&#039;https:\/\/sonimat.com\/de\/unsere-maerkte\/lebensmittelindustrie\/&#039;&gt;unseren Markt f\u00fcr die Lebensmittelindustrie&lt;\/a&gt;&lt;\/strong&gt;<\/span>  <\/a> <\/div><!-- ICON WRAP --><\/div><div class='ult-hotspot-item  ' style='top:-webkit-calc(82.8635934781135% - 10px);top:-moz-calc(82.8635934781135% - 10px);top:calc(82.8635934781135% - 10px);left: -webkit-calc(5.829797650130549% - 10px);left: -moz-calc(5.829797650130549% - 10px);left: calc(5.829797650130549% - 10px);' >  <div style='z-index: 39;position: relative;'>   <a data-link_style='tootip' data-mycust-id=\"hotspot-tooltip-3759\"  data-ultimate-target='#hotspot-tooltip-3759 .ult-tooltipster-content'  data-responsive-json-new='{\"font-size\":\"\",\"line-height\":\"\"}' data-tooltip-content-style=\"width:150px;padding:15px;\"data-tooltip-base-style=\"background-color:#ffffff;color:#4c4c4c;\" data-bubble-arrow=\"true\" data-tooltipanimation=\"glow\"data-tooltip-offsety=\"10\" class='ult-tooltipstered ult-hotspot-tooltip' href='#' data-status='show'><div class=\"ult-just-icon-wrapper  \"><div class=\"align-icon\" style=\"text-align:center;\">\n<div class=\"aio-icon  \"  style=\"font-size:20px;display:inline-block;\">\n\t<i class=\"none\"><\/i>\n<\/div><\/div><\/div><span class='hotspot-tooltip-content'>&lt;strong&gt;&lt;span style=&#039;color: #cd5b1b;&#039;&gt;Entdecken Sie&lt;\/span&gt; &lt;a href=&#039;https:\/\/sonimat.com\/de\/unsere-maerkte\/kosmetik\/&#039;&gt;unseren Kosmetikmarkt !&lt;\/a&gt;&lt;\/strong&gt;<\/span>  <\/a> <\/div><!-- ICON WRAP --><\/div>\n<\/div>     <div style='color:#000;' data-image='    '><\/div><\/div>[vc_column_text]<\/p>\n<p style=\"text-align: right;\"><em>*Karte, auf der alle Maschinen der Europe Technologies Group weltweit abgebildet sind.<\/em><\/p>\n<p>[\/vc_column_text][\/vc_column][\/vc_row][\/vc_section][vc_section full_width=&#8220;stretch_row&#8220; el_id=&#8220;home-actualites&#8220;][vc_row expanded=&#8220;1&#8243; background_style=&#8220;cover&#8220;][vc_column][vc_column_text css=&#8220;.vc_custom_1665125387299{margin-bottom: 0px !important;padding-top: 30px !important;}&#8220; el_class=&#8220;row-light&#8220;]<\/p>\n<div id=\"section-2\" class=\"dt-section-head left vc_custom_1494416734337 size-custom\" dir=\"ltr\">\n<h2 class=\"dt-section-container\">Nachrichten &amp; Veranstaltungen<\/h2>\n<\/div>\n<p>[\/vc_column_text][vc_column_text el_class=&#8220;row-light&#8220;]<\/p>\n<h4>Hier finden Sie unsere neuesten Nachrichten, Termine f\u00fcr die Teilnahme an regionalen und internationalen Messen, Ver\u00f6ffentlichungen und Stellenangebote.<\/h4>\n<p>[\/vc_column_text][vc_basic_grid max_items=&#8220;3&#8243; gap=&#8220;25&#8243; item=&#8220;10939&#8243; css=&#8220;.vc_custom_1499331222730{margin-top: 30px !important;}&#8220; grid_id=&#8220;vc_gid:1760534297119-56624f03-55a9-1&#8243;][\/vc_column][\/vc_row][vc_row][vc_column css=&#8220;.vc_custom_1494837447140{margin-bottom: 40px !important;}&#8220;][vc_btn title=&#8220;Alle Nachrichten&#8220; style=&#8220;custom&#8220; custom_background=&#8220;#be1521&#8243; custom_text=&#8220;#ffffff&#8220; align=&#8220;right&#8220; link=&#8220;url:https%3A%2F%2Fsonimat.com%2Fde%2Fcategory%2Fnachrichtennachrichten%2F&#8220; el_class=&#8220;responsive-centered&#8220;][\/vc_column][\/vc_row][\/vc_section]<\/p>\n<\/div>","protected":false},"excerpt":{"rendered":"<p>[vc_row][vc_column][\/vc_column][\/vc_row][vc_row][vc_column][rev_slider_vc alias=&#8220;grade-de&#8220;][\/vc_column][\/vc_row][vc_section full_width=&#8220;stretch_row&#8220; el_id=&#8220;below-slider&#8220;][vc_row background_style=&#8220;repeat&#8220; css=&#8220;.vc_custom_1541496092881{margin-top: 60px !important;}&#8220;][vc_column][vc_row_inner css=&#8220;.vc_custom_1760534327592{margin-top: 30px !important;}&#8220;][vc_column_inner width=&#8220;3\/4&#8243;][vc_column_text css=&#8220;&#8220;] Die geschichte von Sonimat [\/vc_column_text][vc_column_text css_animation=&#8220;none&#8220; el_class=&#8220;introduction&#8220;] Seit mehr als 25\u00a0Jahren bietet Ihnen SONIMAT innovative industrielle L\u00f6sungen&hellip;<\/p>\n","protected":false},"author":1,"featured_media":0,"parent":0,"menu_order":0,"comment_status":"closed","ping_status":"closed","template":"","meta":{"_acf_changed":false,"footnotes":""},"class_list":["post-20734","page","type-page","status-publish","hentry"],"acf":[],"yoast_head":"<title>SONIMAT - Schwei\u00df- und Schneidl\u00f6sungen f\u00fcr die Industrie<\/title>\n<meta name=\"description\" content=\"SONIMAT bietet Ihnen industrielle L\u00f6sungen f\u00fcr das Schwei\u00dfen und Schneiden von Thermoplasten, Verbundwerkstoffen, Textilien, Verpackungen und Lebensmitteln.\" \/>\n<meta name=\"robots\" content=\"index, follow, max-snippet:-1, max-image-preview:large, max-video-preview:-1\" \/>\n<link rel=\"canonical\" href=\"https:\/\/sonimat.com\/de\/\" \/>\n<meta property=\"og:locale\" content=\"de_DE\" \/>\n<meta property=\"og:type\" content=\"article\" \/>\n<meta property=\"og:title\" content=\"SONIMAT - Schwei\u00df- und Schneidl\u00f6sungen f\u00fcr die Industrie\" \/>\n<meta property=\"og:description\" content=\"SONIMAT bietet Ihnen industrielle L\u00f6sungen f\u00fcr das Schwei\u00dfen und Schneiden von Thermoplasten, Verbundwerkstoffen, Textilien, Verpackungen und Lebensmitteln.\" \/>\n<meta property=\"og:url\" content=\"https:\/\/sonimat.com\/de\/\" \/>\n<meta property=\"og:site_name\" content=\"SONIMAT\" \/>\n<meta property=\"article:modified_time\" content=\"2025-10-15T13:18:50+00:00\" \/>\n<meta name=\"twitter:card\" content=\"summary_large_image\" \/>\n<meta name=\"twitter:site\" content=\"@EuropeTechno\" \/>\n<meta name=\"twitter:label1\" content=\"Gesch\u00e4tzte Lesezeit\" \/>\n\t<meta name=\"twitter:data1\" content=\"3\u00a0Minuten\" \/>\n<script type=\"application\/ld+json\" class=\"yoast-schema-graph\">{\"@context\":\"https:\\\/\\\/schema.org\",\"@graph\":[{\"@type\":\"WebPage\",\"@id\":\"https:\\\/\\\/sonimat.com\\\/de\\\/\",\"url\":\"https:\\\/\\\/sonimat.com\\\/de\\\/\",\"name\":\"SONIMAT - Schwei\u00df- und Schneidl\u00f6sungen f\u00fcr die Industrie\",\"isPartOf\":{\"@id\":\"https:\\\/\\\/sonimat.com\\\/#website\"},\"datePublished\":\"2016-08-04T06:50:52+00:00\",\"dateModified\":\"2025-10-15T13:18:50+00:00\",\"description\":\"SONIMAT bietet Ihnen industrielle L\u00f6sungen f\u00fcr das Schwei\u00dfen und Schneiden von Thermoplasten, Verbundwerkstoffen, Textilien, Verpackungen und Lebensmitteln.\",\"breadcrumb\":{\"@id\":\"https:\\\/\\\/sonimat.com\\\/de\\\/#breadcrumb\"},\"inLanguage\":\"de\",\"potentialAction\":[{\"@type\":\"ReadAction\",\"target\":[\"https:\\\/\\\/sonimat.com\\\/de\\\/\"]}]},{\"@type\":\"BreadcrumbList\",\"@id\":\"https:\\\/\\\/sonimat.com\\\/de\\\/#breadcrumb\",\"itemListElement\":[{\"@type\":\"ListItem\",\"position\":1,\"name\":\"Accueil\",\"item\":\"https:\\\/\\\/sonimat.com\\\/de\\\/\"},{\"@type\":\"ListItem\",\"position\":2,\"name\":\"Home 2\"}]},{\"@type\":\"WebSite\",\"@id\":\"https:\\\/\\\/sonimat.com\\\/#website\",\"url\":\"https:\\\/\\\/sonimat.com\\\/\",\"name\":\"SONIMAT\",\"description\":\"\",\"potentialAction\":[{\"@type\":\"SearchAction\",\"target\":{\"@type\":\"EntryPoint\",\"urlTemplate\":\"https:\\\/\\\/sonimat.com\\\/?s={search_term_string}\"},\"query-input\":{\"@type\":\"PropertyValueSpecification\",\"valueRequired\":true,\"valueName\":\"search_term_string\"}}],\"inLanguage\":\"de\"}]}<\/script>","yoast_head_json":{"title":"SONIMAT - Schwei\u00df- und Schneidl\u00f6sungen f\u00fcr die Industrie","description":"SONIMAT bietet Ihnen industrielle L\u00f6sungen f\u00fcr das Schwei\u00dfen und Schneiden von Thermoplasten, Verbundwerkstoffen, Textilien, Verpackungen und Lebensmitteln.","robots":{"index":"index","follow":"follow","max-snippet":"max-snippet:-1","max-image-preview":"max-image-preview:large","max-video-preview":"max-video-preview:-1"},"canonical":"https:\/\/sonimat.com\/de\/","og_locale":"de_DE","og_type":"article","og_title":"SONIMAT - Schwei\u00df- und Schneidl\u00f6sungen f\u00fcr die Industrie","og_description":"SONIMAT bietet Ihnen industrielle L\u00f6sungen f\u00fcr das Schwei\u00dfen und Schneiden von Thermoplasten, Verbundwerkstoffen, Textilien, Verpackungen und Lebensmitteln.","og_url":"https:\/\/sonimat.com\/de\/","og_site_name":"SONIMAT","article_modified_time":"2025-10-15T13:18:50+00:00","twitter_card":"summary_large_image","twitter_site":"@EuropeTechno","twitter_misc":{"Gesch\u00e4tzte Lesezeit":"3\u00a0Minuten"},"schema":{"@context":"https:\/\/schema.org","@graph":[{"@type":"WebPage","@id":"https:\/\/sonimat.com\/de\/","url":"https:\/\/sonimat.com\/de\/","name":"SONIMAT - Schwei\u00df- und Schneidl\u00f6sungen f\u00fcr die Industrie","isPartOf":{"@id":"https:\/\/sonimat.com\/#website"},"datePublished":"2016-08-04T06:50:52+00:00","dateModified":"2025-10-15T13:18:50+00:00","description":"SONIMAT bietet Ihnen industrielle L\u00f6sungen f\u00fcr das Schwei\u00dfen und Schneiden von Thermoplasten, Verbundwerkstoffen, Textilien, Verpackungen und Lebensmitteln.","breadcrumb":{"@id":"https:\/\/sonimat.com\/de\/#breadcrumb"},"inLanguage":"de","potentialAction":[{"@type":"ReadAction","target":["https:\/\/sonimat.com\/de\/"]}]},{"@type":"BreadcrumbList","@id":"https:\/\/sonimat.com\/de\/#breadcrumb","itemListElement":[{"@type":"ListItem","position":1,"name":"Accueil","item":"https:\/\/sonimat.com\/de\/"},{"@type":"ListItem","position":2,"name":"Home 2"}]},{"@type":"WebSite","@id":"https:\/\/sonimat.com\/#website","url":"https:\/\/sonimat.com\/","name":"SONIMAT","description":"","potentialAction":[{"@type":"SearchAction","target":{"@type":"EntryPoint","urlTemplate":"https:\/\/sonimat.com\/?s={search_term_string}"},"query-input":{"@type":"PropertyValueSpecification","valueRequired":true,"valueName":"search_term_string"}}],"inLanguage":"de"}]}},"_links":{"self":[{"href":"https:\/\/sonimat.com\/de\/wp-json\/wp\/v2\/pages\/20734","targetHints":{"allow":["GET"]}}],"collection":[{"href":"https:\/\/sonimat.com\/de\/wp-json\/wp\/v2\/pages"}],"about":[{"href":"https:\/\/sonimat.com\/de\/wp-json\/wp\/v2\/types\/page"}],"author":[{"embeddable":true,"href":"https:\/\/sonimat.com\/de\/wp-json\/wp\/v2\/users\/1"}],"replies":[{"embeddable":true,"href":"https:\/\/sonimat.com\/de\/wp-json\/wp\/v2\/comments?post=20734"}],"version-history":[{"count":9,"href":"https:\/\/sonimat.com\/de\/wp-json\/wp\/v2\/pages\/20734\/revisions"}],"predecessor-version":[{"id":31769,"href":"https:\/\/sonimat.com\/de\/wp-json\/wp\/v2\/pages\/20734\/revisions\/31769"}],"wp:attachment":[{"href":"https:\/\/sonimat.com\/de\/wp-json\/wp\/v2\/media?parent=20734"}],"curies":[{"name":"wp","href":"https:\/\/api.w.org\/{rel}","templated":true}]}}